{"id":17252,"date":"2014-11-28T14:04:39","date_gmt":"2014-11-28T14:04:39","guid":{"rendered":"https:\/\/www.urlaubcornwall.de\/blog\/?page_id=17252"},"modified":"2014-12-12T13:08:27","modified_gmt":"2014-12-12T13:08:27","slug":"kinderspielplaetze-in-cornwall","status":"publish","type":"page","link":"https:\/\/www.urlaubcornwall.de\/blog\/kinderspielplaetze-in-cornwall\/","title":{"rendered":"Kinderspielpl\u00e4tze in Cornwall"},"content":{"rendered":"<p><a href=\"https:\/\/www.urlaubcornwall.de\/blog\/wp-content\/uploads\/2014\/11\/DSC01031_1.jpg\"><img loading=\"lazy\" class=\"aligncenter size-full wp-image-17451\" src=\"https:\/\/www.urlaubcornwall.de\/blog\/wp-content\/uploads\/2014\/11\/DSC01031_1.jpg\" alt=\"Kinderspielpl\u00e4tze in Cornwall\" width=\"744\" height=\"436\" srcset=\"https:\/\/www.urlaubcornwall.de\/blog\/wp-content\/uploads\/2014\/11\/DSC01031_1.jpg 744w, https:\/\/www.urlaubcornwall.de\/blog\/wp-content\/uploads\/2014\/11\/DSC01031_1-300x175.jpg 300w\" sizes=\"(max-width: 744px) 100vw, 744px\" \/><\/a><\/p>\n<p>Cornwall verf\u00fcgt \u00fcber viele gro\u00dfartige Parkanlagen f\u00fcr Kinder jeden Alters \u2013 einige sind besonders gut zum f\u00fcr Skooter und R\u00e4der geeignet, andere zum Klettern und wieder andere haben gro\u00dfartige Caf\u00e9s. Wir haben f\u00fcr Sie und Ihre Familie f\u00fcnf der besten ausgesucht.<\/p>\n<p><strong>Polkyth Park, Carlyon Road, St Austell,\u00a0PL25 4LD<\/strong><strong><br \/>\n<\/strong>Dieser gro\u00dfartige Park mit zwei Spielfl\u00e4chen liegt gegen\u00fcber der B\u00fccherei in St Austell mit einer Spielfl\u00e4che f\u00fcr Kleinkinder und einer weiteren f\u00fcr die gr\u00f6\u00dferen Kinder. Es gibt einige sehr tolle gro\u00dfe H\u00f6rner, durch die man hinunterrufen kann und am anderen Ende des Spielplatzes geh\u00f6rt wird.<\/p>\n<p><strong><a href=\"https:\/\/www.urlaubcornwall.de\/blog\/heartlands-ist-die-groesste-attraktion-mit-freiem-eintritt-in-cornwall\/\"><span style=\"text-decoration: underline;\">Heartlands<\/span><\/a>, Pool, TR15 3QY <\/strong><br \/>\nEin gro\u00dfartiger Park mit jeder Menge Platz zum Herumrennen und einer guten Auswahl an Ger\u00e4ten f\u00fcr Kinder jeden Alters. Im Sommer ist es einfach klasse, im Bach herum zu waten. Man kann im Sand herum graben und ihn transportieren, klettern, und die riesige Reifenschaukel ist stets ein Hit, sowie die gro\u00dfe R\u00f6hrenrutsche.<\/p>\n<p><strong>West End Road, Marazion,\u00a0TR17 0EG (gegen\u00fcber von <a href=\"https:\/\/www.urlaubcornwall.de\/blog\/das-st-michaels-mount-die-ikonische-attraktion-in-westcornwall\/\"><span style=\"text-decoration: underline;\">St Michael&#8217;s Mount<\/span><\/a>)<\/strong><br \/>\nFahren Sie hinunter ins wundersch\u00f6ne Marazion, und Sie finden einen gro\u00dfartigen Park mit herrlichem Blick. Es gibt Schaukeln f\u00fcr Kleinkinder und Kletterger\u00e4te, sowie einen sch\u00f6nen gro\u00dfen Kletterrahmen mit Rutsche und ein Drahtseil, das jede Menge Spa\u00df bereitet.<\/p>\n<p><strong>Kimberley Park, Kimberley Park Road, Falmouth, TR11 2DD <\/strong><\/p>\n<p>Der wundersch\u00f6n restaurierte Kimberley Park im Zentrum von Falmouth verf\u00fcgt \u00fcber einen Sinnespfad, einen Mini-Weidenwald und jede Menge zum Klettern und Balancieren, Schaukeln und Rutschen. Au\u00dferdem gibt es dort den Riesenspargel und wundersch\u00f6ne Zierb\u00e4ume, so dass es insgesamt ein h\u00fcbsches Fleckchen ist.<\/p>\n<p><strong>West Beach Road, Porthtowan,\u00a0TR4 8GY (hinter den D\u00fcnen und dem Strand)\u00a0\u00a0<\/strong><br \/>\nein Lieblingsplatz f\u00fcr Familien, die den Strand lieben. Er hat neues Ger\u00e4t in der Form eines Piratenschiffes. Am Rande der D\u00fcnen gelegen, besteht der Untergrund des Parks aus Sand, und derzeit finden Sie dort all die \u00fcblichen Ger\u00e4te, die Sie an einem Spielplatz erwarten k\u00f6nnen.<\/p>\n<p>Falls Sie eine Urlaubsunterkunft in Cornwall suchen, so haben wir mehr als 300 pers\u00f6nlich inspizierte <a href=\"http:\/\/www.urlaubcornwall.de\/ferienhaeuser-fewos\/kinderfreundlich-cornwall.html\"><span style=\"text-decoration: underline;\"><strong>kinderfreundliche Ferienwohnungen &amp; Ferienh\u00e4user <\/strong><\/span><\/a>zur Auswahl. Oder lassen Sie uns doch von unserem pers\u00f6nlichen Service an Experten eine <a href=\"https:\/\/www.urlaubcornwall.de\/blog\/rundreise-durch-cornwall-and-suedenengland-2013\/\"><span style=\"text-decoration: underline;\"><strong>individuelle Rundreise<\/strong><\/span><\/a> f\u00fcr Ihre Familie zusammenstellen.<\/p>\n<p><strong>Weitere Informationen zu Urlaub mit Kindern finden Sie in unserem F\u00fchrer zu <a href=\"https:\/\/www.urlaubcornwall.de\/blog\/familienfreundliche-straende-cornwall-mit-kindern\/\"><span style=\"text-decoration: underline;\">den besten Familienstr\u00e4nden in Cornwall<\/span><\/a>.<\/strong><\/p>\n","protected":false},"excerpt":{"rendered":"<p>Cornwall verf\u00fcgt \u00fcber viele gro\u00dfartige Parkanlagen f\u00fcr Kinder jeden Alters \u2013 einige sind besonders gut zum f\u00fcr Skooter und R\u00e4der geeignet, andere zum Klettern und wieder andere haben gro\u00dfartige Caf\u00e9s. Wir haben f\u00fcr Sie und Ihre Familie f\u00fcnf der besten ausgesucht. Polkyth Park, Carlyon Road, St Austell,\u00a0PL25 4LD Dieser gro\u00dfartige Park mit zwei Spielfl\u00e4chen liegt [&hellip;]<\/p>\n","protected":false},"author":1,"featured_media":0,"parent":0,"menu_order":0,"comment_status":"closed","ping_status":"closed","template":"single-four.php","meta":[],"acf":[],"yoast_head":"<!-- This site is optimized with the Yoast SEO plugin v19.4 - https:\/\/yoast.com\/wordpress\/plugins\/seo\/ -->\n<title>Kinderspielpl\u00e4tze in Cornwall - Urlaub &amp; Reisen<\/title>\n<meta name=\"robots\" content=\"index, follow, max-snippet:-1, max-image-preview:large, max-video-preview:-1\" \/>\n<link rel=\"canonical\" href=\"https:\/\/www.urlaubcornwall.de\/blog\/kinderspielplaetze-in-cornwall\/\" \/>\n<meta property=\"og:locale\" content=\"en_US\" \/>\n<meta property=\"og:type\" content=\"article\" \/>\n<meta property=\"og:title\" content=\"Kinderspielpl\u00e4tze in Cornwall - Urlaub &amp; Reisen\" \/>\n<meta property=\"og:description\" content=\"Cornwall verf\u00fcgt \u00fcber viele gro\u00dfartige Parkanlagen f\u00fcr Kinder jeden Alters \u2013 einige sind besonders gut zum f\u00fcr Skooter und R\u00e4der geeignet, andere zum Klettern und wieder andere haben gro\u00dfartige Caf\u00e9s. Wir haben f\u00fcr Sie und Ihre Familie f\u00fcnf der besten ausgesucht. Polkyth Park, Carlyon Road, St Austell,\u00a0PL25 4LD Dieser gro\u00dfartige Park mit zwei Spielfl\u00e4chen liegt [&hellip;]\" \/>\n<meta property=\"og:url\" content=\"https:\/\/www.urlaubcornwall.de\/blog\/kinderspielplaetze-in-cornwall\/\" \/>\n<meta property=\"og:site_name\" content=\"Urlaub &amp; Reisen\" \/>\n<meta property=\"article:modified_time\" content=\"2014-12-12T13:08:27+00:00\" \/>\n<meta property=\"og:image\" content=\"https:\/\/www.urlaubcornwall.de\/blog\/wp-content\/uploads\/2014\/11\/DSC01031_1.jpg\" \/>\n<meta name=\"twitter:card\" content=\"summary\" \/>\n<meta name=\"twitter:label1\" content=\"Est. reading time\" \/>\n\t<meta name=\"twitter:data1\" content=\"2 minutes\" \/>\n<script type=\"application\/ld+json\" class=\"yoast-schema-graph\">{\"@context\":\"https:\/\/schema.org\",\"@graph\":[{\"@type\":\"WebSite\",\"@id\":\"https:\/\/www.urlaubcornwall.de\/blog\/#website\",\"url\":\"https:\/\/www.urlaubcornwall.de\/blog\/\",\"name\":\"Urlaub &amp; Reisen\",\"description\":\"Urlaub, Reisen, Cornwall und S\u00fcdengland: eine perfekte Kombination\",\"potentialAction\":[{\"@type\":\"SearchAction\",\"target\":{\"@type\":\"EntryPoint\",\"urlTemplate\":\"https:\/\/www.urlaubcornwall.de\/blog\/?s={search_term_string}\"},\"query-input\":\"required name=search_term_string\"}],\"inLanguage\":\"en-US\"},{\"@type\":\"WebPage\",\"@id\":\"https:\/\/www.urlaubcornwall.de\/blog\/kinderspielplaetze-in-cornwall\/\",\"url\":\"https:\/\/www.urlaubcornwall.de\/blog\/kinderspielplaetze-in-cornwall\/\",\"name\":\"Kinderspielpl\u00e4tze in Cornwall - Urlaub &amp; Reisen\",\"isPartOf\":{\"@id\":\"https:\/\/www.urlaubcornwall.de\/blog\/#website\"},\"datePublished\":\"2014-11-28T14:04:39+00:00\",\"dateModified\":\"2014-12-12T13:08:27+00:00\",\"breadcrumb\":{\"@id\":\"https:\/\/www.urlaubcornwall.de\/blog\/kinderspielplaetze-in-cornwall\/#breadcrumb\"},\"inLanguage\":\"en-US\",\"potentialAction\":[{\"@type\":\"ReadAction\",\"target\":[\"https:\/\/www.urlaubcornwall.de\/blog\/kinderspielplaetze-in-cornwall\/\"]}]},{\"@type\":\"BreadcrumbList\",\"@id\":\"https:\/\/www.urlaubcornwall.de\/blog\/kinderspielplaetze-in-cornwall\/#breadcrumb\",\"itemListElement\":[{\"@type\":\"ListItem\",\"position\":1,\"name\":\"Home\",\"item\":\"https:\/\/www.urlaubcornwall.de\/blog\/\"},{\"@type\":\"ListItem\",\"position\":2,\"name\":\"Kinderspielpl\u00e4tze in Cornwall\"}]}]}<\/script>\n<!-- \/ Yoast SEO plugin. -->","yoast_head_json":{"title":"Kinderspielpl\u00e4tze in Cornwall - Urlaub &amp; Reisen","robots":{"index":"index","follow":"follow","max-snippet":"max-snippet:-1","max-image-preview":"max-image-preview:large","max-video-preview":"max-video-preview:-1"},"canonical":"https:\/\/www.urlaubcornwall.de\/blog\/kinderspielplaetze-in-cornwall\/","og_locale":"en_US","og_type":"article","og_title":"Kinderspielpl\u00e4tze in Cornwall - Urlaub &amp; Reisen","og_description":"Cornwall verf\u00fcgt \u00fcber viele gro\u00dfartige Parkanlagen f\u00fcr Kinder jeden Alters \u2013 einige sind besonders gut zum f\u00fcr Skooter und R\u00e4der geeignet, andere zum Klettern und wieder andere haben gro\u00dfartige Caf\u00e9s. Wir haben f\u00fcr Sie und Ihre Familie f\u00fcnf der besten ausgesucht. Polkyth Park, Carlyon Road, St Austell,\u00a0PL25 4LD Dieser gro\u00dfartige Park mit zwei Spielfl\u00e4chen liegt [&hellip;]","og_url":"https:\/\/www.urlaubcornwall.de\/blog\/kinderspielplaetze-in-cornwall\/","og_site_name":"Urlaub &amp; Reisen","article_modified_time":"2014-12-12T13:08:27+00:00","og_image":[{"url":"https:\/\/www.urlaubcornwall.de\/blog\/wp-content\/uploads\/2014\/11\/DSC01031_1.jpg"}],"twitter_card":"summary","twitter_misc":{"Est. reading time":"2 minutes"},"schema":{"@context":"https:\/\/schema.org","@graph":[{"@type":"WebSite","@id":"https:\/\/www.urlaubcornwall.de\/blog\/#website","url":"https:\/\/www.urlaubcornwall.de\/blog\/","name":"Urlaub &amp; Reisen","description":"Urlaub, Reisen, Cornwall und S\u00fcdengland: eine perfekte Kombination","potentialAction":[{"@type":"SearchAction","target":{"@type":"EntryPoint","urlTemplate":"https:\/\/www.urlaubcornwall.de\/blog\/?s={search_term_string}"},"query-input":"required name=search_term_string"}],"inLanguage":"en-US"},{"@type":"WebPage","@id":"https:\/\/www.urlaubcornwall.de\/blog\/kinderspielplaetze-in-cornwall\/","url":"https:\/\/www.urlaubcornwall.de\/blog\/kinderspielplaetze-in-cornwall\/","name":"Kinderspielpl\u00e4tze in Cornwall - Urlaub &amp; Reisen","isPartOf":{"@id":"https:\/\/www.urlaubcornwall.de\/blog\/#website"},"datePublished":"2014-11-28T14:04:39+00:00","dateModified":"2014-12-12T13:08:27+00:00","breadcrumb":{"@id":"https:\/\/www.urlaubcornwall.de\/blog\/kinderspielplaetze-in-cornwall\/#breadcrumb"},"inLanguage":"en-US","potentialAction":[{"@type":"ReadAction","target":["https:\/\/www.urlaubcornwall.de\/blog\/kinderspielplaetze-in-cornwall\/"]}]},{"@type":"BreadcrumbList","@id":"https:\/\/www.urlaubcornwall.de\/blog\/kinderspielplaetze-in-cornwall\/#breadcrumb","itemListElement":[{"@type":"ListItem","position":1,"name":"Home","item":"https:\/\/www.urlaubcornwall.de\/blog\/"},{"@type":"ListItem","position":2,"name":"Kinderspielpl\u00e4tze in Cornwall"}]}]}},"_links":{"self":[{"href":"https:\/\/www.urlaubcornwall.de\/blog\/wp-json\/wp\/v2\/pages\/17252"}],"collection":[{"href":"https:\/\/www.urlaubcornwall.de\/blog\/wp-json\/wp\/v2\/pages"}],"about":[{"href":"https:\/\/www.urlaubcornwall.de\/blog\/wp-json\/wp\/v2\/types\/page"}],"author":[{"embeddable":true,"href":"https:\/\/www.urlaubcornwall.de\/blog\/wp-json\/wp\/v2\/users\/1"}],"replies":[{"embeddable":true,"href":"https:\/\/www.urlaubcornwall.de\/blog\/wp-json\/wp\/v2\/comments?post=17252"}],"version-history":[{"count":3,"href":"https:\/\/www.urlaubcornwall.de\/blog\/wp-json\/wp\/v2\/pages\/17252\/revisions"}],"predecessor-version":[{"id":17453,"href":"https:\/\/www.urlaubcornwall.de\/blog\/wp-json\/wp\/v2\/pages\/17252\/revisions\/17453"}],"wp:attachment":[{"href":"https:\/\/www.urlaubcornwall.de\/blog\/wp-json\/wp\/v2\/media?parent=17252"}],"curies":[{"name":"wp","href":"https:\/\/api.w.org\/{rel}","templated":true}]}}