{"id":17220,"date":"2014-11-24T12:01:34","date_gmt":"2014-11-24T12:01:34","guid":{"rendered":"https:\/\/www.urlaubcornwall.de\/blog\/?page_id=17220"},"modified":"2024-02-27T17:16:14","modified_gmt":"2024-02-27T17:16:14","slug":"sommerurlaub-in-ost-und-west-sussex","status":"publish","type":"page","link":"https:\/\/www.urlaubcornwall.de\/blog\/sommerurlaub-in-ost-und-west-sussex\/","title":{"rendered":"Sommerurlaub in Ost- und West Sussex"},"content":{"rendered":"<p><img loading=\"lazy\" class=\"aligncenter size-full wp-image-41220\" src=\"https:\/\/www.urlaubcornwall.de\/blog\/wp-content\/uploads\/2020\/11\/bosham_hafen_sussex.jpg\" alt=\"bosham_hafen_sussex\" width=\"748\" height=\"499\" srcset=\"https:\/\/www.urlaubcornwall.de\/blog\/wp-content\/uploads\/2020\/11\/bosham_hafen_sussex.jpg 748w, https:\/\/www.urlaubcornwall.de\/blog\/wp-content\/uploads\/2020\/11\/bosham_hafen_sussex-300x200.jpg 300w\" sizes=\"(max-width: 748px) 100vw, 748px\" \/><\/p>\n<p style=\"text-align: left;\">Leicht ist die Anziehungskraft der K\u00fcste und des Flachlandes von Sussex zu erkennen. Das Meer begrenzt die Landschaft, liefert ein Urlaubsziel und den stimulierenden Geruch des Salzes in der Luft. Zu Zeiten K\u00f6nigin Victorias vermittelten die <a title=\"Wandern Sussex Downs\" href=\"https:\/\/www.urlaubcornwall.de\/blog\/2014\/03\/wandern-in-sussex-south-downs\/\"><span style=\"text-decoration: underline;\"><strong>South Downs <\/strong><\/span><\/a>Reisenden von London den Eindruck, in einem helleren Land und einer klareren Umgebung angekommen zu sein. Zwischen dem H\u00fcgel und dem Meer liegt <strong><a href=\"https:\/\/www.urlaubcornwall.de\/blog\/ferienhaeuser-und-ferienwohnungen-brighton-und-hove\/\"><span style=\"text-decoration: underline;\">Brighton<\/span><\/a>;<\/strong> gro\u00df, gesch\u00e4ftig und bunt.<\/p>\n<p style=\"text-align: left;\">Das <a href=\"https:\/\/www.urlaubcornwall.de\/blog\/2014\/07\/kent-wetter-und-klima\/\"><span style=\"text-decoration: underline;\"><strong>Wetter und Klima in Sussex<\/strong><\/span><\/a> w\u00e4hrend der Monate Juni, Juli und August bietet einen w\u00e4rmeren, trockeneren Sommer als in Westengland und die M\u00f6glichkeit, die K\u00fcste und ihre vielen h\u00fcbschen D\u00f6rfer und <a href=\"https:\/\/www.urlaubcornwall.de\/blog\/2014\/03\/ferienhaeuser-in-unseren-beliebtesten-staedten-an-der-kueste-von-sussex\/\"><span style=\"text-decoration: underline;\"><strong>K\u00fcstenurlaubsorte <\/strong><\/span><\/a>zu erkunden.<\/p>\n<p style=\"text-align: left;\">Im Osten Brightons befindet sich ein Gebiet der South Downs mit hohen Gr\u00e4sern, durchbrochen vom Cuckmere Tal. <a href=\"https:\/\/www.urlaubcornwall.de\/blog\/ferienhaeuser-und-ferienwohnungen-in-eastbourne\/\"><span style=\"text-decoration: underline;\"><strong>Eastbourne<\/strong> <\/span><\/a>ist der stilvolle victorianische Urlaubsort am Meer mit den gro\u00dfartigen Kalkklippen von Beachy Head und Seven Sisters, die \u00fcber dem englischen Kanal sozusagen Wache halten.<\/p>\n<p style=\"text-align: left;\">Zum Westen hin ist die Landschaft um <a href=\"https:\/\/www.urlaubcornwall.de\/blog\/ferienhaeuser-und-ferienwohnungen-in-chichester-west-sussex\/\"><span style=\"text-decoration: underline;\"><strong>Chichester<\/strong><\/span><\/a> herum vielf\u00e4ltig und interessant, durchzogen von sich dahin schl\u00e4ngelnden Fl\u00fcssen. In der Landschaft befinden sich das Flachland und die W\u00e4lder, sowie die D\u00f6rfer des Weald.<\/p>\n<h1 style=\"text-align: center;\"><strong>Bei uns finden Sie Ferienh\u00e4user in Sussex zum Verlieben \u2013 so einfach ist das!<\/strong><\/h1>\n<p style=\"text-align: center;\">UrlaubCornwall.de hat eine einzigartige Sammlung pers\u00f6nlich inspizierter Ferienh\u00e4user und Ferienwohnungen in Sussex,&nbsp;f\u00fcr Ihren Urlaub in <a href=\"https:\/\/www.urlaubcornwall.de\/ferienhaueser\/suedengland.php\">S\u00fcdengland<\/a> und nun auch im gesamten Gro\u00dfbritannien.<\/p>\n<p style=\"text-align: center;\"><a class=\"tidycta\" href=\"https:\/\/www.urlaubcornwall.de\/ferienhaeuser\/sussex.php\">Suche Ferienh\u00e4user Sussex<\/a><\/p>\n<p style=\"text-align: center;\"><img loading=\"lazy\" class=\"aligncenter size-full wp-image-24644\" src=\"https:\/\/www.urlaubcornwall.de\/blog\/wp-content\/uploads\/2016\/06\/urlaub-und-sudengland_logo-final.jpg\" alt=\"\" width=\"744\" height=\"380\"\/><\/p>\n\n<h2 style=\"text-align: center;\">Unser Rundreisenservice<\/h2>\n<p style=\"text-align: center;\"><a href=\"http:\/\/www.urlaubcornwall.de\/\">UrlaubCornwall.de<\/a> ist ein in Cornwall ans\u00e4ssiges Unternehmen k\u00f6nnen wir uns mit 20 Jahren Erfahrung in der Organisation von Rundreisen durch S\u00fcdwest und S\u00fcdengland r\u00fchmen.<\/p>\n<p style=\"text-align: center;\"><a class=\"tidycta\" href=\"https:\/\/www.urlaubcornwall.de\/anfrage.php\">Rundreise in Sussex Anfrage &gt;&gt;<\/a><\/p>\n","protected":false},"excerpt":{"rendered":"<p>Leicht ist die Anziehungskraft der K\u00fcste und des Flachlandes von Sussex zu erkennen. Das Meer begrenzt die Landschaft, liefert ein Urlaubsziel und den stimulierenden Geruch des Salzes in der Luft. Zu Zeiten K\u00f6nigin Victorias vermittelten die South Downs Reisenden von London den Eindruck, in einem helleren Land und einer klareren Umgebung angekommen zu sein. Zwischen [&hellip;]<\/p>\n","protected":false},"author":1,"featured_media":0,"parent":0,"menu_order":0,"comment_status":"closed","ping_status":"closed","template":"single-four.php","meta":[],"acf":[],"yoast_head":"<!-- This site is optimized with the Yoast SEO plugin v19.4 - https:\/\/yoast.com\/wordpress\/plugins\/seo\/ -->\n<title>Sommerurlaub in Ost- und West Sussex - Urlaub &amp; Reisen<\/title>\n<meta name=\"robots\" content=\"index, follow, max-snippet:-1, max-image-preview:large, max-video-preview:-1\" \/>\n<link rel=\"canonical\" href=\"https:\/\/www.urlaubcornwall.de\/blog\/sommerurlaub-in-ost-und-west-sussex\/\" \/>\n<meta property=\"og:locale\" content=\"en_US\" \/>\n<meta property=\"og:type\" content=\"article\" \/>\n<meta property=\"og:title\" content=\"Sommerurlaub in Ost- und West Sussex - Urlaub &amp; Reisen\" \/>\n<meta property=\"og:description\" content=\"Leicht ist die Anziehungskraft der K\u00fcste und des Flachlandes von Sussex zu erkennen. Das Meer begrenzt die Landschaft, liefert ein Urlaubsziel und den stimulierenden Geruch des Salzes in der Luft. Zu Zeiten K\u00f6nigin Victorias vermittelten die South Downs Reisenden von London den Eindruck, in einem helleren Land und einer klareren Umgebung angekommen zu sein. Zwischen [&hellip;]\" \/>\n<meta property=\"og:url\" content=\"https:\/\/www.urlaubcornwall.de\/blog\/sommerurlaub-in-ost-und-west-sussex\/\" \/>\n<meta property=\"og:site_name\" content=\"Urlaub &amp; Reisen\" \/>\n<meta property=\"article:modified_time\" content=\"2024-02-27T17:16:14+00:00\" \/>\n<meta property=\"og:image\" content=\"https:\/\/www.urlaubcornwall.de\/blog\/wp-content\/uploads\/2020\/11\/bosham_hafen_sussex.jpg\" \/>\n<meta name=\"twitter:card\" content=\"summary\" \/>\n<meta name=\"twitter:label1\" content=\"Est. reading time\" \/>\n\t<meta name=\"twitter:data1\" content=\"2 minutes\" \/>\n<script type=\"application\/ld+json\" class=\"yoast-schema-graph\">{\"@context\":\"https:\/\/schema.org\",\"@graph\":[{\"@type\":\"WebSite\",\"@id\":\"https:\/\/www.urlaubcornwall.de\/blog\/#website\",\"url\":\"https:\/\/www.urlaubcornwall.de\/blog\/\",\"name\":\"Urlaub &amp; Reisen\",\"description\":\"Urlaub, Reisen, Cornwall und S\u00fcdengland: eine perfekte Kombination\",\"potentialAction\":[{\"@type\":\"SearchAction\",\"target\":{\"@type\":\"EntryPoint\",\"urlTemplate\":\"https:\/\/www.urlaubcornwall.de\/blog\/?s={search_term_string}\"},\"query-input\":\"required name=search_term_string\"}],\"inLanguage\":\"en-US\"},{\"@type\":\"WebPage\",\"@id\":\"https:\/\/www.urlaubcornwall.de\/blog\/sommerurlaub-in-ost-und-west-sussex\/\",\"url\":\"https:\/\/www.urlaubcornwall.de\/blog\/sommerurlaub-in-ost-und-west-sussex\/\",\"name\":\"Sommerurlaub in Ost- und West Sussex - Urlaub &amp; Reisen\",\"isPartOf\":{\"@id\":\"https:\/\/www.urlaubcornwall.de\/blog\/#website\"},\"datePublished\":\"2014-11-24T12:01:34+00:00\",\"dateModified\":\"2024-02-27T17:16:14+00:00\",\"breadcrumb\":{\"@id\":\"https:\/\/www.urlaubcornwall.de\/blog\/sommerurlaub-in-ost-und-west-sussex\/#breadcrumb\"},\"inLanguage\":\"en-US\",\"potentialAction\":[{\"@type\":\"ReadAction\",\"target\":[\"https:\/\/www.urlaubcornwall.de\/blog\/sommerurlaub-in-ost-und-west-sussex\/\"]}]},{\"@type\":\"BreadcrumbList\",\"@id\":\"https:\/\/www.urlaubcornwall.de\/blog\/sommerurlaub-in-ost-und-west-sussex\/#breadcrumb\",\"itemListElement\":[{\"@type\":\"ListItem\",\"position\":1,\"name\":\"Home\",\"item\":\"https:\/\/www.urlaubcornwall.de\/blog\/\"},{\"@type\":\"ListItem\",\"position\":2,\"name\":\"Sommerurlaub in Ost- und West Sussex\"}]}]}<\/script>\n<!-- \/ Yoast SEO plugin. -->","yoast_head_json":{"title":"Sommerurlaub in Ost- und West Sussex - Urlaub &amp; Reisen","robots":{"index":"index","follow":"follow","max-snippet":"max-snippet:-1","max-image-preview":"max-image-preview:large","max-video-preview":"max-video-preview:-1"},"canonical":"https:\/\/www.urlaubcornwall.de\/blog\/sommerurlaub-in-ost-und-west-sussex\/","og_locale":"en_US","og_type":"article","og_title":"Sommerurlaub in Ost- und West Sussex - Urlaub &amp; Reisen","og_description":"Leicht ist die Anziehungskraft der K\u00fcste und des Flachlandes von Sussex zu erkennen. Das Meer begrenzt die Landschaft, liefert ein Urlaubsziel und den stimulierenden Geruch des Salzes in der Luft. Zu Zeiten K\u00f6nigin Victorias vermittelten die South Downs Reisenden von London den Eindruck, in einem helleren Land und einer klareren Umgebung angekommen zu sein. Zwischen [&hellip;]","og_url":"https:\/\/www.urlaubcornwall.de\/blog\/sommerurlaub-in-ost-und-west-sussex\/","og_site_name":"Urlaub &amp; Reisen","article_modified_time":"2024-02-27T17:16:14+00:00","og_image":[{"url":"https:\/\/www.urlaubcornwall.de\/blog\/wp-content\/uploads\/2020\/11\/bosham_hafen_sussex.jpg"}],"twitter_card":"summary","twitter_misc":{"Est. reading time":"2 minutes"},"schema":{"@context":"https:\/\/schema.org","@graph":[{"@type":"WebSite","@id":"https:\/\/www.urlaubcornwall.de\/blog\/#website","url":"https:\/\/www.urlaubcornwall.de\/blog\/","name":"Urlaub &amp; Reisen","description":"Urlaub, Reisen, Cornwall und S\u00fcdengland: eine perfekte Kombination","potentialAction":[{"@type":"SearchAction","target":{"@type":"EntryPoint","urlTemplate":"https:\/\/www.urlaubcornwall.de\/blog\/?s={search_term_string}"},"query-input":"required name=search_term_string"}],"inLanguage":"en-US"},{"@type":"WebPage","@id":"https:\/\/www.urlaubcornwall.de\/blog\/sommerurlaub-in-ost-und-west-sussex\/","url":"https:\/\/www.urlaubcornwall.de\/blog\/sommerurlaub-in-ost-und-west-sussex\/","name":"Sommerurlaub in Ost- und West Sussex - Urlaub &amp; Reisen","isPartOf":{"@id":"https:\/\/www.urlaubcornwall.de\/blog\/#website"},"datePublished":"2014-11-24T12:01:34+00:00","dateModified":"2024-02-27T17:16:14+00:00","breadcrumb":{"@id":"https:\/\/www.urlaubcornwall.de\/blog\/sommerurlaub-in-ost-und-west-sussex\/#breadcrumb"},"inLanguage":"en-US","potentialAction":[{"@type":"ReadAction","target":["https:\/\/www.urlaubcornwall.de\/blog\/sommerurlaub-in-ost-und-west-sussex\/"]}]},{"@type":"BreadcrumbList","@id":"https:\/\/www.urlaubcornwall.de\/blog\/sommerurlaub-in-ost-und-west-sussex\/#breadcrumb","itemListElement":[{"@type":"ListItem","position":1,"name":"Home","item":"https:\/\/www.urlaubcornwall.de\/blog\/"},{"@type":"ListItem","position":2,"name":"Sommerurlaub in Ost- und West Sussex"}]}]}},"_links":{"self":[{"href":"https:\/\/www.urlaubcornwall.de\/blog\/wp-json\/wp\/v2\/pages\/17220"}],"collection":[{"href":"https:\/\/www.urlaubcornwall.de\/blog\/wp-json\/wp\/v2\/pages"}],"about":[{"href":"https:\/\/www.urlaubcornwall.de\/blog\/wp-json\/wp\/v2\/types\/page"}],"author":[{"embeddable":true,"href":"https:\/\/www.urlaubcornwall.de\/blog\/wp-json\/wp\/v2\/users\/1"}],"replies":[{"embeddable":true,"href":"https:\/\/www.urlaubcornwall.de\/blog\/wp-json\/wp\/v2\/comments?post=17220"}],"version-history":[{"count":6,"href":"https:\/\/www.urlaubcornwall.de\/blog\/wp-json\/wp\/v2\/pages\/17220\/revisions"}],"predecessor-version":[{"id":47654,"href":"https:\/\/www.urlaubcornwall.de\/blog\/wp-json\/wp\/v2\/pages\/17220\/revisions\/47654"}],"wp:attachment":[{"href":"https:\/\/www.urlaubcornwall.de\/blog\/wp-json\/wp\/v2\/media?parent=17220"}],"curies":[{"name":"wp","href":"https:\/\/api.w.org\/{rel}","templated":true}]}}