{"id":17214,"date":"2014-11-24T11:50:29","date_gmt":"2014-11-24T11:50:29","guid":{"rendered":"https:\/\/www.urlaubcornwall.de\/blog\/?page_id=17214"},"modified":"2026-01-06T14:05:27","modified_gmt":"2026-01-06T14:05:27","slug":"beste-reisezeit-fuer-cornwall","status":"publish","type":"page","link":"https:\/\/www.urlaubcornwall.de\/blog\/beste-reisezeit-fuer-cornwall\/","title":{"rendered":"Beste Reisezeit f\u00fcr Cornwall"},"content":{"rendered":"<p><a href=\"http:\/\/www.urlaubcornwall.de\/reiseziel\/cornwall.php\">Cornwall<\/a> ist eine von Englands beliebten Reisezielen f\u00fcr Sommerurlaube. Doch das milde Klima erlaubt eine wesentlich l\u00e4ngere Urlaubssaison. Wetter und Klima in S\u00fcdwestengland sind stark beeinflusst vom Golfstrom, und obwohl es feuchter ist als im Osten des Vereinigten K\u00f6nigreichs, so gibt es doch mehr als 300 zus\u00e4tzliche Sonnenstunden.<\/p>\n<p style=\"text-align: center;\">\n\t\t<strong><br \/>\n\t\t\t<a href=\"#fr\u00fchling\" title=\"Fr\u00fchling\">Fr\u00fchling<\/a> |<br \/>\n\t\t\t<a href=\"#sommer\" title=\"Sommer\">Sommer<\/a> |<br \/>\n\t\t\t<a href=\"#herbst\" title=\"Herbst\">Herbst<\/a> |<br \/>\n\t\t\t<a href=\"#winter\" title=\"Winter\">Winter<\/a><br \/>\n\t\t<\/strong>\n\t<\/p>\n<p><img loading=\"lazy\" class=\"aligncenter size-full wp-image-24875\" src=\"https:\/\/www.urlaubcornwall.de\/blog\/wp-content\/uploads\/2016\/08\/Beste-Reisezeit-f\u00fcr-Cornwall.jpg\" alt=\"Beste Reisezeit f\u00fcr Cornwall \" width=\"749\" height=\"390\"\/><\/p>\n<h2 id=\"fr\u00fchling\">Fr\u00fchling in Cornwall<\/h2>\n<p>Die Monate M\u00e4rz, April und Mai sind die Jahreszeit f\u00fcr <a href=\"https:\/\/www.urlaubcornwall.de\/gartenreise.php\">Gartenreisen<\/a> in Cornwall. Fr\u00fchling h\u00e4lt in Cornwall fr\u00fcher Einzug als irgendwo sonst. Seine <a href=\"https:\/\/www.urlaubcornwall.de\/blog\/cornwalls-versteckt-gelegene-gaerten\/\">ber\u00fchmten G\u00e4rten<\/a> erstrahlen in den herrlichen Farben der Kamelien und Rhododendren.<\/p>\n<p><a href=\"https:\/\/www.urlaubcornwall.de\/blog\/wp-content\/uploads\/2014\/11\/Tresco_Island-Staying_Traditional_960x543_3.jpg\"><img loading=\"lazy\" class=\"aligncenter size-full wp-image-17621\" src=\"https:\/\/www.urlaubcornwall.de\/blog\/wp-content\/uploads\/2014\/11\/Tresco_Island-Staying_Traditional_960x543_3.jpg\" alt=\"Tresco_Island-Staying_Traditional_960x543_3\" width=\"749\" height=\"352\"\/><\/a><\/p>\n<h2 id=\"sommer\">Sommer in Cornwall<\/h2>\n<p>Genie\u00dfen Sie kilometerlange goldene Sandstr\u00e4nde, erwandern Sie den ber\u00fchmten <a title=\"Wandern in Cornwall\" href=\"http:\/\/www.urlaubcornwall.de\/wanderurlaub-in-cornwall.php\">S\u00fcdwestk\u00fcstenpfad<\/a> oder erkunden Sie die urigen Fischerh\u00e4fen und St\u00e4dte. Cornwalls lange K\u00fcste ist einfach ein Muss f\u00fcr alle, die gerne surfen, kayaken oder Bootsfahrten unternehmen. Familien kommen, um sich mit dem Paddelbrett zu vergn\u00fcgen und zu segeln, und es gibt <a href=\"http:\/\/www.urlaubcornwall.de\/surfen-cornwall.php\">viele gro\u00dfartige Orte, um dies zu erlernen.<\/a><\/p>\n<p><img loading=\"lazy\" class=\"aligncenter size-full wp-image-24870\" src=\"https:\/\/www.urlaubcornwall.de\/blog\/wp-content\/uploads\/2016\/08\/cornwall-herbst.jpg\" alt=\"cornwall herbst\" width=\"749\" height=\"363\"\/><\/p>\n<h2 id=\"herbst\">Herbst in Cornwall<\/h2>\n<p>Die warmen Sommertemperaturen halten sich in Cornwall ein bisschen l\u00e4nger. September und Oktober sind die Monate, die bei denjenigen beliebt sind, die ohne Kinder reisen; eine Chance, historische H\u00e4user, G\u00e4rten und Attraktionen zu erkunden.<\/p>\n<p><a href=\"https:\/\/www.urlaubcornwall.de\/blog\/wp-content\/uploads\/2014\/11\/cornwall-unwetter.jpg\"><img loading=\"lazy\" class=\"aligncenter size-full wp-image-17622\" src=\"https:\/\/www.urlaubcornwall.de\/blog\/wp-content\/uploads\/2014\/11\/cornwall-unwetter.jpg\" alt=\"cornwall unwetter\" width=\"750\" height=\"352\" srcset=\"https:\/\/www.urlaubcornwall.de\/blog\/wp-content\/uploads\/2014\/11\/cornwall-unwetter.jpg 752w, https:\/\/www.urlaubcornwall.de\/blog\/wp-content\/uploads\/2014\/11\/cornwall-unwetter-300x140.jpg 300w\" sizes=\"(max-width: 750px) 100vw, 750px\" \/><\/a><\/p>\n<h2 id=\"winter\">Winter in Cornwall<\/h2>\n<p>Winter in Cornwall gibt es selten Frost und Schnee, so dass Urlaub im November, Dezember, Januar oder Februar die Chance ist, den Massen aus dem Weg zu gehen und <a href=\"https:\/\/www.urlaubcornwall.de\/blog\/sonderangebote-und-last-minute-angebote\/\">Vorteile von Sonderangeboten und Preisnachl\u00e4ssen<\/a> zu genie\u00dfen. Im Kontrast zu den Sandstr\u00e4nden im Sommer k\u00f6nnen Sie St\u00fcrme beobachten und dabei sehen, wie die Wellen des Atlantiks an die zerkl\u00fcftete Nordk\u00fcste schlagen.<\/p>\n<div class=\"snippet\"> <a class=\"featured-item\" href=\"https:\/\/www.urlaubcornwall.de\/ferienhaeuser\/cornwall.php\"> <span class=\"image-holder\" style=\"background-image: url('https:\/\/www.urlaubcornwall.de\/blog\/wp-content\/uploads\/2018\/12\/ferienhaus-cornwall-mit-hund.jpg');\"><\/span> <span class=\"featured-content\"> \n<h2 class=\"featured-title\">Ferienh\u00e4user in Cornwall<\/h2>\n<p class=\"featured-body\">Cornwall besitzt mehr K\u00fcstenlinien als jede andere Grafschaft und bietet einige der besten Str\u00e4nde, K\u00fcstenwanderwege und Klippenlandschaften, die man \u00fcberhaupt finden kann&#8230; <\/p><\/span> <span class=\"featured-link-holder\"> <span class=\"featured-extra-info\"> \n<p>F\u00fcr Paare, Familien &#038; Gruppen<\/p>\n<\/span> \n<p class=\"featured-link\">DETAILS<\/p>\n<\/span> <\/a><\/div>\n<p style=\"text-align: center;\">Wir bieten eine fantastische Auswahl an Rundreisen mit den beliebtesten Attraktionen und St\u00e4dten in <a href=\"http:\/\/www.urlaubcornwall.de\/reiseziel\/cornwall.php\">Cornwall<\/a>, <a href=\"https:\/\/www.urlaubcornwall.de\/blog\/rundreisen-england-wales\/\">England<\/a>, <a href=\"https:\/\/www.urlaubcornwall.de\/blog\/rundreisen-schottland\/\">Schottland,<\/a> <a href=\"https:\/\/www.urlaubcornwall.de\/blog\/rundreisen-england-wales\/\">Wales<\/a> und <a href=\"https:\/\/www.urlaubcornwall.de\/blog\/rundreisen-irland\/\">Irland.<\/a><\/p>\n","protected":false},"excerpt":{"rendered":"<p>Cornwall ist eine von Englands beliebten Reisezielen f\u00fcr Sommerurlaube. Doch das milde Klima erlaubt eine wesentlich l\u00e4ngere Urlaubssaison. Wetter und Klima in S\u00fcdwestengland sind stark beeinflusst vom Golfstrom, und obwohl es feuchter ist als im Osten des Vereinigten K\u00f6nigreichs, so gibt es doch mehr als 300 zus\u00e4tzliche Sonnenstunden. Fr\u00fchling | Sommer | Herbst | Winter [&hellip;]<\/p>\n","protected":false},"author":1,"featured_media":0,"parent":0,"menu_order":0,"comment_status":"closed","ping_status":"closed","template":"single-four.php","meta":[],"acf":[],"yoast_head":"<!-- This site is optimized with the Yoast SEO plugin v19.4 - https:\/\/yoast.com\/wordpress\/plugins\/seo\/ -->\n<title>Beste Reisezeit f\u00fcr Cornwall - Urlaub &amp; Reisen<\/title>\n<meta name=\"robots\" content=\"index, follow, max-snippet:-1, max-image-preview:large, max-video-preview:-1\" \/>\n<link rel=\"canonical\" href=\"https:\/\/www.urlaubcornwall.de\/blog\/beste-reisezeit-fuer-cornwall\/\" \/>\n<meta property=\"og:locale\" content=\"en_US\" \/>\n<meta property=\"og:type\" content=\"article\" \/>\n<meta property=\"og:title\" content=\"Beste Reisezeit f\u00fcr Cornwall - Urlaub &amp; Reisen\" \/>\n<meta property=\"og:description\" content=\"Cornwall ist eine von Englands beliebten Reisezielen f\u00fcr Sommerurlaube. Doch das milde Klima erlaubt eine wesentlich l\u00e4ngere Urlaubssaison. Wetter und Klima in S\u00fcdwestengland sind stark beeinflusst vom Golfstrom, und obwohl es feuchter ist als im Osten des Vereinigten K\u00f6nigreichs, so gibt es doch mehr als 300 zus\u00e4tzliche Sonnenstunden. Fr\u00fchling | Sommer | Herbst | Winter [&hellip;]\" \/>\n<meta property=\"og:url\" content=\"https:\/\/www.urlaubcornwall.de\/blog\/beste-reisezeit-fuer-cornwall\/\" \/>\n<meta property=\"og:site_name\" content=\"Urlaub &amp; Reisen\" \/>\n<meta property=\"article:modified_time\" content=\"2026-01-06T14:05:27+00:00\" \/>\n<meta property=\"og:image\" content=\"https:\/\/www.urlaubcornwall.de\/blog\/wp-content\/uploads\/2014\/11\/Tresco_Island-Staying_Traditional_960x543_3.jpg\" \/>\n<meta name=\"twitter:card\" content=\"summary\" \/>\n<meta name=\"twitter:label1\" content=\"Est. reading time\" \/>\n\t<meta name=\"twitter:data1\" content=\"3 minutes\" \/>\n<script type=\"application\/ld+json\" class=\"yoast-schema-graph\">{\"@context\":\"https:\/\/schema.org\",\"@graph\":[{\"@type\":\"WebSite\",\"@id\":\"https:\/\/www.urlaubcornwall.de\/blog\/#website\",\"url\":\"https:\/\/www.urlaubcornwall.de\/blog\/\",\"name\":\"Urlaub &amp; Reisen\",\"description\":\"Urlaub, Reisen, Cornwall und S\u00fcdengland: eine perfekte Kombination\",\"potentialAction\":[{\"@type\":\"SearchAction\",\"target\":{\"@type\":\"EntryPoint\",\"urlTemplate\":\"https:\/\/www.urlaubcornwall.de\/blog\/?s={search_term_string}\"},\"query-input\":\"required name=search_term_string\"}],\"inLanguage\":\"en-US\"},{\"@type\":\"WebPage\",\"@id\":\"https:\/\/www.urlaubcornwall.de\/blog\/beste-reisezeit-fuer-cornwall\/\",\"url\":\"https:\/\/www.urlaubcornwall.de\/blog\/beste-reisezeit-fuer-cornwall\/\",\"name\":\"Beste Reisezeit f\u00fcr Cornwall - Urlaub &amp; Reisen\",\"isPartOf\":{\"@id\":\"https:\/\/www.urlaubcornwall.de\/blog\/#website\"},\"datePublished\":\"2014-11-24T11:50:29+00:00\",\"dateModified\":\"2026-01-06T14:05:27+00:00\",\"breadcrumb\":{\"@id\":\"https:\/\/www.urlaubcornwall.de\/blog\/beste-reisezeit-fuer-cornwall\/#breadcrumb\"},\"inLanguage\":\"en-US\",\"potentialAction\":[{\"@type\":\"ReadAction\",\"target\":[\"https:\/\/www.urlaubcornwall.de\/blog\/beste-reisezeit-fuer-cornwall\/\"]}]},{\"@type\":\"BreadcrumbList\",\"@id\":\"https:\/\/www.urlaubcornwall.de\/blog\/beste-reisezeit-fuer-cornwall\/#breadcrumb\",\"itemListElement\":[{\"@type\":\"ListItem\",\"position\":1,\"name\":\"Home\",\"item\":\"https:\/\/www.urlaubcornwall.de\/blog\/\"},{\"@type\":\"ListItem\",\"position\":2,\"name\":\"Beste Reisezeit f\u00fcr Cornwall\"}]}]}<\/script>\n<!-- \/ Yoast SEO plugin. -->","yoast_head_json":{"title":"Beste Reisezeit f\u00fcr Cornwall - Urlaub &amp; Reisen","robots":{"index":"index","follow":"follow","max-snippet":"max-snippet:-1","max-image-preview":"max-image-preview:large","max-video-preview":"max-video-preview:-1"},"canonical":"https:\/\/www.urlaubcornwall.de\/blog\/beste-reisezeit-fuer-cornwall\/","og_locale":"en_US","og_type":"article","og_title":"Beste Reisezeit f\u00fcr Cornwall - Urlaub &amp; Reisen","og_description":"Cornwall ist eine von Englands beliebten Reisezielen f\u00fcr Sommerurlaube. Doch das milde Klima erlaubt eine wesentlich l\u00e4ngere Urlaubssaison. Wetter und Klima in S\u00fcdwestengland sind stark beeinflusst vom Golfstrom, und obwohl es feuchter ist als im Osten des Vereinigten K\u00f6nigreichs, so gibt es doch mehr als 300 zus\u00e4tzliche Sonnenstunden. Fr\u00fchling | Sommer | Herbst | Winter [&hellip;]","og_url":"https:\/\/www.urlaubcornwall.de\/blog\/beste-reisezeit-fuer-cornwall\/","og_site_name":"Urlaub &amp; Reisen","article_modified_time":"2026-01-06T14:05:27+00:00","og_image":[{"url":"https:\/\/www.urlaubcornwall.de\/blog\/wp-content\/uploads\/2014\/11\/Tresco_Island-Staying_Traditional_960x543_3.jpg"}],"twitter_card":"summary","twitter_misc":{"Est. reading time":"3 minutes"},"schema":{"@context":"https:\/\/schema.org","@graph":[{"@type":"WebSite","@id":"https:\/\/www.urlaubcornwall.de\/blog\/#website","url":"https:\/\/www.urlaubcornwall.de\/blog\/","name":"Urlaub &amp; Reisen","description":"Urlaub, Reisen, Cornwall und S\u00fcdengland: eine perfekte Kombination","potentialAction":[{"@type":"SearchAction","target":{"@type":"EntryPoint","urlTemplate":"https:\/\/www.urlaubcornwall.de\/blog\/?s={search_term_string}"},"query-input":"required name=search_term_string"}],"inLanguage":"en-US"},{"@type":"WebPage","@id":"https:\/\/www.urlaubcornwall.de\/blog\/beste-reisezeit-fuer-cornwall\/","url":"https:\/\/www.urlaubcornwall.de\/blog\/beste-reisezeit-fuer-cornwall\/","name":"Beste Reisezeit f\u00fcr Cornwall - Urlaub &amp; Reisen","isPartOf":{"@id":"https:\/\/www.urlaubcornwall.de\/blog\/#website"},"datePublished":"2014-11-24T11:50:29+00:00","dateModified":"2026-01-06T14:05:27+00:00","breadcrumb":{"@id":"https:\/\/www.urlaubcornwall.de\/blog\/beste-reisezeit-fuer-cornwall\/#breadcrumb"},"inLanguage":"en-US","potentialAction":[{"@type":"ReadAction","target":["https:\/\/www.urlaubcornwall.de\/blog\/beste-reisezeit-fuer-cornwall\/"]}]},{"@type":"BreadcrumbList","@id":"https:\/\/www.urlaubcornwall.de\/blog\/beste-reisezeit-fuer-cornwall\/#breadcrumb","itemListElement":[{"@type":"ListItem","position":1,"name":"Home","item":"https:\/\/www.urlaubcornwall.de\/blog\/"},{"@type":"ListItem","position":2,"name":"Beste Reisezeit f\u00fcr Cornwall"}]}]}},"_links":{"self":[{"href":"https:\/\/www.urlaubcornwall.de\/blog\/wp-json\/wp\/v2\/pages\/17214"}],"collection":[{"href":"https:\/\/www.urlaubcornwall.de\/blog\/wp-json\/wp\/v2\/pages"}],"about":[{"href":"https:\/\/www.urlaubcornwall.de\/blog\/wp-json\/wp\/v2\/types\/page"}],"author":[{"embeddable":true,"href":"https:\/\/www.urlaubcornwall.de\/blog\/wp-json\/wp\/v2\/users\/1"}],"replies":[{"embeddable":true,"href":"https:\/\/www.urlaubcornwall.de\/blog\/wp-json\/wp\/v2\/comments?post=17214"}],"version-history":[{"count":26,"href":"https:\/\/www.urlaubcornwall.de\/blog\/wp-json\/wp\/v2\/pages\/17214\/revisions"}],"predecessor-version":[{"id":51959,"href":"https:\/\/www.urlaubcornwall.de\/blog\/wp-json\/wp\/v2\/pages\/17214\/revisions\/51959"}],"wp:attachment":[{"href":"https:\/\/www.urlaubcornwall.de\/blog\/wp-json\/wp\/v2\/media?parent=17214"}],"curies":[{"name":"wp","href":"https:\/\/api.w.org\/{rel}","templated":true}]}}