{"id":17199,"date":"2014-11-22T11:07:49","date_gmt":"2014-11-22T11:07:49","guid":{"rendered":"https:\/\/www.urlaubcornwall.de\/blog\/?page_id=17199"},"modified":"2017-12-16T13:04:41","modified_gmt":"2017-12-16T13:04:41","slug":"luxus-ferienhaus-dorset-das-strandhaus-lyme-regis-dorset","status":"publish","type":"page","link":"https:\/\/www.urlaubcornwall.de\/blog\/luxus-ferienhaus-dorset-das-strandhaus-lyme-regis-dorset\/","title":{"rendered":"Luxus Ferienhaus Dorset : Das Strandhaus, Lyme Regis, Dorset"},"content":{"rendered":"<p>7 km \u00f6stlich von Lyme Regis, f\u00fcr 6 Personen + Kinderreisebett, 3 Schlafzimmer,\u00a0 Ab \u00a3918 f\u00fcr ein langes Wochenende im Winter; bis zu \u00a32553 f\u00fcr eine Woche w\u00e4hrend der Sommerferien.<\/p>\n<p><strong>Auf einen Blick<\/strong><\/p>\n<p>Luxuri\u00f6ses Familienstrandhaus<br \/>\nPerfekt f\u00fcr romantische Urlaube oder Familienurlaube<br \/>\nBedauerlicherweise keine Haustiere<br \/>\nKneipe nur einen kurzen Spaziergang entfernt<br \/>\nStrand nur einen kurzen Spaziergang entfernt<br \/>\nS\u00fcdwest-K\u00fcstenpfad direkt vor der Haust\u00fcre<br \/>\nMeeresblick vom ersten Stock und dem Freisitz aus<br \/>\nKinderreisebett, Hochstuhl und Treppengitter<br \/>\nParkm\u00f6glichkeit<\/p>\n<p><strong>Klicken Sie auf <a href=\"https:\/\/boutique-retreats.co.uk\/luxury-cottages-dorset\/lyme-regis\/the%20beach%20house,%20dorset-60.html?utm_referral=urlaubcornwall.de\"  rel=\"nofollow\"><span style=\"text-decoration: underline;\">Details Ansehen<\/span><\/a> f\u00fcr weitere Informationen in englischer Sprache und buchen Sie online bei unserem Partner Boutique Retreats.<\/strong><\/p>\n<p><strong>Familienfreundlich<\/strong><\/p>\n<p>Lauschen Sie, wie die Kiesel von den Wellen bewegt werden; atmen Sie durch die B\u00e4ume hindurch die salzhaltige Luft ein; schlendern Sie an einem warmen Abend oder zum Mittagessen zum Gasthaus am Ufer, zum Beispiel im Anschluss an einen belebenden Spaziergang zu Dorsets ikonischer Sehensw\u00fcrdigkeit, Golden Cap, hoch \u00fcber der Ansiedlung Seatown gelegen. Vom Haus aus ist all das zu erreichen, und Sie befinden sich nur Momente von der atemberaubenden Jurak\u00fcste entfernt.<\/p>\n<p><strong>Unterbringung<\/strong><\/p>\n<p>Sanfte Meeres- und Klippenfarben ziehen sich durch dieses hervorragend renovierte Ferienhaus, das Detail zeugt von Luxus. Umgekehrte Ebenen machen das Beste aus dem Blick, der offene Wohnbereich wird mit seiner Designer-K\u00fcche entz\u00fccken, einem Essbereich, entspannten Wohnbereich und deckenhohen Faltglast\u00fcren zu einem Julia-Balkon hin mit fantastischem Meeresblick.<\/p>\n<p><strong>Speisem\u00f6glichkeit<\/strong><\/p>\n<p>Ein stilvoller Raum f\u00fcr gemeinsames Urlaubskochen \u2013 es k\u00f6nnte nicht besser sein! Entlang einer Wandseite des Wohnbereichs ist das Layout der K\u00fcche schick und erg\u00e4nzt den gro\u00dfen Bauerntisch, der zu gem\u00fctlichen Fr\u00fchst\u00fccksgesellschaften und entspannten Abendessen einl\u00e4dt.<\/p>\n<p><strong>M\u00f6chten Sie alle atemberaubende Unterk\u00fcnfte sehen, die Boutique Retreats zu bieten hat? <a href=\"https:\/\/www.boutique-retreats.co.uk?utm_referral=urlaubcornwall.de\"  rel=\"nofollow\"><span style=\"text-decoration: underline;\">Klicken Sie hier<\/span>&gt;&gt;<\/a><\/strong><\/p>\n","protected":false},"excerpt":{"rendered":"<p>7 km \u00f6stlich von Lyme Regis, f\u00fcr 6 Personen + Kinderreisebett, 3 Schlafzimmer,\u00a0 Ab \u00a3918 f\u00fcr ein langes Wochenende im Winter; bis zu \u00a32553 f\u00fcr eine Woche w\u00e4hrend der Sommerferien. Auf einen Blick Luxuri\u00f6ses Familienstrandhaus Perfekt f\u00fcr romantische Urlaube oder Familienurlaube Bedauerlicherweise keine Haustiere Kneipe nur einen kurzen Spaziergang entfernt Strand nur einen kurzen Spaziergang [&hellip;]<\/p>\n","protected":false},"author":1,"featured_media":0,"parent":0,"menu_order":0,"comment_status":"closed","ping_status":"closed","template":"single-two.php","meta":[],"acf":[],"yoast_head":"<!-- This site is optimized with the Yoast SEO plugin v19.4 - https:\/\/yoast.com\/wordpress\/plugins\/seo\/ -->\n<title>Luxus Ferienhaus Dorset : Das Strandhaus, Lyme Regis, Dorset - Urlaub &amp; Reisen<\/title>\n<meta name=\"robots\" content=\"index, follow, max-snippet:-1, max-image-preview:large, max-video-preview:-1\" \/>\n<link rel=\"canonical\" href=\"https:\/\/www.urlaubcornwall.de\/blog\/luxus-ferienhaus-dorset-das-strandhaus-lyme-regis-dorset\/\" \/>\n<meta property=\"og:locale\" content=\"en_US\" \/>\n<meta property=\"og:type\" content=\"article\" \/>\n<meta property=\"og:title\" content=\"Luxus Ferienhaus Dorset : Das Strandhaus, Lyme Regis, Dorset - Urlaub &amp; Reisen\" \/>\n<meta property=\"og:description\" content=\"7 km \u00f6stlich von Lyme Regis, f\u00fcr 6 Personen + Kinderreisebett, 3 Schlafzimmer,\u00a0 Ab \u00a3918 f\u00fcr ein langes Wochenende im Winter; bis zu \u00a32553 f\u00fcr eine Woche w\u00e4hrend der Sommerferien. Auf einen Blick Luxuri\u00f6ses Familienstrandhaus Perfekt f\u00fcr romantische Urlaube oder Familienurlaube Bedauerlicherweise keine Haustiere Kneipe nur einen kurzen Spaziergang entfernt Strand nur einen kurzen Spaziergang [&hellip;]\" \/>\n<meta property=\"og:url\" content=\"https:\/\/www.urlaubcornwall.de\/blog\/luxus-ferienhaus-dorset-das-strandhaus-lyme-regis-dorset\/\" \/>\n<meta property=\"og:site_name\" content=\"Urlaub &amp; Reisen\" \/>\n<meta property=\"article:modified_time\" content=\"2017-12-16T13:04:41+00:00\" \/>\n<meta name=\"twitter:card\" content=\"summary\" \/>\n<meta name=\"twitter:label1\" content=\"Est. reading time\" \/>\n\t<meta name=\"twitter:data1\" content=\"1 minute\" \/>\n<script type=\"application\/ld+json\" class=\"yoast-schema-graph\">{\"@context\":\"https:\/\/schema.org\",\"@graph\":[{\"@type\":\"WebSite\",\"@id\":\"https:\/\/www.urlaubcornwall.de\/blog\/#website\",\"url\":\"https:\/\/www.urlaubcornwall.de\/blog\/\",\"name\":\"Urlaub &amp; Reisen\",\"description\":\"Urlaub, Reisen, Cornwall und S\u00fcdengland: eine perfekte Kombination\",\"potentialAction\":[{\"@type\":\"SearchAction\",\"target\":{\"@type\":\"EntryPoint\",\"urlTemplate\":\"https:\/\/www.urlaubcornwall.de\/blog\/?s={search_term_string}\"},\"query-input\":\"required name=search_term_string\"}],\"inLanguage\":\"en-US\"},{\"@type\":\"WebPage\",\"@id\":\"https:\/\/www.urlaubcornwall.de\/blog\/luxus-ferienhaus-dorset-das-strandhaus-lyme-regis-dorset\/\",\"url\":\"https:\/\/www.urlaubcornwall.de\/blog\/luxus-ferienhaus-dorset-das-strandhaus-lyme-regis-dorset\/\",\"name\":\"Luxus Ferienhaus Dorset : Das Strandhaus, Lyme Regis, Dorset - Urlaub &amp; Reisen\",\"isPartOf\":{\"@id\":\"https:\/\/www.urlaubcornwall.de\/blog\/#website\"},\"datePublished\":\"2014-11-22T11:07:49+00:00\",\"dateModified\":\"2017-12-16T13:04:41+00:00\",\"breadcrumb\":{\"@id\":\"https:\/\/www.urlaubcornwall.de\/blog\/luxus-ferienhaus-dorset-das-strandhaus-lyme-regis-dorset\/#breadcrumb\"},\"inLanguage\":\"en-US\",\"potentialAction\":[{\"@type\":\"ReadAction\",\"target\":[\"https:\/\/www.urlaubcornwall.de\/blog\/luxus-ferienhaus-dorset-das-strandhaus-lyme-regis-dorset\/\"]}]},{\"@type\":\"BreadcrumbList\",\"@id\":\"https:\/\/www.urlaubcornwall.de\/blog\/luxus-ferienhaus-dorset-das-strandhaus-lyme-regis-dorset\/#breadcrumb\",\"itemListElement\":[{\"@type\":\"ListItem\",\"position\":1,\"name\":\"Home\",\"item\":\"https:\/\/www.urlaubcornwall.de\/blog\/\"},{\"@type\":\"ListItem\",\"position\":2,\"name\":\"Luxus Ferienhaus Dorset : Das Strandhaus, Lyme Regis, Dorset\"}]}]}<\/script>\n<!-- \/ Yoast SEO plugin. -->","yoast_head_json":{"title":"Luxus Ferienhaus Dorset : Das Strandhaus, Lyme Regis, Dorset - Urlaub &amp; Reisen","robots":{"index":"index","follow":"follow","max-snippet":"max-snippet:-1","max-image-preview":"max-image-preview:large","max-video-preview":"max-video-preview:-1"},"canonical":"https:\/\/www.urlaubcornwall.de\/blog\/luxus-ferienhaus-dorset-das-strandhaus-lyme-regis-dorset\/","og_locale":"en_US","og_type":"article","og_title":"Luxus Ferienhaus Dorset : Das Strandhaus, Lyme Regis, Dorset - Urlaub &amp; Reisen","og_description":"7 km \u00f6stlich von Lyme Regis, f\u00fcr 6 Personen + Kinderreisebett, 3 Schlafzimmer,\u00a0 Ab \u00a3918 f\u00fcr ein langes Wochenende im Winter; bis zu \u00a32553 f\u00fcr eine Woche w\u00e4hrend der Sommerferien. Auf einen Blick Luxuri\u00f6ses Familienstrandhaus Perfekt f\u00fcr romantische Urlaube oder Familienurlaube Bedauerlicherweise keine Haustiere Kneipe nur einen kurzen Spaziergang entfernt Strand nur einen kurzen Spaziergang [&hellip;]","og_url":"https:\/\/www.urlaubcornwall.de\/blog\/luxus-ferienhaus-dorset-das-strandhaus-lyme-regis-dorset\/","og_site_name":"Urlaub &amp; Reisen","article_modified_time":"2017-12-16T13:04:41+00:00","twitter_card":"summary","twitter_misc":{"Est. reading time":"1 minute"},"schema":{"@context":"https:\/\/schema.org","@graph":[{"@type":"WebSite","@id":"https:\/\/www.urlaubcornwall.de\/blog\/#website","url":"https:\/\/www.urlaubcornwall.de\/blog\/","name":"Urlaub &amp; Reisen","description":"Urlaub, Reisen, Cornwall und S\u00fcdengland: eine perfekte Kombination","potentialAction":[{"@type":"SearchAction","target":{"@type":"EntryPoint","urlTemplate":"https:\/\/www.urlaubcornwall.de\/blog\/?s={search_term_string}"},"query-input":"required name=search_term_string"}],"inLanguage":"en-US"},{"@type":"WebPage","@id":"https:\/\/www.urlaubcornwall.de\/blog\/luxus-ferienhaus-dorset-das-strandhaus-lyme-regis-dorset\/","url":"https:\/\/www.urlaubcornwall.de\/blog\/luxus-ferienhaus-dorset-das-strandhaus-lyme-regis-dorset\/","name":"Luxus Ferienhaus Dorset : Das Strandhaus, Lyme Regis, Dorset - Urlaub &amp; Reisen","isPartOf":{"@id":"https:\/\/www.urlaubcornwall.de\/blog\/#website"},"datePublished":"2014-11-22T11:07:49+00:00","dateModified":"2017-12-16T13:04:41+00:00","breadcrumb":{"@id":"https:\/\/www.urlaubcornwall.de\/blog\/luxus-ferienhaus-dorset-das-strandhaus-lyme-regis-dorset\/#breadcrumb"},"inLanguage":"en-US","potentialAction":[{"@type":"ReadAction","target":["https:\/\/www.urlaubcornwall.de\/blog\/luxus-ferienhaus-dorset-das-strandhaus-lyme-regis-dorset\/"]}]},{"@type":"BreadcrumbList","@id":"https:\/\/www.urlaubcornwall.de\/blog\/luxus-ferienhaus-dorset-das-strandhaus-lyme-regis-dorset\/#breadcrumb","itemListElement":[{"@type":"ListItem","position":1,"name":"Home","item":"https:\/\/www.urlaubcornwall.de\/blog\/"},{"@type":"ListItem","position":2,"name":"Luxus Ferienhaus Dorset : Das Strandhaus, Lyme Regis, Dorset"}]}]}},"_links":{"self":[{"href":"https:\/\/www.urlaubcornwall.de\/blog\/wp-json\/wp\/v2\/pages\/17199"}],"collection":[{"href":"https:\/\/www.urlaubcornwall.de\/blog\/wp-json\/wp\/v2\/pages"}],"about":[{"href":"https:\/\/www.urlaubcornwall.de\/blog\/wp-json\/wp\/v2\/types\/page"}],"author":[{"embeddable":true,"href":"https:\/\/www.urlaubcornwall.de\/blog\/wp-json\/wp\/v2\/users\/1"}],"replies":[{"embeddable":true,"href":"https:\/\/www.urlaubcornwall.de\/blog\/wp-json\/wp\/v2\/comments?post=17199"}],"version-history":[{"count":4,"href":"https:\/\/www.urlaubcornwall.de\/blog\/wp-json\/wp\/v2\/pages\/17199\/revisions"}],"predecessor-version":[{"id":31275,"href":"https:\/\/www.urlaubcornwall.de\/blog\/wp-json\/wp\/v2\/pages\/17199\/revisions\/31275"}],"wp:attachment":[{"href":"https:\/\/www.urlaubcornwall.de\/blog\/wp-json\/wp\/v2\/media?parent=17199"}],"curies":[{"name":"wp","href":"https:\/\/api.w.org\/{rel}","templated":true}]}}