{"id":17187,"date":"2014-11-22T10:44:15","date_gmt":"2014-11-22T10:44:15","guid":{"rendered":"https:\/\/www.urlaubcornwall.de\/blog\/?page_id=17187"},"modified":"2017-12-16T13:04:06","modified_gmt":"2017-12-16T13:04:06","slug":"luxus-ferienhaus-devon-puffins-nest-am-meer","status":"publish","type":"page","link":"https:\/\/www.urlaubcornwall.de\/blog\/luxus-ferienhaus-devon-puffins-nest-am-meer\/","title":{"rendered":"Luxus Ferienhaus Devon &#8211; Puffin&#8217;s Nest am Meer"},"content":{"rendered":"<p>3 km nordwestlich von Hartland, Norddevon, f\u00fcr 2 Personen, 1 Schlafzimmer, ab \u00a3432 f\u00fcr ein langes Wochenende im Winter bis zu \u00a3783 f\u00fcr eine Woche w\u00e4hrend der Sommerurlaub.<\/p>\n<h2>Auf einen Blick<\/h2>\n<p>Einen Steinwurf entfernt vom Meer<br \/>\nHolzofen<br \/>\nPanoramablick \u00fcber die Nordk\u00fcste<br \/>\nBedauerlicherweise keine Haustiere<br \/>\nParkm\u00f6glichkeit<br \/>\nKneipe nur einen kurzen Spaziergang entfernt<br \/>\nStrand nur einen kurzen Spaziergang entfernt<br \/>\nPerfekt f\u00fcr Paare<br \/>\nUrlaub auf dem Bauernhof<\/p>\n<p><strong>Klicken Sie auf <a href=\"https:\/\/boutique-retreats.co.uk\/luxury-cottages-devon\/hartland\/puffin%27s%20nest-28.html?utm_referral=urlaubcornwall.de\" rel=\"nofollow\"><span style=\"text-decoration: underline;\">Details Ansehen<\/span><\/a> f\u00fcr weitere Informationen in englischer Sprache und buchen Sie online bei unserem Partner Boutique Retreats.<\/strong><\/p>\n<p>Eine zauberhafte Kombination aus bewirtschaftetem Bauernhof, urigem Umbau der Kornkammer mit zeitgen\u00f6ssischer k\u00fcstenspezifischer Inneneinrichtung \u2013 nahe gelegen an der zerkl\u00fcfteten Nordk\u00fcste und dem rauschenden Ozean.<\/p>\n<p><strong>Unterkunft<\/strong><\/p>\n<p>Einst eine Kornkammer, ist dieser gem\u00fctliche, kleine Umbau im Herzen des bewirtschafteten Hofes nun ein wundersch\u00f6nes Ferienhaus, wo das Rauschen des Atlantiks vernommen und das Meer vom Garten aus gesehen werden kann. Puffins Nest liegt im Vorhof des Bauernhauses. Es verf\u00fcgt \u00fcber einen offenen Wohnbereich mit hohen Decken und urigen Kornkammerfenstern. Sie k\u00f6nnen es sich auf dem Ledersofa gem\u00fctlich machen und vor dem Holzofen entspannen. mit WiFi ausgestattet<\/p>\n<p><strong>Speisem\u00f6glichkeit<\/strong><\/p>\n<p>Die kleine K\u00fcche ist voll ausgestattet mit allem, was Sie brauchen, um frisches R\u00fchrei des Hofes und hei\u00dfen Toast mit Butter f\u00fcr ein Fr\u00fchst\u00fcck im Bett zuzubereiten. Das Willkommenspaket ist voller \u00f6rtlicher K\u00f6stlichkeiten, die Ihnen Appetit machen werden.<\/p>\n<p><strong>Schlafm\u00f6glichkeit<\/strong><\/p>\n<p>Die Wendeltreppe hinauf, im Dachboden befindet sich ein hervorragend aus Treibholz hergestelltes Doppelbett unter dem original h\u00f6lzernen Dachvorsprung. Es ist der perfekte R\u00fcckzugsort nach einem Surftag am nahezu privaten Strand, der sich 10 Minuten entfernt den K\u00fcstenpfad hinunter befindet.<\/p>\n<p><strong>Garten<\/strong><\/p>\n<p>Puffins Nest liegt auf der einen Seite des Hofgartens, das Familienbauernhaus auf der anderen. Doch f\u00fcr Sie steht ein eigenes Au\u00dfenpl\u00e4tzchen zur Verf\u00fcgung, versteckt gelegen zur Meeresseite hin mit offenem Blick zwischen Ihnen und den Klippen. Ein Weg f\u00fchrt vom Cottage zum K\u00fcstenpfad und weiter hinunter zum Berry Strand und dann wieder hinauf dieser dramatischen K\u00fcste entlang. All das befindet sich innerhalb von 500Ar sich leicht dahin wogender Landschaft!<\/p>\n<p><strong>M\u00f6chten Sie alle atemberaubende Unterk\u00fcnfte sehen, die Boutique Retreats zu bieten hat? <a href=\"https:\/\/www.boutique-retreats.co.uk?utm_referral=urlaubcornwall.de\"  rel=\"nofollow\"><span style=\"text-decoration: underline;\">Klicken Sie hier<\/span>&gt;&gt;<\/a><\/strong><\/p>\n","protected":false},"excerpt":{"rendered":"<p>3 km nordwestlich von Hartland, Norddevon, f\u00fcr 2 Personen, 1 Schlafzimmer, ab \u00a3432 f\u00fcr ein langes Wochenende im Winter bis zu \u00a3783 f\u00fcr eine Woche w\u00e4hrend der Sommerurlaub. Auf einen Blick Einen Steinwurf entfernt vom Meer Holzofen Panoramablick \u00fcber die Nordk\u00fcste Bedauerlicherweise keine Haustiere Parkm\u00f6glichkeit Kneipe nur einen kurzen Spaziergang entfernt Strand nur einen kurzen [&hellip;]<\/p>\n","protected":false},"author":1,"featured_media":0,"parent":0,"menu_order":0,"comment_status":"closed","ping_status":"closed","template":"single-two.php","meta":[],"acf":[],"yoast_head":"<!-- This site is optimized with the Yoast SEO plugin v19.4 - https:\/\/yoast.com\/wordpress\/plugins\/seo\/ -->\n<title>Luxus Ferienhaus Devon - Puffin&#039;s Nest am Meer - Urlaub &amp; Reisen<\/title>\n<meta name=\"robots\" content=\"index, follow, max-snippet:-1, max-image-preview:large, max-video-preview:-1\" \/>\n<link rel=\"canonical\" href=\"https:\/\/www.urlaubcornwall.de\/blog\/luxus-ferienhaus-devon-puffins-nest-am-meer\/\" \/>\n<meta property=\"og:locale\" content=\"en_US\" \/>\n<meta property=\"og:type\" content=\"article\" \/>\n<meta property=\"og:title\" content=\"Luxus Ferienhaus Devon - Puffin&#039;s Nest am Meer - Urlaub &amp; Reisen\" \/>\n<meta property=\"og:description\" content=\"3 km nordwestlich von Hartland, Norddevon, f\u00fcr 2 Personen, 1 Schlafzimmer, ab \u00a3432 f\u00fcr ein langes Wochenende im Winter bis zu \u00a3783 f\u00fcr eine Woche w\u00e4hrend der Sommerurlaub. Auf einen Blick Einen Steinwurf entfernt vom Meer Holzofen Panoramablick \u00fcber die Nordk\u00fcste Bedauerlicherweise keine Haustiere Parkm\u00f6glichkeit Kneipe nur einen kurzen Spaziergang entfernt Strand nur einen kurzen [&hellip;]\" \/>\n<meta property=\"og:url\" content=\"https:\/\/www.urlaubcornwall.de\/blog\/luxus-ferienhaus-devon-puffins-nest-am-meer\/\" \/>\n<meta property=\"og:site_name\" content=\"Urlaub &amp; Reisen\" \/>\n<meta property=\"article:modified_time\" content=\"2017-12-16T13:04:06+00:00\" \/>\n<meta name=\"twitter:card\" content=\"summary\" \/>\n<meta name=\"twitter:label1\" content=\"Est. reading time\" \/>\n\t<meta name=\"twitter:data1\" content=\"2 minutes\" \/>\n<script type=\"application\/ld+json\" class=\"yoast-schema-graph\">{\"@context\":\"https:\/\/schema.org\",\"@graph\":[{\"@type\":\"WebSite\",\"@id\":\"https:\/\/www.urlaubcornwall.de\/blog\/#website\",\"url\":\"https:\/\/www.urlaubcornwall.de\/blog\/\",\"name\":\"Urlaub &amp; Reisen\",\"description\":\"Urlaub, Reisen, Cornwall und S\u00fcdengland: eine perfekte Kombination\",\"potentialAction\":[{\"@type\":\"SearchAction\",\"target\":{\"@type\":\"EntryPoint\",\"urlTemplate\":\"https:\/\/www.urlaubcornwall.de\/blog\/?s={search_term_string}\"},\"query-input\":\"required name=search_term_string\"}],\"inLanguage\":\"en-US\"},{\"@type\":\"WebPage\",\"@id\":\"https:\/\/www.urlaubcornwall.de\/blog\/luxus-ferienhaus-devon-puffins-nest-am-meer\/\",\"url\":\"https:\/\/www.urlaubcornwall.de\/blog\/luxus-ferienhaus-devon-puffins-nest-am-meer\/\",\"name\":\"Luxus Ferienhaus Devon - Puffin's Nest am Meer - Urlaub &amp; Reisen\",\"isPartOf\":{\"@id\":\"https:\/\/www.urlaubcornwall.de\/blog\/#website\"},\"datePublished\":\"2014-11-22T10:44:15+00:00\",\"dateModified\":\"2017-12-16T13:04:06+00:00\",\"breadcrumb\":{\"@id\":\"https:\/\/www.urlaubcornwall.de\/blog\/luxus-ferienhaus-devon-puffins-nest-am-meer\/#breadcrumb\"},\"inLanguage\":\"en-US\",\"potentialAction\":[{\"@type\":\"ReadAction\",\"target\":[\"https:\/\/www.urlaubcornwall.de\/blog\/luxus-ferienhaus-devon-puffins-nest-am-meer\/\"]}]},{\"@type\":\"BreadcrumbList\",\"@id\":\"https:\/\/www.urlaubcornwall.de\/blog\/luxus-ferienhaus-devon-puffins-nest-am-meer\/#breadcrumb\",\"itemListElement\":[{\"@type\":\"ListItem\",\"position\":1,\"name\":\"Home\",\"item\":\"https:\/\/www.urlaubcornwall.de\/blog\/\"},{\"@type\":\"ListItem\",\"position\":2,\"name\":\"Luxus Ferienhaus Devon &#8211; Puffin&#8217;s Nest am Meer\"}]}]}<\/script>\n<!-- \/ Yoast SEO plugin. -->","yoast_head_json":{"title":"Luxus Ferienhaus Devon - Puffin's Nest am Meer - Urlaub &amp; Reisen","robots":{"index":"index","follow":"follow","max-snippet":"max-snippet:-1","max-image-preview":"max-image-preview:large","max-video-preview":"max-video-preview:-1"},"canonical":"https:\/\/www.urlaubcornwall.de\/blog\/luxus-ferienhaus-devon-puffins-nest-am-meer\/","og_locale":"en_US","og_type":"article","og_title":"Luxus Ferienhaus Devon - Puffin's Nest am Meer - Urlaub &amp; Reisen","og_description":"3 km nordwestlich von Hartland, Norddevon, f\u00fcr 2 Personen, 1 Schlafzimmer, ab \u00a3432 f\u00fcr ein langes Wochenende im Winter bis zu \u00a3783 f\u00fcr eine Woche w\u00e4hrend der Sommerurlaub. Auf einen Blick Einen Steinwurf entfernt vom Meer Holzofen Panoramablick \u00fcber die Nordk\u00fcste Bedauerlicherweise keine Haustiere Parkm\u00f6glichkeit Kneipe nur einen kurzen Spaziergang entfernt Strand nur einen kurzen [&hellip;]","og_url":"https:\/\/www.urlaubcornwall.de\/blog\/luxus-ferienhaus-devon-puffins-nest-am-meer\/","og_site_name":"Urlaub &amp; Reisen","article_modified_time":"2017-12-16T13:04:06+00:00","twitter_card":"summary","twitter_misc":{"Est. reading time":"2 minutes"},"schema":{"@context":"https:\/\/schema.org","@graph":[{"@type":"WebSite","@id":"https:\/\/www.urlaubcornwall.de\/blog\/#website","url":"https:\/\/www.urlaubcornwall.de\/blog\/","name":"Urlaub &amp; Reisen","description":"Urlaub, Reisen, Cornwall und S\u00fcdengland: eine perfekte Kombination","potentialAction":[{"@type":"SearchAction","target":{"@type":"EntryPoint","urlTemplate":"https:\/\/www.urlaubcornwall.de\/blog\/?s={search_term_string}"},"query-input":"required name=search_term_string"}],"inLanguage":"en-US"},{"@type":"WebPage","@id":"https:\/\/www.urlaubcornwall.de\/blog\/luxus-ferienhaus-devon-puffins-nest-am-meer\/","url":"https:\/\/www.urlaubcornwall.de\/blog\/luxus-ferienhaus-devon-puffins-nest-am-meer\/","name":"Luxus Ferienhaus Devon - Puffin's Nest am Meer - Urlaub &amp; Reisen","isPartOf":{"@id":"https:\/\/www.urlaubcornwall.de\/blog\/#website"},"datePublished":"2014-11-22T10:44:15+00:00","dateModified":"2017-12-16T13:04:06+00:00","breadcrumb":{"@id":"https:\/\/www.urlaubcornwall.de\/blog\/luxus-ferienhaus-devon-puffins-nest-am-meer\/#breadcrumb"},"inLanguage":"en-US","potentialAction":[{"@type":"ReadAction","target":["https:\/\/www.urlaubcornwall.de\/blog\/luxus-ferienhaus-devon-puffins-nest-am-meer\/"]}]},{"@type":"BreadcrumbList","@id":"https:\/\/www.urlaubcornwall.de\/blog\/luxus-ferienhaus-devon-puffins-nest-am-meer\/#breadcrumb","itemListElement":[{"@type":"ListItem","position":1,"name":"Home","item":"https:\/\/www.urlaubcornwall.de\/blog\/"},{"@type":"ListItem","position":2,"name":"Luxus Ferienhaus Devon &#8211; Puffin&#8217;s Nest am Meer"}]}]}},"_links":{"self":[{"href":"https:\/\/www.urlaubcornwall.de\/blog\/wp-json\/wp\/v2\/pages\/17187"}],"collection":[{"href":"https:\/\/www.urlaubcornwall.de\/blog\/wp-json\/wp\/v2\/pages"}],"about":[{"href":"https:\/\/www.urlaubcornwall.de\/blog\/wp-json\/wp\/v2\/types\/page"}],"author":[{"embeddable":true,"href":"https:\/\/www.urlaubcornwall.de\/blog\/wp-json\/wp\/v2\/users\/1"}],"replies":[{"embeddable":true,"href":"https:\/\/www.urlaubcornwall.de\/blog\/wp-json\/wp\/v2\/comments?post=17187"}],"version-history":[{"count":7,"href":"https:\/\/www.urlaubcornwall.de\/blog\/wp-json\/wp\/v2\/pages\/17187\/revisions"}],"predecessor-version":[{"id":31274,"href":"https:\/\/www.urlaubcornwall.de\/blog\/wp-json\/wp\/v2\/pages\/17187\/revisions\/31274"}],"wp:attachment":[{"href":"https:\/\/www.urlaubcornwall.de\/blog\/wp-json\/wp\/v2\/media?parent=17187"}],"curies":[{"name":"wp","href":"https:\/\/api.w.org\/{rel}","templated":true}]}}