{"id":17183,"date":"2014-11-21T14:23:34","date_gmt":"2014-11-21T14:23:34","guid":{"rendered":"https:\/\/www.urlaubcornwall.de\/blog\/?page_id=17183"},"modified":"2026-01-06T14:03:27","modified_gmt":"2026-01-06T14:03:27","slug":"anreise-nach-dorset-urlaubsinformation-dorset-suedwest-england","status":"publish","type":"page","link":"https:\/\/www.urlaubcornwall.de\/blog\/anreise-nach-dorset-urlaubsinformation-dorset-suedwest-england\/","title":{"rendered":"Anreise nach Dorset : Urlaubsinformation Dorset, S\u00fcdwest-England"},"content":{"rendered":"<p><a href=\"https:\/\/www.urlaubcornwall.de\/blog\/wp-content\/uploads\/2024\/03\/corfe-castle.jpg\"><img loading=\"lazy\" src=\"https:\/\/www.urlaubcornwall.de\/blog\/wp-content\/uploads\/2024\/03\/corfe-castle.jpg\" alt=\"corfe castle\" width=\"750\" height=\"719\" class=\"alignnone size-full wp-image-47968\" srcset=\"https:\/\/www.urlaubcornwall.de\/blog\/wp-content\/uploads\/2024\/03\/corfe-castle.jpg 750w, https:\/\/www.urlaubcornwall.de\/blog\/wp-content\/uploads\/2024\/03\/corfe-castle-300x288.jpg 300w\" sizes=\"(max-width: 750px) 100vw, 750px\" \/><\/a><\/p>\n<p><strong>Dorset zu besuchen, ist ganz einfach!<\/strong> Ob Sie nun mit dem Schiff, Zug oder Flugzeug kommen, ist es doch ganz leicht, nach <a href=\"http:\/\/www.urlaubcornwall.de\/reiseziel\/dorset.php\">Dorset<\/a> zu gelangen. Wenn Sie erst einmal in England angekommen sind, werden Sie ein hervorragendes Stra\u00dfensystem vorfinden, sowie viele regionale und nationale Bus- oder Zugverbindungen zu s\u00e4mtlichen Urlaubsregionen in Dorset.<\/p>\n<p>Mit Firmensitz in S\u00fcdwestengland bieten wir Ihnen eine fantastische Auswahl handverlesener und pers\u00f6nlich inspizierter <a href=\"http:\/\/www.urlaubcornwall.de\/ferienhaeuser-fewos\/dorset.html\">Ferienh\u00e4user und Ferienwohnungen in Dorset<\/a> an, sowie einen deutsch sprechenden Reiseservice, der Sie zu Ihrer <a href=\"http:\/\/www.urlaubcornwall.de\/rundreisen\/cornwall-suedengland.php\">Rundreise<\/a> und dem Aufenthalt in handverlesenen Hotels und B&amp;Bs beraten kann.<\/p>\n<p>Dorset besticht mit einer charmanten Landschaft samt sanfter H\u00fcgel, der weltber\u00fchmten Jurak\u00fcste, malerischen D\u00f6rfern mit reetgedeckten Cottages, historischen St\u00e4dten und verschiedenen Veranstaltungen und Kultur. Die Grafschaft diente als Hintergrund f\u00fcr Thomas Hardys B\u00fccher und wird stets in Verbindung gebracht mit \u201eTess of the d&#8217;Urbervilles\u201c. Doch die Geschichte Dorsets reicht viel weiter zur\u00fcck \u2013 uralte Fossilien warten darauf, an der Jurak\u00fcste entdeckt zu werden.<\/p>\n<p><strong>Mit dem Flugzeug<\/strong> &#8211; Southampton ist der n\u00e4chste, international Flughafen f\u00fcr Dorset mit Flybe-Fl\u00fcgen nach Hamburg. Sie k\u00f6nnen ein Auto mieten und sind innerhalb von 45 Minuten im Herzen Dorsets. Heathrow Airport, Londons Hauptflughafen, bietet eine riesige Menge an Fl\u00fcgen von Deutschland, \u00d6sterreich und der Schweiz an. Die Autofahrt ins Zentrum Dorsets dauert 2 Stunden und 15 Minuten. Sie fahren dabei auf den Autobahnen M25, M3, M27 und der A31 nach Bournemouth und zu weiteren beliebten Urlaubsziele. Oder Sie nehmen den &#8220;Heathrow Express&#8221; nach London, weiter zu Bahnh\u00f6fen, von denen aus Z\u00fcge in die Hauptst\u00e4dte fahren, sowie zu K\u00fcstenurlaubsorten wie zum Beispiel Weymouth.<\/p>\n<div class=\"snippet\"> <a class=\"featured-item\" href=\"https:\/\/www.urlaubcornwall.de\/ferienhaeuser\/suedengland.php\"> <span class=\"image-holder\" style=\"background-image: url('https:\/\/www.urlaubcornwall.de\/blog\/wp-content\/uploads\/2018\/12\/ferienhaus-cornwall-mit-hund.jpg');\"><\/span> <span class=\"featured-content\"> \n<h2 class=\"featured-title\">Ferienh\u00e4user in Dorset &#038; S\u00fcdengland<\/h2>\n<p class=\"featured-body\">Bei uns finden Sie Ferienh\u00e4user zum Verlieben &#8211; so einfach ist das! Dank seiner langen Geschichte, der reizvollen Landschaften und seinen vielen Attraktionen ist S\u00fcdengland ein wahres Mekka f\u00fcr Urlauber&#8230;..<\/p><\/span> <span class=\"featured-link-holder\"> <span class=\"featured-extra-info\"> \n<p>Pers\u00f6nlich inspizierter Ferienh\u00e4user<\/p>\n<\/span> \n<p class=\"featured-link\">DETAILS<\/p>\n<\/span> <\/a><\/div>\n<p><strong>Mit dem Auto durch den Kanaltunnel<\/strong> &#8211; Reisen Sie schnell und komfortabel mit dem Eurostar. Ihr Auto wird dabei auf einen Zug verladen, bevor es von Calais nach Folkestone an der K\u00fcste Kents in nur 35 Minuten durch den Eurotunnel geht. Folgen Sie dann der Autobahn M20, die durch das Herz der Grafschaft f\u00fchrt. So erreichen Sie rasch Ihr Urlaubsziel. Die Z\u00fcge fahren alle 15-20 Minuten tags\u00fcber und alle 30-60 Minuten nachts. Um weitere Informationen zu erhalten und Tickets zu buchen, besuchen Sie bitte die <a href=\"http:\/\/www.eurotunnel.com\/uk\/home\/\" target=\"_blank\" rel=\"nofollow noopener\">Seite des Eurotunnels<\/a>.<\/p>\n<p>Dorset kann mit dem Auto in weniger als 3 Stunden erreicht werden. Machen Sie Gebrauch vom Autobahnnetzwerk, indem Sie die M20 nehmen, um London herum die M25, dann Richtung S\u00fcdwesten auf der M3\/M27 nach Bournemouth im Herzen der Grafschaft.<\/p>\n<p><strong>Mit dem Eurostar durch den Kanaltunnel<\/strong> &#8211; Falls Sie es vorziehen, Ihr Auto zu Hause zu lassen, nehmen Sie den Eurostar von Paris, Br\u00fcssel oder Lille nach St Pancras, dem internationalen Bahnhof in London. Die Fahrt dauert nur 1 Stunde 15 Minuten von Lille aus, 2 Stunden 20 Minuten von Paris und 2 Stunde 20 Minuten von Br\u00fcssel aus. Um s\u00e4mtliche Reiseinformationen und Reservierungsvorg\u00e4nge zu erkunden, besuchen Sie bitte die <a href=\"http:\/\/www.eurostar.com\/uk-en\" target=\"_blank\" rel=\"nofollow noopener\">Seite von Eurostar<\/a>.<\/p>\n<p><strong>Nehmen Sie die F\u00e4hre oder das Luftkissenfahrzeug (Hoverspeed) \u00fcber den Kanal <\/strong> &#8211; Es gibt eine regelm\u00e4\u00dfige F\u00e4hrverbindung \u00fcber den Kanal zwischen Calais \/ Ostend und Dover. P &amp; O Stena Line und Sea France F\u00e4hren operieren entlang der Calais-Dover Route, w\u00e4hrend Hoverspeed einen raschen Katamaranservice von Calais und Ostende nach Dover bietet. Sie k\u00f6nnen eine \u00dcberfahrt als Fu\u00dfg\u00e4nger oder mit dem Auto buchen. Die F\u00e4hre braucht 1.5 Stunden, der Katamaran nur 50 Minuten.<\/p>\n<div class=\"snippet\"> <a class=\"featured-item\" href=\"https:\/\/www.urlaubcornwall.de\/rundreisen\/cornwall-suedengland.php\"> <span class=\"image-holder\" style=\"background-image: url('https:\/\/www.urlaubcornwall.de\/blog\/wp-content\/uploads\/2019\/01\/DiTn0QVWsAIOgjG.jpg');\"><\/span> <span class=\"featured-content\"> \n<h2 class=\"featured-title\">Rundreisen Dorset &#038; S\u00fcdengland eine perfekte Kombination<\/h2>\n<p class=\"featured-body\">Die perfekte Reisem\u00f6glichkeit und erm\u00f6glicht es Ihnen, Entdeckungen zu machen und einen Urlaub im eigenen Schritttempo&#8230;.<\/p><\/span> <span class=\"featured-link-holder\"> <span class=\"featured-extra-info\"> \n<p>F\u00fcr Paare, Familien &#038; Gruppen<\/p>\n<\/span> \n<p class=\"featured-link\">DETAILS<\/p>\n<\/span> <\/a><\/div>\n","protected":false},"excerpt":{"rendered":"<p>Dorset zu besuchen, ist ganz einfach! Ob Sie nun mit dem Schiff, Zug oder Flugzeug kommen, ist es doch ganz leicht, nach Dorset zu gelangen. Wenn Sie erst einmal in England angekommen sind, werden Sie ein hervorragendes Stra\u00dfensystem vorfinden, sowie viele regionale und nationale Bus- oder Zugverbindungen zu s\u00e4mtlichen Urlaubsregionen in Dorset. Mit Firmensitz in [&hellip;]<\/p>\n","protected":false},"author":1,"featured_media":0,"parent":0,"menu_order":0,"comment_status":"closed","ping_status":"closed","template":"single-four.php","meta":[],"acf":[],"yoast_head":"<!-- This site is optimized with the Yoast SEO plugin v19.4 - https:\/\/yoast.com\/wordpress\/plugins\/seo\/ -->\n<title>Anreise nach Dorset : Urlaubsinformation Dorset, S\u00fcdwest-England - Urlaub &amp; Reisen<\/title>\n<meta name=\"robots\" content=\"index, follow, max-snippet:-1, max-image-preview:large, max-video-preview:-1\" \/>\n<link rel=\"canonical\" href=\"https:\/\/www.urlaubcornwall.de\/blog\/anreise-nach-dorset-urlaubsinformation-dorset-suedwest-england\/\" \/>\n<meta property=\"og:locale\" content=\"en_US\" \/>\n<meta property=\"og:type\" content=\"article\" \/>\n<meta property=\"og:title\" content=\"Anreise nach Dorset : Urlaubsinformation Dorset, S\u00fcdwest-England - Urlaub &amp; Reisen\" \/>\n<meta property=\"og:description\" content=\"Dorset zu besuchen, ist ganz einfach! Ob Sie nun mit dem Schiff, Zug oder Flugzeug kommen, ist es doch ganz leicht, nach Dorset zu gelangen. Wenn Sie erst einmal in England angekommen sind, werden Sie ein hervorragendes Stra\u00dfensystem vorfinden, sowie viele regionale und nationale Bus- oder Zugverbindungen zu s\u00e4mtlichen Urlaubsregionen in Dorset. Mit Firmensitz in [&hellip;]\" \/>\n<meta property=\"og:url\" content=\"https:\/\/www.urlaubcornwall.de\/blog\/anreise-nach-dorset-urlaubsinformation-dorset-suedwest-england\/\" \/>\n<meta property=\"og:site_name\" content=\"Urlaub &amp; Reisen\" \/>\n<meta property=\"article:modified_time\" content=\"2026-01-06T14:03:27+00:00\" \/>\n<meta property=\"og:image\" content=\"https:\/\/www.urlaubcornwall.de\/blog\/wp-content\/uploads\/2024\/03\/corfe-castle.jpg\" \/>\n<meta name=\"twitter:card\" content=\"summary\" \/>\n<meta name=\"twitter:label1\" content=\"Est. reading time\" \/>\n\t<meta name=\"twitter:data1\" content=\"3 minutes\" \/>\n<script type=\"application\/ld+json\" class=\"yoast-schema-graph\">{\"@context\":\"https:\/\/schema.org\",\"@graph\":[{\"@type\":\"WebSite\",\"@id\":\"https:\/\/www.urlaubcornwall.de\/blog\/#website\",\"url\":\"https:\/\/www.urlaubcornwall.de\/blog\/\",\"name\":\"Urlaub &amp; Reisen\",\"description\":\"Urlaub, Reisen, Cornwall und S\u00fcdengland: eine perfekte Kombination\",\"potentialAction\":[{\"@type\":\"SearchAction\",\"target\":{\"@type\":\"EntryPoint\",\"urlTemplate\":\"https:\/\/www.urlaubcornwall.de\/blog\/?s={search_term_string}\"},\"query-input\":\"required name=search_term_string\"}],\"inLanguage\":\"en-US\"},{\"@type\":\"WebPage\",\"@id\":\"https:\/\/www.urlaubcornwall.de\/blog\/anreise-nach-dorset-urlaubsinformation-dorset-suedwest-england\/\",\"url\":\"https:\/\/www.urlaubcornwall.de\/blog\/anreise-nach-dorset-urlaubsinformation-dorset-suedwest-england\/\",\"name\":\"Anreise nach Dorset : Urlaubsinformation Dorset, S\u00fcdwest-England - Urlaub &amp; Reisen\",\"isPartOf\":{\"@id\":\"https:\/\/www.urlaubcornwall.de\/blog\/#website\"},\"datePublished\":\"2014-11-21T14:23:34+00:00\",\"dateModified\":\"2026-01-06T14:03:27+00:00\",\"breadcrumb\":{\"@id\":\"https:\/\/www.urlaubcornwall.de\/blog\/anreise-nach-dorset-urlaubsinformation-dorset-suedwest-england\/#breadcrumb\"},\"inLanguage\":\"en-US\",\"potentialAction\":[{\"@type\":\"ReadAction\",\"target\":[\"https:\/\/www.urlaubcornwall.de\/blog\/anreise-nach-dorset-urlaubsinformation-dorset-suedwest-england\/\"]}]},{\"@type\":\"BreadcrumbList\",\"@id\":\"https:\/\/www.urlaubcornwall.de\/blog\/anreise-nach-dorset-urlaubsinformation-dorset-suedwest-england\/#breadcrumb\",\"itemListElement\":[{\"@type\":\"ListItem\",\"position\":1,\"name\":\"Home\",\"item\":\"https:\/\/www.urlaubcornwall.de\/blog\/\"},{\"@type\":\"ListItem\",\"position\":2,\"name\":\"Anreise nach Dorset : Urlaubsinformation Dorset, S\u00fcdwest-England\"}]}]}<\/script>\n<!-- \/ Yoast SEO plugin. -->","yoast_head_json":{"title":"Anreise nach Dorset : Urlaubsinformation Dorset, S\u00fcdwest-England - Urlaub &amp; Reisen","robots":{"index":"index","follow":"follow","max-snippet":"max-snippet:-1","max-image-preview":"max-image-preview:large","max-video-preview":"max-video-preview:-1"},"canonical":"https:\/\/www.urlaubcornwall.de\/blog\/anreise-nach-dorset-urlaubsinformation-dorset-suedwest-england\/","og_locale":"en_US","og_type":"article","og_title":"Anreise nach Dorset : Urlaubsinformation Dorset, S\u00fcdwest-England - Urlaub &amp; Reisen","og_description":"Dorset zu besuchen, ist ganz einfach! Ob Sie nun mit dem Schiff, Zug oder Flugzeug kommen, ist es doch ganz leicht, nach Dorset zu gelangen. Wenn Sie erst einmal in England angekommen sind, werden Sie ein hervorragendes Stra\u00dfensystem vorfinden, sowie viele regionale und nationale Bus- oder Zugverbindungen zu s\u00e4mtlichen Urlaubsregionen in Dorset. Mit Firmensitz in [&hellip;]","og_url":"https:\/\/www.urlaubcornwall.de\/blog\/anreise-nach-dorset-urlaubsinformation-dorset-suedwest-england\/","og_site_name":"Urlaub &amp; Reisen","article_modified_time":"2026-01-06T14:03:27+00:00","og_image":[{"url":"https:\/\/www.urlaubcornwall.de\/blog\/wp-content\/uploads\/2024\/03\/corfe-castle.jpg"}],"twitter_card":"summary","twitter_misc":{"Est. reading time":"3 minutes"},"schema":{"@context":"https:\/\/schema.org","@graph":[{"@type":"WebSite","@id":"https:\/\/www.urlaubcornwall.de\/blog\/#website","url":"https:\/\/www.urlaubcornwall.de\/blog\/","name":"Urlaub &amp; Reisen","description":"Urlaub, Reisen, Cornwall und S\u00fcdengland: eine perfekte Kombination","potentialAction":[{"@type":"SearchAction","target":{"@type":"EntryPoint","urlTemplate":"https:\/\/www.urlaubcornwall.de\/blog\/?s={search_term_string}"},"query-input":"required name=search_term_string"}],"inLanguage":"en-US"},{"@type":"WebPage","@id":"https:\/\/www.urlaubcornwall.de\/blog\/anreise-nach-dorset-urlaubsinformation-dorset-suedwest-england\/","url":"https:\/\/www.urlaubcornwall.de\/blog\/anreise-nach-dorset-urlaubsinformation-dorset-suedwest-england\/","name":"Anreise nach Dorset : Urlaubsinformation Dorset, S\u00fcdwest-England - Urlaub &amp; Reisen","isPartOf":{"@id":"https:\/\/www.urlaubcornwall.de\/blog\/#website"},"datePublished":"2014-11-21T14:23:34+00:00","dateModified":"2026-01-06T14:03:27+00:00","breadcrumb":{"@id":"https:\/\/www.urlaubcornwall.de\/blog\/anreise-nach-dorset-urlaubsinformation-dorset-suedwest-england\/#breadcrumb"},"inLanguage":"en-US","potentialAction":[{"@type":"ReadAction","target":["https:\/\/www.urlaubcornwall.de\/blog\/anreise-nach-dorset-urlaubsinformation-dorset-suedwest-england\/"]}]},{"@type":"BreadcrumbList","@id":"https:\/\/www.urlaubcornwall.de\/blog\/anreise-nach-dorset-urlaubsinformation-dorset-suedwest-england\/#breadcrumb","itemListElement":[{"@type":"ListItem","position":1,"name":"Home","item":"https:\/\/www.urlaubcornwall.de\/blog\/"},{"@type":"ListItem","position":2,"name":"Anreise nach Dorset : Urlaubsinformation Dorset, S\u00fcdwest-England"}]}]}},"_links":{"self":[{"href":"https:\/\/www.urlaubcornwall.de\/blog\/wp-json\/wp\/v2\/pages\/17183"}],"collection":[{"href":"https:\/\/www.urlaubcornwall.de\/blog\/wp-json\/wp\/v2\/pages"}],"about":[{"href":"https:\/\/www.urlaubcornwall.de\/blog\/wp-json\/wp\/v2\/types\/page"}],"author":[{"embeddable":true,"href":"https:\/\/www.urlaubcornwall.de\/blog\/wp-json\/wp\/v2\/users\/1"}],"replies":[{"embeddable":true,"href":"https:\/\/www.urlaubcornwall.de\/blog\/wp-json\/wp\/v2\/comments?post=17183"}],"version-history":[{"count":23,"href":"https:\/\/www.urlaubcornwall.de\/blog\/wp-json\/wp\/v2\/pages\/17183\/revisions"}],"predecessor-version":[{"id":51957,"href":"https:\/\/www.urlaubcornwall.de\/blog\/wp-json\/wp\/v2\/pages\/17183\/revisions\/51957"}],"wp:attachment":[{"href":"https:\/\/www.urlaubcornwall.de\/blog\/wp-json\/wp\/v2\/media?parent=17183"}],"curies":[{"name":"wp","href":"https:\/\/api.w.org\/{rel}","templated":true}]}}