{"id":17180,"date":"2014-11-21T13:18:36","date_gmt":"2014-11-21T13:18:36","guid":{"rendered":"https:\/\/www.urlaubcornwall.de\/blog\/?page_id=17180"},"modified":"2024-05-29T07:52:50","modified_gmt":"2024-05-29T07:52:50","slug":"anreise-nach-devon-urlaubsinformation-devon-suedwest-england","status":"publish","type":"page","link":"https:\/\/www.urlaubcornwall.de\/blog\/anreise-nach-devon-urlaubsinformation-devon-suedwest-england\/","title":{"rendered":"Anreise nach Devon : Urlaubsinformation Devon, S\u00fcdwest-England"},"content":{"rendered":"<p><a href=\"https:\/\/www.urlaubcornwall.de\/blog\/wp-content\/uploads\/2024\/03\/lynton-devon.jpg\"><img loading=\"lazy\" src=\"https:\/\/www.urlaubcornwall.de\/blog\/wp-content\/uploads\/2024\/03\/lynton-devon.jpg\" alt=\"lynton devon\" width=\"750\" height=\"500\" class=\"alignnone size-full wp-image-48111\" srcset=\"https:\/\/www.urlaubcornwall.de\/blog\/wp-content\/uploads\/2024\/03\/lynton-devon.jpg 750w, https:\/\/www.urlaubcornwall.de\/blog\/wp-content\/uploads\/2024\/03\/lynton-devon-300x200.jpg 300w\" sizes=\"(max-width: 750px) 100vw, 750px\" \/><\/a><\/p>\n<p>Es ist ganz einfach, <a href=\"https:\/\/www.urlaubcornwall.de\/reiseziel\/devon.php\">Devon<\/a> zu besuchen! Es ist eine spektakul\u00e4re und vielf\u00e4ltige Grafschaft. Neben wundersch\u00f6nen Str\u00e4nden und bezaubernder Landschaft, finden Sie au\u00dferdem Nationalparks, urige D\u00f6rfer und St\u00e4dte, historische Geb\u00e4ude und Ruinen, Extremsportarten und einige der besten Speisen und Getr\u00e4nke.<\/p>\n<p>Mit Firmensitz in S\u00fcdwestengland bieten wir Ihnen eine fantastische Auswahl handverlesener und pers\u00f6nlich inspizierter <a title=\"Urlaub in Devon\" href=\"httsp:\/\/www.urlaubcornwall.de\/ferienhaeuser-fewos\/devon.html\">Ferienh\u00e4user und Ferienwohnungen in Devon<\/a> an, sowie einen deutsch sprechenden Reiseservice, der Sie zu Ihrer <a href=\"http:\/\/www.urlaubcornwall.de\/rundreisen\/cornwall-suedengland.php\">Rundreise<\/a> und dem Aufenthalt in handverlesenen Hotels und B&amp;Bs beraten kann.<\/p>\n<p>Ob Sie nun mit dem Schiff, Zug oder Flugzeug kommen, ist es doch ganz leicht, nach Devon zu gelangen. Wenn Sie erst einmal in England angekommen sind, werden Sie ein hervorragendes Stra\u00dfensystem vorfinden, sowie viele regionale und nationale Bus- oder Zugverbindungen zu den meisten Urlaubsregionen in Devon.<\/p>\n<p><strong>Mit dem Flugzeug<\/strong> -Heathrow Airport, Londons Hauptflughafen, bietet eine riesige Menge an Fl\u00fcgen von Deutschland, \u00d6sterreich und der Schweiz an. Die Autofahrt ins Zentrum Devons dauert 3 Stunden und 15 Minuten. Oder Sie nehmen den &#8220;Heathrow Express&#8221; nach London, dann weiter zu Bahnh\u00f6fen, von denen aus Z\u00fcge in die Hauptst\u00e4dte und K\u00fcstenurlaubsorte fahren.<\/p>\n<div class=\"snippet\"> <a class=\"featured-item\" href=\"https:\/\/www.urlaubcornwall.de\/ferienhaeuser\/suedengland.php\"> <span class=\"image-holder\" style=\"background-image: url('https:\/\/www.urlaubcornwall.de\/blog\/wp-content\/uploads\/2018\/12\/ferienhaus-cornwall-mit-hund.jpg');\"><\/span> <span class=\"featured-content\"> \n<h2 class=\"featured-title\">Ferienh\u00e4user in Devon &#038; S\u00fcdengland<\/h2>\n<p class=\"featured-body\">Bei uns finden Sie Ferienh\u00e4user zum Verlieben &#8211; so einfach ist das! Dank seiner langen Geschichte, der reizvollen Landschaften und seinen vielen Attraktionen ist S\u00fcdengland ein wahres Mekka f\u00fcr Urlauber&#8230;..<\/p><\/span> <span class=\"featured-link-holder\"> <span class=\"featured-extra-info\"> \n<p>Pers\u00f6nlich inspizierter Ferienh\u00e4user<\/p>\n<\/span> \n<p class=\"featured-link\">DETAILS<\/p>\n<\/span> <\/a><\/div>\n<p><strong>Mit dem Eurostar durch den Kanaltunnel <\/strong> &#8211; Falls Sie es vorziehen, Ihr Auto zu Hause zu lassen, nehmen Sie den Eurostar von Paris, Br\u00fcssel oder Lille nach St Pancras, London, dem internationalen Bahnhoft. Die Fahrt dauert nur 1 Stunde 15 Minuten von Lille aus, 2 Stunden 20 Minuten von Paris und 2 Stunde 20 Minuten von Br\u00fcssel aus. Sobald Sie in London angekommen sind, haben Sie ein Angebot an regionalen Zugverbindungen, sowie Mietwagen, die Sie zu Ihrer Urlaubsunterkunft bringen k\u00f6nnen. Um s\u00e4mtliche Reiseinformationen und Reservierungsvorg\u00e4nge zu erkunden, besuchen Sie bitte die <a href=\"http:\/\/www.eurostar.com\/uk-en\" target=\"_blank\" rel=\"nofollow noopener\">Seite von Eurostar<\/a>.<\/p>\n<p><strong>Mit dem Auto nach Devon reisen<\/strong> &#8211; Devon ist mit dem Auto leicht zu erreichen \u2013 die M5 f\u00fchrt nach Exeter und verf\u00fcgt \u00fcber ausgezeichnete Verbindungen zu anderen Hauptautobahnen, einschlie\u00dflich der M4, auf die bei Bristol aufgefahren werden kann. Bundesstra\u00dfen schlie\u00dfen sich an die M5 an, einschlie\u00dflich der Norddevon-Verbindungsstra\u00dfe (A361), die vom Autobahnkreuz 27 an nach Norddevon f\u00fchrt. Die A30 f\u00fchrt nach Okehampton und West Devon vom Kreuz 31 an und die Bundesstra\u00dfen A38 und A380 nach Plymouth und auch Torbay (via Weiterf\u00fchrung der M5 am Kreuz 31).<\/p>\n<p>Wenn Sie vom S\u00fcden und Osten kommen und eine eher malerische Route bevorzugen, k\u00f6nnen Sie der M25\/M3, dann der A303\/A30 folgen.<\/p>\n<p><strong>Mit dem Eurostar durch den Kanaltunnel<\/strong> &#8211; Falls Sie es vorziehen, Ihr Auto zu Hause zu lassen, nehmen Sie den Eurostar von Paris, Br\u00fcssel oder Lille nach St Pancras, dem internationalen Bahnhof in London. Die Fahrt dauert nur 1 Stunde 15 Minuten von Lille aus, 2 Stunden 20 Minuten von Paris und 2 Stunde 20 Minuten von Br\u00fcssel aus.<\/p>\n<p>Wenn Sie erst einmal in London angekommen sind, finden Sie regionale Zugverbindungen vor. Au\u00dferdem stehen Mietwagen zur Verf\u00fcgung, mittels derer Sie dann Ihre Ferienunterkunft erreichen k\u00f6nnen. Die beiden Hauptzugverbindungen in die Grafschaft sind die Paddington- und Waterloo- Linien, betrieben von First Great Western und South West Trains. Einige der Hauptbahnh\u00f6fe sind Tiverton, Exeter St. Davids und Plymouth. Um s\u00e4mtliche Reiseinformationen und Reservierungsvorg\u00e4nge zu erkunden, besuchen Sie bitte die <a href=\"http:\/\/www.eurostar.com\/uk-en\" target=\"_blank\" rel=\"nofollow noopener\">Seite von Eurostar<\/a>.<\/p>\n<p><strong>Nehmen Sie die F\u00e4hre oder das Luftkissenfahrzeug (Hoverspeed) \u00fcber den Kanal <\/strong> &#8211; Es gibt eine regelm\u00e4\u00dfige F\u00e4hrverbindung \u00fcber den Kanal zwischen Calais \/ Ostend und Dover. P &amp; O Stena Line und Sea France F\u00e4hren operieren entlang der Calais-Dover Route, w\u00e4hrend Hoverspeed einen raschen Katamaranservice von Calais und Ostende nach Dover bietet. Sie k\u00f6nnen eine \u00dcberfahrt als Fu\u00dfg\u00e4nger oder mit dem Auto buchen. Die F\u00e4hre braucht 1.5 Stunden, der Katamaran nur 50 Minuten.<\/p>\n<div class=\"snippet\"> <a class=\"featured-item\" href=\"https:\/\/www.urlaubcornwall.de\/rundreisen\/cornwall-suedengland.php\"> <span class=\"image-holder\" style=\"background-image: url('https:\/\/www.urlaubcornwall.de\/blog\/wp-content\/uploads\/2019\/01\/DiTn0QVWsAIOgjG.jpg');\"><\/span> <span class=\"featured-content\"> \n<h2 class=\"featured-title\">Rundreisen Cornwall &#038; S\u00fcdengland eine perfekte Kombination<\/h2>\n<p class=\"featured-body\">Die perfekte Reisem\u00f6glichkeit und erm\u00f6glicht es Ihnen, Entdeckungen zu machen und einen Urlaub im eigenen Schritttempo&#8230;.<\/p><\/span> <span class=\"featured-link-holder\"> <span class=\"featured-extra-info\"> \n<p>F\u00fcr Paare, Familien &#038; Gruppen<\/p>\n<\/span> \n<p class=\"featured-link\">DETAILS<\/p>\n<\/span> <\/a><\/div>\n","protected":false},"excerpt":{"rendered":"<p>Es ist ganz einfach, Devon zu besuchen! Es ist eine spektakul\u00e4re und vielf\u00e4ltige Grafschaft. Neben wundersch\u00f6nen Str\u00e4nden und bezaubernder Landschaft, finden Sie au\u00dferdem Nationalparks, urige D\u00f6rfer und St\u00e4dte, historische Geb\u00e4ude und Ruinen, Extremsportarten und einige der besten Speisen und Getr\u00e4nke. Mit Firmensitz in S\u00fcdwestengland bieten wir Ihnen eine fantastische Auswahl handverlesener und pers\u00f6nlich inspizierter Ferienh\u00e4user [&hellip;]<\/p>\n","protected":false},"author":1,"featured_media":0,"parent":0,"menu_order":0,"comment_status":"closed","ping_status":"closed","template":"single-four.php","meta":[],"acf":[],"yoast_head":"<!-- This site is optimized with the Yoast SEO plugin v19.4 - https:\/\/yoast.com\/wordpress\/plugins\/seo\/ -->\n<title>Anreise nach Devon : Urlaubsinformation Devon, S\u00fcdwest-England - Urlaub &amp; Reisen<\/title>\n<meta name=\"robots\" content=\"index, follow, max-snippet:-1, max-image-preview:large, max-video-preview:-1\" \/>\n<link rel=\"canonical\" href=\"https:\/\/www.urlaubcornwall.de\/blog\/anreise-nach-devon-urlaubsinformation-devon-suedwest-england\/\" \/>\n<meta property=\"og:locale\" content=\"en_US\" \/>\n<meta property=\"og:type\" content=\"article\" \/>\n<meta property=\"og:title\" content=\"Anreise nach Devon : Urlaubsinformation Devon, S\u00fcdwest-England - Urlaub &amp; Reisen\" \/>\n<meta property=\"og:description\" content=\"Es ist ganz einfach, Devon zu besuchen! Es ist eine spektakul\u00e4re und vielf\u00e4ltige Grafschaft. Neben wundersch\u00f6nen Str\u00e4nden und bezaubernder Landschaft, finden Sie au\u00dferdem Nationalparks, urige D\u00f6rfer und St\u00e4dte, historische Geb\u00e4ude und Ruinen, Extremsportarten und einige der besten Speisen und Getr\u00e4nke. Mit Firmensitz in S\u00fcdwestengland bieten wir Ihnen eine fantastische Auswahl handverlesener und pers\u00f6nlich inspizierter Ferienh\u00e4user [&hellip;]\" \/>\n<meta property=\"og:url\" content=\"https:\/\/www.urlaubcornwall.de\/blog\/anreise-nach-devon-urlaubsinformation-devon-suedwest-england\/\" \/>\n<meta property=\"og:site_name\" content=\"Urlaub &amp; Reisen\" \/>\n<meta property=\"article:modified_time\" content=\"2024-05-29T07:52:50+00:00\" \/>\n<meta property=\"og:image\" content=\"https:\/\/www.urlaubcornwall.de\/blog\/wp-content\/uploads\/2024\/03\/lynton-devon.jpg\" \/>\n<meta name=\"twitter:card\" content=\"summary\" \/>\n<meta name=\"twitter:label1\" content=\"Est. reading time\" \/>\n\t<meta name=\"twitter:data1\" content=\"4 minutes\" \/>\n<script type=\"application\/ld+json\" class=\"yoast-schema-graph\">{\"@context\":\"https:\/\/schema.org\",\"@graph\":[{\"@type\":\"WebSite\",\"@id\":\"https:\/\/www.urlaubcornwall.de\/blog\/#website\",\"url\":\"https:\/\/www.urlaubcornwall.de\/blog\/\",\"name\":\"Urlaub &amp; Reisen\",\"description\":\"Urlaub, Reisen, Cornwall und S\u00fcdengland: eine perfekte Kombination\",\"potentialAction\":[{\"@type\":\"SearchAction\",\"target\":{\"@type\":\"EntryPoint\",\"urlTemplate\":\"https:\/\/www.urlaubcornwall.de\/blog\/?s={search_term_string}\"},\"query-input\":\"required name=search_term_string\"}],\"inLanguage\":\"en-US\"},{\"@type\":\"WebPage\",\"@id\":\"https:\/\/www.urlaubcornwall.de\/blog\/anreise-nach-devon-urlaubsinformation-devon-suedwest-england\/\",\"url\":\"https:\/\/www.urlaubcornwall.de\/blog\/anreise-nach-devon-urlaubsinformation-devon-suedwest-england\/\",\"name\":\"Anreise nach Devon : Urlaubsinformation Devon, S\u00fcdwest-England - Urlaub &amp; Reisen\",\"isPartOf\":{\"@id\":\"https:\/\/www.urlaubcornwall.de\/blog\/#website\"},\"datePublished\":\"2014-11-21T13:18:36+00:00\",\"dateModified\":\"2024-05-29T07:52:50+00:00\",\"breadcrumb\":{\"@id\":\"https:\/\/www.urlaubcornwall.de\/blog\/anreise-nach-devon-urlaubsinformation-devon-suedwest-england\/#breadcrumb\"},\"inLanguage\":\"en-US\",\"potentialAction\":[{\"@type\":\"ReadAction\",\"target\":[\"https:\/\/www.urlaubcornwall.de\/blog\/anreise-nach-devon-urlaubsinformation-devon-suedwest-england\/\"]}]},{\"@type\":\"BreadcrumbList\",\"@id\":\"https:\/\/www.urlaubcornwall.de\/blog\/anreise-nach-devon-urlaubsinformation-devon-suedwest-england\/#breadcrumb\",\"itemListElement\":[{\"@type\":\"ListItem\",\"position\":1,\"name\":\"Home\",\"item\":\"https:\/\/www.urlaubcornwall.de\/blog\/\"},{\"@type\":\"ListItem\",\"position\":2,\"name\":\"Anreise nach Devon : Urlaubsinformation Devon, S\u00fcdwest-England\"}]}]}<\/script>\n<!-- \/ Yoast SEO plugin. -->","yoast_head_json":{"title":"Anreise nach Devon : Urlaubsinformation Devon, S\u00fcdwest-England - Urlaub &amp; Reisen","robots":{"index":"index","follow":"follow","max-snippet":"max-snippet:-1","max-image-preview":"max-image-preview:large","max-video-preview":"max-video-preview:-1"},"canonical":"https:\/\/www.urlaubcornwall.de\/blog\/anreise-nach-devon-urlaubsinformation-devon-suedwest-england\/","og_locale":"en_US","og_type":"article","og_title":"Anreise nach Devon : Urlaubsinformation Devon, S\u00fcdwest-England - Urlaub &amp; Reisen","og_description":"Es ist ganz einfach, Devon zu besuchen! Es ist eine spektakul\u00e4re und vielf\u00e4ltige Grafschaft. Neben wundersch\u00f6nen Str\u00e4nden und bezaubernder Landschaft, finden Sie au\u00dferdem Nationalparks, urige D\u00f6rfer und St\u00e4dte, historische Geb\u00e4ude und Ruinen, Extremsportarten und einige der besten Speisen und Getr\u00e4nke. Mit Firmensitz in S\u00fcdwestengland bieten wir Ihnen eine fantastische Auswahl handverlesener und pers\u00f6nlich inspizierter Ferienh\u00e4user [&hellip;]","og_url":"https:\/\/www.urlaubcornwall.de\/blog\/anreise-nach-devon-urlaubsinformation-devon-suedwest-england\/","og_site_name":"Urlaub &amp; Reisen","article_modified_time":"2024-05-29T07:52:50+00:00","og_image":[{"url":"https:\/\/www.urlaubcornwall.de\/blog\/wp-content\/uploads\/2024\/03\/lynton-devon.jpg"}],"twitter_card":"summary","twitter_misc":{"Est. reading time":"4 minutes"},"schema":{"@context":"https:\/\/schema.org","@graph":[{"@type":"WebSite","@id":"https:\/\/www.urlaubcornwall.de\/blog\/#website","url":"https:\/\/www.urlaubcornwall.de\/blog\/","name":"Urlaub &amp; Reisen","description":"Urlaub, Reisen, Cornwall und S\u00fcdengland: eine perfekte Kombination","potentialAction":[{"@type":"SearchAction","target":{"@type":"EntryPoint","urlTemplate":"https:\/\/www.urlaubcornwall.de\/blog\/?s={search_term_string}"},"query-input":"required name=search_term_string"}],"inLanguage":"en-US"},{"@type":"WebPage","@id":"https:\/\/www.urlaubcornwall.de\/blog\/anreise-nach-devon-urlaubsinformation-devon-suedwest-england\/","url":"https:\/\/www.urlaubcornwall.de\/blog\/anreise-nach-devon-urlaubsinformation-devon-suedwest-england\/","name":"Anreise nach Devon : Urlaubsinformation Devon, S\u00fcdwest-England - Urlaub &amp; Reisen","isPartOf":{"@id":"https:\/\/www.urlaubcornwall.de\/blog\/#website"},"datePublished":"2014-11-21T13:18:36+00:00","dateModified":"2024-05-29T07:52:50+00:00","breadcrumb":{"@id":"https:\/\/www.urlaubcornwall.de\/blog\/anreise-nach-devon-urlaubsinformation-devon-suedwest-england\/#breadcrumb"},"inLanguage":"en-US","potentialAction":[{"@type":"ReadAction","target":["https:\/\/www.urlaubcornwall.de\/blog\/anreise-nach-devon-urlaubsinformation-devon-suedwest-england\/"]}]},{"@type":"BreadcrumbList","@id":"https:\/\/www.urlaubcornwall.de\/blog\/anreise-nach-devon-urlaubsinformation-devon-suedwest-england\/#breadcrumb","itemListElement":[{"@type":"ListItem","position":1,"name":"Home","item":"https:\/\/www.urlaubcornwall.de\/blog\/"},{"@type":"ListItem","position":2,"name":"Anreise nach Devon : Urlaubsinformation Devon, S\u00fcdwest-England"}]}]}},"_links":{"self":[{"href":"https:\/\/www.urlaubcornwall.de\/blog\/wp-json\/wp\/v2\/pages\/17180"}],"collection":[{"href":"https:\/\/www.urlaubcornwall.de\/blog\/wp-json\/wp\/v2\/pages"}],"about":[{"href":"https:\/\/www.urlaubcornwall.de\/blog\/wp-json\/wp\/v2\/types\/page"}],"author":[{"embeddable":true,"href":"https:\/\/www.urlaubcornwall.de\/blog\/wp-json\/wp\/v2\/users\/1"}],"replies":[{"embeddable":true,"href":"https:\/\/www.urlaubcornwall.de\/blog\/wp-json\/wp\/v2\/comments?post=17180"}],"version-history":[{"count":19,"href":"https:\/\/www.urlaubcornwall.de\/blog\/wp-json\/wp\/v2\/pages\/17180\/revisions"}],"predecessor-version":[{"id":50527,"href":"https:\/\/www.urlaubcornwall.de\/blog\/wp-json\/wp\/v2\/pages\/17180\/revisions\/50527"}],"wp:attachment":[{"href":"https:\/\/www.urlaubcornwall.de\/blog\/wp-json\/wp\/v2\/media?parent=17180"}],"curies":[{"name":"wp","href":"https:\/\/api.w.org\/{rel}","templated":true}]}}