{"id":17164,"date":"2014-11-18T14:29:32","date_gmt":"2014-11-18T14:29:32","guid":{"rendered":"https:\/\/www.urlaubcornwall.de\/blog\/?page_id=17164"},"modified":"2024-05-27T11:30:08","modified_gmt":"2024-05-27T11:30:08","slug":"massgeschneidert-fuer-sie-deutsche-reisebegleitung-cornwall-suedengland-grossbritannien","status":"publish","type":"page","link":"https:\/\/www.urlaubcornwall.de\/blog\/massgeschneidert-fuer-sie-deutsche-reisebegleitung-cornwall-suedengland-grossbritannien\/","title":{"rendered":"Ma\u00dfgeschneidert f\u00fcr Sie \u2013 deutsche Reisebegleitung Cornwall, S\u00fcdengland &#038; Gro\u00dfbritannien"},"content":{"rendered":"<p>UrlaubCornwall ist eine Reiseleiter-Agentur mit Sitz in Truro \/ Cornwall. Wir haben uns auf deutsche Reisegruppen spezialisiert und bieten gef\u00fchrte Touren f\u00fcr Individualreisende bis zu 8 Personen an.Unsere Reiseleiter sind allesamt Deutsch sprechend; Deutsche, die hier in Gro\u00dfbritannien leben. Das zeichnet sie ganz besonders aus, da sie Land, Leute und Gebr\u00e4uche bestens kennen.<\/p>\n<p>Wo immer Ihre Interessen liegen, wir garantieren eine ma\u00dfgeschneiderte Reiseleitung, sei es zu den sch\u00f6nsten G\u00e4rten Cornwalls, herrschaftlichen H\u00e4usern, atemberaubenden Klippen oder Schaupl\u00e4tzen der Rosamunde Pilcher Verfilmungen. Von Port Eliot \u00fcber Padstow, Newquay, Falmouth, die Roseland Halbinsel, das Eden Projekt hin zum Saint Michaels Mount, das Minack Theater \u00fcber das Geevor Zinnbergwerk bis nach St Ives, um nur einige der beliebtesten Reiseziele Cornwalls zu nennen.<\/p>\n<p>Erleben Sie die sch\u00f6nsten Sehensw\u00fcrdigkeiten Ihrer Wahlregion. Wir holen Sie am Flughafen ab und bringen Sie zu Ihrer Ausgangbasis f\u00fcr Ihren ganz individuellen Traumurlaub in Gro\u00dfbritannien.<\/p>\n<div class=\"snippet\"> <a class=\"featured-item\" href=\" https:\/\/www.urlaubcornwall.de\/massgeschneiderte-gruppenreisen-und-touren.php \"> <span class=\"image-holder\" style=\"background-image: url(' https:\/\/www.urlaubcornwall.de\/blog\/wp-content\/uploads\/2024\/05\/gruppenreisen.jpg ');\"><\/span> <span class=\"featured-content\"> \n<h2 class=\"featured-title\"> Ma\u00dfgeschneiderte Gruppenreisen und Touren in Gro\u00dfbritannien<\/h2>\n<p class=\"featured-body\"> Wir k\u00f6nnen Ihnen behilflich sein, eine fantastische Gruppenreise zusammenzustellen, auf der Sie die sch\u00f6nsten Sehensw\u00fcrdigkeiten S\u00fcdenglands entdecken k\u00f6nnen&#8230;.<\/p>\n<\/span> <span class=\"featured-link-holder\"> <span class=\"featured-extra-info\"> \n<p> Auch interessante Themenreisen, Gartenreise, Literaturreise oder Chorreise \u2026<\/p>\n<\/span> \n<p class=\"featured-link\">DETAILS<\/p>\n<\/span> <\/a><\/div>\n<p><strong>Reiseregionen:<\/strong><\/p>\n<p>Rundreise \u00fcber London, Devon &#038; Cornwall in S\u00fcdengland<\/p>\n<p>Cornwall pur \u2013 Wir bringen Sie unter anderem zum s\u00fcdlichsten (Lizard Point) und zum westlichsten (Lands End\/Cape Cornwall) Zipfel Gro\u00dfbritanniens.<\/p>\n<p>Schottland, Wales &#038; Irland<\/p>\n<p><strong>Ma\u00dfgeschneidert f\u00fcr Sie \u2013 deutsche Reisebegleitung:<\/strong><\/p>\n<p>G\u00e4rten, Burgen, Herrenh\u00e4user, Klippen, Attraktionen, Geschichte, Geologie, Literatur, Bahnen (Dampfloks, Bahnstrecken),Yoga<\/p>\n","protected":false},"excerpt":{"rendered":"<p>UrlaubCornwall ist eine Reiseleiter-Agentur mit Sitz in Truro \/ Cornwall. Wir haben uns auf deutsche Reisegruppen spezialisiert und bieten gef\u00fchrte Touren f\u00fcr Individualreisende bis zu 8 Personen an.Unsere Reiseleiter sind allesamt Deutsch sprechend; Deutsche, die hier in Gro\u00dfbritannien leben. Das zeichnet sie ganz besonders aus, da sie Land, Leute und Gebr\u00e4uche bestens kennen. Wo immer [&hellip;]<\/p>\n","protected":false},"author":1,"featured_media":0,"parent":0,"menu_order":0,"comment_status":"closed","ping_status":"closed","template":"single-two.php","meta":[],"acf":[],"yoast_head":"<!-- This site is optimized with the Yoast SEO plugin v19.4 - https:\/\/yoast.com\/wordpress\/plugins\/seo\/ -->\n<title>Ma\u00dfgeschneidert f\u00fcr Sie \u2013 deutsche Reisebegleitung Cornwall, S\u00fcdengland &amp; Gro\u00dfbritannien - Urlaub &amp; Reisen<\/title>\n<meta name=\"robots\" content=\"index, follow, max-snippet:-1, max-image-preview:large, max-video-preview:-1\" \/>\n<link rel=\"canonical\" href=\"https:\/\/www.urlaubcornwall.de\/blog\/massgeschneidert-fuer-sie-deutsche-reisebegleitung-cornwall-suedengland-grossbritannien\/\" \/>\n<meta property=\"og:locale\" content=\"en_US\" \/>\n<meta property=\"og:type\" content=\"article\" \/>\n<meta property=\"og:title\" content=\"Ma\u00dfgeschneidert f\u00fcr Sie \u2013 deutsche Reisebegleitung Cornwall, S\u00fcdengland &amp; Gro\u00dfbritannien - Urlaub &amp; Reisen\" \/>\n<meta property=\"og:description\" content=\"UrlaubCornwall ist eine Reiseleiter-Agentur mit Sitz in Truro \/ Cornwall. Wir haben uns auf deutsche Reisegruppen spezialisiert und bieten gef\u00fchrte Touren f\u00fcr Individualreisende bis zu 8 Personen an.Unsere Reiseleiter sind allesamt Deutsch sprechend; Deutsche, die hier in Gro\u00dfbritannien leben. Das zeichnet sie ganz besonders aus, da sie Land, Leute und Gebr\u00e4uche bestens kennen. Wo immer [&hellip;]\" \/>\n<meta property=\"og:url\" content=\"https:\/\/www.urlaubcornwall.de\/blog\/massgeschneidert-fuer-sie-deutsche-reisebegleitung-cornwall-suedengland-grossbritannien\/\" \/>\n<meta property=\"og:site_name\" content=\"Urlaub &amp; Reisen\" \/>\n<meta property=\"article:modified_time\" content=\"2024-05-27T11:30:08+00:00\" \/>\n<meta name=\"twitter:card\" content=\"summary\" \/>\n<meta name=\"twitter:label1\" content=\"Est. reading time\" \/>\n\t<meta name=\"twitter:data1\" content=\"1 minute\" \/>\n<script type=\"application\/ld+json\" class=\"yoast-schema-graph\">{\"@context\":\"https:\/\/schema.org\",\"@graph\":[{\"@type\":\"WebSite\",\"@id\":\"https:\/\/www.urlaubcornwall.de\/blog\/#website\",\"url\":\"https:\/\/www.urlaubcornwall.de\/blog\/\",\"name\":\"Urlaub &amp; Reisen\",\"description\":\"Urlaub, Reisen, Cornwall und S\u00fcdengland: eine perfekte Kombination\",\"potentialAction\":[{\"@type\":\"SearchAction\",\"target\":{\"@type\":\"EntryPoint\",\"urlTemplate\":\"https:\/\/www.urlaubcornwall.de\/blog\/?s={search_term_string}\"},\"query-input\":\"required name=search_term_string\"}],\"inLanguage\":\"en-US\"},{\"@type\":\"WebPage\",\"@id\":\"https:\/\/www.urlaubcornwall.de\/blog\/massgeschneidert-fuer-sie-deutsche-reisebegleitung-cornwall-suedengland-grossbritannien\/\",\"url\":\"https:\/\/www.urlaubcornwall.de\/blog\/massgeschneidert-fuer-sie-deutsche-reisebegleitung-cornwall-suedengland-grossbritannien\/\",\"name\":\"Ma\u00dfgeschneidert f\u00fcr Sie \u2013 deutsche Reisebegleitung Cornwall, S\u00fcdengland & Gro\u00dfbritannien - Urlaub &amp; Reisen\",\"isPartOf\":{\"@id\":\"https:\/\/www.urlaubcornwall.de\/blog\/#website\"},\"datePublished\":\"2014-11-18T14:29:32+00:00\",\"dateModified\":\"2024-05-27T11:30:08+00:00\",\"breadcrumb\":{\"@id\":\"https:\/\/www.urlaubcornwall.de\/blog\/massgeschneidert-fuer-sie-deutsche-reisebegleitung-cornwall-suedengland-grossbritannien\/#breadcrumb\"},\"inLanguage\":\"en-US\",\"potentialAction\":[{\"@type\":\"ReadAction\",\"target\":[\"https:\/\/www.urlaubcornwall.de\/blog\/massgeschneidert-fuer-sie-deutsche-reisebegleitung-cornwall-suedengland-grossbritannien\/\"]}]},{\"@type\":\"BreadcrumbList\",\"@id\":\"https:\/\/www.urlaubcornwall.de\/blog\/massgeschneidert-fuer-sie-deutsche-reisebegleitung-cornwall-suedengland-grossbritannien\/#breadcrumb\",\"itemListElement\":[{\"@type\":\"ListItem\",\"position\":1,\"name\":\"Home\",\"item\":\"https:\/\/www.urlaubcornwall.de\/blog\/\"},{\"@type\":\"ListItem\",\"position\":2,\"name\":\"Ma\u00dfgeschneidert f\u00fcr Sie \u2013 deutsche Reisebegleitung Cornwall, S\u00fcdengland &#038; Gro\u00dfbritannien\"}]}]}<\/script>\n<!-- \/ Yoast SEO plugin. -->","yoast_head_json":{"title":"Ma\u00dfgeschneidert f\u00fcr Sie \u2013 deutsche Reisebegleitung Cornwall, S\u00fcdengland & Gro\u00dfbritannien - Urlaub &amp; Reisen","robots":{"index":"index","follow":"follow","max-snippet":"max-snippet:-1","max-image-preview":"max-image-preview:large","max-video-preview":"max-video-preview:-1"},"canonical":"https:\/\/www.urlaubcornwall.de\/blog\/massgeschneidert-fuer-sie-deutsche-reisebegleitung-cornwall-suedengland-grossbritannien\/","og_locale":"en_US","og_type":"article","og_title":"Ma\u00dfgeschneidert f\u00fcr Sie \u2013 deutsche Reisebegleitung Cornwall, S\u00fcdengland & Gro\u00dfbritannien - Urlaub &amp; Reisen","og_description":"UrlaubCornwall ist eine Reiseleiter-Agentur mit Sitz in Truro \/ Cornwall. Wir haben uns auf deutsche Reisegruppen spezialisiert und bieten gef\u00fchrte Touren f\u00fcr Individualreisende bis zu 8 Personen an.Unsere Reiseleiter sind allesamt Deutsch sprechend; Deutsche, die hier in Gro\u00dfbritannien leben. Das zeichnet sie ganz besonders aus, da sie Land, Leute und Gebr\u00e4uche bestens kennen. Wo immer [&hellip;]","og_url":"https:\/\/www.urlaubcornwall.de\/blog\/massgeschneidert-fuer-sie-deutsche-reisebegleitung-cornwall-suedengland-grossbritannien\/","og_site_name":"Urlaub &amp; Reisen","article_modified_time":"2024-05-27T11:30:08+00:00","twitter_card":"summary","twitter_misc":{"Est. reading time":"1 minute"},"schema":{"@context":"https:\/\/schema.org","@graph":[{"@type":"WebSite","@id":"https:\/\/www.urlaubcornwall.de\/blog\/#website","url":"https:\/\/www.urlaubcornwall.de\/blog\/","name":"Urlaub &amp; Reisen","description":"Urlaub, Reisen, Cornwall und S\u00fcdengland: eine perfekte Kombination","potentialAction":[{"@type":"SearchAction","target":{"@type":"EntryPoint","urlTemplate":"https:\/\/www.urlaubcornwall.de\/blog\/?s={search_term_string}"},"query-input":"required name=search_term_string"}],"inLanguage":"en-US"},{"@type":"WebPage","@id":"https:\/\/www.urlaubcornwall.de\/blog\/massgeschneidert-fuer-sie-deutsche-reisebegleitung-cornwall-suedengland-grossbritannien\/","url":"https:\/\/www.urlaubcornwall.de\/blog\/massgeschneidert-fuer-sie-deutsche-reisebegleitung-cornwall-suedengland-grossbritannien\/","name":"Ma\u00dfgeschneidert f\u00fcr Sie \u2013 deutsche Reisebegleitung Cornwall, S\u00fcdengland & Gro\u00dfbritannien - Urlaub &amp; Reisen","isPartOf":{"@id":"https:\/\/www.urlaubcornwall.de\/blog\/#website"},"datePublished":"2014-11-18T14:29:32+00:00","dateModified":"2024-05-27T11:30:08+00:00","breadcrumb":{"@id":"https:\/\/www.urlaubcornwall.de\/blog\/massgeschneidert-fuer-sie-deutsche-reisebegleitung-cornwall-suedengland-grossbritannien\/#breadcrumb"},"inLanguage":"en-US","potentialAction":[{"@type":"ReadAction","target":["https:\/\/www.urlaubcornwall.de\/blog\/massgeschneidert-fuer-sie-deutsche-reisebegleitung-cornwall-suedengland-grossbritannien\/"]}]},{"@type":"BreadcrumbList","@id":"https:\/\/www.urlaubcornwall.de\/blog\/massgeschneidert-fuer-sie-deutsche-reisebegleitung-cornwall-suedengland-grossbritannien\/#breadcrumb","itemListElement":[{"@type":"ListItem","position":1,"name":"Home","item":"https:\/\/www.urlaubcornwall.de\/blog\/"},{"@type":"ListItem","position":2,"name":"Ma\u00dfgeschneidert f\u00fcr Sie \u2013 deutsche Reisebegleitung Cornwall, S\u00fcdengland &#038; Gro\u00dfbritannien"}]}]}},"_links":{"self":[{"href":"https:\/\/www.urlaubcornwall.de\/blog\/wp-json\/wp\/v2\/pages\/17164"}],"collection":[{"href":"https:\/\/www.urlaubcornwall.de\/blog\/wp-json\/wp\/v2\/pages"}],"about":[{"href":"https:\/\/www.urlaubcornwall.de\/blog\/wp-json\/wp\/v2\/types\/page"}],"author":[{"embeddable":true,"href":"https:\/\/www.urlaubcornwall.de\/blog\/wp-json\/wp\/v2\/users\/1"}],"replies":[{"embeddable":true,"href":"https:\/\/www.urlaubcornwall.de\/blog\/wp-json\/wp\/v2\/comments?post=17164"}],"version-history":[{"count":13,"href":"https:\/\/www.urlaubcornwall.de\/blog\/wp-json\/wp\/v2\/pages\/17164\/revisions"}],"predecessor-version":[{"id":50275,"href":"https:\/\/www.urlaubcornwall.de\/blog\/wp-json\/wp\/v2\/pages\/17164\/revisions\/50275"}],"wp:attachment":[{"href":"https:\/\/www.urlaubcornwall.de\/blog\/wp-json\/wp\/v2\/media?parent=17164"}],"curies":[{"name":"wp","href":"https:\/\/api.w.org\/{rel}","templated":true}]}}