{"id":17159,"date":"2014-11-18T12:16:01","date_gmt":"2014-11-18T12:16:01","guid":{"rendered":"https:\/\/www.urlaubcornwall.de\/blog\/?page_id=17159"},"modified":"2024-04-15T15:10:13","modified_gmt":"2024-04-15T15:10:13","slug":"anreise-nach-sussex-information-zu-urlaub-in-sussex","status":"publish","type":"page","link":"https:\/\/www.urlaubcornwall.de\/blog\/anreise-nach-sussex-information-zu-urlaub-in-sussex\/","title":{"rendered":"Anreise nach Sussex : Information zu Urlaub in Sussex"},"content":{"rendered":"<p><img loading=\"lazy\" class=\"aligncenter size-full wp-image-41220\" src=\"https:\/\/www.urlaubcornwall.de\/blog\/wp-content\/uploads\/2020\/11\/bosham_hafen_sussex.jpg\" alt=\"bosham_hafen_sussex\" width=\"748\" height=\"499\" srcset=\"https:\/\/www.urlaubcornwall.de\/blog\/wp-content\/uploads\/2020\/11\/bosham_hafen_sussex.jpg 748w, https:\/\/www.urlaubcornwall.de\/blog\/wp-content\/uploads\/2020\/11\/bosham_hafen_sussex-300x200.jpg 300w\" sizes=\"(max-width: 748px) 100vw, 748px\" \/><\/p>\n<p style=\"text-align: left;\">Es ist einfach, nach Sussex zu reisen! Es ist ganz problemlos von Deutschland aus nach Sussex zu reisen, sei es per Schiff, Zug oder Flugzeug. Wenn Sie erst einmal dort sind, werden Sie ein ausgezeichnetes Verkehrsnetz vorfinden, sowie eine Anzahl regionaler und nationaler Bus- oder Zugverbindungen zu s\u00e4mtlichen gr\u00f6\u00dferen Orten und St\u00e4dten Sussex. Wir haben eine fantastische Auswahl handverlesener und pers\u00f6nlich inspizierter <a href=\"https:\/\/www.urlaubcornwall.de\/ferienhaeuser\/sussex.php\">Ferienh\u00e4user und Ferienwohnungen in Sussex<\/a> f\u00fcr Sie im Angebot, sowie Urlaubstipps und Beratung.<\/p>\n<p><strong>Mit dem Flugzeug<\/strong> &#8211; Der internationale Flughafen von Sussex ist Gatwick. Sie k\u00f6nnen dort ein Auto mieten und innerhalb von 90 Minuten mit Leichtigkeit die meisten Ortschaften erreichen, wie zum Beispiel Brighton, Worthing, Chichester oder Eastbourne und Rye.<br \/>\nHeathrow befindet sich ein bisschen weiter entfernt vom Zentrum Sussex, doch sind es immerhin nur 45 Minuten Autofahrt um die M25 herum und dann auf der M23. Oder Sie nehmen den &#8220;Heathrow Express&#8221; nach London und nehmen dort von Bahnh\u00f6fen aus einen Zug zu diversen St\u00e4dten in Sussex.<\/p>\n<div class=\"snippet\"> <a class=\"featured-item\" href=\"https:\/\/www.urlaubcornwall.de\/ferienhaeuser\/sussex.php\"> <span class=\"image-holder\" style=\"background-image: url(' https:\/\/www.urlaubcornwall.de\/blog\/wp-content\/uploads\/2018\/12\/ferienhaus-cornwall-mit-hund.jpg ');\"><\/span> <span class=\"featured-content\"> \n<h2 class=\"featured-title\">Ferienh\u00e4user in Sussex zum Verlieben!<\/h2>\n<p class=\"featured-body\">Die K\u00fcste von Sussex beinhaltet hervorragenden Blick, wie zu den Seven Sisters hin und klassische Urlaubsorte am Meer wie Eastbourne, Worthing und Bognor Regis&#8230;..<\/p><\/span> <span class=\"featured-link-holder\"> <span class=\"featured-extra-info\"> \n<p>F\u00fcr Paare, Familien &#038; Gruppen<\/p>\n<\/span> \n<p class=\"featured-link\">DETAILS<\/p>\n<\/span> <\/a><\/div>\n<p><strong>Mit dem Auto durch den Kanaltunnel<\/strong> &#8211; Reisen Sie schnell und komfortabel mit dem Eurostar. Ihr Auto wird dabei auf einen Zug verladen, bevor es von Calais nach Folkestone an der K\u00fcste Kents in nur 35 Minuten durch den Eurotunnel geht. Folgen Sie dann der Autobahn M20, die durch das Herz der Grafschaft f\u00fchrt. So erreichen Sie rasch Ihr Urlaubsziel. Die Z\u00fcge fahren alle 15-20 Minuten tags\u00fcber und alle 30-60 Minuten nachts. Um weitere Informationen zu erhalten und Tickets zu buchen, besuchen Sie bitte die <a href=\"http:\/\/www.eurotunnel.com\/uk\/home\/\" target=\"_blank\" rel=\"nofollow noopener\"><span style=\"text-decoration: underline;\">Seite des Eurotunnels<\/span><\/a>.<\/p>\n<p><strong>Mit dem Eurostar durch den Kanaltunnel <\/strong> &#8211; Falls Sie es vorziehen, Ihr Auto zu Hause zu lassen, nehmen Sie den Eurostar von Paris, Br\u00fcssel oder Lille nach St Pancras, London, dem internationalen Bahnhoft. Die Fahrt dauert nur 1 Stunde 15 Minuten von Lille aus, 2 Stunden 20 Minuten von Paris und 2 Stunde 20 Minuten von Br\u00fcssel aus. Sobald Sie in London angekommen sind, haben Sie ein Angebot an regionalen Zugverbindungen, sowie Mietwagen, die Sie zu Ihrer Urlaubsunterkunft bringen k\u00f6nnen. Um s\u00e4mtliche Reiseinformationen und Reservierungsvorg\u00e4nge zu erkunden, besuchen Sie bitte die <a href=\"http:\/\/www.eurostar.com\/uk-en\" target=\"_blank\" rel=\"nofollow noopener\"><span style=\"text-decoration: underline;\">Seite von Eurostar<\/span><\/a>.<br \/>\n<strong>Nehmen Sie die F\u00e4hre oder das Luftkissenfahrzeug (Hoverspeed) \u00fcber den Kanal <\/strong> &#8211; Es gibt eine regelm\u00e4\u00dfige F\u00e4hrverbindung \u00fcber den Kanal zwischen Calais \/ Ostend und Dover. P &amp; O Stena Line und Sea France F\u00e4hren operieren entlang der Calais-Dover Route, w\u00e4hrend Hoverspeed einen raschen Katamaranservice von Calais und Ostende nach Dover bietet. Sie k\u00f6nnen eine \u00dcberfahrt als Fu\u00dfg\u00e4nger oder mit dem Auto buchen. Die F\u00e4hre braucht 1.5 Stunden, der Katamaran nur 50 Minuten.<\/p>\n<h2 style=\"text-align: center;\">Unser Rundreisenservice<\/h2>\n<p style=\"text-align: center;\"><a href=\"http:\/\/www.urlaubcornwall.de\/\">UrlaubCornwall.de<\/a> ist ein in Cornwall ans\u00e4ssiges Unternehmen k\u00f6nnen wir uns mit 20 Jahren Erfahrung in der Organisation von Rundreisen durch S\u00fcdwest und S\u00fcdengland r\u00fchmen.<\/p>\n<p style=\"text-align: center;\"><a class=\"tidycta\" href=\"https:\/\/www.urlaubcornwall.de\/anfrage.php\">Rundreisen Anfrage &gt;&gt;<\/a><\/p>\n","protected":false},"excerpt":{"rendered":"<p>Es ist einfach, nach Sussex zu reisen! Es ist ganz problemlos von Deutschland aus nach Sussex zu reisen, sei es per Schiff, Zug oder Flugzeug. Wenn Sie erst einmal dort sind, werden Sie ein ausgezeichnetes Verkehrsnetz vorfinden, sowie eine Anzahl regionaler und nationaler Bus- oder Zugverbindungen zu s\u00e4mtlichen gr\u00f6\u00dferen Orten und St\u00e4dten Sussex. Wir haben [&hellip;]<\/p>\n","protected":false},"author":1,"featured_media":0,"parent":0,"menu_order":0,"comment_status":"closed","ping_status":"closed","template":"single-four.php","meta":[],"acf":[],"yoast_head":"<!-- This site is optimized with the Yoast SEO plugin v19.4 - https:\/\/yoast.com\/wordpress\/plugins\/seo\/ -->\n<title>Anreise nach Sussex : Information zu Urlaub in Sussex - Urlaub &amp; Reisen<\/title>\n<meta name=\"robots\" content=\"index, follow, max-snippet:-1, max-image-preview:large, max-video-preview:-1\" \/>\n<link rel=\"canonical\" href=\"https:\/\/www.urlaubcornwall.de\/blog\/anreise-nach-sussex-information-zu-urlaub-in-sussex\/\" \/>\n<meta property=\"og:locale\" content=\"en_US\" \/>\n<meta property=\"og:type\" content=\"article\" \/>\n<meta property=\"og:title\" content=\"Anreise nach Sussex : Information zu Urlaub in Sussex - Urlaub &amp; Reisen\" \/>\n<meta property=\"og:description\" content=\"Es ist einfach, nach Sussex zu reisen! Es ist ganz problemlos von Deutschland aus nach Sussex zu reisen, sei es per Schiff, Zug oder Flugzeug. Wenn Sie erst einmal dort sind, werden Sie ein ausgezeichnetes Verkehrsnetz vorfinden, sowie eine Anzahl regionaler und nationaler Bus- oder Zugverbindungen zu s\u00e4mtlichen gr\u00f6\u00dferen Orten und St\u00e4dten Sussex. Wir haben [&hellip;]\" \/>\n<meta property=\"og:url\" content=\"https:\/\/www.urlaubcornwall.de\/blog\/anreise-nach-sussex-information-zu-urlaub-in-sussex\/\" \/>\n<meta property=\"og:site_name\" content=\"Urlaub &amp; Reisen\" \/>\n<meta property=\"article:modified_time\" content=\"2024-04-15T15:10:13+00:00\" \/>\n<meta property=\"og:image\" content=\"https:\/\/www.urlaubcornwall.de\/blog\/wp-content\/uploads\/2020\/11\/bosham_hafen_sussex.jpg\" \/>\n<meta name=\"twitter:card\" content=\"summary\" \/>\n<meta name=\"twitter:label1\" content=\"Est. reading time\" \/>\n\t<meta name=\"twitter:data1\" content=\"3 minutes\" \/>\n<script type=\"application\/ld+json\" class=\"yoast-schema-graph\">{\"@context\":\"https:\/\/schema.org\",\"@graph\":[{\"@type\":\"WebSite\",\"@id\":\"https:\/\/www.urlaubcornwall.de\/blog\/#website\",\"url\":\"https:\/\/www.urlaubcornwall.de\/blog\/\",\"name\":\"Urlaub &amp; Reisen\",\"description\":\"Urlaub, Reisen, Cornwall und S\u00fcdengland: eine perfekte Kombination\",\"potentialAction\":[{\"@type\":\"SearchAction\",\"target\":{\"@type\":\"EntryPoint\",\"urlTemplate\":\"https:\/\/www.urlaubcornwall.de\/blog\/?s={search_term_string}\"},\"query-input\":\"required name=search_term_string\"}],\"inLanguage\":\"en-US\"},{\"@type\":\"WebPage\",\"@id\":\"https:\/\/www.urlaubcornwall.de\/blog\/anreise-nach-sussex-information-zu-urlaub-in-sussex\/\",\"url\":\"https:\/\/www.urlaubcornwall.de\/blog\/anreise-nach-sussex-information-zu-urlaub-in-sussex\/\",\"name\":\"Anreise nach Sussex : Information zu Urlaub in Sussex - Urlaub &amp; Reisen\",\"isPartOf\":{\"@id\":\"https:\/\/www.urlaubcornwall.de\/blog\/#website\"},\"datePublished\":\"2014-11-18T12:16:01+00:00\",\"dateModified\":\"2024-04-15T15:10:13+00:00\",\"breadcrumb\":{\"@id\":\"https:\/\/www.urlaubcornwall.de\/blog\/anreise-nach-sussex-information-zu-urlaub-in-sussex\/#breadcrumb\"},\"inLanguage\":\"en-US\",\"potentialAction\":[{\"@type\":\"ReadAction\",\"target\":[\"https:\/\/www.urlaubcornwall.de\/blog\/anreise-nach-sussex-information-zu-urlaub-in-sussex\/\"]}]},{\"@type\":\"BreadcrumbList\",\"@id\":\"https:\/\/www.urlaubcornwall.de\/blog\/anreise-nach-sussex-information-zu-urlaub-in-sussex\/#breadcrumb\",\"itemListElement\":[{\"@type\":\"ListItem\",\"position\":1,\"name\":\"Home\",\"item\":\"https:\/\/www.urlaubcornwall.de\/blog\/\"},{\"@type\":\"ListItem\",\"position\":2,\"name\":\"Anreise nach Sussex : Information zu Urlaub in Sussex\"}]}]}<\/script>\n<!-- \/ Yoast SEO plugin. -->","yoast_head_json":{"title":"Anreise nach Sussex : Information zu Urlaub in Sussex - Urlaub &amp; Reisen","robots":{"index":"index","follow":"follow","max-snippet":"max-snippet:-1","max-image-preview":"max-image-preview:large","max-video-preview":"max-video-preview:-1"},"canonical":"https:\/\/www.urlaubcornwall.de\/blog\/anreise-nach-sussex-information-zu-urlaub-in-sussex\/","og_locale":"en_US","og_type":"article","og_title":"Anreise nach Sussex : Information zu Urlaub in Sussex - Urlaub &amp; Reisen","og_description":"Es ist einfach, nach Sussex zu reisen! Es ist ganz problemlos von Deutschland aus nach Sussex zu reisen, sei es per Schiff, Zug oder Flugzeug. Wenn Sie erst einmal dort sind, werden Sie ein ausgezeichnetes Verkehrsnetz vorfinden, sowie eine Anzahl regionaler und nationaler Bus- oder Zugverbindungen zu s\u00e4mtlichen gr\u00f6\u00dferen Orten und St\u00e4dten Sussex. Wir haben [&hellip;]","og_url":"https:\/\/www.urlaubcornwall.de\/blog\/anreise-nach-sussex-information-zu-urlaub-in-sussex\/","og_site_name":"Urlaub &amp; Reisen","article_modified_time":"2024-04-15T15:10:13+00:00","og_image":[{"url":"https:\/\/www.urlaubcornwall.de\/blog\/wp-content\/uploads\/2020\/11\/bosham_hafen_sussex.jpg"}],"twitter_card":"summary","twitter_misc":{"Est. reading time":"3 minutes"},"schema":{"@context":"https:\/\/schema.org","@graph":[{"@type":"WebSite","@id":"https:\/\/www.urlaubcornwall.de\/blog\/#website","url":"https:\/\/www.urlaubcornwall.de\/blog\/","name":"Urlaub &amp; Reisen","description":"Urlaub, Reisen, Cornwall und S\u00fcdengland: eine perfekte Kombination","potentialAction":[{"@type":"SearchAction","target":{"@type":"EntryPoint","urlTemplate":"https:\/\/www.urlaubcornwall.de\/blog\/?s={search_term_string}"},"query-input":"required name=search_term_string"}],"inLanguage":"en-US"},{"@type":"WebPage","@id":"https:\/\/www.urlaubcornwall.de\/blog\/anreise-nach-sussex-information-zu-urlaub-in-sussex\/","url":"https:\/\/www.urlaubcornwall.de\/blog\/anreise-nach-sussex-information-zu-urlaub-in-sussex\/","name":"Anreise nach Sussex : Information zu Urlaub in Sussex - Urlaub &amp; Reisen","isPartOf":{"@id":"https:\/\/www.urlaubcornwall.de\/blog\/#website"},"datePublished":"2014-11-18T12:16:01+00:00","dateModified":"2024-04-15T15:10:13+00:00","breadcrumb":{"@id":"https:\/\/www.urlaubcornwall.de\/blog\/anreise-nach-sussex-information-zu-urlaub-in-sussex\/#breadcrumb"},"inLanguage":"en-US","potentialAction":[{"@type":"ReadAction","target":["https:\/\/www.urlaubcornwall.de\/blog\/anreise-nach-sussex-information-zu-urlaub-in-sussex\/"]}]},{"@type":"BreadcrumbList","@id":"https:\/\/www.urlaubcornwall.de\/blog\/anreise-nach-sussex-information-zu-urlaub-in-sussex\/#breadcrumb","itemListElement":[{"@type":"ListItem","position":1,"name":"Home","item":"https:\/\/www.urlaubcornwall.de\/blog\/"},{"@type":"ListItem","position":2,"name":"Anreise nach Sussex : Information zu Urlaub in Sussex"}]}]}},"_links":{"self":[{"href":"https:\/\/www.urlaubcornwall.de\/blog\/wp-json\/wp\/v2\/pages\/17159"}],"collection":[{"href":"https:\/\/www.urlaubcornwall.de\/blog\/wp-json\/wp\/v2\/pages"}],"about":[{"href":"https:\/\/www.urlaubcornwall.de\/blog\/wp-json\/wp\/v2\/types\/page"}],"author":[{"embeddable":true,"href":"https:\/\/www.urlaubcornwall.de\/blog\/wp-json\/wp\/v2\/users\/1"}],"replies":[{"embeddable":true,"href":"https:\/\/www.urlaubcornwall.de\/blog\/wp-json\/wp\/v2\/comments?post=17159"}],"version-history":[{"count":20,"href":"https:\/\/www.urlaubcornwall.de\/blog\/wp-json\/wp\/v2\/pages\/17159\/revisions"}],"predecessor-version":[{"id":49648,"href":"https:\/\/www.urlaubcornwall.de\/blog\/wp-json\/wp\/v2\/pages\/17159\/revisions\/49648"}],"wp:attachment":[{"href":"https:\/\/www.urlaubcornwall.de\/blog\/wp-json\/wp\/v2\/media?parent=17159"}],"curies":[{"name":"wp","href":"https:\/\/api.w.org\/{rel}","templated":true}]}}