{"id":17130,"date":"2014-11-16T15:06:39","date_gmt":"2014-11-16T15:06:39","guid":{"rendered":"https:\/\/www.urlaubcornwall.de\/blog\/?page_id=17130"},"modified":"2023-01-05T09:40:48","modified_gmt":"2023-01-05T09:40:48","slug":"ferienhaus-shoreham-hall-house-west-sussex-sussex-downs","status":"publish","type":"page","link":"https:\/\/www.urlaubcornwall.de\/blog\/ferienhaus-shoreham-hall-house-west-sussex-sussex-downs\/","title":{"rendered":"Ferienhaus Shoreham- Hall House, West Sussex, Sussex Downs"},"content":{"rendered":"<p>Dieses entz\u00fcckende Sussex Ferienhaus aus Feuerstein aus dem 15. Jahrhundert liegt in der winzigen Ansiedlung von Clapham West Sussex, direkt an den s\u00fcdlichen H\u00e4ngen der South Downs.<\/p>\n<p><strong>3 Schlafzimmer , Schlafplatz f\u00fcr 6 , leider keine Haustiere erlaubt , Ferienhaus&nbsp; 14 Kilometer von <a href=\"https:\/\/www.urlaubcornwall.de\/ferienhaeuser-fewos\/eng\/sussex\/shoreham-by-sea.html\">Shoreham<\/a> , West Sussex.<\/strong><\/p>\n<p>Dieses h\u00fcbsche, reetgedeckte Cottage in der N\u00e4he von Shoreham ist mit seiner Vielfalt an traditionellen und ungew\u00f6hnlichen Merkmalen ein Paradies f\u00fcr Urlauber. Hall House besteht aus zwei Cottages des 15. Jahrhunderts, die zusammengelegt und vom Sussex Heritage Trust exzessive restauriert wurden. Dabei wurden viele der originalen Materialien verwendet, sowie etliche der traditionellen Bautechniken angewandt. Die Renovierungsarbeiten f\u00fchrten zu einem Design des 20. Jahrhunderts.<\/p>\n<p>W\u00e4hrend sich Hall House einen Gro\u00dfteil des Charakters des Originalgeb\u00e4udes bewahrt hat, bietet es doch heute die Annehmlichkeiten modernen Lebens. Das Cottage verf\u00fcgt \u00fcber drei Treppen, eine zu jedem der Schlafr\u00e4ume. Das tr\u00e4gt mit zum Charme und dem ungew\u00f6hnlichen Charakter hier bei. Zwei dieser Schlafzimmer sind mit Doppelbetten ausgestattet, w\u00e4hrend das dritte Schlafzimmer Zwillingsbetten hat. Es gibt zwei Badezimmer \u2013 einen Duschraum im Erdgeschoss, w\u00e4hrend das andere Badezimmer zwischen zwei Schlafzimmern liegt. Es verf\u00fcgt \u00fcber eine Dusche \u00fcber der Badewanne. Da es sich um ein traditionelles Cottage handelt, ist der Eingang zum Badezimmer niedrig, so dass diejenigen, die sich nicht gut b\u00fccken k\u00f6nnen, m\u00f6glicherweise Schwierigkeiten haben werden. Drau\u00dfen befindet sich ein ruhiger Garten samt Freisitzfl\u00e4che, die die G\u00e4ste genie\u00dfen k\u00f6nnen.<\/p>\n<p style=\"text-align: center;\"><strong>Bei uns finden Sie Ferienh\u00e4user in <a href=\"https:\/\/www.urlaubcornwall.de\/ferienhaeuser-fewos\/eng\/sussex\/shoreham-by-sea.html\">Shoreham<\/a> zum Verlieben \u2013 so einfach ist das!<\/strong><\/p>\n<p style=\"text-align: center;\"><a class=\"tidycta\" href=\"https:\/\/www.urlaubcornwall.de\/ferienhaeuser\/sussex.php\">Suche Ferienh\u00e4user Sussex<\/a><\/p>\n<p style=\"text-align: center;\">UrlaubCornwall.de hat eine einzigartige Sammlung pers\u00f6nlich inspizierter Ferienh\u00e4user und Ferienwohnungen in Sussex,&nbsp;f\u00fcr Ihren Urlaub in <a href=\"https:\/\/www.urlaubcornwall.de\/ferienhaueser\/suedengland.php\">S\u00fcdengland<\/a> und nun auch im gesamten Gro\u00dfbritannien.<\/p>\n","protected":false},"excerpt":{"rendered":"<p>Dieses entz\u00fcckende Sussex Ferienhaus aus Feuerstein aus dem 15. Jahrhundert liegt in der winzigen Ansiedlung von Clapham West Sussex, direkt an den s\u00fcdlichen H\u00e4ngen der South Downs. 3 Schlafzimmer , Schlafplatz f\u00fcr 6 , leider keine Haustiere erlaubt , Ferienhaus&nbsp; 14 Kilometer von Shoreham , West Sussex. Dieses h\u00fcbsche, reetgedeckte Cottage in der N\u00e4he von [&hellip;]<\/p>\n","protected":false},"author":1,"featured_media":0,"parent":0,"menu_order":0,"comment_status":"closed","ping_status":"closed","template":"single-two.php","meta":[],"acf":[],"yoast_head":"<!-- This site is optimized with the Yoast SEO plugin v19.4 - https:\/\/yoast.com\/wordpress\/plugins\/seo\/ -->\n<title>Ferienhaus Shoreham- Hall House, West Sussex, Sussex Downs - Urlaub &amp; Reisen<\/title>\n<meta name=\"robots\" content=\"index, follow, max-snippet:-1, max-image-preview:large, max-video-preview:-1\" \/>\n<link rel=\"canonical\" href=\"https:\/\/www.urlaubcornwall.de\/blog\/ferienhaus-shoreham-hall-house-west-sussex-sussex-downs\/\" \/>\n<meta property=\"og:locale\" content=\"en_US\" \/>\n<meta property=\"og:type\" content=\"article\" \/>\n<meta property=\"og:title\" content=\"Ferienhaus Shoreham- Hall House, West Sussex, Sussex Downs - Urlaub &amp; Reisen\" \/>\n<meta property=\"og:description\" content=\"Dieses entz\u00fcckende Sussex Ferienhaus aus Feuerstein aus dem 15. Jahrhundert liegt in der winzigen Ansiedlung von Clapham West Sussex, direkt an den s\u00fcdlichen H\u00e4ngen der South Downs. 3 Schlafzimmer , Schlafplatz f\u00fcr 6 , leider keine Haustiere erlaubt , Ferienhaus&nbsp; 14 Kilometer von Shoreham , West Sussex. Dieses h\u00fcbsche, reetgedeckte Cottage in der N\u00e4he von [&hellip;]\" \/>\n<meta property=\"og:url\" content=\"https:\/\/www.urlaubcornwall.de\/blog\/ferienhaus-shoreham-hall-house-west-sussex-sussex-downs\/\" \/>\n<meta property=\"og:site_name\" content=\"Urlaub &amp; Reisen\" \/>\n<meta property=\"article:modified_time\" content=\"2023-01-05T09:40:48+00:00\" \/>\n<meta name=\"twitter:card\" content=\"summary\" \/>\n<meta name=\"twitter:label1\" content=\"Est. reading time\" \/>\n\t<meta name=\"twitter:data1\" content=\"2 minutes\" \/>\n<script type=\"application\/ld+json\" class=\"yoast-schema-graph\">{\"@context\":\"https:\/\/schema.org\",\"@graph\":[{\"@type\":\"WebSite\",\"@id\":\"https:\/\/www.urlaubcornwall.de\/blog\/#website\",\"url\":\"https:\/\/www.urlaubcornwall.de\/blog\/\",\"name\":\"Urlaub &amp; Reisen\",\"description\":\"Urlaub, Reisen, Cornwall und S\u00fcdengland: eine perfekte Kombination\",\"potentialAction\":[{\"@type\":\"SearchAction\",\"target\":{\"@type\":\"EntryPoint\",\"urlTemplate\":\"https:\/\/www.urlaubcornwall.de\/blog\/?s={search_term_string}\"},\"query-input\":\"required name=search_term_string\"}],\"inLanguage\":\"en-US\"},{\"@type\":\"WebPage\",\"@id\":\"https:\/\/www.urlaubcornwall.de\/blog\/ferienhaus-shoreham-hall-house-west-sussex-sussex-downs\/\",\"url\":\"https:\/\/www.urlaubcornwall.de\/blog\/ferienhaus-shoreham-hall-house-west-sussex-sussex-downs\/\",\"name\":\"Ferienhaus Shoreham- Hall House, West Sussex, Sussex Downs - Urlaub &amp; Reisen\",\"isPartOf\":{\"@id\":\"https:\/\/www.urlaubcornwall.de\/blog\/#website\"},\"datePublished\":\"2014-11-16T15:06:39+00:00\",\"dateModified\":\"2023-01-05T09:40:48+00:00\",\"breadcrumb\":{\"@id\":\"https:\/\/www.urlaubcornwall.de\/blog\/ferienhaus-shoreham-hall-house-west-sussex-sussex-downs\/#breadcrumb\"},\"inLanguage\":\"en-US\",\"potentialAction\":[{\"@type\":\"ReadAction\",\"target\":[\"https:\/\/www.urlaubcornwall.de\/blog\/ferienhaus-shoreham-hall-house-west-sussex-sussex-downs\/\"]}]},{\"@type\":\"BreadcrumbList\",\"@id\":\"https:\/\/www.urlaubcornwall.de\/blog\/ferienhaus-shoreham-hall-house-west-sussex-sussex-downs\/#breadcrumb\",\"itemListElement\":[{\"@type\":\"ListItem\",\"position\":1,\"name\":\"Home\",\"item\":\"https:\/\/www.urlaubcornwall.de\/blog\/\"},{\"@type\":\"ListItem\",\"position\":2,\"name\":\"Ferienhaus Shoreham- Hall House, West Sussex, Sussex Downs\"}]}]}<\/script>\n<!-- \/ Yoast SEO plugin. -->","yoast_head_json":{"title":"Ferienhaus Shoreham- Hall House, West Sussex, Sussex Downs - Urlaub &amp; Reisen","robots":{"index":"index","follow":"follow","max-snippet":"max-snippet:-1","max-image-preview":"max-image-preview:large","max-video-preview":"max-video-preview:-1"},"canonical":"https:\/\/www.urlaubcornwall.de\/blog\/ferienhaus-shoreham-hall-house-west-sussex-sussex-downs\/","og_locale":"en_US","og_type":"article","og_title":"Ferienhaus Shoreham- Hall House, West Sussex, Sussex Downs - Urlaub &amp; Reisen","og_description":"Dieses entz\u00fcckende Sussex Ferienhaus aus Feuerstein aus dem 15. Jahrhundert liegt in der winzigen Ansiedlung von Clapham West Sussex, direkt an den s\u00fcdlichen H\u00e4ngen der South Downs. 3 Schlafzimmer , Schlafplatz f\u00fcr 6 , leider keine Haustiere erlaubt , Ferienhaus&nbsp; 14 Kilometer von Shoreham , West Sussex. Dieses h\u00fcbsche, reetgedeckte Cottage in der N\u00e4he von [&hellip;]","og_url":"https:\/\/www.urlaubcornwall.de\/blog\/ferienhaus-shoreham-hall-house-west-sussex-sussex-downs\/","og_site_name":"Urlaub &amp; Reisen","article_modified_time":"2023-01-05T09:40:48+00:00","twitter_card":"summary","twitter_misc":{"Est. reading time":"2 minutes"},"schema":{"@context":"https:\/\/schema.org","@graph":[{"@type":"WebSite","@id":"https:\/\/www.urlaubcornwall.de\/blog\/#website","url":"https:\/\/www.urlaubcornwall.de\/blog\/","name":"Urlaub &amp; Reisen","description":"Urlaub, Reisen, Cornwall und S\u00fcdengland: eine perfekte Kombination","potentialAction":[{"@type":"SearchAction","target":{"@type":"EntryPoint","urlTemplate":"https:\/\/www.urlaubcornwall.de\/blog\/?s={search_term_string}"},"query-input":"required name=search_term_string"}],"inLanguage":"en-US"},{"@type":"WebPage","@id":"https:\/\/www.urlaubcornwall.de\/blog\/ferienhaus-shoreham-hall-house-west-sussex-sussex-downs\/","url":"https:\/\/www.urlaubcornwall.de\/blog\/ferienhaus-shoreham-hall-house-west-sussex-sussex-downs\/","name":"Ferienhaus Shoreham- Hall House, West Sussex, Sussex Downs - Urlaub &amp; Reisen","isPartOf":{"@id":"https:\/\/www.urlaubcornwall.de\/blog\/#website"},"datePublished":"2014-11-16T15:06:39+00:00","dateModified":"2023-01-05T09:40:48+00:00","breadcrumb":{"@id":"https:\/\/www.urlaubcornwall.de\/blog\/ferienhaus-shoreham-hall-house-west-sussex-sussex-downs\/#breadcrumb"},"inLanguage":"en-US","potentialAction":[{"@type":"ReadAction","target":["https:\/\/www.urlaubcornwall.de\/blog\/ferienhaus-shoreham-hall-house-west-sussex-sussex-downs\/"]}]},{"@type":"BreadcrumbList","@id":"https:\/\/www.urlaubcornwall.de\/blog\/ferienhaus-shoreham-hall-house-west-sussex-sussex-downs\/#breadcrumb","itemListElement":[{"@type":"ListItem","position":1,"name":"Home","item":"https:\/\/www.urlaubcornwall.de\/blog\/"},{"@type":"ListItem","position":2,"name":"Ferienhaus Shoreham- Hall House, West Sussex, Sussex Downs"}]}]}},"_links":{"self":[{"href":"https:\/\/www.urlaubcornwall.de\/blog\/wp-json\/wp\/v2\/pages\/17130"}],"collection":[{"href":"https:\/\/www.urlaubcornwall.de\/blog\/wp-json\/wp\/v2\/pages"}],"about":[{"href":"https:\/\/www.urlaubcornwall.de\/blog\/wp-json\/wp\/v2\/types\/page"}],"author":[{"embeddable":true,"href":"https:\/\/www.urlaubcornwall.de\/blog\/wp-json\/wp\/v2\/users\/1"}],"replies":[{"embeddable":true,"href":"https:\/\/www.urlaubcornwall.de\/blog\/wp-json\/wp\/v2\/comments?post=17130"}],"version-history":[{"count":6,"href":"https:\/\/www.urlaubcornwall.de\/blog\/wp-json\/wp\/v2\/pages\/17130\/revisions"}],"predecessor-version":[{"id":45734,"href":"https:\/\/www.urlaubcornwall.de\/blog\/wp-json\/wp\/v2\/pages\/17130\/revisions\/45734"}],"wp:attachment":[{"href":"https:\/\/www.urlaubcornwall.de\/blog\/wp-json\/wp\/v2\/media?parent=17130"}],"curies":[{"name":"wp","href":"https:\/\/api.w.org\/{rel}","templated":true}]}}