{"id":17109,"date":"2014-11-16T10:49:55","date_gmt":"2014-11-16T10:49:55","guid":{"rendered":"https:\/\/www.urlaubcornwall.de\/blog\/?page_id=17109"},"modified":"2019-04-01T14:12:30","modified_gmt":"2019-04-01T14:12:30","slug":"the-coach-house-ferienhaus-fuer-gruppen-in-der-naehe-londons","status":"publish","type":"page","link":"https:\/\/www.urlaubcornwall.de\/blog\/the-coach-house-ferienhaus-fuer-gruppen-in-der-naehe-londons\/","title":{"rendered":"Ferienhaus f\u00fcr Gruppen in der N\u00e4he Londons &#8211; The Coach House, Sussex"},"content":{"rendered":"<p><strong>Ferienhaus in Sussex f\u00fcr Familiengruppen bis zu 16 Personen : <\/strong>Genie\u00dfen Sie eine Familienzusammenkunft in diesem traditionellen <a href=\"https:\/\/www.urlaubcornwall.de\/reiseziel\/sussex.php\">Sussex<\/a> Kutschenhaus (Coach House) mit Ausblick Richtung Rudyard Kiplings herrschaftlichem Haus bei Batemans.<\/p>\n<p>Das Coach House befindet sich am Rande eines der malerischsten D\u00f6rfer <a href=\"https:\/\/www.urlaubcornwall.de\/ferienhaeuser-fewos\/eng\/sussex\/sussex-luxus-unterkuenfte.html\">Ostsussex<\/a> mit enger Verbindung zu Rudyard Kipling, dessen Zuhause Batemans ganz in der N\u00e4he ist. Auf einer H\u00fcgelkette des Sussex High Weald gelegen, haben Sie wundersch\u00f6nen Blick \u00fcber die Landschaft hinweg, sowohl nach S\u00fcden als auch nach Norden hin von Burwash. Das Coach House ist wundersch\u00f6n l\u00e4ndlich gelegen. Es ist ein entspannender R\u00fcckzugsort f\u00fcr ein Familientreffen und jeden, der die Vielfalt l\u00e4ndlicher Idylle sch\u00e4tzt.<\/p>\n<p><strong>7 Schlafzimmer , Schlafplatz f\u00fcr 16 ,&nbsp;hundefreundlich , Ferienhaus Burwash 5 Kilometer von Tunbridge Wells , East Sussex.<\/strong><\/p>\n<p>Es befindet sich innerhalb des 11 Ar gro\u00dfen Grund und Bodens des Landhauses der Besitzer und stammt aus dem Jahre 1852 als es Kutschenhaus f\u00fcr die vielen Pferde war, die der Gutsherr besa\u00df. Inzwischen wurde das Geb\u00e4ude angenehm umgestaltet und hat sich viele der originellen Merkmale bewahrt, einschlie\u00dflich der originalen urspr\u00fcnglichen Backsteine, B\u00f6gen und T\u00fcren<\/p>\n<p>Auf dem Grundst\u00fcck befinden sich ein Schwimmbad und ein Spieleraum mit Tischtennisplatte, Tischfu\u00dfball und Pooltisch.<\/p>\n<p>Im Haupthaus des Coach House k\u00f6nnen 12 Personen untergebracht werden. Dabei gibt es die M\u00f6glichkeit, weitere vier G\u00e4ste in einem separaten Anbau \u00fcber den Hof hinweg gelegen, unterzubringen.<\/p>\n<p>Im Haupthaus gibt es im Erdgeschoss drei Doppelschlafzimmer, jedes mit franz\u00f6sischen T\u00fcren und Blick \u00fcber den Garten und Pool. Das Hauptschlafzimmer hat einen en-Suite Duschraum, und es gibt auf dem Erdgeschoss auch ein Badezimmer mit wulstiger Badewanne. Im Obergeschoss befinden sich weitere zwei Schlafzimmer, eines davon als Zwillingsschlafraum eingerichtet mit der M\u00f6glichkeit, ein drittes Bett dazu zu stellen, w\u00e4hrend das andere Schlafzimmer ein Drei-Bett-Schlafzimmer ist. Im Obergeschoss gibt es ein Badezimmer mit Badewanne und separater Dusche.<\/p>\n<p>Der separate Anbau ist v\u00f6llig selbstversorgend mit eigenem Wohnbereich, kleiner K\u00fcche und Badezimmer mit Badewanne und Dusche. Es gibt ein Doppelschlafzimmer und im Hauptwohnbereich ein Sofabett.<\/p>\n<p style=\"text-align: center;\"><strong>Bei uns finden Sie Ferienh\u00e4user zum Verlieben \u2013 so einfach ist das!<\/strong><\/p>\n<p style=\"text-align: center;\">UrlaubCornwall.de hat eine einzigartige Sammlung pers\u00f6nlich inspizierter Ferienh\u00e4user und Ferienwohnungen in Sussex, <a href=\"https:\/\/www.urlaubcornwall.de\/ferienhaueser\/suedengland.php\">S\u00fcdengland<\/a> und nun auch im gesamten Gro\u00dfbritannien.<\/p>\n<p style=\"text-align: center;\"><a class=\"tidycta\" href=\"https:\/\/www.urlaubcornwall.de\/ferienhaeuser\/suedengland.php\">Suche Ferienh\u00e4user in S\u00fcdengland<\/a><\/p>\n","protected":false},"excerpt":{"rendered":"<p>Ferienhaus in Sussex f\u00fcr Familiengruppen bis zu 16 Personen : Genie\u00dfen Sie eine Familienzusammenkunft in diesem traditionellen Sussex Kutschenhaus (Coach House) mit Ausblick Richtung Rudyard Kiplings herrschaftlichem Haus bei Batemans. Das Coach House befindet sich am Rande eines der malerischsten D\u00f6rfer Ostsussex mit enger Verbindung zu Rudyard Kipling, dessen Zuhause Batemans ganz in der N\u00e4he [&hellip;]<\/p>\n","protected":false},"author":1,"featured_media":0,"parent":0,"menu_order":0,"comment_status":"closed","ping_status":"closed","template":"single-two.php","meta":[],"acf":[],"yoast_head":"<!-- This site is optimized with the Yoast SEO plugin v19.4 - https:\/\/yoast.com\/wordpress\/plugins\/seo\/ -->\n<title>Ferienhaus f\u00fcr Gruppen in der N\u00e4he Londons - The Coach House, Sussex - Urlaub &amp; Reisen<\/title>\n<meta name=\"robots\" content=\"index, follow, max-snippet:-1, max-image-preview:large, max-video-preview:-1\" \/>\n<link rel=\"canonical\" href=\"https:\/\/www.urlaubcornwall.de\/blog\/the-coach-house-ferienhaus-fuer-gruppen-in-der-naehe-londons\/\" \/>\n<meta property=\"og:locale\" content=\"en_US\" \/>\n<meta property=\"og:type\" content=\"article\" \/>\n<meta property=\"og:title\" content=\"Ferienhaus f\u00fcr Gruppen in der N\u00e4he Londons - The Coach House, Sussex - Urlaub &amp; Reisen\" \/>\n<meta property=\"og:description\" content=\"Ferienhaus in Sussex f\u00fcr Familiengruppen bis zu 16 Personen : Genie\u00dfen Sie eine Familienzusammenkunft in diesem traditionellen Sussex Kutschenhaus (Coach House) mit Ausblick Richtung Rudyard Kiplings herrschaftlichem Haus bei Batemans. Das Coach House befindet sich am Rande eines der malerischsten D\u00f6rfer Ostsussex mit enger Verbindung zu Rudyard Kipling, dessen Zuhause Batemans ganz in der N\u00e4he [&hellip;]\" \/>\n<meta property=\"og:url\" content=\"https:\/\/www.urlaubcornwall.de\/blog\/the-coach-house-ferienhaus-fuer-gruppen-in-der-naehe-londons\/\" \/>\n<meta property=\"og:site_name\" content=\"Urlaub &amp; Reisen\" \/>\n<meta property=\"article:modified_time\" content=\"2019-04-01T14:12:30+00:00\" \/>\n<meta name=\"twitter:card\" content=\"summary\" \/>\n<meta name=\"twitter:label1\" content=\"Est. reading time\" \/>\n\t<meta name=\"twitter:data1\" content=\"2 minutes\" \/>\n<script type=\"application\/ld+json\" class=\"yoast-schema-graph\">{\"@context\":\"https:\/\/schema.org\",\"@graph\":[{\"@type\":\"WebSite\",\"@id\":\"https:\/\/www.urlaubcornwall.de\/blog\/#website\",\"url\":\"https:\/\/www.urlaubcornwall.de\/blog\/\",\"name\":\"Urlaub &amp; Reisen\",\"description\":\"Urlaub, Reisen, Cornwall und S\u00fcdengland: eine perfekte Kombination\",\"potentialAction\":[{\"@type\":\"SearchAction\",\"target\":{\"@type\":\"EntryPoint\",\"urlTemplate\":\"https:\/\/www.urlaubcornwall.de\/blog\/?s={search_term_string}\"},\"query-input\":\"required name=search_term_string\"}],\"inLanguage\":\"en-US\"},{\"@type\":\"WebPage\",\"@id\":\"https:\/\/www.urlaubcornwall.de\/blog\/the-coach-house-ferienhaus-fuer-gruppen-in-der-naehe-londons\/\",\"url\":\"https:\/\/www.urlaubcornwall.de\/blog\/the-coach-house-ferienhaus-fuer-gruppen-in-der-naehe-londons\/\",\"name\":\"Ferienhaus f\u00fcr Gruppen in der N\u00e4he Londons - The Coach House, Sussex - Urlaub &amp; Reisen\",\"isPartOf\":{\"@id\":\"https:\/\/www.urlaubcornwall.de\/blog\/#website\"},\"datePublished\":\"2014-11-16T10:49:55+00:00\",\"dateModified\":\"2019-04-01T14:12:30+00:00\",\"breadcrumb\":{\"@id\":\"https:\/\/www.urlaubcornwall.de\/blog\/the-coach-house-ferienhaus-fuer-gruppen-in-der-naehe-londons\/#breadcrumb\"},\"inLanguage\":\"en-US\",\"potentialAction\":[{\"@type\":\"ReadAction\",\"target\":[\"https:\/\/www.urlaubcornwall.de\/blog\/the-coach-house-ferienhaus-fuer-gruppen-in-der-naehe-londons\/\"]}]},{\"@type\":\"BreadcrumbList\",\"@id\":\"https:\/\/www.urlaubcornwall.de\/blog\/the-coach-house-ferienhaus-fuer-gruppen-in-der-naehe-londons\/#breadcrumb\",\"itemListElement\":[{\"@type\":\"ListItem\",\"position\":1,\"name\":\"Home\",\"item\":\"https:\/\/www.urlaubcornwall.de\/blog\/\"},{\"@type\":\"ListItem\",\"position\":2,\"name\":\"Ferienhaus f\u00fcr Gruppen in der N\u00e4he Londons &#8211; The Coach House, Sussex\"}]}]}<\/script>\n<!-- \/ Yoast SEO plugin. -->","yoast_head_json":{"title":"Ferienhaus f\u00fcr Gruppen in der N\u00e4he Londons - The Coach House, Sussex - Urlaub &amp; Reisen","robots":{"index":"index","follow":"follow","max-snippet":"max-snippet:-1","max-image-preview":"max-image-preview:large","max-video-preview":"max-video-preview:-1"},"canonical":"https:\/\/www.urlaubcornwall.de\/blog\/the-coach-house-ferienhaus-fuer-gruppen-in-der-naehe-londons\/","og_locale":"en_US","og_type":"article","og_title":"Ferienhaus f\u00fcr Gruppen in der N\u00e4he Londons - The Coach House, Sussex - Urlaub &amp; Reisen","og_description":"Ferienhaus in Sussex f\u00fcr Familiengruppen bis zu 16 Personen : Genie\u00dfen Sie eine Familienzusammenkunft in diesem traditionellen Sussex Kutschenhaus (Coach House) mit Ausblick Richtung Rudyard Kiplings herrschaftlichem Haus bei Batemans. Das Coach House befindet sich am Rande eines der malerischsten D\u00f6rfer Ostsussex mit enger Verbindung zu Rudyard Kipling, dessen Zuhause Batemans ganz in der N\u00e4he [&hellip;]","og_url":"https:\/\/www.urlaubcornwall.de\/blog\/the-coach-house-ferienhaus-fuer-gruppen-in-der-naehe-londons\/","og_site_name":"Urlaub &amp; Reisen","article_modified_time":"2019-04-01T14:12:30+00:00","twitter_card":"summary","twitter_misc":{"Est. reading time":"2 minutes"},"schema":{"@context":"https:\/\/schema.org","@graph":[{"@type":"WebSite","@id":"https:\/\/www.urlaubcornwall.de\/blog\/#website","url":"https:\/\/www.urlaubcornwall.de\/blog\/","name":"Urlaub &amp; Reisen","description":"Urlaub, Reisen, Cornwall und S\u00fcdengland: eine perfekte Kombination","potentialAction":[{"@type":"SearchAction","target":{"@type":"EntryPoint","urlTemplate":"https:\/\/www.urlaubcornwall.de\/blog\/?s={search_term_string}"},"query-input":"required name=search_term_string"}],"inLanguage":"en-US"},{"@type":"WebPage","@id":"https:\/\/www.urlaubcornwall.de\/blog\/the-coach-house-ferienhaus-fuer-gruppen-in-der-naehe-londons\/","url":"https:\/\/www.urlaubcornwall.de\/blog\/the-coach-house-ferienhaus-fuer-gruppen-in-der-naehe-londons\/","name":"Ferienhaus f\u00fcr Gruppen in der N\u00e4he Londons - The Coach House, Sussex - Urlaub &amp; Reisen","isPartOf":{"@id":"https:\/\/www.urlaubcornwall.de\/blog\/#website"},"datePublished":"2014-11-16T10:49:55+00:00","dateModified":"2019-04-01T14:12:30+00:00","breadcrumb":{"@id":"https:\/\/www.urlaubcornwall.de\/blog\/the-coach-house-ferienhaus-fuer-gruppen-in-der-naehe-londons\/#breadcrumb"},"inLanguage":"en-US","potentialAction":[{"@type":"ReadAction","target":["https:\/\/www.urlaubcornwall.de\/blog\/the-coach-house-ferienhaus-fuer-gruppen-in-der-naehe-londons\/"]}]},{"@type":"BreadcrumbList","@id":"https:\/\/www.urlaubcornwall.de\/blog\/the-coach-house-ferienhaus-fuer-gruppen-in-der-naehe-londons\/#breadcrumb","itemListElement":[{"@type":"ListItem","position":1,"name":"Home","item":"https:\/\/www.urlaubcornwall.de\/blog\/"},{"@type":"ListItem","position":2,"name":"Ferienhaus f\u00fcr Gruppen in der N\u00e4he Londons &#8211; The Coach House, Sussex"}]}]}},"_links":{"self":[{"href":"https:\/\/www.urlaubcornwall.de\/blog\/wp-json\/wp\/v2\/pages\/17109"}],"collection":[{"href":"https:\/\/www.urlaubcornwall.de\/blog\/wp-json\/wp\/v2\/pages"}],"about":[{"href":"https:\/\/www.urlaubcornwall.de\/blog\/wp-json\/wp\/v2\/types\/page"}],"author":[{"embeddable":true,"href":"https:\/\/www.urlaubcornwall.de\/blog\/wp-json\/wp\/v2\/users\/1"}],"replies":[{"embeddable":true,"href":"https:\/\/www.urlaubcornwall.de\/blog\/wp-json\/wp\/v2\/comments?post=17109"}],"version-history":[{"count":7,"href":"https:\/\/www.urlaubcornwall.de\/blog\/wp-json\/wp\/v2\/pages\/17109\/revisions"}],"predecessor-version":[{"id":37057,"href":"https:\/\/www.urlaubcornwall.de\/blog\/wp-json\/wp\/v2\/pages\/17109\/revisions\/37057"}],"wp:attachment":[{"href":"https:\/\/www.urlaubcornwall.de\/blog\/wp-json\/wp\/v2\/media?parent=17109"}],"curies":[{"name":"wp","href":"https:\/\/api.w.org\/{rel}","templated":true}]}}