{"id":17099,"date":"2014-11-16T10:37:01","date_gmt":"2014-11-16T10:37:01","guid":{"rendered":"https:\/\/www.urlaubcornwall.de\/blog\/?page_id=17099"},"modified":"2021-08-11T15:15:45","modified_gmt":"2021-08-11T15:15:45","slug":"ferienhaus-wadhurst-alexandra-cottage-east-sussex-sussex-weald","status":"publish","type":"page","link":"https:\/\/www.urlaubcornwall.de\/blog\/ferienhaus-wadhurst-alexandra-cottage-east-sussex-sussex-weald\/","title":{"rendered":"Ferienhaus Wadhurst &#8211; Alexandra Cottage, East Sussex, Sussex Weald"},"content":{"rendered":"<p>Genie\u00dfen Sie einen entspannenden Urlaub in der N\u00e4he von Bewl Water an der Grenze zwischen Sussex &amp; Kent in einem Gebiet voller wundersch\u00f6ner l\u00e4ndlicher D\u00f6rfer.<\/p>\n<p>In der oberen Ecke Ostsussex gelegen, nahe bei Bewl Water und den wundersch\u00f6nen Pashley Manor G\u00e4rten, ist dieses charaktervolle, im Erdgeschoss mit Schutzplanken verkleidete Cottage der 1780gern ein Juwel. Mit seinen traditionellen antiken M\u00f6beln vermittelt es ein echtes Gef\u00fchl jener Jahre, ohne jedoch auf den Komfort verzichten zu m\u00fcssen, den Sie erwarten.<\/p>\n<p><strong>3 Schlafzimmer , Schlafplatz f\u00fcr 5 , leider keine Haustiere erlaubt , Ferienhaus Wadhurst 15 Kilometer von Tunbridge Wells , East Sussex.<\/strong><\/p>\n<p>Das Cottage befindet sich innerhalb einer halben Meile vom malerischen Dorf Ticehurst entfernt und liegt somit ideal, um den Sussex High Weald im Osten der Grafschaft zu genie\u00dfen, sowie die vielen Besucherattraktionen der Gegend, wie Bodiam Castle, Batemans und im S\u00fcden die G\u00e4rten bei Great Dixter.<\/p>\n<p style=\"text-align: center;\"><a class=\"tidycta\" href=\"https:\/\/www.urlaubcornwall.de\/ferienhaeuser-fewos\/eng\/sussex\/wadhurst.html\">Suche Ferienh\u00e4user in Wadhurst<\/a><\/p>\n<p>In den drei Schlafzimmern des Hauses k\u00f6nnen f\u00fcnf G\u00e4ste untergebracht werden. Es ist ein sch\u00f6ner R\u00fcckzugsort, und wir nehmen an, dass besonders die gereifteren Reisenden dies sch\u00e4tzen, all jene, die Unterk\u00fcnfte bevorzugen, die sowohl traditionell als auch heimelig sind. Treten Sie ein durch die Haust\u00fcre in einen gem\u00fctlichen Wohnraum, der mit dem Essbereich ein Ganzes bildet. Der Wintergarten mit Sofa und Lehnst\u00fchlen und Blick \u00fcber den Garten ist ein herrliches Pl\u00e4tzchen, um zu entspannen oder nach einem ereignisreichen Tag einen sp\u00e4ten Nachmittagstee einzunehmen.<\/p>\n<p>Es gibt zwei Doppelschlafzimmer, eines mit bezauberndem \u00fcbergro\u00dfem Himmelbett, das andere mit einem gew\u00f6hnlichen Doppelbett. Das dritte Schlafzimmer ist ausgestattet mit einem Einzelbett, so dass Sie hier flexibel sind. Es gibt nur ein Badezimmer mit Badewanne und separater Dusche. Wir m\u00f6chten darauf hinweisen, dass eine Stufe ins Badezimmer f\u00fchrt, die G\u00e4ste mit eingeschr\u00e4nkter Bewegungsf\u00e4higkeit bitte beachten m\u00f6gen.<\/p>\n<p>Nach hinten hin gelegen, befindet sich ein privater Garten mit einer Mischung aus B\u00fcschen und Str\u00e4uchern, der Abgeschiedenheit bietet.<\/p>\n<p style=\"text-align: center;\"><strong>Bei uns finden Sie Ferienh\u00e4user zum Verlieben \u2013 so einfach ist das!<\/strong><\/p>\n<p style=\"text-align: center;\">UrlaubCornwall.de hat eine einzigartige Sammlung pers\u00f6nlich inspizierter Ferienh\u00e4user und Ferienwohnungen in Sussex, <a href=\"https:\/\/www.urlaubcornwall.de\/ferienhaueser\/suedengland.php\">S\u00fcdengland<\/a> und nun auch im gesamten Gro\u00dfbritannien.<\/p>\n\n\n","protected":false},"excerpt":{"rendered":"<p>Genie\u00dfen Sie einen entspannenden Urlaub in der N\u00e4he von Bewl Water an der Grenze zwischen Sussex &amp; Kent in einem Gebiet voller wundersch\u00f6ner l\u00e4ndlicher D\u00f6rfer. In der oberen Ecke Ostsussex gelegen, nahe bei Bewl Water und den wundersch\u00f6nen Pashley Manor G\u00e4rten, ist dieses charaktervolle, im Erdgeschoss mit Schutzplanken verkleidete Cottage der 1780gern ein Juwel. Mit [&hellip;]<\/p>\n","protected":false},"author":1,"featured_media":0,"parent":0,"menu_order":0,"comment_status":"closed","ping_status":"closed","template":"single-two.php","meta":[],"acf":[],"yoast_head":"<!-- This site is optimized with the Yoast SEO plugin v19.4 - https:\/\/yoast.com\/wordpress\/plugins\/seo\/ -->\n<title>Ferienhaus Wadhurst - Alexandra Cottage, East Sussex, Sussex Weald - Urlaub &amp; Reisen<\/title>\n<meta name=\"robots\" content=\"index, follow, max-snippet:-1, max-image-preview:large, max-video-preview:-1\" \/>\n<link rel=\"canonical\" href=\"https:\/\/www.urlaubcornwall.de\/blog\/ferienhaus-wadhurst-alexandra-cottage-east-sussex-sussex-weald\/\" \/>\n<meta property=\"og:locale\" content=\"en_US\" \/>\n<meta property=\"og:type\" content=\"article\" \/>\n<meta property=\"og:title\" content=\"Ferienhaus Wadhurst - Alexandra Cottage, East Sussex, Sussex Weald - Urlaub &amp; Reisen\" \/>\n<meta property=\"og:description\" content=\"Genie\u00dfen Sie einen entspannenden Urlaub in der N\u00e4he von Bewl Water an der Grenze zwischen Sussex &amp; Kent in einem Gebiet voller wundersch\u00f6ner l\u00e4ndlicher D\u00f6rfer. In der oberen Ecke Ostsussex gelegen, nahe bei Bewl Water und den wundersch\u00f6nen Pashley Manor G\u00e4rten, ist dieses charaktervolle, im Erdgeschoss mit Schutzplanken verkleidete Cottage der 1780gern ein Juwel. Mit [&hellip;]\" \/>\n<meta property=\"og:url\" content=\"https:\/\/www.urlaubcornwall.de\/blog\/ferienhaus-wadhurst-alexandra-cottage-east-sussex-sussex-weald\/\" \/>\n<meta property=\"og:site_name\" content=\"Urlaub &amp; Reisen\" \/>\n<meta property=\"article:modified_time\" content=\"2021-08-11T15:15:45+00:00\" \/>\n<meta name=\"twitter:card\" content=\"summary\" \/>\n<meta name=\"twitter:label1\" content=\"Est. reading time\" \/>\n\t<meta name=\"twitter:data1\" content=\"2 minutes\" \/>\n<script type=\"application\/ld+json\" class=\"yoast-schema-graph\">{\"@context\":\"https:\/\/schema.org\",\"@graph\":[{\"@type\":\"WebSite\",\"@id\":\"https:\/\/www.urlaubcornwall.de\/blog\/#website\",\"url\":\"https:\/\/www.urlaubcornwall.de\/blog\/\",\"name\":\"Urlaub &amp; Reisen\",\"description\":\"Urlaub, Reisen, Cornwall und S\u00fcdengland: eine perfekte Kombination\",\"potentialAction\":[{\"@type\":\"SearchAction\",\"target\":{\"@type\":\"EntryPoint\",\"urlTemplate\":\"https:\/\/www.urlaubcornwall.de\/blog\/?s={search_term_string}\"},\"query-input\":\"required name=search_term_string\"}],\"inLanguage\":\"en-US\"},{\"@type\":\"WebPage\",\"@id\":\"https:\/\/www.urlaubcornwall.de\/blog\/ferienhaus-wadhurst-alexandra-cottage-east-sussex-sussex-weald\/\",\"url\":\"https:\/\/www.urlaubcornwall.de\/blog\/ferienhaus-wadhurst-alexandra-cottage-east-sussex-sussex-weald\/\",\"name\":\"Ferienhaus Wadhurst - Alexandra Cottage, East Sussex, Sussex Weald - Urlaub &amp; Reisen\",\"isPartOf\":{\"@id\":\"https:\/\/www.urlaubcornwall.de\/blog\/#website\"},\"datePublished\":\"2014-11-16T10:37:01+00:00\",\"dateModified\":\"2021-08-11T15:15:45+00:00\",\"breadcrumb\":{\"@id\":\"https:\/\/www.urlaubcornwall.de\/blog\/ferienhaus-wadhurst-alexandra-cottage-east-sussex-sussex-weald\/#breadcrumb\"},\"inLanguage\":\"en-US\",\"potentialAction\":[{\"@type\":\"ReadAction\",\"target\":[\"https:\/\/www.urlaubcornwall.de\/blog\/ferienhaus-wadhurst-alexandra-cottage-east-sussex-sussex-weald\/\"]}]},{\"@type\":\"BreadcrumbList\",\"@id\":\"https:\/\/www.urlaubcornwall.de\/blog\/ferienhaus-wadhurst-alexandra-cottage-east-sussex-sussex-weald\/#breadcrumb\",\"itemListElement\":[{\"@type\":\"ListItem\",\"position\":1,\"name\":\"Home\",\"item\":\"https:\/\/www.urlaubcornwall.de\/blog\/\"},{\"@type\":\"ListItem\",\"position\":2,\"name\":\"Ferienhaus Wadhurst &#8211; Alexandra Cottage, East Sussex, Sussex Weald\"}]}]}<\/script>\n<!-- \/ Yoast SEO plugin. -->","yoast_head_json":{"title":"Ferienhaus Wadhurst - Alexandra Cottage, East Sussex, Sussex Weald - Urlaub &amp; Reisen","robots":{"index":"index","follow":"follow","max-snippet":"max-snippet:-1","max-image-preview":"max-image-preview:large","max-video-preview":"max-video-preview:-1"},"canonical":"https:\/\/www.urlaubcornwall.de\/blog\/ferienhaus-wadhurst-alexandra-cottage-east-sussex-sussex-weald\/","og_locale":"en_US","og_type":"article","og_title":"Ferienhaus Wadhurst - Alexandra Cottage, East Sussex, Sussex Weald - Urlaub &amp; Reisen","og_description":"Genie\u00dfen Sie einen entspannenden Urlaub in der N\u00e4he von Bewl Water an der Grenze zwischen Sussex &amp; Kent in einem Gebiet voller wundersch\u00f6ner l\u00e4ndlicher D\u00f6rfer. In der oberen Ecke Ostsussex gelegen, nahe bei Bewl Water und den wundersch\u00f6nen Pashley Manor G\u00e4rten, ist dieses charaktervolle, im Erdgeschoss mit Schutzplanken verkleidete Cottage der 1780gern ein Juwel. Mit [&hellip;]","og_url":"https:\/\/www.urlaubcornwall.de\/blog\/ferienhaus-wadhurst-alexandra-cottage-east-sussex-sussex-weald\/","og_site_name":"Urlaub &amp; Reisen","article_modified_time":"2021-08-11T15:15:45+00:00","twitter_card":"summary","twitter_misc":{"Est. reading time":"2 minutes"},"schema":{"@context":"https:\/\/schema.org","@graph":[{"@type":"WebSite","@id":"https:\/\/www.urlaubcornwall.de\/blog\/#website","url":"https:\/\/www.urlaubcornwall.de\/blog\/","name":"Urlaub &amp; Reisen","description":"Urlaub, Reisen, Cornwall und S\u00fcdengland: eine perfekte Kombination","potentialAction":[{"@type":"SearchAction","target":{"@type":"EntryPoint","urlTemplate":"https:\/\/www.urlaubcornwall.de\/blog\/?s={search_term_string}"},"query-input":"required name=search_term_string"}],"inLanguage":"en-US"},{"@type":"WebPage","@id":"https:\/\/www.urlaubcornwall.de\/blog\/ferienhaus-wadhurst-alexandra-cottage-east-sussex-sussex-weald\/","url":"https:\/\/www.urlaubcornwall.de\/blog\/ferienhaus-wadhurst-alexandra-cottage-east-sussex-sussex-weald\/","name":"Ferienhaus Wadhurst - Alexandra Cottage, East Sussex, Sussex Weald - Urlaub &amp; Reisen","isPartOf":{"@id":"https:\/\/www.urlaubcornwall.de\/blog\/#website"},"datePublished":"2014-11-16T10:37:01+00:00","dateModified":"2021-08-11T15:15:45+00:00","breadcrumb":{"@id":"https:\/\/www.urlaubcornwall.de\/blog\/ferienhaus-wadhurst-alexandra-cottage-east-sussex-sussex-weald\/#breadcrumb"},"inLanguage":"en-US","potentialAction":[{"@type":"ReadAction","target":["https:\/\/www.urlaubcornwall.de\/blog\/ferienhaus-wadhurst-alexandra-cottage-east-sussex-sussex-weald\/"]}]},{"@type":"BreadcrumbList","@id":"https:\/\/www.urlaubcornwall.de\/blog\/ferienhaus-wadhurst-alexandra-cottage-east-sussex-sussex-weald\/#breadcrumb","itemListElement":[{"@type":"ListItem","position":1,"name":"Home","item":"https:\/\/www.urlaubcornwall.de\/blog\/"},{"@type":"ListItem","position":2,"name":"Ferienhaus Wadhurst &#8211; Alexandra Cottage, East Sussex, Sussex Weald"}]}]}},"_links":{"self":[{"href":"https:\/\/www.urlaubcornwall.de\/blog\/wp-json\/wp\/v2\/pages\/17099"}],"collection":[{"href":"https:\/\/www.urlaubcornwall.de\/blog\/wp-json\/wp\/v2\/pages"}],"about":[{"href":"https:\/\/www.urlaubcornwall.de\/blog\/wp-json\/wp\/v2\/types\/page"}],"author":[{"embeddable":true,"href":"https:\/\/www.urlaubcornwall.de\/blog\/wp-json\/wp\/v2\/users\/1"}],"replies":[{"embeddable":true,"href":"https:\/\/www.urlaubcornwall.de\/blog\/wp-json\/wp\/v2\/comments?post=17099"}],"version-history":[{"count":6,"href":"https:\/\/www.urlaubcornwall.de\/blog\/wp-json\/wp\/v2\/pages\/17099\/revisions"}],"predecessor-version":[{"id":42193,"href":"https:\/\/www.urlaubcornwall.de\/blog\/wp-json\/wp\/v2\/pages\/17099\/revisions\/42193"}],"wp:attachment":[{"href":"https:\/\/www.urlaubcornwall.de\/blog\/wp-json\/wp\/v2\/media?parent=17099"}],"curies":[{"name":"wp","href":"https:\/\/api.w.org\/{rel}","templated":true}]}}