{"id":17090,"date":"2014-11-16T10:14:18","date_gmt":"2014-11-16T10:14:18","guid":{"rendered":"https:\/\/www.urlaubcornwall.de\/blog\/?page_id=17090"},"modified":"2019-02-27T09:44:05","modified_gmt":"2019-02-27T09:44:05","slug":"ferienhaus-lewes-vane-cottage-sussex-suedostengland","status":"publish","type":"page","link":"https:\/\/www.urlaubcornwall.de\/blog\/ferienhaus-lewes-vane-cottage-sussex-suedostengland\/","title":{"rendered":"Ferienhaus Lewes &#8211; Vane Cottage, Sussex, S\u00fcdostengland"},"content":{"rendered":"<p>Dieses Landhaus befindet sich nur zwei Meilen von Lewes entfernt in herrlicher l\u00e4ndlicher Gegend. Sie finden dieses Landhaus an einem ruhigen l\u00e4ndlichen Weg gelegen, der sich entlang der <a href=\"https:\/\/www.urlaubcornwall.de\/reiseziel\/sussex.php\">South Downs <\/a>dahinzieht. Am \u00e4u\u00dfersten Rande des Dorfes Ringmer und nur zwei Meilen entfernt vom historischen Lewes, befindet sich dieses wundervolle traditionelle Cottage innerhalb des Grund und Bodens des Landhauses der Besitzer. Es gibt mehr als 2 Ar zu erkunden, \u00fcber den privaten, nach S\u00fcden hin gelegenen Garten hinaus. Einem entspannenden und friedvollen Urlaub steht also nichts im Wege.<\/p>\n<p><strong>2 Schlafzimmer , Schlafplatz f\u00fcr 4 , leider keine Haustiere erlaubt , Ferienhaus Lewes 14 Kilometer von Brighton , East Sussex .<\/strong><\/p>\n<p>Vane Cottage stellt ein komfortables Zuhause f\u00fcr bis zu 4 G\u00e4ste dar und hat sich den traditionellen Cottagecharakter vergangener Zeiten bewahrt. Das Wohnzimmer mit einem Holzofen in der Ecke, und ein separater Essbereich liegen neben der K\u00fcche. F\u00fcr junge Familien gibt es ein separates Kinderzimmer mit Spielzeug und Spielen. Im Obergeschoss befinden sich zwei Schlafzimmer. Das Hauptschlafzimmer ist mit einem Doppelbett ausgestattet, w\u00e4hrend das zweite Schlafzimmer \u00fcber Zwillingsbetten verf\u00fcgt. Das Familienbadezimmer befindet sich ebenfalls auf dem ersten Stock und ist mit Bad und Dusche ausgestattet.<\/p>\n<p style=\"text-align: center;\"><strong>Bei uns finden Sie Ferienh\u00e4user zum Verlieben \u2013 so einfach ist das!<\/strong><\/p>\n<p style=\"text-align: center;\"><a class=\"tidycta\" href=\"https:\/\/www.urlaubcornwall.de\/ferienhaeuser\/sussex.php\">Suche Ferienh\u00e4user in Sussex<\/a><\/p>\n<p style=\"text-align: center;\">UrlaubCornwall.de hat eine einzigartige Sammlung pers\u00f6nlich inspizierter Ferienh\u00e4user und Ferienwohnungen in Sussex, <a href=\"https:\/\/www.urlaubcornwall.de\/ferienhaueser\/suedengland.php\">S\u00fcdengland<\/a> und nun auch im gesamten Gro\u00dfbritannien.<\/p>\n\n<p><img loading=\"lazy\" class=\"aligncenter size-full wp-image-24598\" src=\"https:\/\/www.urlaubcornwall.de\/blog\/wp-content\/uploads\/2016\/06\/urlaub-und-sudengland_logo-final.jpg\" height=\"361\" width=\"746\"\/><\/p>\n","protected":false},"excerpt":{"rendered":"<p>Dieses Landhaus befindet sich nur zwei Meilen von Lewes entfernt in herrlicher l\u00e4ndlicher Gegend. Sie finden dieses Landhaus an einem ruhigen l\u00e4ndlichen Weg gelegen, der sich entlang der South Downs dahinzieht. Am \u00e4u\u00dfersten Rande des Dorfes Ringmer und nur zwei Meilen entfernt vom historischen Lewes, befindet sich dieses wundervolle traditionelle Cottage innerhalb des Grund und [&hellip;]<\/p>\n","protected":false},"author":1,"featured_media":0,"parent":0,"menu_order":0,"comment_status":"closed","ping_status":"closed","template":"single-two.php","meta":[],"acf":[],"yoast_head":"<!-- This site is optimized with the Yoast SEO plugin v19.4 - https:\/\/yoast.com\/wordpress\/plugins\/seo\/ -->\n<title>Ferienhaus Lewes - Vane Cottage, Sussex, S\u00fcdostengland - Urlaub &amp; Reisen<\/title>\n<meta name=\"robots\" content=\"index, follow, max-snippet:-1, max-image-preview:large, max-video-preview:-1\" \/>\n<link rel=\"canonical\" href=\"https:\/\/www.urlaubcornwall.de\/blog\/ferienhaus-lewes-vane-cottage-sussex-suedostengland\/\" \/>\n<meta property=\"og:locale\" content=\"en_US\" \/>\n<meta property=\"og:type\" content=\"article\" \/>\n<meta property=\"og:title\" content=\"Ferienhaus Lewes - Vane Cottage, Sussex, S\u00fcdostengland - Urlaub &amp; Reisen\" \/>\n<meta property=\"og:description\" content=\"Dieses Landhaus befindet sich nur zwei Meilen von Lewes entfernt in herrlicher l\u00e4ndlicher Gegend. Sie finden dieses Landhaus an einem ruhigen l\u00e4ndlichen Weg gelegen, der sich entlang der South Downs dahinzieht. Am \u00e4u\u00dfersten Rande des Dorfes Ringmer und nur zwei Meilen entfernt vom historischen Lewes, befindet sich dieses wundervolle traditionelle Cottage innerhalb des Grund und [&hellip;]\" \/>\n<meta property=\"og:url\" content=\"https:\/\/www.urlaubcornwall.de\/blog\/ferienhaus-lewes-vane-cottage-sussex-suedostengland\/\" \/>\n<meta property=\"og:site_name\" content=\"Urlaub &amp; Reisen\" \/>\n<meta property=\"article:modified_time\" content=\"2019-02-27T09:44:05+00:00\" \/>\n<meta property=\"og:image\" content=\"https:\/\/www.urlaubcornwall.de\/blog\/wp-content\/uploads\/2016\/06\/urlaub-und-sudengland_logo-final.jpg\" \/>\n<meta name=\"twitter:card\" content=\"summary\" \/>\n<meta name=\"twitter:label1\" content=\"Est. reading time\" \/>\n\t<meta name=\"twitter:data1\" content=\"1 minute\" \/>\n<script type=\"application\/ld+json\" class=\"yoast-schema-graph\">{\"@context\":\"https:\/\/schema.org\",\"@graph\":[{\"@type\":\"WebSite\",\"@id\":\"https:\/\/www.urlaubcornwall.de\/blog\/#website\",\"url\":\"https:\/\/www.urlaubcornwall.de\/blog\/\",\"name\":\"Urlaub &amp; Reisen\",\"description\":\"Urlaub, Reisen, Cornwall und S\u00fcdengland: eine perfekte Kombination\",\"potentialAction\":[{\"@type\":\"SearchAction\",\"target\":{\"@type\":\"EntryPoint\",\"urlTemplate\":\"https:\/\/www.urlaubcornwall.de\/blog\/?s={search_term_string}\"},\"query-input\":\"required name=search_term_string\"}],\"inLanguage\":\"en-US\"},{\"@type\":\"WebPage\",\"@id\":\"https:\/\/www.urlaubcornwall.de\/blog\/ferienhaus-lewes-vane-cottage-sussex-suedostengland\/\",\"url\":\"https:\/\/www.urlaubcornwall.de\/blog\/ferienhaus-lewes-vane-cottage-sussex-suedostengland\/\",\"name\":\"Ferienhaus Lewes - Vane Cottage, Sussex, S\u00fcdostengland - Urlaub &amp; Reisen\",\"isPartOf\":{\"@id\":\"https:\/\/www.urlaubcornwall.de\/blog\/#website\"},\"datePublished\":\"2014-11-16T10:14:18+00:00\",\"dateModified\":\"2019-02-27T09:44:05+00:00\",\"breadcrumb\":{\"@id\":\"https:\/\/www.urlaubcornwall.de\/blog\/ferienhaus-lewes-vane-cottage-sussex-suedostengland\/#breadcrumb\"},\"inLanguage\":\"en-US\",\"potentialAction\":[{\"@type\":\"ReadAction\",\"target\":[\"https:\/\/www.urlaubcornwall.de\/blog\/ferienhaus-lewes-vane-cottage-sussex-suedostengland\/\"]}]},{\"@type\":\"BreadcrumbList\",\"@id\":\"https:\/\/www.urlaubcornwall.de\/blog\/ferienhaus-lewes-vane-cottage-sussex-suedostengland\/#breadcrumb\",\"itemListElement\":[{\"@type\":\"ListItem\",\"position\":1,\"name\":\"Home\",\"item\":\"https:\/\/www.urlaubcornwall.de\/blog\/\"},{\"@type\":\"ListItem\",\"position\":2,\"name\":\"Ferienhaus Lewes &#8211; Vane Cottage, Sussex, S\u00fcdostengland\"}]}]}<\/script>\n<!-- \/ Yoast SEO plugin. -->","yoast_head_json":{"title":"Ferienhaus Lewes - Vane Cottage, Sussex, S\u00fcdostengland - Urlaub &amp; Reisen","robots":{"index":"index","follow":"follow","max-snippet":"max-snippet:-1","max-image-preview":"max-image-preview:large","max-video-preview":"max-video-preview:-1"},"canonical":"https:\/\/www.urlaubcornwall.de\/blog\/ferienhaus-lewes-vane-cottage-sussex-suedostengland\/","og_locale":"en_US","og_type":"article","og_title":"Ferienhaus Lewes - Vane Cottage, Sussex, S\u00fcdostengland - Urlaub &amp; Reisen","og_description":"Dieses Landhaus befindet sich nur zwei Meilen von Lewes entfernt in herrlicher l\u00e4ndlicher Gegend. Sie finden dieses Landhaus an einem ruhigen l\u00e4ndlichen Weg gelegen, der sich entlang der South Downs dahinzieht. Am \u00e4u\u00dfersten Rande des Dorfes Ringmer und nur zwei Meilen entfernt vom historischen Lewes, befindet sich dieses wundervolle traditionelle Cottage innerhalb des Grund und [&hellip;]","og_url":"https:\/\/www.urlaubcornwall.de\/blog\/ferienhaus-lewes-vane-cottage-sussex-suedostengland\/","og_site_name":"Urlaub &amp; Reisen","article_modified_time":"2019-02-27T09:44:05+00:00","og_image":[{"url":"https:\/\/www.urlaubcornwall.de\/blog\/wp-content\/uploads\/2016\/06\/urlaub-und-sudengland_logo-final.jpg"}],"twitter_card":"summary","twitter_misc":{"Est. reading time":"1 minute"},"schema":{"@context":"https:\/\/schema.org","@graph":[{"@type":"WebSite","@id":"https:\/\/www.urlaubcornwall.de\/blog\/#website","url":"https:\/\/www.urlaubcornwall.de\/blog\/","name":"Urlaub &amp; Reisen","description":"Urlaub, Reisen, Cornwall und S\u00fcdengland: eine perfekte Kombination","potentialAction":[{"@type":"SearchAction","target":{"@type":"EntryPoint","urlTemplate":"https:\/\/www.urlaubcornwall.de\/blog\/?s={search_term_string}"},"query-input":"required name=search_term_string"}],"inLanguage":"en-US"},{"@type":"WebPage","@id":"https:\/\/www.urlaubcornwall.de\/blog\/ferienhaus-lewes-vane-cottage-sussex-suedostengland\/","url":"https:\/\/www.urlaubcornwall.de\/blog\/ferienhaus-lewes-vane-cottage-sussex-suedostengland\/","name":"Ferienhaus Lewes - Vane Cottage, Sussex, S\u00fcdostengland - Urlaub &amp; Reisen","isPartOf":{"@id":"https:\/\/www.urlaubcornwall.de\/blog\/#website"},"datePublished":"2014-11-16T10:14:18+00:00","dateModified":"2019-02-27T09:44:05+00:00","breadcrumb":{"@id":"https:\/\/www.urlaubcornwall.de\/blog\/ferienhaus-lewes-vane-cottage-sussex-suedostengland\/#breadcrumb"},"inLanguage":"en-US","potentialAction":[{"@type":"ReadAction","target":["https:\/\/www.urlaubcornwall.de\/blog\/ferienhaus-lewes-vane-cottage-sussex-suedostengland\/"]}]},{"@type":"BreadcrumbList","@id":"https:\/\/www.urlaubcornwall.de\/blog\/ferienhaus-lewes-vane-cottage-sussex-suedostengland\/#breadcrumb","itemListElement":[{"@type":"ListItem","position":1,"name":"Home","item":"https:\/\/www.urlaubcornwall.de\/blog\/"},{"@type":"ListItem","position":2,"name":"Ferienhaus Lewes &#8211; Vane Cottage, Sussex, S\u00fcdostengland"}]}]}},"_links":{"self":[{"href":"https:\/\/www.urlaubcornwall.de\/blog\/wp-json\/wp\/v2\/pages\/17090"}],"collection":[{"href":"https:\/\/www.urlaubcornwall.de\/blog\/wp-json\/wp\/v2\/pages"}],"about":[{"href":"https:\/\/www.urlaubcornwall.de\/blog\/wp-json\/wp\/v2\/types\/page"}],"author":[{"embeddable":true,"href":"https:\/\/www.urlaubcornwall.de\/blog\/wp-json\/wp\/v2\/users\/1"}],"replies":[{"embeddable":true,"href":"https:\/\/www.urlaubcornwall.de\/blog\/wp-json\/wp\/v2\/comments?post=17090"}],"version-history":[{"count":4,"href":"https:\/\/www.urlaubcornwall.de\/blog\/wp-json\/wp\/v2\/pages\/17090\/revisions"}],"predecessor-version":[{"id":36591,"href":"https:\/\/www.urlaubcornwall.de\/blog\/wp-json\/wp\/v2\/pages\/17090\/revisions\/36591"}],"wp:attachment":[{"href":"https:\/\/www.urlaubcornwall.de\/blog\/wp-json\/wp\/v2\/media?parent=17090"}],"curies":[{"name":"wp","href":"https:\/\/api.w.org\/{rel}","templated":true}]}}