{"id":17070,"date":"2014-11-15T16:18:20","date_gmt":"2014-11-15T16:18:20","guid":{"rendered":"https:\/\/www.urlaubcornwall.de\/blog\/?page_id=17070"},"modified":"2019-02-27T10:17:34","modified_gmt":"2019-02-27T10:17:34","slug":"ferienhaus-winchelsea-winchelsea-strand-east-sussex","status":"publish","type":"page","link":"https:\/\/www.urlaubcornwall.de\/blog\/ferienhaus-winchelsea-winchelsea-strand-east-sussex\/","title":{"rendered":"Ferienhaus Winchelsea, Winchelsea Strand, East Sussex"},"content":{"rendered":"<p>Bleiben Sie in diesem sch\u00f6nen, familienfreundlichen Cottage f\u00fcr acht Personen, nahe am Strand gelegen und nur ein paar Meilen entfernt von den <a href=\"https:\/\/www.urlaubcornwall.de\/reiseziel\/sussex.php\">historischen St\u00e4dten Rye und Winchelsea in East Sussex<\/a>.<\/p>\n<p><strong>4 Schlafzimmer , Schlafplatz f\u00fcr 8 , hundefreundlich , Ferienhaus Winchelsea 15 Kilometer von Hastings , East Sussex .<\/strong><\/p>\n<p>Sie betreten den Bungalow durch den Flur. Dieser f\u00fchrt zum Wohn-\/Essbereich mit sonnigem, gro\u00dfr\u00e4umigem Flair und Blick \u00fcber den Vorgarten. Die gut ausgestattete moderne K\u00fcche verf\u00fcgt \u00fcber ausreichend Platz, um f\u00fcr die gesamte Familie zu kochen. Eine T\u00fcr f\u00fchrt in den hinteren Garten. Es gibt vier Schlafzimmer, allesamt licht und luftig. Zwei davon befinden sich auf der Vorderseite des Geb\u00e4udes, weitere zwei auf der R\u00fcckseite mit Blick \u00fcber den Garten. Das Hauptschlafzimmer hat sein eigenes en-Suite Badezimmer, sowie einen weiteren Duschraum. Der umgrenzte Garten liegt gesch\u00fctzt und hat eine Freisitzm\u00f6glichkeit, perfekt f\u00fcr lange, gen\u00fcssliche Mahlzeiten und einen Rasen, wo sich Ihr Hund ausruhen kann. Der Vorgarten hat ein kleines Kinderspielhaus und gen\u00fcgend Raum, um mit dem Fu\u00dfball zu spielen. Es gibt eine lange Zufahrt, die ausreichend Platz f\u00fcr vier Fahrzeuge bietet.<\/p>\n<p style=\"text-align: center;\"><strong>Bei uns finden Sie Ferienh\u00e4user in Sussex zum Verlieben \u2013 so einfach ist das!<\/strong><\/p>\n<p style=\"text-align: center;\"><a class=\"tidycta\" href=\"https:\/\/www.urlaubcornwall.de\/ferienhaeuser\/sussex.php\">Suche Ferienh\u00e4user in Sussex <\/a><\/p>\n<p style=\"text-align: center;\">UrlaubCornwall.de hat eine einzigartige Sammlung pers\u00f6nlich inspizierter Ferienh\u00e4user und Ferienwohnungen in Sussex, <a href=\"https:\/\/www.urlaubcornwall.de\/ferienhaueser\/suedengland.php\">S\u00fcdengland<\/a> und nun auch im gesamten Gro\u00dfbritannien.<\/p>\n\n\n","protected":false},"excerpt":{"rendered":"<p>Bleiben Sie in diesem sch\u00f6nen, familienfreundlichen Cottage f\u00fcr acht Personen, nahe am Strand gelegen und nur ein paar Meilen entfernt von den historischen St\u00e4dten Rye und Winchelsea in East Sussex. 4 Schlafzimmer , Schlafplatz f\u00fcr 8 , hundefreundlich , Ferienhaus Winchelsea 15 Kilometer von Hastings , East Sussex . Sie betreten den Bungalow durch den [&hellip;]<\/p>\n","protected":false},"author":1,"featured_media":0,"parent":0,"menu_order":0,"comment_status":"closed","ping_status":"closed","template":"single-two.php","meta":[],"acf":[],"yoast_head":"<!-- This site is optimized with the Yoast SEO plugin v19.4 - https:\/\/yoast.com\/wordpress\/plugins\/seo\/ -->\n<title>Ferienhaus Winchelsea, Winchelsea Strand, East Sussex - Urlaub &amp; Reisen<\/title>\n<meta name=\"robots\" content=\"index, follow, max-snippet:-1, max-image-preview:large, max-video-preview:-1\" \/>\n<link rel=\"canonical\" href=\"https:\/\/www.urlaubcornwall.de\/blog\/ferienhaus-winchelsea-winchelsea-strand-east-sussex\/\" \/>\n<meta property=\"og:locale\" content=\"en_US\" \/>\n<meta property=\"og:type\" content=\"article\" \/>\n<meta property=\"og:title\" content=\"Ferienhaus Winchelsea, Winchelsea Strand, East Sussex - Urlaub &amp; Reisen\" \/>\n<meta property=\"og:description\" content=\"Bleiben Sie in diesem sch\u00f6nen, familienfreundlichen Cottage f\u00fcr acht Personen, nahe am Strand gelegen und nur ein paar Meilen entfernt von den historischen St\u00e4dten Rye und Winchelsea in East Sussex. 4 Schlafzimmer , Schlafplatz f\u00fcr 8 , hundefreundlich , Ferienhaus Winchelsea 15 Kilometer von Hastings , East Sussex . Sie betreten den Bungalow durch den [&hellip;]\" \/>\n<meta property=\"og:url\" content=\"https:\/\/www.urlaubcornwall.de\/blog\/ferienhaus-winchelsea-winchelsea-strand-east-sussex\/\" \/>\n<meta property=\"og:site_name\" content=\"Urlaub &amp; Reisen\" \/>\n<meta property=\"article:modified_time\" content=\"2019-02-27T10:17:34+00:00\" \/>\n<meta name=\"twitter:card\" content=\"summary\" \/>\n<meta name=\"twitter:label1\" content=\"Est. reading time\" \/>\n\t<meta name=\"twitter:data1\" content=\"1 minute\" \/>\n<script type=\"application\/ld+json\" class=\"yoast-schema-graph\">{\"@context\":\"https:\/\/schema.org\",\"@graph\":[{\"@type\":\"WebSite\",\"@id\":\"https:\/\/www.urlaubcornwall.de\/blog\/#website\",\"url\":\"https:\/\/www.urlaubcornwall.de\/blog\/\",\"name\":\"Urlaub &amp; Reisen\",\"description\":\"Urlaub, Reisen, Cornwall und S\u00fcdengland: eine perfekte Kombination\",\"potentialAction\":[{\"@type\":\"SearchAction\",\"target\":{\"@type\":\"EntryPoint\",\"urlTemplate\":\"https:\/\/www.urlaubcornwall.de\/blog\/?s={search_term_string}\"},\"query-input\":\"required name=search_term_string\"}],\"inLanguage\":\"en-US\"},{\"@type\":\"WebPage\",\"@id\":\"https:\/\/www.urlaubcornwall.de\/blog\/ferienhaus-winchelsea-winchelsea-strand-east-sussex\/\",\"url\":\"https:\/\/www.urlaubcornwall.de\/blog\/ferienhaus-winchelsea-winchelsea-strand-east-sussex\/\",\"name\":\"Ferienhaus Winchelsea, Winchelsea Strand, East Sussex - Urlaub &amp; Reisen\",\"isPartOf\":{\"@id\":\"https:\/\/www.urlaubcornwall.de\/blog\/#website\"},\"datePublished\":\"2014-11-15T16:18:20+00:00\",\"dateModified\":\"2019-02-27T10:17:34+00:00\",\"breadcrumb\":{\"@id\":\"https:\/\/www.urlaubcornwall.de\/blog\/ferienhaus-winchelsea-winchelsea-strand-east-sussex\/#breadcrumb\"},\"inLanguage\":\"en-US\",\"potentialAction\":[{\"@type\":\"ReadAction\",\"target\":[\"https:\/\/www.urlaubcornwall.de\/blog\/ferienhaus-winchelsea-winchelsea-strand-east-sussex\/\"]}]},{\"@type\":\"BreadcrumbList\",\"@id\":\"https:\/\/www.urlaubcornwall.de\/blog\/ferienhaus-winchelsea-winchelsea-strand-east-sussex\/#breadcrumb\",\"itemListElement\":[{\"@type\":\"ListItem\",\"position\":1,\"name\":\"Home\",\"item\":\"https:\/\/www.urlaubcornwall.de\/blog\/\"},{\"@type\":\"ListItem\",\"position\":2,\"name\":\"Ferienhaus Winchelsea, Winchelsea Strand, East Sussex\"}]}]}<\/script>\n<!-- \/ Yoast SEO plugin. -->","yoast_head_json":{"title":"Ferienhaus Winchelsea, Winchelsea Strand, East Sussex - Urlaub &amp; Reisen","robots":{"index":"index","follow":"follow","max-snippet":"max-snippet:-1","max-image-preview":"max-image-preview:large","max-video-preview":"max-video-preview:-1"},"canonical":"https:\/\/www.urlaubcornwall.de\/blog\/ferienhaus-winchelsea-winchelsea-strand-east-sussex\/","og_locale":"en_US","og_type":"article","og_title":"Ferienhaus Winchelsea, Winchelsea Strand, East Sussex - Urlaub &amp; Reisen","og_description":"Bleiben Sie in diesem sch\u00f6nen, familienfreundlichen Cottage f\u00fcr acht Personen, nahe am Strand gelegen und nur ein paar Meilen entfernt von den historischen St\u00e4dten Rye und Winchelsea in East Sussex. 4 Schlafzimmer , Schlafplatz f\u00fcr 8 , hundefreundlich , Ferienhaus Winchelsea 15 Kilometer von Hastings , East Sussex . Sie betreten den Bungalow durch den [&hellip;]","og_url":"https:\/\/www.urlaubcornwall.de\/blog\/ferienhaus-winchelsea-winchelsea-strand-east-sussex\/","og_site_name":"Urlaub &amp; Reisen","article_modified_time":"2019-02-27T10:17:34+00:00","twitter_card":"summary","twitter_misc":{"Est. reading time":"1 minute"},"schema":{"@context":"https:\/\/schema.org","@graph":[{"@type":"WebSite","@id":"https:\/\/www.urlaubcornwall.de\/blog\/#website","url":"https:\/\/www.urlaubcornwall.de\/blog\/","name":"Urlaub &amp; Reisen","description":"Urlaub, Reisen, Cornwall und S\u00fcdengland: eine perfekte Kombination","potentialAction":[{"@type":"SearchAction","target":{"@type":"EntryPoint","urlTemplate":"https:\/\/www.urlaubcornwall.de\/blog\/?s={search_term_string}"},"query-input":"required name=search_term_string"}],"inLanguage":"en-US"},{"@type":"WebPage","@id":"https:\/\/www.urlaubcornwall.de\/blog\/ferienhaus-winchelsea-winchelsea-strand-east-sussex\/","url":"https:\/\/www.urlaubcornwall.de\/blog\/ferienhaus-winchelsea-winchelsea-strand-east-sussex\/","name":"Ferienhaus Winchelsea, Winchelsea Strand, East Sussex - Urlaub &amp; Reisen","isPartOf":{"@id":"https:\/\/www.urlaubcornwall.de\/blog\/#website"},"datePublished":"2014-11-15T16:18:20+00:00","dateModified":"2019-02-27T10:17:34+00:00","breadcrumb":{"@id":"https:\/\/www.urlaubcornwall.de\/blog\/ferienhaus-winchelsea-winchelsea-strand-east-sussex\/#breadcrumb"},"inLanguage":"en-US","potentialAction":[{"@type":"ReadAction","target":["https:\/\/www.urlaubcornwall.de\/blog\/ferienhaus-winchelsea-winchelsea-strand-east-sussex\/"]}]},{"@type":"BreadcrumbList","@id":"https:\/\/www.urlaubcornwall.de\/blog\/ferienhaus-winchelsea-winchelsea-strand-east-sussex\/#breadcrumb","itemListElement":[{"@type":"ListItem","position":1,"name":"Home","item":"https:\/\/www.urlaubcornwall.de\/blog\/"},{"@type":"ListItem","position":2,"name":"Ferienhaus Winchelsea, Winchelsea Strand, East Sussex"}]}]}},"_links":{"self":[{"href":"https:\/\/www.urlaubcornwall.de\/blog\/wp-json\/wp\/v2\/pages\/17070"}],"collection":[{"href":"https:\/\/www.urlaubcornwall.de\/blog\/wp-json\/wp\/v2\/pages"}],"about":[{"href":"https:\/\/www.urlaubcornwall.de\/blog\/wp-json\/wp\/v2\/types\/page"}],"author":[{"embeddable":true,"href":"https:\/\/www.urlaubcornwall.de\/blog\/wp-json\/wp\/v2\/users\/1"}],"replies":[{"embeddable":true,"href":"https:\/\/www.urlaubcornwall.de\/blog\/wp-json\/wp\/v2\/comments?post=17070"}],"version-history":[{"count":5,"href":"https:\/\/www.urlaubcornwall.de\/blog\/wp-json\/wp\/v2\/pages\/17070\/revisions"}],"predecessor-version":[{"id":36597,"href":"https:\/\/www.urlaubcornwall.de\/blog\/wp-json\/wp\/v2\/pages\/17070\/revisions\/36597"}],"wp:attachment":[{"href":"https:\/\/www.urlaubcornwall.de\/blog\/wp-json\/wp\/v2\/media?parent=17070"}],"curies":[{"name":"wp","href":"https:\/\/api.w.org\/{rel}","templated":true}]}}