{"id":17065,"date":"2014-11-15T09:37:12","date_gmt":"2014-11-15T09:37:12","guid":{"rendered":"https:\/\/www.urlaubcornwall.de\/blog\/?page_id=17065"},"modified":"2024-05-29T07:53:45","modified_gmt":"2024-05-29T07:53:45","slug":"familienfreundliche-straende-cornwall-mit-kindern","status":"publish","type":"page","link":"https:\/\/www.urlaubcornwall.de\/blog\/familienfreundliche-straende-cornwall-mit-kindern\/","title":{"rendered":"Familienfreundliche Str\u00e4nde &#8211; Cornwall mit Kindern"},"content":{"rendered":"<p><a href=\"https:\/\/www.urlaubcornwall.de\/blog\/wp-content\/uploads\/2024\/03\/holywell-cornwall-strand-rotated.jpg\"><img loading=\"lazy\" src=\"https:\/\/www.urlaubcornwall.de\/blog\/wp-content\/uploads\/2024\/03\/holywell-cornwall-strand-rotated.jpg\" alt=\"holywell cornwall strand\" width=\"750\" height=\"563\" class=\"alignnone size-full wp-image-47899\" srcset=\"https:\/\/www.urlaubcornwall.de\/blog\/wp-content\/uploads\/2024\/03\/holywell-cornwall-strand-rotated.jpg 750w, https:\/\/www.urlaubcornwall.de\/blog\/wp-content\/uploads\/2024\/03\/holywell-cornwall-strand-300x225.jpg 300w\" sizes=\"(max-width: 750px) 100vw, 750px\" \/><\/a><\/p>\n<p><strong>K\u00fcste Cornwalls : <\/strong>Ob Sie nun nach M\u00f6glichkeiten suchen, wenn Sie Kleinkinder dabei haben oder nach etwas Interessanterem f\u00fcr die unter 10J\u00e4hrigen \u2013 hier finden Sie f\u00fcnf familienfreundliche Str\u00e4nde, die Sie ausprobieren k\u00f6nnen.<\/p>\n<p><strong>M\u00f6glichkeiten am Gyllygnvase Beach, Falmouth<\/strong> &#8211; Der mit blauer Flagge ausgezeichnete Strand Gyllygnvase in <a href=\"http:\/\/www.urlaubcornwall.de\/ferienhaeuser-fewos\/falmouth-umgebung.html\"><strong>Falmouth<\/strong><\/a> zieht das ganze Jahr \u00fcber Familien mit seinen gro\u00dfartigen M\u00f6glichkeiten an. Neben dem RNLI Lebensrettungsservice w\u00e4hrend der Saison bietet er au\u00dferdem Strandvolleyball, eine H\u00fcpfburg und eine Paddelbrettschule, wo Sie die Kunst dieses aufbl\u00fchenden Wassersports erlernen k\u00f6nnen. Es gibt auch ein zeitgen\u00f6ssisches Strandcafe, an dem sich gerne das ganze Jahr \u00fcber verweilen l\u00e4sst mit einer Speisekarte, die den bezaubernden Blick hin\u00fcber zur Pendennis Burg bereichert.<\/p>\n<p><strong>Sandburgen bauen bei Gwithian, Hayle<\/strong> &#8211; Manchmal sind es gerade die einfachsten Dinge, die am meisten Spa\u00df machen, und nirgendwo sonst ist das wahrhaftiger als am Gwithian Strand bei (<a href=\"http:\/\/www.urlaubcornwall.de\/ferienhaeuser-fewos\/st-ives-umgebung.html\"><strong>Hayle\/St Ives<\/strong><\/a>). Alles, was Sie brauchen, sind Eimer und Spaten. Bei Ebbe tut sich ein meilenweiter goldener Sandstrand auf; einfach toll, um Sandburgen zu bauen, L\u00f6cher zu graben und Wassertunnel zu schaffen. Lassen Sie sich von der Umgebung inspirieren und gestalten Sie doch eine Skulptur des Godrevy Leuchtturms oder k\u00e4mpfen Sie mit den Gezeiten mit einer Sandburg am Wasserrand.<\/p>\n<p><strong>Auf Entdeckungssuche am Strand der Talland Bucht, Looe<\/strong> &#8211; Einst ein beliebter Ort f\u00fcr Schmuggler, enth\u00fcllt der Strand der Talland Bucht bei <a href=\"http:\/\/www.urlaubcornwall.de\/ferienhaeuser-fewos\/looe.html\"><strong>Looe<\/strong><\/a> heute eine ganz andere Art F\u00fclle; n\u00e4mlich einen reichen Schatz an bunten Muscheln, h\u00fcbschen Kieseln und Treibholz. Machen Sie einen Spaziergang und f\u00fcllen Sie Ihre Eimer mit etwas K\u00fcste.<\/p>\n<p><img loading=\"lazy\" class=\"aligncenter size-full wp-image-23423\" src=\"https:\/\/www.urlaubcornwall.de\/blog\/wp-content\/uploads\/2016\/04\/Porth-Chapel-strand-Cornwall.jpg\" alt=\"Porth Chapel strand Cornwall\" width=\"748\" height=\"353\" srcset=\"https:\/\/www.urlaubcornwall.de\/blog\/wp-content\/uploads\/2016\/04\/Porth-Chapel-strand-Cornwall.jpg 745w, https:\/\/www.urlaubcornwall.de\/blog\/wp-content\/uploads\/2016\/04\/Porth-Chapel-strand-Cornwall-300x142.jpg 300w\" sizes=\"(max-width: 748px) 100vw, 748px\" \/><\/p>\n<p><strong>Eis essen bei Chapel Porth, St Agnes<\/strong> &#8211; Im Besitz des National Trust, innerhalb einer Landschaft gelegen, die gepr\u00e4gt ist vom Bergbauerbe mit seinen r\u00e4tselhaften Geb\u00e4uden, die auf den Klippen dar\u00fcber sitzen, ist der Strand bei Chapel Porth bei Familien beliebt. Besonders das Speiseeis im kleinen Strandcafe ist bekannt. Und es ist kein normales Eis, es ist ein Igeleis! Unwiderstehliche Leckereien, hoch aufget\u00fcrmtes Eis, Schlagrahm und in Honig ger\u00f6stete Haseln\u00fcsse.<\/p>\n<p><strong>Felspools erkunden am Towan Beach, Portscatho<\/strong> &#8211; Sobald die Flut am Towan Strand in <a href=\"http:\/\/www.urlaubcornwall.de\/ferienhaeuser-fewos\/portscatho.html\"><strong>Portscatho<\/strong><\/a> zur\u00fcck geht, tut sich eine Welt an Pools in den Felsen auf. Schnappen Sie sich also Ihre Fischernetze und erkunden Sie, was sich darin tummelt. Schweifen Sie von einem Felsenpool zum n\u00e4chsten und entdecken Sie die Vielfalt an Meeresleben, welches sich in den winzigen Spalten versteckt. Von flitzenden Fischen und kriechenden Krebsen bis hin zu gruseligen Meereslimonen und festgesogenen Napfschnecken. Sie werden nie vorher wissen, was Sie zwischen dem Seetang und unter Steinen finden werden.<\/p>\n<div class=\"snippet\"> <a class=\"featured-item\" href=\"https:\/\/www.urlaubcornwall.de\/ferienhaeuser\/cornwall.php\"> <span class=\"image-holder\" style=\"background-image: url('https:\/\/www.urlaubcornwall.de\/blog\/wp-content\/uploads\/2018\/12\/familienurlaub-corwnall-snippet.jpg');\"><\/span> <span class=\"featured-content\"> \n<h2 class=\"featured-title\">Ferienh\u00e4user in Cornwall<\/h2>\n<p class=\"featured-body\">Cornwall besitzt mehr K\u00fcstenlinien als jede andere Grafschaft und bietet einige der besten Str\u00e4nde, K\u00fcstenwanderwege und Klippenlandschaften, die man \u00fcberhaupt finden kann&#8230; <\/p><\/span> <span class=\"featured-link-holder\"> <span class=\"featured-extra-info\"> \n<p>F\u00fcr Paare, Familien &#038; Gruppen<\/p>\n<\/span> \n<p class=\"featured-link\">DETAILS<\/p>\n<\/span> <\/a><\/div>\n<p><strong>Kinderfreundlich Ferienh\u00e4user und Ferienwohnungen in Cornwall &#8211;<\/strong> Ob Sie zum ersten Mal mit Ihrem Neugeborenen in den Urlaub fahren oder mit Ihrer ganzen Familie verreisen, es ist einfach gro\u00dfartig, seinen eigenen Wohnbereich zu haben und machen zu k\u00f6nnen, was und wann Sie wollen. Wir bieten <a href=\"https:\/\/www.urlaubcornwall.de\/ferienhaeuser-fewos\/suedwest-england.html\"><span style=\"text-decoration: underline;\" 500+ Ferienh\u00e4user in S\u00fcdwestengland><\/span><\/a> an, die Kinder willkommen hei\u00dfen.<\/p>\n","protected":false},"excerpt":{"rendered":"<p>K\u00fcste Cornwalls : Ob Sie nun nach M\u00f6glichkeiten suchen, wenn Sie Kleinkinder dabei haben oder nach etwas Interessanterem f\u00fcr die unter 10J\u00e4hrigen \u2013 hier finden Sie f\u00fcnf familienfreundliche Str\u00e4nde, die Sie ausprobieren k\u00f6nnen. M\u00f6glichkeiten am Gyllygnvase Beach, Falmouth &#8211; Der mit blauer Flagge ausgezeichnete Strand Gyllygnvase in Falmouth zieht das ganze Jahr \u00fcber Familien mit [&hellip;]<\/p>\n","protected":false},"author":1,"featured_media":0,"parent":0,"menu_order":0,"comment_status":"closed","ping_status":"closed","template":"single-four.php","meta":[],"acf":[],"yoast_head":"<!-- This site is optimized with the Yoast SEO plugin v19.4 - https:\/\/yoast.com\/wordpress\/plugins\/seo\/ -->\n<title>Familienfreundliche Str\u00e4nde - Cornwall mit Kindern - Urlaub &amp; Reisen<\/title>\n<meta name=\"robots\" content=\"index, follow, max-snippet:-1, max-image-preview:large, max-video-preview:-1\" \/>\n<link rel=\"canonical\" href=\"https:\/\/www.urlaubcornwall.de\/blog\/familienfreundliche-straende-cornwall-mit-kindern\/\" \/>\n<meta property=\"og:locale\" content=\"en_US\" \/>\n<meta property=\"og:type\" content=\"article\" \/>\n<meta property=\"og:title\" content=\"Familienfreundliche Str\u00e4nde - Cornwall mit Kindern - Urlaub &amp; Reisen\" \/>\n<meta property=\"og:description\" content=\"K\u00fcste Cornwalls : Ob Sie nun nach M\u00f6glichkeiten suchen, wenn Sie Kleinkinder dabei haben oder nach etwas Interessanterem f\u00fcr die unter 10J\u00e4hrigen \u2013 hier finden Sie f\u00fcnf familienfreundliche Str\u00e4nde, die Sie ausprobieren k\u00f6nnen. M\u00f6glichkeiten am Gyllygnvase Beach, Falmouth &#8211; Der mit blauer Flagge ausgezeichnete Strand Gyllygnvase in Falmouth zieht das ganze Jahr \u00fcber Familien mit [&hellip;]\" \/>\n<meta property=\"og:url\" content=\"https:\/\/www.urlaubcornwall.de\/blog\/familienfreundliche-straende-cornwall-mit-kindern\/\" \/>\n<meta property=\"og:site_name\" content=\"Urlaub &amp; Reisen\" \/>\n<meta property=\"article:modified_time\" content=\"2024-05-29T07:53:45+00:00\" \/>\n<meta property=\"og:image\" content=\"https:\/\/www.urlaubcornwall.de\/blog\/wp-content\/uploads\/2024\/03\/holywell-cornwall-strand-rotated.jpg\" \/>\n<meta name=\"twitter:card\" content=\"summary\" \/>\n<meta name=\"twitter:label1\" content=\"Est. reading time\" \/>\n\t<meta name=\"twitter:data1\" content=\"3 minutes\" \/>\n<script type=\"application\/ld+json\" class=\"yoast-schema-graph\">{\"@context\":\"https:\/\/schema.org\",\"@graph\":[{\"@type\":\"WebSite\",\"@id\":\"https:\/\/www.urlaubcornwall.de\/blog\/#website\",\"url\":\"https:\/\/www.urlaubcornwall.de\/blog\/\",\"name\":\"Urlaub &amp; Reisen\",\"description\":\"Urlaub, Reisen, Cornwall und S\u00fcdengland: eine perfekte Kombination\",\"potentialAction\":[{\"@type\":\"SearchAction\",\"target\":{\"@type\":\"EntryPoint\",\"urlTemplate\":\"https:\/\/www.urlaubcornwall.de\/blog\/?s={search_term_string}\"},\"query-input\":\"required name=search_term_string\"}],\"inLanguage\":\"en-US\"},{\"@type\":\"WebPage\",\"@id\":\"https:\/\/www.urlaubcornwall.de\/blog\/familienfreundliche-straende-cornwall-mit-kindern\/\",\"url\":\"https:\/\/www.urlaubcornwall.de\/blog\/familienfreundliche-straende-cornwall-mit-kindern\/\",\"name\":\"Familienfreundliche Str\u00e4nde - Cornwall mit Kindern - Urlaub &amp; Reisen\",\"isPartOf\":{\"@id\":\"https:\/\/www.urlaubcornwall.de\/blog\/#website\"},\"datePublished\":\"2014-11-15T09:37:12+00:00\",\"dateModified\":\"2024-05-29T07:53:45+00:00\",\"breadcrumb\":{\"@id\":\"https:\/\/www.urlaubcornwall.de\/blog\/familienfreundliche-straende-cornwall-mit-kindern\/#breadcrumb\"},\"inLanguage\":\"en-US\",\"potentialAction\":[{\"@type\":\"ReadAction\",\"target\":[\"https:\/\/www.urlaubcornwall.de\/blog\/familienfreundliche-straende-cornwall-mit-kindern\/\"]}]},{\"@type\":\"BreadcrumbList\",\"@id\":\"https:\/\/www.urlaubcornwall.de\/blog\/familienfreundliche-straende-cornwall-mit-kindern\/#breadcrumb\",\"itemListElement\":[{\"@type\":\"ListItem\",\"position\":1,\"name\":\"Home\",\"item\":\"https:\/\/www.urlaubcornwall.de\/blog\/\"},{\"@type\":\"ListItem\",\"position\":2,\"name\":\"Familienfreundliche Str\u00e4nde &#8211; Cornwall mit Kindern\"}]}]}<\/script>\n<!-- \/ Yoast SEO plugin. -->","yoast_head_json":{"title":"Familienfreundliche Str\u00e4nde - Cornwall mit Kindern - Urlaub &amp; Reisen","robots":{"index":"index","follow":"follow","max-snippet":"max-snippet:-1","max-image-preview":"max-image-preview:large","max-video-preview":"max-video-preview:-1"},"canonical":"https:\/\/www.urlaubcornwall.de\/blog\/familienfreundliche-straende-cornwall-mit-kindern\/","og_locale":"en_US","og_type":"article","og_title":"Familienfreundliche Str\u00e4nde - Cornwall mit Kindern - Urlaub &amp; Reisen","og_description":"K\u00fcste Cornwalls : Ob Sie nun nach M\u00f6glichkeiten suchen, wenn Sie Kleinkinder dabei haben oder nach etwas Interessanterem f\u00fcr die unter 10J\u00e4hrigen \u2013 hier finden Sie f\u00fcnf familienfreundliche Str\u00e4nde, die Sie ausprobieren k\u00f6nnen. M\u00f6glichkeiten am Gyllygnvase Beach, Falmouth &#8211; Der mit blauer Flagge ausgezeichnete Strand Gyllygnvase in Falmouth zieht das ganze Jahr \u00fcber Familien mit [&hellip;]","og_url":"https:\/\/www.urlaubcornwall.de\/blog\/familienfreundliche-straende-cornwall-mit-kindern\/","og_site_name":"Urlaub &amp; Reisen","article_modified_time":"2024-05-29T07:53:45+00:00","og_image":[{"url":"https:\/\/www.urlaubcornwall.de\/blog\/wp-content\/uploads\/2024\/03\/holywell-cornwall-strand-rotated.jpg"}],"twitter_card":"summary","twitter_misc":{"Est. reading time":"3 minutes"},"schema":{"@context":"https:\/\/schema.org","@graph":[{"@type":"WebSite","@id":"https:\/\/www.urlaubcornwall.de\/blog\/#website","url":"https:\/\/www.urlaubcornwall.de\/blog\/","name":"Urlaub &amp; Reisen","description":"Urlaub, Reisen, Cornwall und S\u00fcdengland: eine perfekte Kombination","potentialAction":[{"@type":"SearchAction","target":{"@type":"EntryPoint","urlTemplate":"https:\/\/www.urlaubcornwall.de\/blog\/?s={search_term_string}"},"query-input":"required name=search_term_string"}],"inLanguage":"en-US"},{"@type":"WebPage","@id":"https:\/\/www.urlaubcornwall.de\/blog\/familienfreundliche-straende-cornwall-mit-kindern\/","url":"https:\/\/www.urlaubcornwall.de\/blog\/familienfreundliche-straende-cornwall-mit-kindern\/","name":"Familienfreundliche Str\u00e4nde - Cornwall mit Kindern - Urlaub &amp; Reisen","isPartOf":{"@id":"https:\/\/www.urlaubcornwall.de\/blog\/#website"},"datePublished":"2014-11-15T09:37:12+00:00","dateModified":"2024-05-29T07:53:45+00:00","breadcrumb":{"@id":"https:\/\/www.urlaubcornwall.de\/blog\/familienfreundliche-straende-cornwall-mit-kindern\/#breadcrumb"},"inLanguage":"en-US","potentialAction":[{"@type":"ReadAction","target":["https:\/\/www.urlaubcornwall.de\/blog\/familienfreundliche-straende-cornwall-mit-kindern\/"]}]},{"@type":"BreadcrumbList","@id":"https:\/\/www.urlaubcornwall.de\/blog\/familienfreundliche-straende-cornwall-mit-kindern\/#breadcrumb","itemListElement":[{"@type":"ListItem","position":1,"name":"Home","item":"https:\/\/www.urlaubcornwall.de\/blog\/"},{"@type":"ListItem","position":2,"name":"Familienfreundliche Str\u00e4nde &#8211; Cornwall mit Kindern"}]}]}},"_links":{"self":[{"href":"https:\/\/www.urlaubcornwall.de\/blog\/wp-json\/wp\/v2\/pages\/17065"}],"collection":[{"href":"https:\/\/www.urlaubcornwall.de\/blog\/wp-json\/wp\/v2\/pages"}],"about":[{"href":"https:\/\/www.urlaubcornwall.de\/blog\/wp-json\/wp\/v2\/types\/page"}],"author":[{"embeddable":true,"href":"https:\/\/www.urlaubcornwall.de\/blog\/wp-json\/wp\/v2\/users\/1"}],"replies":[{"embeddable":true,"href":"https:\/\/www.urlaubcornwall.de\/blog\/wp-json\/wp\/v2\/comments?post=17065"}],"version-history":[{"count":11,"href":"https:\/\/www.urlaubcornwall.de\/blog\/wp-json\/wp\/v2\/pages\/17065\/revisions"}],"predecessor-version":[{"id":50528,"href":"https:\/\/www.urlaubcornwall.de\/blog\/wp-json\/wp\/v2\/pages\/17065\/revisions\/50528"}],"wp:attachment":[{"href":"https:\/\/www.urlaubcornwall.de\/blog\/wp-json\/wp\/v2\/media?parent=17065"}],"curies":[{"name":"wp","href":"https:\/\/api.w.org\/{rel}","templated":true}]}}