{"id":17056,"date":"2014-11-14T14:38:08","date_gmt":"2014-11-14T14:38:08","guid":{"rendered":"https:\/\/www.urlaubcornwall.de\/blog\/?page_id=17056"},"modified":"2019-02-27T10:16:41","modified_gmt":"2019-02-27T10:16:41","slug":"ferienhaus-west-wittering-pheasant-cottage-sussex-england","status":"publish","type":"page","link":"https:\/\/www.urlaubcornwall.de\/blog\/ferienhaus-west-wittering-pheasant-cottage-sussex-england\/","title":{"rendered":"Ferienhaus West Wittering &#8211; Pheasant Cottage, Sussex, England"},"content":{"rendered":"<p>Genie\u00dfen Sie einen entspannenden Familienurlaub in einem wundersch\u00f6nen Dorf in der N\u00e4he von West Wittering in Sussex. Sie finden dort herrliche Spazierm\u00f6glichkeiten vor Ort, sowie Bootsfahrten um den Chichester Hafen herum.<\/p>\n<p>Pheasant Ferienhaus ist eines von zwei hervorragend pr\u00e4sentierten H\u00e4usern, am Rande des malerischen Dorfes Itchenor gelegen, das sich wiederum innerhalb der wundersch\u00f6nen Hafengegend Chichesters befindet. Das Nachbarcottage hei\u00dft Owl Cottage (Eulenh\u00e4uschen). Somit sind beide H\u00e4user angemessen benannt, wenn Sie die Vielfalt an Vogelarten in dieser sehr l\u00e4ndlichen Gegend bedenken. Die Gegend bietet sich zum Wandern und Radfahren an und befindet sich weniger als zwei Meilen entfernt von den Str\u00e4nden blauer Flagge bei West Wittering.<\/p>\n<p><strong>3 Schlafzimmer , Schlafplatz f\u00fcr 6 , leider keine Haustiere erlaubt , Ferienhaus West Wittering 6 Kilometer von Chichester , West Sussex .<\/strong><\/p>\n<p>Das Cottage bietet eine gut durchdachte Unterkunft f\u00fcr bis zu 6 G\u00e4ste und ist durch und durch au\u00dferordentlich pr\u00e4sentiert. Es gibt ein \u00fcbergro\u00dfes Schlafzimmer unten samt gro\u00dfem Duschraum mit erweiterten T\u00fcren f\u00fcr G\u00e4ste mit Gehbehinderungen. Im Obergeschoss befinden sich weitere zwei Schlafzimmer, jedes davon mit en-Suite Duschr\u00e4umen. Das Hauptschlafzimmer hat auch ein \u00fcbergro\u00dfes Bett, w\u00e4hrend das zweite Schlafzimmer \u00fcber Zwillingsbetten verf\u00fcgt.<\/p>\n<p>Nach S\u00fcden hin gelegen, ist der gro\u00dfe Wohnbereich hell und luftig mit einer sich anschlie\u00dfenden, voll ausgestatteten K\u00fcche. Der Garten ist privat und Sie erreichen ihn durch Doppelfaltt\u00fcren vom Wohnzimmer aus.<\/p>\n<p>Falls jemand eine etwas gr\u00f6\u00dfere Unterkunft sucht, kann Pheasant Cottage mit Owl Cottage kombiniert werden, und stellt somit eine perfekte Urlaubsausgangsbasis f\u00fcr gr\u00f6\u00dfere Familientreffen oder ein Zusammenkommen von bis zu 12 Freunden dar.<\/p>\n<p style=\"text-align: center;\"><strong>Bei uns finden Sie Ferienh\u00e4user in Sussex am Meer zum Verlieben \u2013 so einfach ist das!<\/strong><\/p>\n<p style=\"text-align: center;\"><a class=\"tidycta\" href=\"https:\/\/www.urlaubcornwall.de\/ferienhaeuser\/sussex.php\">Suche Ferienh\u00e4user in Sussex <\/a><\/p>\n<p style=\"text-align: center;\">UrlaubCornwall.de hat eine einzigartige Sammlung pers\u00f6nlich inspizierter Ferienh\u00e4user und Ferienwohnungen in Sussex, <a href=\"https:\/\/www.urlaubcornwall.de\/ferienhaueser\/suedengland.php\">S\u00fcdengland<\/a> und nun auch im gesamten Gro\u00dfbritannien.<\/p>\n\n\n","protected":false},"excerpt":{"rendered":"<p>Genie\u00dfen Sie einen entspannenden Familienurlaub in einem wundersch\u00f6nen Dorf in der N\u00e4he von West Wittering in Sussex. Sie finden dort herrliche Spazierm\u00f6glichkeiten vor Ort, sowie Bootsfahrten um den Chichester Hafen herum. Pheasant Ferienhaus ist eines von zwei hervorragend pr\u00e4sentierten H\u00e4usern, am Rande des malerischen Dorfes Itchenor gelegen, das sich wiederum innerhalb der wundersch\u00f6nen Hafengegend Chichesters [&hellip;]<\/p>\n","protected":false},"author":1,"featured_media":0,"parent":0,"menu_order":0,"comment_status":"closed","ping_status":"closed","template":"single-two.php","meta":[],"acf":[],"yoast_head":"<!-- This site is optimized with the Yoast SEO plugin v19.4 - https:\/\/yoast.com\/wordpress\/plugins\/seo\/ -->\n<title>Ferienhaus West Wittering - Pheasant Cottage, Sussex, England - Urlaub &amp; Reisen<\/title>\n<meta name=\"robots\" content=\"index, follow, max-snippet:-1, max-image-preview:large, max-video-preview:-1\" \/>\n<link rel=\"canonical\" href=\"https:\/\/www.urlaubcornwall.de\/blog\/ferienhaus-west-wittering-pheasant-cottage-sussex-england\/\" \/>\n<meta property=\"og:locale\" content=\"en_US\" \/>\n<meta property=\"og:type\" content=\"article\" \/>\n<meta property=\"og:title\" content=\"Ferienhaus West Wittering - Pheasant Cottage, Sussex, England - Urlaub &amp; Reisen\" \/>\n<meta property=\"og:description\" content=\"Genie\u00dfen Sie einen entspannenden Familienurlaub in einem wundersch\u00f6nen Dorf in der N\u00e4he von West Wittering in Sussex. Sie finden dort herrliche Spazierm\u00f6glichkeiten vor Ort, sowie Bootsfahrten um den Chichester Hafen herum. Pheasant Ferienhaus ist eines von zwei hervorragend pr\u00e4sentierten H\u00e4usern, am Rande des malerischen Dorfes Itchenor gelegen, das sich wiederum innerhalb der wundersch\u00f6nen Hafengegend Chichesters [&hellip;]\" \/>\n<meta property=\"og:url\" content=\"https:\/\/www.urlaubcornwall.de\/blog\/ferienhaus-west-wittering-pheasant-cottage-sussex-england\/\" \/>\n<meta property=\"og:site_name\" content=\"Urlaub &amp; Reisen\" \/>\n<meta property=\"article:modified_time\" content=\"2019-02-27T10:16:41+00:00\" \/>\n<meta name=\"twitter:card\" content=\"summary\" \/>\n<meta name=\"twitter:label1\" content=\"Est. reading time\" \/>\n\t<meta name=\"twitter:data1\" content=\"2 minutes\" \/>\n<script type=\"application\/ld+json\" class=\"yoast-schema-graph\">{\"@context\":\"https:\/\/schema.org\",\"@graph\":[{\"@type\":\"WebSite\",\"@id\":\"https:\/\/www.urlaubcornwall.de\/blog\/#website\",\"url\":\"https:\/\/www.urlaubcornwall.de\/blog\/\",\"name\":\"Urlaub &amp; Reisen\",\"description\":\"Urlaub, Reisen, Cornwall und S\u00fcdengland: eine perfekte Kombination\",\"potentialAction\":[{\"@type\":\"SearchAction\",\"target\":{\"@type\":\"EntryPoint\",\"urlTemplate\":\"https:\/\/www.urlaubcornwall.de\/blog\/?s={search_term_string}\"},\"query-input\":\"required name=search_term_string\"}],\"inLanguage\":\"en-US\"},{\"@type\":\"WebPage\",\"@id\":\"https:\/\/www.urlaubcornwall.de\/blog\/ferienhaus-west-wittering-pheasant-cottage-sussex-england\/\",\"url\":\"https:\/\/www.urlaubcornwall.de\/blog\/ferienhaus-west-wittering-pheasant-cottage-sussex-england\/\",\"name\":\"Ferienhaus West Wittering - Pheasant Cottage, Sussex, England - Urlaub &amp; Reisen\",\"isPartOf\":{\"@id\":\"https:\/\/www.urlaubcornwall.de\/blog\/#website\"},\"datePublished\":\"2014-11-14T14:38:08+00:00\",\"dateModified\":\"2019-02-27T10:16:41+00:00\",\"breadcrumb\":{\"@id\":\"https:\/\/www.urlaubcornwall.de\/blog\/ferienhaus-west-wittering-pheasant-cottage-sussex-england\/#breadcrumb\"},\"inLanguage\":\"en-US\",\"potentialAction\":[{\"@type\":\"ReadAction\",\"target\":[\"https:\/\/www.urlaubcornwall.de\/blog\/ferienhaus-west-wittering-pheasant-cottage-sussex-england\/\"]}]},{\"@type\":\"BreadcrumbList\",\"@id\":\"https:\/\/www.urlaubcornwall.de\/blog\/ferienhaus-west-wittering-pheasant-cottage-sussex-england\/#breadcrumb\",\"itemListElement\":[{\"@type\":\"ListItem\",\"position\":1,\"name\":\"Home\",\"item\":\"https:\/\/www.urlaubcornwall.de\/blog\/\"},{\"@type\":\"ListItem\",\"position\":2,\"name\":\"Ferienhaus West Wittering &#8211; Pheasant Cottage, Sussex, England\"}]}]}<\/script>\n<!-- \/ Yoast SEO plugin. -->","yoast_head_json":{"title":"Ferienhaus West Wittering - Pheasant Cottage, Sussex, England - Urlaub &amp; Reisen","robots":{"index":"index","follow":"follow","max-snippet":"max-snippet:-1","max-image-preview":"max-image-preview:large","max-video-preview":"max-video-preview:-1"},"canonical":"https:\/\/www.urlaubcornwall.de\/blog\/ferienhaus-west-wittering-pheasant-cottage-sussex-england\/","og_locale":"en_US","og_type":"article","og_title":"Ferienhaus West Wittering - Pheasant Cottage, Sussex, England - Urlaub &amp; Reisen","og_description":"Genie\u00dfen Sie einen entspannenden Familienurlaub in einem wundersch\u00f6nen Dorf in der N\u00e4he von West Wittering in Sussex. Sie finden dort herrliche Spazierm\u00f6glichkeiten vor Ort, sowie Bootsfahrten um den Chichester Hafen herum. Pheasant Ferienhaus ist eines von zwei hervorragend pr\u00e4sentierten H\u00e4usern, am Rande des malerischen Dorfes Itchenor gelegen, das sich wiederum innerhalb der wundersch\u00f6nen Hafengegend Chichesters [&hellip;]","og_url":"https:\/\/www.urlaubcornwall.de\/blog\/ferienhaus-west-wittering-pheasant-cottage-sussex-england\/","og_site_name":"Urlaub &amp; Reisen","article_modified_time":"2019-02-27T10:16:41+00:00","twitter_card":"summary","twitter_misc":{"Est. reading time":"2 minutes"},"schema":{"@context":"https:\/\/schema.org","@graph":[{"@type":"WebSite","@id":"https:\/\/www.urlaubcornwall.de\/blog\/#website","url":"https:\/\/www.urlaubcornwall.de\/blog\/","name":"Urlaub &amp; Reisen","description":"Urlaub, Reisen, Cornwall und S\u00fcdengland: eine perfekte Kombination","potentialAction":[{"@type":"SearchAction","target":{"@type":"EntryPoint","urlTemplate":"https:\/\/www.urlaubcornwall.de\/blog\/?s={search_term_string}"},"query-input":"required name=search_term_string"}],"inLanguage":"en-US"},{"@type":"WebPage","@id":"https:\/\/www.urlaubcornwall.de\/blog\/ferienhaus-west-wittering-pheasant-cottage-sussex-england\/","url":"https:\/\/www.urlaubcornwall.de\/blog\/ferienhaus-west-wittering-pheasant-cottage-sussex-england\/","name":"Ferienhaus West Wittering - Pheasant Cottage, Sussex, England - Urlaub &amp; Reisen","isPartOf":{"@id":"https:\/\/www.urlaubcornwall.de\/blog\/#website"},"datePublished":"2014-11-14T14:38:08+00:00","dateModified":"2019-02-27T10:16:41+00:00","breadcrumb":{"@id":"https:\/\/www.urlaubcornwall.de\/blog\/ferienhaus-west-wittering-pheasant-cottage-sussex-england\/#breadcrumb"},"inLanguage":"en-US","potentialAction":[{"@type":"ReadAction","target":["https:\/\/www.urlaubcornwall.de\/blog\/ferienhaus-west-wittering-pheasant-cottage-sussex-england\/"]}]},{"@type":"BreadcrumbList","@id":"https:\/\/www.urlaubcornwall.de\/blog\/ferienhaus-west-wittering-pheasant-cottage-sussex-england\/#breadcrumb","itemListElement":[{"@type":"ListItem","position":1,"name":"Home","item":"https:\/\/www.urlaubcornwall.de\/blog\/"},{"@type":"ListItem","position":2,"name":"Ferienhaus West Wittering &#8211; Pheasant Cottage, Sussex, England"}]}]}},"_links":{"self":[{"href":"https:\/\/www.urlaubcornwall.de\/blog\/wp-json\/wp\/v2\/pages\/17056"}],"collection":[{"href":"https:\/\/www.urlaubcornwall.de\/blog\/wp-json\/wp\/v2\/pages"}],"about":[{"href":"https:\/\/www.urlaubcornwall.de\/blog\/wp-json\/wp\/v2\/types\/page"}],"author":[{"embeddable":true,"href":"https:\/\/www.urlaubcornwall.de\/blog\/wp-json\/wp\/v2\/users\/1"}],"replies":[{"embeddable":true,"href":"https:\/\/www.urlaubcornwall.de\/blog\/wp-json\/wp\/v2\/comments?post=17056"}],"version-history":[{"count":3,"href":"https:\/\/www.urlaubcornwall.de\/blog\/wp-json\/wp\/v2\/pages\/17056\/revisions"}],"predecessor-version":[{"id":36595,"href":"https:\/\/www.urlaubcornwall.de\/blog\/wp-json\/wp\/v2\/pages\/17056\/revisions\/36595"}],"wp:attachment":[{"href":"https:\/\/www.urlaubcornwall.de\/blog\/wp-json\/wp\/v2\/media?parent=17056"}],"curies":[{"name":"wp","href":"https:\/\/api.w.org\/{rel}","templated":true}]}}