{"id":17042,"date":"2014-11-13T08:56:07","date_gmt":"2014-11-13T08:56:07","guid":{"rendered":"https:\/\/www.urlaubcornwall.de\/blog\/?page_id=17042"},"modified":"2024-05-29T07:54:20","modified_gmt":"2024-05-29T07:54:20","slug":"anreise-nach-kent-information-zu-urlaub-im-garten-englands","status":"publish","type":"page","link":"https:\/\/www.urlaubcornwall.de\/blog\/anreise-nach-kent-information-zu-urlaub-im-garten-englands\/","title":{"rendered":"Anreise nach Kent : Information zu \u201eUrlaub im Garten Englands\u201c"},"content":{"rendered":"<p><a href=\"https:\/\/www.urlaubcornwall.de\/blog\/wp-content\/uploads\/2024\/03\/leeds-castle.jpg\"><img loading=\"lazy\" src=\"https:\/\/www.urlaubcornwall.de\/blog\/wp-content\/uploads\/2024\/03\/leeds-castle.jpg\" alt=\"leeds castle\" width=\"750\" height=\"479\" class=\"alignnone size-full wp-image-47987\" srcset=\"https:\/\/www.urlaubcornwall.de\/blog\/wp-content\/uploads\/2024\/03\/leeds-castle.jpg 750w, https:\/\/www.urlaubcornwall.de\/blog\/wp-content\/uploads\/2024\/03\/leeds-castle-300x192.jpg 300w\" sizes=\"(max-width: 750px) 100vw, 750px\" \/><\/a><\/p>\n<p style=\"text-align: center;\"><strong>Reisen Kent<\/strong><\/p>\n<p style=\"text-align: center;\">Es ist einfach, nach Kent zu reisen! Es ist ganz problemlos von Deutschland aus nach Kent zu reisen, sei es per Schiff, Zug oder Flugzeug. Wenn Sie erst einmal dort sind, werden Sie ein ausgezeichnetes Verkehrsnetz vorfinden, sowie eine Anzahl regionaler und nationaler Bus- oder Zugverbindungen zu s\u00e4mtlichen gr\u00f6\u00dferen Orten und St\u00e4dten Kents. Wir haben eine fantastische Auswahl handverlesener und pers\u00f6nlich inspizierter Ferienh\u00e4user und Ferienwohnungen in Kent f\u00fcr Sie im Angebot, sowie Urlaubstipps und Beratung.<\/p>\n<p style=\"text-align: center;\"><strong>Mit dem Flugzeug<\/strong><\/p>\n<p style=\"text-align: center;\">Kents n\u00e4chst gelegener internationaler Flughafen ist Gatwick. Sie k\u00f6nnen ein Auto mieten und sind innerhalb von 45 Minuten im Herzen Kents. Oder nehmen Sie einfach den &#8220;Gatwick Express&#8221; direkt nach London hinein (30 Minuten zur Victoria Station). Von dort aus gehen Z\u00fcge zu s\u00e4mtlichen Bahnh\u00f6fen Kents.<\/p>\n<p style=\"text-align: center;\">Heathrow Airport ist ein wenig weiter entfernt vom Zentrum Kents, doch immerhin nur 1 Stunde und 15 Minuten Fahrtzeit um die M25 und entlang der M20 \/ M2. Oder nehmen Sie den &#8220;Heathrow Express&#8221; nach London. Steigen Sie dann um in einen Zug nach Canterbury, Tunbridge Wells, Maidstone und die K\u00fcstenorte Kents.<\/p>\n<p style=\"text-align: center;\">Ryanair, Easy Jet und Buzz bieten Billigfl\u00fcge zum Flughafen Stanstead an. Kent ist dann leicht erreichbar \u00fcber die Autobahnen M11 und M25, und die Reise dauert ungef\u00e4hr eine Stunde.<\/p>\n<p style=\"text-align: center;\"><strong>Mit dem Auto durch den Kanaltunnel<\/strong><\/p>\n<p style=\"text-align: center;\">Reisen Sie schnell und komfortabel mit dem Eurostar. Ihr Auto wird dabei auf einen Zug verladen, bevor es von Calais nach Folkestone an der K\u00fcste Kents in nur 35 Minuten durch den Eurotunnel geht. Folgen Sie dann der Autobahn M20, die durch das Herz der Grafschaft f\u00fchrt. So erreichen Sie rasch Ihr Urlaubsziel. Die Z\u00fcge fahren alle 15-20 Minuten tags\u00fcber und alle 30-60 Minuten nachts. Um weitere Informationen zu erhalten und Tickets zu buchen, besuchen Sie bitte die <a href=\"http:\/\/www.eurotunnel.com\/uk\/home\/\" target=\"_blank\" rel=\"nofollow noopener\"><span style=\"text-decoration: underline;\"><strong>Seite des Eurotunnels<\/strong><\/span><\/a>.<\/p>\n<p style=\"text-align: center;\"><strong>Mit dem Eurostar durch den Kanaltunnel <\/strong><\/p>\n<p style=\"text-align: center;\">Falls Sie es vorziehen, Ihr Auto zu Hause zu lassen, nehmen Sie den Eurostar von Paris, Br\u00fcssel oder Lille nach Ashford, dem internationalen Bahnhof, der sich im Herzen Kents befindet. Das ist eine unkomplizierte und rasche Reise nach Kent. Die Fahrt dauert nur 1 Stunde von Lille aus, 2 Stunden von Paris und 1 Stunde 40 Minuten von Br\u00fcssel aus. Sobald Sie in Ashford angekommen sind, haben Sie ein Angebot an regionalen Zugverbindungen, sowie Mietwagen, die Sie zu Ihrer Urlaubsunterkunft bringen k\u00f6nnen. Um s\u00e4mtliche Reiseinformationen und Reservierungsvorg\u00e4nge zu erkunden, besuchen Sie bitte die <a href=\"http:\/\/www.eurostar.com\/uk-en\" target=\"_blank\" rel=\"nofollow noopener\"><span style=\"text-decoration: underline;\"><strong>Seite von Eurostar<\/strong><\/span><\/a>.<\/p>\n<p style=\"text-align: center;\"><strong>Nehmen Sie die F\u00e4hre oder das Luftkissenfahrzeug (Hoverspeed) \u00fcber den Kanal <\/strong><\/p>\n<p style=\"text-align: center;\">Es gibt eine regelm\u00e4\u00dfige F\u00e4hrverbindung \u00fcber den Kanal zwischen Calais \/ Ostend und Dover. P &amp; O Stena Line und Sea France F\u00e4hren operieren entlang der Calais-Dover Route, w\u00e4hrend Hoverspeed einen raschen Katamaranservice von Calais und Ostende nach Dover bietet. Sie k\u00f6nnen eine \u00dcberfahrt als Fu\u00dfg\u00e4nger oder mit dem Auto buchen. Die F\u00e4hre braucht 1.5 Stunden, der Katamaran nur 50 Minuten.<\/p>\n<p style=\"text-align: center;\"><strong>Bei uns finden Sie Ferienh\u00e4user zum Verlieben \u2013 so einfach ist das!<\/strong><\/p>\n<p style=\"text-align: center;\">Um&nbsp; Kent in Ihre Rundreise durch S\u00fcdengland mit einzugliedern, stellen Sie Ihre Anfrage hier oder w\u00e4hlen Sie ein Ferienhaus aus unserer besten Auswahl handverlesener und inspizierter H\u00e4user aus.<\/p>\n<p style=\"text-align: center;\"><a class=\"tidycta\" href=\"https:\/\/www.urlaubcornwall.de\/ferienhaeuser\/kent.php\">Suche Ferienh\u00e4user in Kent<\/a><\/p>\n<h2 style=\"text-align: center;\">&nbsp;<img loading=\"lazy\" class=\"aligncenter size-full wp-image-24598\" src=\"https:\/\/www.urlaubcornwall.de\/blog\/wp-content\/uploads\/2016\/06\/urlaub-und-gro\u00dfbritannien_logo_final.jpg\" alt=\"urlaub-gro\u00dfbritannien_logo\" height=\"361\" width=\"746\" srcset=\"https:\/\/www.urlaubcornwall.de\/blog\/wp-content\/uploads\/2016\/06\/urlaub-und-gro\u00dfbritannien_logo_final.jpg 746w, https:\/\/www.urlaubcornwall.de\/blog\/wp-content\/uploads\/2016\/06\/urlaub-und-gro\u00dfbritannien_logo_final-300x145.jpg 300w\" sizes=\"(max-width: 746px) 100vw, 746px\" \/><\/h2>\n<p style=\"text-align: center;\"><strong>Unser Rundreisenservice<\/strong><\/p>\n<p style=\"text-align: center;\"><a href=\"http:\/\/www.urlaubcornwall.de\/\">UrlaubCornwall.de<\/a> ist ein in Cornwall ans\u00e4ssiges Unternehmen k\u00f6nnen wir uns mit 20 Jahren Erfahrung in der Organisation von Rundreisen durch <a href=\"https:\/\/www.urlaubcornwall.de\/blog\/reiseziel-kent\/\">Kent<\/a>, S\u00fcdwest und S\u00fcdengland r\u00fchmen.<\/p>\n","protected":false},"excerpt":{"rendered":"<p>Reisen Kent Es ist einfach, nach Kent zu reisen! Es ist ganz problemlos von Deutschland aus nach Kent zu reisen, sei es per Schiff, Zug oder Flugzeug. Wenn Sie erst einmal dort sind, werden Sie ein ausgezeichnetes Verkehrsnetz vorfinden, sowie eine Anzahl regionaler und nationaler Bus- oder Zugverbindungen zu s\u00e4mtlichen gr\u00f6\u00dferen Orten und St\u00e4dten Kents. [&hellip;]<\/p>\n","protected":false},"author":1,"featured_media":0,"parent":0,"menu_order":0,"comment_status":"closed","ping_status":"closed","template":"single-four.php","meta":[],"acf":[],"yoast_head":"<!-- This site is optimized with the Yoast SEO plugin v19.4 - https:\/\/yoast.com\/wordpress\/plugins\/seo\/ -->\n<title>Anreise nach Kent : Information zu \u201eUrlaub im Garten Englands\u201c - Urlaub &amp; Reisen<\/title>\n<meta name=\"robots\" content=\"index, follow, max-snippet:-1, max-image-preview:large, max-video-preview:-1\" \/>\n<link rel=\"canonical\" href=\"https:\/\/www.urlaubcornwall.de\/blog\/anreise-nach-kent-information-zu-urlaub-im-garten-englands\/\" \/>\n<meta property=\"og:locale\" content=\"en_US\" \/>\n<meta property=\"og:type\" content=\"article\" \/>\n<meta property=\"og:title\" content=\"Anreise nach Kent : Information zu \u201eUrlaub im Garten Englands\u201c - Urlaub &amp; Reisen\" \/>\n<meta property=\"og:description\" content=\"Reisen Kent Es ist einfach, nach Kent zu reisen! Es ist ganz problemlos von Deutschland aus nach Kent zu reisen, sei es per Schiff, Zug oder Flugzeug. Wenn Sie erst einmal dort sind, werden Sie ein ausgezeichnetes Verkehrsnetz vorfinden, sowie eine Anzahl regionaler und nationaler Bus- oder Zugverbindungen zu s\u00e4mtlichen gr\u00f6\u00dferen Orten und St\u00e4dten Kents. [&hellip;]\" \/>\n<meta property=\"og:url\" content=\"https:\/\/www.urlaubcornwall.de\/blog\/anreise-nach-kent-information-zu-urlaub-im-garten-englands\/\" \/>\n<meta property=\"og:site_name\" content=\"Urlaub &amp; Reisen\" \/>\n<meta property=\"article:modified_time\" content=\"2024-05-29T07:54:20+00:00\" \/>\n<meta property=\"og:image\" content=\"https:\/\/www.urlaubcornwall.de\/blog\/wp-content\/uploads\/2024\/03\/leeds-castle.jpg\" \/>\n<meta name=\"twitter:card\" content=\"summary\" \/>\n<meta name=\"twitter:label1\" content=\"Est. reading time\" \/>\n\t<meta name=\"twitter:data1\" content=\"3 minutes\" \/>\n<script type=\"application\/ld+json\" class=\"yoast-schema-graph\">{\"@context\":\"https:\/\/schema.org\",\"@graph\":[{\"@type\":\"WebSite\",\"@id\":\"https:\/\/www.urlaubcornwall.de\/blog\/#website\",\"url\":\"https:\/\/www.urlaubcornwall.de\/blog\/\",\"name\":\"Urlaub &amp; Reisen\",\"description\":\"Urlaub, Reisen, Cornwall und S\u00fcdengland: eine perfekte Kombination\",\"potentialAction\":[{\"@type\":\"SearchAction\",\"target\":{\"@type\":\"EntryPoint\",\"urlTemplate\":\"https:\/\/www.urlaubcornwall.de\/blog\/?s={search_term_string}\"},\"query-input\":\"required name=search_term_string\"}],\"inLanguage\":\"en-US\"},{\"@type\":\"WebPage\",\"@id\":\"https:\/\/www.urlaubcornwall.de\/blog\/anreise-nach-kent-information-zu-urlaub-im-garten-englands\/\",\"url\":\"https:\/\/www.urlaubcornwall.de\/blog\/anreise-nach-kent-information-zu-urlaub-im-garten-englands\/\",\"name\":\"Anreise nach Kent : Information zu \u201eUrlaub im Garten Englands\u201c - Urlaub &amp; Reisen\",\"isPartOf\":{\"@id\":\"https:\/\/www.urlaubcornwall.de\/blog\/#website\"},\"datePublished\":\"2014-11-13T08:56:07+00:00\",\"dateModified\":\"2024-05-29T07:54:20+00:00\",\"breadcrumb\":{\"@id\":\"https:\/\/www.urlaubcornwall.de\/blog\/anreise-nach-kent-information-zu-urlaub-im-garten-englands\/#breadcrumb\"},\"inLanguage\":\"en-US\",\"potentialAction\":[{\"@type\":\"ReadAction\",\"target\":[\"https:\/\/www.urlaubcornwall.de\/blog\/anreise-nach-kent-information-zu-urlaub-im-garten-englands\/\"]}]},{\"@type\":\"BreadcrumbList\",\"@id\":\"https:\/\/www.urlaubcornwall.de\/blog\/anreise-nach-kent-information-zu-urlaub-im-garten-englands\/#breadcrumb\",\"itemListElement\":[{\"@type\":\"ListItem\",\"position\":1,\"name\":\"Home\",\"item\":\"https:\/\/www.urlaubcornwall.de\/blog\/\"},{\"@type\":\"ListItem\",\"position\":2,\"name\":\"Anreise nach Kent : Information zu \u201eUrlaub im Garten Englands\u201c\"}]}]}<\/script>\n<!-- \/ Yoast SEO plugin. -->","yoast_head_json":{"title":"Anreise nach Kent : Information zu \u201eUrlaub im Garten Englands\u201c - Urlaub &amp; Reisen","robots":{"index":"index","follow":"follow","max-snippet":"max-snippet:-1","max-image-preview":"max-image-preview:large","max-video-preview":"max-video-preview:-1"},"canonical":"https:\/\/www.urlaubcornwall.de\/blog\/anreise-nach-kent-information-zu-urlaub-im-garten-englands\/","og_locale":"en_US","og_type":"article","og_title":"Anreise nach Kent : Information zu \u201eUrlaub im Garten Englands\u201c - Urlaub &amp; Reisen","og_description":"Reisen Kent Es ist einfach, nach Kent zu reisen! Es ist ganz problemlos von Deutschland aus nach Kent zu reisen, sei es per Schiff, Zug oder Flugzeug. Wenn Sie erst einmal dort sind, werden Sie ein ausgezeichnetes Verkehrsnetz vorfinden, sowie eine Anzahl regionaler und nationaler Bus- oder Zugverbindungen zu s\u00e4mtlichen gr\u00f6\u00dferen Orten und St\u00e4dten Kents. [&hellip;]","og_url":"https:\/\/www.urlaubcornwall.de\/blog\/anreise-nach-kent-information-zu-urlaub-im-garten-englands\/","og_site_name":"Urlaub &amp; Reisen","article_modified_time":"2024-05-29T07:54:20+00:00","og_image":[{"url":"https:\/\/www.urlaubcornwall.de\/blog\/wp-content\/uploads\/2024\/03\/leeds-castle.jpg"}],"twitter_card":"summary","twitter_misc":{"Est. reading time":"3 minutes"},"schema":{"@context":"https:\/\/schema.org","@graph":[{"@type":"WebSite","@id":"https:\/\/www.urlaubcornwall.de\/blog\/#website","url":"https:\/\/www.urlaubcornwall.de\/blog\/","name":"Urlaub &amp; Reisen","description":"Urlaub, Reisen, Cornwall und S\u00fcdengland: eine perfekte Kombination","potentialAction":[{"@type":"SearchAction","target":{"@type":"EntryPoint","urlTemplate":"https:\/\/www.urlaubcornwall.de\/blog\/?s={search_term_string}"},"query-input":"required name=search_term_string"}],"inLanguage":"en-US"},{"@type":"WebPage","@id":"https:\/\/www.urlaubcornwall.de\/blog\/anreise-nach-kent-information-zu-urlaub-im-garten-englands\/","url":"https:\/\/www.urlaubcornwall.de\/blog\/anreise-nach-kent-information-zu-urlaub-im-garten-englands\/","name":"Anreise nach Kent : Information zu \u201eUrlaub im Garten Englands\u201c - Urlaub &amp; Reisen","isPartOf":{"@id":"https:\/\/www.urlaubcornwall.de\/blog\/#website"},"datePublished":"2014-11-13T08:56:07+00:00","dateModified":"2024-05-29T07:54:20+00:00","breadcrumb":{"@id":"https:\/\/www.urlaubcornwall.de\/blog\/anreise-nach-kent-information-zu-urlaub-im-garten-englands\/#breadcrumb"},"inLanguage":"en-US","potentialAction":[{"@type":"ReadAction","target":["https:\/\/www.urlaubcornwall.de\/blog\/anreise-nach-kent-information-zu-urlaub-im-garten-englands\/"]}]},{"@type":"BreadcrumbList","@id":"https:\/\/www.urlaubcornwall.de\/blog\/anreise-nach-kent-information-zu-urlaub-im-garten-englands\/#breadcrumb","itemListElement":[{"@type":"ListItem","position":1,"name":"Home","item":"https:\/\/www.urlaubcornwall.de\/blog\/"},{"@type":"ListItem","position":2,"name":"Anreise nach Kent : Information zu \u201eUrlaub im Garten Englands\u201c"}]}]}},"_links":{"self":[{"href":"https:\/\/www.urlaubcornwall.de\/blog\/wp-json\/wp\/v2\/pages\/17042"}],"collection":[{"href":"https:\/\/www.urlaubcornwall.de\/blog\/wp-json\/wp\/v2\/pages"}],"about":[{"href":"https:\/\/www.urlaubcornwall.de\/blog\/wp-json\/wp\/v2\/types\/page"}],"author":[{"embeddable":true,"href":"https:\/\/www.urlaubcornwall.de\/blog\/wp-json\/wp\/v2\/users\/1"}],"replies":[{"embeddable":true,"href":"https:\/\/www.urlaubcornwall.de\/blog\/wp-json\/wp\/v2\/comments?post=17042"}],"version-history":[{"count":15,"href":"https:\/\/www.urlaubcornwall.de\/blog\/wp-json\/wp\/v2\/pages\/17042\/revisions"}],"predecessor-version":[{"id":50529,"href":"https:\/\/www.urlaubcornwall.de\/blog\/wp-json\/wp\/v2\/pages\/17042\/revisions\/50529"}],"wp:attachment":[{"href":"https:\/\/www.urlaubcornwall.de\/blog\/wp-json\/wp\/v2\/media?parent=17042"}],"curies":[{"name":"wp","href":"https:\/\/api.w.org\/{rel}","templated":true}]}}