{"id":17016,"date":"2014-10-30T10:08:41","date_gmt":"2014-10-30T10:08:41","guid":{"rendered":"https:\/\/www.urlaubcornwall.de\/blog\/?page_id=17016"},"modified":"2019-01-02T12:24:31","modified_gmt":"2019-01-02T12:24:31","slug":"reisen-nach-london-gruppenreisen-und-gruppenurlaub","status":"publish","type":"page","link":"https:\/\/www.urlaubcornwall.de\/blog\/reisen-nach-london-gruppenreisen-und-gruppenurlaub\/","title":{"rendered":"Gruppenreisen und Gruppenurlaub f\u00fcr Vereine nach London"},"content":{"rendered":"<p><img loading=\"lazy\" class=\"aligncenter size-full wp-image-18145\" src=\"https:\/\/www.urlaubcornwall.de\/blog\/wp-content\/uploads\/2015\/02\/incentive-reisen-england.jpg\" alt=\"gruppenreisen London\" height=\"151\" width=\"745\" srcset=\"https:\/\/www.urlaubcornwall.de\/blog\/wp-content\/uploads\/2015\/02\/incentive-reisen-england.jpg 741w, https:\/\/www.urlaubcornwall.de\/blog\/wp-content\/uploads\/2015\/02\/incentive-reisen-england-300x61.jpg 300w\" sizes=\"(max-width: 745px) 100vw, 745px\" \/><br \/>\nAuf eine gewisse Art ist London ein eigenes Land, unabh\u00e4ngig vom Gro\u00dfbritannien. Eine lebhafte Metropole von \u00fcber 13 Millionen Menschen macht London zur einzigen wahren Metropole Europas mit einer reichen und lebhaften Kulturszene, die jedem etwas zu bieten hat, auch jedem Verein oder jeder Gruppe mit besonderen Interessen.<\/p>\n<p>GBs Hauptstadt bietet wirklich f\u00fcr jeden etwas: Mit einer F\u00fclle von Museen, Kunstgalerien, Theatern, G\u00e4rten, M\u00e4rkten und Pl\u00e4tzen mit historischen Hintergrund, hat London so viel zu bieten, dass es der Perfekte Ort f\u00fcr Vereine ist. Was auch immer ihre besonderen Interessen sind, London hat alles und ist Europas ruhelose Stadt.<\/p>\n<p>Indem sie mit einer Agentur arbeiten, die sich auf die Erstellung von <a href=\"https:\/\/www.urlaubcornwall.de\/blog\/massgeschneiderte-gruppenreisen-und-touren\/\">ma\u00dfgeschneiderten Reisepl\u00e4nen f\u00fcr Vereine<\/a> spezialisiert hat, kann ein passgenaues Programm, inklusive eines erfahrenden deutschsprachigen Guides f\u00fcr sie erstellt werden. So m\u00fcssen sie sich nicht um alles k\u00fcmmern, wenn sie anreisen, da alles schon vor ihrer Anreise geregelt wurde.<\/p>\n<p>Des Weiteren wird es einfacher als jemals zuvor sein, da sie auch Direktverbindungen von Deutschland nach London \u00fcber die Deutsche Bahn buchen k\u00f6nnen und eine Reise von K\u00f6ln nach London lediglich nur 4 Stunden dauert.<\/p>\n<div class=\"snippet\"> <a class=\"featured-item\" href=\" https:\/\/www.urlaubcornwall.de\/massgeschneiderte-gruppenreisen-und-touren.php \"> <span class=\"image-holder\" style=\"background-image: url(' https:\/\/www.urlaubcornwall.de\/blog\/wp-content\/uploads\/2019\/01\/gruppenreise-london.jpg ');\"><\/span> <span class=\"featured-content\"> \n<h2 class=\"featured-title\"> Ma\u00dfgeschneiderte Gruppenreisen in London<\/h2>\n<p class=\"featured-body\">Wir k\u00f6nnen Ihnen behilflich sein, eine fantastische Gruppenreise zusammenzustellen, auf der Sie die sch\u00f6nsten Sehensw\u00fcrdigkeiten Englands entdecken k\u00f6nnen. Auch interessante Themenreisen, wie z.B. eine Gartentour ,Literaturreise, oder Chorreise &#8230;.<\/p>\n<\/span> <span class=\"featured-link-holder\"> <span class=\"featured-extra-info\"> \n<p>M\u00f6chten Sie eine private Busreise, Vereinreise, Seniorenreise, Klassenfahrt oder Gruppenfahrt organisieren?<\/p>\n<\/span> \n<p class=\"featured-link\">DETAILS<\/p>\n<\/span> <\/a><\/div>\n<p style=\"text-align: center;\"><a class=\"tidycta\" href=\"http:\/\/www.urlaubcornwall.de\/gruppenanfrage.php\">Gruppenreisen Anfrage<\/a><\/p>\n<p style=\"text-align: center;\"><strong>Wir garantieren Ihnen eine Antwort innerhalb von 24 Stunden.<\/strong><\/p>\n","protected":false},"excerpt":{"rendered":"<p>Auf eine gewisse Art ist London ein eigenes Land, unabh\u00e4ngig vom Gro\u00dfbritannien. Eine lebhafte Metropole von \u00fcber 13 Millionen Menschen macht London zur einzigen wahren Metropole Europas mit einer reichen und lebhaften Kulturszene, die jedem etwas zu bieten hat, auch jedem Verein oder jeder Gruppe mit besonderen Interessen. GBs Hauptstadt bietet wirklich f\u00fcr jeden etwas: [&hellip;]<\/p>\n","protected":false},"author":1,"featured_media":0,"parent":0,"menu_order":0,"comment_status":"closed","ping_status":"closed","template":"single-four.php","meta":[],"acf":[],"yoast_head":"<!-- This site is optimized with the Yoast SEO plugin v19.4 - https:\/\/yoast.com\/wordpress\/plugins\/seo\/ -->\n<title>Gruppenreisen und Gruppenurlaub f\u00fcr Vereine nach London - Urlaub &amp; Reisen<\/title>\n<meta name=\"robots\" content=\"index, follow, max-snippet:-1, max-image-preview:large, max-video-preview:-1\" \/>\n<link rel=\"canonical\" href=\"https:\/\/www.urlaubcornwall.de\/blog\/reisen-nach-london-gruppenreisen-und-gruppenurlaub\/\" \/>\n<meta property=\"og:locale\" content=\"en_US\" \/>\n<meta property=\"og:type\" content=\"article\" \/>\n<meta property=\"og:title\" content=\"Gruppenreisen und Gruppenurlaub f\u00fcr Vereine nach London - Urlaub &amp; Reisen\" \/>\n<meta property=\"og:description\" content=\"Auf eine gewisse Art ist London ein eigenes Land, unabh\u00e4ngig vom Gro\u00dfbritannien. Eine lebhafte Metropole von \u00fcber 13 Millionen Menschen macht London zur einzigen wahren Metropole Europas mit einer reichen und lebhaften Kulturszene, die jedem etwas zu bieten hat, auch jedem Verein oder jeder Gruppe mit besonderen Interessen. GBs Hauptstadt bietet wirklich f\u00fcr jeden etwas: [&hellip;]\" \/>\n<meta property=\"og:url\" content=\"https:\/\/www.urlaubcornwall.de\/blog\/reisen-nach-london-gruppenreisen-und-gruppenurlaub\/\" \/>\n<meta property=\"og:site_name\" content=\"Urlaub &amp; Reisen\" \/>\n<meta property=\"article:modified_time\" content=\"2019-01-02T12:24:31+00:00\" \/>\n<meta property=\"og:image\" content=\"https:\/\/www.urlaubcornwall.de\/blog\/wp-content\/uploads\/2015\/02\/incentive-reisen-england.jpg\" \/>\n<meta name=\"twitter:card\" content=\"summary\" \/>\n<meta name=\"twitter:label1\" content=\"Est. reading time\" \/>\n\t<meta name=\"twitter:data1\" content=\"2 minutes\" \/>\n<script type=\"application\/ld+json\" class=\"yoast-schema-graph\">{\"@context\":\"https:\/\/schema.org\",\"@graph\":[{\"@type\":\"WebSite\",\"@id\":\"https:\/\/www.urlaubcornwall.de\/blog\/#website\",\"url\":\"https:\/\/www.urlaubcornwall.de\/blog\/\",\"name\":\"Urlaub &amp; Reisen\",\"description\":\"Urlaub, Reisen, Cornwall und S\u00fcdengland: eine perfekte Kombination\",\"potentialAction\":[{\"@type\":\"SearchAction\",\"target\":{\"@type\":\"EntryPoint\",\"urlTemplate\":\"https:\/\/www.urlaubcornwall.de\/blog\/?s={search_term_string}\"},\"query-input\":\"required name=search_term_string\"}],\"inLanguage\":\"en-US\"},{\"@type\":\"WebPage\",\"@id\":\"https:\/\/www.urlaubcornwall.de\/blog\/reisen-nach-london-gruppenreisen-und-gruppenurlaub\/\",\"url\":\"https:\/\/www.urlaubcornwall.de\/blog\/reisen-nach-london-gruppenreisen-und-gruppenurlaub\/\",\"name\":\"Gruppenreisen und Gruppenurlaub f\u00fcr Vereine nach London - Urlaub &amp; Reisen\",\"isPartOf\":{\"@id\":\"https:\/\/www.urlaubcornwall.de\/blog\/#website\"},\"datePublished\":\"2014-10-30T10:08:41+00:00\",\"dateModified\":\"2019-01-02T12:24:31+00:00\",\"breadcrumb\":{\"@id\":\"https:\/\/www.urlaubcornwall.de\/blog\/reisen-nach-london-gruppenreisen-und-gruppenurlaub\/#breadcrumb\"},\"inLanguage\":\"en-US\",\"potentialAction\":[{\"@type\":\"ReadAction\",\"target\":[\"https:\/\/www.urlaubcornwall.de\/blog\/reisen-nach-london-gruppenreisen-und-gruppenurlaub\/\"]}]},{\"@type\":\"BreadcrumbList\",\"@id\":\"https:\/\/www.urlaubcornwall.de\/blog\/reisen-nach-london-gruppenreisen-und-gruppenurlaub\/#breadcrumb\",\"itemListElement\":[{\"@type\":\"ListItem\",\"position\":1,\"name\":\"Home\",\"item\":\"https:\/\/www.urlaubcornwall.de\/blog\/\"},{\"@type\":\"ListItem\",\"position\":2,\"name\":\"Gruppenreisen und Gruppenurlaub f\u00fcr Vereine nach London\"}]}]}<\/script>\n<!-- \/ Yoast SEO plugin. -->","yoast_head_json":{"title":"Gruppenreisen und Gruppenurlaub f\u00fcr Vereine nach London - Urlaub &amp; Reisen","robots":{"index":"index","follow":"follow","max-snippet":"max-snippet:-1","max-image-preview":"max-image-preview:large","max-video-preview":"max-video-preview:-1"},"canonical":"https:\/\/www.urlaubcornwall.de\/blog\/reisen-nach-london-gruppenreisen-und-gruppenurlaub\/","og_locale":"en_US","og_type":"article","og_title":"Gruppenreisen und Gruppenurlaub f\u00fcr Vereine nach London - Urlaub &amp; Reisen","og_description":"Auf eine gewisse Art ist London ein eigenes Land, unabh\u00e4ngig vom Gro\u00dfbritannien. Eine lebhafte Metropole von \u00fcber 13 Millionen Menschen macht London zur einzigen wahren Metropole Europas mit einer reichen und lebhaften Kulturszene, die jedem etwas zu bieten hat, auch jedem Verein oder jeder Gruppe mit besonderen Interessen. GBs Hauptstadt bietet wirklich f\u00fcr jeden etwas: [&hellip;]","og_url":"https:\/\/www.urlaubcornwall.de\/blog\/reisen-nach-london-gruppenreisen-und-gruppenurlaub\/","og_site_name":"Urlaub &amp; Reisen","article_modified_time":"2019-01-02T12:24:31+00:00","og_image":[{"url":"https:\/\/www.urlaubcornwall.de\/blog\/wp-content\/uploads\/2015\/02\/incentive-reisen-england.jpg"}],"twitter_card":"summary","twitter_misc":{"Est. reading time":"2 minutes"},"schema":{"@context":"https:\/\/schema.org","@graph":[{"@type":"WebSite","@id":"https:\/\/www.urlaubcornwall.de\/blog\/#website","url":"https:\/\/www.urlaubcornwall.de\/blog\/","name":"Urlaub &amp; Reisen","description":"Urlaub, Reisen, Cornwall und S\u00fcdengland: eine perfekte Kombination","potentialAction":[{"@type":"SearchAction","target":{"@type":"EntryPoint","urlTemplate":"https:\/\/www.urlaubcornwall.de\/blog\/?s={search_term_string}"},"query-input":"required name=search_term_string"}],"inLanguage":"en-US"},{"@type":"WebPage","@id":"https:\/\/www.urlaubcornwall.de\/blog\/reisen-nach-london-gruppenreisen-und-gruppenurlaub\/","url":"https:\/\/www.urlaubcornwall.de\/blog\/reisen-nach-london-gruppenreisen-und-gruppenurlaub\/","name":"Gruppenreisen und Gruppenurlaub f\u00fcr Vereine nach London - Urlaub &amp; Reisen","isPartOf":{"@id":"https:\/\/www.urlaubcornwall.de\/blog\/#website"},"datePublished":"2014-10-30T10:08:41+00:00","dateModified":"2019-01-02T12:24:31+00:00","breadcrumb":{"@id":"https:\/\/www.urlaubcornwall.de\/blog\/reisen-nach-london-gruppenreisen-und-gruppenurlaub\/#breadcrumb"},"inLanguage":"en-US","potentialAction":[{"@type":"ReadAction","target":["https:\/\/www.urlaubcornwall.de\/blog\/reisen-nach-london-gruppenreisen-und-gruppenurlaub\/"]}]},{"@type":"BreadcrumbList","@id":"https:\/\/www.urlaubcornwall.de\/blog\/reisen-nach-london-gruppenreisen-und-gruppenurlaub\/#breadcrumb","itemListElement":[{"@type":"ListItem","position":1,"name":"Home","item":"https:\/\/www.urlaubcornwall.de\/blog\/"},{"@type":"ListItem","position":2,"name":"Gruppenreisen und Gruppenurlaub f\u00fcr Vereine nach London"}]}]}},"_links":{"self":[{"href":"https:\/\/www.urlaubcornwall.de\/blog\/wp-json\/wp\/v2\/pages\/17016"}],"collection":[{"href":"https:\/\/www.urlaubcornwall.de\/blog\/wp-json\/wp\/v2\/pages"}],"about":[{"href":"https:\/\/www.urlaubcornwall.de\/blog\/wp-json\/wp\/v2\/types\/page"}],"author":[{"embeddable":true,"href":"https:\/\/www.urlaubcornwall.de\/blog\/wp-json\/wp\/v2\/users\/1"}],"replies":[{"embeddable":true,"href":"https:\/\/www.urlaubcornwall.de\/blog\/wp-json\/wp\/v2\/comments?post=17016"}],"version-history":[{"count":7,"href":"https:\/\/www.urlaubcornwall.de\/blog\/wp-json\/wp\/v2\/pages\/17016\/revisions"}],"predecessor-version":[{"id":50345,"href":"https:\/\/www.urlaubcornwall.de\/blog\/wp-json\/wp\/v2\/pages\/17016\/revisions\/50345"}],"wp:attachment":[{"href":"https:\/\/www.urlaubcornwall.de\/blog\/wp-json\/wp\/v2\/media?parent=17016"}],"curies":[{"name":"wp","href":"https:\/\/api.w.org\/{rel}","templated":true}]}}