{"id":16985,"date":"2014-10-19T09:04:56","date_gmt":"2014-10-19T09:04:56","guid":{"rendered":"https:\/\/www.urlaubcornwall.de\/blog\/?page_id=16985"},"modified":"2019-01-25T15:17:10","modified_gmt":"2019-01-25T15:17:10","slug":"gartenreisen-fuer-gruppen-in-grossbritannien","status":"publish","type":"page","link":"https:\/\/www.urlaubcornwall.de\/blog\/gartenreisen-fuer-gruppen-in-grossbritannien\/","title":{"rendered":"Gartenreisen f\u00fcr Gruppen in Grossbritannien &#8211; England, Scotland &#038; Wales"},"content":{"rendered":"<p><a href=\"https:\/\/www.urlaubcornwall.de\/blog\/wp-content\/uploads\/2019\/01\/gartenreise-england.jpg\"><img loading=\"lazy\" class=\"aligncenter wp-image-34946 size-full\" src=\"https:\/\/www.urlaubcornwall.de\/blog\/wp-content\/uploads\/2019\/01\/gartenreise-england.jpg\" alt=\"gartenreise-england\" width=\"747\" height=\"426\"\/><\/a><\/p>\n<p><strong>Organisierte Gartenreisen und Touren durch Cornwall, S\u00fcdengland, S\u00fcdwestengland und London<\/strong><\/p>\n<p>Dank dem englischen Dichter und K\u00fcnstler William Blake wird England oft liebevoll als &#8220;das gr\u00fcne, sch\u00f6ne Land&#8221; bezeichnet. Und es ist leicht zu sehen warum: Dank einem gem\u00e4\u00dfigten Klima kann England zu Recht stolz darauf sein, die atemberaubendste Landschaft der Welt zu besitzen und damit eine F\u00fclle von G\u00e4rten zu haben, welche weiterhin <a href=\"https:\/\/www.urlaubcornwall.de\/blog\/massgeschneiderte-gartentouren-gartenreisen-fuer-gruppen-england\/\">Gartenenthusiasten aus dem Vereinigten K\u00f6nigreich<\/a> sowie aus der ganzen Welt entz\u00fccken, die sehr oft nur deswegen hierher kommen.<\/p>\n<p>Zus\u00e4tzlich zu den zahlreichen, legend\u00e4ren, \u00f6ffentlichen G\u00e4rten wie Kew Garden in S\u00fcdwest London und die \u00fcber 200 G\u00e4rten welche National Trust geh\u00f6ren, existieren viele weitere, kleinere G\u00e4rten welche nicht immer \u00f6ffentlich zug\u00e4nglich sind, jedoch nach Voranmeldung von kleineren Gruppen besichtigt werden k\u00f6nnen. Diese Gartenbesuche haben eine pers\u00f6nlichere und intimere Atmosph\u00e4re und erlaubt es Gruppen den Garten nur f\u00fcr sich zu haben.<\/p>\n<div class=\"snippet\"> <a class=\"featured-item\" href=\" https:\/\/www.urlaubcornwall.de\/massgeschneiderte-gruppenreisen-und-touren.php \"> <span class=\"image-holder\" style=\"background-image: url(' https:\/\/www.urlaubcornwall.de\/blog\/wp-content\/uploads\/2019\/01\/gartenreise-kent-sussex-hampshire.jpg ');\"><\/span> <span class=\"featured-content\"> \n<h2 class=\"featured-title\"> Ma\u00dfgeschneiderte Gartenreisen in Gro\u00dfbritannien<\/h2>\n<p class=\"featured-body\">Als spezialisierte Tourismusorganisation kann UrlaubCornwall f\u00fcr Sie ma\u00dfgeschneiderte Busrundreisen, Gruppenf\u00fchrungen oder Veranstaltungen mit deutschsprachiger Reisebegleitung und fachkundigen einheimischen Reiseleitern nach Ihren spezifischen Anforderungen und Bed\u00fcrfnissen organisieren&#8230;<\/p>\n<\/span> <span class=\"featured-link-holder\"> <span class=\"featured-extra-info\"> \n<p> Auch interessante Gartenreise, Themenreisen, Literaturreise oder Chorreise\u2026<\/p>\n<\/span> \n<p class=\"featured-link\">DETAILS<\/p>\n<\/span> <\/a><\/div>\n<p>Seit \u00fcber 30 Jahren haben wir in <a href=\"https:\/\/www.urlaubcornwall.de\/blog\/touren-nach-cornwall-und-grossbritannien-gruppenreiseanbieter-sucht-kooperationspartner\/\"><span style=\"text-decoration: underline;\"><strong>UrlaubCornwall<\/strong> <\/span><\/a>einzigartige Gartenbesichtigungen und Reisen geschaffen. Wir bieten Gartenenthusiasten welche England, Schottland oder Wales besuchen das beste aus beiden Welten, indem G\u00e4rten welche f\u00fcr die breite \u00d6ffentlichkeit zug\u00e4nglich sind genossen werden k\u00f6nnen, aber auch indem private Besichtigungen der G\u00e4rten, welche sonst nicht zug\u00e4nglich sind, organisiert werden.<\/p>\n<p>Als Gruppenreiseveranstalter, welcher sich auf <a href=\"https:\/\/www.urlaubcornwall.de\/blog\/massgeschneiderte-gruppenreisen-und-touren\/\"><span style=\"text-decoration: underline;\"><strong>ma\u00dfgeschneiderte Reisen f\u00fcr Gruppen und Vereine<\/strong><\/span><\/a> spezialisiert hat, k\u00f6nnen wir Ihnen eine Reise anbieten welche genau Ihre Bed\u00fcrfnisse und Interessen abdeckt. Unsere Deutsch sprechenden Reisef\u00fchrer bieten zudem geschichtliche Einblicke und Erz\u00e4hlungen welche die G\u00e4rten zum Leben erwecken.<\/p>\n<p>Auf einer UrlaubCornwall Gruppenreise brauchen Sie sich keine Gedanken zum Zugang zu den G\u00e4rten, den \u00dcbernachtungen und der Verpflegung zu machen. Diese werden im Voraus organisiert, so dass Sie mehr Zeit zum Entspannen und Genie\u00dfen der G\u00e4rten haben.<\/p>\n<p>Angesichts der geographischen N\u00e4he zu Deutschland, k\u00f6nnen Gartengruppen mit dem eigenen Bus nach Grossbritannien reisen und die Agentur wird sich um alle Vorbereitungen vor Ort k\u00fcmmern. Alternativ, kann die Anreise mit dem Flugzeug erfolgen. Der Treffpunkt ist dann in einem Hotel in Grossbritannien. Die Organisation f\u00fcr den weiteren Transport vor Ort wird dann zusammen mit einer britischen Reisebusgesellschaft erfolgen.<\/p>\n<p>So oder so, eine gut geplante Garten-Themenreise nach Grossbritannien ist ein nie zu vergessenes Erlebnis f\u00fcr alle Teilnehmer.<\/p>\n<p><strong>Wir w\u00fcrden uns sehr freuen, von Ihnen zu h\u00f6ren!<\/strong><\/p>\n<p style=\"text-align: left;\" align=\"center\"><strong><a title=\"Gruppenanfrage\" href=\"http:\/\/www.urlaubcornwall.de\/gruppenanfrage.php\"><span style=\"text-decoration: underline;\">Kontaktieren Sie uns<\/span>&gt;&gt;<\/a> <\/strong>\u2013 wir garantieren Ihnen eine Antwort innerhalb von 24 Stunden.<\/p>\n\n","protected":false},"excerpt":{"rendered":"<p>Organisierte Gartenreisen und Touren durch Cornwall, S\u00fcdengland, S\u00fcdwestengland und London Dank dem englischen Dichter und K\u00fcnstler William Blake wird England oft liebevoll als &#8220;das gr\u00fcne, sch\u00f6ne Land&#8221; bezeichnet. Und es ist leicht zu sehen warum: Dank einem gem\u00e4\u00dfigten Klima kann England zu Recht stolz darauf sein, die atemberaubendste Landschaft der Welt zu besitzen und damit [&hellip;]<\/p>\n","protected":false},"author":1,"featured_media":0,"parent":0,"menu_order":0,"comment_status":"closed","ping_status":"closed","template":"single-four.php","meta":[],"acf":[],"yoast_head":"<!-- This site is optimized with the Yoast SEO plugin v19.4 - https:\/\/yoast.com\/wordpress\/plugins\/seo\/ -->\n<title>Gartenreisen f\u00fcr Gruppen in Grossbritannien - England, Scotland &amp; Wales - Urlaub &amp; Reisen<\/title>\n<meta name=\"robots\" content=\"index, follow, max-snippet:-1, max-image-preview:large, max-video-preview:-1\" \/>\n<link rel=\"canonical\" href=\"https:\/\/www.urlaubcornwall.de\/blog\/gartenreisen-fuer-gruppen-in-grossbritannien\/\" \/>\n<meta property=\"og:locale\" content=\"en_US\" \/>\n<meta property=\"og:type\" content=\"article\" \/>\n<meta property=\"og:title\" content=\"Gartenreisen f\u00fcr Gruppen in Grossbritannien - England, Scotland &amp; Wales - Urlaub &amp; Reisen\" \/>\n<meta property=\"og:description\" content=\"Organisierte Gartenreisen und Touren durch Cornwall, S\u00fcdengland, S\u00fcdwestengland und London Dank dem englischen Dichter und K\u00fcnstler William Blake wird England oft liebevoll als &#8220;das gr\u00fcne, sch\u00f6ne Land&#8221; bezeichnet. Und es ist leicht zu sehen warum: Dank einem gem\u00e4\u00dfigten Klima kann England zu Recht stolz darauf sein, die atemberaubendste Landschaft der Welt zu besitzen und damit [&hellip;]\" \/>\n<meta property=\"og:url\" content=\"https:\/\/www.urlaubcornwall.de\/blog\/gartenreisen-fuer-gruppen-in-grossbritannien\/\" \/>\n<meta property=\"og:site_name\" content=\"Urlaub &amp; Reisen\" \/>\n<meta property=\"article:modified_time\" content=\"2019-01-25T15:17:10+00:00\" \/>\n<meta property=\"og:image\" content=\"https:\/\/www.urlaubcornwall.de\/blog\/wp-content\/uploads\/2019\/01\/gartenreise-england.jpg\" \/>\n<meta name=\"twitter:card\" content=\"summary\" \/>\n<meta name=\"twitter:label1\" content=\"Est. reading time\" \/>\n\t<meta name=\"twitter:data1\" content=\"2 minutes\" \/>\n<script type=\"application\/ld+json\" class=\"yoast-schema-graph\">{\"@context\":\"https:\/\/schema.org\",\"@graph\":[{\"@type\":\"WebSite\",\"@id\":\"https:\/\/www.urlaubcornwall.de\/blog\/#website\",\"url\":\"https:\/\/www.urlaubcornwall.de\/blog\/\",\"name\":\"Urlaub &amp; Reisen\",\"description\":\"Urlaub, Reisen, Cornwall und S\u00fcdengland: eine perfekte Kombination\",\"potentialAction\":[{\"@type\":\"SearchAction\",\"target\":{\"@type\":\"EntryPoint\",\"urlTemplate\":\"https:\/\/www.urlaubcornwall.de\/blog\/?s={search_term_string}\"},\"query-input\":\"required name=search_term_string\"}],\"inLanguage\":\"en-US\"},{\"@type\":\"WebPage\",\"@id\":\"https:\/\/www.urlaubcornwall.de\/blog\/gartenreisen-fuer-gruppen-in-grossbritannien\/\",\"url\":\"https:\/\/www.urlaubcornwall.de\/blog\/gartenreisen-fuer-gruppen-in-grossbritannien\/\",\"name\":\"Gartenreisen f\u00fcr Gruppen in Grossbritannien - England, Scotland & Wales - Urlaub &amp; Reisen\",\"isPartOf\":{\"@id\":\"https:\/\/www.urlaubcornwall.de\/blog\/#website\"},\"datePublished\":\"2014-10-19T09:04:56+00:00\",\"dateModified\":\"2019-01-25T15:17:10+00:00\",\"breadcrumb\":{\"@id\":\"https:\/\/www.urlaubcornwall.de\/blog\/gartenreisen-fuer-gruppen-in-grossbritannien\/#breadcrumb\"},\"inLanguage\":\"en-US\",\"potentialAction\":[{\"@type\":\"ReadAction\",\"target\":[\"https:\/\/www.urlaubcornwall.de\/blog\/gartenreisen-fuer-gruppen-in-grossbritannien\/\"]}]},{\"@type\":\"BreadcrumbList\",\"@id\":\"https:\/\/www.urlaubcornwall.de\/blog\/gartenreisen-fuer-gruppen-in-grossbritannien\/#breadcrumb\",\"itemListElement\":[{\"@type\":\"ListItem\",\"position\":1,\"name\":\"Home\",\"item\":\"https:\/\/www.urlaubcornwall.de\/blog\/\"},{\"@type\":\"ListItem\",\"position\":2,\"name\":\"Gartenreisen f\u00fcr Gruppen in Grossbritannien &#8211; England, Scotland &#038; Wales\"}]}]}<\/script>\n<!-- \/ Yoast SEO plugin. -->","yoast_head_json":{"title":"Gartenreisen f\u00fcr Gruppen in Grossbritannien - England, Scotland & Wales - Urlaub &amp; Reisen","robots":{"index":"index","follow":"follow","max-snippet":"max-snippet:-1","max-image-preview":"max-image-preview:large","max-video-preview":"max-video-preview:-1"},"canonical":"https:\/\/www.urlaubcornwall.de\/blog\/gartenreisen-fuer-gruppen-in-grossbritannien\/","og_locale":"en_US","og_type":"article","og_title":"Gartenreisen f\u00fcr Gruppen in Grossbritannien - England, Scotland & Wales - Urlaub &amp; Reisen","og_description":"Organisierte Gartenreisen und Touren durch Cornwall, S\u00fcdengland, S\u00fcdwestengland und London Dank dem englischen Dichter und K\u00fcnstler William Blake wird England oft liebevoll als &#8220;das gr\u00fcne, sch\u00f6ne Land&#8221; bezeichnet. Und es ist leicht zu sehen warum: Dank einem gem\u00e4\u00dfigten Klima kann England zu Recht stolz darauf sein, die atemberaubendste Landschaft der Welt zu besitzen und damit [&hellip;]","og_url":"https:\/\/www.urlaubcornwall.de\/blog\/gartenreisen-fuer-gruppen-in-grossbritannien\/","og_site_name":"Urlaub &amp; Reisen","article_modified_time":"2019-01-25T15:17:10+00:00","og_image":[{"url":"https:\/\/www.urlaubcornwall.de\/blog\/wp-content\/uploads\/2019\/01\/gartenreise-england.jpg"}],"twitter_card":"summary","twitter_misc":{"Est. reading time":"2 minutes"},"schema":{"@context":"https:\/\/schema.org","@graph":[{"@type":"WebSite","@id":"https:\/\/www.urlaubcornwall.de\/blog\/#website","url":"https:\/\/www.urlaubcornwall.de\/blog\/","name":"Urlaub &amp; Reisen","description":"Urlaub, Reisen, Cornwall und S\u00fcdengland: eine perfekte Kombination","potentialAction":[{"@type":"SearchAction","target":{"@type":"EntryPoint","urlTemplate":"https:\/\/www.urlaubcornwall.de\/blog\/?s={search_term_string}"},"query-input":"required name=search_term_string"}],"inLanguage":"en-US"},{"@type":"WebPage","@id":"https:\/\/www.urlaubcornwall.de\/blog\/gartenreisen-fuer-gruppen-in-grossbritannien\/","url":"https:\/\/www.urlaubcornwall.de\/blog\/gartenreisen-fuer-gruppen-in-grossbritannien\/","name":"Gartenreisen f\u00fcr Gruppen in Grossbritannien - England, Scotland & Wales - Urlaub &amp; Reisen","isPartOf":{"@id":"https:\/\/www.urlaubcornwall.de\/blog\/#website"},"datePublished":"2014-10-19T09:04:56+00:00","dateModified":"2019-01-25T15:17:10+00:00","breadcrumb":{"@id":"https:\/\/www.urlaubcornwall.de\/blog\/gartenreisen-fuer-gruppen-in-grossbritannien\/#breadcrumb"},"inLanguage":"en-US","potentialAction":[{"@type":"ReadAction","target":["https:\/\/www.urlaubcornwall.de\/blog\/gartenreisen-fuer-gruppen-in-grossbritannien\/"]}]},{"@type":"BreadcrumbList","@id":"https:\/\/www.urlaubcornwall.de\/blog\/gartenreisen-fuer-gruppen-in-grossbritannien\/#breadcrumb","itemListElement":[{"@type":"ListItem","position":1,"name":"Home","item":"https:\/\/www.urlaubcornwall.de\/blog\/"},{"@type":"ListItem","position":2,"name":"Gartenreisen f\u00fcr Gruppen in Grossbritannien &#8211; England, Scotland &#038; Wales"}]}]}},"_links":{"self":[{"href":"https:\/\/www.urlaubcornwall.de\/blog\/wp-json\/wp\/v2\/pages\/16985"}],"collection":[{"href":"https:\/\/www.urlaubcornwall.de\/blog\/wp-json\/wp\/v2\/pages"}],"about":[{"href":"https:\/\/www.urlaubcornwall.de\/blog\/wp-json\/wp\/v2\/types\/page"}],"author":[{"embeddable":true,"href":"https:\/\/www.urlaubcornwall.de\/blog\/wp-json\/wp\/v2\/users\/1"}],"replies":[{"embeddable":true,"href":"https:\/\/www.urlaubcornwall.de\/blog\/wp-json\/wp\/v2\/comments?post=16985"}],"version-history":[{"count":11,"href":"https:\/\/www.urlaubcornwall.de\/blog\/wp-json\/wp\/v2\/pages\/16985\/revisions"}],"predecessor-version":[{"id":17068,"href":"https:\/\/www.urlaubcornwall.de\/blog\/wp-json\/wp\/v2\/pages\/16985\/revisions\/17068"}],"wp:attachment":[{"href":"https:\/\/www.urlaubcornwall.de\/blog\/wp-json\/wp\/v2\/media?parent=16985"}],"curies":[{"name":"wp","href":"https:\/\/api.w.org\/{rel}","templated":true}]}}