{"id":16955,"date":"2014-10-15T13:07:08","date_gmt":"2014-10-15T13:07:08","guid":{"rendered":"https:\/\/www.urlaubcornwall.de\/blog\/?page_id=16955"},"modified":"2019-11-29T10:28:18","modified_gmt":"2019-11-29T10:28:18","slug":"urlaub-in-falmouth-im-herzen-von-cornwalls-seefahrtsgeschichte","status":"publish","type":"page","link":"https:\/\/www.urlaubcornwall.de\/blog\/urlaub-in-falmouth-im-herzen-von-cornwalls-seefahrtsgeschichte\/","title":{"rendered":"Urlaub in Falmouth, im Herzen von Cornwalls Seefahrtsgeschichte"},"content":{"rendered":"<p>Falmouth selbst bietet Besuchern eine Menge zu sehen und zu tun und ist auch Ausgangsbasis, den <a href=\"http:\/\/www.urlaubcornwall.de\/roseland-halbinsel.php\"><span style=\"text-decoration: underline;\">Fluss Fal und die Roseland Halbinsel<\/span><\/a> zu erkunden, die wiederum eine gro\u00dfe Vielfalt an Attraktionen, G\u00e4rten, Wanderm\u00f6glichkeiten und viele Sandstr\u00e4nde zu bieten haben.<\/p>\n<p><a href=\"https:\/\/www.urlaubcornwall.de\/blog\/wp-content\/uploads\/2014\/10\/enterprise-boats-fal-river-cornwall_1.jpg\"><img loading=\"lazy\" class=\"aligncenter size-full wp-image-16964\" src=\"https:\/\/www.urlaubcornwall.de\/blog\/wp-content\/uploads\/2014\/10\/enterprise-boats-fal-river-cornwall_1.jpg\" alt=\"enterprise-boats-fal-river-cornwall_1\" width=\"748\" height=\"368\"\/><\/a><\/p>\n<p>Wenn Sie in einer Ferienwohnung oder <a href=\"https:\/\/www.urlaubcornwall.de\/hotels.php\">einem Hotel vor Ort<\/a> untergebracht sind, geben wir Ihnen den Tipp, das Auto stehen zu lassen und Gebrauch zu machen von den h\u00e4ufig verkehrenden Booten zwischen Falmouth, St Mawes, Truro und weiteren interessanten Orten. Eine gro\u00dfartige M\u00f6glichkeit, Geld zu sparen, ist es, wenn Sie eine <span style=\"text-decoration: underline;\">\u201eMussel Card\u201d<\/span> von FalRiver kaufen, die die F\u00e4hren betreiben. Damit erhalten Sie einen hohen Nachlass, sowie unbegrenzte Reisen, und zudem k\u00f6nnen Sie damit auch Zug- und Busverbindungen nutzen.<\/p>\n<div class=\"snippet\"> <a class=\"featured-item\" href=\" https:\/\/www.urlaubcornwall.de\/ferienhaeuser-fewos\/falmouth.html\"> <span class=\"image-holder\" style=\"background-image: url(' https:\/\/www.urlaubcornwall.de\/blog\/wp-content\/uploads\/2019\/01\/ferienhaus-falmouth.jpg ');\"><\/span> <span class=\"featured-content\"> \n<h2 class=\"featured-title\">Ferienh\u00e4user und Ferienwohnungen in Falmouth<\/h2>\n<p class=\"featured-body\">Falmouth liegt am \u00c4stuar des Flusses Fal, eines der feinsten Naturh\u00e4fen der Welt. Auf einer Landspitze mit Blick auf die Bucht von Falmouth befindet sich die Burg Pendennis Castle und \u00fcber dem Fluss in St Mawes liegt die St Mawes Burg&#8230;&#8230;<\/p>\n<\/span> <span class=\"featured-link-holder\"> <span class=\"featured-extra-info\"> \n<p>F\u00fcr Paare, Familien &#038; Gruppen<\/p>\n<\/span> \n<p class=\"featured-link\">DETAILS<\/p>\n<\/span> <\/a><\/div>\n<p>Reisen Sie den Fluss hinauf nach Truro, Cornwalls Hauptstadt, ganz gem\u00fctlich auf einer F\u00e4hre von 1961, der Enterprise I, die Teil einer Flotte ist von zwei Familien des Ortes \u2013 den Johns und Berrymans- , die seit den 1950ern Schifffahrt auf dem Fal betreiben.<\/p>\n<p>Auf Ihrer Fahrt flussaufw\u00e4rts sehen Sie vielleicht Segelboote, die die cornischen, heimischen Austern der Carrick Roads ernten, indem sie traditionelle kleine Schleppnetze per Hand einholen. Diese unverwechselbaren Boote liefern sich w\u00e4hrend des Sommers Wettrennen und arbeiten w\u00e4hrend des Winters in der letzten Austernzucht Europas, die segelnd die Ernte einbringt.<\/p>\n<p><a href=\"https:\/\/www.urlaubcornwall.de\/blog\/wp-content\/uploads\/2014\/10\/falmouth-cornwall-04.jpg\"><img loading=\"lazy\" class=\"aligncenter size-full wp-image-16968\" src=\"https:\/\/www.urlaubcornwall.de\/blog\/wp-content\/uploads\/2014\/10\/falmouth-cornwall-04.jpg\" alt=\"falmouth hafen\" width=\"748\" height=\"368\"\/><\/a><\/p>\n<p>Weiter flussaufw\u00e4rts, vorbei an Mylor und den entz\u00fcckenden Buchten Restronguets, kamen wir an den Trelissick G\u00e4rten vorbei, die sich bis hinunter zum Flussufer ziehen. Einige Passagiere stiegen hier aus, um kostenfrei die tief bewaldeten T\u00e4ler und ausgedehnten G\u00e4rten mit ihren <span style=\"text-decoration: underline;\">\u201eMussel Visitor Plus\u201c<\/span>&#8211; Ausweisen zu erkunden.<\/p>\n<p>Indem es weiter geht Richtung Truro, werden Sie rechter Hand das Gut Tregothnan sehen, Heimat von Gro\u00dfbritanniens erster Teeplantage. Durch die B\u00e4ume hindurch erhaschten wir einen Blick auf das gro\u00dfartige Herrenhaus des 9. Viscounts von Falmouth, dem Familienwohnsitz der Boscawen Familie.<\/p>\n<div class=\"snippet\"> <a class=\"featured-item\" href=\" https:\/\/www.urlaubcornwall.de\/rundreisen\/cornwall-suedengland.php\"> <span class=\"image-holder\" style=\"background-image: url(' https:\/\/www.urlaubcornwall.de\/blog\/wp-content\/uploads\/2018\/11\/rundreise-cornwall.jpg ');\"><\/span> <span class=\"featured-content\"> \n<h2 class=\"featured-title\">Individuelle Rundreise in Cornwall &#038; S\u00fcdengland<\/h2>\n<p class=\"featured-body\"> Bei dieser Cornwall Rundreise entdecken Sie die H\u00f6hepunkte S\u00fcdenglands. Kultur, Geschichte, Landschaft und heutiges Leben werden Sie hierbei kennenlernen&#8230;<\/p>\n<\/span> <span class=\"featured-link-holder\"> <span class=\"featured-extra-info\"> \n<p>Urlaub im eigenen Schritttempo<\/p>\n<\/span> \n<p class=\"featured-link\">DETAILS<\/p>\n<\/span> <\/a><\/div>\n<p>Dem folgt die zauberhafte <a href=\"https:\/\/www.urlaubcornwall.de\/blog\/2012\/05\/king-harry-faehre-roseland-halbinselfalmouthtruro\/\"><span style=\"text-decoration: underline;\">King Harry Schwimmende Br\u00fccke<\/span><\/a>. Versteckt an einem ruhigen, fruchtbaren Abschnitt des Flusses gelegen, wo die Flussb\u00e4nke mit festgewachsenen Eichen best\u00fcckt sind, wurde diese ber\u00fchmte Kettenf\u00e4hre 1888 eingerichtet und verbindet die Gemeinden Feock und Philleigh auf der Roseland Halbinsel miteinander. Dabei spart man sich einen Umweg von 27 Meilen \u00fcber Truro. Sie ist kostenlos mit dem Besucherausweis, ohne fallen Kosten von \u00a35 f\u00fcr eine Wegstrecke, \u00a38 Hin- und Zur\u00fcck an.<\/p>\n<p>Nachdem Sie Truros historische Kathedrale und die entz\u00fcckenden engen Stra\u00dfen voller Gesch\u00e4fte, Caf\u00e9s und Restaurants erkundet haben, gehen Sie wieder zur\u00fcck hinunter zum Fluss. Die Fahrt von Falmouth nach Truro dauert zwischen 75 und 90 Minuten und bringt Sie in den Hafen, gleich bei der Bushaltestation. (Der Bahnhof befindet sich einen 15min\u00fctigen Fu\u00dfmarsch entfernt.)<\/p>\n","protected":false},"excerpt":{"rendered":"<p>Falmouth selbst bietet Besuchern eine Menge zu sehen und zu tun und ist auch Ausgangsbasis, den Fluss Fal und die Roseland Halbinsel zu erkunden, die wiederum eine gro\u00dfe Vielfalt an Attraktionen, G\u00e4rten, Wanderm\u00f6glichkeiten und viele Sandstr\u00e4nde zu bieten haben. Wenn Sie in einer Ferienwohnung oder einem Hotel vor Ort untergebracht sind, geben wir Ihnen den [&hellip;]<\/p>\n","protected":false},"author":1,"featured_media":0,"parent":0,"menu_order":0,"comment_status":"closed","ping_status":"closed","template":"single-four.php","meta":[],"acf":[],"yoast_head":"<!-- This site is optimized with the Yoast SEO plugin v19.4 - https:\/\/yoast.com\/wordpress\/plugins\/seo\/ -->\n<title>Urlaub in Falmouth, im Herzen von Cornwalls Seefahrtsgeschichte - Urlaub &amp; Reisen<\/title>\n<meta name=\"robots\" content=\"index, follow, max-snippet:-1, max-image-preview:large, max-video-preview:-1\" \/>\n<link rel=\"canonical\" href=\"https:\/\/www.urlaubcornwall.de\/blog\/urlaub-in-falmouth-im-herzen-von-cornwalls-seefahrtsgeschichte\/\" \/>\n<meta property=\"og:locale\" content=\"en_US\" \/>\n<meta property=\"og:type\" content=\"article\" \/>\n<meta property=\"og:title\" content=\"Urlaub in Falmouth, im Herzen von Cornwalls Seefahrtsgeschichte - Urlaub &amp; Reisen\" \/>\n<meta property=\"og:description\" content=\"Falmouth selbst bietet Besuchern eine Menge zu sehen und zu tun und ist auch Ausgangsbasis, den Fluss Fal und die Roseland Halbinsel zu erkunden, die wiederum eine gro\u00dfe Vielfalt an Attraktionen, G\u00e4rten, Wanderm\u00f6glichkeiten und viele Sandstr\u00e4nde zu bieten haben. Wenn Sie in einer Ferienwohnung oder einem Hotel vor Ort untergebracht sind, geben wir Ihnen den [&hellip;]\" \/>\n<meta property=\"og:url\" content=\"https:\/\/www.urlaubcornwall.de\/blog\/urlaub-in-falmouth-im-herzen-von-cornwalls-seefahrtsgeschichte\/\" \/>\n<meta property=\"og:site_name\" content=\"Urlaub &amp; Reisen\" \/>\n<meta property=\"article:modified_time\" content=\"2019-11-29T10:28:18+00:00\" \/>\n<meta property=\"og:image\" content=\"https:\/\/www.urlaubcornwall.de\/blog\/wp-content\/uploads\/2014\/10\/enterprise-boats-fal-river-cornwall_1.jpg\" \/>\n<meta name=\"twitter:card\" content=\"summary\" \/>\n<meta name=\"twitter:label1\" content=\"Est. reading time\" \/>\n\t<meta name=\"twitter:data1\" content=\"3 minutes\" \/>\n<script type=\"application\/ld+json\" class=\"yoast-schema-graph\">{\"@context\":\"https:\/\/schema.org\",\"@graph\":[{\"@type\":\"WebSite\",\"@id\":\"https:\/\/www.urlaubcornwall.de\/blog\/#website\",\"url\":\"https:\/\/www.urlaubcornwall.de\/blog\/\",\"name\":\"Urlaub &amp; Reisen\",\"description\":\"Urlaub, Reisen, Cornwall und S\u00fcdengland: eine perfekte Kombination\",\"potentialAction\":[{\"@type\":\"SearchAction\",\"target\":{\"@type\":\"EntryPoint\",\"urlTemplate\":\"https:\/\/www.urlaubcornwall.de\/blog\/?s={search_term_string}\"},\"query-input\":\"required name=search_term_string\"}],\"inLanguage\":\"en-US\"},{\"@type\":\"WebPage\",\"@id\":\"https:\/\/www.urlaubcornwall.de\/blog\/urlaub-in-falmouth-im-herzen-von-cornwalls-seefahrtsgeschichte\/\",\"url\":\"https:\/\/www.urlaubcornwall.de\/blog\/urlaub-in-falmouth-im-herzen-von-cornwalls-seefahrtsgeschichte\/\",\"name\":\"Urlaub in Falmouth, im Herzen von Cornwalls Seefahrtsgeschichte - Urlaub &amp; Reisen\",\"isPartOf\":{\"@id\":\"https:\/\/www.urlaubcornwall.de\/blog\/#website\"},\"datePublished\":\"2014-10-15T13:07:08+00:00\",\"dateModified\":\"2019-11-29T10:28:18+00:00\",\"breadcrumb\":{\"@id\":\"https:\/\/www.urlaubcornwall.de\/blog\/urlaub-in-falmouth-im-herzen-von-cornwalls-seefahrtsgeschichte\/#breadcrumb\"},\"inLanguage\":\"en-US\",\"potentialAction\":[{\"@type\":\"ReadAction\",\"target\":[\"https:\/\/www.urlaubcornwall.de\/blog\/urlaub-in-falmouth-im-herzen-von-cornwalls-seefahrtsgeschichte\/\"]}]},{\"@type\":\"BreadcrumbList\",\"@id\":\"https:\/\/www.urlaubcornwall.de\/blog\/urlaub-in-falmouth-im-herzen-von-cornwalls-seefahrtsgeschichte\/#breadcrumb\",\"itemListElement\":[{\"@type\":\"ListItem\",\"position\":1,\"name\":\"Home\",\"item\":\"https:\/\/www.urlaubcornwall.de\/blog\/\"},{\"@type\":\"ListItem\",\"position\":2,\"name\":\"Urlaub in Falmouth, im Herzen von Cornwalls Seefahrtsgeschichte\"}]}]}<\/script>\n<!-- \/ Yoast SEO plugin. -->","yoast_head_json":{"title":"Urlaub in Falmouth, im Herzen von Cornwalls Seefahrtsgeschichte - Urlaub &amp; Reisen","robots":{"index":"index","follow":"follow","max-snippet":"max-snippet:-1","max-image-preview":"max-image-preview:large","max-video-preview":"max-video-preview:-1"},"canonical":"https:\/\/www.urlaubcornwall.de\/blog\/urlaub-in-falmouth-im-herzen-von-cornwalls-seefahrtsgeschichte\/","og_locale":"en_US","og_type":"article","og_title":"Urlaub in Falmouth, im Herzen von Cornwalls Seefahrtsgeschichte - Urlaub &amp; Reisen","og_description":"Falmouth selbst bietet Besuchern eine Menge zu sehen und zu tun und ist auch Ausgangsbasis, den Fluss Fal und die Roseland Halbinsel zu erkunden, die wiederum eine gro\u00dfe Vielfalt an Attraktionen, G\u00e4rten, Wanderm\u00f6glichkeiten und viele Sandstr\u00e4nde zu bieten haben. Wenn Sie in einer Ferienwohnung oder einem Hotel vor Ort untergebracht sind, geben wir Ihnen den [&hellip;]","og_url":"https:\/\/www.urlaubcornwall.de\/blog\/urlaub-in-falmouth-im-herzen-von-cornwalls-seefahrtsgeschichte\/","og_site_name":"Urlaub &amp; Reisen","article_modified_time":"2019-11-29T10:28:18+00:00","og_image":[{"url":"https:\/\/www.urlaubcornwall.de\/blog\/wp-content\/uploads\/2014\/10\/enterprise-boats-fal-river-cornwall_1.jpg"}],"twitter_card":"summary","twitter_misc":{"Est. reading time":"3 minutes"},"schema":{"@context":"https:\/\/schema.org","@graph":[{"@type":"WebSite","@id":"https:\/\/www.urlaubcornwall.de\/blog\/#website","url":"https:\/\/www.urlaubcornwall.de\/blog\/","name":"Urlaub &amp; Reisen","description":"Urlaub, Reisen, Cornwall und S\u00fcdengland: eine perfekte Kombination","potentialAction":[{"@type":"SearchAction","target":{"@type":"EntryPoint","urlTemplate":"https:\/\/www.urlaubcornwall.de\/blog\/?s={search_term_string}"},"query-input":"required name=search_term_string"}],"inLanguage":"en-US"},{"@type":"WebPage","@id":"https:\/\/www.urlaubcornwall.de\/blog\/urlaub-in-falmouth-im-herzen-von-cornwalls-seefahrtsgeschichte\/","url":"https:\/\/www.urlaubcornwall.de\/blog\/urlaub-in-falmouth-im-herzen-von-cornwalls-seefahrtsgeschichte\/","name":"Urlaub in Falmouth, im Herzen von Cornwalls Seefahrtsgeschichte - Urlaub &amp; Reisen","isPartOf":{"@id":"https:\/\/www.urlaubcornwall.de\/blog\/#website"},"datePublished":"2014-10-15T13:07:08+00:00","dateModified":"2019-11-29T10:28:18+00:00","breadcrumb":{"@id":"https:\/\/www.urlaubcornwall.de\/blog\/urlaub-in-falmouth-im-herzen-von-cornwalls-seefahrtsgeschichte\/#breadcrumb"},"inLanguage":"en-US","potentialAction":[{"@type":"ReadAction","target":["https:\/\/www.urlaubcornwall.de\/blog\/urlaub-in-falmouth-im-herzen-von-cornwalls-seefahrtsgeschichte\/"]}]},{"@type":"BreadcrumbList","@id":"https:\/\/www.urlaubcornwall.de\/blog\/urlaub-in-falmouth-im-herzen-von-cornwalls-seefahrtsgeschichte\/#breadcrumb","itemListElement":[{"@type":"ListItem","position":1,"name":"Home","item":"https:\/\/www.urlaubcornwall.de\/blog\/"},{"@type":"ListItem","position":2,"name":"Urlaub in Falmouth, im Herzen von Cornwalls Seefahrtsgeschichte"}]}]}},"_links":{"self":[{"href":"https:\/\/www.urlaubcornwall.de\/blog\/wp-json\/wp\/v2\/pages\/16955"}],"collection":[{"href":"https:\/\/www.urlaubcornwall.de\/blog\/wp-json\/wp\/v2\/pages"}],"about":[{"href":"https:\/\/www.urlaubcornwall.de\/blog\/wp-json\/wp\/v2\/types\/page"}],"author":[{"embeddable":true,"href":"https:\/\/www.urlaubcornwall.de\/blog\/wp-json\/wp\/v2\/users\/1"}],"replies":[{"embeddable":true,"href":"https:\/\/www.urlaubcornwall.de\/blog\/wp-json\/wp\/v2\/comments?post=16955"}],"version-history":[{"count":7,"href":"https:\/\/www.urlaubcornwall.de\/blog\/wp-json\/wp\/v2\/pages\/16955\/revisions"}],"predecessor-version":[{"id":16957,"href":"https:\/\/www.urlaubcornwall.de\/blog\/wp-json\/wp\/v2\/pages\/16955\/revisions\/16957"}],"wp:attachment":[{"href":"https:\/\/www.urlaubcornwall.de\/blog\/wp-json\/wp\/v2\/media?parent=16955"}],"curies":[{"name":"wp","href":"https:\/\/api.w.org\/{rel}","templated":true}]}}