{"id":16946,"date":"2014-10-15T13:00:30","date_gmt":"2014-10-15T13:00:30","guid":{"rendered":"https:\/\/www.urlaubcornwall.de\/blog\/?page_id=16946"},"modified":"2024-05-26T12:51:34","modified_gmt":"2024-05-26T12:51:34","slug":"attraktionen-und-sehenswuerdigkeiten-fuer-gruppenreisende-in-cornwall","status":"publish","type":"page","link":"https:\/\/www.urlaubcornwall.de\/blog\/attraktionen-und-sehenswuerdigkeiten-fuer-gruppenreisende-in-cornwall\/","title":{"rendered":"Attraktionen und Sehensw\u00fcrdigkeiten f\u00fcr Gruppenreisende in Cornwall"},"content":{"rendered":"<p><a href=\"https:\/\/www.urlaubcornwall.de\/blog\/wp-content\/uploads\/2014\/10\/Gruppenreisende-in-Cornwall_1.jpg\"><img loading=\"lazy\" class=\"aligncenter size-full wp-image-16966\" src=\"https:\/\/www.urlaubcornwall.de\/blog\/wp-content\/uploads\/2014\/10\/Gruppenreisende-in-Cornwall_1.jpg\" alt=\"Gruppenreisende in Cornwall_1\" width=\"747\" height=\"368\" \/><\/a><\/p>\n<p><strong>Sind Sie ein Verein, Busunternehmen, Reiseb\u00fcro oder Guppenreisenveranstalter?<\/strong><\/p>\n<p>Suchen Sie nach einer organisierten Busreise, einer Pauschalreise, Seniorenreise, Klassenfahrt oder nach einer gef\u00fchrten Reise in der Gruppe? W\u00e4hrend Ihres Gruppenurlaubs (ob Themenreise, Studienreise, Leserreise, H\u00f6rerreise, Zuschauerreise oder Incentive-Reise) eine Reisebegleitung mit an Bord zu haben, verschafft Ihnen viele Vorteile und kann Ihnen den organisationsbedingten Stress abnehmen, damit Sie Ihre Reise um so mehr genie\u00dfen k\u00f6nnen.\u00a0<\/p>\n<div class=\"snippet\"> <a class=\"featured-item\" href=\" https:\/\/www.urlaubcornwall.de\/massgeschneiderte-gruppenreisen-und-touren.php \"> <span class=\"image-holder\" style=\"background-image: url(' https:\/\/www.urlaubcornwall.de\/blog\/wp-content\/uploads\/2024\/03\/jurassic_edit_515.jpg ');\"><\/span> <span class=\"featured-content\"> \n<h2 class=\"featured-title\"> Ma\u00dfgeschneiderte Gruppenreisen in Cornwall &#038; durch Gro\u00dfbritannien<\/h2>\n<p class=\"featured-body\">Als spezialisierte Tourismusorganisation kann UrlaubCornwall f\u00fcr Sie ma\u00dfgeschneiderte Busrundreisen, Gruppenf\u00fchrungen oder Veranstaltungen mit deutschsprachiger Reisebegleitung und fachkundigen einheimischen Reiseleitern nach Ihren spezifischen Anforderungen und Bed\u00fcrfnissen organisieren&#8230;<\/p>\n<\/span> <span class=\"featured-link-holder\"> <span class=\"featured-extra-info\"> \n<p> Auch interessante Themenreisen, Gartenreise, Literaturreise oder Chorreise \u2026<\/p>\n<\/span> \n<p class=\"featured-link\">DETAILS<\/p>\n<\/span> <\/a><\/div>\n<h2><strong>Schiffsfahrten auf den Fl\u00fcssen von Cornwalls S\u00fcdk\u00fcste.<\/strong><\/h2>\n<p>Mit einem Nachlass von 10% f\u00fcr Buchungen von Gruppen mit 10 oder mehr Personen. Es gibt Boote, die s\u00e4mtlichen Gruppen und jeder Gruppengr\u00f6\u00dfe gerecht werden; f\u00fcr Vereine und Klubs auf einer Busreise, Wandertouren oder Gartenbesucher. FalRiver hat eine Flotte im Angebot, die zwei \u00f6rtlich ans\u00e4ssigen Familien geh\u00f6rt \u2013 den Johns und Berrymans \u2013, die seit den 1950ern Schifffahrt auf dem Fal betreiben. Ihre Bootstouren f\u00fchren durch T\u00e4ler, die von W\u00e4ldern umgrenzt sind, vorbei an G\u00e4rten, historischen H\u00e4usern, Ozeanriesen, die vor Anker liegen, den Tudor Burgen von Falmouth und St Mawes, St Anthonys Leuchtturm und dem Hafen von Falmouth, dem dritttiefsten nat\u00fcrlichen Hafen der Welt und seinen gesch\u00e4ftigen Docks.<\/p>\n<p>Auch Riesenhaie, Delphine, Seehunde und seltene Seev\u00f6gel k\u00f6nnen h\u00e4ufig entlang der Route angetroffen werden.<\/p>\n<p>Die Flotte besteht aus acht klassischen, h\u00f6lzernen Booten, die bei Falmouth, Truro, Malpas, Trelissick Gardens und St Mawes anlegen k\u00f6nnen.<\/p>\n<p><strong>An Bord der Flotte werden Ihre Gruppen Folgendes vorfinden:<\/strong><br \/>\n\u2022 einen einzigartigen Tagesausflug auf dem Fluss<br \/>\n\u2022 tadellos instandgehaltene Boote mit Bootsschein<br \/>\n\u2022 erfahrene Besatzung mit MCA Zertifikat<br \/>\n\u2022 Erfrischungen und Toiletten an Bord<br \/>\n\u2022 einzigartige und interessante Reisekommentare<br \/>\n\u2022 beheizte und \u00fcberdachte Sitzbereiche und Aussichtsplattform auf dem oberen Deck<br \/>\n\u2022 mehrere Zustiegsm\u00f6glichkeiten entlang des Flusses Fal, einschlie\u00dflich g\u00fcnstiger Bushaltest\u00e4tten<\/p>\n<p>Falls Sie ein Bustourunternehmen oder eine Gruppenreiseagentur sind, so gibt es f\u00fcr Ihre Touren gro\u00dfartige Angebote, einschlie\u00dflich der Planung Ihres Reiseablaufs, einfache Buchungen und freie Parkm\u00f6glichkeit in Falmouth. Setzen Sie sich mit Falriver in Verbindung, um eine Gruppenbuchung vorzunehmen. Sie werden dabei Geld sparen und die beste Schiffsreise innerhalb Cornwalls genie\u00dfen.<\/p>\n","protected":false},"excerpt":{"rendered":"<p>Sind Sie ein Verein, Busunternehmen, Reiseb\u00fcro oder Guppenreisenveranstalter? Suchen Sie nach einer organisierten Busreise, einer Pauschalreise, Seniorenreise, Klassenfahrt oder nach einer gef\u00fchrten Reise in der Gruppe? W\u00e4hrend Ihres Gruppenurlaubs (ob Themenreise, Studienreise, Leserreise, H\u00f6rerreise, Zuschauerreise oder Incentive-Reise) eine Reisebegleitung mit an Bord zu haben, verschafft Ihnen viele Vorteile und kann Ihnen den organisationsbedingten Stress abnehmen, [&hellip;]<\/p>\n","protected":false},"author":1,"featured_media":0,"parent":0,"menu_order":0,"comment_status":"closed","ping_status":"closed","template":"single-four.php","meta":[],"acf":[],"yoast_head":"<!-- This site is optimized with the Yoast SEO plugin v19.4 - https:\/\/yoast.com\/wordpress\/plugins\/seo\/ -->\n<title>Attraktionen und Sehensw\u00fcrdigkeiten f\u00fcr Gruppenreisende in Cornwall - Urlaub &amp; Reisen<\/title>\n<meta name=\"robots\" content=\"index, follow, max-snippet:-1, max-image-preview:large, max-video-preview:-1\" \/>\n<link rel=\"canonical\" href=\"https:\/\/www.urlaubcornwall.de\/blog\/attraktionen-und-sehenswuerdigkeiten-fuer-gruppenreisende-in-cornwall\/\" \/>\n<meta property=\"og:locale\" content=\"en_US\" \/>\n<meta property=\"og:type\" content=\"article\" \/>\n<meta property=\"og:title\" content=\"Attraktionen und Sehensw\u00fcrdigkeiten f\u00fcr Gruppenreisende in Cornwall - Urlaub &amp; Reisen\" \/>\n<meta property=\"og:description\" content=\"Sind Sie ein Verein, Busunternehmen, Reiseb\u00fcro oder Guppenreisenveranstalter? Suchen Sie nach einer organisierten Busreise, einer Pauschalreise, Seniorenreise, Klassenfahrt oder nach einer gef\u00fchrten Reise in der Gruppe? W\u00e4hrend Ihres Gruppenurlaubs (ob Themenreise, Studienreise, Leserreise, H\u00f6rerreise, Zuschauerreise oder Incentive-Reise) eine Reisebegleitung mit an Bord zu haben, verschafft Ihnen viele Vorteile und kann Ihnen den organisationsbedingten Stress abnehmen, [&hellip;]\" \/>\n<meta property=\"og:url\" content=\"https:\/\/www.urlaubcornwall.de\/blog\/attraktionen-und-sehenswuerdigkeiten-fuer-gruppenreisende-in-cornwall\/\" \/>\n<meta property=\"og:site_name\" content=\"Urlaub &amp; Reisen\" \/>\n<meta property=\"article:modified_time\" content=\"2024-05-26T12:51:34+00:00\" \/>\n<meta property=\"og:image\" content=\"https:\/\/www.urlaubcornwall.de\/blog\/wp-content\/uploads\/2014\/10\/Gruppenreisende-in-Cornwall_1.jpg\" \/>\n<meta name=\"twitter:card\" content=\"summary\" \/>\n<meta name=\"twitter:label1\" content=\"Est. reading time\" \/>\n\t<meta name=\"twitter:data1\" content=\"2 minutes\" \/>\n<script type=\"application\/ld+json\" class=\"yoast-schema-graph\">{\"@context\":\"https:\/\/schema.org\",\"@graph\":[{\"@type\":\"WebSite\",\"@id\":\"https:\/\/www.urlaubcornwall.de\/blog\/#website\",\"url\":\"https:\/\/www.urlaubcornwall.de\/blog\/\",\"name\":\"Urlaub &amp; Reisen\",\"description\":\"Urlaub, Reisen, Cornwall und S\u00fcdengland: eine perfekte Kombination\",\"potentialAction\":[{\"@type\":\"SearchAction\",\"target\":{\"@type\":\"EntryPoint\",\"urlTemplate\":\"https:\/\/www.urlaubcornwall.de\/blog\/?s={search_term_string}\"},\"query-input\":\"required name=search_term_string\"}],\"inLanguage\":\"en-US\"},{\"@type\":\"WebPage\",\"@id\":\"https:\/\/www.urlaubcornwall.de\/blog\/attraktionen-und-sehenswuerdigkeiten-fuer-gruppenreisende-in-cornwall\/\",\"url\":\"https:\/\/www.urlaubcornwall.de\/blog\/attraktionen-und-sehenswuerdigkeiten-fuer-gruppenreisende-in-cornwall\/\",\"name\":\"Attraktionen und Sehensw\u00fcrdigkeiten f\u00fcr Gruppenreisende in Cornwall - Urlaub &amp; Reisen\",\"isPartOf\":{\"@id\":\"https:\/\/www.urlaubcornwall.de\/blog\/#website\"},\"datePublished\":\"2014-10-15T13:00:30+00:00\",\"dateModified\":\"2024-05-26T12:51:34+00:00\",\"breadcrumb\":{\"@id\":\"https:\/\/www.urlaubcornwall.de\/blog\/attraktionen-und-sehenswuerdigkeiten-fuer-gruppenreisende-in-cornwall\/#breadcrumb\"},\"inLanguage\":\"en-US\",\"potentialAction\":[{\"@type\":\"ReadAction\",\"target\":[\"https:\/\/www.urlaubcornwall.de\/blog\/attraktionen-und-sehenswuerdigkeiten-fuer-gruppenreisende-in-cornwall\/\"]}]},{\"@type\":\"BreadcrumbList\",\"@id\":\"https:\/\/www.urlaubcornwall.de\/blog\/attraktionen-und-sehenswuerdigkeiten-fuer-gruppenreisende-in-cornwall\/#breadcrumb\",\"itemListElement\":[{\"@type\":\"ListItem\",\"position\":1,\"name\":\"Home\",\"item\":\"https:\/\/www.urlaubcornwall.de\/blog\/\"},{\"@type\":\"ListItem\",\"position\":2,\"name\":\"Attraktionen und Sehensw\u00fcrdigkeiten f\u00fcr Gruppenreisende in Cornwall\"}]}]}<\/script>\n<!-- \/ Yoast SEO plugin. -->","yoast_head_json":{"title":"Attraktionen und Sehensw\u00fcrdigkeiten f\u00fcr Gruppenreisende in Cornwall - Urlaub &amp; Reisen","robots":{"index":"index","follow":"follow","max-snippet":"max-snippet:-1","max-image-preview":"max-image-preview:large","max-video-preview":"max-video-preview:-1"},"canonical":"https:\/\/www.urlaubcornwall.de\/blog\/attraktionen-und-sehenswuerdigkeiten-fuer-gruppenreisende-in-cornwall\/","og_locale":"en_US","og_type":"article","og_title":"Attraktionen und Sehensw\u00fcrdigkeiten f\u00fcr Gruppenreisende in Cornwall - Urlaub &amp; Reisen","og_description":"Sind Sie ein Verein, Busunternehmen, Reiseb\u00fcro oder Guppenreisenveranstalter? Suchen Sie nach einer organisierten Busreise, einer Pauschalreise, Seniorenreise, Klassenfahrt oder nach einer gef\u00fchrten Reise in der Gruppe? W\u00e4hrend Ihres Gruppenurlaubs (ob Themenreise, Studienreise, Leserreise, H\u00f6rerreise, Zuschauerreise oder Incentive-Reise) eine Reisebegleitung mit an Bord zu haben, verschafft Ihnen viele Vorteile und kann Ihnen den organisationsbedingten Stress abnehmen, [&hellip;]","og_url":"https:\/\/www.urlaubcornwall.de\/blog\/attraktionen-und-sehenswuerdigkeiten-fuer-gruppenreisende-in-cornwall\/","og_site_name":"Urlaub &amp; Reisen","article_modified_time":"2024-05-26T12:51:34+00:00","og_image":[{"url":"https:\/\/www.urlaubcornwall.de\/blog\/wp-content\/uploads\/2014\/10\/Gruppenreisende-in-Cornwall_1.jpg"}],"twitter_card":"summary","twitter_misc":{"Est. reading time":"2 minutes"},"schema":{"@context":"https:\/\/schema.org","@graph":[{"@type":"WebSite","@id":"https:\/\/www.urlaubcornwall.de\/blog\/#website","url":"https:\/\/www.urlaubcornwall.de\/blog\/","name":"Urlaub &amp; Reisen","description":"Urlaub, Reisen, Cornwall und S\u00fcdengland: eine perfekte Kombination","potentialAction":[{"@type":"SearchAction","target":{"@type":"EntryPoint","urlTemplate":"https:\/\/www.urlaubcornwall.de\/blog\/?s={search_term_string}"},"query-input":"required name=search_term_string"}],"inLanguage":"en-US"},{"@type":"WebPage","@id":"https:\/\/www.urlaubcornwall.de\/blog\/attraktionen-und-sehenswuerdigkeiten-fuer-gruppenreisende-in-cornwall\/","url":"https:\/\/www.urlaubcornwall.de\/blog\/attraktionen-und-sehenswuerdigkeiten-fuer-gruppenreisende-in-cornwall\/","name":"Attraktionen und Sehensw\u00fcrdigkeiten f\u00fcr Gruppenreisende in Cornwall - Urlaub &amp; Reisen","isPartOf":{"@id":"https:\/\/www.urlaubcornwall.de\/blog\/#website"},"datePublished":"2014-10-15T13:00:30+00:00","dateModified":"2024-05-26T12:51:34+00:00","breadcrumb":{"@id":"https:\/\/www.urlaubcornwall.de\/blog\/attraktionen-und-sehenswuerdigkeiten-fuer-gruppenreisende-in-cornwall\/#breadcrumb"},"inLanguage":"en-US","potentialAction":[{"@type":"ReadAction","target":["https:\/\/www.urlaubcornwall.de\/blog\/attraktionen-und-sehenswuerdigkeiten-fuer-gruppenreisende-in-cornwall\/"]}]},{"@type":"BreadcrumbList","@id":"https:\/\/www.urlaubcornwall.de\/blog\/attraktionen-und-sehenswuerdigkeiten-fuer-gruppenreisende-in-cornwall\/#breadcrumb","itemListElement":[{"@type":"ListItem","position":1,"name":"Home","item":"https:\/\/www.urlaubcornwall.de\/blog\/"},{"@type":"ListItem","position":2,"name":"Attraktionen und Sehensw\u00fcrdigkeiten f\u00fcr Gruppenreisende in Cornwall"}]}]}},"_links":{"self":[{"href":"https:\/\/www.urlaubcornwall.de\/blog\/wp-json\/wp\/v2\/pages\/16946"}],"collection":[{"href":"https:\/\/www.urlaubcornwall.de\/blog\/wp-json\/wp\/v2\/pages"}],"about":[{"href":"https:\/\/www.urlaubcornwall.de\/blog\/wp-json\/wp\/v2\/types\/page"}],"author":[{"embeddable":true,"href":"https:\/\/www.urlaubcornwall.de\/blog\/wp-json\/wp\/v2\/users\/1"}],"replies":[{"embeddable":true,"href":"https:\/\/www.urlaubcornwall.de\/blog\/wp-json\/wp\/v2\/comments?post=16946"}],"version-history":[{"count":11,"href":"https:\/\/www.urlaubcornwall.de\/blog\/wp-json\/wp\/v2\/pages\/16946\/revisions"}],"predecessor-version":[{"id":16965,"href":"https:\/\/www.urlaubcornwall.de\/blog\/wp-json\/wp\/v2\/pages\/16946\/revisions\/16965"}],"wp:attachment":[{"href":"https:\/\/www.urlaubcornwall.de\/blog\/wp-json\/wp\/v2\/media?parent=16946"}],"curies":[{"name":"wp","href":"https:\/\/api.w.org\/{rel}","templated":true}]}}