{"id":16885,"date":"2014-09-28T13:51:52","date_gmt":"2014-09-28T13:51:52","guid":{"rendered":"https:\/\/www.urlaubcornwall.de\/blog\/?page_id=16885"},"modified":"2024-04-08T15:19:24","modified_gmt":"2024-04-08T15:19:24","slug":"urlaub-oder-rundreisen-in-london-und-suedengland-hotels-bbs","status":"publish","type":"page","link":"https:\/\/www.urlaubcornwall.de\/blog\/urlaub-oder-rundreisen-in-london-und-suedengland-hotels-bbs\/","title":{"rendered":"Urlaub oder Rundreisen in S\u00fcdengland mit London &#8211; Hotels, B&#038;Bs und Ferienh\u00e4usern"},"content":{"rendered":"<p><a href=\"https:\/\/www.urlaubcornwall.de\/blog\/wp-content\/uploads\/2024\/03\/tower-of-london.jpg\"><img loading=\"lazy\" src=\"https:\/\/www.urlaubcornwall.de\/blog\/wp-content\/uploads\/2024\/03\/tower-of-london.jpg\" alt=\"tower of london\" width=\"750\" height=\"563\" class=\"alignnone size-full wp-image-47816\" srcset=\"https:\/\/www.urlaubcornwall.de\/blog\/wp-content\/uploads\/2024\/03\/tower-of-london.jpg 750w, https:\/\/www.urlaubcornwall.de\/blog\/wp-content\/uploads\/2024\/03\/tower-of-london-300x225.jpg 300w\" sizes=\"(max-width: 750px) 100vw, 750px\" \/><\/a><\/p>\n<p style=\"text-align: center;\"><strong>Mit seiner dramatischen und bunten Geschichte, sowie den so ureigenen britischen Traditionen, ist London durchaus der faszinierendste Ort schlechthin f\u00fcr Reisende in Gro\u00dfbritannien. <\/strong><\/p>\n<p style=\"text-align: center;\"><strong>Wir freuen uns auf<\/strong> <a href=\"http:\/\/www.urlaubcornwall.de\/anfrage.php\"><span style=\"text-decoration: underline;\"><strong>Ihre Anfrage<\/strong><\/span>.<\/a><\/p>\n<p>Wir, <a title=\"\u00dcber uns\" href=\"http:\/\/www.urlaubcornwall.de\/ueber-uns.php\"><span style=\"text-decoration: underline;\"><strong>UrlaubCornwall<\/strong><\/span><\/a>, gemeinsam mit unserem Partner London &amp; Cornwall, verf\u00fcgen \u00fcber eine mehr als 17j\u00e4hrige Erfahrung in der Gestaltung von Rundreisen durch S\u00fcd- und Westengland. Wir bieten Ihnen individuelle Beratung. Anschlie\u00dfend machen wir die beste Unterkunft f\u00fcr Sie ausfindig aus unserer handverlesenen Auswahl an Hotels, B&amp;Bs und Cottages an den Orten, die Sie besuchen m\u00f6chten.<\/p>\n<p>London ist stets eine Reise wert! Das Sch\u00f6ne an Zentrallondon ist die kompakte Gr\u00f6\u00dfe, so dass das Herumreisen innerhalb der Stadt einfach ist, au\u00dferdem randvoll gepackt mit Geschichte, Kultur, hervorragender K\u00fcche und einigen der besten Attraktionen des Vereinten K\u00f6nigreiches. Mit unserem Partner London &amp; Cornwall Bed &amp; Breakfast bieten wir Rat, Tipps und Urlaubsunterk\u00fcnfte in <a href=\"https:\/\/www.urlaubcornwall.de\/blog\/handverlesene-hotels-in-london\/\"><span style=\"text-decoration: underline;\"><strong>wundersch\u00f6nen Hotels<\/strong><\/span><\/a>, freundlichen <a href=\"http:\/\/bed-breakfast.de\/london-ehrwuerdig-and-rasant\/\" target=\"_blank\" rel=\"nofollow noopener\"><span style=\"text-decoration: underline;\"><strong>B&amp;Bs <\/strong><\/span><\/a>und\u00a0stilvollen Appartements und Ferienh\u00e4usern um die Stadt herum an.<\/p>\n<p><a href=\"https:\/\/www.urlaubcornwall.de\/blog\/wp-content\/uploads\/2014\/09\/kew-gardens.jpg\"><img loading=\"lazy\" class=\"aligncenter size-full wp-image-20203\" src=\"https:\/\/www.urlaubcornwall.de\/blog\/wp-content\/uploads\/2014\/09\/kew-gardens.jpg\" alt=\"kew gardens\" width=\"745\" height=\"331\" srcset=\"https:\/\/www.urlaubcornwall.de\/blog\/wp-content\/uploads\/2014\/09\/kew-gardens.jpg 745w, https:\/\/www.urlaubcornwall.de\/blog\/wp-content\/uploads\/2014\/09\/kew-gardens-300x133.jpg 300w\" sizes=\"(max-width: 745px) 100vw, 745px\" \/><\/a><\/p>\n<p><strong>Urlaubsh\u00f6hepunkte und Attraktionen in London &#8211; <\/strong>Von hervorragender Architektur bis hin zu offenen Gr\u00fcnfl\u00e4chen, hat ein Urlaub in London tats\u00e4chlich jedermann etwas zu bieten. Eine lebendige Stadt voller uriger Museen, echten britischen Kneipen, einem glitzernden Nachtleben und einem vollgestopften Kalender voller Events, so dass es nicht einen einzigen langweiligen Moment geben wird. Besuchen Sie das Britische Museum, Buckingham Palast und die bezaubernde St Pauls Kathedrale und nehmen Sie sich Zeit, die vielen kostenfreien Attraktionen zu genie\u00dfen. Somit gestatten Sie auch Ihrem Geldbeutel wohl verdienten Urlaub!<\/p>\n<p><strong>Rundreisen in S\u00fcdengland<\/strong> &#8211; Machen Sie das Beste aus beiden Welten, genie\u00dfen Sie Urlaub in London, in einer der Weltst\u00e4dte, und verbringen Sie Zeit in einigen der vielen fantastischen Ortschaften, die S\u00fcdengland zu bieten hat. Der S\u00fcden von England lockt mit seinen facettenreichen Grafschaften, in denen es so viel zu entdecken gibt.<\/p>\n<p>S\u00fcdlich um London herum gelegen, finden Sie die Grafschaften <a title=\"Ferienh\u00e4user und Ferienwohnungen in der N\u00e4he von London\" href=\"https:\/\/www.urlaubcornwall.de\/blog\/2014\/03\/kent-und-sussex-urlaub-in-der-naehe-von-london\/\"><span style=\"text-decoration: underline;\"><strong>Kent, Sussex und Hampshire<\/strong><\/span><\/a>, die Teile des Gr\u00fcnen G\u00fcrtels sind, also gesch\u00fctzt vor exzessiver Bebauung, so dass die Landschaft einen Gro\u00dfteil ihres historischen Charmes beh\u00e4lt. Oder vielleicht m\u00f6chten Sie gerne etwas weiter reisen, die S\u00fcdk\u00fcste oder Cornwall und Devon erkunden mit ihren einzigartigen Str\u00e4nden und Klippen.<\/p>\n<h3><\/h3>\n<h3><\/h3>\n\n","protected":false},"excerpt":{"rendered":"<p>Mit seiner dramatischen und bunten Geschichte, sowie den so ureigenen britischen Traditionen, ist London durchaus der faszinierendste Ort schlechthin f\u00fcr Reisende in Gro\u00dfbritannien. Wir freuen uns auf Ihre Anfrage. Wir, UrlaubCornwall, gemeinsam mit unserem Partner London &amp; Cornwall, verf\u00fcgen \u00fcber eine mehr als 17j\u00e4hrige Erfahrung in der Gestaltung von Rundreisen durch S\u00fcd- und Westengland. Wir [&hellip;]<\/p>\n","protected":false},"author":1,"featured_media":0,"parent":0,"menu_order":0,"comment_status":"closed","ping_status":"closed","template":"single-four.php","meta":[],"acf":[],"yoast_head":"<!-- This site is optimized with the Yoast SEO plugin v19.4 - https:\/\/yoast.com\/wordpress\/plugins\/seo\/ -->\n<title>Urlaub oder Rundreisen in S\u00fcdengland mit London - Hotels, B&amp;Bs und Ferienh\u00e4usern - Urlaub &amp; Reisen<\/title>\n<meta name=\"robots\" content=\"index, follow, max-snippet:-1, max-image-preview:large, max-video-preview:-1\" \/>\n<link rel=\"canonical\" href=\"https:\/\/www.urlaubcornwall.de\/blog\/urlaub-oder-rundreisen-in-london-und-suedengland-hotels-bbs\/\" \/>\n<meta property=\"og:locale\" content=\"en_US\" \/>\n<meta property=\"og:type\" content=\"article\" \/>\n<meta property=\"og:title\" content=\"Urlaub oder Rundreisen in S\u00fcdengland mit London - Hotels, B&amp;Bs und Ferienh\u00e4usern - Urlaub &amp; Reisen\" \/>\n<meta property=\"og:description\" content=\"Mit seiner dramatischen und bunten Geschichte, sowie den so ureigenen britischen Traditionen, ist London durchaus der faszinierendste Ort schlechthin f\u00fcr Reisende in Gro\u00dfbritannien. Wir freuen uns auf Ihre Anfrage. Wir, UrlaubCornwall, gemeinsam mit unserem Partner London &amp; Cornwall, verf\u00fcgen \u00fcber eine mehr als 17j\u00e4hrige Erfahrung in der Gestaltung von Rundreisen durch S\u00fcd- und Westengland. Wir [&hellip;]\" \/>\n<meta property=\"og:url\" content=\"https:\/\/www.urlaubcornwall.de\/blog\/urlaub-oder-rundreisen-in-london-und-suedengland-hotels-bbs\/\" \/>\n<meta property=\"og:site_name\" content=\"Urlaub &amp; Reisen\" \/>\n<meta property=\"article:modified_time\" content=\"2024-04-08T15:19:24+00:00\" \/>\n<meta property=\"og:image\" content=\"https:\/\/www.urlaubcornwall.de\/blog\/wp-content\/uploads\/2024\/03\/tower-of-london.jpg\" \/>\n<meta name=\"twitter:card\" content=\"summary\" \/>\n<meta name=\"twitter:label1\" content=\"Est. reading time\" \/>\n\t<meta name=\"twitter:data1\" content=\"2 minutes\" \/>\n<script type=\"application\/ld+json\" class=\"yoast-schema-graph\">{\"@context\":\"https:\/\/schema.org\",\"@graph\":[{\"@type\":\"WebSite\",\"@id\":\"https:\/\/www.urlaubcornwall.de\/blog\/#website\",\"url\":\"https:\/\/www.urlaubcornwall.de\/blog\/\",\"name\":\"Urlaub &amp; Reisen\",\"description\":\"Urlaub, Reisen, Cornwall und S\u00fcdengland: eine perfekte Kombination\",\"potentialAction\":[{\"@type\":\"SearchAction\",\"target\":{\"@type\":\"EntryPoint\",\"urlTemplate\":\"https:\/\/www.urlaubcornwall.de\/blog\/?s={search_term_string}\"},\"query-input\":\"required name=search_term_string\"}],\"inLanguage\":\"en-US\"},{\"@type\":\"WebPage\",\"@id\":\"https:\/\/www.urlaubcornwall.de\/blog\/urlaub-oder-rundreisen-in-london-und-suedengland-hotels-bbs\/\",\"url\":\"https:\/\/www.urlaubcornwall.de\/blog\/urlaub-oder-rundreisen-in-london-und-suedengland-hotels-bbs\/\",\"name\":\"Urlaub oder Rundreisen in S\u00fcdengland mit London - Hotels, B&Bs und Ferienh\u00e4usern - Urlaub &amp; Reisen\",\"isPartOf\":{\"@id\":\"https:\/\/www.urlaubcornwall.de\/blog\/#website\"},\"datePublished\":\"2014-09-28T13:51:52+00:00\",\"dateModified\":\"2024-04-08T15:19:24+00:00\",\"breadcrumb\":{\"@id\":\"https:\/\/www.urlaubcornwall.de\/blog\/urlaub-oder-rundreisen-in-london-und-suedengland-hotels-bbs\/#breadcrumb\"},\"inLanguage\":\"en-US\",\"potentialAction\":[{\"@type\":\"ReadAction\",\"target\":[\"https:\/\/www.urlaubcornwall.de\/blog\/urlaub-oder-rundreisen-in-london-und-suedengland-hotels-bbs\/\"]}]},{\"@type\":\"BreadcrumbList\",\"@id\":\"https:\/\/www.urlaubcornwall.de\/blog\/urlaub-oder-rundreisen-in-london-und-suedengland-hotels-bbs\/#breadcrumb\",\"itemListElement\":[{\"@type\":\"ListItem\",\"position\":1,\"name\":\"Home\",\"item\":\"https:\/\/www.urlaubcornwall.de\/blog\/\"},{\"@type\":\"ListItem\",\"position\":2,\"name\":\"Urlaub oder Rundreisen in S\u00fcdengland mit London &#8211; Hotels, B&#038;Bs und Ferienh\u00e4usern\"}]}]}<\/script>\n<!-- \/ Yoast SEO plugin. -->","yoast_head_json":{"title":"Urlaub oder Rundreisen in S\u00fcdengland mit London - Hotels, B&Bs und Ferienh\u00e4usern - Urlaub &amp; Reisen","robots":{"index":"index","follow":"follow","max-snippet":"max-snippet:-1","max-image-preview":"max-image-preview:large","max-video-preview":"max-video-preview:-1"},"canonical":"https:\/\/www.urlaubcornwall.de\/blog\/urlaub-oder-rundreisen-in-london-und-suedengland-hotels-bbs\/","og_locale":"en_US","og_type":"article","og_title":"Urlaub oder Rundreisen in S\u00fcdengland mit London - Hotels, B&Bs und Ferienh\u00e4usern - Urlaub &amp; Reisen","og_description":"Mit seiner dramatischen und bunten Geschichte, sowie den so ureigenen britischen Traditionen, ist London durchaus der faszinierendste Ort schlechthin f\u00fcr Reisende in Gro\u00dfbritannien. Wir freuen uns auf Ihre Anfrage. Wir, UrlaubCornwall, gemeinsam mit unserem Partner London &amp; Cornwall, verf\u00fcgen \u00fcber eine mehr als 17j\u00e4hrige Erfahrung in der Gestaltung von Rundreisen durch S\u00fcd- und Westengland. Wir [&hellip;]","og_url":"https:\/\/www.urlaubcornwall.de\/blog\/urlaub-oder-rundreisen-in-london-und-suedengland-hotels-bbs\/","og_site_name":"Urlaub &amp; Reisen","article_modified_time":"2024-04-08T15:19:24+00:00","og_image":[{"url":"https:\/\/www.urlaubcornwall.de\/blog\/wp-content\/uploads\/2024\/03\/tower-of-london.jpg"}],"twitter_card":"summary","twitter_misc":{"Est. reading time":"2 minutes"},"schema":{"@context":"https:\/\/schema.org","@graph":[{"@type":"WebSite","@id":"https:\/\/www.urlaubcornwall.de\/blog\/#website","url":"https:\/\/www.urlaubcornwall.de\/blog\/","name":"Urlaub &amp; Reisen","description":"Urlaub, Reisen, Cornwall und S\u00fcdengland: eine perfekte Kombination","potentialAction":[{"@type":"SearchAction","target":{"@type":"EntryPoint","urlTemplate":"https:\/\/www.urlaubcornwall.de\/blog\/?s={search_term_string}"},"query-input":"required name=search_term_string"}],"inLanguage":"en-US"},{"@type":"WebPage","@id":"https:\/\/www.urlaubcornwall.de\/blog\/urlaub-oder-rundreisen-in-london-und-suedengland-hotels-bbs\/","url":"https:\/\/www.urlaubcornwall.de\/blog\/urlaub-oder-rundreisen-in-london-und-suedengland-hotels-bbs\/","name":"Urlaub oder Rundreisen in S\u00fcdengland mit London - Hotels, B&Bs und Ferienh\u00e4usern - Urlaub &amp; Reisen","isPartOf":{"@id":"https:\/\/www.urlaubcornwall.de\/blog\/#website"},"datePublished":"2014-09-28T13:51:52+00:00","dateModified":"2024-04-08T15:19:24+00:00","breadcrumb":{"@id":"https:\/\/www.urlaubcornwall.de\/blog\/urlaub-oder-rundreisen-in-london-und-suedengland-hotels-bbs\/#breadcrumb"},"inLanguage":"en-US","potentialAction":[{"@type":"ReadAction","target":["https:\/\/www.urlaubcornwall.de\/blog\/urlaub-oder-rundreisen-in-london-und-suedengland-hotels-bbs\/"]}]},{"@type":"BreadcrumbList","@id":"https:\/\/www.urlaubcornwall.de\/blog\/urlaub-oder-rundreisen-in-london-und-suedengland-hotels-bbs\/#breadcrumb","itemListElement":[{"@type":"ListItem","position":1,"name":"Home","item":"https:\/\/www.urlaubcornwall.de\/blog\/"},{"@type":"ListItem","position":2,"name":"Urlaub oder Rundreisen in S\u00fcdengland mit London &#8211; Hotels, B&#038;Bs und Ferienh\u00e4usern"}]}]}},"_links":{"self":[{"href":"https:\/\/www.urlaubcornwall.de\/blog\/wp-json\/wp\/v2\/pages\/16885"}],"collection":[{"href":"https:\/\/www.urlaubcornwall.de\/blog\/wp-json\/wp\/v2\/pages"}],"about":[{"href":"https:\/\/www.urlaubcornwall.de\/blog\/wp-json\/wp\/v2\/types\/page"}],"author":[{"embeddable":true,"href":"https:\/\/www.urlaubcornwall.de\/blog\/wp-json\/wp\/v2\/users\/1"}],"replies":[{"embeddable":true,"href":"https:\/\/www.urlaubcornwall.de\/blog\/wp-json\/wp\/v2\/comments?post=16885"}],"version-history":[{"count":19,"href":"https:\/\/www.urlaubcornwall.de\/blog\/wp-json\/wp\/v2\/pages\/16885\/revisions"}],"predecessor-version":[{"id":49028,"href":"https:\/\/www.urlaubcornwall.de\/blog\/wp-json\/wp\/v2\/pages\/16885\/revisions\/49028"}],"wp:attachment":[{"href":"https:\/\/www.urlaubcornwall.de\/blog\/wp-json\/wp\/v2\/media?parent=16885"}],"curies":[{"name":"wp","href":"https:\/\/api.w.org\/{rel}","templated":true}]}}