{"id":16867,"date":"2014-09-26T14:34:20","date_gmt":"2014-09-26T14:34:20","guid":{"rendered":"https:\/\/www.urlaubcornwall.de\/blog\/?page_id=16867"},"modified":"2021-07-12T07:36:02","modified_gmt":"2021-07-12T07:36:02","slug":"strandhaus-cornwall-uplands-praa-sands","status":"publish","type":"page","link":"https:\/\/www.urlaubcornwall.de\/blog\/strandhaus-cornwall-uplands-praa-sands\/","title":{"rendered":"Strandh\u00e4user in  Cornwall &#8211; Uplands am Meer Praa Sands"},"content":{"rendered":"<p>Ein nach S\u00fcden hin gelegenes Strandhaus, mit Panorama-Meeresblick von nahezu jedem Raum aus, ist Uplands eine ger\u00e4umige Doppelhaush\u00e4lfte in ruhiger Lage vor dem Dorf mit Blick \u00fcber den herrlich goldenen Strand darunter und der wundersch\u00f6nen Mounts Bucht in der Ferne.<\/p>\n<p><strong>3 Schlafzimmer,\u00a0Schlafplatz f\u00fcr 6 + Kinderbett,\u00a0 leider keine Haustiere erlaubt, Ferienhaus mit Meerblick Praa Sands, S\u00fcdwest-Cornwall. Preisspanne M\u00a0(\u00a3480\u00a0&#8211;\u00a0\u00a31275)<br \/>\n<\/strong><\/p>\n<p>Praa Sands eignet sich hervorragend zum Surfen und ist ideal f\u00fcr Familien, indem die Versorgungsm\u00f6glichkeiten des Dorfes g\u00e4nzlich vom Haus aus zu Fu\u00df erreichbar sind. Auch der spektakul\u00e4re K\u00fcstenwanderweg befindet sich nur einen Steinwurf entfernt. Ihre behutsame Fahrt entlang des unbefestigten Privatweges wird wohl belohnt, wenn Sie Uplands erreichen. Von dort f\u00fchrt vom Vorgarten aus ein privater Fu\u00dfweg hinunter zum Strand\u2013 dem perfekten Fleckchen zum Sonnenbaden oder f\u00fcr Kinder zum Spielen.<\/p>\n<p>Stufen f\u00fchren vom Rasen hinauf zum sonnigen Freisitz und dem Haus, wo der Wintergarten sich anbietet, bei jedem Wetter den spektakul\u00e4ren Meeresblick zu genie\u00dfen. Das Haus verf\u00fcgt \u00fcber WiFi, im K\u00fcchen-\/Essbereich befindet sich der Tisch am Fenster und verf\u00fchrt Sie dazu, \u00fcber Mahlzeiten zu verweilen. Eine Treppe f\u00fchrt vom gem\u00fctlichen Wohnzimmer zu den h\u00fcbschen Schlafzimmern, von denen zwei hervorragenden Meeresblick haben.<\/p>\n<p>Wir bieten <a href=\"https:\/\/www.urlaubcornwall.de\/ferienhaeuser-fewos\/cornwall-am-meer.html\"><span style=\"text-decoration: underline;\"><strong>1000 Strandh\u00e4user viele davon direkt am Meer<\/strong> <\/span><\/a>gelegen, aber alle in einem Umkreis von 1,5 km von einem Sandstrand in Cornwall.<\/p>\n<p><strong>M\u00f6glichkeiten &amp; Dienstleistungen<\/strong><\/p>\n<p><em>einschlie\u00dflich- <\/em>Heizung, Kinderreisebett, Hochstuhl, Treppengitter, WiFi<\/p>\n<p><strong>Verschiedenes<\/strong><\/p>\n<ul>\n<li>private Parkm\u00f6glichkeit f\u00fcr 2 Autos<\/li>\n<li>Freisitzm\u00f6bel<\/li>\n<li>Einkaufsgesch\u00e4ft: 0,5 Meilen<\/li>\n<li>Kneipe: 0,75 Meilen<\/li>\n<li>\u00f6ffentliche Telefonzelle: 0,25 Meilen<\/li>\n<li>Golf (9 Loch): 1Meile<\/li>\n<li>Nichtraucher<\/li>\n<li>keine Haustiere erlaubt<\/li>\n<li>Ankunft\/Abreise: Samstag<\/li>\n<\/ul>\n<p>Um Urlaub Cornwall einzigartige Kollektion nach Ihrem idealen Ferienhaus zu durchsuchen. <a href=\"http:\/\/www.urlaubcornwall.de\/ferienhaeuser-fewos.php\"><span style=\"text-decoration: underline;\"><strong>Klicken Sie hier<\/strong><\/span><strong> &gt;&gt;<\/strong><\/a><\/p>\n","protected":false},"excerpt":{"rendered":"<p>Ein nach S\u00fcden hin gelegenes Strandhaus, mit Panorama-Meeresblick von nahezu jedem Raum aus, ist Uplands eine ger\u00e4umige Doppelhaush\u00e4lfte in ruhiger Lage vor dem Dorf mit Blick \u00fcber den herrlich goldenen Strand darunter und der wundersch\u00f6nen Mounts Bucht in der Ferne. 3 Schlafzimmer,\u00a0Schlafplatz f\u00fcr 6 + Kinderbett,\u00a0 leider keine Haustiere erlaubt, Ferienhaus mit Meerblick Praa Sands, [&hellip;]<\/p>\n","protected":false},"author":1,"featured_media":0,"parent":0,"menu_order":0,"comment_status":"closed","ping_status":"closed","template":"single-two.php","meta":[],"acf":[],"yoast_head":"<!-- This site is optimized with the Yoast SEO plugin v19.4 - https:\/\/yoast.com\/wordpress\/plugins\/seo\/ -->\n<title>Strandh\u00e4user in Cornwall - Uplands am Meer Praa Sands - Urlaub &amp; Reisen<\/title>\n<meta name=\"robots\" content=\"index, follow, max-snippet:-1, max-image-preview:large, max-video-preview:-1\" \/>\n<link rel=\"canonical\" href=\"https:\/\/www.urlaubcornwall.de\/blog\/strandhaus-cornwall-uplands-praa-sands\/\" \/>\n<meta property=\"og:locale\" content=\"en_US\" \/>\n<meta property=\"og:type\" content=\"article\" \/>\n<meta property=\"og:title\" content=\"Strandh\u00e4user in Cornwall - Uplands am Meer Praa Sands - Urlaub &amp; Reisen\" \/>\n<meta property=\"og:description\" content=\"Ein nach S\u00fcden hin gelegenes Strandhaus, mit Panorama-Meeresblick von nahezu jedem Raum aus, ist Uplands eine ger\u00e4umige Doppelhaush\u00e4lfte in ruhiger Lage vor dem Dorf mit Blick \u00fcber den herrlich goldenen Strand darunter und der wundersch\u00f6nen Mounts Bucht in der Ferne. 3 Schlafzimmer,\u00a0Schlafplatz f\u00fcr 6 + Kinderbett,\u00a0 leider keine Haustiere erlaubt, Ferienhaus mit Meerblick Praa Sands, [&hellip;]\" \/>\n<meta property=\"og:url\" content=\"https:\/\/www.urlaubcornwall.de\/blog\/strandhaus-cornwall-uplands-praa-sands\/\" \/>\n<meta property=\"og:site_name\" content=\"Urlaub &amp; Reisen\" \/>\n<meta property=\"article:modified_time\" content=\"2021-07-12T07:36:02+00:00\" \/>\n<meta name=\"twitter:card\" content=\"summary\" \/>\n<meta name=\"twitter:label1\" content=\"Est. reading time\" \/>\n\t<meta name=\"twitter:data1\" content=\"1 minute\" \/>\n<script type=\"application\/ld+json\" class=\"yoast-schema-graph\">{\"@context\":\"https:\/\/schema.org\",\"@graph\":[{\"@type\":\"WebSite\",\"@id\":\"https:\/\/www.urlaubcornwall.de\/blog\/#website\",\"url\":\"https:\/\/www.urlaubcornwall.de\/blog\/\",\"name\":\"Urlaub &amp; Reisen\",\"description\":\"Urlaub, Reisen, Cornwall und S\u00fcdengland: eine perfekte Kombination\",\"potentialAction\":[{\"@type\":\"SearchAction\",\"target\":{\"@type\":\"EntryPoint\",\"urlTemplate\":\"https:\/\/www.urlaubcornwall.de\/blog\/?s={search_term_string}\"},\"query-input\":\"required name=search_term_string\"}],\"inLanguage\":\"en-US\"},{\"@type\":\"WebPage\",\"@id\":\"https:\/\/www.urlaubcornwall.de\/blog\/strandhaus-cornwall-uplands-praa-sands\/\",\"url\":\"https:\/\/www.urlaubcornwall.de\/blog\/strandhaus-cornwall-uplands-praa-sands\/\",\"name\":\"Strandh\u00e4user in Cornwall - Uplands am Meer Praa Sands - Urlaub &amp; Reisen\",\"isPartOf\":{\"@id\":\"https:\/\/www.urlaubcornwall.de\/blog\/#website\"},\"datePublished\":\"2014-09-26T14:34:20+00:00\",\"dateModified\":\"2021-07-12T07:36:02+00:00\",\"breadcrumb\":{\"@id\":\"https:\/\/www.urlaubcornwall.de\/blog\/strandhaus-cornwall-uplands-praa-sands\/#breadcrumb\"},\"inLanguage\":\"en-US\",\"potentialAction\":[{\"@type\":\"ReadAction\",\"target\":[\"https:\/\/www.urlaubcornwall.de\/blog\/strandhaus-cornwall-uplands-praa-sands\/\"]}]},{\"@type\":\"BreadcrumbList\",\"@id\":\"https:\/\/www.urlaubcornwall.de\/blog\/strandhaus-cornwall-uplands-praa-sands\/#breadcrumb\",\"itemListElement\":[{\"@type\":\"ListItem\",\"position\":1,\"name\":\"Home\",\"item\":\"https:\/\/www.urlaubcornwall.de\/blog\/\"},{\"@type\":\"ListItem\",\"position\":2,\"name\":\"Strandh\u00e4user in Cornwall &#8211; Uplands am Meer Praa Sands\"}]}]}<\/script>\n<!-- \/ Yoast SEO plugin. -->","yoast_head_json":{"title":"Strandh\u00e4user in Cornwall - Uplands am Meer Praa Sands - Urlaub &amp; Reisen","robots":{"index":"index","follow":"follow","max-snippet":"max-snippet:-1","max-image-preview":"max-image-preview:large","max-video-preview":"max-video-preview:-1"},"canonical":"https:\/\/www.urlaubcornwall.de\/blog\/strandhaus-cornwall-uplands-praa-sands\/","og_locale":"en_US","og_type":"article","og_title":"Strandh\u00e4user in Cornwall - Uplands am Meer Praa Sands - Urlaub &amp; Reisen","og_description":"Ein nach S\u00fcden hin gelegenes Strandhaus, mit Panorama-Meeresblick von nahezu jedem Raum aus, ist Uplands eine ger\u00e4umige Doppelhaush\u00e4lfte in ruhiger Lage vor dem Dorf mit Blick \u00fcber den herrlich goldenen Strand darunter und der wundersch\u00f6nen Mounts Bucht in der Ferne. 3 Schlafzimmer,\u00a0Schlafplatz f\u00fcr 6 + Kinderbett,\u00a0 leider keine Haustiere erlaubt, Ferienhaus mit Meerblick Praa Sands, [&hellip;]","og_url":"https:\/\/www.urlaubcornwall.de\/blog\/strandhaus-cornwall-uplands-praa-sands\/","og_site_name":"Urlaub &amp; Reisen","article_modified_time":"2021-07-12T07:36:02+00:00","twitter_card":"summary","twitter_misc":{"Est. reading time":"1 minute"},"schema":{"@context":"https:\/\/schema.org","@graph":[{"@type":"WebSite","@id":"https:\/\/www.urlaubcornwall.de\/blog\/#website","url":"https:\/\/www.urlaubcornwall.de\/blog\/","name":"Urlaub &amp; Reisen","description":"Urlaub, Reisen, Cornwall und S\u00fcdengland: eine perfekte Kombination","potentialAction":[{"@type":"SearchAction","target":{"@type":"EntryPoint","urlTemplate":"https:\/\/www.urlaubcornwall.de\/blog\/?s={search_term_string}"},"query-input":"required name=search_term_string"}],"inLanguage":"en-US"},{"@type":"WebPage","@id":"https:\/\/www.urlaubcornwall.de\/blog\/strandhaus-cornwall-uplands-praa-sands\/","url":"https:\/\/www.urlaubcornwall.de\/blog\/strandhaus-cornwall-uplands-praa-sands\/","name":"Strandh\u00e4user in Cornwall - Uplands am Meer Praa Sands - Urlaub &amp; Reisen","isPartOf":{"@id":"https:\/\/www.urlaubcornwall.de\/blog\/#website"},"datePublished":"2014-09-26T14:34:20+00:00","dateModified":"2021-07-12T07:36:02+00:00","breadcrumb":{"@id":"https:\/\/www.urlaubcornwall.de\/blog\/strandhaus-cornwall-uplands-praa-sands\/#breadcrumb"},"inLanguage":"en-US","potentialAction":[{"@type":"ReadAction","target":["https:\/\/www.urlaubcornwall.de\/blog\/strandhaus-cornwall-uplands-praa-sands\/"]}]},{"@type":"BreadcrumbList","@id":"https:\/\/www.urlaubcornwall.de\/blog\/strandhaus-cornwall-uplands-praa-sands\/#breadcrumb","itemListElement":[{"@type":"ListItem","position":1,"name":"Home","item":"https:\/\/www.urlaubcornwall.de\/blog\/"},{"@type":"ListItem","position":2,"name":"Strandh\u00e4user in Cornwall &#8211; Uplands am Meer Praa Sands"}]}]}},"_links":{"self":[{"href":"https:\/\/www.urlaubcornwall.de\/blog\/wp-json\/wp\/v2\/pages\/16867"}],"collection":[{"href":"https:\/\/www.urlaubcornwall.de\/blog\/wp-json\/wp\/v2\/pages"}],"about":[{"href":"https:\/\/www.urlaubcornwall.de\/blog\/wp-json\/wp\/v2\/types\/page"}],"author":[{"embeddable":true,"href":"https:\/\/www.urlaubcornwall.de\/blog\/wp-json\/wp\/v2\/users\/1"}],"replies":[{"embeddable":true,"href":"https:\/\/www.urlaubcornwall.de\/blog\/wp-json\/wp\/v2\/comments?post=16867"}],"version-history":[{"count":11,"href":"https:\/\/www.urlaubcornwall.de\/blog\/wp-json\/wp\/v2\/pages\/16867\/revisions"}],"predecessor-version":[{"id":41771,"href":"https:\/\/www.urlaubcornwall.de\/blog\/wp-json\/wp\/v2\/pages\/16867\/revisions\/41771"}],"wp:attachment":[{"href":"https:\/\/www.urlaubcornwall.de\/blog\/wp-json\/wp\/v2\/media?parent=16867"}],"curies":[{"name":"wp","href":"https:\/\/api.w.org\/{rel}","templated":true}]}}