{"id":16810,"date":"2014-10-05T18:08:26","date_gmt":"2014-10-05T18:08:26","guid":{"rendered":"https:\/\/www.urlaubcornwall.de\/blog\/?page_id=16810"},"modified":"2026-01-06T16:51:44","modified_gmt":"2026-01-06T16:51:44","slug":"kurzurlaub-auf-den-scilly-inseln","status":"publish","type":"page","link":"https:\/\/www.urlaubcornwall.de\/blog\/kurzurlaub-auf-den-scilly-inseln\/","title":{"rendered":"Kurzurlaub auf den Scilly-Inseln \u2013 unsere Geschichte"},"content":{"rendered":"<p>Die Scilly Inseln sind <a href=\"http:\/\/www.urlaubcornwall.de\/Scilly-Inseln.php\">unser bevorzugtes Urlaubsziel in Cornwall<\/a>, und wir besuchen sie seit \u00fcber 20 Jahren. Dabei genie\u00dfen wir sowohl Familienurlaube als auch Kurzurlaube ohne unsere Kinder. Indem sie sich 28 Meilen von Cornwalls K\u00fcste entfernt befinden, genie\u00dfen die Inseln das mildeste Klima Gro\u00dfbritanniens und sind reich an bezaubernden wei\u00dfen Sandstr\u00e4nden und t\u00fcrkisfarbenem Meer. Da es nur wenige Autos oder Touristen gibt, bieten sie Frieden, Ruhe, urspr\u00fcnglich erhaltene Natursch\u00f6nheit und viele gro\u00dfartige Orte zum Verweilen. So haben sich wohl cornische Urlaube vor vielen Jahren angef\u00fchlt.<\/p>\n<p><a href=\"https:\/\/www.urlaubcornwall.de\/blog\/wp-content\/uploads\/2014\/10\/IMG_2262_1.jpg\"><img loading=\"lazy\" class=\"aligncenter size-full wp-image-17444\" src=\"https:\/\/www.urlaubcornwall.de\/blog\/wp-content\/uploads\/2014\/10\/IMG_2262_1.jpg\" alt=\"scilly islands urlaub\" width=\"745\" height=\"429\" srcset=\"https:\/\/www.urlaubcornwall.de\/blog\/wp-content\/uploads\/2014\/10\/IMG_2262_1.jpg 745w, https:\/\/www.urlaubcornwall.de\/blog\/wp-content\/uploads\/2014\/10\/IMG_2262_1-300x172.jpg 300w\" sizes=\"(max-width: 745px) 100vw, 745px\" \/><\/a><\/p>\n<p>Idealerweise brauchen Sie eine Woche, um sich an das ruhigere Schritttempo des Lebens auf den Scilly Inseln zu gew\u00f6hnen, wo die Gezeiten wichtiger sind als Ihre Uhr! Doch vielleicht sind ein paar Tage w\u00e4hrend einer Rundreise durch Cornwall die perfekte Gelegenheit, um einen ersten Eindruck vom Inselleben der Scilly Bewohner zu bekommen.<\/p>\n<p><a href=\"https:\/\/www.urlaubcornwall.de\/blog\/wp-content\/uploads\/2014\/09\/DSC013991.jpg\"><img loading=\"lazy\" class=\"aligncenter size-full wp-image-16832\" src=\"https:\/\/www.urlaubcornwall.de\/blog\/wp-content\/uploads\/2014\/09\/DSC013991.jpg\" alt=\"DSC01399\" width=\"748\" height=\"459\"\/><\/a><\/p>\n<p>Sie finden dar\u00fcber hinaus eine echte und freundliche Kameradschaft unter den Urlaubern auf den Scilly Inseln. Oft werden Sie gefragt von der Person, die neben Ihnen Platz genommen hat auf einem der F\u00e4hrboote, die zwischen den Inseln verkehren: \u201eAlso, wie viele Jahre kommen Sie schon zu den Scilly Inseln?\u201c F\u00fcr viele ist dabei die Antwort 20, 30 oder sogar 40 Jahre; denn wenn sie die Inseln einmal besucht haben, werden die Menschen wieder und wieder dorthin zur\u00fcckgezogen!<\/p>\n<p><a href=\"https:\/\/www.urlaubcornwall.de\/blog\/wp-content\/uploads\/2014\/09\/Anreise-Scilly-fluge1.jpg\"><img loading=\"lazy\" class=\"aligncenter size-full wp-image-16900\" src=\"https:\/\/www.urlaubcornwall.de\/blog\/wp-content\/uploads\/2014\/09\/Anreise-Scilly-fluge1.jpg\" alt=\"Anreise Scilly fluge\" width=\"748\" height=\"353\"\/><\/a><\/p>\n<p>Dieses Jahr verbrachten wir im Juni einen Kurzurlaub auf den Inseln. Unsere Reise begann in einem 16 Sitzer Skybus Flugzeug vom Flughafen Newquay aus (Sie k\u00f6nnen auch von Exeter oder dem kleinen Flughafen bei Lands End fliegen). Offensichtlich bezahlen Sie mehr, wenn Sie von Cornwall aus zu den Inseln reisen, doch wissen wir, dass es des Geldes wert ist. Das F\u00e4hrschiff Scillonian gelangt in ungef\u00e4hr 2,5 Stunden von Penzance nach St Marys, der Hauptinsel. Wir empfehlen das Flugzeug als bestes Reisemittel, sofern Sie die Zusatzkosten nicht scheuen. Es ist entspannender, eine k\u00fcrzere Reisedauer und hat den zus\u00e4tzlichen Vorzug eines bezaubernden Blicks auf die Inseln w\u00e4hrend des Landeanflugs; das macht uns immer begierig darauf, einen gro\u00dfartigen Urlaub zu verbringen. N\u00e4here Informationen bez\u00fcglich s\u00e4mtlicher Reisem\u00f6glichkeiten <a href=\"http:\/\/www.urlaubcornwall.de\/Scilly-Inseln\/reiseservice.php\">finden Sie hier<\/a>.<\/p>\n<p><a href=\"https:\/\/www.urlaubcornwall.de\/blog\/wp-content\/uploads\/2014\/10\/st-marys.jpg\"><img loading=\"lazy\" class=\"aligncenter size-full wp-image-16913\" src=\"https:\/\/www.urlaubcornwall.de\/blog\/wp-content\/uploads\/2014\/10\/st-marys.jpg\" alt=\"st marys scilly hafen\" width=\"748\" height=\"424\"\/><\/a><\/p>\n<p>Nach der Landung brachte uns unser Taxi vom Flughafen zu unserer Unterkunft in Hugh Town, der gr\u00f6\u00dften Ansiedlung auf den Inseln; doch im Vergleich zum Festland Cornwall wirklich nur ein kleines Dorf. Dieses Mal blieben wir im St Marys Hall Hotel, einen kurzen Spaziergang vom Hafen entfernt und den Booten, die zu den weiteren vier bewohnten Inseln fahren.<\/p>\n<p>Es ist ein solides Granitgeb\u00e4ude mit einem abgeschiedenen Garten, der zum Eingang f\u00fchrt und der holzverstrebten Eingangshalle. Roger, der Manager, zeigte uns unser neu gestaltetes Zimmer, licht und luftig mit einer Menge Platz sogar f\u00fcr ein Sofa. Dieses Hotel ist mittlere Preislage mit einem gro\u00dfartigen Restaurant, daher ein gutes Preis-Leistungsverh\u00e4ltnis und bietet auch eine Reihe <a href=\"https:\/\/www.urlaubcornwall.de\/blog\/ready-made-urlaub-scilly-inseln\/\">Sonderangebote <\/a>an.<\/p>\n<p><a href=\"https:\/\/www.urlaubcornwall.de\/blog\/wp-content\/uploads\/2014\/09\/st-marys-hall-hotel-scilly.jpg\"><img loading=\"lazy\" class=\"aligncenter size-full wp-image-16826\" src=\"https:\/\/www.urlaubcornwall.de\/blog\/wp-content\/uploads\/2014\/09\/st-marys-hall-hotel-scilly.jpg\" alt=\"st marys hall hotel scilly\" width=\"748\" height=\"555\"\/><\/a><\/p>\n<p>Es gibt eine breite Auswahl an Unterk\u00fcnften auf den Inseln, von B&amp;Bs bis hin zu den Luxushotels und 5 Sterne Luxus- Ferienh\u00e4usern &amp; Ferienwohnungen auf Tresco, der Insel im Privatbesitz, mit ihrem weltbekannten Klostergarten. Tresco ist geradezu perfekt f\u00fcr jene, die den <a href=\"http:\/\/www.urlaubcornwall.de\/Scilly-Inseln-Tresco.php\">ultimativen Luxusurlaub<\/a> suchen, nicht nur in Cornwall, sondern m\u00f6glicherweise im gesamten England.<\/p>\n<p>Nachdem wir die Taschen in unserem Zimmer abgestellt hatten, schlenderten wir in der Stadt herum, dann hinunter zum Hafen mit seinen Vergn\u00fcgungsbooten und Fischerbooten, die den Restaurants und Hotels hervorragenden Fisch, Hummer und Krabben zuliefern.<\/p>\n<p><a href=\"https:\/\/www.urlaubcornwall.de\/blog\/wp-content\/uploads\/2014\/09\/Reisen-scilly.jpg\"><img loading=\"lazy\" class=\"aligncenter size-full wp-image-16813\" src=\"https:\/\/www.urlaubcornwall.de\/blog\/wp-content\/uploads\/2014\/09\/Reisen-scilly.jpg\" alt=\"Reisen scilly\" width=\"748\" height=\"534\"\/><\/a><\/p>\n<p>Das Wetter war uns gut gesonnen, und die Sonne schien. So verbrachten wir einige Zeit damit, uns in den Andenkenl\u00e4den und Galerien umzuschauen; dann ging`s durch die Stadt zum Porthcressas Sandstrand.<\/p>\n<p><a href=\"https:\/\/www.urlaubcornwall.de\/blog\/wp-content\/uploads\/2014\/09\/porthcressa2.jpg\"><img loading=\"lazy\" class=\"aligncenter size-full wp-image-16820\" src=\"https:\/\/www.urlaubcornwall.de\/blog\/wp-content\/uploads\/2014\/09\/porthcressa2.jpg\" alt=\"porthcressa\" width=\"748\" height=\"483\"\/><\/a><\/p>\n<p>Eine neue Strandpromenade wurde hier geschaffen mit Sitz- und Unterstellm\u00f6glichkeiten f\u00fcr Besucher, falls das Wetter nicht so gut sein sollte; es beherbergt auch das Touristen Informationszentrum. Interessanterweise wurde dieses nach einem deutschen Schiff, der Schiller, benannt, die tragischer Weise 1875 auf Grund lief, wobei 300 Passagiere zu Tode kamen. Viele Inselbewohner (Scillonians) riskierten ihr Leben, um diejenigen an Bord zu retten. Einhundert sind im Kirchhof von St Marys begraben, und seit diesen Tagen gibt es eine Verbindung zwischen Deutschland und den Scilly Inseln.<\/p>\n<p>Ein kurzer Spaziergang dem K\u00fcstenpfad entlang aus der Stadt hinaus f\u00fchrt Sie zu Juliets Garten, einem gro\u00dfartigen Cafe und Restaurant mit spektakul\u00e4rem Blick zur\u00fcck \u00fcber den Hafen nach Hugh Town. Wir genossen dort das f\u00fcr uns perfekte Scilly Mittagessen: Brote belegt mit \u00f6rtlich gefangener Krabbe und einem Ma\u00df \u00f6rtlich gebrautem Scilly Ale.<\/p>\n<p><a href=\"https:\/\/www.urlaubcornwall.de\/blog\/wp-content\/uploads\/2014\/09\/P1020766_1.jpg\"><img loading=\"lazy\" class=\"aligncenter size-full wp-image-16834\" src=\"https:\/\/www.urlaubcornwall.de\/blog\/wp-content\/uploads\/2014\/09\/P1020766_1.jpg\" alt=\"P1020766_1\" width=\"748\" height=\"486\"\/><\/a><\/p>\n<p>Zur\u00fcck ging`s den K\u00fcstenpfad entlang zum Hotel, wo wir Zeit hatten, im Garten mit einem \u201ecream tea\u201c (s\u00fc\u00dfe Br\u00f6tchen mit Marmelade und Creme, dazu Tee) zu entspannen. Es gibt auch ein paar Aufenthaltsr\u00e4ume, eine Bar und ein Restaurant, das eine variantenreiche Speisekarte mit \u00f6rtlichen Zutaten bietet. Sie legen viel Wert auf Erhaltung, was sehr wichtig ist, wenn man auf einer Insel lebt, wo die Ressourcen so knapp sind.<\/p>\n<p>Vor dem Abendessen haben wir das Beste aus dem windstillen und klaren Abend gemacht und sind zu einem der h\u00f6chsten Punkte der Insel hinauf marschiert, wo sich die Sternenburg befindet. Von dort aus haben wir dann einen fantastischen Sonnenuntergang \u00fcber der unbewohnten Insel Samson im Westen beobachtet. Die Burg aus dem 16. Jahrhundert (benannt aufgrund ihrer Form, einem 6 zackigen Stern) ist heute Hotel und verf\u00fcgt \u00fcber einen Panoramablick in s\u00e4mtliche Richtungen. Sie wurde zum Schutz der Inselbewohner vor Invasionen erbaut.<\/p>\n<p><a href=\"https:\/\/www.urlaubcornwall.de\/blog\/wp-content\/uploads\/2014\/09\/P1020807_1.jpg\"><img loading=\"lazy\" class=\"aligncenter size-full wp-image-16817\" src=\"https:\/\/www.urlaubcornwall.de\/blog\/wp-content\/uploads\/2014\/09\/P1020807_1.jpg\" alt=\"P1020807_1\" width=\"748\" height=\"420\"\/><\/a><\/p>\n<p>Am n\u00e4chsten Morgen machten wir uns fr\u00fch auf, um die Vorz\u00fcge der leeren Str\u00e4nde und Wege zu genie\u00dfen, die im Zickzack die Insel durchkreuzen. Dabei besuchten wir einige der eindrucksvollen arch\u00e4ologischen St\u00e4tten des Bronzezeitalters, die auf St Marys verstreut herumliegen.<\/p>\n<p>Nach einem viel zu kurzen Besuch kehrten wir mit dem Mittagsflug zum Festland Cornwall zur\u00fcck, doch werden wir im Oktober zur\u00fcck sein und dieses Mal auf <a href=\"http:\/\/www.urlaubcornwall.de\/Scilly-Inseln-Tresco.php\">Tresco<\/a> bleiben. Wenn Sie erst einmal die kleine, extra M\u00fche auf sich genommen haben, die Inseln f\u00fcr sich zu entdecken, werden Sie, wie wir selbst, Jahr f\u00fcr Jahr zur\u00fcckkehren. Davon sind wir \u00fcberzeugt!<\/p>\n<p><a href=\"https:\/\/www.urlaubcornwall.de\/blog\/wp-content\/uploads\/2014\/09\/DSC014101.jpg\"><img loading=\"lazy\" class=\"aligncenter size-large wp-image-16829\" src=\"https:\/\/www.urlaubcornwall.de\/blog\/wp-content\/uploads\/2014\/09\/DSC014101.jpg\" alt=\"\" width=\"748\" height=\"576\"\/><\/a><\/p>\n<p>Wenn Sie die Scilly Erfahrung ausprobieren m\u00f6chten, so bieten wir einen einzigartigen deutschen Reiseservice f\u00fcr s\u00e4mtliche Aspekte Ihres Urlaubes an, ob Sie nun in B&amp;Bs, Hotels oder Ferienh\u00e4usern &amp; Ferienwohnungen bleiben wollen. Hier finden Sie n\u00e4here Informationen, wie Sie Ihren <a href=\"https:\/\/www.urlaubcornwall.de\/blog\/pauschalreise-scilly-inseln-ihr-traumurlaub-beginnt-hier\/\">Urlaub auf den Scilly Inseln <\/a>organisieren k\u00f6nnen.<\/p>\n<p style=\"text-align: right;\">Niall MacDougall<\/p>\n","protected":false},"excerpt":{"rendered":"<p>Die Scilly Inseln sind unser bevorzugtes Urlaubsziel in Cornwall, und wir besuchen sie seit \u00fcber 20 Jahren. Dabei genie\u00dfen wir sowohl Familienurlaube als auch Kurzurlaube ohne unsere Kinder. Indem sie sich 28 Meilen von Cornwalls K\u00fcste entfernt befinden, genie\u00dfen die Inseln das mildeste Klima Gro\u00dfbritanniens und sind reich an bezaubernden wei\u00dfen Sandstr\u00e4nden und t\u00fcrkisfarbenem Meer. [&hellip;]<\/p>\n","protected":false},"author":1,"featured_media":0,"parent":0,"menu_order":0,"comment_status":"closed","ping_status":"closed","template":"single-four.php","meta":[],"acf":[],"yoast_head":"<!-- This site is optimized with the Yoast SEO plugin v19.4 - https:\/\/yoast.com\/wordpress\/plugins\/seo\/ -->\n<title>Kurzurlaub auf den Scilly-Inseln \u2013 unsere Geschichte - Urlaub &amp; Reisen<\/title>\n<meta name=\"robots\" content=\"index, follow, max-snippet:-1, max-image-preview:large, max-video-preview:-1\" \/>\n<link rel=\"canonical\" href=\"https:\/\/www.urlaubcornwall.de\/blog\/kurzurlaub-auf-den-scilly-inseln\/\" \/>\n<meta property=\"og:locale\" content=\"en_US\" \/>\n<meta property=\"og:type\" content=\"article\" \/>\n<meta property=\"og:title\" content=\"Kurzurlaub auf den Scilly-Inseln \u2013 unsere Geschichte - Urlaub &amp; Reisen\" \/>\n<meta property=\"og:description\" content=\"Die Scilly Inseln sind unser bevorzugtes Urlaubsziel in Cornwall, und wir besuchen sie seit \u00fcber 20 Jahren. Dabei genie\u00dfen wir sowohl Familienurlaube als auch Kurzurlaube ohne unsere Kinder. Indem sie sich 28 Meilen von Cornwalls K\u00fcste entfernt befinden, genie\u00dfen die Inseln das mildeste Klima Gro\u00dfbritanniens und sind reich an bezaubernden wei\u00dfen Sandstr\u00e4nden und t\u00fcrkisfarbenem Meer. [&hellip;]\" \/>\n<meta property=\"og:url\" content=\"https:\/\/www.urlaubcornwall.de\/blog\/kurzurlaub-auf-den-scilly-inseln\/\" \/>\n<meta property=\"og:site_name\" content=\"Urlaub &amp; Reisen\" \/>\n<meta property=\"article:modified_time\" content=\"2026-01-06T16:51:44+00:00\" \/>\n<meta property=\"og:image\" content=\"https:\/\/www.urlaubcornwall.de\/blog\/wp-content\/uploads\/2014\/10\/IMG_2262_1.jpg\" \/>\n<meta name=\"twitter:card\" content=\"summary\" \/>\n<meta name=\"twitter:label1\" content=\"Est. reading time\" \/>\n\t<meta name=\"twitter:data1\" content=\"7 minutes\" \/>\n<script type=\"application\/ld+json\" class=\"yoast-schema-graph\">{\"@context\":\"https:\/\/schema.org\",\"@graph\":[{\"@type\":\"WebSite\",\"@id\":\"https:\/\/www.urlaubcornwall.de\/blog\/#website\",\"url\":\"https:\/\/www.urlaubcornwall.de\/blog\/\",\"name\":\"Urlaub &amp; Reisen\",\"description\":\"Urlaub, Reisen, Cornwall und S\u00fcdengland: eine perfekte Kombination\",\"potentialAction\":[{\"@type\":\"SearchAction\",\"target\":{\"@type\":\"EntryPoint\",\"urlTemplate\":\"https:\/\/www.urlaubcornwall.de\/blog\/?s={search_term_string}\"},\"query-input\":\"required name=search_term_string\"}],\"inLanguage\":\"en-US\"},{\"@type\":\"WebPage\",\"@id\":\"https:\/\/www.urlaubcornwall.de\/blog\/kurzurlaub-auf-den-scilly-inseln\/\",\"url\":\"https:\/\/www.urlaubcornwall.de\/blog\/kurzurlaub-auf-den-scilly-inseln\/\",\"name\":\"Kurzurlaub auf den Scilly-Inseln \u2013 unsere Geschichte - Urlaub &amp; Reisen\",\"isPartOf\":{\"@id\":\"https:\/\/www.urlaubcornwall.de\/blog\/#website\"},\"datePublished\":\"2014-10-05T18:08:26+00:00\",\"dateModified\":\"2026-01-06T16:51:44+00:00\",\"breadcrumb\":{\"@id\":\"https:\/\/www.urlaubcornwall.de\/blog\/kurzurlaub-auf-den-scilly-inseln\/#breadcrumb\"},\"inLanguage\":\"en-US\",\"potentialAction\":[{\"@type\":\"ReadAction\",\"target\":[\"https:\/\/www.urlaubcornwall.de\/blog\/kurzurlaub-auf-den-scilly-inseln\/\"]}]},{\"@type\":\"BreadcrumbList\",\"@id\":\"https:\/\/www.urlaubcornwall.de\/blog\/kurzurlaub-auf-den-scilly-inseln\/#breadcrumb\",\"itemListElement\":[{\"@type\":\"ListItem\",\"position\":1,\"name\":\"Home\",\"item\":\"https:\/\/www.urlaubcornwall.de\/blog\/\"},{\"@type\":\"ListItem\",\"position\":2,\"name\":\"Kurzurlaub auf den Scilly-Inseln \u2013 unsere Geschichte\"}]}]}<\/script>\n<!-- \/ Yoast SEO plugin. -->","yoast_head_json":{"title":"Kurzurlaub auf den Scilly-Inseln \u2013 unsere Geschichte - Urlaub &amp; Reisen","robots":{"index":"index","follow":"follow","max-snippet":"max-snippet:-1","max-image-preview":"max-image-preview:large","max-video-preview":"max-video-preview:-1"},"canonical":"https:\/\/www.urlaubcornwall.de\/blog\/kurzurlaub-auf-den-scilly-inseln\/","og_locale":"en_US","og_type":"article","og_title":"Kurzurlaub auf den Scilly-Inseln \u2013 unsere Geschichte - Urlaub &amp; Reisen","og_description":"Die Scilly Inseln sind unser bevorzugtes Urlaubsziel in Cornwall, und wir besuchen sie seit \u00fcber 20 Jahren. Dabei genie\u00dfen wir sowohl Familienurlaube als auch Kurzurlaube ohne unsere Kinder. Indem sie sich 28 Meilen von Cornwalls K\u00fcste entfernt befinden, genie\u00dfen die Inseln das mildeste Klima Gro\u00dfbritanniens und sind reich an bezaubernden wei\u00dfen Sandstr\u00e4nden und t\u00fcrkisfarbenem Meer. [&hellip;]","og_url":"https:\/\/www.urlaubcornwall.de\/blog\/kurzurlaub-auf-den-scilly-inseln\/","og_site_name":"Urlaub &amp; Reisen","article_modified_time":"2026-01-06T16:51:44+00:00","og_image":[{"url":"https:\/\/www.urlaubcornwall.de\/blog\/wp-content\/uploads\/2014\/10\/IMG_2262_1.jpg"}],"twitter_card":"summary","twitter_misc":{"Est. reading time":"7 minutes"},"schema":{"@context":"https:\/\/schema.org","@graph":[{"@type":"WebSite","@id":"https:\/\/www.urlaubcornwall.de\/blog\/#website","url":"https:\/\/www.urlaubcornwall.de\/blog\/","name":"Urlaub &amp; Reisen","description":"Urlaub, Reisen, Cornwall und S\u00fcdengland: eine perfekte Kombination","potentialAction":[{"@type":"SearchAction","target":{"@type":"EntryPoint","urlTemplate":"https:\/\/www.urlaubcornwall.de\/blog\/?s={search_term_string}"},"query-input":"required name=search_term_string"}],"inLanguage":"en-US"},{"@type":"WebPage","@id":"https:\/\/www.urlaubcornwall.de\/blog\/kurzurlaub-auf-den-scilly-inseln\/","url":"https:\/\/www.urlaubcornwall.de\/blog\/kurzurlaub-auf-den-scilly-inseln\/","name":"Kurzurlaub auf den Scilly-Inseln \u2013 unsere Geschichte - Urlaub &amp; Reisen","isPartOf":{"@id":"https:\/\/www.urlaubcornwall.de\/blog\/#website"},"datePublished":"2014-10-05T18:08:26+00:00","dateModified":"2026-01-06T16:51:44+00:00","breadcrumb":{"@id":"https:\/\/www.urlaubcornwall.de\/blog\/kurzurlaub-auf-den-scilly-inseln\/#breadcrumb"},"inLanguage":"en-US","potentialAction":[{"@type":"ReadAction","target":["https:\/\/www.urlaubcornwall.de\/blog\/kurzurlaub-auf-den-scilly-inseln\/"]}]},{"@type":"BreadcrumbList","@id":"https:\/\/www.urlaubcornwall.de\/blog\/kurzurlaub-auf-den-scilly-inseln\/#breadcrumb","itemListElement":[{"@type":"ListItem","position":1,"name":"Home","item":"https:\/\/www.urlaubcornwall.de\/blog\/"},{"@type":"ListItem","position":2,"name":"Kurzurlaub auf den Scilly-Inseln \u2013 unsere Geschichte"}]}]}},"_links":{"self":[{"href":"https:\/\/www.urlaubcornwall.de\/blog\/wp-json\/wp\/v2\/pages\/16810"}],"collection":[{"href":"https:\/\/www.urlaubcornwall.de\/blog\/wp-json\/wp\/v2\/pages"}],"about":[{"href":"https:\/\/www.urlaubcornwall.de\/blog\/wp-json\/wp\/v2\/types\/page"}],"author":[{"embeddable":true,"href":"https:\/\/www.urlaubcornwall.de\/blog\/wp-json\/wp\/v2\/users\/1"}],"replies":[{"embeddable":true,"href":"https:\/\/www.urlaubcornwall.de\/blog\/wp-json\/wp\/v2\/comments?post=16810"}],"version-history":[{"count":58,"href":"https:\/\/www.urlaubcornwall.de\/blog\/wp-json\/wp\/v2\/pages\/16810\/revisions"}],"predecessor-version":[{"id":51984,"href":"https:\/\/www.urlaubcornwall.de\/blog\/wp-json\/wp\/v2\/pages\/16810\/revisions\/51984"}],"wp:attachment":[{"href":"https:\/\/www.urlaubcornwall.de\/blog\/wp-json\/wp\/v2\/media?parent=16810"}],"curies":[{"name":"wp","href":"https:\/\/api.w.org\/{rel}","templated":true}]}}