{"id":16750,"date":"2014-09-20T09:02:35","date_gmt":"2014-09-20T09:02:35","guid":{"rendered":"https:\/\/www.urlaubcornwall.de\/blog\/?page_id=16750"},"modified":"2024-05-26T13:42:37","modified_gmt":"2024-05-26T13:42:37","slug":"chorbesuche-nach-grossbritannien","status":"publish","type":"page","link":"https:\/\/www.urlaubcornwall.de\/blog\/chorbesuche-nach-grossbritannien\/","title":{"rendered":"Chorbesuche nach Gro\u00dfbritannien: England, Schottland &#038; Wales"},"content":{"rendered":"<p><a href=\"https:\/\/www.urlaubcornwall.de\/blog\/wp-content\/uploads\/2024\/05\/truro-cathedral-credit-james-petts-flickr.jpg\"><img loading=\"lazy\" src=\"https:\/\/www.urlaubcornwall.de\/blog\/wp-content\/uploads\/2024\/05\/truro-cathedral-credit-james-petts-flickr.jpg\" alt=\"truro-cathedral-credit-james-petts-flickr\" width=\"750\" height=\"501\" class=\"alignnone size-full wp-image-50119\" srcset=\"https:\/\/www.urlaubcornwall.de\/blog\/wp-content\/uploads\/2024\/05\/truro-cathedral-credit-james-petts-flickr.jpg 750w, https:\/\/www.urlaubcornwall.de\/blog\/wp-content\/uploads\/2024\/05\/truro-cathedral-credit-james-petts-flickr-300x200.jpg 300w\" sizes=\"(max-width: 750px) 100vw, 750px\" \/><\/a><br \/>\nimage-credit-james-petts-flickr<\/p>\n<p>Von allen Arten von Gruppenreisen, die w\u00e4hrend eines Besuchs in Gro\u00dfbritannien m\u00f6glich sind, so sind es wom\u00f6glich die des Chors, welche zu den sch\u00f6nsten und lohnenswertesten z\u00e4hlt. Nicht nur, dass sich die Mitglieder bereits untereinander kennen, sie alle teilen die gleiche Begeisterung f\u00fcr eine Sache und die zahlreichen Chorvereine in Deutschland sind Beweis daf\u00fcr, dass der Chor ein sehr beliebtes Hobby ist.<\/p>\n<p>Aber mehr als oft werden Vereine, dessen Hauptinteresse Gesang in der Gruppe ist, bei der <a href=\"https:\/\/www.urlaubcornwall.de\/massgeschneiderte-gruppenreisen-und-touren.php\">Planung einer Gruppenreise nach Gro\u00dfbritannien<\/a> entt\u00e4uscht, und das nicht nur, weil der Gro\u00dfteil der Gruppenreisenveranstaltern keine Reiseplanung f\u00fcr Ihre Interessen bietet. Durch die Zusammenarbeit mit einem Reiseveranstalter, der ma\u00dfgeschneiderte Reisen mit deutschsprachigen Reiseleitern bietet, k\u00f6nnen Sie ihre Liebe f\u00fcr das Singen mit der Spannung kombinieren, die durch das Entdecken dieser gr\u00fcnen und lieblichen Insel entsteht.<\/p>\n<p style=\"text-align: center;\"><a class=\"tidycta\" href=\"https:\/\/www.urlaubcornwall.de\/gruppenanfrage.php\">Gruppenanfrage<\/a><\/p>\n<p>Angesichts der reichhaltigen und vielf\u00e4ltigen Herkunft der Kultur, die sowohl von Gro\u00dfbritannien als auch von Deutschland geboten wird, ist Gro\u00dfbritannien definitiv das ultimative Reiseziel f\u00fcr alle Ch\u00f6re, die das gro\u00dfe Erbe und die atemberaubende Landschaft, welches dieses Land zu bieten hat, entdecken m\u00f6chten, und dabei in einer wundersch\u00f6nen, neuen Umgebung zusammen singen k\u00f6nnen.<\/p>\n<p>Weiterhin k\u00f6nnen deutsche Ch\u00f6re durch den Gesang mit britischen Ch\u00f6ren eine einzigartige Erfahrung teilen, unter Gleichartigen, die das selbe Hobby teilen \u2013 Eine gro\u00dfartige M\u00f6glichkeit, Freundschaften zu schlie\u00dfen, die ein Leben lang halten k\u00f6nnen. Solche \u201eZusammen-Singen\u201c-Events sind tolle Botschafter von Englisch-Deutschen Beziehungen!<\/p>\n<p>Solche Reisen k\u00f6nnen so organisiert werden, dass Sie einem bestimmten Thema folgen. Beispielsweise k\u00f6nnen die Ch\u00f6re in die Fu\u00dfstapfen von Rosamunde Pilcher oder Inspector Barnaby treten, w\u00e4hrend Sie auf dem Weg zusammen mit ortsans\u00e4ssigen Ch\u00f6ren singen. Sollten Sie sich dazu entschlie\u00dfen, London in Ihren Reiseplan aufzunehmen, so haben sie sogar die M\u00f6glichkeit, mit dem Gro\u00dfbritanniens einzigem Deutschsprachigen Chor gemeinsam zu singen!<\/p>\n<p>Sollte der Chor Teil einer gr\u00f6\u00dferen Gruppe sein, so kann der Reiseplan so angepasst werden, dass Exkursionen f\u00fcr ein bestimmtes Interessengebiet der Gruppe aufgenommen werden. Ein Feuerwehrchor hat so beispielsweise die M\u00f6glichkeit, die R\u00e4umlichkeiten Ihrer britischen Kollegen zu besichtigen und nat\u00fcrlich mit Ihnen zu singen.<\/p>\n<p>Die geographische N\u00e4he Gro\u00dfbritanniens erleichtert das Reisen ungemein und ist ein weiterer Grund, warum deutsche Ch\u00f6re Gro\u00dfbritannien zu Ihrem Reiseziel erkl\u00e4ren sollten. Neben der M\u00f6glichkeit, mit w\u00f6chentlich \u00fcber 1.200 Direktfl\u00fcgen von Deutschland nach England, Wales oder Schottland zu kommen, k\u00f6nnen Gruppen auch den Reisebus nehmen. Der Anblick, wenn die wei\u00dfen Klippen von Dover n\u00e4herkommen, steigert die kollektive Freude ungemein. Weiterhin wird es in K\u00fcrze m\u00f6glich sein, mit dem ICE nach England zu kommen und direkt von K\u00f6ln aus in nur 4 Stunden zum spektakul\u00e4ren St. Pancras-Bahnhof zu fahren.<\/p>\n<p>Wir haben ein Team Deutsch sprechender Experten, so dass wir eine individuelle Gruppenreise durch Cornwall, S\u00fcdengland und nun auch durch den Rest Gro\u00dfbritanniens und Irlands anbieten k\u00f6nnen.<\/p>\n<div class=\"snippet\"> <a class=\"featured-item\" href=\" https:\/\/www.urlaubcornwall.de\/massgeschneiderte-gruppenreisen-und-touren.php \"> <span class=\"image-holder\" style=\"background-image: url(' https:\/\/www.urlaubcornwall.de\/blog\/wp-content\/uploads\/2024\/05\/gruppenreisen.jpg ');\"><\/span> <span class=\"featured-content\"> \n<h2 class=\"featured-title\"> Ma\u00dfgeschneiderte Gruppenreisen in Cornwall &#038; durch Gro\u00dfbritannien<\/h2>\n<p class=\"featured-body\">Wir k\u00f6nnen Ihnen behilflich sein, eine fantastische Gruppenreise zusammenzustellen, auf der Sie die sch\u00f6nsten Sehensw\u00fcrdigkeiten S\u00fcdenglands entdecken k\u00f6nnen. Auch interessante Themenreisen, wie z.B. eine Gartentour ,Literaturreise, oder Chorreise auf der Sie die ber\u00fchmten Schaupl\u00e4tze der Rosamunde Pilcher Verfilmungen besichtigen k\u00f6nnen, sind m\u00f6glich&#8230;.<\/p>\n<\/span> <span class=\"featured-link-holder\"> <span class=\"featured-extra-info\"> \n<p>M\u00f6chten Sie eine private Busreise, Vereinreise, Seniorenreise, Klassenfahrt oder Gruppenfahrt organisieren?<\/p>\n<\/span> \n<p class=\"featured-link\">DETAILS<\/p>\n<\/span> <\/a><\/div>\n","protected":false},"excerpt":{"rendered":"<p>image-credit-james-petts-flickr Von allen Arten von Gruppenreisen, die w\u00e4hrend eines Besuchs in Gro\u00dfbritannien m\u00f6glich sind, so sind es wom\u00f6glich die des Chors, welche zu den sch\u00f6nsten und lohnenswertesten z\u00e4hlt. Nicht nur, dass sich die Mitglieder bereits untereinander kennen, sie alle teilen die gleiche Begeisterung f\u00fcr eine Sache und die zahlreichen Chorvereine in Deutschland sind Beweis daf\u00fcr, [&hellip;]<\/p>\n","protected":false},"author":1,"featured_media":0,"parent":0,"menu_order":0,"comment_status":"closed","ping_status":"closed","template":"single-four.php","meta":[],"acf":[],"yoast_head":"<!-- This site is optimized with the Yoast SEO plugin v19.4 - https:\/\/yoast.com\/wordpress\/plugins\/seo\/ -->\n<title>Chorbesuche nach Gro\u00dfbritannien: England, Schottland &amp; Wales - Urlaub &amp; Reisen<\/title>\n<meta name=\"robots\" content=\"index, follow, max-snippet:-1, max-image-preview:large, max-video-preview:-1\" \/>\n<link rel=\"canonical\" href=\"https:\/\/www.urlaubcornwall.de\/blog\/chorbesuche-nach-grossbritannien\/\" \/>\n<meta property=\"og:locale\" content=\"en_US\" \/>\n<meta property=\"og:type\" content=\"article\" \/>\n<meta property=\"og:title\" content=\"Chorbesuche nach Gro\u00dfbritannien: England, Schottland &amp; Wales - Urlaub &amp; Reisen\" \/>\n<meta property=\"og:description\" content=\"image-credit-james-petts-flickr Von allen Arten von Gruppenreisen, die w\u00e4hrend eines Besuchs in Gro\u00dfbritannien m\u00f6glich sind, so sind es wom\u00f6glich die des Chors, welche zu den sch\u00f6nsten und lohnenswertesten z\u00e4hlt. Nicht nur, dass sich die Mitglieder bereits untereinander kennen, sie alle teilen die gleiche Begeisterung f\u00fcr eine Sache und die zahlreichen Chorvereine in Deutschland sind Beweis daf\u00fcr, [&hellip;]\" \/>\n<meta property=\"og:url\" content=\"https:\/\/www.urlaubcornwall.de\/blog\/chorbesuche-nach-grossbritannien\/\" \/>\n<meta property=\"og:site_name\" content=\"Urlaub &amp; Reisen\" \/>\n<meta property=\"article:modified_time\" content=\"2024-05-26T13:42:37+00:00\" \/>\n<meta property=\"og:image\" content=\"https:\/\/www.urlaubcornwall.de\/blog\/wp-content\/uploads\/2024\/05\/truro-cathedral-credit-james-petts-flickr.jpg\" \/>\n<meta name=\"twitter:card\" content=\"summary\" \/>\n<meta name=\"twitter:label1\" content=\"Est. reading time\" \/>\n\t<meta name=\"twitter:data1\" content=\"3 minutes\" \/>\n<script type=\"application\/ld+json\" class=\"yoast-schema-graph\">{\"@context\":\"https:\/\/schema.org\",\"@graph\":[{\"@type\":\"WebSite\",\"@id\":\"https:\/\/www.urlaubcornwall.de\/blog\/#website\",\"url\":\"https:\/\/www.urlaubcornwall.de\/blog\/\",\"name\":\"Urlaub &amp; Reisen\",\"description\":\"Urlaub, Reisen, Cornwall und S\u00fcdengland: eine perfekte Kombination\",\"potentialAction\":[{\"@type\":\"SearchAction\",\"target\":{\"@type\":\"EntryPoint\",\"urlTemplate\":\"https:\/\/www.urlaubcornwall.de\/blog\/?s={search_term_string}\"},\"query-input\":\"required name=search_term_string\"}],\"inLanguage\":\"en-US\"},{\"@type\":\"WebPage\",\"@id\":\"https:\/\/www.urlaubcornwall.de\/blog\/chorbesuche-nach-grossbritannien\/\",\"url\":\"https:\/\/www.urlaubcornwall.de\/blog\/chorbesuche-nach-grossbritannien\/\",\"name\":\"Chorbesuche nach Gro\u00dfbritannien: England, Schottland & Wales - Urlaub &amp; Reisen\",\"isPartOf\":{\"@id\":\"https:\/\/www.urlaubcornwall.de\/blog\/#website\"},\"datePublished\":\"2014-09-20T09:02:35+00:00\",\"dateModified\":\"2024-05-26T13:42:37+00:00\",\"breadcrumb\":{\"@id\":\"https:\/\/www.urlaubcornwall.de\/blog\/chorbesuche-nach-grossbritannien\/#breadcrumb\"},\"inLanguage\":\"en-US\",\"potentialAction\":[{\"@type\":\"ReadAction\",\"target\":[\"https:\/\/www.urlaubcornwall.de\/blog\/chorbesuche-nach-grossbritannien\/\"]}]},{\"@type\":\"BreadcrumbList\",\"@id\":\"https:\/\/www.urlaubcornwall.de\/blog\/chorbesuche-nach-grossbritannien\/#breadcrumb\",\"itemListElement\":[{\"@type\":\"ListItem\",\"position\":1,\"name\":\"Home\",\"item\":\"https:\/\/www.urlaubcornwall.de\/blog\/\"},{\"@type\":\"ListItem\",\"position\":2,\"name\":\"Chorbesuche nach Gro\u00dfbritannien: England, Schottland &#038; Wales\"}]}]}<\/script>\n<!-- \/ Yoast SEO plugin. -->","yoast_head_json":{"title":"Chorbesuche nach Gro\u00dfbritannien: England, Schottland & Wales - Urlaub &amp; Reisen","robots":{"index":"index","follow":"follow","max-snippet":"max-snippet:-1","max-image-preview":"max-image-preview:large","max-video-preview":"max-video-preview:-1"},"canonical":"https:\/\/www.urlaubcornwall.de\/blog\/chorbesuche-nach-grossbritannien\/","og_locale":"en_US","og_type":"article","og_title":"Chorbesuche nach Gro\u00dfbritannien: England, Schottland & Wales - Urlaub &amp; Reisen","og_description":"image-credit-james-petts-flickr Von allen Arten von Gruppenreisen, die w\u00e4hrend eines Besuchs in Gro\u00dfbritannien m\u00f6glich sind, so sind es wom\u00f6glich die des Chors, welche zu den sch\u00f6nsten und lohnenswertesten z\u00e4hlt. Nicht nur, dass sich die Mitglieder bereits untereinander kennen, sie alle teilen die gleiche Begeisterung f\u00fcr eine Sache und die zahlreichen Chorvereine in Deutschland sind Beweis daf\u00fcr, [&hellip;]","og_url":"https:\/\/www.urlaubcornwall.de\/blog\/chorbesuche-nach-grossbritannien\/","og_site_name":"Urlaub &amp; Reisen","article_modified_time":"2024-05-26T13:42:37+00:00","og_image":[{"url":"https:\/\/www.urlaubcornwall.de\/blog\/wp-content\/uploads\/2024\/05\/truro-cathedral-credit-james-petts-flickr.jpg"}],"twitter_card":"summary","twitter_misc":{"Est. reading time":"3 minutes"},"schema":{"@context":"https:\/\/schema.org","@graph":[{"@type":"WebSite","@id":"https:\/\/www.urlaubcornwall.de\/blog\/#website","url":"https:\/\/www.urlaubcornwall.de\/blog\/","name":"Urlaub &amp; Reisen","description":"Urlaub, Reisen, Cornwall und S\u00fcdengland: eine perfekte Kombination","potentialAction":[{"@type":"SearchAction","target":{"@type":"EntryPoint","urlTemplate":"https:\/\/www.urlaubcornwall.de\/blog\/?s={search_term_string}"},"query-input":"required name=search_term_string"}],"inLanguage":"en-US"},{"@type":"WebPage","@id":"https:\/\/www.urlaubcornwall.de\/blog\/chorbesuche-nach-grossbritannien\/","url":"https:\/\/www.urlaubcornwall.de\/blog\/chorbesuche-nach-grossbritannien\/","name":"Chorbesuche nach Gro\u00dfbritannien: England, Schottland & Wales - Urlaub &amp; Reisen","isPartOf":{"@id":"https:\/\/www.urlaubcornwall.de\/blog\/#website"},"datePublished":"2014-09-20T09:02:35+00:00","dateModified":"2024-05-26T13:42:37+00:00","breadcrumb":{"@id":"https:\/\/www.urlaubcornwall.de\/blog\/chorbesuche-nach-grossbritannien\/#breadcrumb"},"inLanguage":"en-US","potentialAction":[{"@type":"ReadAction","target":["https:\/\/www.urlaubcornwall.de\/blog\/chorbesuche-nach-grossbritannien\/"]}]},{"@type":"BreadcrumbList","@id":"https:\/\/www.urlaubcornwall.de\/blog\/chorbesuche-nach-grossbritannien\/#breadcrumb","itemListElement":[{"@type":"ListItem","position":1,"name":"Home","item":"https:\/\/www.urlaubcornwall.de\/blog\/"},{"@type":"ListItem","position":2,"name":"Chorbesuche nach Gro\u00dfbritannien: England, Schottland &#038; Wales"}]}]}},"_links":{"self":[{"href":"https:\/\/www.urlaubcornwall.de\/blog\/wp-json\/wp\/v2\/pages\/16750"}],"collection":[{"href":"https:\/\/www.urlaubcornwall.de\/blog\/wp-json\/wp\/v2\/pages"}],"about":[{"href":"https:\/\/www.urlaubcornwall.de\/blog\/wp-json\/wp\/v2\/types\/page"}],"author":[{"embeddable":true,"href":"https:\/\/www.urlaubcornwall.de\/blog\/wp-json\/wp\/v2\/users\/1"}],"replies":[{"embeddable":true,"href":"https:\/\/www.urlaubcornwall.de\/blog\/wp-json\/wp\/v2\/comments?post=16750"}],"version-history":[{"count":12,"href":"https:\/\/www.urlaubcornwall.de\/blog\/wp-json\/wp\/v2\/pages\/16750\/revisions"}],"predecessor-version":[{"id":50223,"href":"https:\/\/www.urlaubcornwall.de\/blog\/wp-json\/wp\/v2\/pages\/16750\/revisions\/50223"}],"wp:attachment":[{"href":"https:\/\/www.urlaubcornwall.de\/blog\/wp-json\/wp\/v2\/media?parent=16750"}],"curies":[{"name":"wp","href":"https:\/\/api.w.org\/{rel}","templated":true}]}}