{"id":16614,"date":"2014-09-13T13:59:45","date_gmt":"2014-09-13T13:59:45","guid":{"rendered":"https:\/\/www.urlaubcornwall.de\/blog\/?page_id=16614"},"modified":"2023-08-15T10:19:38","modified_gmt":"2023-08-15T10:19:38","slug":"touren-nach-cornwall-und-grossbritannien-gruppenreiseanbieter-sucht-kooperationspartner","status":"publish","type":"page","link":"https:\/\/www.urlaubcornwall.de\/blog\/touren-nach-cornwall-und-grossbritannien-gruppenreiseanbieter-sucht-kooperationspartner\/","title":{"rendered":"Touren nach Cornwall und Gro\u00dfbritannien: Gruppenreiseanbieter sucht Kooperationspartner"},"content":{"rendered":"<p><img loading=\"lazy\" class=\"aligncenter size-full wp-image-24598\" src=\"https:\/\/www.urlaubcornwall.de\/blog\/wp-content\/uploads\/2016\/06\/urlaub-und-gro\u00dfbritannien_logo_final.jpg\" alt=\"Gruppenreiseanbieter sucht Kooperationspartner Cornwall und Gro\u00dfbritannien\" width=\"746\" height=\"361\" srcset=\"https:\/\/www.urlaubcornwall.de\/blog\/wp-content\/uploads\/2016\/06\/urlaub-und-gro\u00dfbritannien_logo_final.jpg 746w, https:\/\/www.urlaubcornwall.de\/blog\/wp-content\/uploads\/2016\/06\/urlaub-und-gro\u00dfbritannien_logo_final-300x145.jpg 300w\" sizes=\"(max-width: 746px) 100vw, 746px\" \/><\/p>\n<p><strong>Cornwall DMC- Destination Management Services in S\u00fcdwestengland<\/strong><\/p>\n<p>Mit Firmensitz in Truro ist UrlaubCornwall die einzige spezialisierte Destination Management Company f\u00fcr Cornwall. Wir k\u00f6nnen Cornwall in Reisepl\u00e4ne durch S\u00fcdengland und den Rest Gro\u00dfbritanniens mit einbinden.<\/p>\n<p>Wir bieten un\u00fcbertreffliche Erfahrung und Kontakte, um einzigartige L\u00f6sungen, Orte und unglaubliche Aktivit\u00e4ten f\u00fcr unsere Kunden vorzuschlagen. Hervorragender Kundenservice besagt nicht nur, was man wei\u00df, sondern wen man kennt, und unser un\u00fcbertreffliches Wissen bedeutet, dass unsere Kunden das kleine bisschen Extra erhalten, das wahrhaftig den Unterschied darstellt.<\/p>\n<p>Wir k\u00f6nnen eine komplette Cornwall L\u00f6sung schaffen oder k\u00f6nnen es als Teil eines breiteren Programmes einbinden. Wir bieten eine vollst\u00e4ndige Palette an Dienstleistungen und sind dabei stolz auf unsere wahrhaft pers\u00f6nlich zugeschnittene Vorgehensweise. Ob es sich nun um ein Firmenincentive handelt, eine Gruppe mit besonderen Interessen oder ein Reisehandelsprogramm, so nehmen wir uns Zeit, Ihre Bed\u00fcrfnisse zu verstehen und liefern Ihrem Budget entsprechend M\u00f6glichkeiten, die Ihre Erwartungen \u00fcbertreffen.<\/p>\n<p>UrlaubCornwall wurde gegr\u00fcndet, um im riesigen Deutsch sprechenden Markt f\u00fcr Cornwall zu werben durch unsere, in Deutschland, der Schweiz und \u00d6sterreich sich auf Rang 1 befindende Website &nbsp;<a href=\"http:\/\/www.urlaubcornwall.de\">www.urlaubcornwall.de<\/a>. Unser Service ist nun in s\u00e4mtlichen gebundenen M\u00e4rkten des UK, sowie f\u00fcr inl\u00e4ndische Kunden erh\u00e4ltlich.<br \/>\n\r\n\t\t\t<style>\r\n\t\t\t#tourist-board {\r\n\t\t\t    width: 75%;\r\n\t\t\t    margin: 10px auto;\r\n\t\t\t    border: 1px solid #ad7dd1;\r\n\t\t\t    border-radius: 10px;\r\n\t\t\t    padding: 10px;\r\n\t\t\t    text-align: center;\r\n\t\t\t    max-width: 750px;\r\n\t\t\t}\r\n\t\t\t#tourist-board img {\r\n\t\t\t\tborder: 0;\r\n\t\t\t}\r\n\t\t\t#tourist-board h3 {\r\n\t\t\t\tmargin: 0;\r\n\t\t\t\tfont-weight: bold;\r\n\t\t\t\tcolor: black;\r\n\t\t\t\tfont-size: 16px;\r\n\t\t\t}\r\n\t\t\t\r\n\t\t\t<\/style>\r\n\t\t\t<section id=\"tourist-board\">\r\n\t\t\t\t<img src=\"https:\/\/urlaubcornwall.de\/images\/logo.jpg\"\/>\r\n\t\t\t\t<h3>UrlaubCornwall.de, der offizielle Reisepartner des Touristenverbandes Visit Cornwall<\/h3>\r\n\t\t\t<\/section>\r\n\t\t<\/p>\n<p><strong>Unsere DMC Dienstleistungen:<\/strong><\/p>\n<p>wahrhaft pers\u00f6nlicher Service, Finden von Unterkunftsorten und Management<\/p>\n<p>Hotelunterk\u00fcnfte, Transportm\u00f6glichkeiten und Logistik<\/p>\n<p>Entertainment, Konferenzen und Treffen<\/p>\n<p>Aktivit\u00e4ten, Tickets f\u00fcr Shows und Sportveranstaltungen<\/p>\n<p>private Speiser\u00e4ume, On-site Koordination, Ausstellungen<\/p>\n<p>Um mehr herauszufinden und ein umgehendes unverbindliches Angebot zu erhalten, rufen Sie bitte an oder schicken Sie uns<a href=\"http:\/\/www.urlaubcornwall.de\/gruppenanfrage.php\"> <span style=\"text-decoration: underline;\"><strong>Ihre Nachfrage<\/strong><\/span><\/a>.<\/p>\n<p>Niall MacDougall<\/p>\n<p>Email: <a href=\"mailto:info@cornwall-dmc.co.uk\">niall@urlaubcornwall.de<\/a><\/p>\n<p>Mob: 00 44 (0) 7771 624910<\/p>\n<p><strong><a href=\"https:\/\/www.cornwall-dmc.co.uk\/\">Urlaub Cornwall Travel Services Ltd<\/a>, <\/strong><\/p>\n<p><strong>Mia Casa, North Pool Road, Illogan TR15 3JQ<\/strong><\/p>\n<p><strong>Company Number: 09868648, VAT Number: 235 6611 13<\/strong><\/p>\n","protected":false},"excerpt":{"rendered":"<p>Cornwall DMC- Destination Management Services in S\u00fcdwestengland Mit Firmensitz in Truro ist UrlaubCornwall die einzige spezialisierte Destination Management Company f\u00fcr Cornwall. Wir k\u00f6nnen Cornwall in Reisepl\u00e4ne durch S\u00fcdengland und den Rest Gro\u00dfbritanniens mit einbinden. Wir bieten un\u00fcbertreffliche Erfahrung und Kontakte, um einzigartige L\u00f6sungen, Orte und unglaubliche Aktivit\u00e4ten f\u00fcr unsere Kunden vorzuschlagen. Hervorragender Kundenservice besagt nicht [&hellip;]<\/p>\n","protected":false},"author":1,"featured_media":0,"parent":0,"menu_order":0,"comment_status":"closed","ping_status":"closed","template":"single-four.php","meta":[],"acf":[],"yoast_head":"<!-- This site is optimized with the Yoast SEO plugin v19.4 - https:\/\/yoast.com\/wordpress\/plugins\/seo\/ -->\n<title>Touren nach Cornwall und Gro\u00dfbritannien: Gruppenreiseanbieter sucht Kooperationspartner - Urlaub &amp; Reisen<\/title>\n<meta name=\"robots\" content=\"index, follow, max-snippet:-1, max-image-preview:large, max-video-preview:-1\" \/>\n<link rel=\"canonical\" href=\"https:\/\/www.urlaubcornwall.de\/blog\/touren-nach-cornwall-und-grossbritannien-gruppenreiseanbieter-sucht-kooperationspartner\/\" \/>\n<meta property=\"og:locale\" content=\"en_US\" \/>\n<meta property=\"og:type\" content=\"article\" \/>\n<meta property=\"og:title\" content=\"Touren nach Cornwall und Gro\u00dfbritannien: Gruppenreiseanbieter sucht Kooperationspartner - Urlaub &amp; Reisen\" \/>\n<meta property=\"og:description\" content=\"Cornwall DMC- Destination Management Services in S\u00fcdwestengland Mit Firmensitz in Truro ist UrlaubCornwall die einzige spezialisierte Destination Management Company f\u00fcr Cornwall. Wir k\u00f6nnen Cornwall in Reisepl\u00e4ne durch S\u00fcdengland und den Rest Gro\u00dfbritanniens mit einbinden. Wir bieten un\u00fcbertreffliche Erfahrung und Kontakte, um einzigartige L\u00f6sungen, Orte und unglaubliche Aktivit\u00e4ten f\u00fcr unsere Kunden vorzuschlagen. Hervorragender Kundenservice besagt nicht [&hellip;]\" \/>\n<meta property=\"og:url\" content=\"https:\/\/www.urlaubcornwall.de\/blog\/touren-nach-cornwall-und-grossbritannien-gruppenreiseanbieter-sucht-kooperationspartner\/\" \/>\n<meta property=\"og:site_name\" content=\"Urlaub &amp; Reisen\" \/>\n<meta property=\"article:modified_time\" content=\"2023-08-15T10:19:38+00:00\" \/>\n<meta name=\"twitter:card\" content=\"summary\" \/>\n<meta name=\"twitter:label1\" content=\"Est. reading time\" \/>\n\t<meta name=\"twitter:data1\" content=\"2 minutes\" \/>\n<script type=\"application\/ld+json\" class=\"yoast-schema-graph\">{\"@context\":\"https:\/\/schema.org\",\"@graph\":[{\"@type\":\"WebSite\",\"@id\":\"https:\/\/www.urlaubcornwall.de\/blog\/#website\",\"url\":\"https:\/\/www.urlaubcornwall.de\/blog\/\",\"name\":\"Urlaub &amp; Reisen\",\"description\":\"Urlaub, Reisen, Cornwall und S\u00fcdengland: eine perfekte Kombination\",\"potentialAction\":[{\"@type\":\"SearchAction\",\"target\":{\"@type\":\"EntryPoint\",\"urlTemplate\":\"https:\/\/www.urlaubcornwall.de\/blog\/?s={search_term_string}\"},\"query-input\":\"required name=search_term_string\"}],\"inLanguage\":\"en-US\"},{\"@type\":\"WebPage\",\"@id\":\"https:\/\/www.urlaubcornwall.de\/blog\/touren-nach-cornwall-und-grossbritannien-gruppenreiseanbieter-sucht-kooperationspartner\/\",\"url\":\"https:\/\/www.urlaubcornwall.de\/blog\/touren-nach-cornwall-und-grossbritannien-gruppenreiseanbieter-sucht-kooperationspartner\/\",\"name\":\"Touren nach Cornwall und Gro\u00dfbritannien: Gruppenreiseanbieter sucht Kooperationspartner - Urlaub &amp; Reisen\",\"isPartOf\":{\"@id\":\"https:\/\/www.urlaubcornwall.de\/blog\/#website\"},\"datePublished\":\"2014-09-13T13:59:45+00:00\",\"dateModified\":\"2023-08-15T10:19:38+00:00\",\"breadcrumb\":{\"@id\":\"https:\/\/www.urlaubcornwall.de\/blog\/touren-nach-cornwall-und-grossbritannien-gruppenreiseanbieter-sucht-kooperationspartner\/#breadcrumb\"},\"inLanguage\":\"en-US\",\"potentialAction\":[{\"@type\":\"ReadAction\",\"target\":[\"https:\/\/www.urlaubcornwall.de\/blog\/touren-nach-cornwall-und-grossbritannien-gruppenreiseanbieter-sucht-kooperationspartner\/\"]}]},{\"@type\":\"BreadcrumbList\",\"@id\":\"https:\/\/www.urlaubcornwall.de\/blog\/touren-nach-cornwall-und-grossbritannien-gruppenreiseanbieter-sucht-kooperationspartner\/#breadcrumb\",\"itemListElement\":[{\"@type\":\"ListItem\",\"position\":1,\"name\":\"Home\",\"item\":\"https:\/\/www.urlaubcornwall.de\/blog\/\"},{\"@type\":\"ListItem\",\"position\":2,\"name\":\"Touren nach Cornwall und Gro\u00dfbritannien: Gruppenreiseanbieter sucht Kooperationspartner\"}]}]}<\/script>\n<!-- \/ Yoast SEO plugin. -->","yoast_head_json":{"title":"Touren nach Cornwall und Gro\u00dfbritannien: Gruppenreiseanbieter sucht Kooperationspartner - Urlaub &amp; Reisen","robots":{"index":"index","follow":"follow","max-snippet":"max-snippet:-1","max-image-preview":"max-image-preview:large","max-video-preview":"max-video-preview:-1"},"canonical":"https:\/\/www.urlaubcornwall.de\/blog\/touren-nach-cornwall-und-grossbritannien-gruppenreiseanbieter-sucht-kooperationspartner\/","og_locale":"en_US","og_type":"article","og_title":"Touren nach Cornwall und Gro\u00dfbritannien: Gruppenreiseanbieter sucht Kooperationspartner - Urlaub &amp; Reisen","og_description":"Cornwall DMC- Destination Management Services in S\u00fcdwestengland Mit Firmensitz in Truro ist UrlaubCornwall die einzige spezialisierte Destination Management Company f\u00fcr Cornwall. Wir k\u00f6nnen Cornwall in Reisepl\u00e4ne durch S\u00fcdengland und den Rest Gro\u00dfbritanniens mit einbinden. Wir bieten un\u00fcbertreffliche Erfahrung und Kontakte, um einzigartige L\u00f6sungen, Orte und unglaubliche Aktivit\u00e4ten f\u00fcr unsere Kunden vorzuschlagen. Hervorragender Kundenservice besagt nicht [&hellip;]","og_url":"https:\/\/www.urlaubcornwall.de\/blog\/touren-nach-cornwall-und-grossbritannien-gruppenreiseanbieter-sucht-kooperationspartner\/","og_site_name":"Urlaub &amp; Reisen","article_modified_time":"2023-08-15T10:19:38+00:00","twitter_card":"summary","twitter_misc":{"Est. reading time":"2 minutes"},"schema":{"@context":"https:\/\/schema.org","@graph":[{"@type":"WebSite","@id":"https:\/\/www.urlaubcornwall.de\/blog\/#website","url":"https:\/\/www.urlaubcornwall.de\/blog\/","name":"Urlaub &amp; Reisen","description":"Urlaub, Reisen, Cornwall und S\u00fcdengland: eine perfekte Kombination","potentialAction":[{"@type":"SearchAction","target":{"@type":"EntryPoint","urlTemplate":"https:\/\/www.urlaubcornwall.de\/blog\/?s={search_term_string}"},"query-input":"required name=search_term_string"}],"inLanguage":"en-US"},{"@type":"WebPage","@id":"https:\/\/www.urlaubcornwall.de\/blog\/touren-nach-cornwall-und-grossbritannien-gruppenreiseanbieter-sucht-kooperationspartner\/","url":"https:\/\/www.urlaubcornwall.de\/blog\/touren-nach-cornwall-und-grossbritannien-gruppenreiseanbieter-sucht-kooperationspartner\/","name":"Touren nach Cornwall und Gro\u00dfbritannien: Gruppenreiseanbieter sucht Kooperationspartner - Urlaub &amp; Reisen","isPartOf":{"@id":"https:\/\/www.urlaubcornwall.de\/blog\/#website"},"datePublished":"2014-09-13T13:59:45+00:00","dateModified":"2023-08-15T10:19:38+00:00","breadcrumb":{"@id":"https:\/\/www.urlaubcornwall.de\/blog\/touren-nach-cornwall-und-grossbritannien-gruppenreiseanbieter-sucht-kooperationspartner\/#breadcrumb"},"inLanguage":"en-US","potentialAction":[{"@type":"ReadAction","target":["https:\/\/www.urlaubcornwall.de\/blog\/touren-nach-cornwall-und-grossbritannien-gruppenreiseanbieter-sucht-kooperationspartner\/"]}]},{"@type":"BreadcrumbList","@id":"https:\/\/www.urlaubcornwall.de\/blog\/touren-nach-cornwall-und-grossbritannien-gruppenreiseanbieter-sucht-kooperationspartner\/#breadcrumb","itemListElement":[{"@type":"ListItem","position":1,"name":"Home","item":"https:\/\/www.urlaubcornwall.de\/blog\/"},{"@type":"ListItem","position":2,"name":"Touren nach Cornwall und Gro\u00dfbritannien: Gruppenreiseanbieter sucht Kooperationspartner"}]}]}},"_links":{"self":[{"href":"https:\/\/www.urlaubcornwall.de\/blog\/wp-json\/wp\/v2\/pages\/16614"}],"collection":[{"href":"https:\/\/www.urlaubcornwall.de\/blog\/wp-json\/wp\/v2\/pages"}],"about":[{"href":"https:\/\/www.urlaubcornwall.de\/blog\/wp-json\/wp\/v2\/types\/page"}],"author":[{"embeddable":true,"href":"https:\/\/www.urlaubcornwall.de\/blog\/wp-json\/wp\/v2\/users\/1"}],"replies":[{"embeddable":true,"href":"https:\/\/www.urlaubcornwall.de\/blog\/wp-json\/wp\/v2\/comments?post=16614"}],"version-history":[{"count":9,"href":"https:\/\/www.urlaubcornwall.de\/blog\/wp-json\/wp\/v2\/pages\/16614\/revisions"}],"predecessor-version":[{"id":46975,"href":"https:\/\/www.urlaubcornwall.de\/blog\/wp-json\/wp\/v2\/pages\/16614\/revisions\/46975"}],"wp:attachment":[{"href":"https:\/\/www.urlaubcornwall.de\/blog\/wp-json\/wp\/v2\/media?parent=16614"}],"curies":[{"name":"wp","href":"https:\/\/api.w.org\/{rel}","templated":true}]}}