{"id":16607,"date":"2014-09-13T13:55:59","date_gmt":"2014-09-13T13:55:59","guid":{"rendered":"https:\/\/www.urlaubcornwall.de\/blog\/?page_id=16607"},"modified":"2024-05-27T11:31:28","modified_gmt":"2024-05-27T11:31:28","slug":"vereinsreisen-cornwall-suedengland-chor-rosamunde-pilcher-kombiniert","status":"publish","type":"page","link":"https:\/\/www.urlaubcornwall.de\/blog\/vereinsreisen-cornwall-suedengland-chor-rosamunde-pilcher-kombiniert\/","title":{"rendered":"Vereinsreisen Cornwall &#038; S\u00fcdengland : Chorreisen &#038; Rosamunde Pilcher kombiniert"},"content":{"rendered":"<p><a href=\"https:\/\/www.urlaubcornwall.de\/blog\/wp-content\/uploads\/2014\/09\/special_offers.jpg\"><img loading=\"lazy\" class=\"aligncenter size-full wp-image-16604\" src=\"https:\/\/www.urlaubcornwall.de\/blog\/wp-content\/uploads\/2014\/09\/special_offers.jpg\" alt=\"gruppenreisen Rosamunde Pilcher\" width=\"745\" height=\"377\" \/><\/a><br \/>\n<strong>UrlaubCornwall Organisierte <a href=\"https:\/\/www.urlaubcornwall.de\/massgeschneiderte-gruppenreisen-und-touren.php\">Gruppenreisen und Touren durch Cornwall, S\u00fcdengland, S\u00fcdwestengland und London<\/a>.<\/strong><br \/>\nUrlaubCornwall verf\u00fcgen \u00fcber ein besonderes Expertenwissen und Interesse an der Planung und Durchf\u00fchrung von Luxustouren und speziellen Themenreisen, die u.a. Interessengebiete wie Geschichte, Literatur, Industrielles Erbe, Traktoren, Oldtimer, Religion und die gro\u00dfartigen englischen G\u00e4rten von Kent bis nach Cornwall umfassen. Dabei legen wir allerh\u00f6chsten Wert auf Liebe zum Detail, Originalit\u00e4t und Kundenkomfort.<\/p>\n<p><strong>Chor, Cornwall &amp; Rosamunde Pilcher kombiniert &#8211; REISETAGEBUCH-VORSCHLAG<\/strong><\/p>\n<p><strong>Tag 1: Ankunft in Dover &#8211; Canterbury<\/strong><\/p>\n<p>Nach der Ankunft in Dover fahren Sie nach Canterbury<\/p>\n<p>Bei einem Besuch in der Kathedrale k\u00f6nnen Sie die Choristen bei ihrem t\u00e4glichen Dienst beobachten<\/p>\n<p>Mittagessen nach Belieben und etwas freie Zeit f\u00fcr Erkundung am Nachmittag<\/p>\n<p>Am Abend gibt es \u2013 je nach Verf\u00fcgbarkeit und Zeitplan \u2013 die Gelegenheit, sich mit der Chorgesellschaft von Canterbury zu treffen und ihre offene Probe zu beobachten<\/p>\n<p>Die Nacht verbringen Sie im Canterbury Cathedral Lodge Hotel (oder \u00e4hnliches) auf Bed-and-Breakfast-Basis.<\/p>\n<p><strong>Tag 2: Canterbury \u2013 Bath<\/strong><\/p>\n<p>Nach dem Fr\u00fchst\u00fcck verlassen Sie Canterbury und fahren in die historische Stadt Bath.<\/p>\n<p>Nach Ihrer Ankunft in Bath haben Sie freie Zeit zum Mittagessen zur Verf\u00fcgung, bevor Sie die ber\u00fchmten r\u00f6mischen B\u00e4der besuchen.<\/p>\n<p>Checken Sie f\u00fcr eine Nacht im Abbey Hotel (oder \u00e4hnlich) auf Bed-and-Breakfast-Basis ein.<\/p>\n<p>Diese Veranstaltung unterliegt der Verf\u00fcgbarkeit und dem Zeitplan, es ist vielleicht m\u00f6glich, sich entweder mit dem Bath Chorus oder dem City of Bath Bach-Chor zu treffen.<\/p>\n<p><strong>Tag 3: Bath \u2013 Wells \u2013 Padstow<\/strong><\/p>\n<p>Am Morgen wurde ein Besuch in der Bath Abbey arrangiert, die Sie mit ihren prachtvollen Buntglasfenstern, S\u00e4ulen aus goldenem Stein und einem der gro\u00dfartigsten F\u00e4chergew\u00f6lbe der Welt begeistern wird.<\/p>\n<p>Danach verlassen Sie Bath und kommen rechtzeitig zum Essen in Wells an.<\/p>\n<p>Dort besuchen Sie die Kathedrale von Wells. Der Chor der Kathedrale von Wells wurde k\u00fcrzlich von einer internationalen Jury des <em>Gramophone Magazine\u00a0<\/em>als der beste Chor mit Kindern der Welt, und der sechstbeste \u00fcberhaupt gek\u00fcrt, und feierte im Jahr 2009 einen 1100. Geburtstag.<\/p>\n<p>Am Nachmittag geht Ihre Reise weiter in den S\u00fcdwesten Londons nach Padstow, wo die Unterkunft f\u00fcr zwei N\u00e4chte mit Fr\u00fchst\u00fcck und Mittagessen arrangiert wurde.<\/p>\n<p><strong>Tag 4: Pencarrow House and Prideaux Place<\/strong><\/p>\n<p>Das Fr\u00fchst\u00fcck wird im Hotelrestaurant serviert werden.<\/p>\n<p>Am Morgen checken Sie aus Ihrem Hotel aus und treffen sich mit Ihrem Tourmanager und Fahrer, und begeben sich Richtung Westen.<\/p>\n<p>Ihr erster Besuch an diesem Tag f\u00fchrt sie zum Pancarrow House<\/p>\n<p>Durch seine magische Atmosph\u00e4re, seinen historischen Wert und seine atemberaubenden Au\u00dfenanlagen und seine Abgeschiedenheit wird Pencarrow als Drehort f\u00fcr Filme immer popul\u00e4rer. Hier wurde untere anderem f\u00fcr \u201eThe Red Dress\u201c und \u201eThe Weekend\u201c gefilmt, beides Adaption von B\u00fcchern der kornischen Autorin Rosamunde Pilcher.<\/p>\n<p>Weiter geht es in die Stadt Bodmin, eine bildgewaltige Stadt, in der eine der Szenen des Films <em>Cliffs of Love<\/em> gedreht wurde.<\/p>\n<p>Zeit f\u00fcr Mittagessen in Bodmin.<\/p>\n<p>Kehren Sie zur\u00fcck zu Ihrem Bus um die kurze Strecke nach Prideaux Place zu machen.<\/p>\n<p>Prideaux Place ist ein elisabethanisches Anwesen mit weitreichenden Au\u00dfenanlagen, und war f\u00fcr \u00fcber 400 Jahre die Heimat der Familie Prideaux-Brune. Es war Drehort f\u00fcr nicht weniger als 16 Rosamnde Pilcher-Filme, und der momentane Besitzer hatte schon 8-mal Gastauftritte! Hier wurde f\u00fcr \u201cShell Seekers\u201d, \u201cWinds across the Sea\u201d, \u201cEnd of Summer\u201d und \u201cComing Home\u201d gedreht.<\/p>\n<p>Zum Abendessen kehren Sie zur\u00fcck zu Ihrem Hotel in in Padstow.<\/p>\n<p><strong>Tag 5: Land\u2019s End, Lelant und St Ives<\/strong><\/p>\n<p>Das Fr\u00fchst\u00fcck wird im Hotelrestaurant serviert werden.<\/p>\n<p>Am Morgen checken Sie aus Ihrem Hotel aus und treffen sich mit Ihrem Tourmanager und Fahrer, und begeben sich Richtung Westen.<\/p>\n<p>Zu Ihrem ersten Besuch am Tag reisen Sie nach Land\u2019s End \u2013 dem westlichsten Punkt der Hauptinsel Gro\u00dfbritanniens. Posieren Sie mit dem ber\u00fchmten Schild f\u00fcr Fotos oder verweilen Sie einfach vor den sich zerbrechenden Wellen und den Felsen vor dem Abgrund.<\/p>\n<p>Sp\u00e4ter am Morgen kehren Sie zur\u00fcck zum Bus und fahren nach Lelant, die winzige Ortschaft, in der Rosamunde Pilcher geboren wurde. Machen Sie bei den atemberaubenden Kliffen einen Spaziergang oder dinieren Sie im Gurnard\u2019s Head.<\/p>\n<p>Am Nachmittag warden Sie die kurze Stecke nach St Ives gefahren, dem ber\u00fchmtesten Urlaubsort von ganz Cornwall. Die Stadt ist voller Gesch\u00e4fte und Cafes, die sich um den Hafen reihen und hoch \u00fcber dem wundervollen Porthmeor-Strand liegt die Tate Gallery.<\/p>\n<p>Erkunden Sie die Stadt nach eigenem Belieben.<\/p>\n<p>Kehren Sie zur\u00fcck zu Ihrem Fahrer, der Sie die kurze Strecke zum Tregenna-Schlossanwesen (oder \u00e4hnliches) bringt, wo die Unterkunft f\u00fcr die n\u00e4chsten drei N\u00e4chte arrangiert wurde, inklusive Mittagessen und Fr\u00fchst\u00fcck.<\/p>\n<p><strong>Tag 6: Penzance, Lamorna und das Minack Theatre<\/strong><\/p>\n<p>Das Fr\u00fchst\u00fcck wird im Hotelrestaurant serviert werden.<\/p>\n<p>Am Morgen treffen Sie sich wieder mit Ihrem Tourmanager und Fahrer, um die kurze Strecke nach Penzance zu fahren.<\/p>\n<p><em>Penzance verf\u00fcgt \u00fcber eine vielf\u00e4ltige Bandbreite architektonischer Baustile und war in den Filmen Storm in Spring, Reflections, Summer on the Sea, The Empty House und Looking to the Horizon zu sehen. <\/em><\/p>\n<p>Kehren Sie zur\u00fcck zu Ihrem Bus und fahren Sie zur Lamorna Cove \u2013 beachten Sie bitte, dass Sie der Bus eventuell nicht direkt bis zur Bucht bringen kann, und Sie deshalb etwas gehen m\u00fcssen.<\/p>\n<p>Lamorna ist ber\u00fchmt f\u00fcr seine k\u00fcnstlerische Verbindung zur Newlyn School. Die ansehnliche Bucht mit ihrem fantastischen Ausblick hatte einen Auftritt in Shell Seekers.<\/p>\n<p>Kehren Sie zur\u00fcck zu Ihrem Bus und fahren Sie die kurze Strecke zum Minack-Theater \u2013 dem ber\u00fchmtesten Au\u00dfentheater vorn Cornwall \u2013 wo ein Besuch f\u00fcr Sie arrangiert wurde.<\/p>\n<p>Viele Besucher des Minack nehmen an, dass es von den R\u00f6mern gebaut wurde. Wenn C\u00e4sars Legionen wirklich so weit gekommen w\u00e4ren, w\u00e4ren sie sicher von der Sch\u00f6nheit des Ortes geblendet wurden, aber die Wahrheit ist ebenso bemerkenswert wie diese Vorstellung. Von 1931 bis zu ihrem Tod 1983 wurde das Minack Theatre von einer entschlossenen Frau geplant, gebaut und finanziert \u2013 Rowena Cade.<\/p>\n<p>Abh\u00e4ngig vom Zeitplan ist es eventuell m\u00f6glich, eine Nachmittags- oder Abendvorstellung anzusehen.<\/p>\n<p>Fahrt zur\u00fcck zum Hotel.<\/p>\n<p><strong>Tag 7: St Michael\u2019s Mount, Porthleven and <a href=\"https:\/\/www.urlaubcornwall.de\/ferienhaeuser-fewos\/mullion-cove.html\">Mullion<\/a><\/strong><\/p>\n<p>Das Fr\u00fchst\u00fcck wird im Hotelrestaurant serviert werden.<\/p>\n<p>Am Morgen fahren Sie gemeinsam mit Ihrem Tourmanager im Bus in das nur wenig entfernte St Michael\u2019s Mount.<\/p>\n<p>Sie werden den Mount schon in den vorherigen Tagen einige Male zu Gesicht bekommen haben, doch das ist der Zeitpunkt, an dem Sie es besuchen k\u00f6nnen!<\/p>\n<p>Erreichbar \u00fcber einen Dammweg bei niedrigem Wasserspiegel, folgen Sie den Spuren der Pilgerv\u00e4ter und entdecken Sie Legenden, Mythen und mehr als tausend Jahre Geschichte. \u201eThe Mount\u201c war in den Filmen \u201eShell Seekers\u201c und \u201eComing Home\u201c zu sehen.<\/p>\n<p>Zur\u00fcck im Bus geht es nach Porthleven.<\/p>\n<p>Hier haben Sie Gelegenheit, durch die Handwerksl\u00e4den und Kunstgalerien zu st\u00f6bern und eine kornische Pastete zu genie\u00dfen (Hei\u00df direkt aus dem Ofen und aus einer Papierverpackung gegessen \u2013 wahrscheinlich das Beste, was ich je gegessen habe!)<\/p>\n<p>Zur\u00fcck zum Bus und es geht weiter zur Mullion Cove.<\/p>\n<p>Mullion ist das gr\u00f6\u00dfte Dorf auf dem Lizard und verf\u00fcgbt \u00fcber Gesch\u00e4fte, Gasth\u00e4user und Restaurants, Handwerksl\u00e4den, und Kunstgalerien. Weiters gibt es hier einen sehr gesch\u00e4ftigen Hafen, der von den harten Winterst\u00fcrmen, die \u00fcber den Mount\u2019s Bay fegen, von zwei m\u00e4chtigen Mehrwallen gesch\u00fctzt wird. Der Hafen wurde 1895 fertiggestellt und von Lord Robartes von Lanhydrock als Ausgleich f\u00fcr die Fischer, die mehrere desastr\u00f6se Sardinensaisons hinter sich hatten, finanziert.<\/p>\n<p>Der alte Lagerkeller f\u00fcr Sardinen und der Netzhandel sind immer noch zusehen. Um diese Gegend ranken sich auch viele Mythen um Schmuggler.<\/p>\n<p>Fahrt zur\u00fcck zum Hotel.<\/p>\n<p><strong>Tag 8: Stonehenge &#8211; Salisbury<\/strong><\/p>\n<p>Am Morgen verlassen Sie Cornwall und reisen zu einem der ikonischsten pr\u00e4historischen St\u00e4tten Gro\u00dfbritanniens, Stonehenge.<\/p>\n<p>Nehmen Sie sich Zeit, um die Steine herumzugehen und die brandneue Besuchererfahrung auszuprobieren. Es wird auch genug Zeit geben, um im naheliegenden Restaurant zu essen.<\/p>\n<p>Danach verlassen Sie Stonehenge und nehmen die kurze Strecke nach Salisbury.<\/p>\n<p>Dort werden Sie die prachtvolle Kathedrale besuchen. Das ist die M\u00f6glichkeit, Gro\u00dfbritanniens h\u00f6chste Kirchturmspitze zu erklimmen, und ebenso um die echte Magna Carta im Kapitelsaal zu sehen.<\/p>\n<p>Der Besuch wird mit der Abendandacht in der Kathedrale abgeschlossen, bei der auch der Chor auftreten wird.<\/p>\n<p>F\u00fcr diesen Abend wurde die Unterkunft f\u00fcr eine Nacht im Cathedral Hotel (oder \u00e4hnlich) mit Mittagessen und Fr\u00fchst\u00fcck arrangiert.<\/p>\n<p><strong>Tag 9: London<\/strong><\/p>\n<p>Am Morgen verlassen Sie Salisbury und fahren nach London.<\/p>\n<p>Eine Fahrt auf dem Fluss Themse wurde gebucht, um Ihnen eine Einf\u00fchrung in die Stadt zu bieten.<\/p>\n<p>Genie\u00dfen Sie etwas freie Zeit auf der ber\u00fchmten Londoner Southbank, wo Sie auch essen k\u00f6nnen, bevor Sie eine Fahrt mit dem London Eye nehmen.<\/p>\n<p>Checken Sie im Rembrandt Hotel (oder \u00e4hnlich) ein, wo die Unterkunft f\u00fcr 2 N\u00e4chste mit Fr\u00fchst\u00fcck arrangiert wurde.<\/p>\n<p>Am Abend wurden f\u00fcr eine West End Show Karten gebucht.<\/p>\n<p><strong>Tag 10: London<\/strong><\/p>\n<p>Am n\u00e4chsten Morgen k\u00f6nnen Sie eine Panoramatour von London erleben, und einige der ber\u00fchmtesten Sehensw\u00fcrdigkeiten sehen, darunter den Buckingham-Palast, den Trafalgar Square und den Covent Garden. Die Tour endet am Tower of London, wo ein Besuch arrangiert wurde.<\/p>\n<p>Freie Zeit furs Mittagessen.<\/p>\n<p>Am Nachmittag wurde ein Besuch in der St Paul\u2019s Catherdral arrangiert, und Sie werden durch die Kathedrale, die Gruft und die drei Balkone am Dom gef\u00fchrt werden.<\/p>\n<p>In der N\u00e4he der Kathedrale genie\u00dfen Sie einen traditionellen Nachmittagstee, bevor Sie f\u00fcr die Abendandacht mit dem Chor zur\u00fcckkehren.<\/p>\n<p>In einem Restaurant in der N\u00e4he wird es ein Abschiedsdinner geben.<\/p>\n<p><strong>Tag 11: Verlassen von London<\/strong><\/p>\n<p>Sie verlassen London und kehren zur\u00fcck nach Dover f\u00fcr die weitere Reise.<\/p>\n<div class=\"snippet\"> <a class=\"featured-item\" href=\" https:\/\/www.urlaubcornwall.de\/massgeschneiderte-gruppenreisen-und-touren.php \"> <span class=\"image-holder\" style=\"background-image: url(' https:\/\/www.urlaubcornwall.de\/blog\/wp-content\/uploads\/2024\/05\/gruppenreisen.jpg ');\"><\/span> <span class=\"featured-content\"> \n<h2 class=\"featured-title\"> M\u00f6chten Sie eine private Busreise, Vereinreise, Seniorenreise, Klassenfahrt oder Gruppenfahrt organisieren?<\/h2>\n<p class=\"featured-body\">Wir k\u00f6nnen Ihnen behilflich sein, eine fantastische Gruppenreise zusammenzustellen, auf der Sie die sch\u00f6nsten Sehensw\u00fcrdigkeiten S\u00fcdenglands entdecken k\u00f6nnen. Auch interessante Themenreisen, wie z.B. eine Gartentour ,Literaturreise, oder Chorreise auf der Sie die ber\u00fchmten Schaupl\u00e4tze der Rosamunde Pilcher Verfilmungen besichtigen k\u00f6nnen, sind m\u00f6glich&#8230;.<\/p>\n<\/span> <span class=\"featured-link-holder\"> <span class=\"featured-extra-info\"> \n<p>Ma\u00dfgeschneiderte Gruppenreisen in Cornwall &#038; durch Gro\u00dfbritannien<\/p>\n<\/span> \n<p class=\"featured-link\">DETAILS<\/p>\n<\/span> <\/a><\/div>\n<p>Um mehr herauszufinden zu unserem Service, um Ihre Gruppenreise zu diskutieren und ein unverbindliches Angebot zu erhalten, schicken Sie uns einfach hier eine Anfrage.<\/p>\n<p style=\"text-align: center;\"><a class=\"tidycta\" href=\"https:\/\/www.urlaubcornwall.de\/gruppenanfrage.php\">Gruppenanfrage<\/a><\/p>\n","protected":false},"excerpt":{"rendered":"<p>UrlaubCornwall Organisierte Gruppenreisen und Touren durch Cornwall, S\u00fcdengland, S\u00fcdwestengland und London. UrlaubCornwall verf\u00fcgen \u00fcber ein besonderes Expertenwissen und Interesse an der Planung und Durchf\u00fchrung von Luxustouren und speziellen Themenreisen, die u.a. Interessengebiete wie Geschichte, Literatur, Industrielles Erbe, Traktoren, Oldtimer, Religion und die gro\u00dfartigen englischen G\u00e4rten von Kent bis nach Cornwall umfassen. Dabei legen wir allerh\u00f6chsten [&hellip;]<\/p>\n","protected":false},"author":1,"featured_media":0,"parent":0,"menu_order":0,"comment_status":"closed","ping_status":"closed","template":"single-four.php","meta":[],"acf":[],"yoast_head":"<!-- This site is optimized with the Yoast SEO plugin v19.4 - https:\/\/yoast.com\/wordpress\/plugins\/seo\/ -->\n<title>Vereinsreisen Cornwall &amp; S\u00fcdengland : Chorreisen &amp; Rosamunde Pilcher kombiniert - Urlaub &amp; Reisen<\/title>\n<meta name=\"robots\" content=\"index, follow, max-snippet:-1, max-image-preview:large, max-video-preview:-1\" \/>\n<link rel=\"canonical\" href=\"https:\/\/www.urlaubcornwall.de\/blog\/vereinsreisen-cornwall-suedengland-chor-rosamunde-pilcher-kombiniert\/\" \/>\n<meta property=\"og:locale\" content=\"en_US\" \/>\n<meta property=\"og:type\" content=\"article\" \/>\n<meta property=\"og:title\" content=\"Vereinsreisen Cornwall &amp; S\u00fcdengland : Chorreisen &amp; Rosamunde Pilcher kombiniert - Urlaub &amp; Reisen\" \/>\n<meta property=\"og:description\" content=\"UrlaubCornwall Organisierte Gruppenreisen und Touren durch Cornwall, S\u00fcdengland, S\u00fcdwestengland und London. UrlaubCornwall verf\u00fcgen \u00fcber ein besonderes Expertenwissen und Interesse an der Planung und Durchf\u00fchrung von Luxustouren und speziellen Themenreisen, die u.a. Interessengebiete wie Geschichte, Literatur, Industrielles Erbe, Traktoren, Oldtimer, Religion und die gro\u00dfartigen englischen G\u00e4rten von Kent bis nach Cornwall umfassen. Dabei legen wir allerh\u00f6chsten [&hellip;]\" \/>\n<meta property=\"og:url\" content=\"https:\/\/www.urlaubcornwall.de\/blog\/vereinsreisen-cornwall-suedengland-chor-rosamunde-pilcher-kombiniert\/\" \/>\n<meta property=\"og:site_name\" content=\"Urlaub &amp; Reisen\" \/>\n<meta property=\"article:modified_time\" content=\"2024-05-27T11:31:28+00:00\" \/>\n<meta property=\"og:image\" content=\"https:\/\/www.urlaubcornwall.de\/blog\/wp-content\/uploads\/2014\/09\/special_offers.jpg\" \/>\n<meta name=\"twitter:card\" content=\"summary\" \/>\n<meta name=\"twitter:label1\" content=\"Est. reading time\" \/>\n\t<meta name=\"twitter:data1\" content=\"8 minutes\" \/>\n<script type=\"application\/ld+json\" class=\"yoast-schema-graph\">{\"@context\":\"https:\/\/schema.org\",\"@graph\":[{\"@type\":\"WebSite\",\"@id\":\"https:\/\/www.urlaubcornwall.de\/blog\/#website\",\"url\":\"https:\/\/www.urlaubcornwall.de\/blog\/\",\"name\":\"Urlaub &amp; Reisen\",\"description\":\"Urlaub, Reisen, Cornwall und S\u00fcdengland: eine perfekte Kombination\",\"potentialAction\":[{\"@type\":\"SearchAction\",\"target\":{\"@type\":\"EntryPoint\",\"urlTemplate\":\"https:\/\/www.urlaubcornwall.de\/blog\/?s={search_term_string}\"},\"query-input\":\"required name=search_term_string\"}],\"inLanguage\":\"en-US\"},{\"@type\":\"WebPage\",\"@id\":\"https:\/\/www.urlaubcornwall.de\/blog\/vereinsreisen-cornwall-suedengland-chor-rosamunde-pilcher-kombiniert\/\",\"url\":\"https:\/\/www.urlaubcornwall.de\/blog\/vereinsreisen-cornwall-suedengland-chor-rosamunde-pilcher-kombiniert\/\",\"name\":\"Vereinsreisen Cornwall & S\u00fcdengland : Chorreisen & Rosamunde Pilcher kombiniert - Urlaub &amp; Reisen\",\"isPartOf\":{\"@id\":\"https:\/\/www.urlaubcornwall.de\/blog\/#website\"},\"datePublished\":\"2014-09-13T13:55:59+00:00\",\"dateModified\":\"2024-05-27T11:31:28+00:00\",\"breadcrumb\":{\"@id\":\"https:\/\/www.urlaubcornwall.de\/blog\/vereinsreisen-cornwall-suedengland-chor-rosamunde-pilcher-kombiniert\/#breadcrumb\"},\"inLanguage\":\"en-US\",\"potentialAction\":[{\"@type\":\"ReadAction\",\"target\":[\"https:\/\/www.urlaubcornwall.de\/blog\/vereinsreisen-cornwall-suedengland-chor-rosamunde-pilcher-kombiniert\/\"]}]},{\"@type\":\"BreadcrumbList\",\"@id\":\"https:\/\/www.urlaubcornwall.de\/blog\/vereinsreisen-cornwall-suedengland-chor-rosamunde-pilcher-kombiniert\/#breadcrumb\",\"itemListElement\":[{\"@type\":\"ListItem\",\"position\":1,\"name\":\"Home\",\"item\":\"https:\/\/www.urlaubcornwall.de\/blog\/\"},{\"@type\":\"ListItem\",\"position\":2,\"name\":\"Vereinsreisen Cornwall &#038; S\u00fcdengland : Chorreisen &#038; Rosamunde Pilcher kombiniert\"}]}]}<\/script>\n<!-- \/ Yoast SEO plugin. -->","yoast_head_json":{"title":"Vereinsreisen Cornwall & S\u00fcdengland : Chorreisen & Rosamunde Pilcher kombiniert - Urlaub &amp; Reisen","robots":{"index":"index","follow":"follow","max-snippet":"max-snippet:-1","max-image-preview":"max-image-preview:large","max-video-preview":"max-video-preview:-1"},"canonical":"https:\/\/www.urlaubcornwall.de\/blog\/vereinsreisen-cornwall-suedengland-chor-rosamunde-pilcher-kombiniert\/","og_locale":"en_US","og_type":"article","og_title":"Vereinsreisen Cornwall & S\u00fcdengland : Chorreisen & Rosamunde Pilcher kombiniert - Urlaub &amp; Reisen","og_description":"UrlaubCornwall Organisierte Gruppenreisen und Touren durch Cornwall, S\u00fcdengland, S\u00fcdwestengland und London. UrlaubCornwall verf\u00fcgen \u00fcber ein besonderes Expertenwissen und Interesse an der Planung und Durchf\u00fchrung von Luxustouren und speziellen Themenreisen, die u.a. Interessengebiete wie Geschichte, Literatur, Industrielles Erbe, Traktoren, Oldtimer, Religion und die gro\u00dfartigen englischen G\u00e4rten von Kent bis nach Cornwall umfassen. Dabei legen wir allerh\u00f6chsten [&hellip;]","og_url":"https:\/\/www.urlaubcornwall.de\/blog\/vereinsreisen-cornwall-suedengland-chor-rosamunde-pilcher-kombiniert\/","og_site_name":"Urlaub &amp; Reisen","article_modified_time":"2024-05-27T11:31:28+00:00","og_image":[{"url":"https:\/\/www.urlaubcornwall.de\/blog\/wp-content\/uploads\/2014\/09\/special_offers.jpg"}],"twitter_card":"summary","twitter_misc":{"Est. reading time":"8 minutes"},"schema":{"@context":"https:\/\/schema.org","@graph":[{"@type":"WebSite","@id":"https:\/\/www.urlaubcornwall.de\/blog\/#website","url":"https:\/\/www.urlaubcornwall.de\/blog\/","name":"Urlaub &amp; Reisen","description":"Urlaub, Reisen, Cornwall und S\u00fcdengland: eine perfekte Kombination","potentialAction":[{"@type":"SearchAction","target":{"@type":"EntryPoint","urlTemplate":"https:\/\/www.urlaubcornwall.de\/blog\/?s={search_term_string}"},"query-input":"required name=search_term_string"}],"inLanguage":"en-US"},{"@type":"WebPage","@id":"https:\/\/www.urlaubcornwall.de\/blog\/vereinsreisen-cornwall-suedengland-chor-rosamunde-pilcher-kombiniert\/","url":"https:\/\/www.urlaubcornwall.de\/blog\/vereinsreisen-cornwall-suedengland-chor-rosamunde-pilcher-kombiniert\/","name":"Vereinsreisen Cornwall & S\u00fcdengland : Chorreisen & Rosamunde Pilcher kombiniert - Urlaub &amp; Reisen","isPartOf":{"@id":"https:\/\/www.urlaubcornwall.de\/blog\/#website"},"datePublished":"2014-09-13T13:55:59+00:00","dateModified":"2024-05-27T11:31:28+00:00","breadcrumb":{"@id":"https:\/\/www.urlaubcornwall.de\/blog\/vereinsreisen-cornwall-suedengland-chor-rosamunde-pilcher-kombiniert\/#breadcrumb"},"inLanguage":"en-US","potentialAction":[{"@type":"ReadAction","target":["https:\/\/www.urlaubcornwall.de\/blog\/vereinsreisen-cornwall-suedengland-chor-rosamunde-pilcher-kombiniert\/"]}]},{"@type":"BreadcrumbList","@id":"https:\/\/www.urlaubcornwall.de\/blog\/vereinsreisen-cornwall-suedengland-chor-rosamunde-pilcher-kombiniert\/#breadcrumb","itemListElement":[{"@type":"ListItem","position":1,"name":"Home","item":"https:\/\/www.urlaubcornwall.de\/blog\/"},{"@type":"ListItem","position":2,"name":"Vereinsreisen Cornwall &#038; S\u00fcdengland : Chorreisen &#038; Rosamunde Pilcher kombiniert"}]}]}},"_links":{"self":[{"href":"https:\/\/www.urlaubcornwall.de\/blog\/wp-json\/wp\/v2\/pages\/16607"}],"collection":[{"href":"https:\/\/www.urlaubcornwall.de\/blog\/wp-json\/wp\/v2\/pages"}],"about":[{"href":"https:\/\/www.urlaubcornwall.de\/blog\/wp-json\/wp\/v2\/types\/page"}],"author":[{"embeddable":true,"href":"https:\/\/www.urlaubcornwall.de\/blog\/wp-json\/wp\/v2\/users\/1"}],"replies":[{"embeddable":true,"href":"https:\/\/www.urlaubcornwall.de\/blog\/wp-json\/wp\/v2\/comments?post=16607"}],"version-history":[{"count":13,"href":"https:\/\/www.urlaubcornwall.de\/blog\/wp-json\/wp\/v2\/pages\/16607\/revisions"}],"predecessor-version":[{"id":50282,"href":"https:\/\/www.urlaubcornwall.de\/blog\/wp-json\/wp\/v2\/pages\/16607\/revisions\/50282"}],"wp:attachment":[{"href":"https:\/\/www.urlaubcornwall.de\/blog\/wp-json\/wp\/v2\/media?parent=16607"}],"curies":[{"name":"wp","href":"https:\/\/api.w.org\/{rel}","templated":true}]}}