{"id":16591,"date":"2014-09-11T09:25:47","date_gmt":"2014-09-11T09:25:47","guid":{"rendered":"https:\/\/www.urlaubcornwall.de\/blog\/?page_id=16591"},"modified":"2024-05-27T11:29:45","modified_gmt":"2024-05-27T11:29:45","slug":"der-spass-grossbritannien-als-gruppe-zu-erkunden","status":"publish","type":"page","link":"https:\/\/www.urlaubcornwall.de\/blog\/der-spass-grossbritannien-als-gruppe-zu-erkunden\/","title":{"rendered":"Gruppenreisen: Der Spa\u00df, Gro\u00dfbritannien als Gruppe zu erkunden"},"content":{"rendered":"<p><a href=\"https:\/\/www.urlaubcornwall.de\/blog\/wp-content\/uploads\/2014\/09\/special_offers.jpg\"><img loading=\"lazy\" class=\"aligncenter size-full wp-image-34620\" src=\"https:\/\/www.urlaubcornwall.de\/blog\/wp-content\/uploads\/2018\/11\/rundreise_cornwall_suedengland.jpg\" alt=\"Gruppenreise Cornwall, England, Scotland und Irland\" width=\"748\" height=\"433\"\/><\/a><\/p>\n<p>Gro\u00dfbritannien, das Vereinigte K\u00f6nigreich, Britannia, Limeyland &#8211; im Gegensatz zu den meisten anderen L\u00e4ndern gibt es viele Worte, die das Kollektiv aus L\u00e4ndern beschreiben, das aus England, Schottland, Wales und (Nord)-Irland besteht. Einst das Machtzentrum eines Weltreiches, bleiben neben dem Festland Europas liegenden Inseln ein faszinierendes und verbl\u00fcffendes Reiseziel sowohl f\u00fcr Erstbesucher als auch regelm\u00e4\u00dfige Besucher aus der ganzen Welt.<\/p>\n<p>Und es ist nicht schwer zu sehen warum: Egal ob es die atemberaubende Sch\u00f6nheit der englischen Landschaft, der schottischen Highlands, Rosamunde Pilchers Heimat Cornwall, internationale Sportveranstaltungen wie Wimbledon oder das Entdecken von London \u2013 Europas einzig wirklicher Weltstadt \u2013 ist, hat eine Reise ins Vereinigte K\u00f6nigreich f\u00fcr jeden etwas anzubieten.<\/p>\n<p>Dort hinzureisen war noch nie leichter. Das Fliegen bleibt mit \u00fcber 1.200 Fl\u00fcgen pro Woche von Deutschland aus die popul\u00e4rste Reisemethode, nicht zuletzt, weil sie mit Reisezeiten von teilweise nur einer Stunde recht schnell ist. Doch um die Aufregung und Spannung der Reiselust noch zu steigern, k\u00f6nnen Gruppen mit der F\u00e4hre fahren und gemeinsam mit Aufregung sehen, wie die wei\u00dfen Klippen von Dover n\u00e4her und n\u00e4her kommen und schlie\u00dflich fast greifbar werden.<\/p>\n<p><strong>Ma\u00dfgeschneiderte Gruppenreisen und Touren durch Cornwall, S\u00fcdengland Sind Sie ein Verein, Busunternehmen, Reiseb\u00fcro oder Guppenreisenveranstalter?<\/strong><\/p>\n<div class=\"snippet\"> <a class=\"featured-item\" href=\" https:\/\/www.urlaubcornwall.de\/massgeschneiderte-gruppenreisen-und-touren.php \"> <span class=\"image-holder\" style=\"background-image: url(' https:\/\/www.urlaubcornwall.de\/blog\/wp-content\/uploads\/2024\/05\/gruppenreisen.jpg ');\"><\/span> <span class=\"featured-content\"> \n<h2 class=\"featured-title\"> Ma\u00dfgeschneiderte Gruppenreisen in Gro\u00dfbritannien<\/h2>\n<p class=\"featured-body\"> Wir k\u00f6nnen Ihnen behilflich sein, eine fantastische Gruppenreise zusammenzustellen, auf der Sie die sch\u00f6nsten Sehensw\u00fcrdigkeiten S\u00fcdenglands entdecken k\u00f6nnen&#8230;.<\/p>\n<\/span> <span class=\"featured-link-holder\"> <span class=\"featured-extra-info\"> \n<p>Auch interessante Themenreisen, wie z.B. eine Gartentour,Literaturreise, oder Chorreise\u2026<\/p>\n<\/span> \n<p class=\"featured-link\">Mehr Info<\/p>\n<\/span> <\/a><\/div>\n<p>Zudem wird es bald m\u00f6glich sein, mit den ICE-Z\u00fcgen der Deutschen Bahn anzureisen, die an der gro\u00dfartigen St. Pancras Station ihr Ziel erreichen. Da der Bahnhof die l\u00e4ngste Champagnerbar der Welt besitzt, ist er selbst schon zu einem beliebten Reiseziel geworden! Die Fahrt vom Zentrum K\u00f6lns zum Zentrum London dauert gerade einmal 4 Stunden, und k\u00f6nnte damit gleich schnell oder sogar schneller sein als der Flug\u2026<\/p>\n<p>Gro\u00dfbritannien als Gruppe zu entdecken ist in vieler Hinsicht vorteilhafter als die Reise \u201cauf eigene Faust\u201d. Erstens bietet das Reisen mit einer Gruppe eine gro\u00dfartige M\u00f6glichkeit, neue Freundschaften zu schlie\u00dfen, oder mit existierenden Freunden Erinnerungen zu schaffen, die ein Leben lang bleiben werden. Zweitens profitieren bei Reisen in einer Gruppe die Reisenden von der st\u00e4rkeren Kaufkraft des Reiseleiters.<\/p>\n<p>Zudem bieten einige Reiseziele und Veranstaltungen keine Besuche f\u00fcr Einzelbesucher an und lassen nur Gruppen zu. Fasst man all diese Gr\u00fcnde zusammen, erkennt man schnell, dass das Reisen mit einer Gruppe sehr von Vorteil sein kann.<\/p>\n<p>W\u00e4hrend Standardpakete von Reisen, um dieses gr\u00fcne und angenehme Land zu entdecken, immer popul\u00e4r bleiben werden, gibt es von Interessensgruppen eine st\u00e4ndig st\u00e4rker werden Nachfrage f\u00fcr Reisepl\u00e4ne, die genau auf diese Interessen abzielen: Dazu kann zum Beispiel das Erlebnis eines Spiels der Premier League f\u00fcr Fu\u00dfballfans geh\u00f6ren, eine Reise in das \u201eMotorsport Valley\u201c f\u00fcr Formel 1-Fans, Chor-Reisen, die den Teilnehmern erlauben, zusammen mit britischen Ch\u00f6ren zu singen, das Entdecken des reichen Erbes der Monarchie, VIP-Shopping, Oldtimer-Autos und \u2013Traktoren, oder das Erlebnis eines der vielen Dampfzug-Strecken, die Gro\u00dfbritannien zu bieten hat \u2013 wenn Sie mit einem spezialisierten Reisef\u00fchrer unterwegs sind, k\u00f6nnen den speziellen Interessen einer jeden Gruppe optimal entsprochen, und damit eine unvergessliche Reise f\u00fcr alle Teilnehmer garantiert werden.<\/p>\n<p>Durch seine geografische N\u00e4he kann eine Reise nach Gro\u00dfbritannien zu einem einfachen langen Wochenende oder einem 10-Tage-Urlaub gemacht werden. Egal wie und wie lange Sie dorthin reisen, durch die F\u00e4higkeit dieses Landes, fast m\u00fchelos das Alte mit dem Neuen zu verbinden, ist es ein wahrlich einzigartiges Reiseziel f\u00fcr alle Gruppen, gro\u00df oder klein.<\/p>\n<p><strong>UrlaubCornwall bieten Ihnen <a title=\"Gruppenanfrage\" href=\"http:\/\/www.urlaubcornwall.de\/gruppenanfrage.php\"><span style=\"text-decoration: underline;\">ma\u00dfgeschneiderte Gruppenreisen und Touren ab 8 Personen.<\/span><\/a><\/strong><\/p>\n","protected":false},"excerpt":{"rendered":"<p>Gro\u00dfbritannien, das Vereinigte K\u00f6nigreich, Britannia, Limeyland &#8211; im Gegensatz zu den meisten anderen L\u00e4ndern gibt es viele Worte, die das Kollektiv aus L\u00e4ndern beschreiben, das aus England, Schottland, Wales und (Nord)-Irland besteht. Einst das Machtzentrum eines Weltreiches, bleiben neben dem Festland Europas liegenden Inseln ein faszinierendes und verbl\u00fcffendes Reiseziel sowohl f\u00fcr Erstbesucher als auch regelm\u00e4\u00dfige [&hellip;]<\/p>\n","protected":false},"author":1,"featured_media":0,"parent":0,"menu_order":0,"comment_status":"closed","ping_status":"closed","template":"single-four.php","meta":[],"acf":[],"yoast_head":"<!-- This site is optimized with the Yoast SEO plugin v19.4 - https:\/\/yoast.com\/wordpress\/plugins\/seo\/ -->\n<title>Gruppenreisen: Der Spa\u00df, Gro\u00dfbritannien als Gruppe zu erkunden - Urlaub &amp; Reisen<\/title>\n<meta name=\"robots\" content=\"index, follow, max-snippet:-1, max-image-preview:large, max-video-preview:-1\" \/>\n<link rel=\"canonical\" href=\"https:\/\/www.urlaubcornwall.de\/blog\/der-spass-grossbritannien-als-gruppe-zu-erkunden\/\" \/>\n<meta property=\"og:locale\" content=\"en_US\" \/>\n<meta property=\"og:type\" content=\"article\" \/>\n<meta property=\"og:title\" content=\"Gruppenreisen: Der Spa\u00df, Gro\u00dfbritannien als Gruppe zu erkunden - Urlaub &amp; Reisen\" \/>\n<meta property=\"og:description\" content=\"Gro\u00dfbritannien, das Vereinigte K\u00f6nigreich, Britannia, Limeyland &#8211; im Gegensatz zu den meisten anderen L\u00e4ndern gibt es viele Worte, die das Kollektiv aus L\u00e4ndern beschreiben, das aus England, Schottland, Wales und (Nord)-Irland besteht. Einst das Machtzentrum eines Weltreiches, bleiben neben dem Festland Europas liegenden Inseln ein faszinierendes und verbl\u00fcffendes Reiseziel sowohl f\u00fcr Erstbesucher als auch regelm\u00e4\u00dfige [&hellip;]\" \/>\n<meta property=\"og:url\" content=\"https:\/\/www.urlaubcornwall.de\/blog\/der-spass-grossbritannien-als-gruppe-zu-erkunden\/\" \/>\n<meta property=\"og:site_name\" content=\"Urlaub &amp; Reisen\" \/>\n<meta property=\"article:modified_time\" content=\"2024-05-27T11:29:45+00:00\" \/>\n<meta property=\"og:image\" content=\"https:\/\/www.urlaubcornwall.de\/blog\/wp-content\/uploads\/2018\/11\/rundreise_cornwall_suedengland.jpg\" \/>\n<meta name=\"twitter:card\" content=\"summary\" \/>\n<meta name=\"twitter:label1\" content=\"Est. reading time\" \/>\n\t<meta name=\"twitter:data1\" content=\"3 minutes\" \/>\n<script type=\"application\/ld+json\" class=\"yoast-schema-graph\">{\"@context\":\"https:\/\/schema.org\",\"@graph\":[{\"@type\":\"WebSite\",\"@id\":\"https:\/\/www.urlaubcornwall.de\/blog\/#website\",\"url\":\"https:\/\/www.urlaubcornwall.de\/blog\/\",\"name\":\"Urlaub &amp; Reisen\",\"description\":\"Urlaub, Reisen, Cornwall und S\u00fcdengland: eine perfekte Kombination\",\"potentialAction\":[{\"@type\":\"SearchAction\",\"target\":{\"@type\":\"EntryPoint\",\"urlTemplate\":\"https:\/\/www.urlaubcornwall.de\/blog\/?s={search_term_string}\"},\"query-input\":\"required name=search_term_string\"}],\"inLanguage\":\"en-US\"},{\"@type\":\"WebPage\",\"@id\":\"https:\/\/www.urlaubcornwall.de\/blog\/der-spass-grossbritannien-als-gruppe-zu-erkunden\/\",\"url\":\"https:\/\/www.urlaubcornwall.de\/blog\/der-spass-grossbritannien-als-gruppe-zu-erkunden\/\",\"name\":\"Gruppenreisen: Der Spa\u00df, Gro\u00dfbritannien als Gruppe zu erkunden - Urlaub &amp; Reisen\",\"isPartOf\":{\"@id\":\"https:\/\/www.urlaubcornwall.de\/blog\/#website\"},\"datePublished\":\"2014-09-11T09:25:47+00:00\",\"dateModified\":\"2024-05-27T11:29:45+00:00\",\"breadcrumb\":{\"@id\":\"https:\/\/www.urlaubcornwall.de\/blog\/der-spass-grossbritannien-als-gruppe-zu-erkunden\/#breadcrumb\"},\"inLanguage\":\"en-US\",\"potentialAction\":[{\"@type\":\"ReadAction\",\"target\":[\"https:\/\/www.urlaubcornwall.de\/blog\/der-spass-grossbritannien-als-gruppe-zu-erkunden\/\"]}]},{\"@type\":\"BreadcrumbList\",\"@id\":\"https:\/\/www.urlaubcornwall.de\/blog\/der-spass-grossbritannien-als-gruppe-zu-erkunden\/#breadcrumb\",\"itemListElement\":[{\"@type\":\"ListItem\",\"position\":1,\"name\":\"Home\",\"item\":\"https:\/\/www.urlaubcornwall.de\/blog\/\"},{\"@type\":\"ListItem\",\"position\":2,\"name\":\"Gruppenreisen: Der Spa\u00df, Gro\u00dfbritannien als Gruppe zu erkunden\"}]}]}<\/script>\n<!-- \/ Yoast SEO plugin. -->","yoast_head_json":{"title":"Gruppenreisen: Der Spa\u00df, Gro\u00dfbritannien als Gruppe zu erkunden - Urlaub &amp; Reisen","robots":{"index":"index","follow":"follow","max-snippet":"max-snippet:-1","max-image-preview":"max-image-preview:large","max-video-preview":"max-video-preview:-1"},"canonical":"https:\/\/www.urlaubcornwall.de\/blog\/der-spass-grossbritannien-als-gruppe-zu-erkunden\/","og_locale":"en_US","og_type":"article","og_title":"Gruppenreisen: Der Spa\u00df, Gro\u00dfbritannien als Gruppe zu erkunden - Urlaub &amp; Reisen","og_description":"Gro\u00dfbritannien, das Vereinigte K\u00f6nigreich, Britannia, Limeyland &#8211; im Gegensatz zu den meisten anderen L\u00e4ndern gibt es viele Worte, die das Kollektiv aus L\u00e4ndern beschreiben, das aus England, Schottland, Wales und (Nord)-Irland besteht. Einst das Machtzentrum eines Weltreiches, bleiben neben dem Festland Europas liegenden Inseln ein faszinierendes und verbl\u00fcffendes Reiseziel sowohl f\u00fcr Erstbesucher als auch regelm\u00e4\u00dfige [&hellip;]","og_url":"https:\/\/www.urlaubcornwall.de\/blog\/der-spass-grossbritannien-als-gruppe-zu-erkunden\/","og_site_name":"Urlaub &amp; Reisen","article_modified_time":"2024-05-27T11:29:45+00:00","og_image":[{"url":"https:\/\/www.urlaubcornwall.de\/blog\/wp-content\/uploads\/2018\/11\/rundreise_cornwall_suedengland.jpg"}],"twitter_card":"summary","twitter_misc":{"Est. reading time":"3 minutes"},"schema":{"@context":"https:\/\/schema.org","@graph":[{"@type":"WebSite","@id":"https:\/\/www.urlaubcornwall.de\/blog\/#website","url":"https:\/\/www.urlaubcornwall.de\/blog\/","name":"Urlaub &amp; Reisen","description":"Urlaub, Reisen, Cornwall und S\u00fcdengland: eine perfekte Kombination","potentialAction":[{"@type":"SearchAction","target":{"@type":"EntryPoint","urlTemplate":"https:\/\/www.urlaubcornwall.de\/blog\/?s={search_term_string}"},"query-input":"required name=search_term_string"}],"inLanguage":"en-US"},{"@type":"WebPage","@id":"https:\/\/www.urlaubcornwall.de\/blog\/der-spass-grossbritannien-als-gruppe-zu-erkunden\/","url":"https:\/\/www.urlaubcornwall.de\/blog\/der-spass-grossbritannien-als-gruppe-zu-erkunden\/","name":"Gruppenreisen: Der Spa\u00df, Gro\u00dfbritannien als Gruppe zu erkunden - Urlaub &amp; Reisen","isPartOf":{"@id":"https:\/\/www.urlaubcornwall.de\/blog\/#website"},"datePublished":"2014-09-11T09:25:47+00:00","dateModified":"2024-05-27T11:29:45+00:00","breadcrumb":{"@id":"https:\/\/www.urlaubcornwall.de\/blog\/der-spass-grossbritannien-als-gruppe-zu-erkunden\/#breadcrumb"},"inLanguage":"en-US","potentialAction":[{"@type":"ReadAction","target":["https:\/\/www.urlaubcornwall.de\/blog\/der-spass-grossbritannien-als-gruppe-zu-erkunden\/"]}]},{"@type":"BreadcrumbList","@id":"https:\/\/www.urlaubcornwall.de\/blog\/der-spass-grossbritannien-als-gruppe-zu-erkunden\/#breadcrumb","itemListElement":[{"@type":"ListItem","position":1,"name":"Home","item":"https:\/\/www.urlaubcornwall.de\/blog\/"},{"@type":"ListItem","position":2,"name":"Gruppenreisen: Der Spa\u00df, Gro\u00dfbritannien als Gruppe zu erkunden"}]}]}},"_links":{"self":[{"href":"https:\/\/www.urlaubcornwall.de\/blog\/wp-json\/wp\/v2\/pages\/16591"}],"collection":[{"href":"https:\/\/www.urlaubcornwall.de\/blog\/wp-json\/wp\/v2\/pages"}],"about":[{"href":"https:\/\/www.urlaubcornwall.de\/blog\/wp-json\/wp\/v2\/types\/page"}],"author":[{"embeddable":true,"href":"https:\/\/www.urlaubcornwall.de\/blog\/wp-json\/wp\/v2\/users\/1"}],"replies":[{"embeddable":true,"href":"https:\/\/www.urlaubcornwall.de\/blog\/wp-json\/wp\/v2\/comments?post=16591"}],"version-history":[{"count":6,"href":"https:\/\/www.urlaubcornwall.de\/blog\/wp-json\/wp\/v2\/pages\/16591\/revisions"}],"predecessor-version":[{"id":50273,"href":"https:\/\/www.urlaubcornwall.de\/blog\/wp-json\/wp\/v2\/pages\/16591\/revisions\/50273"}],"wp:attachment":[{"href":"https:\/\/www.urlaubcornwall.de\/blog\/wp-json\/wp\/v2\/media?parent=16591"}],"curies":[{"name":"wp","href":"https:\/\/api.w.org\/{rel}","templated":true}]}}