{"id":16534,"date":"2014-09-08T12:10:47","date_gmt":"2014-09-08T12:10:47","guid":{"rendered":"https:\/\/www.urlaubcornwall.de\/blog\/?page_id=16534"},"modified":"2018-03-22T11:43:11","modified_gmt":"2018-03-22T11:43:11","slug":"hotels-wadebridge-handverlesene-hotels-in-cornwall","status":"publish","type":"page","link":"https:\/\/www.urlaubcornwall.de\/blog\/hotels-wadebridge-handverlesene-hotels-in-cornwall\/","title":{"rendered":"Hotels Wadebridge \u2013 Handverlesene Hotels in Cornwall"},"content":{"rendered":"<p><a href=\"https:\/\/www.urlaubcornwall.de\/blog\/wp-content\/uploads\/2017\/08\/Porth-Chapel-strand-Cornwall.jpg\"><img loading=\"lazy\" class=\"alignnone wp-image-28557 size-full\" src=\"https:\/\/www.urlaubcornwall.de\/blog\/wp-content\/uploads\/2017\/08\/Porth-Chapel-strand-Cornwall.jpg\" alt=\"\" width=\"745\" height=\"353\" srcset=\"https:\/\/www.urlaubcornwall.de\/blog\/wp-content\/uploads\/2017\/08\/Porth-Chapel-strand-Cornwall.jpg 745w, https:\/\/www.urlaubcornwall.de\/blog\/wp-content\/uploads\/2017\/08\/Porth-Chapel-strand-Cornwall-300x142.jpg 300w\" sizes=\"(max-width: 745px) 100vw, 745px\" \/><\/a><\/p>\n<p style=\"text-align: center;\"><strong>Die sch\u00f6nsten Hotels in Wadebridge f\u00fcr Ihren Urlaub in Cornwall.<\/strong><\/p>\n<p style=\"text-align: center;\">An der M\u00fcndung des Flusses Camel im Binnenland gelegen, war Wadebridge einst ber\u00fchmt f\u00fcr seine Wollproduktion. Es ist heute eine lebendige und beliebte Stadt der Nordk\u00fcste. Es ist Ausgangspunkt des beliebtesten Abschnittes des Camel Radfahrweges und l\u00e4dt zur willkommenen Rast ein oder zum Aufenthalt f\u00fcr jene G\u00e4ste, die sich aufmachen, die ber\u00fchmten Surf- und Sandstr\u00e4nde der Gegend zu besuchen.<\/p>\n<p align=\"center\">Unsere Auswahl an Unterk\u00fcnften beinhaltet nur die besten Hotels, die Cornwall zu bieten hat, und zwar an den Orten, die Sie in Ihrem Urlaub besuchen m\u00f6chten. Nutzen Sie unsere interaktive Karte, um unsere Lieblingshotels an Ihrem gew\u00fcnschten Urlaubsort zu sehen.<\/p>\n<p align=\"center\"><a href=\"https:\/\/www.urlaubcornwall.de\/hotels.php\">Suche Hotels Cornwall &gt;<\/a><\/p>\n<p style=\"text-align: center;\"><a href=\"http:\/\/www.urlaubcornwall.de\/\">UrlaubCornwall.de<\/a> ist ein in Cornwall ans\u00e4ssiges Unternehmen k\u00f6nnen wir uns mit 20 Jahren Erfahrung in der Organisation von Rundreisen durch S\u00fcdwest und S\u00fcdengland r\u00fchmen.<\/p>\n<p style=\"text-align: center;\">Um Cornwall in Ihre Rundreise durch S\u00fcdengland mit einzugliedern, stellen Sie Ihre <a href=\"http:\/\/www.urlaubcornwall.de\/anfrage.php\">Anfrage<\/a> hier oder w\u00e4hlen Sie ein Ferienhaus aus unserer besten Auswahl handverlesener und inspizierter H\u00e4user aus.<\/p>\n","protected":false},"excerpt":{"rendered":"<p>Die sch\u00f6nsten Hotels in Wadebridge f\u00fcr Ihren Urlaub in Cornwall. An der M\u00fcndung des Flusses Camel im Binnenland gelegen, war Wadebridge einst ber\u00fchmt f\u00fcr seine Wollproduktion. Es ist heute eine lebendige und beliebte Stadt der Nordk\u00fcste. Es ist Ausgangspunkt des beliebtesten Abschnittes des Camel Radfahrweges und l\u00e4dt zur willkommenen Rast ein oder zum Aufenthalt f\u00fcr [&hellip;]<\/p>\n","protected":false},"author":1,"featured_media":0,"parent":0,"menu_order":0,"comment_status":"closed","ping_status":"closed","template":"single-four.php","meta":[],"acf":[],"yoast_head":"<!-- This site is optimized with the Yoast SEO plugin v19.4 - https:\/\/yoast.com\/wordpress\/plugins\/seo\/ -->\n<title>Hotels Wadebridge \u2013 Handverlesene Hotels in Cornwall - Urlaub &amp; Reisen<\/title>\n<meta name=\"robots\" content=\"index, follow, max-snippet:-1, max-image-preview:large, max-video-preview:-1\" \/>\n<link rel=\"canonical\" href=\"https:\/\/www.urlaubcornwall.de\/blog\/hotels-wadebridge-handverlesene-hotels-in-cornwall\/\" \/>\n<meta property=\"og:locale\" content=\"en_US\" \/>\n<meta property=\"og:type\" content=\"article\" \/>\n<meta property=\"og:title\" content=\"Hotels Wadebridge \u2013 Handverlesene Hotels in Cornwall - Urlaub &amp; Reisen\" \/>\n<meta property=\"og:description\" content=\"Die sch\u00f6nsten Hotels in Wadebridge f\u00fcr Ihren Urlaub in Cornwall. An der M\u00fcndung des Flusses Camel im Binnenland gelegen, war Wadebridge einst ber\u00fchmt f\u00fcr seine Wollproduktion. Es ist heute eine lebendige und beliebte Stadt der Nordk\u00fcste. Es ist Ausgangspunkt des beliebtesten Abschnittes des Camel Radfahrweges und l\u00e4dt zur willkommenen Rast ein oder zum Aufenthalt f\u00fcr [&hellip;]\" \/>\n<meta property=\"og:url\" content=\"https:\/\/www.urlaubcornwall.de\/blog\/hotels-wadebridge-handverlesene-hotels-in-cornwall\/\" \/>\n<meta property=\"og:site_name\" content=\"Urlaub &amp; Reisen\" \/>\n<meta property=\"article:modified_time\" content=\"2018-03-22T11:43:11+00:00\" \/>\n<meta property=\"og:image\" content=\"https:\/\/www.urlaubcornwall.de\/blog\/wp-content\/uploads\/2017\/08\/Porth-Chapel-strand-Cornwall.jpg\" \/>\n<meta name=\"twitter:card\" content=\"summary\" \/>\n<meta name=\"twitter:label1\" content=\"Est. reading time\" \/>\n\t<meta name=\"twitter:data1\" content=\"1 minute\" \/>\n<script type=\"application\/ld+json\" class=\"yoast-schema-graph\">{\"@context\":\"https:\/\/schema.org\",\"@graph\":[{\"@type\":\"WebSite\",\"@id\":\"https:\/\/www.urlaubcornwall.de\/blog\/#website\",\"url\":\"https:\/\/www.urlaubcornwall.de\/blog\/\",\"name\":\"Urlaub &amp; Reisen\",\"description\":\"Urlaub, Reisen, Cornwall und S\u00fcdengland: eine perfekte Kombination\",\"potentialAction\":[{\"@type\":\"SearchAction\",\"target\":{\"@type\":\"EntryPoint\",\"urlTemplate\":\"https:\/\/www.urlaubcornwall.de\/blog\/?s={search_term_string}\"},\"query-input\":\"required name=search_term_string\"}],\"inLanguage\":\"en-US\"},{\"@type\":\"WebPage\",\"@id\":\"https:\/\/www.urlaubcornwall.de\/blog\/hotels-wadebridge-handverlesene-hotels-in-cornwall\/\",\"url\":\"https:\/\/www.urlaubcornwall.de\/blog\/hotels-wadebridge-handverlesene-hotels-in-cornwall\/\",\"name\":\"Hotels Wadebridge \u2013 Handverlesene Hotels in Cornwall - Urlaub &amp; Reisen\",\"isPartOf\":{\"@id\":\"https:\/\/www.urlaubcornwall.de\/blog\/#website\"},\"datePublished\":\"2014-09-08T12:10:47+00:00\",\"dateModified\":\"2018-03-22T11:43:11+00:00\",\"breadcrumb\":{\"@id\":\"https:\/\/www.urlaubcornwall.de\/blog\/hotels-wadebridge-handverlesene-hotels-in-cornwall\/#breadcrumb\"},\"inLanguage\":\"en-US\",\"potentialAction\":[{\"@type\":\"ReadAction\",\"target\":[\"https:\/\/www.urlaubcornwall.de\/blog\/hotels-wadebridge-handverlesene-hotels-in-cornwall\/\"]}]},{\"@type\":\"BreadcrumbList\",\"@id\":\"https:\/\/www.urlaubcornwall.de\/blog\/hotels-wadebridge-handverlesene-hotels-in-cornwall\/#breadcrumb\",\"itemListElement\":[{\"@type\":\"ListItem\",\"position\":1,\"name\":\"Home\",\"item\":\"https:\/\/www.urlaubcornwall.de\/blog\/\"},{\"@type\":\"ListItem\",\"position\":2,\"name\":\"Hotels Wadebridge \u2013 Handverlesene Hotels in Cornwall\"}]}]}<\/script>\n<!-- \/ Yoast SEO plugin. -->","yoast_head_json":{"title":"Hotels Wadebridge \u2013 Handverlesene Hotels in Cornwall - Urlaub &amp; Reisen","robots":{"index":"index","follow":"follow","max-snippet":"max-snippet:-1","max-image-preview":"max-image-preview:large","max-video-preview":"max-video-preview:-1"},"canonical":"https:\/\/www.urlaubcornwall.de\/blog\/hotels-wadebridge-handverlesene-hotels-in-cornwall\/","og_locale":"en_US","og_type":"article","og_title":"Hotels Wadebridge \u2013 Handverlesene Hotels in Cornwall - Urlaub &amp; Reisen","og_description":"Die sch\u00f6nsten Hotels in Wadebridge f\u00fcr Ihren Urlaub in Cornwall. An der M\u00fcndung des Flusses Camel im Binnenland gelegen, war Wadebridge einst ber\u00fchmt f\u00fcr seine Wollproduktion. Es ist heute eine lebendige und beliebte Stadt der Nordk\u00fcste. Es ist Ausgangspunkt des beliebtesten Abschnittes des Camel Radfahrweges und l\u00e4dt zur willkommenen Rast ein oder zum Aufenthalt f\u00fcr [&hellip;]","og_url":"https:\/\/www.urlaubcornwall.de\/blog\/hotels-wadebridge-handverlesene-hotels-in-cornwall\/","og_site_name":"Urlaub &amp; Reisen","article_modified_time":"2018-03-22T11:43:11+00:00","og_image":[{"url":"https:\/\/www.urlaubcornwall.de\/blog\/wp-content\/uploads\/2017\/08\/Porth-Chapel-strand-Cornwall.jpg"}],"twitter_card":"summary","twitter_misc":{"Est. reading time":"1 minute"},"schema":{"@context":"https:\/\/schema.org","@graph":[{"@type":"WebSite","@id":"https:\/\/www.urlaubcornwall.de\/blog\/#website","url":"https:\/\/www.urlaubcornwall.de\/blog\/","name":"Urlaub &amp; Reisen","description":"Urlaub, Reisen, Cornwall und S\u00fcdengland: eine perfekte Kombination","potentialAction":[{"@type":"SearchAction","target":{"@type":"EntryPoint","urlTemplate":"https:\/\/www.urlaubcornwall.de\/blog\/?s={search_term_string}"},"query-input":"required name=search_term_string"}],"inLanguage":"en-US"},{"@type":"WebPage","@id":"https:\/\/www.urlaubcornwall.de\/blog\/hotels-wadebridge-handverlesene-hotels-in-cornwall\/","url":"https:\/\/www.urlaubcornwall.de\/blog\/hotels-wadebridge-handverlesene-hotels-in-cornwall\/","name":"Hotels Wadebridge \u2013 Handverlesene Hotels in Cornwall - Urlaub &amp; Reisen","isPartOf":{"@id":"https:\/\/www.urlaubcornwall.de\/blog\/#website"},"datePublished":"2014-09-08T12:10:47+00:00","dateModified":"2018-03-22T11:43:11+00:00","breadcrumb":{"@id":"https:\/\/www.urlaubcornwall.de\/blog\/hotels-wadebridge-handverlesene-hotels-in-cornwall\/#breadcrumb"},"inLanguage":"en-US","potentialAction":[{"@type":"ReadAction","target":["https:\/\/www.urlaubcornwall.de\/blog\/hotels-wadebridge-handverlesene-hotels-in-cornwall\/"]}]},{"@type":"BreadcrumbList","@id":"https:\/\/www.urlaubcornwall.de\/blog\/hotels-wadebridge-handverlesene-hotels-in-cornwall\/#breadcrumb","itemListElement":[{"@type":"ListItem","position":1,"name":"Home","item":"https:\/\/www.urlaubcornwall.de\/blog\/"},{"@type":"ListItem","position":2,"name":"Hotels Wadebridge \u2013 Handverlesene Hotels in Cornwall"}]}]}},"_links":{"self":[{"href":"https:\/\/www.urlaubcornwall.de\/blog\/wp-json\/wp\/v2\/pages\/16534"}],"collection":[{"href":"https:\/\/www.urlaubcornwall.de\/blog\/wp-json\/wp\/v2\/pages"}],"about":[{"href":"https:\/\/www.urlaubcornwall.de\/blog\/wp-json\/wp\/v2\/types\/page"}],"author":[{"embeddable":true,"href":"https:\/\/www.urlaubcornwall.de\/blog\/wp-json\/wp\/v2\/users\/1"}],"replies":[{"embeddable":true,"href":"https:\/\/www.urlaubcornwall.de\/blog\/wp-json\/wp\/v2\/comments?post=16534"}],"version-history":[{"count":9,"href":"https:\/\/www.urlaubcornwall.de\/blog\/wp-json\/wp\/v2\/pages\/16534\/revisions"}],"predecessor-version":[{"id":33225,"href":"https:\/\/www.urlaubcornwall.de\/blog\/wp-json\/wp\/v2\/pages\/16534\/revisions\/33225"}],"wp:attachment":[{"href":"https:\/\/www.urlaubcornwall.de\/blog\/wp-json\/wp\/v2\/media?parent=16534"}],"curies":[{"name":"wp","href":"https:\/\/api.w.org\/{rel}","templated":true}]}}