{"id":16530,"date":"2014-09-08T12:01:24","date_gmt":"2014-09-08T12:01:24","guid":{"rendered":"https:\/\/www.urlaubcornwall.de\/blog\/?page_id=16530"},"modified":"2018-11-29T09:26:37","modified_gmt":"2018-11-29T09:26:37","slug":"hotels-truro-handverlesene-hotels-in-cornwall","status":"publish","type":"page","link":"https:\/\/www.urlaubcornwall.de\/blog\/hotels-truro-handverlesene-hotels-in-cornwall\/","title":{"rendered":"Hotels Truro \u2013 Handverlesene Hotels in Cornwall"},"content":{"rendered":"<p>Im Zentrum befindet sich die Kathedrale Truros mit ihren eindrucksvollen gotischen T\u00fcrmen, die die Skyline der Stadt dominieren. Im Schatten der Kathedrale befindet sich ein Gewirr an Str\u00e4\u00dfchen, an denen Dutzende unabh\u00e4ngiger H\u00e4ndler angesiedelt sind, die alles verkaufen, was Sie brauchen k\u00f6nnten, vom letzten Modeschrei und coolem Surf-Outfit bis hin zu hausgemachtem Brot und cornischen K\u00e4sesorten.<\/p>\n<h3>&nbsp;<\/h3>\n<h3><span style=\"color: #999999;\">Carlyon Bay Hotel, St Austell<\/span><\/h3>\n<h3>&nbsp;<\/h3>\n<table>\n<tbody>\n<tr>\n<td><img loading=\"lazy\" class=\"aligncenter size-full wp-image-7108\" style=\"border: 0pt none; padding: 0px;\" src=\"https:\/\/www.urlaubcornwall.de\/blog\/wp-content\/uploads\/2013\/01\/Carlyon-Bay-Custom.jpg\" alt=\"Carlyon Bay Hotel\" width=\"148\" height=\"118\"\/><\/td>\n<td>Wir haben dem Carlyon Bay Hotel vor Kurzem pers\u00f6nlich einen Besuch abgestattet. Das Hotel liegt in einer spektakul\u00e4ren Position, \u00fcber einen breiten Sandstrand mit Blick auf die Bucht von St Austell. Dieses 4-Sterne-Hotel ist eine Kombination aus traditioneller Qualit\u00e4t und Standards mit modernen Einrichtungen.\n<h3>&nbsp;<\/h3>\n<p><strong><a href=\"https:\/\/www.urlaubcornwall.de\/blog\/carlyon-bay-hotel-ein-4-sterne-hotel-an-der-suedkueste-von-cornwall-in-spektakulaerer-lage\/\" target=\"_blank\"><span style=\"text-decoration: underline;\">Lesen Sie den vollst\u00e4ndigen Beitrag<\/span>&gt;&gt;<\/a><\/strong><\/p>\n<h3>&nbsp;<\/h3>\n<\/td>\n<\/tr>\n<\/tbody>\n<\/table>\n<h3>&nbsp;<\/h3>\n<h3><span style=\"color: #999999;\">The Nare Hotel- Roseland-Halbinsel, Sud Cornwall S\u00fcdk\u00fcste<\/span><\/h3>\n<h3>&nbsp;<\/h3>\n<table>\n<tbody>\n<tr>\n<td><img loading=\"lazy\" class=\"aligncenter size-full wp-image-6611\" style=\"border: 0pt none; padding: 0px;\" src=\"https:\/\/www.urlaubcornwall.de\/blog\/wp-content\/uploads\/2012\/12\/rsz_001-Custom-2.jpg\" alt=\"rsz_001 (Custom) (2)\" width=\"148\" height=\"118\"\/><\/td>\n<td>Luxuri\u00f6ses und elegantes Landhaushotel am Strand in Cornwall, mit traditionellem Komfort und Service h\u00f6chster Qualit\u00e4t\n<h3>&nbsp;<\/h3>\n<p><strong><a href=\"https:\/\/www.urlaubcornwall.de\/blog\/2012\/02\/entspannen-sie-sich-im-dem-beeindruckenden-nare-hotel-auf-der-halbinsel-roseland-in-cornwall-kornischer-luxus-vom-feinsten-fur-ihren-strandurlaub-an-cornwalls-atemberaubender-sudkuste\/\"><span style=\"text-decoration: underline;\">Lesen Sie den vollst\u00e4ndigen Beitrag<\/span>&gt;&gt;<\/a><\/strong><\/p>\n<h3>&nbsp;<\/h3>\n<\/td>\n<\/tr>\n<\/tbody>\n<\/table>\n<p style=\"text-align: center;\"><b>Klicken Sie <\/b><strong>hie<\/strong>r<b>, um sich unser vollst\u00e4ndiges Angebot der besten <a href=\"https:\/\/www.urlaubcornwall.de\/hotels.php\">Hotels in Cornwall&gt;&gt;<\/a><\/b><\/p>\n","protected":false},"excerpt":{"rendered":"<p>Im Zentrum befindet sich die Kathedrale Truros mit ihren eindrucksvollen gotischen T\u00fcrmen, die die Skyline der Stadt dominieren. Im Schatten der Kathedrale befindet sich ein Gewirr an Str\u00e4\u00dfchen, an denen Dutzende unabh\u00e4ngiger H\u00e4ndler angesiedelt sind, die alles verkaufen, was Sie brauchen k\u00f6nnten, vom letzten Modeschrei und coolem Surf-Outfit bis hin zu hausgemachtem Brot und cornischen [&hellip;]<\/p>\n","protected":false},"author":1,"featured_media":0,"parent":0,"menu_order":0,"comment_status":"closed","ping_status":"closed","template":"single-four.php","meta":[],"acf":[],"yoast_head":"<!-- This site is optimized with the Yoast SEO plugin v19.4 - https:\/\/yoast.com\/wordpress\/plugins\/seo\/ -->\n<title>Hotels Truro \u2013 Handverlesene Hotels in Cornwall - Urlaub &amp; Reisen<\/title>\n<meta name=\"robots\" content=\"index, follow, max-snippet:-1, max-image-preview:large, max-video-preview:-1\" \/>\n<link rel=\"canonical\" href=\"https:\/\/www.urlaubcornwall.de\/blog\/hotels-truro-handverlesene-hotels-in-cornwall\/\" \/>\n<meta property=\"og:locale\" content=\"en_US\" \/>\n<meta property=\"og:type\" content=\"article\" \/>\n<meta property=\"og:title\" content=\"Hotels Truro \u2013 Handverlesene Hotels in Cornwall - Urlaub &amp; Reisen\" \/>\n<meta property=\"og:description\" content=\"Im Zentrum befindet sich die Kathedrale Truros mit ihren eindrucksvollen gotischen T\u00fcrmen, die die Skyline der Stadt dominieren. Im Schatten der Kathedrale befindet sich ein Gewirr an Str\u00e4\u00dfchen, an denen Dutzende unabh\u00e4ngiger H\u00e4ndler angesiedelt sind, die alles verkaufen, was Sie brauchen k\u00f6nnten, vom letzten Modeschrei und coolem Surf-Outfit bis hin zu hausgemachtem Brot und cornischen [&hellip;]\" \/>\n<meta property=\"og:url\" content=\"https:\/\/www.urlaubcornwall.de\/blog\/hotels-truro-handverlesene-hotels-in-cornwall\/\" \/>\n<meta property=\"og:site_name\" content=\"Urlaub &amp; Reisen\" \/>\n<meta property=\"article:modified_time\" content=\"2018-11-29T09:26:37+00:00\" \/>\n<meta property=\"og:image\" content=\"https:\/\/www.urlaubcornwall.de\/blog\/wp-content\/uploads\/2013\/01\/Carlyon-Bay-Custom.jpg\" \/>\n<meta name=\"twitter:card\" content=\"summary\" \/>\n<meta name=\"twitter:label1\" content=\"Est. reading time\" \/>\n\t<meta name=\"twitter:data1\" content=\"1 minute\" \/>\n<script type=\"application\/ld+json\" class=\"yoast-schema-graph\">{\"@context\":\"https:\/\/schema.org\",\"@graph\":[{\"@type\":\"WebSite\",\"@id\":\"https:\/\/www.urlaubcornwall.de\/blog\/#website\",\"url\":\"https:\/\/www.urlaubcornwall.de\/blog\/\",\"name\":\"Urlaub &amp; Reisen\",\"description\":\"Urlaub, Reisen, Cornwall und S\u00fcdengland: eine perfekte Kombination\",\"potentialAction\":[{\"@type\":\"SearchAction\",\"target\":{\"@type\":\"EntryPoint\",\"urlTemplate\":\"https:\/\/www.urlaubcornwall.de\/blog\/?s={search_term_string}\"},\"query-input\":\"required name=search_term_string\"}],\"inLanguage\":\"en-US\"},{\"@type\":\"WebPage\",\"@id\":\"https:\/\/www.urlaubcornwall.de\/blog\/hotels-truro-handverlesene-hotels-in-cornwall\/\",\"url\":\"https:\/\/www.urlaubcornwall.de\/blog\/hotels-truro-handverlesene-hotels-in-cornwall\/\",\"name\":\"Hotels Truro \u2013 Handverlesene Hotels in Cornwall - Urlaub &amp; Reisen\",\"isPartOf\":{\"@id\":\"https:\/\/www.urlaubcornwall.de\/blog\/#website\"},\"datePublished\":\"2014-09-08T12:01:24+00:00\",\"dateModified\":\"2018-11-29T09:26:37+00:00\",\"breadcrumb\":{\"@id\":\"https:\/\/www.urlaubcornwall.de\/blog\/hotels-truro-handverlesene-hotels-in-cornwall\/#breadcrumb\"},\"inLanguage\":\"en-US\",\"potentialAction\":[{\"@type\":\"ReadAction\",\"target\":[\"https:\/\/www.urlaubcornwall.de\/blog\/hotels-truro-handverlesene-hotels-in-cornwall\/\"]}]},{\"@type\":\"BreadcrumbList\",\"@id\":\"https:\/\/www.urlaubcornwall.de\/blog\/hotels-truro-handverlesene-hotels-in-cornwall\/#breadcrumb\",\"itemListElement\":[{\"@type\":\"ListItem\",\"position\":1,\"name\":\"Home\",\"item\":\"https:\/\/www.urlaubcornwall.de\/blog\/\"},{\"@type\":\"ListItem\",\"position\":2,\"name\":\"Hotels Truro \u2013 Handverlesene Hotels in Cornwall\"}]}]}<\/script>\n<!-- \/ Yoast SEO plugin. -->","yoast_head_json":{"title":"Hotels Truro \u2013 Handverlesene Hotels in Cornwall - Urlaub &amp; Reisen","robots":{"index":"index","follow":"follow","max-snippet":"max-snippet:-1","max-image-preview":"max-image-preview:large","max-video-preview":"max-video-preview:-1"},"canonical":"https:\/\/www.urlaubcornwall.de\/blog\/hotels-truro-handverlesene-hotels-in-cornwall\/","og_locale":"en_US","og_type":"article","og_title":"Hotels Truro \u2013 Handverlesene Hotels in Cornwall - Urlaub &amp; Reisen","og_description":"Im Zentrum befindet sich die Kathedrale Truros mit ihren eindrucksvollen gotischen T\u00fcrmen, die die Skyline der Stadt dominieren. Im Schatten der Kathedrale befindet sich ein Gewirr an Str\u00e4\u00dfchen, an denen Dutzende unabh\u00e4ngiger H\u00e4ndler angesiedelt sind, die alles verkaufen, was Sie brauchen k\u00f6nnten, vom letzten Modeschrei und coolem Surf-Outfit bis hin zu hausgemachtem Brot und cornischen [&hellip;]","og_url":"https:\/\/www.urlaubcornwall.de\/blog\/hotels-truro-handverlesene-hotels-in-cornwall\/","og_site_name":"Urlaub &amp; Reisen","article_modified_time":"2018-11-29T09:26:37+00:00","og_image":[{"url":"https:\/\/www.urlaubcornwall.de\/blog\/wp-content\/uploads\/2013\/01\/Carlyon-Bay-Custom.jpg"}],"twitter_card":"summary","twitter_misc":{"Est. reading time":"1 minute"},"schema":{"@context":"https:\/\/schema.org","@graph":[{"@type":"WebSite","@id":"https:\/\/www.urlaubcornwall.de\/blog\/#website","url":"https:\/\/www.urlaubcornwall.de\/blog\/","name":"Urlaub &amp; Reisen","description":"Urlaub, Reisen, Cornwall und S\u00fcdengland: eine perfekte Kombination","potentialAction":[{"@type":"SearchAction","target":{"@type":"EntryPoint","urlTemplate":"https:\/\/www.urlaubcornwall.de\/blog\/?s={search_term_string}"},"query-input":"required name=search_term_string"}],"inLanguage":"en-US"},{"@type":"WebPage","@id":"https:\/\/www.urlaubcornwall.de\/blog\/hotels-truro-handverlesene-hotels-in-cornwall\/","url":"https:\/\/www.urlaubcornwall.de\/blog\/hotels-truro-handverlesene-hotels-in-cornwall\/","name":"Hotels Truro \u2013 Handverlesene Hotels in Cornwall - Urlaub &amp; Reisen","isPartOf":{"@id":"https:\/\/www.urlaubcornwall.de\/blog\/#website"},"datePublished":"2014-09-08T12:01:24+00:00","dateModified":"2018-11-29T09:26:37+00:00","breadcrumb":{"@id":"https:\/\/www.urlaubcornwall.de\/blog\/hotels-truro-handverlesene-hotels-in-cornwall\/#breadcrumb"},"inLanguage":"en-US","potentialAction":[{"@type":"ReadAction","target":["https:\/\/www.urlaubcornwall.de\/blog\/hotels-truro-handverlesene-hotels-in-cornwall\/"]}]},{"@type":"BreadcrumbList","@id":"https:\/\/www.urlaubcornwall.de\/blog\/hotels-truro-handverlesene-hotels-in-cornwall\/#breadcrumb","itemListElement":[{"@type":"ListItem","position":1,"name":"Home","item":"https:\/\/www.urlaubcornwall.de\/blog\/"},{"@type":"ListItem","position":2,"name":"Hotels Truro \u2013 Handverlesene Hotels in Cornwall"}]}]}},"_links":{"self":[{"href":"https:\/\/www.urlaubcornwall.de\/blog\/wp-json\/wp\/v2\/pages\/16530"}],"collection":[{"href":"https:\/\/www.urlaubcornwall.de\/blog\/wp-json\/wp\/v2\/pages"}],"about":[{"href":"https:\/\/www.urlaubcornwall.de\/blog\/wp-json\/wp\/v2\/types\/page"}],"author":[{"embeddable":true,"href":"https:\/\/www.urlaubcornwall.de\/blog\/wp-json\/wp\/v2\/users\/1"}],"replies":[{"embeddable":true,"href":"https:\/\/www.urlaubcornwall.de\/blog\/wp-json\/wp\/v2\/comments?post=16530"}],"version-history":[{"count":9,"href":"https:\/\/www.urlaubcornwall.de\/blog\/wp-json\/wp\/v2\/pages\/16530\/revisions"}],"predecessor-version":[{"id":34679,"href":"https:\/\/www.urlaubcornwall.de\/blog\/wp-json\/wp\/v2\/pages\/16530\/revisions\/34679"}],"wp:attachment":[{"href":"https:\/\/www.urlaubcornwall.de\/blog\/wp-json\/wp\/v2\/media?parent=16530"}],"curies":[{"name":"wp","href":"https:\/\/api.w.org\/{rel}","templated":true}]}}