{"id":16527,"date":"2014-09-08T11:59:09","date_gmt":"2014-09-08T11:59:09","guid":{"rendered":"https:\/\/www.urlaubcornwall.de\/blog\/?page_id=16527"},"modified":"2024-02-28T04:11:32","modified_gmt":"2024-02-28T04:11:32","slug":"hotels-tintagel-handverlesene-hotels-in-cornwall","status":"publish","type":"page","link":"https:\/\/www.urlaubcornwall.de\/blog\/hotels-tintagel-handverlesene-hotels-in-cornwall\/","title":{"rendered":"Hotels in der N\u00e4he Tintagel \u2013 Handverlesene Hotels in Cornwall"},"content":{"rendered":"<div id=\"attachment_38645\" style=\"width: 792px\" class=\"wp-caption alignnone\"><a href=\"https:\/\/www.urlaubcornwall.de\/blog\/wp-content\/uploads\/2019\/08\/bridge_tintagel_.jpg\"><img aria-describedby=\"caption-attachment-38645\" loading=\"lazy\" src=\"https:\/\/www.urlaubcornwall.de\/blog\/wp-content\/uploads\/2019\/08\/bridge_tintagel_.jpg\" alt=\"Tintagel Br\u00fccke\" width=\"782\" height=\"405\" class=\"size-full wp-image-38645\" srcset=\"https:\/\/www.urlaubcornwall.de\/blog\/wp-content\/uploads\/2019\/08\/bridge_tintagel_.jpg 782w, https:\/\/www.urlaubcornwall.de\/blog\/wp-content\/uploads\/2019\/08\/bridge_tintagel_-300x155.jpg 300w, https:\/\/www.urlaubcornwall.de\/blog\/wp-content\/uploads\/2019\/08\/bridge_tintagel_-768x398.jpg 768w\" sizes=\"(max-width: 782px) 100vw, 782px\" \/><\/a><p id=\"caption-attachment-38645\" class=\"wp-caption-text\">English Heritage<\/p><\/div>\n<p>Tintagel ist einer der ikonischsten Orte des Vereinigten K\u00f6nigreiches und befindet sich an der dramatischen und zerkl\u00fcfteten Atlantikk\u00fcste Nordcornwalls. Die Burg Tintagel verf\u00fcgt \u00fcber all die Legenden, Romantik und heldenhafte Ritter, die Sie sich nur vorstellen k\u00f6nnen, au\u00dferdem \u00fcber einen atemberaubenden Blick \u00fcber die K\u00fcste hinweg.<br \/>\n<ins class=\"bookingaff\" data-aid=\"1703610\" data-target_aid=\"1703610\" data-prod=\"map\" data-width=\"100%\" data-height=\"590\" data-lang=\"ualng\" data-dest_id=\"0\" data-dest_type=\"landmark\" data-latitude=\"50.686914\" data-longitude=\"-4.692832\" data-mwhsb=\"0\"><br \/>\n    <!-- Anything inside will go away once widget is loaded. --><br \/>\n        <a href=\"\/\/www.booking.com?aid=1703610\"rel=\"nofollow\">Booking.com<\/a><br \/>\n<\/ins><br \/>\n<script type=\"text\/javascript\">\n    (function(d, sc, u) {\n      var s = d.createElement(sc), p = d.getElementsByTagName(sc)[0];\n      s.type = 'text\/javascript';\n      s.async = true;\n      s.src = u + '?v=' + (+new Date());\n      p.parentNode.insertBefore(s,p);\n      })(document, 'script', '\/\/aff.bstatic.com\/static\/affiliate_base\/js\/flexiproduct.js');\n<\/script><\/p>\n<div class=\"snippet\"> <a class=\"featured-item\" href=\" https:\/\/www.urlaubcornwall.de\/blog\/wellington-hotel-boscastle-in-der-naehe-von-tintagel-nord-cornwall\/\" rel=\u201dnofollow\u201d> <span class=\"image-holder\" style=\"background-image: url(' https:\/\/www.urlaubcornwall.de\/blog\/wp-content\/uploads\/2019\/02\/wellington-hotel-boscastle.jpg');\"><\/span> <span class=\"featured-content\"> \n<h2 class=\"featured-title\"> Wellington Hotel in Boscastle <\/h2>\n<p class=\"featured-body\">Das Wellington Hotel \u00fcberblickt den Hafen von Boscastle und steht inmitten der wilden Sch\u00f6nheit der K\u00fcste von Nord-Cornwall. Es stammt aus dem 16. Jahrhundert und ist eines der \u00e4ltesten Postkutschen-Inns in Cornwall&#8230;&#8230; <\/p><\/span> <span class=\"featured-link-holder\"> <span class=\"featured-extra-info\"> \n<p> Boscastle in der N\u00e4he von Tintagel <\/p>\n<\/span> \n<p class=\"featured-link\">DETAILS<\/p>\n<\/span> <\/a><\/div>\n<p style=\"text-align: center;\"><b>Klicken Sie <\/b><strong>hie<\/strong>r<b>, um sich unser vollst\u00e4ndiges Angebot der besten <a href=\"https:\/\/www.urlaubcornwall.de\/hotels.php\">Hotels in Cornwall&gt;&gt;<\/a><\/b><\/p>\n","protected":false},"excerpt":{"rendered":"<p>Tintagel ist einer der ikonischsten Orte des Vereinigten K\u00f6nigreiches und befindet sich an der dramatischen und zerkl\u00fcfteten Atlantikk\u00fcste Nordcornwalls. Die Burg Tintagel verf\u00fcgt \u00fcber all die Legenden, Romantik und heldenhafte Ritter, die Sie sich nur vorstellen k\u00f6nnen, au\u00dferdem \u00fcber einen atemberaubenden Blick \u00fcber die K\u00fcste hinweg. Booking.com Wellington Hotel in Boscastle Das Wellington Hotel \u00fcberblickt [&hellip;]<\/p>\n","protected":false},"author":1,"featured_media":0,"parent":0,"menu_order":0,"comment_status":"closed","ping_status":"closed","template":"single-four.php","meta":[],"acf":[],"yoast_head":"<!-- This site is optimized with the Yoast SEO plugin v19.4 - https:\/\/yoast.com\/wordpress\/plugins\/seo\/ -->\n<title>Hotels in der N\u00e4he Tintagel \u2013 Handverlesene Hotels in Cornwall - Urlaub &amp; Reisen<\/title>\n<meta name=\"robots\" content=\"index, follow, max-snippet:-1, max-image-preview:large, max-video-preview:-1\" \/>\n<link rel=\"canonical\" href=\"https:\/\/www.urlaubcornwall.de\/blog\/hotels-tintagel-handverlesene-hotels-in-cornwall\/\" \/>\n<meta property=\"og:locale\" content=\"en_US\" \/>\n<meta property=\"og:type\" content=\"article\" \/>\n<meta property=\"og:title\" content=\"Hotels in der N\u00e4he Tintagel \u2013 Handverlesene Hotels in Cornwall - Urlaub &amp; Reisen\" \/>\n<meta property=\"og:description\" content=\"Tintagel ist einer der ikonischsten Orte des Vereinigten K\u00f6nigreiches und befindet sich an der dramatischen und zerkl\u00fcfteten Atlantikk\u00fcste Nordcornwalls. Die Burg Tintagel verf\u00fcgt \u00fcber all die Legenden, Romantik und heldenhafte Ritter, die Sie sich nur vorstellen k\u00f6nnen, au\u00dferdem \u00fcber einen atemberaubenden Blick \u00fcber die K\u00fcste hinweg. Booking.com Wellington Hotel in Boscastle Das Wellington Hotel \u00fcberblickt [&hellip;]\" \/>\n<meta property=\"og:url\" content=\"https:\/\/www.urlaubcornwall.de\/blog\/hotels-tintagel-handverlesene-hotels-in-cornwall\/\" \/>\n<meta property=\"og:site_name\" content=\"Urlaub &amp; Reisen\" \/>\n<meta property=\"article:modified_time\" content=\"2024-02-28T04:11:32+00:00\" \/>\n<meta property=\"og:image\" content=\"https:\/\/www.urlaubcornwall.de\/blog\/wp-content\/uploads\/2019\/08\/bridge_tintagel_.jpg\" \/>\n<meta name=\"twitter:card\" content=\"summary\" \/>\n<meta name=\"twitter:label1\" content=\"Est. reading time\" \/>\n\t<meta name=\"twitter:data1\" content=\"1 minute\" \/>\n<script type=\"application\/ld+json\" class=\"yoast-schema-graph\">{\"@context\":\"https:\/\/schema.org\",\"@graph\":[{\"@type\":\"WebSite\",\"@id\":\"https:\/\/www.urlaubcornwall.de\/blog\/#website\",\"url\":\"https:\/\/www.urlaubcornwall.de\/blog\/\",\"name\":\"Urlaub &amp; Reisen\",\"description\":\"Urlaub, Reisen, Cornwall und S\u00fcdengland: eine perfekte Kombination\",\"potentialAction\":[{\"@type\":\"SearchAction\",\"target\":{\"@type\":\"EntryPoint\",\"urlTemplate\":\"https:\/\/www.urlaubcornwall.de\/blog\/?s={search_term_string}\"},\"query-input\":\"required name=search_term_string\"}],\"inLanguage\":\"en-US\"},{\"@type\":\"WebPage\",\"@id\":\"https:\/\/www.urlaubcornwall.de\/blog\/hotels-tintagel-handverlesene-hotels-in-cornwall\/\",\"url\":\"https:\/\/www.urlaubcornwall.de\/blog\/hotels-tintagel-handverlesene-hotels-in-cornwall\/\",\"name\":\"Hotels in der N\u00e4he Tintagel \u2013 Handverlesene Hotels in Cornwall - Urlaub &amp; Reisen\",\"isPartOf\":{\"@id\":\"https:\/\/www.urlaubcornwall.de\/blog\/#website\"},\"datePublished\":\"2014-09-08T11:59:09+00:00\",\"dateModified\":\"2024-02-28T04:11:32+00:00\",\"breadcrumb\":{\"@id\":\"https:\/\/www.urlaubcornwall.de\/blog\/hotels-tintagel-handverlesene-hotels-in-cornwall\/#breadcrumb\"},\"inLanguage\":\"en-US\",\"potentialAction\":[{\"@type\":\"ReadAction\",\"target\":[\"https:\/\/www.urlaubcornwall.de\/blog\/hotels-tintagel-handverlesene-hotels-in-cornwall\/\"]}]},{\"@type\":\"BreadcrumbList\",\"@id\":\"https:\/\/www.urlaubcornwall.de\/blog\/hotels-tintagel-handverlesene-hotels-in-cornwall\/#breadcrumb\",\"itemListElement\":[{\"@type\":\"ListItem\",\"position\":1,\"name\":\"Home\",\"item\":\"https:\/\/www.urlaubcornwall.de\/blog\/\"},{\"@type\":\"ListItem\",\"position\":2,\"name\":\"Hotels in der N\u00e4he Tintagel \u2013 Handverlesene Hotels in Cornwall\"}]}]}<\/script>\n<!-- \/ Yoast SEO plugin. -->","yoast_head_json":{"title":"Hotels in der N\u00e4he Tintagel \u2013 Handverlesene Hotels in Cornwall - Urlaub &amp; Reisen","robots":{"index":"index","follow":"follow","max-snippet":"max-snippet:-1","max-image-preview":"max-image-preview:large","max-video-preview":"max-video-preview:-1"},"canonical":"https:\/\/www.urlaubcornwall.de\/blog\/hotels-tintagel-handverlesene-hotels-in-cornwall\/","og_locale":"en_US","og_type":"article","og_title":"Hotels in der N\u00e4he Tintagel \u2013 Handverlesene Hotels in Cornwall - Urlaub &amp; Reisen","og_description":"Tintagel ist einer der ikonischsten Orte des Vereinigten K\u00f6nigreiches und befindet sich an der dramatischen und zerkl\u00fcfteten Atlantikk\u00fcste Nordcornwalls. Die Burg Tintagel verf\u00fcgt \u00fcber all die Legenden, Romantik und heldenhafte Ritter, die Sie sich nur vorstellen k\u00f6nnen, au\u00dferdem \u00fcber einen atemberaubenden Blick \u00fcber die K\u00fcste hinweg. Booking.com Wellington Hotel in Boscastle Das Wellington Hotel \u00fcberblickt [&hellip;]","og_url":"https:\/\/www.urlaubcornwall.de\/blog\/hotels-tintagel-handverlesene-hotels-in-cornwall\/","og_site_name":"Urlaub &amp; Reisen","article_modified_time":"2024-02-28T04:11:32+00:00","og_image":[{"url":"https:\/\/www.urlaubcornwall.de\/blog\/wp-content\/uploads\/2019\/08\/bridge_tintagel_.jpg"}],"twitter_card":"summary","twitter_misc":{"Est. reading time":"1 minute"},"schema":{"@context":"https:\/\/schema.org","@graph":[{"@type":"WebSite","@id":"https:\/\/www.urlaubcornwall.de\/blog\/#website","url":"https:\/\/www.urlaubcornwall.de\/blog\/","name":"Urlaub &amp; Reisen","description":"Urlaub, Reisen, Cornwall und S\u00fcdengland: eine perfekte Kombination","potentialAction":[{"@type":"SearchAction","target":{"@type":"EntryPoint","urlTemplate":"https:\/\/www.urlaubcornwall.de\/blog\/?s={search_term_string}"},"query-input":"required name=search_term_string"}],"inLanguage":"en-US"},{"@type":"WebPage","@id":"https:\/\/www.urlaubcornwall.de\/blog\/hotels-tintagel-handverlesene-hotels-in-cornwall\/","url":"https:\/\/www.urlaubcornwall.de\/blog\/hotels-tintagel-handverlesene-hotels-in-cornwall\/","name":"Hotels in der N\u00e4he Tintagel \u2013 Handverlesene Hotels in Cornwall - Urlaub &amp; Reisen","isPartOf":{"@id":"https:\/\/www.urlaubcornwall.de\/blog\/#website"},"datePublished":"2014-09-08T11:59:09+00:00","dateModified":"2024-02-28T04:11:32+00:00","breadcrumb":{"@id":"https:\/\/www.urlaubcornwall.de\/blog\/hotels-tintagel-handverlesene-hotels-in-cornwall\/#breadcrumb"},"inLanguage":"en-US","potentialAction":[{"@type":"ReadAction","target":["https:\/\/www.urlaubcornwall.de\/blog\/hotels-tintagel-handverlesene-hotels-in-cornwall\/"]}]},{"@type":"BreadcrumbList","@id":"https:\/\/www.urlaubcornwall.de\/blog\/hotels-tintagel-handverlesene-hotels-in-cornwall\/#breadcrumb","itemListElement":[{"@type":"ListItem","position":1,"name":"Home","item":"https:\/\/www.urlaubcornwall.de\/blog\/"},{"@type":"ListItem","position":2,"name":"Hotels in der N\u00e4he Tintagel \u2013 Handverlesene Hotels in Cornwall"}]}]}},"_links":{"self":[{"href":"https:\/\/www.urlaubcornwall.de\/blog\/wp-json\/wp\/v2\/pages\/16527"}],"collection":[{"href":"https:\/\/www.urlaubcornwall.de\/blog\/wp-json\/wp\/v2\/pages"}],"about":[{"href":"https:\/\/www.urlaubcornwall.de\/blog\/wp-json\/wp\/v2\/types\/page"}],"author":[{"embeddable":true,"href":"https:\/\/www.urlaubcornwall.de\/blog\/wp-json\/wp\/v2\/users\/1"}],"replies":[{"embeddable":true,"href":"https:\/\/www.urlaubcornwall.de\/blog\/wp-json\/wp\/v2\/comments?post=16527"}],"version-history":[{"count":15,"href":"https:\/\/www.urlaubcornwall.de\/blog\/wp-json\/wp\/v2\/pages\/16527\/revisions"}],"predecessor-version":[{"id":47683,"href":"https:\/\/www.urlaubcornwall.de\/blog\/wp-json\/wp\/v2\/pages\/16527\/revisions\/47683"}],"wp:attachment":[{"href":"https:\/\/www.urlaubcornwall.de\/blog\/wp-json\/wp\/v2\/media?parent=16527"}],"curies":[{"name":"wp","href":"https:\/\/api.w.org\/{rel}","templated":true}]}}