{"id":16524,"date":"2014-09-08T11:38:43","date_gmt":"2014-09-08T11:38:43","guid":{"rendered":"https:\/\/www.urlaubcornwall.de\/blog\/?page_id=16524"},"modified":"2018-11-29T09:26:11","modified_gmt":"2018-11-29T09:26:11","slug":"hotels-st-mawes-handverlesene-hotels-in-cornwall","status":"publish","type":"page","link":"https:\/\/www.urlaubcornwall.de\/blog\/hotels-st-mawes-handverlesene-hotels-in-cornwall\/","title":{"rendered":"Hotels in St Mawes am Meer \u2013 Handverlesene Hotels in Cornwall"},"content":{"rendered":"<p>St Mawes ist sozusagen das Hauptdorf der Roseland Peninsula, an der M\u00fcndung des Flusses Percuil gelegen. Im Mittelalter ein wichtiger Hafenort, nun ein malerischer Hafen mit einer kleinen Flotte an Fischerbooten. Es wird gesch\u00fctzt von der perfekt erhaltenen Festung Heinrich VIII., der Burg St Mawes.<\/p>\n<h3>&nbsp;<\/h3>\n<h3><span style=\"color: #999999;\">The Nare Hotel mit Meerblick<\/span><\/h3>\n<h3>&nbsp;<\/h3>\n<table>\n<tbody>\n<tr>\n<td><img loading=\"lazy\" class=\"aligncenter size-full wp-image-6611\" style=\"border: 0pt none; padding: 0px;\" src=\"https:\/\/www.urlaubcornwall.de\/blog\/wp-content\/uploads\/2012\/12\/rsz_001-Custom-2.jpg\" alt=\"rsz_001 (Custom) (2)\" width=\"148\" height=\"118\"\/><\/td>\n<td>Luxuri\u00f6ses und elegantes Landhaushotel am Strand in Cornwall, mit traditionellem Komfort und&nbsp; Service&nbsp; h\u00f6chster&nbsp; Qualit\u00e4t&#8230;.\n<h3>&nbsp;<\/h3>\n<p><strong><a href=\"https:\/\/www.urlaubcornwall.de\/blog\/2012\/02\/entspannen-sie-sich-im-dem-beeindruckenden-nare-hotel-auf-der-halbinsel-roseland-in-cornwall-kornischer-luxus-vom-feinsten-fur-ihren-strandurlaub-an-cornwalls-atemberaubender-sudkuste\/\"><span style=\"text-decoration: underline;\">Lesen Sie den vollst\u00e4ndigen Beitrag<\/span>&gt;&gt;<\/a><\/strong><\/p>\n<h3>&nbsp;<\/h3>\n<\/td>\n<\/tr>\n<\/tbody>\n<\/table>\n<p style=\"text-align: center;\"><b>Klicken Sie <\/b><strong>hie<\/strong>r<b>, um sich unser vollst\u00e4ndiges Angebot der besten <a href=\"https:\/\/www.urlaubcornwall.de\/hotels.php\">Hotels in Cornwall&gt;&gt;<\/a><\/b><\/p>\n<p style=\"text-align: center;\"><a href=\"http:\/\/www.urlaubcornwall.de\/\">UrlaubCornwall.de<\/a> ist ein in Cornwall ans\u00e4ssiges Unternehmen k\u00f6nnen wir uns mit 20 Jahren Erfahrung in der Organisation von Rundreisen durch S\u00fcdwest und S\u00fcdengland r\u00fchmen.<\/p>\n<p style=\"text-align: center;\">Um Cornwall in Ihre Rundreise durch S\u00fcdengland mit einzugliedern, stellen Sie Ihre <a href=\"http:\/\/www.urlaubcornwall.de\/anfrage.php\">Anfrage<\/a> hier oder w\u00e4hlen Sie ein Ferienhaus aus unserer besten Auswahl handverlesener und inspizierter H\u00e4user aus.<\/p>\n","protected":false},"excerpt":{"rendered":"<p>St Mawes ist sozusagen das Hauptdorf der Roseland Peninsula, an der M\u00fcndung des Flusses Percuil gelegen. Im Mittelalter ein wichtiger Hafenort, nun ein malerischer Hafen mit einer kleinen Flotte an Fischerbooten. Es wird gesch\u00fctzt von der perfekt erhaltenen Festung Heinrich VIII., der Burg St Mawes. &nbsp; The Nare Hotel mit Meerblick &nbsp; Luxuri\u00f6ses und elegantes [&hellip;]<\/p>\n","protected":false},"author":1,"featured_media":0,"parent":0,"menu_order":0,"comment_status":"closed","ping_status":"closed","template":"single-four.php","meta":[],"acf":[],"yoast_head":"<!-- This site is optimized with the Yoast SEO plugin v19.4 - https:\/\/yoast.com\/wordpress\/plugins\/seo\/ -->\n<title>Hotels in St Mawes am Meer \u2013 Handverlesene Hotels in Cornwall - Urlaub &amp; Reisen<\/title>\n<meta name=\"robots\" content=\"index, follow, max-snippet:-1, max-image-preview:large, max-video-preview:-1\" \/>\n<link rel=\"canonical\" href=\"https:\/\/www.urlaubcornwall.de\/blog\/hotels-st-mawes-handverlesene-hotels-in-cornwall\/\" \/>\n<meta property=\"og:locale\" content=\"en_US\" \/>\n<meta property=\"og:type\" content=\"article\" \/>\n<meta property=\"og:title\" content=\"Hotels in St Mawes am Meer \u2013 Handverlesene Hotels in Cornwall - Urlaub &amp; Reisen\" \/>\n<meta property=\"og:description\" content=\"St Mawes ist sozusagen das Hauptdorf der Roseland Peninsula, an der M\u00fcndung des Flusses Percuil gelegen. Im Mittelalter ein wichtiger Hafenort, nun ein malerischer Hafen mit einer kleinen Flotte an Fischerbooten. Es wird gesch\u00fctzt von der perfekt erhaltenen Festung Heinrich VIII., der Burg St Mawes. &nbsp; The Nare Hotel mit Meerblick &nbsp; Luxuri\u00f6ses und elegantes [&hellip;]\" \/>\n<meta property=\"og:url\" content=\"https:\/\/www.urlaubcornwall.de\/blog\/hotels-st-mawes-handverlesene-hotels-in-cornwall\/\" \/>\n<meta property=\"og:site_name\" content=\"Urlaub &amp; Reisen\" \/>\n<meta property=\"article:modified_time\" content=\"2018-11-29T09:26:11+00:00\" \/>\n<meta property=\"og:image\" content=\"https:\/\/www.urlaubcornwall.de\/blog\/wp-content\/uploads\/2012\/12\/rsz_001-Custom-2.jpg\" \/>\n<meta name=\"twitter:card\" content=\"summary\" \/>\n<meta name=\"twitter:label1\" content=\"Est. reading time\" \/>\n\t<meta name=\"twitter:data1\" content=\"1 minute\" \/>\n<script type=\"application\/ld+json\" class=\"yoast-schema-graph\">{\"@context\":\"https:\/\/schema.org\",\"@graph\":[{\"@type\":\"WebSite\",\"@id\":\"https:\/\/www.urlaubcornwall.de\/blog\/#website\",\"url\":\"https:\/\/www.urlaubcornwall.de\/blog\/\",\"name\":\"Urlaub &amp; Reisen\",\"description\":\"Urlaub, Reisen, Cornwall und S\u00fcdengland: eine perfekte Kombination\",\"potentialAction\":[{\"@type\":\"SearchAction\",\"target\":{\"@type\":\"EntryPoint\",\"urlTemplate\":\"https:\/\/www.urlaubcornwall.de\/blog\/?s={search_term_string}\"},\"query-input\":\"required name=search_term_string\"}],\"inLanguage\":\"en-US\"},{\"@type\":\"WebPage\",\"@id\":\"https:\/\/www.urlaubcornwall.de\/blog\/hotels-st-mawes-handverlesene-hotels-in-cornwall\/\",\"url\":\"https:\/\/www.urlaubcornwall.de\/blog\/hotels-st-mawes-handverlesene-hotels-in-cornwall\/\",\"name\":\"Hotels in St Mawes am Meer \u2013 Handverlesene Hotels in Cornwall - Urlaub &amp; Reisen\",\"isPartOf\":{\"@id\":\"https:\/\/www.urlaubcornwall.de\/blog\/#website\"},\"datePublished\":\"2014-09-08T11:38:43+00:00\",\"dateModified\":\"2018-11-29T09:26:11+00:00\",\"breadcrumb\":{\"@id\":\"https:\/\/www.urlaubcornwall.de\/blog\/hotels-st-mawes-handverlesene-hotels-in-cornwall\/#breadcrumb\"},\"inLanguage\":\"en-US\",\"potentialAction\":[{\"@type\":\"ReadAction\",\"target\":[\"https:\/\/www.urlaubcornwall.de\/blog\/hotels-st-mawes-handverlesene-hotels-in-cornwall\/\"]}]},{\"@type\":\"BreadcrumbList\",\"@id\":\"https:\/\/www.urlaubcornwall.de\/blog\/hotels-st-mawes-handverlesene-hotels-in-cornwall\/#breadcrumb\",\"itemListElement\":[{\"@type\":\"ListItem\",\"position\":1,\"name\":\"Home\",\"item\":\"https:\/\/www.urlaubcornwall.de\/blog\/\"},{\"@type\":\"ListItem\",\"position\":2,\"name\":\"Hotels in St Mawes am Meer \u2013 Handverlesene Hotels in Cornwall\"}]}]}<\/script>\n<!-- \/ Yoast SEO plugin. -->","yoast_head_json":{"title":"Hotels in St Mawes am Meer \u2013 Handverlesene Hotels in Cornwall - Urlaub &amp; Reisen","robots":{"index":"index","follow":"follow","max-snippet":"max-snippet:-1","max-image-preview":"max-image-preview:large","max-video-preview":"max-video-preview:-1"},"canonical":"https:\/\/www.urlaubcornwall.de\/blog\/hotels-st-mawes-handverlesene-hotels-in-cornwall\/","og_locale":"en_US","og_type":"article","og_title":"Hotels in St Mawes am Meer \u2013 Handverlesene Hotels in Cornwall - Urlaub &amp; Reisen","og_description":"St Mawes ist sozusagen das Hauptdorf der Roseland Peninsula, an der M\u00fcndung des Flusses Percuil gelegen. Im Mittelalter ein wichtiger Hafenort, nun ein malerischer Hafen mit einer kleinen Flotte an Fischerbooten. Es wird gesch\u00fctzt von der perfekt erhaltenen Festung Heinrich VIII., der Burg St Mawes. &nbsp; The Nare Hotel mit Meerblick &nbsp; Luxuri\u00f6ses und elegantes [&hellip;]","og_url":"https:\/\/www.urlaubcornwall.de\/blog\/hotels-st-mawes-handverlesene-hotels-in-cornwall\/","og_site_name":"Urlaub &amp; Reisen","article_modified_time":"2018-11-29T09:26:11+00:00","og_image":[{"url":"https:\/\/www.urlaubcornwall.de\/blog\/wp-content\/uploads\/2012\/12\/rsz_001-Custom-2.jpg"}],"twitter_card":"summary","twitter_misc":{"Est. reading time":"1 minute"},"schema":{"@context":"https:\/\/schema.org","@graph":[{"@type":"WebSite","@id":"https:\/\/www.urlaubcornwall.de\/blog\/#website","url":"https:\/\/www.urlaubcornwall.de\/blog\/","name":"Urlaub &amp; Reisen","description":"Urlaub, Reisen, Cornwall und S\u00fcdengland: eine perfekte Kombination","potentialAction":[{"@type":"SearchAction","target":{"@type":"EntryPoint","urlTemplate":"https:\/\/www.urlaubcornwall.de\/blog\/?s={search_term_string}"},"query-input":"required name=search_term_string"}],"inLanguage":"en-US"},{"@type":"WebPage","@id":"https:\/\/www.urlaubcornwall.de\/blog\/hotels-st-mawes-handverlesene-hotels-in-cornwall\/","url":"https:\/\/www.urlaubcornwall.de\/blog\/hotels-st-mawes-handverlesene-hotels-in-cornwall\/","name":"Hotels in St Mawes am Meer \u2013 Handverlesene Hotels in Cornwall - Urlaub &amp; Reisen","isPartOf":{"@id":"https:\/\/www.urlaubcornwall.de\/blog\/#website"},"datePublished":"2014-09-08T11:38:43+00:00","dateModified":"2018-11-29T09:26:11+00:00","breadcrumb":{"@id":"https:\/\/www.urlaubcornwall.de\/blog\/hotels-st-mawes-handverlesene-hotels-in-cornwall\/#breadcrumb"},"inLanguage":"en-US","potentialAction":[{"@type":"ReadAction","target":["https:\/\/www.urlaubcornwall.de\/blog\/hotels-st-mawes-handverlesene-hotels-in-cornwall\/"]}]},{"@type":"BreadcrumbList","@id":"https:\/\/www.urlaubcornwall.de\/blog\/hotels-st-mawes-handverlesene-hotels-in-cornwall\/#breadcrumb","itemListElement":[{"@type":"ListItem","position":1,"name":"Home","item":"https:\/\/www.urlaubcornwall.de\/blog\/"},{"@type":"ListItem","position":2,"name":"Hotels in St Mawes am Meer \u2013 Handverlesene Hotels in Cornwall"}]}]}},"_links":{"self":[{"href":"https:\/\/www.urlaubcornwall.de\/blog\/wp-json\/wp\/v2\/pages\/16524"}],"collection":[{"href":"https:\/\/www.urlaubcornwall.de\/blog\/wp-json\/wp\/v2\/pages"}],"about":[{"href":"https:\/\/www.urlaubcornwall.de\/blog\/wp-json\/wp\/v2\/types\/page"}],"author":[{"embeddable":true,"href":"https:\/\/www.urlaubcornwall.de\/blog\/wp-json\/wp\/v2\/users\/1"}],"replies":[{"embeddable":true,"href":"https:\/\/www.urlaubcornwall.de\/blog\/wp-json\/wp\/v2\/comments?post=16524"}],"version-history":[{"count":9,"href":"https:\/\/www.urlaubcornwall.de\/blog\/wp-json\/wp\/v2\/pages\/16524\/revisions"}],"predecessor-version":[{"id":34678,"href":"https:\/\/www.urlaubcornwall.de\/blog\/wp-json\/wp\/v2\/pages\/16524\/revisions\/34678"}],"wp:attachment":[{"href":"https:\/\/www.urlaubcornwall.de\/blog\/wp-json\/wp\/v2\/media?parent=16524"}],"curies":[{"name":"wp","href":"https:\/\/api.w.org\/{rel}","templated":true}]}}