{"id":16522,"date":"2014-09-08T11:34:59","date_gmt":"2014-09-08T11:34:59","guid":{"rendered":"https:\/\/www.urlaubcornwall.de\/blog\/?page_id=16522"},"modified":"2024-04-16T09:34:31","modified_gmt":"2024-04-16T09:34:31","slug":"hotels-st-ives-handverlesene-hotels-in-cornwall","status":"publish","type":"page","link":"https:\/\/www.urlaubcornwall.de\/blog\/hotels-st-ives-handverlesene-hotels-in-cornwall\/","title":{"rendered":"Hotels St Ives am Meer &#038; mit Meerblick \u2013 Handverlesene Hotels in Cornwall"},"content":{"rendered":"<p><img loading=\"lazy\" class=\"aligncenter size-full wp-image-23982\" src=\"https:\/\/www.urlaubcornwall.de\/blog\/wp-content\/uploads\/2016\/05\/urlaub-St-Ives-1.jpg\" alt=\"hotels st ives cornwall\" width=\"745\" height=\"327\"\/><\/p>\n<p style=\"text-align: left;\">St Ives schmiegt sich in weitem Bogen um den Hafen herum \u2013dem Herzen der historischen Fischergemeinschaft, wo einst Fischerboote im Hafen schaukelten, w\u00e4hrend Familien an den goldenen Sandstr\u00e4nden spielen und die gepflasterten Str\u00e4\u00dfchen erkunden, wo Sie Sch\u00e4tze finden k\u00f6nnen wie zum Beispiel die gro\u00dfe Auswahl an kleiner unabh\u00e4ngiger Gesch\u00e4fte, Galerien, Restaurants, Kneipen und Bars, das St Ives Museum und die Tate St Ives.<\/p>\n<div class=\"snippet\"> <a class=\"featured-item\" href=\"http:\/\/www.booking.com\/hotel\/gb\/primrose-valley.html?aid=1320750&amp;no_rooms=1&amp;group_adults=2&amp;room1=A%2CA\"> <span class=\"image-holder\" style=\"background-image: url(' https:\/\/www.urlaubcornwall.de\/blog\/wp-content\/uploads\/2019\/01\/st-ives-primrose-valley-hotel-st-ives.jpg ');\"><\/span> <span class=\"featured-content\"> \n<h2 class=\"featured-title\">Primrose House Hotel<\/h2>\n<p class=\"featured-body\">Das Hotel in einer edwardianischen Villa am Meer bietet zeitgen\u00f6ssisch-modernen, entspannt-stilvollen Komfort \u2013 und zum herrlichen Porthminster Beach gelangt man in wenigen Sekunden&#8230;.<\/p><\/span> <span class=\"featured-link-holder\"> <span class=\"featured-extra-info\">\n<p>Stilvolle Zimmer und erschwingliche Preise<\/p>\n<\/span> \n<p class=\"featured-link\">DETAILS<\/p>\n<\/span> <\/a><\/div>\n<div class=\"snippet\"> <a class=\"featured-item\" href=\"https:\/\/www.urlaubcornwall.de\/blog\/carbis-bay-hotel-am-meer-st-ives\/\"> <span class=\"image-holder\" style=\"background-image: url(' https:\/\/www.urlaubcornwall.de\/blog\/wp-content\/uploads\/2019\/01\/carbis-bay-hotel-st-ives-am-meer.jpg ');\"><\/span> <span class=\"featured-content\"> \n<h2 class=\"featured-title\">Carbis Bay Hotel und Spa am Meer<\/h2>\n<p class=\"featured-body\">Dieses Hotel ist von h\u00f6chster Qualit\u00e4t, seit 30 Jahren familiengef\u00fchrt und h\u00e4lt den hauseigenen Strand instand. Durch seine blaue Flagge ist der Strand der perfekte Familienurlaubsort am Meer&#8230;.<\/p><\/span> <span class=\"featured-link-holder\"> <span class=\"featured-extra-info\">\n<p>In der N\u00e4he das eines der ausgezeichnetsten Sandstr\u00e4nde<\/p>\n<\/span> \n<p class=\"featured-link\">DETAILS<\/p>\n<\/span> <\/a><\/div>\n<div class=\"snippet\"> <a class=\"featured-item\" href=\"https:\/\/www.urlaubcornwall.de\/blog\/harbour-hotel-am-meer-st-ives-hafen\/\"> <span class=\"image-holder\" style=\"background-image: url(' https:\/\/www.urlaubcornwall.de\/blog\/wp-content\/uploads\/2019\/01\/harbour-hotel-st-ives-3.jpg ');\"><\/span> <span class=\"featured-content\"> \n<h2 class=\"featured-title\">Harbour Hotel<\/h2>\n<p class=\"featured-body\">Die Str\u00e4\u00dfchen mit ihren traditionellen Fischerh\u00e4usern und einem einzigartigen Licht, das K\u00fcnstler aus der ganzen Welt zum Malen und Bildhauen anzieht, verleihen St Ives sein internationales Ansehen&#8230;..<\/p><\/span> <span class=\"featured-link-holder\"> <span class=\"featured-extra-info\">\n<p>Mit panoramischem Ausblick auf den attraktiven Fischerhafen<\/p>\n<\/span> \n<p class=\"featured-link\">DETAILS<\/p>\n<\/span> <\/a><\/div>\n<div class=\"snippet\"> <a class=\"featured-item\" href=\"https:\/\/www.urlaubcornwall.de\/blog\/tregenna-castle-hotel-resort-st-ives-cornwall\/\"> <span class=\"image-holder\" style=\"background-image: url(' https:\/\/www.urlaubcornwall.de\/blog\/wp-content\/uploads\/2019\/01\/tregenna-schlosshotel_cornwall-1.jpg ');\"><\/span> <span class=\"featured-content\"> \n<h2 class=\"featured-title\">Tregenna Schlosshotel &#038; Resort St Ives<\/h2>\n<p class=\"featured-body\">Das Hotel verf\u00fcgt \u00fcber 81 Zimmer, jedes mit seinem eigenen Charakter, und einige R\u00e4ume haben spektakul\u00e4ren Meeresblick; allesamt sind sie recht gro\u00df mit hohen Decken, die zus\u00e4tzlich mehr Raum vermitteln&#8230;.<\/p><\/span> <span class=\"featured-link-holder\"> <span class=\"featured-extra-info\">\n<p>Das beste Hotel, wenn es darum geht, Parkprobleme in St Ives zu vermeiden.<\/p>\n<\/span> \n<p class=\"featured-link\">DETAILS<\/p>\n<\/span> <\/a><\/div>\n<p style=\"text-align: center;\"><a class=\"tidycta\" href=\"https:\/\/www.urlaubcornwall.de\/hotels.php\">Suche Hotels in Cornwall<\/a><\/p>\n<p><ins class=\"bookingaff\" data-aid=\"1705344\" data-target_aid=\"1705344\" data-prod=\"map\" data-width=\"100%\" data-height=\"590\" data-lang=\"ualng\" data-dest_id=\"0\" data-dest_type=\"landmark\" data-latitude=\"50.2083858\" data-longitude=\"-5.4908864\" data-mwhsb=\"1\"><br \/>\n    <!-- Anything inside will go away once widget is loaded. --><br \/>\n        <a href=\"\/\/www.booking.com?aid=1705344\" rel=\"nofollow\">Booking.com<\/a><br \/>\n<\/ins><br \/>\n<script type=\"text\/javascript\">\n    (function(d, sc, u) {\n      var s = d.createElement(sc), p = d.getElementsByTagName(sc)[0];\n      s.type = 'text\/javascript';\n      s.async = true;\n      s.src = u + '?v=' + (+new Date());\n      p.parentNode.insertBefore(s,p);\n      })(document, 'script', '\/\/aff.bstatic.com\/static\/affiliate_base\/js\/flexiproduct.js');\n<\/script><\/p>\n<div class=\"snippet\"> <a class=\"featured-item\" href=\"https:\/\/www.urlaubcornwall.de\/ferienhaeuser\/cornwall.php\"> <span class=\"image-holder\" style=\"background-image: url('https:\/\/www.urlaubcornwall.de\/blog\/wp-content\/uploads\/2018\/12\/ferienhaus-cornwall-mit-hund.jpg');\"><\/span> <span class=\"featured-content\"> \n<h2 class=\"featured-title\">Ferienh\u00e4user in Cornwall<\/h2>\n<p class=\"featured-body\">Cornwall besitzt mehr K\u00fcstenlinien als jede andere Grafschaft und bietet einige der besten Str\u00e4nde, K\u00fcstenwanderwege und Klippenlandschaften, die man \u00fcberhaupt finden kann&#8230; <\/p><\/span> <span class=\"featured-link-holder\"> <span class=\"featured-extra-info\"> \n<p>F\u00fcr Paare, Familien &#038; Gruppen<\/p>\n<\/span> \n<p class=\"featured-link\">DETAILS<\/p>\n<\/span> <\/a><\/div>\n","protected":false},"excerpt":{"rendered":"<p>St Ives schmiegt sich in weitem Bogen um den Hafen herum \u2013dem Herzen der historischen Fischergemeinschaft, wo einst Fischerboote im Hafen schaukelten, w\u00e4hrend Familien an den goldenen Sandstr\u00e4nden spielen und die gepflasterten Str\u00e4\u00dfchen erkunden, wo Sie Sch\u00e4tze finden k\u00f6nnen wie zum Beispiel die gro\u00dfe Auswahl an kleiner unabh\u00e4ngiger Gesch\u00e4fte, Galerien, Restaurants, Kneipen und Bars, das [&hellip;]<\/p>\n","protected":false},"author":1,"featured_media":0,"parent":0,"menu_order":0,"comment_status":"closed","ping_status":"closed","template":"single-four.php","meta":[],"acf":[],"yoast_head":"<!-- This site is optimized with the Yoast SEO plugin v19.4 - https:\/\/yoast.com\/wordpress\/plugins\/seo\/ -->\n<title>Hotels St Ives am Meer &amp; mit Meerblick \u2013 Handverlesene Hotels in Cornwall - Urlaub &amp; Reisen<\/title>\n<meta name=\"robots\" content=\"index, follow, max-snippet:-1, max-image-preview:large, max-video-preview:-1\" \/>\n<link rel=\"canonical\" href=\"https:\/\/www.urlaubcornwall.de\/blog\/hotels-st-ives-handverlesene-hotels-in-cornwall\/\" \/>\n<meta property=\"og:locale\" content=\"en_US\" \/>\n<meta property=\"og:type\" content=\"article\" \/>\n<meta property=\"og:title\" content=\"Hotels St Ives am Meer &amp; mit Meerblick \u2013 Handverlesene Hotels in Cornwall - Urlaub &amp; Reisen\" \/>\n<meta property=\"og:description\" content=\"St Ives schmiegt sich in weitem Bogen um den Hafen herum \u2013dem Herzen der historischen Fischergemeinschaft, wo einst Fischerboote im Hafen schaukelten, w\u00e4hrend Familien an den goldenen Sandstr\u00e4nden spielen und die gepflasterten Str\u00e4\u00dfchen erkunden, wo Sie Sch\u00e4tze finden k\u00f6nnen wie zum Beispiel die gro\u00dfe Auswahl an kleiner unabh\u00e4ngiger Gesch\u00e4fte, Galerien, Restaurants, Kneipen und Bars, das [&hellip;]\" \/>\n<meta property=\"og:url\" content=\"https:\/\/www.urlaubcornwall.de\/blog\/hotels-st-ives-handverlesene-hotels-in-cornwall\/\" \/>\n<meta property=\"og:site_name\" content=\"Urlaub &amp; Reisen\" \/>\n<meta property=\"article:modified_time\" content=\"2024-04-16T09:34:31+00:00\" \/>\n<meta property=\"og:image\" content=\"https:\/\/www.urlaubcornwall.de\/blog\/wp-content\/uploads\/2016\/05\/urlaub-St-Ives-1.jpg\" \/>\n<meta name=\"twitter:card\" content=\"summary\" \/>\n<meta name=\"twitter:label1\" content=\"Est. reading time\" \/>\n\t<meta name=\"twitter:data1\" content=\"2 minutes\" \/>\n<script type=\"application\/ld+json\" class=\"yoast-schema-graph\">{\"@context\":\"https:\/\/schema.org\",\"@graph\":[{\"@type\":\"WebSite\",\"@id\":\"https:\/\/www.urlaubcornwall.de\/blog\/#website\",\"url\":\"https:\/\/www.urlaubcornwall.de\/blog\/\",\"name\":\"Urlaub &amp; Reisen\",\"description\":\"Urlaub, Reisen, Cornwall und S\u00fcdengland: eine perfekte Kombination\",\"potentialAction\":[{\"@type\":\"SearchAction\",\"target\":{\"@type\":\"EntryPoint\",\"urlTemplate\":\"https:\/\/www.urlaubcornwall.de\/blog\/?s={search_term_string}\"},\"query-input\":\"required name=search_term_string\"}],\"inLanguage\":\"en-US\"},{\"@type\":\"WebPage\",\"@id\":\"https:\/\/www.urlaubcornwall.de\/blog\/hotels-st-ives-handverlesene-hotels-in-cornwall\/\",\"url\":\"https:\/\/www.urlaubcornwall.de\/blog\/hotels-st-ives-handverlesene-hotels-in-cornwall\/\",\"name\":\"Hotels St Ives am Meer & mit Meerblick \u2013 Handverlesene Hotels in Cornwall - Urlaub &amp; Reisen\",\"isPartOf\":{\"@id\":\"https:\/\/www.urlaubcornwall.de\/blog\/#website\"},\"datePublished\":\"2014-09-08T11:34:59+00:00\",\"dateModified\":\"2024-04-16T09:34:31+00:00\",\"breadcrumb\":{\"@id\":\"https:\/\/www.urlaubcornwall.de\/blog\/hotels-st-ives-handverlesene-hotels-in-cornwall\/#breadcrumb\"},\"inLanguage\":\"en-US\",\"potentialAction\":[{\"@type\":\"ReadAction\",\"target\":[\"https:\/\/www.urlaubcornwall.de\/blog\/hotels-st-ives-handverlesene-hotels-in-cornwall\/\"]}]},{\"@type\":\"BreadcrumbList\",\"@id\":\"https:\/\/www.urlaubcornwall.de\/blog\/hotels-st-ives-handverlesene-hotels-in-cornwall\/#breadcrumb\",\"itemListElement\":[{\"@type\":\"ListItem\",\"position\":1,\"name\":\"Home\",\"item\":\"https:\/\/www.urlaubcornwall.de\/blog\/\"},{\"@type\":\"ListItem\",\"position\":2,\"name\":\"Hotels St Ives am Meer &#038; mit Meerblick \u2013 Handverlesene Hotels in Cornwall\"}]}]}<\/script>\n<!-- \/ Yoast SEO plugin. -->","yoast_head_json":{"title":"Hotels St Ives am Meer & mit Meerblick \u2013 Handverlesene Hotels in Cornwall - Urlaub &amp; Reisen","robots":{"index":"index","follow":"follow","max-snippet":"max-snippet:-1","max-image-preview":"max-image-preview:large","max-video-preview":"max-video-preview:-1"},"canonical":"https:\/\/www.urlaubcornwall.de\/blog\/hotels-st-ives-handverlesene-hotels-in-cornwall\/","og_locale":"en_US","og_type":"article","og_title":"Hotels St Ives am Meer & mit Meerblick \u2013 Handverlesene Hotels in Cornwall - Urlaub &amp; Reisen","og_description":"St Ives schmiegt sich in weitem Bogen um den Hafen herum \u2013dem Herzen der historischen Fischergemeinschaft, wo einst Fischerboote im Hafen schaukelten, w\u00e4hrend Familien an den goldenen Sandstr\u00e4nden spielen und die gepflasterten Str\u00e4\u00dfchen erkunden, wo Sie Sch\u00e4tze finden k\u00f6nnen wie zum Beispiel die gro\u00dfe Auswahl an kleiner unabh\u00e4ngiger Gesch\u00e4fte, Galerien, Restaurants, Kneipen und Bars, das [&hellip;]","og_url":"https:\/\/www.urlaubcornwall.de\/blog\/hotels-st-ives-handverlesene-hotels-in-cornwall\/","og_site_name":"Urlaub &amp; Reisen","article_modified_time":"2024-04-16T09:34:31+00:00","og_image":[{"url":"https:\/\/www.urlaubcornwall.de\/blog\/wp-content\/uploads\/2016\/05\/urlaub-St-Ives-1.jpg"}],"twitter_card":"summary","twitter_misc":{"Est. reading time":"2 minutes"},"schema":{"@context":"https:\/\/schema.org","@graph":[{"@type":"WebSite","@id":"https:\/\/www.urlaubcornwall.de\/blog\/#website","url":"https:\/\/www.urlaubcornwall.de\/blog\/","name":"Urlaub &amp; Reisen","description":"Urlaub, Reisen, Cornwall und S\u00fcdengland: eine perfekte Kombination","potentialAction":[{"@type":"SearchAction","target":{"@type":"EntryPoint","urlTemplate":"https:\/\/www.urlaubcornwall.de\/blog\/?s={search_term_string}"},"query-input":"required name=search_term_string"}],"inLanguage":"en-US"},{"@type":"WebPage","@id":"https:\/\/www.urlaubcornwall.de\/blog\/hotels-st-ives-handverlesene-hotels-in-cornwall\/","url":"https:\/\/www.urlaubcornwall.de\/blog\/hotels-st-ives-handverlesene-hotels-in-cornwall\/","name":"Hotels St Ives am Meer & mit Meerblick \u2013 Handverlesene Hotels in Cornwall - Urlaub &amp; Reisen","isPartOf":{"@id":"https:\/\/www.urlaubcornwall.de\/blog\/#website"},"datePublished":"2014-09-08T11:34:59+00:00","dateModified":"2024-04-16T09:34:31+00:00","breadcrumb":{"@id":"https:\/\/www.urlaubcornwall.de\/blog\/hotels-st-ives-handverlesene-hotels-in-cornwall\/#breadcrumb"},"inLanguage":"en-US","potentialAction":[{"@type":"ReadAction","target":["https:\/\/www.urlaubcornwall.de\/blog\/hotels-st-ives-handverlesene-hotels-in-cornwall\/"]}]},{"@type":"BreadcrumbList","@id":"https:\/\/www.urlaubcornwall.de\/blog\/hotels-st-ives-handverlesene-hotels-in-cornwall\/#breadcrumb","itemListElement":[{"@type":"ListItem","position":1,"name":"Home","item":"https:\/\/www.urlaubcornwall.de\/blog\/"},{"@type":"ListItem","position":2,"name":"Hotels St Ives am Meer &#038; mit Meerblick \u2013 Handverlesene Hotels in Cornwall"}]}]}},"_links":{"self":[{"href":"https:\/\/www.urlaubcornwall.de\/blog\/wp-json\/wp\/v2\/pages\/16522"}],"collection":[{"href":"https:\/\/www.urlaubcornwall.de\/blog\/wp-json\/wp\/v2\/pages"}],"about":[{"href":"https:\/\/www.urlaubcornwall.de\/blog\/wp-json\/wp\/v2\/types\/page"}],"author":[{"embeddable":true,"href":"https:\/\/www.urlaubcornwall.de\/blog\/wp-json\/wp\/v2\/users\/1"}],"replies":[{"embeddable":true,"href":"https:\/\/www.urlaubcornwall.de\/blog\/wp-json\/wp\/v2\/comments?post=16522"}],"version-history":[{"count":31,"href":"https:\/\/www.urlaubcornwall.de\/blog\/wp-json\/wp\/v2\/pages\/16522\/revisions"}],"predecessor-version":[{"id":49821,"href":"https:\/\/www.urlaubcornwall.de\/blog\/wp-json\/wp\/v2\/pages\/16522\/revisions\/49821"}],"wp:attachment":[{"href":"https:\/\/www.urlaubcornwall.de\/blog\/wp-json\/wp\/v2\/media?parent=16522"}],"curies":[{"name":"wp","href":"https:\/\/api.w.org\/{rel}","templated":true}]}}