{"id":16516,"date":"2014-09-08T11:27:11","date_gmt":"2014-09-08T11:27:11","guid":{"rendered":"https:\/\/www.urlaubcornwall.de\/blog\/?page_id=16516"},"modified":"2018-03-22T11:40:12","modified_gmt":"2018-03-22T11:40:12","slug":"hotels-polperro-handverlesene-hotels-in-cornwall","status":"publish","type":"page","link":"https:\/\/www.urlaubcornwall.de\/blog\/hotels-polperro-handverlesene-hotels-in-cornwall\/","title":{"rendered":"Hotels Polperro\u2013 Handverlesene Hotels in Cornwall"},"content":{"rendered":"<p><img loading=\"lazy\" class=\"aligncenter size-full wp-image-23349\" src=\"https:\/\/www.urlaubcornwall.de\/blog\/wp-content\/uploads\/2016\/03\/urlaub-polperro.jpg\" alt=\"urlaub polperro\" width=\"745\" height=\"442\" srcset=\"https:\/\/www.urlaubcornwall.de\/blog\/wp-content\/uploads\/2016\/03\/urlaub-polperro.jpg 745w, https:\/\/www.urlaubcornwall.de\/blog\/wp-content\/uploads\/2016\/03\/urlaub-polperro-300x178.jpg 300w\" sizes=\"(max-width: 745px) 100vw, 745px\" \/><\/p>\n<p>In Polperro k\u00f6nnen Sie mit Leichtigkeit eine Zeitreise zur\u00fcck in die Vergangenheit unternehmen, da es ein weitestgehend urspr\u00fcngliches Fischerdorf ist. H\u00fcbsche Cottages befinden sich den steilen H\u00fcgeln entlang um den kleinen Hafen herum, der seit vielen Jahren bei K\u00fcnstlern beliebt ist. Seine ber\u00fcchtigte Geschichte als Treffpunkt von Schmugglern wird im Museum am Hafen erz\u00e4hlt.<\/p>\n<p style=\"text-align: center;\"><b>Klicken Sie <\/b><strong>hie<\/strong>r<b>, um sich unser vollst\u00e4ndiges Angebot der besten <a href=\"https:\/\/www.urlaubcornwall.de\/hotels.php\">Hotels in Cornwall&gt;&gt;<\/a><\/b><\/p>\n","protected":false},"excerpt":{"rendered":"<p>In Polperro k\u00f6nnen Sie mit Leichtigkeit eine Zeitreise zur\u00fcck in die Vergangenheit unternehmen, da es ein weitestgehend urspr\u00fcngliches Fischerdorf ist. H\u00fcbsche Cottages befinden sich den steilen H\u00fcgeln entlang um den kleinen Hafen herum, der seit vielen Jahren bei K\u00fcnstlern beliebt ist. Seine ber\u00fcchtigte Geschichte als Treffpunkt von Schmugglern wird im Museum am Hafen erz\u00e4hlt. Klicken [&hellip;]<\/p>\n","protected":false},"author":1,"featured_media":0,"parent":0,"menu_order":0,"comment_status":"closed","ping_status":"closed","template":"single-four.php","meta":[],"acf":[],"yoast_head":"<!-- This site is optimized with the Yoast SEO plugin v19.4 - https:\/\/yoast.com\/wordpress\/plugins\/seo\/ -->\n<title>Hotels Polperro\u2013 Handverlesene Hotels in Cornwall - Urlaub &amp; Reisen<\/title>\n<meta name=\"robots\" content=\"index, follow, max-snippet:-1, max-image-preview:large, max-video-preview:-1\" \/>\n<link rel=\"canonical\" href=\"https:\/\/www.urlaubcornwall.de\/blog\/hotels-polperro-handverlesene-hotels-in-cornwall\/\" \/>\n<meta property=\"og:locale\" content=\"en_US\" \/>\n<meta property=\"og:type\" content=\"article\" \/>\n<meta property=\"og:title\" content=\"Hotels Polperro\u2013 Handverlesene Hotels in Cornwall - Urlaub &amp; Reisen\" \/>\n<meta property=\"og:description\" content=\"In Polperro k\u00f6nnen Sie mit Leichtigkeit eine Zeitreise zur\u00fcck in die Vergangenheit unternehmen, da es ein weitestgehend urspr\u00fcngliches Fischerdorf ist. H\u00fcbsche Cottages befinden sich den steilen H\u00fcgeln entlang um den kleinen Hafen herum, der seit vielen Jahren bei K\u00fcnstlern beliebt ist. Seine ber\u00fcchtigte Geschichte als Treffpunkt von Schmugglern wird im Museum am Hafen erz\u00e4hlt. Klicken [&hellip;]\" \/>\n<meta property=\"og:url\" content=\"https:\/\/www.urlaubcornwall.de\/blog\/hotels-polperro-handverlesene-hotels-in-cornwall\/\" \/>\n<meta property=\"og:site_name\" content=\"Urlaub &amp; Reisen\" \/>\n<meta property=\"article:modified_time\" content=\"2018-03-22T11:40:12+00:00\" \/>\n<meta property=\"og:image\" content=\"https:\/\/www.urlaubcornwall.de\/blog\/wp-content\/uploads\/2016\/03\/urlaub-polperro.jpg\" \/>\n<meta name=\"twitter:card\" content=\"summary\" \/>\n<script type=\"application\/ld+json\" class=\"yoast-schema-graph\">{\"@context\":\"https:\/\/schema.org\",\"@graph\":[{\"@type\":\"WebSite\",\"@id\":\"https:\/\/www.urlaubcornwall.de\/blog\/#website\",\"url\":\"https:\/\/www.urlaubcornwall.de\/blog\/\",\"name\":\"Urlaub &amp; Reisen\",\"description\":\"Urlaub, Reisen, Cornwall und S\u00fcdengland: eine perfekte Kombination\",\"potentialAction\":[{\"@type\":\"SearchAction\",\"target\":{\"@type\":\"EntryPoint\",\"urlTemplate\":\"https:\/\/www.urlaubcornwall.de\/blog\/?s={search_term_string}\"},\"query-input\":\"required name=search_term_string\"}],\"inLanguage\":\"en-US\"},{\"@type\":\"WebPage\",\"@id\":\"https:\/\/www.urlaubcornwall.de\/blog\/hotels-polperro-handverlesene-hotels-in-cornwall\/\",\"url\":\"https:\/\/www.urlaubcornwall.de\/blog\/hotels-polperro-handverlesene-hotels-in-cornwall\/\",\"name\":\"Hotels Polperro\u2013 Handverlesene Hotels in Cornwall - Urlaub &amp; Reisen\",\"isPartOf\":{\"@id\":\"https:\/\/www.urlaubcornwall.de\/blog\/#website\"},\"datePublished\":\"2014-09-08T11:27:11+00:00\",\"dateModified\":\"2018-03-22T11:40:12+00:00\",\"breadcrumb\":{\"@id\":\"https:\/\/www.urlaubcornwall.de\/blog\/hotels-polperro-handverlesene-hotels-in-cornwall\/#breadcrumb\"},\"inLanguage\":\"en-US\",\"potentialAction\":[{\"@type\":\"ReadAction\",\"target\":[\"https:\/\/www.urlaubcornwall.de\/blog\/hotels-polperro-handverlesene-hotels-in-cornwall\/\"]}]},{\"@type\":\"BreadcrumbList\",\"@id\":\"https:\/\/www.urlaubcornwall.de\/blog\/hotels-polperro-handverlesene-hotels-in-cornwall\/#breadcrumb\",\"itemListElement\":[{\"@type\":\"ListItem\",\"position\":1,\"name\":\"Home\",\"item\":\"https:\/\/www.urlaubcornwall.de\/blog\/\"},{\"@type\":\"ListItem\",\"position\":2,\"name\":\"Hotels Polperro\u2013 Handverlesene Hotels in Cornwall\"}]}]}<\/script>\n<!-- \/ Yoast SEO plugin. -->","yoast_head_json":{"title":"Hotels Polperro\u2013 Handverlesene Hotels in Cornwall - Urlaub &amp; Reisen","robots":{"index":"index","follow":"follow","max-snippet":"max-snippet:-1","max-image-preview":"max-image-preview:large","max-video-preview":"max-video-preview:-1"},"canonical":"https:\/\/www.urlaubcornwall.de\/blog\/hotels-polperro-handverlesene-hotels-in-cornwall\/","og_locale":"en_US","og_type":"article","og_title":"Hotels Polperro\u2013 Handverlesene Hotels in Cornwall - Urlaub &amp; Reisen","og_description":"In Polperro k\u00f6nnen Sie mit Leichtigkeit eine Zeitreise zur\u00fcck in die Vergangenheit unternehmen, da es ein weitestgehend urspr\u00fcngliches Fischerdorf ist. H\u00fcbsche Cottages befinden sich den steilen H\u00fcgeln entlang um den kleinen Hafen herum, der seit vielen Jahren bei K\u00fcnstlern beliebt ist. Seine ber\u00fcchtigte Geschichte als Treffpunkt von Schmugglern wird im Museum am Hafen erz\u00e4hlt. Klicken [&hellip;]","og_url":"https:\/\/www.urlaubcornwall.de\/blog\/hotels-polperro-handverlesene-hotels-in-cornwall\/","og_site_name":"Urlaub &amp; Reisen","article_modified_time":"2018-03-22T11:40:12+00:00","og_image":[{"url":"https:\/\/www.urlaubcornwall.de\/blog\/wp-content\/uploads\/2016\/03\/urlaub-polperro.jpg"}],"twitter_card":"summary","schema":{"@context":"https:\/\/schema.org","@graph":[{"@type":"WebSite","@id":"https:\/\/www.urlaubcornwall.de\/blog\/#website","url":"https:\/\/www.urlaubcornwall.de\/blog\/","name":"Urlaub &amp; Reisen","description":"Urlaub, Reisen, Cornwall und S\u00fcdengland: eine perfekte Kombination","potentialAction":[{"@type":"SearchAction","target":{"@type":"EntryPoint","urlTemplate":"https:\/\/www.urlaubcornwall.de\/blog\/?s={search_term_string}"},"query-input":"required name=search_term_string"}],"inLanguage":"en-US"},{"@type":"WebPage","@id":"https:\/\/www.urlaubcornwall.de\/blog\/hotels-polperro-handverlesene-hotels-in-cornwall\/","url":"https:\/\/www.urlaubcornwall.de\/blog\/hotels-polperro-handverlesene-hotels-in-cornwall\/","name":"Hotels Polperro\u2013 Handverlesene Hotels in Cornwall - Urlaub &amp; Reisen","isPartOf":{"@id":"https:\/\/www.urlaubcornwall.de\/blog\/#website"},"datePublished":"2014-09-08T11:27:11+00:00","dateModified":"2018-03-22T11:40:12+00:00","breadcrumb":{"@id":"https:\/\/www.urlaubcornwall.de\/blog\/hotels-polperro-handverlesene-hotels-in-cornwall\/#breadcrumb"},"inLanguage":"en-US","potentialAction":[{"@type":"ReadAction","target":["https:\/\/www.urlaubcornwall.de\/blog\/hotels-polperro-handverlesene-hotels-in-cornwall\/"]}]},{"@type":"BreadcrumbList","@id":"https:\/\/www.urlaubcornwall.de\/blog\/hotels-polperro-handverlesene-hotels-in-cornwall\/#breadcrumb","itemListElement":[{"@type":"ListItem","position":1,"name":"Home","item":"https:\/\/www.urlaubcornwall.de\/blog\/"},{"@type":"ListItem","position":2,"name":"Hotels Polperro\u2013 Handverlesene Hotels in Cornwall"}]}]}},"_links":{"self":[{"href":"https:\/\/www.urlaubcornwall.de\/blog\/wp-json\/wp\/v2\/pages\/16516"}],"collection":[{"href":"https:\/\/www.urlaubcornwall.de\/blog\/wp-json\/wp\/v2\/pages"}],"about":[{"href":"https:\/\/www.urlaubcornwall.de\/blog\/wp-json\/wp\/v2\/types\/page"}],"author":[{"embeddable":true,"href":"https:\/\/www.urlaubcornwall.de\/blog\/wp-json\/wp\/v2\/users\/1"}],"replies":[{"embeddable":true,"href":"https:\/\/www.urlaubcornwall.de\/blog\/wp-json\/wp\/v2\/comments?post=16516"}],"version-history":[{"count":6,"href":"https:\/\/www.urlaubcornwall.de\/blog\/wp-json\/wp\/v2\/pages\/16516\/revisions"}],"predecessor-version":[{"id":33218,"href":"https:\/\/www.urlaubcornwall.de\/blog\/wp-json\/wp\/v2\/pages\/16516\/revisions\/33218"}],"wp:attachment":[{"href":"https:\/\/www.urlaubcornwall.de\/blog\/wp-json\/wp\/v2\/media?parent=16516"}],"curies":[{"name":"wp","href":"https:\/\/api.w.org\/{rel}","templated":true}]}}