{"id":16513,"date":"2014-09-08T11:23:33","date_gmt":"2014-09-08T11:23:33","guid":{"rendered":"https:\/\/www.urlaubcornwall.de\/blog\/?page_id=16513"},"modified":"2020-10-26T10:20:18","modified_gmt":"2020-10-26T10:20:18","slug":"hotels-padstow-handverlesene-hotels-in-cornwall","status":"publish","type":"page","link":"https:\/\/www.urlaubcornwall.de\/blog\/hotels-padstow-handverlesene-hotels-in-cornwall\/","title":{"rendered":"Hotels Padstow \u2013 Handverlesene Hotels in Cornwall"},"content":{"rendered":"<p><img loading=\"lazy\" class=\"aligncenter size-full wp-image-16787\" src=\"https:\/\/www.urlaubcornwall.de\/blog\/wp-content\/uploads\/2014\/09\/Padstow_1.jpg\" alt=\"hotels padstow\" width=\"748\" height=\"354\"\/><br \/>\nPadstow ist ein charmanter, noch immer betriebener Fischerhafen, umgeben von herrlichen Sandstr\u00e4nden am Kopfe des Flusses Camel gelegen. Sie k\u00f6nnen gut und gerne den Tag damit verbringen, das Hin- und Her des Hafentreibens zu beobachten. Dieser Ort, der f\u00fcr seine Speiselokale bekannt ist, wie zum Beispiel das beliebte Fischrestaurant Rick Steins, ist Beginn und Ende der Camel Radfahrstrecke und eine gute Ausgangsbasis f\u00fcr allerhand Wassersport.<\/p>\n<p>Unsere Auswahl an Unterk\u00fcnften beinhaltet nur die besten Hotels, die Cornwall zu bieten hat, und zwar an den Orten, die Sie in Ihrem Urlaub besuchen m\u00f6chten. Nutzen Sie unsere interaktive Karte, um <a href=\"https:\/\/www.urlaubcornwall.de\/hotels.php\">unsere Lieblingshotels<\/a> an Ihrem gew\u00fcnschten Urlaubsort zu sehen.<\/p>\n<div class=\"snippet\"> <a class=\"featured-item\" href=\" https:\/\/www.booking.com\/hotel\/gb\/the-old-custom-house.en.html?aid=1320750&#038;no_rooms=1&#038;group_adults=1\" rel=\u201dnofollow\u201d> <span class=\"image-holder\" style=\"background-image: url(' https:\/\/www.urlaubcornwall.de\/blog\/wp-content\/uploads\/2019\/02\/old-custom-house-padstow-hotel.jpg ');\"><\/span> <span class=\"featured-content\"> \n<h2 class=\"featured-title\">Old Custom House Hotel<\/h2>\n<p class=\"featured-body\">Helle elegante Zimmer mit luxuri\u00f6sen Badezimmern erwarten Sie im The Old Custom House, das auf den mittelalterlichen Hafen von Padstow blickt. Die Lage in dieser Unterkunft ist auch eine der besten in Padstow&#8230;&#8230; <\/p><\/span> <span class=\"featured-link-holder\"> <span class=\"featured-extra-info\"> \n<p>Paare sch\u00e4tzen die Lage besonders<\/p>\n<\/span> \n<p class=\"featured-link\">DETAILS<\/p>\n<\/span> <\/a><\/div>\n<div class=\"snippet\"> <a class=\"featured-item\" href=\" https:\/\/www.urlaubcornwall.de\/blog\/das-st-enodoc-hotel-ein-luxus-boutique-hotel-der-nordkueste-cornwalls\/ \"> <span class=\"image-holder\" style=\"background-image: url(' https:\/\/www.urlaubcornwall.de\/blog\/wp-content\/uploads\/2019\/01\/st-enodoc-hotel-rock.jpg');\"><\/span> <span class=\"featured-content\"> \n<h2 class=\"featured-title\">St Enodoc Hotel nahe Padstow<\/h2>\n<p class=\"featured-body\">Das St Enodoc Hotel in Rock befindet sich von Padstow aus gesehen auf der gegen\u00fcberliegenden Seite des M\u00fcndungstrichters des Flusses Camel; es bietet alles, was Sie sich von einem modernen Boutique-Hotel nur w\u00fcnschen k\u00f6nnen&#8230;&#8230; <\/p><\/span> <span class=\"featured-link-holder\"> <span class=\"featured-extra-info\"> \n<p>Luxus Boutique-Hotel Cornwall<\/p>\n<\/span> \n<p class=\"featured-link\">DETAILS<\/p>\n<\/span> <\/a><\/div>\n<div class=\"snippet\"> <a class=\"featured-item\" href=\" https:\/\/www.urlaubcornwall.de\/blog\/st-moritz-hotel-und-spa-luxushotel-am-meer-nordkueste-cornwall\/ \"> <span class=\"image-holder\" style=\"background-image: url(' https:\/\/www.urlaubcornwall.de\/blog\/wp-content\/uploads\/2019\/01\/St-Moritz-hotel-cornwall.jpg ');\"><\/span> <span class=\"featured-content\"> \n<h2 class=\"featured-title\">St Moritz Hotel<\/h2>\n<p class=\"featured-body\">Das atemberaubende St Moritz Hotel &#038; Spa befindet sich an der Nordk\u00fcste Cornwalls oberhalb des Trebetherick Hochlandes mit Blick \u00fcber die M\u00fcndung des Flusses Camel und den atlantischen Ozean&#8230;.. <\/p><\/span> <span class=\"featured-link-holder\"> <span class=\"featured-extra-info\"> \n<p>Luxushotel am Meer Nordk\u00fcste Cornwall<\/p>\n<\/span> \n<p class=\"featured-link\">DETAILS<\/p>\n<\/span> <\/a><\/div>\n<p><ins class=\"bookingaff\" data-aid=\"1700746\" data-target_aid=\"1700746\" data-prod=\"map\" data-width=\"100%\" data-height=\"590\" data-lang=\"ualng\" data-dest_id=\"0\" data-dest_type=\"landmark\" data-latitude=\"50.542062\" data-longitude=\"-4.939017\" data-mwhsb=\"0\"><br \/>\n    <!-- Anything inside will go away once widget is loaded. --><br \/>\n        <a href=\"\/\/www.booking.com?aid=1700746\">Booking.com<\/a><br \/>\n<\/ins><br \/>\n<script type=\"text\/javascript\">\n    (function(d, sc, u) {\n      var s = d.createElement(sc), p = d.getElementsByTagName(sc)[0];\n      s.type = 'text\/javascript';\n      s.async = true;\n      s.src = u + '?v=' + (+new Date());\n      p.parentNode.insertBefore(s,p);\n      })(document, 'script', '\/\/aff.bstatic.com\/static\/affiliate_base\/js\/flexiproduct.js');\n<\/script><\/p>\n<h3><\/h3>\n<p><ins class=\"bookingaff\" data-aid=\"1714158\" data-target_aid=\"1714158\" data-prod=\"nsb\" data-width=\"100%\" data-height=\"auto\" data-lang=\"en\"><br \/>\n    <!-- Anything inside will go away once widget is loaded. --><br \/>\n        <a href=\"\/\/www.booking.com?aid=1714158\"rel=\"nofollow\">Booking.com<\/a><br \/>\n<\/ins><br \/>\n<script type=\"text\/javascript\">\n    (function(d, sc, u) {\n      var s = d.createElement(sc), p = d.getElementsByTagName(sc)[0];\n      s.type = 'text\/javascript';\n      s.async = true;\n      s.src = u + '?v=' + (+new Date());\n      p.parentNode.insertBefore(s,p);\n      })(document, 'script', '\/\/aff.bstatic.com\/static\/affiliate_base\/js\/flexiproduct.js');\n<\/script><\/p>\n<p style=\"text-align: left;\"><a href=\"http:\/\/www.urlaubcornwall.de\/\">UrlaubCornwall.de<\/a> ist ein in Cornwall ans\u00e4ssiges Unternehmen k\u00f6nnen wir uns mit 20 Jahren Erfahrung in der Organisation von Rundreisen durch S\u00fcdwest und S\u00fcdengland r\u00fchmen. Um Cornwall in Ihre Rundreise durch S\u00fcdengland mit einzugliedern, stellen Sie Ihre <a href=\"http:\/\/www.urlaubcornwall.de\/anfrage.php\">Anfrage<\/a> hier oder w\u00e4hlen Sie ein Ferienhaus aus unserer besten Auswahl handverlesener und inspizierter H\u00e4user aus.<\/p>\n","protected":false},"excerpt":{"rendered":"<p>Padstow ist ein charmanter, noch immer betriebener Fischerhafen, umgeben von herrlichen Sandstr\u00e4nden am Kopfe des Flusses Camel gelegen. Sie k\u00f6nnen gut und gerne den Tag damit verbringen, das Hin- und Her des Hafentreibens zu beobachten. Dieser Ort, der f\u00fcr seine Speiselokale bekannt ist, wie zum Beispiel das beliebte Fischrestaurant Rick Steins, ist Beginn und Ende [&hellip;]<\/p>\n","protected":false},"author":1,"featured_media":0,"parent":0,"menu_order":0,"comment_status":"closed","ping_status":"closed","template":"single-four.php","meta":[],"acf":[],"yoast_head":"<!-- This site is optimized with the Yoast SEO plugin v19.4 - https:\/\/yoast.com\/wordpress\/plugins\/seo\/ -->\n<title>Hotels Padstow \u2013 Handverlesene Hotels in Cornwall - Urlaub &amp; Reisen<\/title>\n<meta name=\"robots\" content=\"index, follow, max-snippet:-1, max-image-preview:large, max-video-preview:-1\" \/>\n<link rel=\"canonical\" href=\"https:\/\/www.urlaubcornwall.de\/blog\/hotels-padstow-handverlesene-hotels-in-cornwall\/\" \/>\n<meta property=\"og:locale\" content=\"en_US\" \/>\n<meta property=\"og:type\" content=\"article\" \/>\n<meta property=\"og:title\" content=\"Hotels Padstow \u2013 Handverlesene Hotels in Cornwall - Urlaub &amp; Reisen\" \/>\n<meta property=\"og:description\" content=\"Padstow ist ein charmanter, noch immer betriebener Fischerhafen, umgeben von herrlichen Sandstr\u00e4nden am Kopfe des Flusses Camel gelegen. Sie k\u00f6nnen gut und gerne den Tag damit verbringen, das Hin- und Her des Hafentreibens zu beobachten. Dieser Ort, der f\u00fcr seine Speiselokale bekannt ist, wie zum Beispiel das beliebte Fischrestaurant Rick Steins, ist Beginn und Ende [&hellip;]\" \/>\n<meta property=\"og:url\" content=\"https:\/\/www.urlaubcornwall.de\/blog\/hotels-padstow-handverlesene-hotels-in-cornwall\/\" \/>\n<meta property=\"og:site_name\" content=\"Urlaub &amp; Reisen\" \/>\n<meta property=\"article:modified_time\" content=\"2020-10-26T10:20:18+00:00\" \/>\n<meta property=\"og:image\" content=\"https:\/\/www.urlaubcornwall.de\/blog\/wp-content\/uploads\/2014\/09\/Padstow_1.jpg\" \/>\n<meta name=\"twitter:card\" content=\"summary\" \/>\n<meta name=\"twitter:label1\" content=\"Est. reading time\" \/>\n\t<meta name=\"twitter:data1\" content=\"2 minutes\" \/>\n<script type=\"application\/ld+json\" class=\"yoast-schema-graph\">{\"@context\":\"https:\/\/schema.org\",\"@graph\":[{\"@type\":\"WebSite\",\"@id\":\"https:\/\/www.urlaubcornwall.de\/blog\/#website\",\"url\":\"https:\/\/www.urlaubcornwall.de\/blog\/\",\"name\":\"Urlaub &amp; Reisen\",\"description\":\"Urlaub, Reisen, Cornwall und S\u00fcdengland: eine perfekte Kombination\",\"potentialAction\":[{\"@type\":\"SearchAction\",\"target\":{\"@type\":\"EntryPoint\",\"urlTemplate\":\"https:\/\/www.urlaubcornwall.de\/blog\/?s={search_term_string}\"},\"query-input\":\"required name=search_term_string\"}],\"inLanguage\":\"en-US\"},{\"@type\":\"WebPage\",\"@id\":\"https:\/\/www.urlaubcornwall.de\/blog\/hotels-padstow-handverlesene-hotels-in-cornwall\/\",\"url\":\"https:\/\/www.urlaubcornwall.de\/blog\/hotels-padstow-handverlesene-hotels-in-cornwall\/\",\"name\":\"Hotels Padstow \u2013 Handverlesene Hotels in Cornwall - Urlaub &amp; Reisen\",\"isPartOf\":{\"@id\":\"https:\/\/www.urlaubcornwall.de\/blog\/#website\"},\"datePublished\":\"2014-09-08T11:23:33+00:00\",\"dateModified\":\"2020-10-26T10:20:18+00:00\",\"breadcrumb\":{\"@id\":\"https:\/\/www.urlaubcornwall.de\/blog\/hotels-padstow-handverlesene-hotels-in-cornwall\/#breadcrumb\"},\"inLanguage\":\"en-US\",\"potentialAction\":[{\"@type\":\"ReadAction\",\"target\":[\"https:\/\/www.urlaubcornwall.de\/blog\/hotels-padstow-handverlesene-hotels-in-cornwall\/\"]}]},{\"@type\":\"BreadcrumbList\",\"@id\":\"https:\/\/www.urlaubcornwall.de\/blog\/hotels-padstow-handverlesene-hotels-in-cornwall\/#breadcrumb\",\"itemListElement\":[{\"@type\":\"ListItem\",\"position\":1,\"name\":\"Home\",\"item\":\"https:\/\/www.urlaubcornwall.de\/blog\/\"},{\"@type\":\"ListItem\",\"position\":2,\"name\":\"Hotels Padstow \u2013 Handverlesene Hotels in Cornwall\"}]}]}<\/script>\n<!-- \/ Yoast SEO plugin. -->","yoast_head_json":{"title":"Hotels Padstow \u2013 Handverlesene Hotels in Cornwall - Urlaub &amp; Reisen","robots":{"index":"index","follow":"follow","max-snippet":"max-snippet:-1","max-image-preview":"max-image-preview:large","max-video-preview":"max-video-preview:-1"},"canonical":"https:\/\/www.urlaubcornwall.de\/blog\/hotels-padstow-handverlesene-hotels-in-cornwall\/","og_locale":"en_US","og_type":"article","og_title":"Hotels Padstow \u2013 Handverlesene Hotels in Cornwall - Urlaub &amp; Reisen","og_description":"Padstow ist ein charmanter, noch immer betriebener Fischerhafen, umgeben von herrlichen Sandstr\u00e4nden am Kopfe des Flusses Camel gelegen. Sie k\u00f6nnen gut und gerne den Tag damit verbringen, das Hin- und Her des Hafentreibens zu beobachten. Dieser Ort, der f\u00fcr seine Speiselokale bekannt ist, wie zum Beispiel das beliebte Fischrestaurant Rick Steins, ist Beginn und Ende [&hellip;]","og_url":"https:\/\/www.urlaubcornwall.de\/blog\/hotels-padstow-handverlesene-hotels-in-cornwall\/","og_site_name":"Urlaub &amp; Reisen","article_modified_time":"2020-10-26T10:20:18+00:00","og_image":[{"url":"https:\/\/www.urlaubcornwall.de\/blog\/wp-content\/uploads\/2014\/09\/Padstow_1.jpg"}],"twitter_card":"summary","twitter_misc":{"Est. reading time":"2 minutes"},"schema":{"@context":"https:\/\/schema.org","@graph":[{"@type":"WebSite","@id":"https:\/\/www.urlaubcornwall.de\/blog\/#website","url":"https:\/\/www.urlaubcornwall.de\/blog\/","name":"Urlaub &amp; Reisen","description":"Urlaub, Reisen, Cornwall und S\u00fcdengland: eine perfekte Kombination","potentialAction":[{"@type":"SearchAction","target":{"@type":"EntryPoint","urlTemplate":"https:\/\/www.urlaubcornwall.de\/blog\/?s={search_term_string}"},"query-input":"required name=search_term_string"}],"inLanguage":"en-US"},{"@type":"WebPage","@id":"https:\/\/www.urlaubcornwall.de\/blog\/hotels-padstow-handverlesene-hotels-in-cornwall\/","url":"https:\/\/www.urlaubcornwall.de\/blog\/hotels-padstow-handverlesene-hotels-in-cornwall\/","name":"Hotels Padstow \u2013 Handverlesene Hotels in Cornwall - Urlaub &amp; Reisen","isPartOf":{"@id":"https:\/\/www.urlaubcornwall.de\/blog\/#website"},"datePublished":"2014-09-08T11:23:33+00:00","dateModified":"2020-10-26T10:20:18+00:00","breadcrumb":{"@id":"https:\/\/www.urlaubcornwall.de\/blog\/hotels-padstow-handverlesene-hotels-in-cornwall\/#breadcrumb"},"inLanguage":"en-US","potentialAction":[{"@type":"ReadAction","target":["https:\/\/www.urlaubcornwall.de\/blog\/hotels-padstow-handverlesene-hotels-in-cornwall\/"]}]},{"@type":"BreadcrumbList","@id":"https:\/\/www.urlaubcornwall.de\/blog\/hotels-padstow-handverlesene-hotels-in-cornwall\/#breadcrumb","itemListElement":[{"@type":"ListItem","position":1,"name":"Home","item":"https:\/\/www.urlaubcornwall.de\/blog\/"},{"@type":"ListItem","position":2,"name":"Hotels Padstow \u2013 Handverlesene Hotels in Cornwall"}]}]}},"_links":{"self":[{"href":"https:\/\/www.urlaubcornwall.de\/blog\/wp-json\/wp\/v2\/pages\/16513"}],"collection":[{"href":"https:\/\/www.urlaubcornwall.de\/blog\/wp-json\/wp\/v2\/pages"}],"about":[{"href":"https:\/\/www.urlaubcornwall.de\/blog\/wp-json\/wp\/v2\/types\/page"}],"author":[{"embeddable":true,"href":"https:\/\/www.urlaubcornwall.de\/blog\/wp-json\/wp\/v2\/users\/1"}],"replies":[{"embeddable":true,"href":"https:\/\/www.urlaubcornwall.de\/blog\/wp-json\/wp\/v2\/comments?post=16513"}],"version-history":[{"count":11,"href":"https:\/\/www.urlaubcornwall.de\/blog\/wp-json\/wp\/v2\/pages\/16513\/revisions"}],"predecessor-version":[{"id":40917,"href":"https:\/\/www.urlaubcornwall.de\/blog\/wp-json\/wp\/v2\/pages\/16513\/revisions\/40917"}],"wp:attachment":[{"href":"https:\/\/www.urlaubcornwall.de\/blog\/wp-json\/wp\/v2\/media?parent=16513"}],"curies":[{"name":"wp","href":"https:\/\/api.w.org\/{rel}","templated":true}]}}