{"id":16503,"date":"2014-09-07T15:04:59","date_gmt":"2014-09-07T15:04:59","guid":{"rendered":"https:\/\/www.urlaubcornwall.de\/blog\/?page_id=16503"},"modified":"2024-04-29T15:47:23","modified_gmt":"2024-04-29T15:47:23","slug":"hotels-in-lizard-halbinsel-handverlesene-hotels-in-cornwall","status":"publish","type":"page","link":"https:\/\/www.urlaubcornwall.de\/blog\/hotels-in-lizard-halbinsel-handverlesene-hotels-in-cornwall\/","title":{"rendered":"Hotels auf der Lizard Halbinsel \u2013 Handverlesene Hotels in Cornwall"},"content":{"rendered":"<p><img loading=\"lazy\" class=\"aligncenter size-full wp-image-47900\" src=\"https:\/\/www.urlaubcornwall.de\/blog\/wp-content\/uploads\/2024\/03\/lizard.jpg\" alt=\"lizard kynance\" width=\"750\" height=\"563\" srcset=\"https:\/\/www.urlaubcornwall.de\/blog\/wp-content\/uploads\/2024\/03\/lizard.jpg 750w, https:\/\/www.urlaubcornwall.de\/blog\/wp-content\/uploads\/2024\/03\/lizard-300x225.jpg 300w\" sizes=\"(max-width: 750px) 100vw, 750px\" \/><\/p>\n<p>Machen Sie sich auf zur Lizard-Halbinsel und somit einem Wechsel an Szenerie. Die seltene Geologie der Gegend schafft ein Paradies f\u00fcr au\u00dferordentliche Pflanzen und Blumen. Um die K\u00fcste herum finden Sie kleine Fischerh\u00e4fen mit enormen Granitmauern, die sie vor den Atlantikst\u00fcrmen sch\u00fctzen. Auch Restaurants finden Sie, die sich auf frisch gefangene Meeresfr\u00fcchte spezialisiert haben, sowie herrliche Sandbuchten mit zerkl\u00fcfteten schwarzen Felsen, die bis ins Meer hinausragen.<\/p>\n<p><ins class=\"bookingaff\" data-aid=\"1705420\" data-target_aid=\"1705420\" data-prod=\"map\" data-width=\"100%\" data-height=\"590\" data-lang=\"ualng\" data-dest_id=\"0\" data-dest_type=\"landmark\" data-latitude=\"49.96861\" data-longitude=\"-5.204156\" data-mwhsb=\"1\"><br \/>\n    <!-- Anything inside will go away once widget is loaded. --><br \/>\n        <a href=\"\/\/www.booking.com?aid=1705420\"rel=\"nofollow\">Booking.com<\/a><br \/>\n<\/ins><br \/>\n<script type=\"text\/javascript\">\n    (function(d, sc, u) {\n      var s = d.createElement(sc), p = d.getElementsByTagName(sc)[0];\n      s.type = 'text\/javascript';\n      s.async = true;\n      s.src = u + '?v=' + (+new Date());\n      p.parentNode.insertBefore(s,p);\n      })(document, 'script', '\/\/aff.bstatic.com\/static\/affiliate_base\/js\/flexiproduct.js');\n<\/script><\/p>\n<div class=\"snippet\"> <a class=\"featured-item\" href=\" https:\/\/www.urlaubcornwall.de\/blog\/das-polurrian-bay-hotel-beeindruckt-mit-stilvollem-ambiente-herrlichem-meerblick-und-familienfreundlichen-einrichtungen\/ \"> <span class=\"image-holder\" style=\"background-image: url(' https:\/\/www.urlaubcornwall.de\/blog\/wp-content\/uploads\/2019\/01\/polurrian-hotel-am-meer-mullion.jpg');\"><\/span> <span class=\"featured-content\"> \n<h2 class=\"featured-title\">Polurrian Hotel \u2013 Lizard Halbinsel<\/h2>\n<p class=\"featured-body\">Das Polurrian Bay Hotel beeindruckt mit stilvollem Ambiente, herrlichem Meerblick und familienfreundlichen Einrichtungen&#8230;&#8230; <\/p><\/span> <span class=\"featured-link-holder\"> <span class=\"featured-extra-info\"> \n<p>Hotel im modernen \u201eSeaside Style\u201c<\/p>\n<\/span> \n<p class=\"featured-link\">DETAILS<\/p>\n<\/span> <\/a><\/div>\n<p style=\"text-align: center;\"><b>Klicken Sie <\/b><strong>hie<\/strong>r<b>, um sich unser vollst\u00e4ndiges Angebot der besten <a href=\"https:\/\/www.urlaubcornwall.de\/hotels.php\">Hotels in Cornwall&gt;&gt;<\/a><\/b><\/p>\n","protected":false},"excerpt":{"rendered":"<p>Machen Sie sich auf zur Lizard-Halbinsel und somit einem Wechsel an Szenerie. Die seltene Geologie der Gegend schafft ein Paradies f\u00fcr au\u00dferordentliche Pflanzen und Blumen. Um die K\u00fcste herum finden Sie kleine Fischerh\u00e4fen mit enormen Granitmauern, die sie vor den Atlantikst\u00fcrmen sch\u00fctzen. Auch Restaurants finden Sie, die sich auf frisch gefangene Meeresfr\u00fcchte spezialisiert haben, sowie [&hellip;]<\/p>\n","protected":false},"author":1,"featured_media":0,"parent":0,"menu_order":0,"comment_status":"closed","ping_status":"closed","template":"single-four.php","meta":[],"acf":[],"yoast_head":"<!-- This site is optimized with the Yoast SEO plugin v19.4 - https:\/\/yoast.com\/wordpress\/plugins\/seo\/ -->\n<title>Hotels auf der Lizard Halbinsel \u2013 Handverlesene Hotels in Cornwall - Urlaub &amp; Reisen<\/title>\n<meta name=\"robots\" content=\"index, follow, max-snippet:-1, max-image-preview:large, max-video-preview:-1\" \/>\n<link rel=\"canonical\" href=\"https:\/\/www.urlaubcornwall.de\/blog\/hotels-in-lizard-halbinsel-handverlesene-hotels-in-cornwall\/\" \/>\n<meta property=\"og:locale\" content=\"en_US\" \/>\n<meta property=\"og:type\" content=\"article\" \/>\n<meta property=\"og:title\" content=\"Hotels auf der Lizard Halbinsel \u2013 Handverlesene Hotels in Cornwall - Urlaub &amp; Reisen\" \/>\n<meta property=\"og:description\" content=\"Machen Sie sich auf zur Lizard-Halbinsel und somit einem Wechsel an Szenerie. Die seltene Geologie der Gegend schafft ein Paradies f\u00fcr au\u00dferordentliche Pflanzen und Blumen. Um die K\u00fcste herum finden Sie kleine Fischerh\u00e4fen mit enormen Granitmauern, die sie vor den Atlantikst\u00fcrmen sch\u00fctzen. Auch Restaurants finden Sie, die sich auf frisch gefangene Meeresfr\u00fcchte spezialisiert haben, sowie [&hellip;]\" \/>\n<meta property=\"og:url\" content=\"https:\/\/www.urlaubcornwall.de\/blog\/hotels-in-lizard-halbinsel-handverlesene-hotels-in-cornwall\/\" \/>\n<meta property=\"og:site_name\" content=\"Urlaub &amp; Reisen\" \/>\n<meta property=\"article:modified_time\" content=\"2024-04-29T15:47:23+00:00\" \/>\n<meta property=\"og:image\" content=\"https:\/\/www.urlaubcornwall.de\/blog\/wp-content\/uploads\/2024\/03\/lizard.jpg\" \/>\n<meta name=\"twitter:card\" content=\"summary\" \/>\n<meta name=\"twitter:label1\" content=\"Est. reading time\" \/>\n\t<meta name=\"twitter:data1\" content=\"1 minute\" \/>\n<script type=\"application\/ld+json\" class=\"yoast-schema-graph\">{\"@context\":\"https:\/\/schema.org\",\"@graph\":[{\"@type\":\"WebSite\",\"@id\":\"https:\/\/www.urlaubcornwall.de\/blog\/#website\",\"url\":\"https:\/\/www.urlaubcornwall.de\/blog\/\",\"name\":\"Urlaub &amp; Reisen\",\"description\":\"Urlaub, Reisen, Cornwall und S\u00fcdengland: eine perfekte Kombination\",\"potentialAction\":[{\"@type\":\"SearchAction\",\"target\":{\"@type\":\"EntryPoint\",\"urlTemplate\":\"https:\/\/www.urlaubcornwall.de\/blog\/?s={search_term_string}\"},\"query-input\":\"required name=search_term_string\"}],\"inLanguage\":\"en-US\"},{\"@type\":\"WebPage\",\"@id\":\"https:\/\/www.urlaubcornwall.de\/blog\/hotels-in-lizard-halbinsel-handverlesene-hotels-in-cornwall\/\",\"url\":\"https:\/\/www.urlaubcornwall.de\/blog\/hotels-in-lizard-halbinsel-handverlesene-hotels-in-cornwall\/\",\"name\":\"Hotels auf der Lizard Halbinsel \u2013 Handverlesene Hotels in Cornwall - Urlaub &amp; Reisen\",\"isPartOf\":{\"@id\":\"https:\/\/www.urlaubcornwall.de\/blog\/#website\"},\"datePublished\":\"2014-09-07T15:04:59+00:00\",\"dateModified\":\"2024-04-29T15:47:23+00:00\",\"breadcrumb\":{\"@id\":\"https:\/\/www.urlaubcornwall.de\/blog\/hotels-in-lizard-halbinsel-handverlesene-hotels-in-cornwall\/#breadcrumb\"},\"inLanguage\":\"en-US\",\"potentialAction\":[{\"@type\":\"ReadAction\",\"target\":[\"https:\/\/www.urlaubcornwall.de\/blog\/hotels-in-lizard-halbinsel-handverlesene-hotels-in-cornwall\/\"]}]},{\"@type\":\"BreadcrumbList\",\"@id\":\"https:\/\/www.urlaubcornwall.de\/blog\/hotels-in-lizard-halbinsel-handverlesene-hotels-in-cornwall\/#breadcrumb\",\"itemListElement\":[{\"@type\":\"ListItem\",\"position\":1,\"name\":\"Home\",\"item\":\"https:\/\/www.urlaubcornwall.de\/blog\/\"},{\"@type\":\"ListItem\",\"position\":2,\"name\":\"Hotels auf der Lizard Halbinsel \u2013 Handverlesene Hotels in Cornwall\"}]}]}<\/script>\n<!-- \/ Yoast SEO plugin. -->","yoast_head_json":{"title":"Hotels auf der Lizard Halbinsel \u2013 Handverlesene Hotels in Cornwall - Urlaub &amp; Reisen","robots":{"index":"index","follow":"follow","max-snippet":"max-snippet:-1","max-image-preview":"max-image-preview:large","max-video-preview":"max-video-preview:-1"},"canonical":"https:\/\/www.urlaubcornwall.de\/blog\/hotels-in-lizard-halbinsel-handverlesene-hotels-in-cornwall\/","og_locale":"en_US","og_type":"article","og_title":"Hotels auf der Lizard Halbinsel \u2013 Handverlesene Hotels in Cornwall - Urlaub &amp; Reisen","og_description":"Machen Sie sich auf zur Lizard-Halbinsel und somit einem Wechsel an Szenerie. Die seltene Geologie der Gegend schafft ein Paradies f\u00fcr au\u00dferordentliche Pflanzen und Blumen. Um die K\u00fcste herum finden Sie kleine Fischerh\u00e4fen mit enormen Granitmauern, die sie vor den Atlantikst\u00fcrmen sch\u00fctzen. Auch Restaurants finden Sie, die sich auf frisch gefangene Meeresfr\u00fcchte spezialisiert haben, sowie [&hellip;]","og_url":"https:\/\/www.urlaubcornwall.de\/blog\/hotels-in-lizard-halbinsel-handverlesene-hotels-in-cornwall\/","og_site_name":"Urlaub &amp; Reisen","article_modified_time":"2024-04-29T15:47:23+00:00","og_image":[{"url":"https:\/\/www.urlaubcornwall.de\/blog\/wp-content\/uploads\/2024\/03\/lizard.jpg"}],"twitter_card":"summary","twitter_misc":{"Est. reading time":"1 minute"},"schema":{"@context":"https:\/\/schema.org","@graph":[{"@type":"WebSite","@id":"https:\/\/www.urlaubcornwall.de\/blog\/#website","url":"https:\/\/www.urlaubcornwall.de\/blog\/","name":"Urlaub &amp; Reisen","description":"Urlaub, Reisen, Cornwall und S\u00fcdengland: eine perfekte Kombination","potentialAction":[{"@type":"SearchAction","target":{"@type":"EntryPoint","urlTemplate":"https:\/\/www.urlaubcornwall.de\/blog\/?s={search_term_string}"},"query-input":"required name=search_term_string"}],"inLanguage":"en-US"},{"@type":"WebPage","@id":"https:\/\/www.urlaubcornwall.de\/blog\/hotels-in-lizard-halbinsel-handverlesene-hotels-in-cornwall\/","url":"https:\/\/www.urlaubcornwall.de\/blog\/hotels-in-lizard-halbinsel-handverlesene-hotels-in-cornwall\/","name":"Hotels auf der Lizard Halbinsel \u2013 Handverlesene Hotels in Cornwall - Urlaub &amp; Reisen","isPartOf":{"@id":"https:\/\/www.urlaubcornwall.de\/blog\/#website"},"datePublished":"2014-09-07T15:04:59+00:00","dateModified":"2024-04-29T15:47:23+00:00","breadcrumb":{"@id":"https:\/\/www.urlaubcornwall.de\/blog\/hotels-in-lizard-halbinsel-handverlesene-hotels-in-cornwall\/#breadcrumb"},"inLanguage":"en-US","potentialAction":[{"@type":"ReadAction","target":["https:\/\/www.urlaubcornwall.de\/blog\/hotels-in-lizard-halbinsel-handverlesene-hotels-in-cornwall\/"]}]},{"@type":"BreadcrumbList","@id":"https:\/\/www.urlaubcornwall.de\/blog\/hotels-in-lizard-halbinsel-handverlesene-hotels-in-cornwall\/#breadcrumb","itemListElement":[{"@type":"ListItem","position":1,"name":"Home","item":"https:\/\/www.urlaubcornwall.de\/blog\/"},{"@type":"ListItem","position":2,"name":"Hotels auf der Lizard Halbinsel \u2013 Handverlesene Hotels in Cornwall"}]}]}},"_links":{"self":[{"href":"https:\/\/www.urlaubcornwall.de\/blog\/wp-json\/wp\/v2\/pages\/16503"}],"collection":[{"href":"https:\/\/www.urlaubcornwall.de\/blog\/wp-json\/wp\/v2\/pages"}],"about":[{"href":"https:\/\/www.urlaubcornwall.de\/blog\/wp-json\/wp\/v2\/types\/page"}],"author":[{"embeddable":true,"href":"https:\/\/www.urlaubcornwall.de\/blog\/wp-json\/wp\/v2\/users\/1"}],"replies":[{"embeddable":true,"href":"https:\/\/www.urlaubcornwall.de\/blog\/wp-json\/wp\/v2\/comments?post=16503"}],"version-history":[{"count":16,"href":"https:\/\/www.urlaubcornwall.de\/blog\/wp-json\/wp\/v2\/pages\/16503\/revisions"}],"predecessor-version":[{"id":49917,"href":"https:\/\/www.urlaubcornwall.de\/blog\/wp-json\/wp\/v2\/pages\/16503\/revisions\/49917"}],"wp:attachment":[{"href":"https:\/\/www.urlaubcornwall.de\/blog\/wp-json\/wp\/v2\/media?parent=16503"}],"curies":[{"name":"wp","href":"https:\/\/api.w.org\/{rel}","templated":true}]}}