{"id":16494,"date":"2014-09-07T14:48:34","date_gmt":"2014-09-07T14:48:34","guid":{"rendered":"https:\/\/www.urlaubcornwall.de\/blog\/?page_id=16494"},"modified":"2024-05-29T07:47:05","modified_gmt":"2024-05-29T07:47:05","slug":"unsere-beliebtesten-hotels-in-ferienorten-in-der-naehe-vieler-attraktionen-cornwalls","status":"publish","type":"page","link":"https:\/\/www.urlaubcornwall.de\/blog\/unsere-beliebtesten-hotels-in-ferienorten-in-der-naehe-vieler-attraktionen-cornwalls\/","title":{"rendered":"Unsere beliebtesten Hotels in Ferienorten in der N\u00e4he vieler Attraktionen Cornwalls."},"content":{"rendered":"<p><a href=\"https:\/\/www.urlaubcornwall.de\/blog\/wp-content\/uploads\/2024\/03\/michaels-mount.jpg\"><img loading=\"lazy\" src=\"https:\/\/www.urlaubcornwall.de\/blog\/wp-content\/uploads\/2024\/03\/michaels-mount.jpg\" alt=\"st michaels mount\" width=\"749\" height=\"450\" class=\"alignnone size-full wp-image-47787\" srcset=\"https:\/\/www.urlaubcornwall.de\/blog\/wp-content\/uploads\/2024\/03\/michaels-mount.jpg 749w, https:\/\/www.urlaubcornwall.de\/blog\/wp-content\/uploads\/2024\/03\/michaels-mount-300x180.jpg 300w\" sizes=\"(max-width: 749px) 100vw, 749px\" \/><\/a><br \/>\nMit Sitz in Cornwall bietet Ihnen <a href=\"https:\/\/www.urlaubcornwall.de\/\">UrlaubCornwall.de<\/a> eine Auswahl handverlesener Hotels an beliebten Ferienorten, St\u00e4dten und D\u00f6rfern, sowie in der N\u00e4he vieler wohl bekannter Attraktionen. Wir stellen unsere beliebtesten Familienhotels, Boutiquehotels, Luxushotels und auch preisg\u00fcnstigere Unterkunftsm\u00f6glichkeiten vor.<br \/>\n<ins class=\"bookingaff\" data-aid=\"1698128\" data-target_aid=\"1698128\" data-prod=\"map\" data-width=\"100%\" data-height=\"590\" data-lang=\"ualng\" data-dest_id=\"0\" data-dest_type=\"landmark\" data-latitude=\"50.415497\" data-longitude=\"-5.073719\" data-landmark_name=\"Besten Hotels in Cornwall\" data-mwhsb=\"1\"><br \/>\n    <!-- Anything inside will go away once widget is loaded. --><br \/>\n        <a href=\"\/\/www.booking.com?aid=1698128\"rel=\"nofollow\">Booking.com<\/a><br \/>\n<\/ins><br \/>\n<script type=\"text\/javascript\">\n    (function(d, sc, u) {\n      var s = d.createElement(sc), p = d.getElementsByTagName(sc)[0];\n      s.type = 'text\/javascript';\n      s.async = true;\n      s.src = u + '?v=' + (+new Date());\n      p.parentNode.insertBefore(s,p);\n      })(document, 'script', '\/\/aff.bstatic.com\/static\/affiliate_base\/js\/flexiproduct.js');\n<\/script><\/p>\n<p>Englands sch\u00f6nstes Urlaubsziel: <a href=\"https:\/\/www.urlaubcornwall.de\/hotels.php\">Ihr Traumurlaub beginnt hier!<\/a> Urlaub, Reisen, Cornwall, S\u00fcdengland: eine perfekte Kombination.<\/p>\n<table width=\"740 \">\n<tbody>\n<tr>\n<td width=\"107\"><strong>B<\/strong><\/td>\n<td width=\"129\"><strong>M<\/strong><\/td>\n<td width=\"64\"><strong>S<\/strong><\/td>\n<\/tr>\n<tr>\n<td><a href=\"https:\/\/www.urlaubcornwall.de\/blog\/hotels-in-boscastle-handverlesene-hotels-in-cornwall\/\"><span style=\"text-decoration: underline;\">Boscastle<\/span><\/a><\/td>\n<td><a href=\"https:\/\/www.urlaubcornwall.de\/blog\/2012\/04\/das-trevalsa-court-ist-ein-englisches-landhaus-am-meer-in-mevagissey-ein-stilvolles-boutique-hotel-in-malerischer-ruhiger-umgebung\/\"><span style=\"text-decoration: underline;\">Mevagissey<\/span><\/a><\/td>\n<td><a href=\"http:\/\/www.urlaubcornwall.de\/Scilly-Inseln.php\"><span style=\"text-decoration: underline;\">Scilly Isles<\/span><\/a><\/td>\n<\/tr>\n<tr>\n<td><a href=\"https:\/\/www.urlaubcornwall.de\/blog\/hotels-in-bude-handverlesene-hotels-in-cornwall\/\"><span style=\"text-decoration: underline;\">Bude<\/span><\/a><\/td>\n<td><a href=\"https:\/\/www.urlaubcornwall.de\/blog\/hotels-mousehole-handverlesene-hotels-in-cornwall\/\"><span style=\"text-decoration: underline;\">Mousehole<\/span><\/a><\/td>\n<td><a href=\"https:\/\/www.urlaubcornwall.de\/blog\/hotel-am-meer-st-michaels-mount-godolphin-arms-marazion-westcornwall\/\"><span style=\"text-decoration: underline;\">St Michaels Mount<\/span><\/a><\/td>\n<\/tr>\n<tr>\n<td><strong>D<\/strong><\/td>\n<td><strong>N<\/strong><\/td>\n<td><a href=\"https:\/\/www.urlaubcornwall.de\/blog\/hotels-st-agnes-handverlesene-hotels-in-cornwall\/\"><span style=\"text-decoration: underline;\">St Agnes<\/span><\/a><\/td>\n<\/tr>\n<tr>\n<td><a href=\"https:\/\/www.urlaubcornwall.de\/blog\/2014\/02\/schoene-hotels-dartmoor\/\"><span style=\"text-decoration: underline;\">Dartmoor<\/span><\/a><\/td>\n<td><a href=\"https:\/\/www.urlaubcornwall.de\/blog\/2013\/01\/hotels-newquay\/\"><span style=\"text-decoration: underline;\">Newquay<\/span><\/a><\/td>\n<td><a href=\"https:\/\/www.urlaubcornwall.de\/blog\/carlyon-bay-hotel-ein-4-sterne-hotel-an-der-suedkueste-von-cornwall-in-spektakulaerer-lage\/\"><span style=\"text-decoration: underline;\">St Austell<\/span><\/a><\/td>\n<\/tr>\n<tr>\n<td><strong>E<\/strong><\/td>\n<td><strong>P<\/strong><\/td>\n<td><a href=\"https:\/\/www.urlaubcornwall.de\/blog\/hotels-st-ives-handverlesene-hotels-in-cornwall\/\"><span style=\"text-decoration: underline;\">St Ives<\/span><\/a><\/td>\n<\/tr>\n<tr>\n<td><a href=\"https:\/\/www.urlaubcornwall.de\/blog\/hotels-in-der-naehe-eden-project-handverlesene-hotels-in-cornwall\/\"><span style=\"text-decoration: underline;\">Eden Project<\/span><\/a><\/td>\n<td><a href=\"https:\/\/www.urlaubcornwall.de\/blog\/hotels-padstow-handverlesene-hotels-in-cornwall\/\"><span style=\"text-decoration: underline;\">Padstow<\/span><\/a><\/td>\n<td><a href=\"https:\/\/www.urlaubcornwall.de\/blog\/hotels-st-mawes-handverlesene-hotels-in-cornwall\/\"><span style=\"text-decoration: underline;\">St Mawes<\/span><\/a><\/td>\n<\/tr>\n<tr>\n<td><strong>F<\/strong><\/td>\n<td><a href=\"https:\/\/www.urlaubcornwall.de\/blog\/hotels-penzance-handverlesene-hotels-in-cornwall\/\"><span style=\"text-decoration: underline;\">Penzance<\/span><\/a><\/td>\n<td><strong>T<\/strong><\/td>\n<\/tr>\n<tr>\n<td><a href=\"https:\/\/www.urlaubcornwall.de\/blog\/hotels-falmouth-meer-und-der-schoenen-landschaft\/\"><span style=\"text-decoration: underline;\">Falmouth<\/span><\/a><\/td>\n<td><a href=\"https:\/\/www.urlaubcornwall.de\/blog\/hotels-polperro-handverlesene-hotels-in-cornwall\/\"><span style=\"text-decoration: underline;\">Polperro<\/span><\/a><\/td>\n<td><a href=\"https:\/\/www.urlaubcornwall.de\/blog\/hotels-tintagel-handverlesene-hotels-in-cornwall\/\"><span style=\"text-decoration: underline;\">Tintagel<\/span><\/a><\/td>\n<\/tr>\n<tr>\n<td><a href=\"https:\/\/www.urlaubcornwall.de\/blog\/2013\/01\/fowey-hotels\/\"><span style=\"text-decoration: underline;\">Fowey<\/span><\/a><\/td>\n<td><a href=\"https:\/\/www.urlaubcornwall.de\/blog\/hotels-wadebridge-handverlesene-hotels-in-cornwall\/\"><span style=\"text-decoration: underline;\">Polzeath<\/span><\/a><\/td>\n<td><a href=\"http:\/\/www.urlaubcornwall.de\/Scilly-Inseln-Tresco.php\"><span style=\"text-decoration: underline;\">Tresco<\/span><\/a><\/td>\n<\/tr>\n<tr>\n<td><strong>L<\/strong><\/td>\n<td><strong>R<\/strong><\/td>\n<td><a href=\"https:\/\/www.urlaubcornwall.de\/blog\/hotels-truro-handverlesene-hotels-in-cornwall\/\"><span style=\"text-decoration: underline;\">Truro<\/span><\/a><\/td>\n<\/tr>\n<tr>\n<td><a href=\"https:\/\/www.urlaubcornwall.de\/blog\/2013\/01\/lands-end-hotels\/\"><span style=\"text-decoration: underline;\">Lands End<\/span><\/a><\/td>\n<td><a href=\"https:\/\/www.urlaubcornwall.de\/blog\/hotels-wadebridge-handverlesene-hotels-in-cornwall\/\"><span style=\"text-decoration: underline;\">Rock<\/span><\/a><\/td>\n<td><strong>W<\/strong><\/td>\n<\/tr>\n<tr>\n<td><a href=\"https:\/\/www.urlaubcornwall.de\/blog\/hotels-in-lizard-halbinsel-handverlesene-hotels-in-cornwall\/\"><span style=\"text-decoration: underline;\">Lizard-Halbinsel<\/span><\/a><\/td>\n<td><a href=\"https:\/\/www.urlaubcornwall.de\/blog\/2013\/01\/hotels-roseland-halbinsel-2\/\"><span style=\"text-decoration: underline;\">Roseland-Halbinsel<\/span><\/a><\/td>\n<td><a href=\"https:\/\/www.urlaubcornwall.de\/blog\/hotels-wadebridge-handverlesene-hotels-in-cornwall\/\"><span style=\"text-decoration: underline;\">Wadebridge<\/span><\/a><\/td>\n<\/tr>\n<tr>\n<td><a href=\"https:\/\/www.urlaubcornwall.de\/blog\/hotels-polperro-handverlesene-hotels-in-cornwall\/\"><span style=\"text-decoration: underline;\">Looe<\/span><\/a><\/td>\n<td>&nbsp;<\/td>\n<td>&nbsp;<\/td>\n<\/tr>\n<\/tbody>\n<\/table>\n","protected":false},"excerpt":{"rendered":"<p>Mit Sitz in Cornwall bietet Ihnen UrlaubCornwall.de eine Auswahl handverlesener Hotels an beliebten Ferienorten, St\u00e4dten und D\u00f6rfern, sowie in der N\u00e4he vieler wohl bekannter Attraktionen. Wir stellen unsere beliebtesten Familienhotels, Boutiquehotels, Luxushotels und auch preisg\u00fcnstigere Unterkunftsm\u00f6glichkeiten vor. Booking.com Englands sch\u00f6nstes Urlaubsziel: Ihr Traumurlaub beginnt hier! Urlaub, Reisen, Cornwall, S\u00fcdengland: eine perfekte Kombination. B M S [&hellip;]<\/p>\n","protected":false},"author":1,"featured_media":0,"parent":0,"menu_order":0,"comment_status":"closed","ping_status":"closed","template":"single-four.php","meta":[],"acf":[],"yoast_head":"<!-- This site is optimized with the Yoast SEO plugin v19.4 - https:\/\/yoast.com\/wordpress\/plugins\/seo\/ -->\n<title>Unsere beliebtesten Hotels in Ferienorten in der N\u00e4he vieler Attraktionen Cornwalls. - Urlaub &amp; Reisen<\/title>\n<meta name=\"robots\" content=\"index, follow, max-snippet:-1, max-image-preview:large, max-video-preview:-1\" \/>\n<link rel=\"canonical\" href=\"https:\/\/www.urlaubcornwall.de\/blog\/unsere-beliebtesten-hotels-in-ferienorten-in-der-naehe-vieler-attraktionen-cornwalls\/\" \/>\n<meta property=\"og:locale\" content=\"en_US\" \/>\n<meta property=\"og:type\" content=\"article\" \/>\n<meta property=\"og:title\" content=\"Unsere beliebtesten Hotels in Ferienorten in der N\u00e4he vieler Attraktionen Cornwalls. - Urlaub &amp; Reisen\" \/>\n<meta property=\"og:description\" content=\"Mit Sitz in Cornwall bietet Ihnen UrlaubCornwall.de eine Auswahl handverlesener Hotels an beliebten Ferienorten, St\u00e4dten und D\u00f6rfern, sowie in der N\u00e4he vieler wohl bekannter Attraktionen. Wir stellen unsere beliebtesten Familienhotels, Boutiquehotels, Luxushotels und auch preisg\u00fcnstigere Unterkunftsm\u00f6glichkeiten vor. Booking.com Englands sch\u00f6nstes Urlaubsziel: Ihr Traumurlaub beginnt hier! Urlaub, Reisen, Cornwall, S\u00fcdengland: eine perfekte Kombination. B M S [&hellip;]\" \/>\n<meta property=\"og:url\" content=\"https:\/\/www.urlaubcornwall.de\/blog\/unsere-beliebtesten-hotels-in-ferienorten-in-der-naehe-vieler-attraktionen-cornwalls\/\" \/>\n<meta property=\"og:site_name\" content=\"Urlaub &amp; Reisen\" \/>\n<meta property=\"article:modified_time\" content=\"2024-05-29T07:47:05+00:00\" \/>\n<meta property=\"og:image\" content=\"https:\/\/www.urlaubcornwall.de\/blog\/wp-content\/uploads\/2024\/03\/michaels-mount.jpg\" \/>\n<meta name=\"twitter:card\" content=\"summary\" \/>\n<meta name=\"twitter:label1\" content=\"Est. reading time\" \/>\n\t<meta name=\"twitter:data1\" content=\"1 minute\" \/>\n<script type=\"application\/ld+json\" class=\"yoast-schema-graph\">{\"@context\":\"https:\/\/schema.org\",\"@graph\":[{\"@type\":\"WebSite\",\"@id\":\"https:\/\/www.urlaubcornwall.de\/blog\/#website\",\"url\":\"https:\/\/www.urlaubcornwall.de\/blog\/\",\"name\":\"Urlaub &amp; Reisen\",\"description\":\"Urlaub, Reisen, Cornwall und S\u00fcdengland: eine perfekte Kombination\",\"potentialAction\":[{\"@type\":\"SearchAction\",\"target\":{\"@type\":\"EntryPoint\",\"urlTemplate\":\"https:\/\/www.urlaubcornwall.de\/blog\/?s={search_term_string}\"},\"query-input\":\"required name=search_term_string\"}],\"inLanguage\":\"en-US\"},{\"@type\":\"WebPage\",\"@id\":\"https:\/\/www.urlaubcornwall.de\/blog\/unsere-beliebtesten-hotels-in-ferienorten-in-der-naehe-vieler-attraktionen-cornwalls\/\",\"url\":\"https:\/\/www.urlaubcornwall.de\/blog\/unsere-beliebtesten-hotels-in-ferienorten-in-der-naehe-vieler-attraktionen-cornwalls\/\",\"name\":\"Unsere beliebtesten Hotels in Ferienorten in der N\u00e4he vieler Attraktionen Cornwalls. - Urlaub &amp; Reisen\",\"isPartOf\":{\"@id\":\"https:\/\/www.urlaubcornwall.de\/blog\/#website\"},\"datePublished\":\"2014-09-07T14:48:34+00:00\",\"dateModified\":\"2024-05-29T07:47:05+00:00\",\"breadcrumb\":{\"@id\":\"https:\/\/www.urlaubcornwall.de\/blog\/unsere-beliebtesten-hotels-in-ferienorten-in-der-naehe-vieler-attraktionen-cornwalls\/#breadcrumb\"},\"inLanguage\":\"en-US\",\"potentialAction\":[{\"@type\":\"ReadAction\",\"target\":[\"https:\/\/www.urlaubcornwall.de\/blog\/unsere-beliebtesten-hotels-in-ferienorten-in-der-naehe-vieler-attraktionen-cornwalls\/\"]}]},{\"@type\":\"BreadcrumbList\",\"@id\":\"https:\/\/www.urlaubcornwall.de\/blog\/unsere-beliebtesten-hotels-in-ferienorten-in-der-naehe-vieler-attraktionen-cornwalls\/#breadcrumb\",\"itemListElement\":[{\"@type\":\"ListItem\",\"position\":1,\"name\":\"Home\",\"item\":\"https:\/\/www.urlaubcornwall.de\/blog\/\"},{\"@type\":\"ListItem\",\"position\":2,\"name\":\"Unsere beliebtesten Hotels in Ferienorten in der N\u00e4he vieler Attraktionen Cornwalls.\"}]}]}<\/script>\n<!-- \/ Yoast SEO plugin. -->","yoast_head_json":{"title":"Unsere beliebtesten Hotels in Ferienorten in der N\u00e4he vieler Attraktionen Cornwalls. - Urlaub &amp; Reisen","robots":{"index":"index","follow":"follow","max-snippet":"max-snippet:-1","max-image-preview":"max-image-preview:large","max-video-preview":"max-video-preview:-1"},"canonical":"https:\/\/www.urlaubcornwall.de\/blog\/unsere-beliebtesten-hotels-in-ferienorten-in-der-naehe-vieler-attraktionen-cornwalls\/","og_locale":"en_US","og_type":"article","og_title":"Unsere beliebtesten Hotels in Ferienorten in der N\u00e4he vieler Attraktionen Cornwalls. - Urlaub &amp; Reisen","og_description":"Mit Sitz in Cornwall bietet Ihnen UrlaubCornwall.de eine Auswahl handverlesener Hotels an beliebten Ferienorten, St\u00e4dten und D\u00f6rfern, sowie in der N\u00e4he vieler wohl bekannter Attraktionen. Wir stellen unsere beliebtesten Familienhotels, Boutiquehotels, Luxushotels und auch preisg\u00fcnstigere Unterkunftsm\u00f6glichkeiten vor. Booking.com Englands sch\u00f6nstes Urlaubsziel: Ihr Traumurlaub beginnt hier! Urlaub, Reisen, Cornwall, S\u00fcdengland: eine perfekte Kombination. B M S [&hellip;]","og_url":"https:\/\/www.urlaubcornwall.de\/blog\/unsere-beliebtesten-hotels-in-ferienorten-in-der-naehe-vieler-attraktionen-cornwalls\/","og_site_name":"Urlaub &amp; Reisen","article_modified_time":"2024-05-29T07:47:05+00:00","og_image":[{"url":"https:\/\/www.urlaubcornwall.de\/blog\/wp-content\/uploads\/2024\/03\/michaels-mount.jpg"}],"twitter_card":"summary","twitter_misc":{"Est. reading time":"1 minute"},"schema":{"@context":"https:\/\/schema.org","@graph":[{"@type":"WebSite","@id":"https:\/\/www.urlaubcornwall.de\/blog\/#website","url":"https:\/\/www.urlaubcornwall.de\/blog\/","name":"Urlaub &amp; Reisen","description":"Urlaub, Reisen, Cornwall und S\u00fcdengland: eine perfekte Kombination","potentialAction":[{"@type":"SearchAction","target":{"@type":"EntryPoint","urlTemplate":"https:\/\/www.urlaubcornwall.de\/blog\/?s={search_term_string}"},"query-input":"required name=search_term_string"}],"inLanguage":"en-US"},{"@type":"WebPage","@id":"https:\/\/www.urlaubcornwall.de\/blog\/unsere-beliebtesten-hotels-in-ferienorten-in-der-naehe-vieler-attraktionen-cornwalls\/","url":"https:\/\/www.urlaubcornwall.de\/blog\/unsere-beliebtesten-hotels-in-ferienorten-in-der-naehe-vieler-attraktionen-cornwalls\/","name":"Unsere beliebtesten Hotels in Ferienorten in der N\u00e4he vieler Attraktionen Cornwalls. - Urlaub &amp; Reisen","isPartOf":{"@id":"https:\/\/www.urlaubcornwall.de\/blog\/#website"},"datePublished":"2014-09-07T14:48:34+00:00","dateModified":"2024-05-29T07:47:05+00:00","breadcrumb":{"@id":"https:\/\/www.urlaubcornwall.de\/blog\/unsere-beliebtesten-hotels-in-ferienorten-in-der-naehe-vieler-attraktionen-cornwalls\/#breadcrumb"},"inLanguage":"en-US","potentialAction":[{"@type":"ReadAction","target":["https:\/\/www.urlaubcornwall.de\/blog\/unsere-beliebtesten-hotels-in-ferienorten-in-der-naehe-vieler-attraktionen-cornwalls\/"]}]},{"@type":"BreadcrumbList","@id":"https:\/\/www.urlaubcornwall.de\/blog\/unsere-beliebtesten-hotels-in-ferienorten-in-der-naehe-vieler-attraktionen-cornwalls\/#breadcrumb","itemListElement":[{"@type":"ListItem","position":1,"name":"Home","item":"https:\/\/www.urlaubcornwall.de\/blog\/"},{"@type":"ListItem","position":2,"name":"Unsere beliebtesten Hotels in Ferienorten in der N\u00e4he vieler Attraktionen Cornwalls."}]}]}},"_links":{"self":[{"href":"https:\/\/www.urlaubcornwall.de\/blog\/wp-json\/wp\/v2\/pages\/16494"}],"collection":[{"href":"https:\/\/www.urlaubcornwall.de\/blog\/wp-json\/wp\/v2\/pages"}],"about":[{"href":"https:\/\/www.urlaubcornwall.de\/blog\/wp-json\/wp\/v2\/types\/page"}],"author":[{"embeddable":true,"href":"https:\/\/www.urlaubcornwall.de\/blog\/wp-json\/wp\/v2\/users\/1"}],"replies":[{"embeddable":true,"href":"https:\/\/www.urlaubcornwall.de\/blog\/wp-json\/wp\/v2\/comments?post=16494"}],"version-history":[{"count":23,"href":"https:\/\/www.urlaubcornwall.de\/blog\/wp-json\/wp\/v2\/pages\/16494\/revisions"}],"predecessor-version":[{"id":50523,"href":"https:\/\/www.urlaubcornwall.de\/blog\/wp-json\/wp\/v2\/pages\/16494\/revisions\/50523"}],"wp:attachment":[{"href":"https:\/\/www.urlaubcornwall.de\/blog\/wp-json\/wp\/v2\/media?parent=16494"}],"curies":[{"name":"wp","href":"https:\/\/api.w.org\/{rel}","templated":true}]}}