{"id":16492,"date":"2014-09-07T14:31:04","date_gmt":"2014-09-07T14:31:04","guid":{"rendered":"https:\/\/www.urlaubcornwall.de\/blog\/?page_id=16492"},"modified":"2021-09-02T12:13:59","modified_gmt":"2021-09-02T12:13:59","slug":"ferienhaus-glastonbury-south-hill-cottage","status":"publish","type":"page","link":"https:\/\/www.urlaubcornwall.de\/blog\/ferienhaus-glastonbury-south-hill-cottage\/","title":{"rendered":"Ferienhaus Glastonbury &#8211; South Hill Cottage"},"content":{"rendered":"<p>2 Schlafzimmer,Schlafplatz f\u00fcr 4, leider keine Haustiere erlaubt, Ferienhaus 5.8 Kilometer SO von Weston-super-Mare, Somerset (\u00a3348 &#8211; \u00a3801)<\/p>\n<p>Lakeside Barns bietet einen wundervoll friedlichen Hintergrund f\u00fcr Urlaub am S\u00fcdwestrand der Mendip H\u00fcgel in der N\u00e4he der Nordk\u00fcste Somersets. Es ist sehr leicht erreichbar von der Autobahn M5 aus und liegt in einem malerischen Tal, wo einige von Somersets ber\u00fchmtesten Cidre Obstg\u00e4rten wachsen, direkt vor dem h\u00fcbschen Dorf Bleadon. Die komfortablen Reihenh\u00e4user, Scheunenumbauten, sind die ideale Wahl, wenn Sie diesen wundersch\u00f6nen Teil Somersets erkunden wollen. Wells, Glastonbury, Cheddar Gorge und die uralten Somerset Levels befinden sich nur eine kurze Autofahrt entfernt, und die endlos sich hinziehenden Sandstr\u00e4nde bei Uphill und Weston-super-Mare sind sogar noch n\u00e4her gelegen.<\/p>\n<p style=\"text-align: center;\"><a class=\"tidycta\" href=\"https:\/\/www.urlaubcornwall.de\/ferienhaeuser-fewos\/eng\/somerset\/glastonbury.html\">Suche Ferienh\u00e4user Glastonbury<\/a><\/p>\n<p>F\u00fcr begierige Wanderer ist dies die perfekte Ausgangsbasis, um den S\u00fcdwest-K\u00fcstenpfad oder den Mendip Way entlang zu marschieren. Der freundliche Hof mit Schafen, kleinen Shetland Ponys, Enten, G\u00e4nsen und H\u00fchnern bietet auch eine herrliche Rasenfl\u00e4che mit Picknicktischen am Ententeich und Blick \u00fcber die Stallungen zum Obstgarten hin an den H\u00fcgeln, die sich vom Tal aus erheben.<br \/>\nDer Besitzer hat einen W\u00e4scheraum, den G\u00e4ste auf Nachfrage hin benutzen k\u00f6nnen.<\/p>\n<p><strong>M\u00f6glichkeiten &amp; Services<\/strong><\/p>\n<p>einschlie\u00dflich \u2013 Heizung \u2013 durchg\u00e4ngig Fu\u00dfbodenheizung, WiFi<\/p>\n<p><strong>Verschiedenes<\/strong><\/p>\n<p>\u2022 private Parkm\u00f6glichkeit f\u00fcr 2 Autos<br \/>\n\u2022 Freisitzm\u00f6bel und Picknicktische (f\u00fcr die Allgemeinheit)<br \/>\n\u2022 Einkaufsladen: 1,5 Meilen<br \/>\n\u2022 Kneipe: 1,5 Meilen<br \/>\n\u2022 Golfplatz (9Loch): 3 Meilen<br \/>\n\u2022 Reitst\u00e4lle: 12 Meilen<br \/>\n\u2022 keine Kinder unter 13 Jahren<br \/>\n\u2022 Nichtraucher<br \/>\n\u2022 keine Haustiere erlaubt<br \/>\n\u2022 Ankunft\/Abreise Freitag<\/p>\n<p style=\"text-align: center;\"><a class=\"tidycta\" href=\"https:\/\/www.urlaubcornwall.de\/ferienhaeuser-fewos\/eng\/somerset\/glastonbury.html\">Suche Ferienh\u00e4user Glastonbury<\/a><\/p>\n<p>Um UrlaubCornwall.de einzigartige Kollektion nach Ihrem idealen Ferienhaus zu durchsuchen. <a href=\"https:\/\/www.urlaubcornwall.de\/ferienhaeuser-fewos\/eng\/somerset\/somerset.html\"><span style=\"text-decoration: underline;\">Klicken Sie hier<\/span> &gt;&gt;<\/a><\/p>\n","protected":false},"excerpt":{"rendered":"<p>2 Schlafzimmer,Schlafplatz f\u00fcr 4, leider keine Haustiere erlaubt, Ferienhaus 5.8 Kilometer SO von Weston-super-Mare, Somerset (\u00a3348 &#8211; \u00a3801) Lakeside Barns bietet einen wundervoll friedlichen Hintergrund f\u00fcr Urlaub am S\u00fcdwestrand der Mendip H\u00fcgel in der N\u00e4he der Nordk\u00fcste Somersets. Es ist sehr leicht erreichbar von der Autobahn M5 aus und liegt in einem malerischen Tal, wo [&hellip;]<\/p>\n","protected":false},"author":1,"featured_media":0,"parent":0,"menu_order":0,"comment_status":"closed","ping_status":"closed","template":"single-two.php","meta":[],"acf":[],"yoast_head":"<!-- This site is optimized with the Yoast SEO plugin v19.4 - https:\/\/yoast.com\/wordpress\/plugins\/seo\/ -->\n<title>Ferienhaus Glastonbury - South Hill Cottage - Urlaub &amp; Reisen<\/title>\n<meta name=\"robots\" content=\"index, follow, max-snippet:-1, max-image-preview:large, max-video-preview:-1\" \/>\n<link rel=\"canonical\" href=\"https:\/\/www.urlaubcornwall.de\/blog\/ferienhaus-glastonbury-south-hill-cottage\/\" \/>\n<meta property=\"og:locale\" content=\"en_US\" \/>\n<meta property=\"og:type\" content=\"article\" \/>\n<meta property=\"og:title\" content=\"Ferienhaus Glastonbury - South Hill Cottage - Urlaub &amp; Reisen\" \/>\n<meta property=\"og:description\" content=\"2 Schlafzimmer,Schlafplatz f\u00fcr 4, leider keine Haustiere erlaubt, Ferienhaus 5.8 Kilometer SO von Weston-super-Mare, Somerset (\u00a3348 &#8211; \u00a3801) Lakeside Barns bietet einen wundervoll friedlichen Hintergrund f\u00fcr Urlaub am S\u00fcdwestrand der Mendip H\u00fcgel in der N\u00e4he der Nordk\u00fcste Somersets. Es ist sehr leicht erreichbar von der Autobahn M5 aus und liegt in einem malerischen Tal, wo [&hellip;]\" \/>\n<meta property=\"og:url\" content=\"https:\/\/www.urlaubcornwall.de\/blog\/ferienhaus-glastonbury-south-hill-cottage\/\" \/>\n<meta property=\"og:site_name\" content=\"Urlaub &amp; Reisen\" \/>\n<meta property=\"article:modified_time\" content=\"2021-09-02T12:13:59+00:00\" \/>\n<meta name=\"twitter:card\" content=\"summary\" \/>\n<meta name=\"twitter:label1\" content=\"Est. reading time\" \/>\n\t<meta name=\"twitter:data1\" content=\"1 minute\" \/>\n<script type=\"application\/ld+json\" class=\"yoast-schema-graph\">{\"@context\":\"https:\/\/schema.org\",\"@graph\":[{\"@type\":\"WebSite\",\"@id\":\"https:\/\/www.urlaubcornwall.de\/blog\/#website\",\"url\":\"https:\/\/www.urlaubcornwall.de\/blog\/\",\"name\":\"Urlaub &amp; Reisen\",\"description\":\"Urlaub, Reisen, Cornwall und S\u00fcdengland: eine perfekte Kombination\",\"potentialAction\":[{\"@type\":\"SearchAction\",\"target\":{\"@type\":\"EntryPoint\",\"urlTemplate\":\"https:\/\/www.urlaubcornwall.de\/blog\/?s={search_term_string}\"},\"query-input\":\"required name=search_term_string\"}],\"inLanguage\":\"en-US\"},{\"@type\":\"WebPage\",\"@id\":\"https:\/\/www.urlaubcornwall.de\/blog\/ferienhaus-glastonbury-south-hill-cottage\/\",\"url\":\"https:\/\/www.urlaubcornwall.de\/blog\/ferienhaus-glastonbury-south-hill-cottage\/\",\"name\":\"Ferienhaus Glastonbury - South Hill Cottage - Urlaub &amp; Reisen\",\"isPartOf\":{\"@id\":\"https:\/\/www.urlaubcornwall.de\/blog\/#website\"},\"datePublished\":\"2014-09-07T14:31:04+00:00\",\"dateModified\":\"2021-09-02T12:13:59+00:00\",\"breadcrumb\":{\"@id\":\"https:\/\/www.urlaubcornwall.de\/blog\/ferienhaus-glastonbury-south-hill-cottage\/#breadcrumb\"},\"inLanguage\":\"en-US\",\"potentialAction\":[{\"@type\":\"ReadAction\",\"target\":[\"https:\/\/www.urlaubcornwall.de\/blog\/ferienhaus-glastonbury-south-hill-cottage\/\"]}]},{\"@type\":\"BreadcrumbList\",\"@id\":\"https:\/\/www.urlaubcornwall.de\/blog\/ferienhaus-glastonbury-south-hill-cottage\/#breadcrumb\",\"itemListElement\":[{\"@type\":\"ListItem\",\"position\":1,\"name\":\"Home\",\"item\":\"https:\/\/www.urlaubcornwall.de\/blog\/\"},{\"@type\":\"ListItem\",\"position\":2,\"name\":\"Ferienhaus Glastonbury &#8211; South Hill Cottage\"}]}]}<\/script>\n<!-- \/ Yoast SEO plugin. -->","yoast_head_json":{"title":"Ferienhaus Glastonbury - South Hill Cottage - Urlaub &amp; Reisen","robots":{"index":"index","follow":"follow","max-snippet":"max-snippet:-1","max-image-preview":"max-image-preview:large","max-video-preview":"max-video-preview:-1"},"canonical":"https:\/\/www.urlaubcornwall.de\/blog\/ferienhaus-glastonbury-south-hill-cottage\/","og_locale":"en_US","og_type":"article","og_title":"Ferienhaus Glastonbury - South Hill Cottage - Urlaub &amp; Reisen","og_description":"2 Schlafzimmer,Schlafplatz f\u00fcr 4, leider keine Haustiere erlaubt, Ferienhaus 5.8 Kilometer SO von Weston-super-Mare, Somerset (\u00a3348 &#8211; \u00a3801) Lakeside Barns bietet einen wundervoll friedlichen Hintergrund f\u00fcr Urlaub am S\u00fcdwestrand der Mendip H\u00fcgel in der N\u00e4he der Nordk\u00fcste Somersets. Es ist sehr leicht erreichbar von der Autobahn M5 aus und liegt in einem malerischen Tal, wo [&hellip;]","og_url":"https:\/\/www.urlaubcornwall.de\/blog\/ferienhaus-glastonbury-south-hill-cottage\/","og_site_name":"Urlaub &amp; Reisen","article_modified_time":"2021-09-02T12:13:59+00:00","twitter_card":"summary","twitter_misc":{"Est. reading time":"1 minute"},"schema":{"@context":"https:\/\/schema.org","@graph":[{"@type":"WebSite","@id":"https:\/\/www.urlaubcornwall.de\/blog\/#website","url":"https:\/\/www.urlaubcornwall.de\/blog\/","name":"Urlaub &amp; Reisen","description":"Urlaub, Reisen, Cornwall und S\u00fcdengland: eine perfekte Kombination","potentialAction":[{"@type":"SearchAction","target":{"@type":"EntryPoint","urlTemplate":"https:\/\/www.urlaubcornwall.de\/blog\/?s={search_term_string}"},"query-input":"required name=search_term_string"}],"inLanguage":"en-US"},{"@type":"WebPage","@id":"https:\/\/www.urlaubcornwall.de\/blog\/ferienhaus-glastonbury-south-hill-cottage\/","url":"https:\/\/www.urlaubcornwall.de\/blog\/ferienhaus-glastonbury-south-hill-cottage\/","name":"Ferienhaus Glastonbury - South Hill Cottage - Urlaub &amp; Reisen","isPartOf":{"@id":"https:\/\/www.urlaubcornwall.de\/blog\/#website"},"datePublished":"2014-09-07T14:31:04+00:00","dateModified":"2021-09-02T12:13:59+00:00","breadcrumb":{"@id":"https:\/\/www.urlaubcornwall.de\/blog\/ferienhaus-glastonbury-south-hill-cottage\/#breadcrumb"},"inLanguage":"en-US","potentialAction":[{"@type":"ReadAction","target":["https:\/\/www.urlaubcornwall.de\/blog\/ferienhaus-glastonbury-south-hill-cottage\/"]}]},{"@type":"BreadcrumbList","@id":"https:\/\/www.urlaubcornwall.de\/blog\/ferienhaus-glastonbury-south-hill-cottage\/#breadcrumb","itemListElement":[{"@type":"ListItem","position":1,"name":"Home","item":"https:\/\/www.urlaubcornwall.de\/blog\/"},{"@type":"ListItem","position":2,"name":"Ferienhaus Glastonbury &#8211; South Hill Cottage"}]}]}},"_links":{"self":[{"href":"https:\/\/www.urlaubcornwall.de\/blog\/wp-json\/wp\/v2\/pages\/16492"}],"collection":[{"href":"https:\/\/www.urlaubcornwall.de\/blog\/wp-json\/wp\/v2\/pages"}],"about":[{"href":"https:\/\/www.urlaubcornwall.de\/blog\/wp-json\/wp\/v2\/types\/page"}],"author":[{"embeddable":true,"href":"https:\/\/www.urlaubcornwall.de\/blog\/wp-json\/wp\/v2\/users\/1"}],"replies":[{"embeddable":true,"href":"https:\/\/www.urlaubcornwall.de\/blog\/wp-json\/wp\/v2\/comments?post=16492"}],"version-history":[{"count":5,"href":"https:\/\/www.urlaubcornwall.de\/blog\/wp-json\/wp\/v2\/pages\/16492\/revisions"}],"predecessor-version":[{"id":42497,"href":"https:\/\/www.urlaubcornwall.de\/blog\/wp-json\/wp\/v2\/pages\/16492\/revisions\/42497"}],"wp:attachment":[{"href":"https:\/\/www.urlaubcornwall.de\/blog\/wp-json\/wp\/v2\/media?parent=16492"}],"curies":[{"name":"wp","href":"https:\/\/api.w.org\/{rel}","templated":true}]}}