{"id":16490,"date":"2014-09-07T14:28:04","date_gmt":"2014-09-07T14:28:04","guid":{"rendered":"https:\/\/www.urlaubcornwall.de\/blog\/?page_id=16490"},"modified":"2021-09-02T11:42:16","modified_gmt":"2021-09-02T11:42:16","slug":"ferienhaus-lynmouth-orchard-cottage","status":"publish","type":"page","link":"https:\/\/www.urlaubcornwall.de\/blog\/ferienhaus-lynmouth-orchard-cottage\/","title":{"rendered":"Ferienhaus Lynmouth &#8211;  Orchard Cottage"},"content":{"rendered":"<p>3 Schlafzimmer,Schlafplatz f\u00fcr 6 + Kinderbett, leider keine Haustiere erlaubt, Ferienhaus mit Meerblick 8.5 Kilometer W von Minehead, Somerset. Preisspanne Q (\u00a3567 &#8211; \u00a31581)<\/p>\n<p>Dieses einzigartige freistehende Ferienhaus verf\u00fcgt \u00fcber Blick \u00fcber das h\u00fcbsche Dorf Porlock hinweg und zum Meer hin. Es ist eine ideale Ausgangsbasis f\u00fcr Wanderungen und Erkundungen. The Orchard ist au\u00dferordentlich ger\u00e4umig mit franz\u00f6sischen T\u00fcren zum Garten hin vom Mehrzweck-Wohnzimmer aus mit seinem herrlichen Holzofen und vom Studierzimmer\/Kleinkinderzimmer aus im ersten Stock. Der offene K\u00fcchen-\/ Wohnbereich schlie\u00dft sich an ein kleines Nebenzimmer an und bietet Raum f\u00fcr die gesamte Familie.<\/p>\n<p style=\"text-align: center;\"><a class=\"tidycta\" href=\"https:\/\/www.urlaubcornwall.de\/ferienhaeuser-fewos\/eng\/nord-devon\/lynmouth.html\">Suche Ferienh\u00e4user Lynmouth<\/a><\/p>\n<p>Die Schlafzimmer haben wundervollen Blick \u00fcber die G\u00e4rten, den Obstgarten und den Wald an der Spitze des H\u00fcgels, und das Hauptschlafzimmer r\u00fchmt sich seines Meeresblickes. Es gibt zwei \u00fcberdachte Freisitze und einen gro\u00dfen, eingeschlossenen terrassenf\u00f6rmig angelegten Garten, wie auch den Obstgarten, der dem Haus seinen Namen verleiht (sehr steil, seien Sie also vorsichtig), wo h\u00e4ufig Wild grast. Ein wahrhaft magischer Pfad durch privates Waldland trifft auf die Fu\u00dfwege, die nach Porlock Weir und zur K\u00fcste f\u00fchren, die sich eineinhalb Meilen entfernt befindet. Es dauert nur ein paar Minuten, um nach Porlock zu spazieren mit seinen Gesch\u00e4ften, Kneipen und Caf\u00e9s. Die K\u00fcste bietet eine Auswahl an breiten Sandstr\u00e4nden bei Minehead oder felsigen Ufern, wo der Exmoor National Park auf die Klippen trifft.<\/p>\n<p><strong>M\u00f6glichkeiten &amp; Services<\/strong><\/p>\n<p>einschlie\u00dflich \u2013 Heizung, Kinder-Reisebett, Hochstuhl, 2 Treppengitter, WiFi<\/p>\n<p><strong>Verschiedenes<\/strong><\/p>\n<p>\u2022 private Parkm\u00f6glichkeit f\u00fcr 3 Autos<br \/>\n\u2022 Gartenm\u00f6bel und Grill<br \/>\n\u2022 Einkaufsladen: 5 Meilen<br \/>\n\u2022 Kneipe: 400 Yards<br \/>\n\u2022 \u00f6ffentliche Telefonzelle: 400 Yards<br \/>\n\u2022 Nichtraucher<br \/>\n\u2022 keine Haustiere erlaubt<br \/>\n\u2022 Ankunft\/Abreise Samstag<\/p>\n<p style=\"text-align: center;\"><a class=\"tidycta\" href=\"https:\/\/www.urlaubcornwall.de\/ferienhaeuser-fewos\/eng\/nord-devon\/lynmouth.html\">Suche Ferienh\u00e4user Lynmouth<\/a><\/p>\n<p>Um UrlaubCornwall.de einzigartige Kollektion nach Ihrem idealen Ferienhaus zu durchsuchen. <a href=\"https:\/\/www.urlaubcornwall.de\/ferienhaeuser\/devon.php\"><span style=\"text-decoration: underline;\">Klicken Sie hier<\/span> &gt;&gt;<\/a><\/p>\n","protected":false},"excerpt":{"rendered":"<p>3 Schlafzimmer,Schlafplatz f\u00fcr 6 + Kinderbett, leider keine Haustiere erlaubt, Ferienhaus mit Meerblick 8.5 Kilometer W von Minehead, Somerset. Preisspanne Q (\u00a3567 &#8211; \u00a31581) Dieses einzigartige freistehende Ferienhaus verf\u00fcgt \u00fcber Blick \u00fcber das h\u00fcbsche Dorf Porlock hinweg und zum Meer hin. Es ist eine ideale Ausgangsbasis f\u00fcr Wanderungen und Erkundungen. The Orchard ist au\u00dferordentlich ger\u00e4umig [&hellip;]<\/p>\n","protected":false},"author":1,"featured_media":0,"parent":0,"menu_order":0,"comment_status":"closed","ping_status":"closed","template":"single-two.php","meta":[],"acf":[],"yoast_head":"<!-- This site is optimized with the Yoast SEO plugin v19.4 - https:\/\/yoast.com\/wordpress\/plugins\/seo\/ -->\n<title>Ferienhaus Lynmouth - Orchard Cottage - Urlaub &amp; Reisen<\/title>\n<meta name=\"robots\" content=\"index, follow, max-snippet:-1, max-image-preview:large, max-video-preview:-1\" \/>\n<link rel=\"canonical\" href=\"https:\/\/www.urlaubcornwall.de\/blog\/ferienhaus-lynmouth-orchard-cottage\/\" \/>\n<meta property=\"og:locale\" content=\"en_US\" \/>\n<meta property=\"og:type\" content=\"article\" \/>\n<meta property=\"og:title\" content=\"Ferienhaus Lynmouth - Orchard Cottage - Urlaub &amp; Reisen\" \/>\n<meta property=\"og:description\" content=\"3 Schlafzimmer,Schlafplatz f\u00fcr 6 + Kinderbett, leider keine Haustiere erlaubt, Ferienhaus mit Meerblick 8.5 Kilometer W von Minehead, Somerset. Preisspanne Q (\u00a3567 &#8211; \u00a31581) Dieses einzigartige freistehende Ferienhaus verf\u00fcgt \u00fcber Blick \u00fcber das h\u00fcbsche Dorf Porlock hinweg und zum Meer hin. Es ist eine ideale Ausgangsbasis f\u00fcr Wanderungen und Erkundungen. The Orchard ist au\u00dferordentlich ger\u00e4umig [&hellip;]\" \/>\n<meta property=\"og:url\" content=\"https:\/\/www.urlaubcornwall.de\/blog\/ferienhaus-lynmouth-orchard-cottage\/\" \/>\n<meta property=\"og:site_name\" content=\"Urlaub &amp; Reisen\" \/>\n<meta property=\"article:modified_time\" content=\"2021-09-02T11:42:16+00:00\" \/>\n<meta name=\"twitter:card\" content=\"summary\" \/>\n<meta name=\"twitter:label1\" content=\"Est. reading time\" \/>\n\t<meta name=\"twitter:data1\" content=\"1 minute\" \/>\n<script type=\"application\/ld+json\" class=\"yoast-schema-graph\">{\"@context\":\"https:\/\/schema.org\",\"@graph\":[{\"@type\":\"WebSite\",\"@id\":\"https:\/\/www.urlaubcornwall.de\/blog\/#website\",\"url\":\"https:\/\/www.urlaubcornwall.de\/blog\/\",\"name\":\"Urlaub &amp; Reisen\",\"description\":\"Urlaub, Reisen, Cornwall und S\u00fcdengland: eine perfekte Kombination\",\"potentialAction\":[{\"@type\":\"SearchAction\",\"target\":{\"@type\":\"EntryPoint\",\"urlTemplate\":\"https:\/\/www.urlaubcornwall.de\/blog\/?s={search_term_string}\"},\"query-input\":\"required name=search_term_string\"}],\"inLanguage\":\"en-US\"},{\"@type\":\"WebPage\",\"@id\":\"https:\/\/www.urlaubcornwall.de\/blog\/ferienhaus-lynmouth-orchard-cottage\/\",\"url\":\"https:\/\/www.urlaubcornwall.de\/blog\/ferienhaus-lynmouth-orchard-cottage\/\",\"name\":\"Ferienhaus Lynmouth - Orchard Cottage - Urlaub &amp; Reisen\",\"isPartOf\":{\"@id\":\"https:\/\/www.urlaubcornwall.de\/blog\/#website\"},\"datePublished\":\"2014-09-07T14:28:04+00:00\",\"dateModified\":\"2021-09-02T11:42:16+00:00\",\"breadcrumb\":{\"@id\":\"https:\/\/www.urlaubcornwall.de\/blog\/ferienhaus-lynmouth-orchard-cottage\/#breadcrumb\"},\"inLanguage\":\"en-US\",\"potentialAction\":[{\"@type\":\"ReadAction\",\"target\":[\"https:\/\/www.urlaubcornwall.de\/blog\/ferienhaus-lynmouth-orchard-cottage\/\"]}]},{\"@type\":\"BreadcrumbList\",\"@id\":\"https:\/\/www.urlaubcornwall.de\/blog\/ferienhaus-lynmouth-orchard-cottage\/#breadcrumb\",\"itemListElement\":[{\"@type\":\"ListItem\",\"position\":1,\"name\":\"Home\",\"item\":\"https:\/\/www.urlaubcornwall.de\/blog\/\"},{\"@type\":\"ListItem\",\"position\":2,\"name\":\"Ferienhaus Lynmouth &#8211; Orchard Cottage\"}]}]}<\/script>\n<!-- \/ Yoast SEO plugin. -->","yoast_head_json":{"title":"Ferienhaus Lynmouth - Orchard Cottage - Urlaub &amp; Reisen","robots":{"index":"index","follow":"follow","max-snippet":"max-snippet:-1","max-image-preview":"max-image-preview:large","max-video-preview":"max-video-preview:-1"},"canonical":"https:\/\/www.urlaubcornwall.de\/blog\/ferienhaus-lynmouth-orchard-cottage\/","og_locale":"en_US","og_type":"article","og_title":"Ferienhaus Lynmouth - Orchard Cottage - Urlaub &amp; Reisen","og_description":"3 Schlafzimmer,Schlafplatz f\u00fcr 6 + Kinderbett, leider keine Haustiere erlaubt, Ferienhaus mit Meerblick 8.5 Kilometer W von Minehead, Somerset. Preisspanne Q (\u00a3567 &#8211; \u00a31581) Dieses einzigartige freistehende Ferienhaus verf\u00fcgt \u00fcber Blick \u00fcber das h\u00fcbsche Dorf Porlock hinweg und zum Meer hin. Es ist eine ideale Ausgangsbasis f\u00fcr Wanderungen und Erkundungen. The Orchard ist au\u00dferordentlich ger\u00e4umig [&hellip;]","og_url":"https:\/\/www.urlaubcornwall.de\/blog\/ferienhaus-lynmouth-orchard-cottage\/","og_site_name":"Urlaub &amp; Reisen","article_modified_time":"2021-09-02T11:42:16+00:00","twitter_card":"summary","twitter_misc":{"Est. reading time":"1 minute"},"schema":{"@context":"https:\/\/schema.org","@graph":[{"@type":"WebSite","@id":"https:\/\/www.urlaubcornwall.de\/blog\/#website","url":"https:\/\/www.urlaubcornwall.de\/blog\/","name":"Urlaub &amp; Reisen","description":"Urlaub, Reisen, Cornwall und S\u00fcdengland: eine perfekte Kombination","potentialAction":[{"@type":"SearchAction","target":{"@type":"EntryPoint","urlTemplate":"https:\/\/www.urlaubcornwall.de\/blog\/?s={search_term_string}"},"query-input":"required name=search_term_string"}],"inLanguage":"en-US"},{"@type":"WebPage","@id":"https:\/\/www.urlaubcornwall.de\/blog\/ferienhaus-lynmouth-orchard-cottage\/","url":"https:\/\/www.urlaubcornwall.de\/blog\/ferienhaus-lynmouth-orchard-cottage\/","name":"Ferienhaus Lynmouth - Orchard Cottage - Urlaub &amp; Reisen","isPartOf":{"@id":"https:\/\/www.urlaubcornwall.de\/blog\/#website"},"datePublished":"2014-09-07T14:28:04+00:00","dateModified":"2021-09-02T11:42:16+00:00","breadcrumb":{"@id":"https:\/\/www.urlaubcornwall.de\/blog\/ferienhaus-lynmouth-orchard-cottage\/#breadcrumb"},"inLanguage":"en-US","potentialAction":[{"@type":"ReadAction","target":["https:\/\/www.urlaubcornwall.de\/blog\/ferienhaus-lynmouth-orchard-cottage\/"]}]},{"@type":"BreadcrumbList","@id":"https:\/\/www.urlaubcornwall.de\/blog\/ferienhaus-lynmouth-orchard-cottage\/#breadcrumb","itemListElement":[{"@type":"ListItem","position":1,"name":"Home","item":"https:\/\/www.urlaubcornwall.de\/blog\/"},{"@type":"ListItem","position":2,"name":"Ferienhaus Lynmouth &#8211; Orchard Cottage"}]}]}},"_links":{"self":[{"href":"https:\/\/www.urlaubcornwall.de\/blog\/wp-json\/wp\/v2\/pages\/16490"}],"collection":[{"href":"https:\/\/www.urlaubcornwall.de\/blog\/wp-json\/wp\/v2\/pages"}],"about":[{"href":"https:\/\/www.urlaubcornwall.de\/blog\/wp-json\/wp\/v2\/types\/page"}],"author":[{"embeddable":true,"href":"https:\/\/www.urlaubcornwall.de\/blog\/wp-json\/wp\/v2\/users\/1"}],"replies":[{"embeddable":true,"href":"https:\/\/www.urlaubcornwall.de\/blog\/wp-json\/wp\/v2\/comments?post=16490"}],"version-history":[{"count":5,"href":"https:\/\/www.urlaubcornwall.de\/blog\/wp-json\/wp\/v2\/pages\/16490\/revisions"}],"predecessor-version":[{"id":42491,"href":"https:\/\/www.urlaubcornwall.de\/blog\/wp-json\/wp\/v2\/pages\/16490\/revisions\/42491"}],"wp:attachment":[{"href":"https:\/\/www.urlaubcornwall.de\/blog\/wp-json\/wp\/v2\/media?parent=16490"}],"curies":[{"name":"wp","href":"https:\/\/api.w.org\/{rel}","templated":true}]}}