{"id":16488,"date":"2014-09-07T14:12:21","date_gmt":"2014-09-07T14:12:21","guid":{"rendered":"https:\/\/www.urlaubcornwall.de\/blog\/?page_id=16488"},"modified":"2021-09-02T10:51:00","modified_gmt":"2021-09-02T10:51:00","slug":"ferienhaus-croyde-am-meer-urlaub-in-devon","status":"publish","type":"page","link":"https:\/\/www.urlaubcornwall.de\/blog\/ferienhaus-croyde-am-meer-urlaub-in-devon\/","title":{"rendered":"Ferienhaus Croyde am Meer &#8211; Urlaub in Devon"},"content":{"rendered":"<p>Nahe gelegen an Norddevons spektakul\u00e4rer K\u00fcste befindet sich Orchard Dene im Herzen des h\u00fcbschen Dorfes Georgeham mit einer guten Kneipe und Gesch\u00e4ften, die sich einen kurzen Spaziergang entfernt befinden. Der herrliche Sandstrand bei Putsborough ist nur \u00fcber eine Meile entfernt, und sie bekommen eine Berechtigung, am Strandparkplatz zu parken. <a href=\"https:\/\/www.urlaubcornwall.de\/ferienhaeuser-fewos\/eng\/nord-devon\/saunton.html\">Saunton Sands<\/a>, <a href=\"https:\/\/www.urlaubcornwall.de\/ferienhaeuser-fewos\/eng\/nord-devon\/woolacombe.html\">Woolacombe<\/a> und Croyde \u2013 ein wohlbekannter Surfstrand \u2013 befinden sich ebenso in der N\u00e4he. Dieses freistehende Haus, das aus der Mitte des 15. Jahrhunderts stammen soll, verf\u00fcgt \u00fcber einen entz\u00fcckenden K\u00fcchen-Essbereich, einen sonnigen Tagesraum (zweites Wohnzimmer), und das Hauptwohnzimmer hat einen Holz-Kohleofen, der es zum herrlich gem\u00fctlichen Raum w\u00e4hrend Ihres Herbsturlaubes macht.<\/p>\n<p><strong>3 Schlafzimmer, Schlafplatz f\u00fcr 4 + Kinderbett, hundefreundlich, Ferienhaus 1.9 Kilometer O von Croyde, Nord-Devon. Preisspanne J (\u00a3414 &#8211; \u00a31041)<\/strong><\/p>\n<p style=\"text-align: center;\"><a class=\"tidycta\" href=\"https:\/\/www.urlaubcornwall.de\/ferienhaeuser-fewos\/eng\/devon\/devon.html\">Suche Ferienh\u00e4user Devon<\/a><\/p>\n<p>Im Obergeschoss sind die Schlafr\u00e4ume sehr h\u00fcbsch mit Einbauschr\u00e4nken ausgestattet, die jede Menge Stauraum bieten. Orchard Dene liegt zur Stra\u00dfe hin, doch wenn Sie durch die Hintert\u00fcr hinaustreten, finden Sie einen gro\u00dfen, eingegrenzten Freisitz, ein gro\u00dfartiger Sonnensitz. Doch das Beste kommt erst noch: steile Stufen f\u00fchren hinunter zum Garten samt eines unbeheizten Schwimmbades.<\/p>\n<p><strong>M\u00f6glichkeiten &amp; Services<\/strong><\/p>\n<p>einschlie\u00dflich \u2013 Heizung, Kinder-Reisebett, WiFi<br \/>\n<strong><br \/>\nVerschiedenes<\/strong><\/p>\n<p>\u2022 private Parkm\u00f6glichkeit f\u00fcr 1 Auto<br \/>\n\u2022 Freisitzm\u00f6bel<br \/>\n\u2022 Einkaufsladen: 100 Yards<br \/>\n\u2022 Kneipe: 250 Yards<br \/>\n\u2022 Raucher willkommen<br \/>\n\u2022 Hunde willkommen (nur 1)<br \/>\n\u2022 Ankunft\/Abreise Samstag<\/p>\n<p style=\"text-align: center;\"><a class=\"tidycta\" href=\"https:\/\/www.urlaubcornwall.de\/ferienhaeuser-fewos\/eng\/devon\/devon.html\">Suche Ferienh\u00e4user Hayle<\/a><\/p>\n<p>Um UrlaubCornwall.de einzigartige Kollektion nach Ihrem idealen Ferienhaus zu durchsuchen. <a href=\"https:\/\/www.urlaubcornwall.de\/ferienhaeuser\/cornwall.php\"><span style=\"text-decoration: underline;\">Klicken Sie hier<\/span> &gt;&gt;<\/a><\/p>\n","protected":false},"excerpt":{"rendered":"<p>Nahe gelegen an Norddevons spektakul\u00e4rer K\u00fcste befindet sich Orchard Dene im Herzen des h\u00fcbschen Dorfes Georgeham mit einer guten Kneipe und Gesch\u00e4ften, die sich einen kurzen Spaziergang entfernt befinden. Der herrliche Sandstrand bei Putsborough ist nur \u00fcber eine Meile entfernt, und sie bekommen eine Berechtigung, am Strandparkplatz zu parken. Saunton Sands, Woolacombe und Croyde \u2013 [&hellip;]<\/p>\n","protected":false},"author":1,"featured_media":0,"parent":0,"menu_order":0,"comment_status":"closed","ping_status":"closed","template":"single-two.php","meta":[],"acf":[],"yoast_head":"<!-- This site is optimized with the Yoast SEO plugin v19.4 - https:\/\/yoast.com\/wordpress\/plugins\/seo\/ -->\n<title>Ferienhaus Croyde am Meer - Urlaub in Devon - Urlaub &amp; Reisen<\/title>\n<meta name=\"robots\" content=\"index, follow, max-snippet:-1, max-image-preview:large, max-video-preview:-1\" \/>\n<link rel=\"canonical\" href=\"https:\/\/www.urlaubcornwall.de\/blog\/ferienhaus-croyde-am-meer-urlaub-in-devon\/\" \/>\n<meta property=\"og:locale\" content=\"en_US\" \/>\n<meta property=\"og:type\" content=\"article\" \/>\n<meta property=\"og:title\" content=\"Ferienhaus Croyde am Meer - Urlaub in Devon - Urlaub &amp; Reisen\" \/>\n<meta property=\"og:description\" content=\"Nahe gelegen an Norddevons spektakul\u00e4rer K\u00fcste befindet sich Orchard Dene im Herzen des h\u00fcbschen Dorfes Georgeham mit einer guten Kneipe und Gesch\u00e4ften, die sich einen kurzen Spaziergang entfernt befinden. Der herrliche Sandstrand bei Putsborough ist nur \u00fcber eine Meile entfernt, und sie bekommen eine Berechtigung, am Strandparkplatz zu parken. Saunton Sands, Woolacombe und Croyde \u2013 [&hellip;]\" \/>\n<meta property=\"og:url\" content=\"https:\/\/www.urlaubcornwall.de\/blog\/ferienhaus-croyde-am-meer-urlaub-in-devon\/\" \/>\n<meta property=\"og:site_name\" content=\"Urlaub &amp; Reisen\" \/>\n<meta property=\"article:modified_time\" content=\"2021-09-02T10:51:00+00:00\" \/>\n<meta name=\"twitter:card\" content=\"summary\" \/>\n<meta name=\"twitter:label1\" content=\"Est. reading time\" \/>\n\t<meta name=\"twitter:data1\" content=\"1 minute\" \/>\n<script type=\"application\/ld+json\" class=\"yoast-schema-graph\">{\"@context\":\"https:\/\/schema.org\",\"@graph\":[{\"@type\":\"WebSite\",\"@id\":\"https:\/\/www.urlaubcornwall.de\/blog\/#website\",\"url\":\"https:\/\/www.urlaubcornwall.de\/blog\/\",\"name\":\"Urlaub &amp; Reisen\",\"description\":\"Urlaub, Reisen, Cornwall und S\u00fcdengland: eine perfekte Kombination\",\"potentialAction\":[{\"@type\":\"SearchAction\",\"target\":{\"@type\":\"EntryPoint\",\"urlTemplate\":\"https:\/\/www.urlaubcornwall.de\/blog\/?s={search_term_string}\"},\"query-input\":\"required name=search_term_string\"}],\"inLanguage\":\"en-US\"},{\"@type\":\"WebPage\",\"@id\":\"https:\/\/www.urlaubcornwall.de\/blog\/ferienhaus-croyde-am-meer-urlaub-in-devon\/\",\"url\":\"https:\/\/www.urlaubcornwall.de\/blog\/ferienhaus-croyde-am-meer-urlaub-in-devon\/\",\"name\":\"Ferienhaus Croyde am Meer - Urlaub in Devon - Urlaub &amp; Reisen\",\"isPartOf\":{\"@id\":\"https:\/\/www.urlaubcornwall.de\/blog\/#website\"},\"datePublished\":\"2014-09-07T14:12:21+00:00\",\"dateModified\":\"2021-09-02T10:51:00+00:00\",\"breadcrumb\":{\"@id\":\"https:\/\/www.urlaubcornwall.de\/blog\/ferienhaus-croyde-am-meer-urlaub-in-devon\/#breadcrumb\"},\"inLanguage\":\"en-US\",\"potentialAction\":[{\"@type\":\"ReadAction\",\"target\":[\"https:\/\/www.urlaubcornwall.de\/blog\/ferienhaus-croyde-am-meer-urlaub-in-devon\/\"]}]},{\"@type\":\"BreadcrumbList\",\"@id\":\"https:\/\/www.urlaubcornwall.de\/blog\/ferienhaus-croyde-am-meer-urlaub-in-devon\/#breadcrumb\",\"itemListElement\":[{\"@type\":\"ListItem\",\"position\":1,\"name\":\"Home\",\"item\":\"https:\/\/www.urlaubcornwall.de\/blog\/\"},{\"@type\":\"ListItem\",\"position\":2,\"name\":\"Ferienhaus Croyde am Meer &#8211; Urlaub in Devon\"}]}]}<\/script>\n<!-- \/ Yoast SEO plugin. -->","yoast_head_json":{"title":"Ferienhaus Croyde am Meer - Urlaub in Devon - Urlaub &amp; Reisen","robots":{"index":"index","follow":"follow","max-snippet":"max-snippet:-1","max-image-preview":"max-image-preview:large","max-video-preview":"max-video-preview:-1"},"canonical":"https:\/\/www.urlaubcornwall.de\/blog\/ferienhaus-croyde-am-meer-urlaub-in-devon\/","og_locale":"en_US","og_type":"article","og_title":"Ferienhaus Croyde am Meer - Urlaub in Devon - Urlaub &amp; Reisen","og_description":"Nahe gelegen an Norddevons spektakul\u00e4rer K\u00fcste befindet sich Orchard Dene im Herzen des h\u00fcbschen Dorfes Georgeham mit einer guten Kneipe und Gesch\u00e4ften, die sich einen kurzen Spaziergang entfernt befinden. Der herrliche Sandstrand bei Putsborough ist nur \u00fcber eine Meile entfernt, und sie bekommen eine Berechtigung, am Strandparkplatz zu parken. Saunton Sands, Woolacombe und Croyde \u2013 [&hellip;]","og_url":"https:\/\/www.urlaubcornwall.de\/blog\/ferienhaus-croyde-am-meer-urlaub-in-devon\/","og_site_name":"Urlaub &amp; Reisen","article_modified_time":"2021-09-02T10:51:00+00:00","twitter_card":"summary","twitter_misc":{"Est. reading time":"1 minute"},"schema":{"@context":"https:\/\/schema.org","@graph":[{"@type":"WebSite","@id":"https:\/\/www.urlaubcornwall.de\/blog\/#website","url":"https:\/\/www.urlaubcornwall.de\/blog\/","name":"Urlaub &amp; Reisen","description":"Urlaub, Reisen, Cornwall und S\u00fcdengland: eine perfekte Kombination","potentialAction":[{"@type":"SearchAction","target":{"@type":"EntryPoint","urlTemplate":"https:\/\/www.urlaubcornwall.de\/blog\/?s={search_term_string}"},"query-input":"required name=search_term_string"}],"inLanguage":"en-US"},{"@type":"WebPage","@id":"https:\/\/www.urlaubcornwall.de\/blog\/ferienhaus-croyde-am-meer-urlaub-in-devon\/","url":"https:\/\/www.urlaubcornwall.de\/blog\/ferienhaus-croyde-am-meer-urlaub-in-devon\/","name":"Ferienhaus Croyde am Meer - Urlaub in Devon - Urlaub &amp; Reisen","isPartOf":{"@id":"https:\/\/www.urlaubcornwall.de\/blog\/#website"},"datePublished":"2014-09-07T14:12:21+00:00","dateModified":"2021-09-02T10:51:00+00:00","breadcrumb":{"@id":"https:\/\/www.urlaubcornwall.de\/blog\/ferienhaus-croyde-am-meer-urlaub-in-devon\/#breadcrumb"},"inLanguage":"en-US","potentialAction":[{"@type":"ReadAction","target":["https:\/\/www.urlaubcornwall.de\/blog\/ferienhaus-croyde-am-meer-urlaub-in-devon\/"]}]},{"@type":"BreadcrumbList","@id":"https:\/\/www.urlaubcornwall.de\/blog\/ferienhaus-croyde-am-meer-urlaub-in-devon\/#breadcrumb","itemListElement":[{"@type":"ListItem","position":1,"name":"Home","item":"https:\/\/www.urlaubcornwall.de\/blog\/"},{"@type":"ListItem","position":2,"name":"Ferienhaus Croyde am Meer &#8211; Urlaub in Devon"}]}]}},"_links":{"self":[{"href":"https:\/\/www.urlaubcornwall.de\/blog\/wp-json\/wp\/v2\/pages\/16488"}],"collection":[{"href":"https:\/\/www.urlaubcornwall.de\/blog\/wp-json\/wp\/v2\/pages"}],"about":[{"href":"https:\/\/www.urlaubcornwall.de\/blog\/wp-json\/wp\/v2\/types\/page"}],"author":[{"embeddable":true,"href":"https:\/\/www.urlaubcornwall.de\/blog\/wp-json\/wp\/v2\/users\/1"}],"replies":[{"embeddable":true,"href":"https:\/\/www.urlaubcornwall.de\/blog\/wp-json\/wp\/v2\/comments?post=16488"}],"version-history":[{"count":7,"href":"https:\/\/www.urlaubcornwall.de\/blog\/wp-json\/wp\/v2\/pages\/16488\/revisions"}],"predecessor-version":[{"id":42481,"href":"https:\/\/www.urlaubcornwall.de\/blog\/wp-json\/wp\/v2\/pages\/16488\/revisions\/42481"}],"wp:attachment":[{"href":"https:\/\/www.urlaubcornwall.de\/blog\/wp-json\/wp\/v2\/media?parent=16488"}],"curies":[{"name":"wp","href":"https:\/\/api.w.org\/{rel}","templated":true}]}}