{"id":16485,"date":"2014-09-07T14:08:07","date_gmt":"2014-09-07T14:08:07","guid":{"rendered":"https:\/\/www.urlaubcornwall.de\/blog\/?page_id=16485"},"modified":"2021-07-12T15:50:55","modified_gmt":"2021-07-12T15:50:55","slug":"ferienhaus-bideford-am-meer","status":"publish","type":"page","link":"https:\/\/www.urlaubcornwall.de\/blog\/ferienhaus-bideford-am-meer\/","title":{"rendered":"Ferienhaus Bideford am Meer"},"content":{"rendered":"<p>Seashells ist Teil der preisgekr\u00f6nten Nautilus Ufer-Bauentwicklung bei Westward Ho! Zwischen zweien von Devons h\u00fcbschesten Fischerd\u00f6rfern gelegen, Clovelly und Appledore, r\u00fchmt sich Westward Ho! eines zwei Meilen weiten, mit blauer Flagge preisgekr\u00f6nten Strandes, der zur Weltkulturerbest\u00e4tte bei Northam Burrows f\u00fchrt.<\/p>\n<p><strong>2 Schlafzimmer, Schlafplatz f\u00fcr 4 + Kinderbett, leider keine Haustiere erlaubt, Ferienwohnung mit Meerblick Westward Ho!, Nord-Devon. Preisspanne H (\u00a3378 &#8211; \u00a3915)<\/strong><\/p>\n<p>Dem f\u00fcgen Sie Surfen und Klippenwanderungen hinzu und machen es somit zum perfekten Ganzjahresurlaubsort. Seashells verf\u00fcgt \u00fcber Blick \u00fcber die Promenade hinweg und erstreckt sich \u00fcber zwei Stockwerke. Sie haben hervorragenden Blick, ein zeitgen\u00f6ssisches Wohnerlebnis, das ein 3D Fernsehger\u00e4t mit einschlie\u00dft, wellenf\u00f6rmige Decken und deckenhohe Fenster.<\/p>\n<p>Auf dem ersten Stock befinden sich das Hauptschlafzimmer mit Meeresblick vom Super-King-Bett und dem Balkon aus \u2013 sowie das Zwillingsschlafzimmer. Eine zweite Treppe f\u00fchrt zum offenen Wohnbereich, einer gut ausgestatteten K\u00fcchenzeile und einem weiteren Balkon mit Blick zur Insel Lundy. Sie finden Kneipen, Eiskreml\u00e4den, Surf- und Drachenm\u00f6glichkeiten direkt vor Ihrer Haust\u00fcre. Daher ist Seashells garantiert eine ausgezeichnete Ausgangsbasis f\u00fcr Ihren Urlaub.<\/p>\n<p style=\"text-align: center;\"><a class=\"tidycta\" href=\"https:\/\/www.urlaubcornwall.de\/ferienhaeuser-fewos\/eng\/nord-devon\/bideford.html\">Ferienh\u00e4user in Bideford<\/a><\/p>\n<p><strong>M\u00f6glichkeiten &amp; Services<\/strong><\/p>\n<p>einschlie\u00dflich \u2013 Gasheizung, Kinder-Reisebett, Hochstuhl, Treppengitter<br \/>\n<strong><br \/>\nVerschiedenes<\/strong><\/p>\n<p>\u2022 private Parkm\u00f6glichkeit f\u00fcr 2 Autos<br \/>\n\u2022 Balkonm\u00f6bel<br \/>\n\u2022 Einkaufsladen: 150 Yards<br \/>\n\u2022 Kneipe: 100 Yards<br \/>\n\u2022 \u00f6ffentliche Telefonzelle: 150 Yards<br \/>\n\u2022 Golfplatz (18 Loch): 5 Meilen<br \/>\n\u2022 Nichtraucher<br \/>\n\u2022 keine Haustiere erlaubt<br \/>\n\u2022 Ankunft\/Abreise Freitag<\/p>\n<p><strong>Um Classic Cottages einzigartige Kollektion nach Ihrem idealen Ferienhaus zu durchsuchen.<\/strong> <a href=\"https:\/\/www.urlaubcornwall.de\/ferienhaeuser\/cornwall.php\"><span style=\"text-decoration: underline;\"><strong>Klicken Sie hier<\/strong><\/span><strong> &gt;&gt;<\/strong><\/a><\/p>\n","protected":false},"excerpt":{"rendered":"<p>Seashells ist Teil der preisgekr\u00f6nten Nautilus Ufer-Bauentwicklung bei Westward Ho! Zwischen zweien von Devons h\u00fcbschesten Fischerd\u00f6rfern gelegen, Clovelly und Appledore, r\u00fchmt sich Westward Ho! eines zwei Meilen weiten, mit blauer Flagge preisgekr\u00f6nten Strandes, der zur Weltkulturerbest\u00e4tte bei Northam Burrows f\u00fchrt. 2 Schlafzimmer, Schlafplatz f\u00fcr 4 + Kinderbett, leider keine Haustiere erlaubt, Ferienwohnung mit Meerblick Westward [&hellip;]<\/p>\n","protected":false},"author":1,"featured_media":0,"parent":0,"menu_order":0,"comment_status":"closed","ping_status":"closed","template":"single-two.php","meta":[],"acf":[],"yoast_head":"<!-- This site is optimized with the Yoast SEO plugin v19.4 - https:\/\/yoast.com\/wordpress\/plugins\/seo\/ -->\n<title>Ferienhaus Bideford am Meer - Urlaub &amp; Reisen<\/title>\n<meta name=\"robots\" content=\"index, follow, max-snippet:-1, max-image-preview:large, max-video-preview:-1\" \/>\n<link rel=\"canonical\" href=\"https:\/\/www.urlaubcornwall.de\/blog\/ferienhaus-bideford-am-meer\/\" \/>\n<meta property=\"og:locale\" content=\"en_US\" \/>\n<meta property=\"og:type\" content=\"article\" \/>\n<meta property=\"og:title\" content=\"Ferienhaus Bideford am Meer - Urlaub &amp; Reisen\" \/>\n<meta property=\"og:description\" content=\"Seashells ist Teil der preisgekr\u00f6nten Nautilus Ufer-Bauentwicklung bei Westward Ho! Zwischen zweien von Devons h\u00fcbschesten Fischerd\u00f6rfern gelegen, Clovelly und Appledore, r\u00fchmt sich Westward Ho! eines zwei Meilen weiten, mit blauer Flagge preisgekr\u00f6nten Strandes, der zur Weltkulturerbest\u00e4tte bei Northam Burrows f\u00fchrt. 2 Schlafzimmer, Schlafplatz f\u00fcr 4 + Kinderbett, leider keine Haustiere erlaubt, Ferienwohnung mit Meerblick Westward [&hellip;]\" \/>\n<meta property=\"og:url\" content=\"https:\/\/www.urlaubcornwall.de\/blog\/ferienhaus-bideford-am-meer\/\" \/>\n<meta property=\"og:site_name\" content=\"Urlaub &amp; Reisen\" \/>\n<meta property=\"article:modified_time\" content=\"2021-07-12T15:50:55+00:00\" \/>\n<meta name=\"twitter:card\" content=\"summary\" \/>\n<meta name=\"twitter:label1\" content=\"Est. reading time\" \/>\n\t<meta name=\"twitter:data1\" content=\"1 minute\" \/>\n<script type=\"application\/ld+json\" class=\"yoast-schema-graph\">{\"@context\":\"https:\/\/schema.org\",\"@graph\":[{\"@type\":\"WebSite\",\"@id\":\"https:\/\/www.urlaubcornwall.de\/blog\/#website\",\"url\":\"https:\/\/www.urlaubcornwall.de\/blog\/\",\"name\":\"Urlaub &amp; Reisen\",\"description\":\"Urlaub, Reisen, Cornwall und S\u00fcdengland: eine perfekte Kombination\",\"potentialAction\":[{\"@type\":\"SearchAction\",\"target\":{\"@type\":\"EntryPoint\",\"urlTemplate\":\"https:\/\/www.urlaubcornwall.de\/blog\/?s={search_term_string}\"},\"query-input\":\"required name=search_term_string\"}],\"inLanguage\":\"en-US\"},{\"@type\":\"WebPage\",\"@id\":\"https:\/\/www.urlaubcornwall.de\/blog\/ferienhaus-bideford-am-meer\/\",\"url\":\"https:\/\/www.urlaubcornwall.de\/blog\/ferienhaus-bideford-am-meer\/\",\"name\":\"Ferienhaus Bideford am Meer - Urlaub &amp; Reisen\",\"isPartOf\":{\"@id\":\"https:\/\/www.urlaubcornwall.de\/blog\/#website\"},\"datePublished\":\"2014-09-07T14:08:07+00:00\",\"dateModified\":\"2021-07-12T15:50:55+00:00\",\"breadcrumb\":{\"@id\":\"https:\/\/www.urlaubcornwall.de\/blog\/ferienhaus-bideford-am-meer\/#breadcrumb\"},\"inLanguage\":\"en-US\",\"potentialAction\":[{\"@type\":\"ReadAction\",\"target\":[\"https:\/\/www.urlaubcornwall.de\/blog\/ferienhaus-bideford-am-meer\/\"]}]},{\"@type\":\"BreadcrumbList\",\"@id\":\"https:\/\/www.urlaubcornwall.de\/blog\/ferienhaus-bideford-am-meer\/#breadcrumb\",\"itemListElement\":[{\"@type\":\"ListItem\",\"position\":1,\"name\":\"Home\",\"item\":\"https:\/\/www.urlaubcornwall.de\/blog\/\"},{\"@type\":\"ListItem\",\"position\":2,\"name\":\"Ferienhaus Bideford am Meer\"}]}]}<\/script>\n<!-- \/ Yoast SEO plugin. -->","yoast_head_json":{"title":"Ferienhaus Bideford am Meer - Urlaub &amp; Reisen","robots":{"index":"index","follow":"follow","max-snippet":"max-snippet:-1","max-image-preview":"max-image-preview:large","max-video-preview":"max-video-preview:-1"},"canonical":"https:\/\/www.urlaubcornwall.de\/blog\/ferienhaus-bideford-am-meer\/","og_locale":"en_US","og_type":"article","og_title":"Ferienhaus Bideford am Meer - Urlaub &amp; Reisen","og_description":"Seashells ist Teil der preisgekr\u00f6nten Nautilus Ufer-Bauentwicklung bei Westward Ho! Zwischen zweien von Devons h\u00fcbschesten Fischerd\u00f6rfern gelegen, Clovelly und Appledore, r\u00fchmt sich Westward Ho! eines zwei Meilen weiten, mit blauer Flagge preisgekr\u00f6nten Strandes, der zur Weltkulturerbest\u00e4tte bei Northam Burrows f\u00fchrt. 2 Schlafzimmer, Schlafplatz f\u00fcr 4 + Kinderbett, leider keine Haustiere erlaubt, Ferienwohnung mit Meerblick Westward [&hellip;]","og_url":"https:\/\/www.urlaubcornwall.de\/blog\/ferienhaus-bideford-am-meer\/","og_site_name":"Urlaub &amp; Reisen","article_modified_time":"2021-07-12T15:50:55+00:00","twitter_card":"summary","twitter_misc":{"Est. reading time":"1 minute"},"schema":{"@context":"https:\/\/schema.org","@graph":[{"@type":"WebSite","@id":"https:\/\/www.urlaubcornwall.de\/blog\/#website","url":"https:\/\/www.urlaubcornwall.de\/blog\/","name":"Urlaub &amp; Reisen","description":"Urlaub, Reisen, Cornwall und S\u00fcdengland: eine perfekte Kombination","potentialAction":[{"@type":"SearchAction","target":{"@type":"EntryPoint","urlTemplate":"https:\/\/www.urlaubcornwall.de\/blog\/?s={search_term_string}"},"query-input":"required name=search_term_string"}],"inLanguage":"en-US"},{"@type":"WebPage","@id":"https:\/\/www.urlaubcornwall.de\/blog\/ferienhaus-bideford-am-meer\/","url":"https:\/\/www.urlaubcornwall.de\/blog\/ferienhaus-bideford-am-meer\/","name":"Ferienhaus Bideford am Meer - Urlaub &amp; Reisen","isPartOf":{"@id":"https:\/\/www.urlaubcornwall.de\/blog\/#website"},"datePublished":"2014-09-07T14:08:07+00:00","dateModified":"2021-07-12T15:50:55+00:00","breadcrumb":{"@id":"https:\/\/www.urlaubcornwall.de\/blog\/ferienhaus-bideford-am-meer\/#breadcrumb"},"inLanguage":"en-US","potentialAction":[{"@type":"ReadAction","target":["https:\/\/www.urlaubcornwall.de\/blog\/ferienhaus-bideford-am-meer\/"]}]},{"@type":"BreadcrumbList","@id":"https:\/\/www.urlaubcornwall.de\/blog\/ferienhaus-bideford-am-meer\/#breadcrumb","itemListElement":[{"@type":"ListItem","position":1,"name":"Home","item":"https:\/\/www.urlaubcornwall.de\/blog\/"},{"@type":"ListItem","position":2,"name":"Ferienhaus Bideford am Meer"}]}]}},"_links":{"self":[{"href":"https:\/\/www.urlaubcornwall.de\/blog\/wp-json\/wp\/v2\/pages\/16485"}],"collection":[{"href":"https:\/\/www.urlaubcornwall.de\/blog\/wp-json\/wp\/v2\/pages"}],"about":[{"href":"https:\/\/www.urlaubcornwall.de\/blog\/wp-json\/wp\/v2\/types\/page"}],"author":[{"embeddable":true,"href":"https:\/\/www.urlaubcornwall.de\/blog\/wp-json\/wp\/v2\/users\/1"}],"replies":[{"embeddable":true,"href":"https:\/\/www.urlaubcornwall.de\/blog\/wp-json\/wp\/v2\/comments?post=16485"}],"version-history":[{"count":7,"href":"https:\/\/www.urlaubcornwall.de\/blog\/wp-json\/wp\/v2\/pages\/16485\/revisions"}],"predecessor-version":[{"id":41875,"href":"https:\/\/www.urlaubcornwall.de\/blog\/wp-json\/wp\/v2\/pages\/16485\/revisions\/41875"}],"wp:attachment":[{"href":"https:\/\/www.urlaubcornwall.de\/blog\/wp-json\/wp\/v2\/media?parent=16485"}],"curies":[{"name":"wp","href":"https:\/\/api.w.org\/{rel}","templated":true}]}}