{"id":16482,"date":"2014-09-07T13:51:32","date_gmt":"2014-09-07T13:51:32","guid":{"rendered":"https:\/\/www.urlaubcornwall.de\/blog\/?page_id=16482"},"modified":"2021-08-31T15:15:45","modified_gmt":"2021-08-31T15:15:45","slug":"ferienhaus-st-mawes-am-meer","status":"publish","type":"page","link":"https:\/\/www.urlaubcornwall.de\/blog\/ferienhaus-st-mawes-am-meer\/","title":{"rendered":"Ferienhaus St Mawes am Meer"},"content":{"rendered":"<p><strong>4 Schlafzimmer,Schlafplatz f\u00fcr 8 + 2 Kinderbetten, hundefreundlich, Ferienhaus mit Meerblick 1.6 Kilometer NO von St Mawes, S\u00fcdk\u00fcste Cornwall. Preisspanne X\/W (\u00a3834 &#8211; \u00a32754)<\/strong><\/p>\n<p>Am Wasser des wundersch\u00f6nen Flusses Percuil an der S\u00fcdk\u00fcste Cornwalls und versteckt gelegen am Ende eines Pfades, sind die friedvolle Umgebung von Westward und der herrliche Meeresblick einfach un\u00fcbertrefflich. Sie k\u00f6nnen \u00fcber das Meer hin\u00fcberschauen zum Hafen von St Mawes oder den Booten dabei zuschauen, wie sie von der nahe gelegenen Bootsanlegestelle lossegeln. Im Sommer gibt es ein Zentrum zum Schlauchboot fahren, auch Windsurfen und Kanutouren vom Ufer in der N\u00e4he des Hauses aus.<\/p>\n<p style=\"text-align: center;\"><a class=\"tidycta\" href=\"https:\/\/www.urlaubcornwall.de\/ferienhaeuser-fewos\/st-mawes.html\"><\/a>Suche Ferienh\u00e4user St Mawes<\/p>\n<p>Fast alle Zimmer verf\u00fcgen \u00fcber Blick zum Wasser hin durch riesengro\u00dfe Fenster im Wohnzimmer, die den weit reichenden Blick umrahmen. Es gibt einen Holzofen, bequeme Sofas und T\u00fcren, die auf einen breiten Balkon f\u00fchren, der sich l\u00e4ngs des Hauses entlang zieht. Eine Treppe f\u00fchrt hinunter zu einem Spieleraum mit Tischtennisplatte und Tischfu\u00dfball (mit Zugang zu einer Terrasse und dem Garten). Dort befinden sich auch die weiteren drei Schlafr\u00e4ume, das Badezimmer und der Duschraum.<\/p>\n<p>In St Mawes gibt e seine Vielzahl an Restaurants und Gesch\u00e4ften, und The Lost Gardens von Heligan und das Eden Projekt sind nur eine kurze Autofahrt entfernt. Der K\u00fcstenpfad verl\u00e4uft in der N\u00e4he, und die wundersch\u00f6ne l\u00e4ndliche Gegend der Roseland Halbinsel liegt direkt vor Ihrer Haust\u00fcre, perfekt f\u00fcr Wanderer. Alternativ k\u00f6nnen Sie den Fluss Fal auf der King Harry F\u00e4hre \u00fcberqueren, hin zu den National Trust G\u00e4rten und der Kunstgalerie bei Trelissick.<\/p>\n<p><strong>M\u00f6glichkeiten &amp; Services<\/strong><\/p>\n<p>einschlie\u00dflich \u2013 Heizung, 2 Kinder-Reisebetten, 2 Hochst\u00fchle, Treppengitter, WiFi.<\/p>\n<p><strong>Verschiedenes<\/strong><\/p>\n<p>\u2022 private Parkm\u00f6glichkeit f\u00fcr 2 Autos<br \/>\n\u2022 Gartenm\u00f6bel und Grill<br \/>\n\u2022 Einkaufsladen: 2 Meilen<br \/>\n\u2022 Kneipe: 2 Meilen<br \/>\n\u2022 \u00f6ffentliche Telefonzelle: 2 Meilen<br \/>\n\u2022 Nichtraucher<br \/>\n\u2022 Hunde willkommen<br \/>\n\u2022 Ankunft\/Abreise Freitag<\/p>\n<p style=\"text-align: center;\"><a class=\"tidycta\" href=\"https:\/\/www.urlaubcornwall.de\/ferienhaeuser-fewos\/st-mawes.html\"><\/a>Suche Ferienh\u00e4user St Mawes<\/p>\n","protected":false},"excerpt":{"rendered":"<p>4 Schlafzimmer,Schlafplatz f\u00fcr 8 + 2 Kinderbetten, hundefreundlich, Ferienhaus mit Meerblick 1.6 Kilometer NO von St Mawes, S\u00fcdk\u00fcste Cornwall. Preisspanne X\/W (\u00a3834 &#8211; \u00a32754) Am Wasser des wundersch\u00f6nen Flusses Percuil an der S\u00fcdk\u00fcste Cornwalls und versteckt gelegen am Ende eines Pfades, sind die friedvolle Umgebung von Westward und der herrliche Meeresblick einfach un\u00fcbertrefflich. Sie k\u00f6nnen [&hellip;]<\/p>\n","protected":false},"author":1,"featured_media":0,"parent":0,"menu_order":0,"comment_status":"closed","ping_status":"closed","template":"single-two.php","meta":[],"acf":[],"yoast_head":"<!-- This site is optimized with the Yoast SEO plugin v19.4 - https:\/\/yoast.com\/wordpress\/plugins\/seo\/ -->\n<title>Ferienhaus St Mawes am Meer - Urlaub &amp; Reisen<\/title>\n<meta name=\"robots\" content=\"index, follow, max-snippet:-1, max-image-preview:large, max-video-preview:-1\" \/>\n<link rel=\"canonical\" href=\"https:\/\/www.urlaubcornwall.de\/blog\/ferienhaus-st-mawes-am-meer\/\" \/>\n<meta property=\"og:locale\" content=\"en_US\" \/>\n<meta property=\"og:type\" content=\"article\" \/>\n<meta property=\"og:title\" content=\"Ferienhaus St Mawes am Meer - Urlaub &amp; Reisen\" \/>\n<meta property=\"og:description\" content=\"4 Schlafzimmer,Schlafplatz f\u00fcr 8 + 2 Kinderbetten, hundefreundlich, Ferienhaus mit Meerblick 1.6 Kilometer NO von St Mawes, S\u00fcdk\u00fcste Cornwall. Preisspanne X\/W (\u00a3834 &#8211; \u00a32754) Am Wasser des wundersch\u00f6nen Flusses Percuil an der S\u00fcdk\u00fcste Cornwalls und versteckt gelegen am Ende eines Pfades, sind die friedvolle Umgebung von Westward und der herrliche Meeresblick einfach un\u00fcbertrefflich. Sie k\u00f6nnen [&hellip;]\" \/>\n<meta property=\"og:url\" content=\"https:\/\/www.urlaubcornwall.de\/blog\/ferienhaus-st-mawes-am-meer\/\" \/>\n<meta property=\"og:site_name\" content=\"Urlaub &amp; Reisen\" \/>\n<meta property=\"article:modified_time\" content=\"2021-08-31T15:15:45+00:00\" \/>\n<meta name=\"twitter:card\" content=\"summary\" \/>\n<meta name=\"twitter:label1\" content=\"Est. reading time\" \/>\n\t<meta name=\"twitter:data1\" content=\"2 minutes\" \/>\n<script type=\"application\/ld+json\" class=\"yoast-schema-graph\">{\"@context\":\"https:\/\/schema.org\",\"@graph\":[{\"@type\":\"WebSite\",\"@id\":\"https:\/\/www.urlaubcornwall.de\/blog\/#website\",\"url\":\"https:\/\/www.urlaubcornwall.de\/blog\/\",\"name\":\"Urlaub &amp; Reisen\",\"description\":\"Urlaub, Reisen, Cornwall und S\u00fcdengland: eine perfekte Kombination\",\"potentialAction\":[{\"@type\":\"SearchAction\",\"target\":{\"@type\":\"EntryPoint\",\"urlTemplate\":\"https:\/\/www.urlaubcornwall.de\/blog\/?s={search_term_string}\"},\"query-input\":\"required name=search_term_string\"}],\"inLanguage\":\"en-US\"},{\"@type\":\"WebPage\",\"@id\":\"https:\/\/www.urlaubcornwall.de\/blog\/ferienhaus-st-mawes-am-meer\/\",\"url\":\"https:\/\/www.urlaubcornwall.de\/blog\/ferienhaus-st-mawes-am-meer\/\",\"name\":\"Ferienhaus St Mawes am Meer - Urlaub &amp; Reisen\",\"isPartOf\":{\"@id\":\"https:\/\/www.urlaubcornwall.de\/blog\/#website\"},\"datePublished\":\"2014-09-07T13:51:32+00:00\",\"dateModified\":\"2021-08-31T15:15:45+00:00\",\"breadcrumb\":{\"@id\":\"https:\/\/www.urlaubcornwall.de\/blog\/ferienhaus-st-mawes-am-meer\/#breadcrumb\"},\"inLanguage\":\"en-US\",\"potentialAction\":[{\"@type\":\"ReadAction\",\"target\":[\"https:\/\/www.urlaubcornwall.de\/blog\/ferienhaus-st-mawes-am-meer\/\"]}]},{\"@type\":\"BreadcrumbList\",\"@id\":\"https:\/\/www.urlaubcornwall.de\/blog\/ferienhaus-st-mawes-am-meer\/#breadcrumb\",\"itemListElement\":[{\"@type\":\"ListItem\",\"position\":1,\"name\":\"Home\",\"item\":\"https:\/\/www.urlaubcornwall.de\/blog\/\"},{\"@type\":\"ListItem\",\"position\":2,\"name\":\"Ferienhaus St Mawes am Meer\"}]}]}<\/script>\n<!-- \/ Yoast SEO plugin. -->","yoast_head_json":{"title":"Ferienhaus St Mawes am Meer - Urlaub &amp; Reisen","robots":{"index":"index","follow":"follow","max-snippet":"max-snippet:-1","max-image-preview":"max-image-preview:large","max-video-preview":"max-video-preview:-1"},"canonical":"https:\/\/www.urlaubcornwall.de\/blog\/ferienhaus-st-mawes-am-meer\/","og_locale":"en_US","og_type":"article","og_title":"Ferienhaus St Mawes am Meer - Urlaub &amp; Reisen","og_description":"4 Schlafzimmer,Schlafplatz f\u00fcr 8 + 2 Kinderbetten, hundefreundlich, Ferienhaus mit Meerblick 1.6 Kilometer NO von St Mawes, S\u00fcdk\u00fcste Cornwall. Preisspanne X\/W (\u00a3834 &#8211; \u00a32754) Am Wasser des wundersch\u00f6nen Flusses Percuil an der S\u00fcdk\u00fcste Cornwalls und versteckt gelegen am Ende eines Pfades, sind die friedvolle Umgebung von Westward und der herrliche Meeresblick einfach un\u00fcbertrefflich. Sie k\u00f6nnen [&hellip;]","og_url":"https:\/\/www.urlaubcornwall.de\/blog\/ferienhaus-st-mawes-am-meer\/","og_site_name":"Urlaub &amp; Reisen","article_modified_time":"2021-08-31T15:15:45+00:00","twitter_card":"summary","twitter_misc":{"Est. reading time":"2 minutes"},"schema":{"@context":"https:\/\/schema.org","@graph":[{"@type":"WebSite","@id":"https:\/\/www.urlaubcornwall.de\/blog\/#website","url":"https:\/\/www.urlaubcornwall.de\/blog\/","name":"Urlaub &amp; Reisen","description":"Urlaub, Reisen, Cornwall und S\u00fcdengland: eine perfekte Kombination","potentialAction":[{"@type":"SearchAction","target":{"@type":"EntryPoint","urlTemplate":"https:\/\/www.urlaubcornwall.de\/blog\/?s={search_term_string}"},"query-input":"required name=search_term_string"}],"inLanguage":"en-US"},{"@type":"WebPage","@id":"https:\/\/www.urlaubcornwall.de\/blog\/ferienhaus-st-mawes-am-meer\/","url":"https:\/\/www.urlaubcornwall.de\/blog\/ferienhaus-st-mawes-am-meer\/","name":"Ferienhaus St Mawes am Meer - Urlaub &amp; Reisen","isPartOf":{"@id":"https:\/\/www.urlaubcornwall.de\/blog\/#website"},"datePublished":"2014-09-07T13:51:32+00:00","dateModified":"2021-08-31T15:15:45+00:00","breadcrumb":{"@id":"https:\/\/www.urlaubcornwall.de\/blog\/ferienhaus-st-mawes-am-meer\/#breadcrumb"},"inLanguage":"en-US","potentialAction":[{"@type":"ReadAction","target":["https:\/\/www.urlaubcornwall.de\/blog\/ferienhaus-st-mawes-am-meer\/"]}]},{"@type":"BreadcrumbList","@id":"https:\/\/www.urlaubcornwall.de\/blog\/ferienhaus-st-mawes-am-meer\/#breadcrumb","itemListElement":[{"@type":"ListItem","position":1,"name":"Home","item":"https:\/\/www.urlaubcornwall.de\/blog\/"},{"@type":"ListItem","position":2,"name":"Ferienhaus St Mawes am Meer"}]}]}},"_links":{"self":[{"href":"https:\/\/www.urlaubcornwall.de\/blog\/wp-json\/wp\/v2\/pages\/16482"}],"collection":[{"href":"https:\/\/www.urlaubcornwall.de\/blog\/wp-json\/wp\/v2\/pages"}],"about":[{"href":"https:\/\/www.urlaubcornwall.de\/blog\/wp-json\/wp\/v2\/types\/page"}],"author":[{"embeddable":true,"href":"https:\/\/www.urlaubcornwall.de\/blog\/wp-json\/wp\/v2\/users\/1"}],"replies":[{"embeddable":true,"href":"https:\/\/www.urlaubcornwall.de\/blog\/wp-json\/wp\/v2\/comments?post=16482"}],"version-history":[{"count":6,"href":"https:\/\/www.urlaubcornwall.de\/blog\/wp-json\/wp\/v2\/pages\/16482\/revisions"}],"predecessor-version":[{"id":42368,"href":"https:\/\/www.urlaubcornwall.de\/blog\/wp-json\/wp\/v2\/pages\/16482\/revisions\/42368"}],"wp:attachment":[{"href":"https:\/\/www.urlaubcornwall.de\/blog\/wp-json\/wp\/v2\/media?parent=16482"}],"curies":[{"name":"wp","href":"https:\/\/api.w.org\/{rel}","templated":true}]}}