{"id":16478,"date":"2014-09-07T13:19:07","date_gmt":"2014-09-07T13:19:07","guid":{"rendered":"https:\/\/www.urlaubcornwall.de\/blog\/?page_id=16478"},"modified":"2021-09-02T10:52:27","modified_gmt":"2021-09-02T10:52:27","slug":"ferienhaus-dartmoor-medlar-cottage-3-7-km-von-tavistock","status":"publish","type":"page","link":"https:\/\/www.urlaubcornwall.de\/blog\/ferienhaus-dartmoor-medlar-cottage-3-7-km-von-tavistock\/","title":{"rendered":"Ferienhaus Dartmoor &#8211; Medlar Cottage, 3.7 Km von Tavistock"},"content":{"rendered":"<p>2 Schlafzimmer, Schlafplatz f\u00fcr 4 + 2 Kinderbetten, hundefreundlich, Ferienhaus 3.7 Kilometer NW von Tavistock, Devon Dartmoor. Preisspanne I (\u00a3396 &#8211; \u00a3984)<\/p>\n<p>Im weiten Farmland Devons, in einem Gebiet ganz besonderer Natursch\u00f6nheit und nur eine Meile entfernt von Dartmoor, befindet sich dieses entz\u00fcckende Ferienhaus bei Lower Chaddlehanger mit weit reichendem Blick bis nach Cornwall. Das nahe gelegene Tavistock hat eine hervorragende Auswahl an Restaurants, Gesch\u00e4ften und einen Markt, wo lokale Produkte angeboten werden.<br \/>\n<strong><\/strong><\/p>\n<p style=\"text-align: center;\"><a class=\"tidycta\" href=\"https:\/\/www.urlaubcornwall.de\/ferienhaeuser-fewos\/eng\/sued-devon\/devon-dartmoor.html\">Suche Ferienh\u00e4user Dartmoor<\/a><\/p>\n<p>Medlar Cottage hat einen h\u00fcbschen Garten und ein Freisitzareal. Es ist mit viel Flair eingerichtet, Designerstoffe f\u00fcgen Farbe hinzu, und die M\u00f6bel sind g\u00e4nzlich von sehr hohem Standard. Der Besitzer versucht, an all die ganz besonderen Kleinigkeiten zu denken, die Urlaub f\u00fcr lange Jahre im Ged\u00e4chtnis sein l\u00e4sst. Auch hausgemachte Mahlzeiten k\u00f6nnen im Voraus bestellt werden. Radfahren und Reiten kann organisiert werden, und G\u00e4ste k\u00f6nnen sogar ihr Kissen w\u00e4hlen, von luxuri\u00f6sem G\u00e4nsefederkissen bis hin zum allergenfreien Kissen.<\/p>\n<p><strong>M\u00f6glichkeiten &amp; Services<\/strong><\/p>\n<p>einschlie\u00dflich \u2013 Heizung, 2 Kinder-Reisebetten, Hochstuhl, Treppengitter, WiFi, zu Sonderkosten \u2013 vorbestellte Mahlzeiten<br \/>\n<strong><br \/>\nVerschiedenes<\/strong><\/p>\n<p>\u2022 private Parkm\u00f6glichkeit f\u00fcr 2 Autos<br \/>\n\u2022 Gartenm\u00f6bel und Grill<br \/>\n\u2022 Einkaufsladen: 2 Meilen<br \/>\n\u2022 Kneipe: 2 Meilen<br \/>\n\u2022 \u00f6ffentliche Telefonzelle: 2 Meilen<br \/>\n\u2022 Golfplatz (18 Loch): 2 Meilen<br \/>\n\u2022 Nichtraucher<br \/>\n\u2022 Hunde erlaubt (\u00e4lter als 2 Jahre)<br \/>\n\u2022 Ankunft\/Abreise Freitag<\/p>\n<p style=\"text-align: center;\"><a class=\"tidycta\" href=\"https:\/\/www.urlaubcornwall.de\/ferienhaeuser-fewos\/eng\/sued-devon\/devon-dartmoor.html\">Suche Ferienh\u00e4user Dartmoor<\/a><\/p>\n<p>Um UrlaubCornwall.de einzigartige Kollektion nach Ihrem idealen Ferienhaus zu durchsuchen. <a href=\"https:\/\/www.urlaubcornwall.de\/ferienhaeuser\/cornwall.php\"><span style=\"text-decoration: underline;\">Klicken Sie hier<\/span> &gt;&gt;<\/a><\/p>\n","protected":false},"excerpt":{"rendered":"<p>2 Schlafzimmer, Schlafplatz f\u00fcr 4 + 2 Kinderbetten, hundefreundlich, Ferienhaus 3.7 Kilometer NW von Tavistock, Devon Dartmoor. Preisspanne I (\u00a3396 &#8211; \u00a3984) Im weiten Farmland Devons, in einem Gebiet ganz besonderer Natursch\u00f6nheit und nur eine Meile entfernt von Dartmoor, befindet sich dieses entz\u00fcckende Ferienhaus bei Lower Chaddlehanger mit weit reichendem Blick bis nach Cornwall. Das [&hellip;]<\/p>\n","protected":false},"author":1,"featured_media":0,"parent":0,"menu_order":0,"comment_status":"closed","ping_status":"closed","template":"single-two.php","meta":[],"acf":[],"yoast_head":"<!-- This site is optimized with the Yoast SEO plugin v19.4 - https:\/\/yoast.com\/wordpress\/plugins\/seo\/ -->\n<title>Ferienhaus Dartmoor - Medlar Cottage, 3.7 Km von Tavistock - Urlaub &amp; Reisen<\/title>\n<meta name=\"robots\" content=\"index, follow, max-snippet:-1, max-image-preview:large, max-video-preview:-1\" \/>\n<link rel=\"canonical\" href=\"https:\/\/www.urlaubcornwall.de\/blog\/ferienhaus-dartmoor-medlar-cottage-3-7-km-von-tavistock\/\" \/>\n<meta property=\"og:locale\" content=\"en_US\" \/>\n<meta property=\"og:type\" content=\"article\" \/>\n<meta property=\"og:title\" content=\"Ferienhaus Dartmoor - Medlar Cottage, 3.7 Km von Tavistock - Urlaub &amp; Reisen\" \/>\n<meta property=\"og:description\" content=\"2 Schlafzimmer, Schlafplatz f\u00fcr 4 + 2 Kinderbetten, hundefreundlich, Ferienhaus 3.7 Kilometer NW von Tavistock, Devon Dartmoor. Preisspanne I (\u00a3396 &#8211; \u00a3984) Im weiten Farmland Devons, in einem Gebiet ganz besonderer Natursch\u00f6nheit und nur eine Meile entfernt von Dartmoor, befindet sich dieses entz\u00fcckende Ferienhaus bei Lower Chaddlehanger mit weit reichendem Blick bis nach Cornwall. Das [&hellip;]\" \/>\n<meta property=\"og:url\" content=\"https:\/\/www.urlaubcornwall.de\/blog\/ferienhaus-dartmoor-medlar-cottage-3-7-km-von-tavistock\/\" \/>\n<meta property=\"og:site_name\" content=\"Urlaub &amp; Reisen\" \/>\n<meta property=\"article:modified_time\" content=\"2021-09-02T10:52:27+00:00\" \/>\n<meta name=\"twitter:card\" content=\"summary\" \/>\n<meta name=\"twitter:label1\" content=\"Est. reading time\" \/>\n\t<meta name=\"twitter:data1\" content=\"1 minute\" \/>\n<script type=\"application\/ld+json\" class=\"yoast-schema-graph\">{\"@context\":\"https:\/\/schema.org\",\"@graph\":[{\"@type\":\"WebSite\",\"@id\":\"https:\/\/www.urlaubcornwall.de\/blog\/#website\",\"url\":\"https:\/\/www.urlaubcornwall.de\/blog\/\",\"name\":\"Urlaub &amp; Reisen\",\"description\":\"Urlaub, Reisen, Cornwall und S\u00fcdengland: eine perfekte Kombination\",\"potentialAction\":[{\"@type\":\"SearchAction\",\"target\":{\"@type\":\"EntryPoint\",\"urlTemplate\":\"https:\/\/www.urlaubcornwall.de\/blog\/?s={search_term_string}\"},\"query-input\":\"required name=search_term_string\"}],\"inLanguage\":\"en-US\"},{\"@type\":\"WebPage\",\"@id\":\"https:\/\/www.urlaubcornwall.de\/blog\/ferienhaus-dartmoor-medlar-cottage-3-7-km-von-tavistock\/\",\"url\":\"https:\/\/www.urlaubcornwall.de\/blog\/ferienhaus-dartmoor-medlar-cottage-3-7-km-von-tavistock\/\",\"name\":\"Ferienhaus Dartmoor - Medlar Cottage, 3.7 Km von Tavistock - Urlaub &amp; Reisen\",\"isPartOf\":{\"@id\":\"https:\/\/www.urlaubcornwall.de\/blog\/#website\"},\"datePublished\":\"2014-09-07T13:19:07+00:00\",\"dateModified\":\"2021-09-02T10:52:27+00:00\",\"breadcrumb\":{\"@id\":\"https:\/\/www.urlaubcornwall.de\/blog\/ferienhaus-dartmoor-medlar-cottage-3-7-km-von-tavistock\/#breadcrumb\"},\"inLanguage\":\"en-US\",\"potentialAction\":[{\"@type\":\"ReadAction\",\"target\":[\"https:\/\/www.urlaubcornwall.de\/blog\/ferienhaus-dartmoor-medlar-cottage-3-7-km-von-tavistock\/\"]}]},{\"@type\":\"BreadcrumbList\",\"@id\":\"https:\/\/www.urlaubcornwall.de\/blog\/ferienhaus-dartmoor-medlar-cottage-3-7-km-von-tavistock\/#breadcrumb\",\"itemListElement\":[{\"@type\":\"ListItem\",\"position\":1,\"name\":\"Home\",\"item\":\"https:\/\/www.urlaubcornwall.de\/blog\/\"},{\"@type\":\"ListItem\",\"position\":2,\"name\":\"Ferienhaus Dartmoor &#8211; Medlar Cottage, 3.7 Km von Tavistock\"}]}]}<\/script>\n<!-- \/ Yoast SEO plugin. -->","yoast_head_json":{"title":"Ferienhaus Dartmoor - Medlar Cottage, 3.7 Km von Tavistock - Urlaub &amp; Reisen","robots":{"index":"index","follow":"follow","max-snippet":"max-snippet:-1","max-image-preview":"max-image-preview:large","max-video-preview":"max-video-preview:-1"},"canonical":"https:\/\/www.urlaubcornwall.de\/blog\/ferienhaus-dartmoor-medlar-cottage-3-7-km-von-tavistock\/","og_locale":"en_US","og_type":"article","og_title":"Ferienhaus Dartmoor - Medlar Cottage, 3.7 Km von Tavistock - Urlaub &amp; Reisen","og_description":"2 Schlafzimmer, Schlafplatz f\u00fcr 4 + 2 Kinderbetten, hundefreundlich, Ferienhaus 3.7 Kilometer NW von Tavistock, Devon Dartmoor. Preisspanne I (\u00a3396 &#8211; \u00a3984) Im weiten Farmland Devons, in einem Gebiet ganz besonderer Natursch\u00f6nheit und nur eine Meile entfernt von Dartmoor, befindet sich dieses entz\u00fcckende Ferienhaus bei Lower Chaddlehanger mit weit reichendem Blick bis nach Cornwall. Das [&hellip;]","og_url":"https:\/\/www.urlaubcornwall.de\/blog\/ferienhaus-dartmoor-medlar-cottage-3-7-km-von-tavistock\/","og_site_name":"Urlaub &amp; Reisen","article_modified_time":"2021-09-02T10:52:27+00:00","twitter_card":"summary","twitter_misc":{"Est. reading time":"1 minute"},"schema":{"@context":"https:\/\/schema.org","@graph":[{"@type":"WebSite","@id":"https:\/\/www.urlaubcornwall.de\/blog\/#website","url":"https:\/\/www.urlaubcornwall.de\/blog\/","name":"Urlaub &amp; Reisen","description":"Urlaub, Reisen, Cornwall und S\u00fcdengland: eine perfekte Kombination","potentialAction":[{"@type":"SearchAction","target":{"@type":"EntryPoint","urlTemplate":"https:\/\/www.urlaubcornwall.de\/blog\/?s={search_term_string}"},"query-input":"required name=search_term_string"}],"inLanguage":"en-US"},{"@type":"WebPage","@id":"https:\/\/www.urlaubcornwall.de\/blog\/ferienhaus-dartmoor-medlar-cottage-3-7-km-von-tavistock\/","url":"https:\/\/www.urlaubcornwall.de\/blog\/ferienhaus-dartmoor-medlar-cottage-3-7-km-von-tavistock\/","name":"Ferienhaus Dartmoor - Medlar Cottage, 3.7 Km von Tavistock - Urlaub &amp; Reisen","isPartOf":{"@id":"https:\/\/www.urlaubcornwall.de\/blog\/#website"},"datePublished":"2014-09-07T13:19:07+00:00","dateModified":"2021-09-02T10:52:27+00:00","breadcrumb":{"@id":"https:\/\/www.urlaubcornwall.de\/blog\/ferienhaus-dartmoor-medlar-cottage-3-7-km-von-tavistock\/#breadcrumb"},"inLanguage":"en-US","potentialAction":[{"@type":"ReadAction","target":["https:\/\/www.urlaubcornwall.de\/blog\/ferienhaus-dartmoor-medlar-cottage-3-7-km-von-tavistock\/"]}]},{"@type":"BreadcrumbList","@id":"https:\/\/www.urlaubcornwall.de\/blog\/ferienhaus-dartmoor-medlar-cottage-3-7-km-von-tavistock\/#breadcrumb","itemListElement":[{"@type":"ListItem","position":1,"name":"Home","item":"https:\/\/www.urlaubcornwall.de\/blog\/"},{"@type":"ListItem","position":2,"name":"Ferienhaus Dartmoor &#8211; Medlar Cottage, 3.7 Km von Tavistock"}]}]}},"_links":{"self":[{"href":"https:\/\/www.urlaubcornwall.de\/blog\/wp-json\/wp\/v2\/pages\/16478"}],"collection":[{"href":"https:\/\/www.urlaubcornwall.de\/blog\/wp-json\/wp\/v2\/pages"}],"about":[{"href":"https:\/\/www.urlaubcornwall.de\/blog\/wp-json\/wp\/v2\/types\/page"}],"author":[{"embeddable":true,"href":"https:\/\/www.urlaubcornwall.de\/blog\/wp-json\/wp\/v2\/users\/1"}],"replies":[{"embeddable":true,"href":"https:\/\/www.urlaubcornwall.de\/blog\/wp-json\/wp\/v2\/comments?post=16478"}],"version-history":[{"count":5,"href":"https:\/\/www.urlaubcornwall.de\/blog\/wp-json\/wp\/v2\/pages\/16478\/revisions"}],"predecessor-version":[{"id":42482,"href":"https:\/\/www.urlaubcornwall.de\/blog\/wp-json\/wp\/v2\/pages\/16478\/revisions\/42482"}],"wp:attachment":[{"href":"https:\/\/www.urlaubcornwall.de\/blog\/wp-json\/wp\/v2\/media?parent=16478"}],"curies":[{"name":"wp","href":"https:\/\/api.w.org\/{rel}","templated":true}]}}