{"id":16476,"date":"2014-09-07T12:36:52","date_gmt":"2014-09-07T12:36:52","guid":{"rendered":"https:\/\/www.urlaubcornwall.de\/blog\/?page_id=16476"},"modified":"2021-09-02T11:34:39","modified_gmt":"2021-09-02T11:34:39","slug":"ferienhaus-exmoor-week-cottage","status":"publish","type":"page","link":"https:\/\/www.urlaubcornwall.de\/blog\/ferienhaus-exmoor-week-cottage\/","title":{"rendered":"Ferienhaus Exmoor Nord Devon &#8211; Week Cottage"},"content":{"rendered":"<p><strong>1 Schlafzimmer, Schlafplatz f\u00fcr 2 + Kinderbett, hundefreundlich, Ferienhaus 5.3 Kilometer N von Dulverton, Somerset. Preisspanne B (\u00a3291 &#8211; \u00a3603)<\/strong><\/p>\n<p>Im Herzen des Exmoor National Park gelegen, reicht Week Cottage zur\u00fcck in die 1690er Jahre dieses Ferienhaus in Devon liegt auf 2 Morgen Land, und schlie\u00dft sich an das Zuhause der Besitzer an, bleibt jedoch vollkommen selbst\u00e4ndig. Es hat seine eigene Freisitzbereich und sanft dahin schwingenden Garten. Im Inneren ist es voller Charme und Charakter alter Zeiten.<\/p>\n<p style=\"text-align: center;\"><a class=\"tidycta\" href=\"https:\/\/www.urlaubcornwall.de\/ferienhaeuser-fewos\/eng\/nord-devon\/exmoor.html\">Suche Ferienh\u00e4user Exmoor<\/a><\/p>\n<p>Eine ger\u00e4umige Eingangshalle, perfekt f\u00fcr schmutzige Stiefel, f\u00fchrt in die kompakte K\u00fcche, und das Wohn-Esszimmer, dessen originaler SteinFliesenboden mit weichen L\u00e4ufern bedeckt ist. Zwei bequeme Lehnst\u00fchle stehen auf der gegen\u00fcber liegenden Seite des Holzofens. Die steile Treppe f\u00fchrt hinauf zum h\u00fcbschen Schlafzimmer und attraktiven Badezimmer.<\/p>\n<p>Ziehen Sie Ihre Wanderstiefel an, schnappen Sie sich die Leine des Hundes und spazieren Sie los \u00fcber die Moore. Am Abend kommen Sie dann zur\u00fcck in diese behagliche, willkommen hei\u00dfende Unterkunft.<\/p>\n<p><strong>M\u00f6glichkeiten &amp; Services<\/strong><\/p>\n<p>einschlie\u00dflich \u2013 Heizung, Kinder-Reisebett, WiFi<\/p>\n<p><strong>Verschiedenes<\/strong><\/p>\n<p>\u2022 private Parkm\u00f6glichkeit f\u00fcr 2 Autos<br \/>\n\u2022 Freisitzm\u00f6bel und Grill<br \/>\n\u2022 Einkaufsladen: 4 Meilen<br \/>\n\u2022 Kneipe: 5 Meilen<br \/>\n\u2022 \u00f6ffentliche Telefonzelle: 5 Meilen<br \/>\n\u2022 Nichtraucher<br \/>\n\u2022 Hunde erlaubt (nur 1)<br \/>\n\u2022 Ankunft\/Abreise Samstag<\/p>\n<p style=\"text-align: center;\"><a class=\"tidycta\" href=\"https:\/\/www.urlaubcornwall.de\/ferienhaeuser-fewos\/eng\/nord-devon\/exmoor.html\">Suche Ferienh\u00e4user Exmoor<\/a><\/p>\n<p>Um UrlaubCornwall.de einzigartige Kollektion nach Ihrem idealen Ferienhaus zu durchsuchen. <a href=\"https:\/\/www.urlaubcornwall.de\/ferienhaeuser-fewos\/eng\/nord-devon\/nord-devon.html\"><span style=\"text-decoration: underline;\">Klicken Sie hier<\/span> &gt;&gt;<\/a><\/p>\n","protected":false},"excerpt":{"rendered":"<p>1 Schlafzimmer, Schlafplatz f\u00fcr 2 + Kinderbett, hundefreundlich, Ferienhaus 5.3 Kilometer N von Dulverton, Somerset. Preisspanne B (\u00a3291 &#8211; \u00a3603) Im Herzen des Exmoor National Park gelegen, reicht Week Cottage zur\u00fcck in die 1690er Jahre dieses Ferienhaus in Devon liegt auf 2 Morgen Land, und schlie\u00dft sich an das Zuhause der Besitzer an, bleibt jedoch [&hellip;]<\/p>\n","protected":false},"author":1,"featured_media":0,"parent":0,"menu_order":0,"comment_status":"closed","ping_status":"closed","template":"single-two.php","meta":[],"acf":[],"yoast_head":"<!-- This site is optimized with the Yoast SEO plugin v19.4 - https:\/\/yoast.com\/wordpress\/plugins\/seo\/ -->\n<title>Ferienhaus Exmoor Nord Devon - Week Cottage - Urlaub &amp; Reisen<\/title>\n<meta name=\"robots\" content=\"index, follow, max-snippet:-1, max-image-preview:large, max-video-preview:-1\" \/>\n<link rel=\"canonical\" href=\"https:\/\/www.urlaubcornwall.de\/blog\/ferienhaus-exmoor-week-cottage\/\" \/>\n<meta property=\"og:locale\" content=\"en_US\" \/>\n<meta property=\"og:type\" content=\"article\" \/>\n<meta property=\"og:title\" content=\"Ferienhaus Exmoor Nord Devon - Week Cottage - Urlaub &amp; Reisen\" \/>\n<meta property=\"og:description\" content=\"1 Schlafzimmer, Schlafplatz f\u00fcr 2 + Kinderbett, hundefreundlich, Ferienhaus 5.3 Kilometer N von Dulverton, Somerset. Preisspanne B (\u00a3291 &#8211; \u00a3603) Im Herzen des Exmoor National Park gelegen, reicht Week Cottage zur\u00fcck in die 1690er Jahre dieses Ferienhaus in Devon liegt auf 2 Morgen Land, und schlie\u00dft sich an das Zuhause der Besitzer an, bleibt jedoch [&hellip;]\" \/>\n<meta property=\"og:url\" content=\"https:\/\/www.urlaubcornwall.de\/blog\/ferienhaus-exmoor-week-cottage\/\" \/>\n<meta property=\"og:site_name\" content=\"Urlaub &amp; Reisen\" \/>\n<meta property=\"article:modified_time\" content=\"2021-09-02T11:34:39+00:00\" \/>\n<meta name=\"twitter:card\" content=\"summary\" \/>\n<meta name=\"twitter:label1\" content=\"Est. reading time\" \/>\n\t<meta name=\"twitter:data1\" content=\"1 minute\" \/>\n<script type=\"application\/ld+json\" class=\"yoast-schema-graph\">{\"@context\":\"https:\/\/schema.org\",\"@graph\":[{\"@type\":\"WebSite\",\"@id\":\"https:\/\/www.urlaubcornwall.de\/blog\/#website\",\"url\":\"https:\/\/www.urlaubcornwall.de\/blog\/\",\"name\":\"Urlaub &amp; Reisen\",\"description\":\"Urlaub, Reisen, Cornwall und S\u00fcdengland: eine perfekte Kombination\",\"potentialAction\":[{\"@type\":\"SearchAction\",\"target\":{\"@type\":\"EntryPoint\",\"urlTemplate\":\"https:\/\/www.urlaubcornwall.de\/blog\/?s={search_term_string}\"},\"query-input\":\"required name=search_term_string\"}],\"inLanguage\":\"en-US\"},{\"@type\":\"WebPage\",\"@id\":\"https:\/\/www.urlaubcornwall.de\/blog\/ferienhaus-exmoor-week-cottage\/\",\"url\":\"https:\/\/www.urlaubcornwall.de\/blog\/ferienhaus-exmoor-week-cottage\/\",\"name\":\"Ferienhaus Exmoor Nord Devon - Week Cottage - Urlaub &amp; Reisen\",\"isPartOf\":{\"@id\":\"https:\/\/www.urlaubcornwall.de\/blog\/#website\"},\"datePublished\":\"2014-09-07T12:36:52+00:00\",\"dateModified\":\"2021-09-02T11:34:39+00:00\",\"breadcrumb\":{\"@id\":\"https:\/\/www.urlaubcornwall.de\/blog\/ferienhaus-exmoor-week-cottage\/#breadcrumb\"},\"inLanguage\":\"en-US\",\"potentialAction\":[{\"@type\":\"ReadAction\",\"target\":[\"https:\/\/www.urlaubcornwall.de\/blog\/ferienhaus-exmoor-week-cottage\/\"]}]},{\"@type\":\"BreadcrumbList\",\"@id\":\"https:\/\/www.urlaubcornwall.de\/blog\/ferienhaus-exmoor-week-cottage\/#breadcrumb\",\"itemListElement\":[{\"@type\":\"ListItem\",\"position\":1,\"name\":\"Home\",\"item\":\"https:\/\/www.urlaubcornwall.de\/blog\/\"},{\"@type\":\"ListItem\",\"position\":2,\"name\":\"Ferienhaus Exmoor Nord Devon &#8211; Week Cottage\"}]}]}<\/script>\n<!-- \/ Yoast SEO plugin. -->","yoast_head_json":{"title":"Ferienhaus Exmoor Nord Devon - Week Cottage - Urlaub &amp; Reisen","robots":{"index":"index","follow":"follow","max-snippet":"max-snippet:-1","max-image-preview":"max-image-preview:large","max-video-preview":"max-video-preview:-1"},"canonical":"https:\/\/www.urlaubcornwall.de\/blog\/ferienhaus-exmoor-week-cottage\/","og_locale":"en_US","og_type":"article","og_title":"Ferienhaus Exmoor Nord Devon - Week Cottage - Urlaub &amp; Reisen","og_description":"1 Schlafzimmer, Schlafplatz f\u00fcr 2 + Kinderbett, hundefreundlich, Ferienhaus 5.3 Kilometer N von Dulverton, Somerset. Preisspanne B (\u00a3291 &#8211; \u00a3603) Im Herzen des Exmoor National Park gelegen, reicht Week Cottage zur\u00fcck in die 1690er Jahre dieses Ferienhaus in Devon liegt auf 2 Morgen Land, und schlie\u00dft sich an das Zuhause der Besitzer an, bleibt jedoch [&hellip;]","og_url":"https:\/\/www.urlaubcornwall.de\/blog\/ferienhaus-exmoor-week-cottage\/","og_site_name":"Urlaub &amp; Reisen","article_modified_time":"2021-09-02T11:34:39+00:00","twitter_card":"summary","twitter_misc":{"Est. reading time":"1 minute"},"schema":{"@context":"https:\/\/schema.org","@graph":[{"@type":"WebSite","@id":"https:\/\/www.urlaubcornwall.de\/blog\/#website","url":"https:\/\/www.urlaubcornwall.de\/blog\/","name":"Urlaub &amp; Reisen","description":"Urlaub, Reisen, Cornwall und S\u00fcdengland: eine perfekte Kombination","potentialAction":[{"@type":"SearchAction","target":{"@type":"EntryPoint","urlTemplate":"https:\/\/www.urlaubcornwall.de\/blog\/?s={search_term_string}"},"query-input":"required name=search_term_string"}],"inLanguage":"en-US"},{"@type":"WebPage","@id":"https:\/\/www.urlaubcornwall.de\/blog\/ferienhaus-exmoor-week-cottage\/","url":"https:\/\/www.urlaubcornwall.de\/blog\/ferienhaus-exmoor-week-cottage\/","name":"Ferienhaus Exmoor Nord Devon - Week Cottage - Urlaub &amp; Reisen","isPartOf":{"@id":"https:\/\/www.urlaubcornwall.de\/blog\/#website"},"datePublished":"2014-09-07T12:36:52+00:00","dateModified":"2021-09-02T11:34:39+00:00","breadcrumb":{"@id":"https:\/\/www.urlaubcornwall.de\/blog\/ferienhaus-exmoor-week-cottage\/#breadcrumb"},"inLanguage":"en-US","potentialAction":[{"@type":"ReadAction","target":["https:\/\/www.urlaubcornwall.de\/blog\/ferienhaus-exmoor-week-cottage\/"]}]},{"@type":"BreadcrumbList","@id":"https:\/\/www.urlaubcornwall.de\/blog\/ferienhaus-exmoor-week-cottage\/#breadcrumb","itemListElement":[{"@type":"ListItem","position":1,"name":"Home","item":"https:\/\/www.urlaubcornwall.de\/blog\/"},{"@type":"ListItem","position":2,"name":"Ferienhaus Exmoor Nord Devon &#8211; Week Cottage"}]}]}},"_links":{"self":[{"href":"https:\/\/www.urlaubcornwall.de\/blog\/wp-json\/wp\/v2\/pages\/16476"}],"collection":[{"href":"https:\/\/www.urlaubcornwall.de\/blog\/wp-json\/wp\/v2\/pages"}],"about":[{"href":"https:\/\/www.urlaubcornwall.de\/blog\/wp-json\/wp\/v2\/types\/page"}],"author":[{"embeddable":true,"href":"https:\/\/www.urlaubcornwall.de\/blog\/wp-json\/wp\/v2\/users\/1"}],"replies":[{"embeddable":true,"href":"https:\/\/www.urlaubcornwall.de\/blog\/wp-json\/wp\/v2\/comments?post=16476"}],"version-history":[{"count":8,"href":"https:\/\/www.urlaubcornwall.de\/blog\/wp-json\/wp\/v2\/pages\/16476\/revisions"}],"predecessor-version":[{"id":42484,"href":"https:\/\/www.urlaubcornwall.de\/blog\/wp-json\/wp\/v2\/pages\/16476\/revisions\/42484"}],"wp:attachment":[{"href":"https:\/\/www.urlaubcornwall.de\/blog\/wp-json\/wp\/v2\/media?parent=16476"}],"curies":[{"name":"wp","href":"https:\/\/api.w.org\/{rel}","templated":true}]}}