{"id":16472,"date":"2014-09-07T12:32:16","date_gmt":"2014-09-07T12:32:16","guid":{"rendered":"https:\/\/www.urlaubcornwall.de\/blog\/?page_id=16472"},"modified":"2021-09-02T10:00:42","modified_gmt":"2021-09-02T10:00:42","slug":"16472-2","status":"publish","type":"page","link":"https:\/\/www.urlaubcornwall.de\/blog\/16472-2\/","title":{"rendered":"Ferienhaus Liskeard &#8211; Manor Farm Barn"},"content":{"rendered":"<p><strong>3 Schlafzimmer, Schlafplatz f\u00fcr 5 + Kinderbett, leider keine Haustiere erlaubt, Ferienhaus 4 Kilometer von Liskeard, S\u00fcdk\u00fcste Cornwall. Preisspanne J (\u00a3414 &#8211; \u00a31041)<\/strong><\/p>\n<p>Dieses h\u00fcbsche Ferienhaus liegt nur eine 10min\u00fctige Autofahrt von Liskeard und 20 Minuten von Looe entfernt. Es hat seinen ganz eigenen Charakter und ist wundersch\u00f6n eingerichtet. Auch die Lage ist herrlich \u2013 voller Ruhe und Frieden und dennoch in guter Erreichbarkeit all dessen, was Cornwall zu bieten hat.<\/p>\n<p style=\"text-align: center;\"><a class=\"tidycta\" href=\"https:\/\/www.urlaubcornwall.de\/ferienhaeuser-fewos\/liskeard.html\">Suche Ferienh\u00e4user Liskeard<\/a><\/p>\n<p>Der wundersch\u00f6ne Eichenboden im gesamten offenen Wohnbereich erg\u00e4nzt auf perfekte Art und Weise die dunkelrot gemusterten Sofas und cremefarbene K\u00fcchenzeile. Es gibt ein ger\u00e4umiges Doppelschlafzimmer mit Eisenguss- und Messingbett und seinem eigenen en-Suite-Duschraum. Von diesem Raum aus f\u00fchrt auch eine mit Teppichboden verlegte Treppe hinauf zu einem sehr attraktiven Galerie-Einzelschlafzimmer. Das Zwillingszimmer befindet sich \u00fcber den Flur hinweg, wie auch das Familienbadezimmer.<\/p>\n<p>Die Wohnzimmert\u00fcren f\u00fchren hinaus auf eine Freisitzfl\u00e4che, von der aus der erh\u00f6ht gelegene, umgrenzte Garten \u00fcber Stufen erreichbar ist. Der Garten hat die meiste Zeit des Tages \u00fcber Sonne. Dies ist ein wundervolles Ferienhaus, ideal f\u00fcr eine Familie oder eine Gruppe von Freunden.<\/p>\n<p><strong>M\u00f6glichkeiten &amp; Services<\/strong><\/p>\n<p>einschlie\u00dflich \u2013 Heizung, Kinder-Reisebett, Hochstuhl, Treppengitter, WiFi.<\/p>\n<p><strong>Verschiedenes<\/strong><\/p>\n<p>\u2022 private Parkm\u00f6glichkeit f\u00fcr 2 Autos<br \/>\n\u2022 Gartenm\u00f6bel und Grill<br \/>\n\u2022 Einkaufsladen: 2 Meilen<br \/>\n\u2022 Kneipe: 2 Meilen<br \/>\n\u2022 \u00f6ffentliche Telefonzelle: 2 Meilen<br \/>\n\u2022 Nichtraucher<br \/>\n\u2022 keine Haustiere erlaubt<br \/>\n\u2022 Ankunft\/Abreise Samstag<\/p>\n<p style=\"text-align: center;\"><a class=\"tidycta\" href=\"https:\/\/www.urlaubcornwall.de\/ferienhaeuser-fewos\/liskeard.html\">Suche Ferienh\u00e4user Liskeard<\/a><\/p>\n<p>Um UrlaubCornwall.de einzigartige Kollektion nach Ihrem idealen Ferienhaus zu durchsuchen. <a href=\"https:\/\/www.urlaubcornwall.de\/ferienhaeuser\/cornwall.php\"><span style=\"text-decoration: underline;\">Klicken Sie hier<\/span> &gt;&gt;<\/a><\/p>\n","protected":false},"excerpt":{"rendered":"<p>3 Schlafzimmer, Schlafplatz f\u00fcr 5 + Kinderbett, leider keine Haustiere erlaubt, Ferienhaus 4 Kilometer von Liskeard, S\u00fcdk\u00fcste Cornwall. Preisspanne J (\u00a3414 &#8211; \u00a31041) Dieses h\u00fcbsche Ferienhaus liegt nur eine 10min\u00fctige Autofahrt von Liskeard und 20 Minuten von Looe entfernt. Es hat seinen ganz eigenen Charakter und ist wundersch\u00f6n eingerichtet. Auch die Lage ist herrlich \u2013 [&hellip;]<\/p>\n","protected":false},"author":1,"featured_media":0,"parent":0,"menu_order":0,"comment_status":"closed","ping_status":"closed","template":"single-two.php","meta":[],"acf":[],"yoast_head":"<!-- This site is optimized with the Yoast SEO plugin v19.4 - https:\/\/yoast.com\/wordpress\/plugins\/seo\/ -->\n<title>Ferienhaus Liskeard - Manor Farm Barn - Urlaub &amp; Reisen<\/title>\n<meta name=\"robots\" content=\"index, follow, max-snippet:-1, max-image-preview:large, max-video-preview:-1\" \/>\n<link rel=\"canonical\" href=\"https:\/\/www.urlaubcornwall.de\/blog\/16472-2\/\" \/>\n<meta property=\"og:locale\" content=\"en_US\" \/>\n<meta property=\"og:type\" content=\"article\" \/>\n<meta property=\"og:title\" content=\"Ferienhaus Liskeard - Manor Farm Barn - Urlaub &amp; Reisen\" \/>\n<meta property=\"og:description\" content=\"3 Schlafzimmer, Schlafplatz f\u00fcr 5 + Kinderbett, leider keine Haustiere erlaubt, Ferienhaus 4 Kilometer von Liskeard, S\u00fcdk\u00fcste Cornwall. Preisspanne J (\u00a3414 &#8211; \u00a31041) Dieses h\u00fcbsche Ferienhaus liegt nur eine 10min\u00fctige Autofahrt von Liskeard und 20 Minuten von Looe entfernt. Es hat seinen ganz eigenen Charakter und ist wundersch\u00f6n eingerichtet. Auch die Lage ist herrlich \u2013 [&hellip;]\" \/>\n<meta property=\"og:url\" content=\"https:\/\/www.urlaubcornwall.de\/blog\/16472-2\/\" \/>\n<meta property=\"og:site_name\" content=\"Urlaub &amp; Reisen\" \/>\n<meta property=\"article:modified_time\" content=\"2021-09-02T10:00:42+00:00\" \/>\n<meta name=\"twitter:card\" content=\"summary\" \/>\n<meta name=\"twitter:label1\" content=\"Est. reading time\" \/>\n\t<meta name=\"twitter:data1\" content=\"1 minute\" \/>\n<script type=\"application\/ld+json\" class=\"yoast-schema-graph\">{\"@context\":\"https:\/\/schema.org\",\"@graph\":[{\"@type\":\"WebSite\",\"@id\":\"https:\/\/www.urlaubcornwall.de\/blog\/#website\",\"url\":\"https:\/\/www.urlaubcornwall.de\/blog\/\",\"name\":\"Urlaub &amp; Reisen\",\"description\":\"Urlaub, Reisen, Cornwall und S\u00fcdengland: eine perfekte Kombination\",\"potentialAction\":[{\"@type\":\"SearchAction\",\"target\":{\"@type\":\"EntryPoint\",\"urlTemplate\":\"https:\/\/www.urlaubcornwall.de\/blog\/?s={search_term_string}\"},\"query-input\":\"required name=search_term_string\"}],\"inLanguage\":\"en-US\"},{\"@type\":\"WebPage\",\"@id\":\"https:\/\/www.urlaubcornwall.de\/blog\/16472-2\/\",\"url\":\"https:\/\/www.urlaubcornwall.de\/blog\/16472-2\/\",\"name\":\"Ferienhaus Liskeard - Manor Farm Barn - Urlaub &amp; Reisen\",\"isPartOf\":{\"@id\":\"https:\/\/www.urlaubcornwall.de\/blog\/#website\"},\"datePublished\":\"2014-09-07T12:32:16+00:00\",\"dateModified\":\"2021-09-02T10:00:42+00:00\",\"breadcrumb\":{\"@id\":\"https:\/\/www.urlaubcornwall.de\/blog\/16472-2\/#breadcrumb\"},\"inLanguage\":\"en-US\",\"potentialAction\":[{\"@type\":\"ReadAction\",\"target\":[\"https:\/\/www.urlaubcornwall.de\/blog\/16472-2\/\"]}]},{\"@type\":\"BreadcrumbList\",\"@id\":\"https:\/\/www.urlaubcornwall.de\/blog\/16472-2\/#breadcrumb\",\"itemListElement\":[{\"@type\":\"ListItem\",\"position\":1,\"name\":\"Home\",\"item\":\"https:\/\/www.urlaubcornwall.de\/blog\/\"},{\"@type\":\"ListItem\",\"position\":2,\"name\":\"Ferienhaus Liskeard &#8211; Manor Farm Barn\"}]}]}<\/script>\n<!-- \/ Yoast SEO plugin. -->","yoast_head_json":{"title":"Ferienhaus Liskeard - Manor Farm Barn - Urlaub &amp; Reisen","robots":{"index":"index","follow":"follow","max-snippet":"max-snippet:-1","max-image-preview":"max-image-preview:large","max-video-preview":"max-video-preview:-1"},"canonical":"https:\/\/www.urlaubcornwall.de\/blog\/16472-2\/","og_locale":"en_US","og_type":"article","og_title":"Ferienhaus Liskeard - Manor Farm Barn - Urlaub &amp; Reisen","og_description":"3 Schlafzimmer, Schlafplatz f\u00fcr 5 + Kinderbett, leider keine Haustiere erlaubt, Ferienhaus 4 Kilometer von Liskeard, S\u00fcdk\u00fcste Cornwall. Preisspanne J (\u00a3414 &#8211; \u00a31041) Dieses h\u00fcbsche Ferienhaus liegt nur eine 10min\u00fctige Autofahrt von Liskeard und 20 Minuten von Looe entfernt. Es hat seinen ganz eigenen Charakter und ist wundersch\u00f6n eingerichtet. Auch die Lage ist herrlich \u2013 [&hellip;]","og_url":"https:\/\/www.urlaubcornwall.de\/blog\/16472-2\/","og_site_name":"Urlaub &amp; Reisen","article_modified_time":"2021-09-02T10:00:42+00:00","twitter_card":"summary","twitter_misc":{"Est. reading time":"1 minute"},"schema":{"@context":"https:\/\/schema.org","@graph":[{"@type":"WebSite","@id":"https:\/\/www.urlaubcornwall.de\/blog\/#website","url":"https:\/\/www.urlaubcornwall.de\/blog\/","name":"Urlaub &amp; Reisen","description":"Urlaub, Reisen, Cornwall und S\u00fcdengland: eine perfekte Kombination","potentialAction":[{"@type":"SearchAction","target":{"@type":"EntryPoint","urlTemplate":"https:\/\/www.urlaubcornwall.de\/blog\/?s={search_term_string}"},"query-input":"required name=search_term_string"}],"inLanguage":"en-US"},{"@type":"WebPage","@id":"https:\/\/www.urlaubcornwall.de\/blog\/16472-2\/","url":"https:\/\/www.urlaubcornwall.de\/blog\/16472-2\/","name":"Ferienhaus Liskeard - Manor Farm Barn - Urlaub &amp; Reisen","isPartOf":{"@id":"https:\/\/www.urlaubcornwall.de\/blog\/#website"},"datePublished":"2014-09-07T12:32:16+00:00","dateModified":"2021-09-02T10:00:42+00:00","breadcrumb":{"@id":"https:\/\/www.urlaubcornwall.de\/blog\/16472-2\/#breadcrumb"},"inLanguage":"en-US","potentialAction":[{"@type":"ReadAction","target":["https:\/\/www.urlaubcornwall.de\/blog\/16472-2\/"]}]},{"@type":"BreadcrumbList","@id":"https:\/\/www.urlaubcornwall.de\/blog\/16472-2\/#breadcrumb","itemListElement":[{"@type":"ListItem","position":1,"name":"Home","item":"https:\/\/www.urlaubcornwall.de\/blog\/"},{"@type":"ListItem","position":2,"name":"Ferienhaus Liskeard &#8211; Manor Farm Barn"}]}]}},"_links":{"self":[{"href":"https:\/\/www.urlaubcornwall.de\/blog\/wp-json\/wp\/v2\/pages\/16472"}],"collection":[{"href":"https:\/\/www.urlaubcornwall.de\/blog\/wp-json\/wp\/v2\/pages"}],"about":[{"href":"https:\/\/www.urlaubcornwall.de\/blog\/wp-json\/wp\/v2\/types\/page"}],"author":[{"embeddable":true,"href":"https:\/\/www.urlaubcornwall.de\/blog\/wp-json\/wp\/v2\/users\/1"}],"replies":[{"embeddable":true,"href":"https:\/\/www.urlaubcornwall.de\/blog\/wp-json\/wp\/v2\/comments?post=16472"}],"version-history":[{"count":7,"href":"https:\/\/www.urlaubcornwall.de\/blog\/wp-json\/wp\/v2\/pages\/16472\/revisions"}],"predecessor-version":[{"id":42446,"href":"https:\/\/www.urlaubcornwall.de\/blog\/wp-json\/wp\/v2\/pages\/16472\/revisions\/42446"}],"wp:attachment":[{"href":"https:\/\/www.urlaubcornwall.de\/blog\/wp-json\/wp\/v2\/media?parent=16472"}],"curies":[{"name":"wp","href":"https:\/\/api.w.org\/{rel}","templated":true}]}}