{"id":16470,"date":"2014-09-07T12:25:38","date_gmt":"2014-09-07T12:25:38","guid":{"rendered":"https:\/\/www.urlaubcornwall.de\/blog\/?page_id=16470"},"modified":"2024-05-29T07:48:18","modified_gmt":"2024-05-29T07:48:18","slug":"schoenes-cotswolds-hotel-lygon-arms-broadway-gloustershire","status":"publish","type":"page","link":"https:\/\/www.urlaubcornwall.de\/blog\/schoenes-cotswolds-hotel-lygon-arms-broadway-gloustershire\/","title":{"rendered":"Sch\u00f6nes Cotswolds Hotel \u2013 Broadway, Gloucestershire"},"content":{"rendered":"<p><a href=\"https:\/\/www.urlaubcornwall.de\/blog\/wp-content\/uploads\/2017\/03\/urlaub-broadway-cotswolds.jpg\"><img loading=\"lazy\" src=\"https:\/\/www.urlaubcornwall.de\/blog\/wp-content\/uploads\/2017\/03\/urlaub-broadway-cotswolds.jpg\" alt=\"Erkunden Sie die romantischen Cotswolds\" width=\"746\" height=\"407\" class=\"alignnone size-full wp-image-27295\" srcset=\"https:\/\/www.urlaubcornwall.de\/blog\/wp-content\/uploads\/2017\/03\/urlaub-broadway-cotswolds.jpg 746w, https:\/\/www.urlaubcornwall.de\/blog\/wp-content\/uploads\/2017\/03\/urlaub-broadway-cotswolds-300x164.jpg 300w\" sizes=\"(max-width: 746px) 100vw, 746px\" \/><\/a><\/p>\n<p>Im Zentrum Broadways in den Cotswolds befindet sich das <a href=\"https:\/\/www.booking.com\/hotel\/gb\/lygonarms.de.html?aid=1320750&amp;no_rooms=1&amp;group_adults=2&amp;room1=A%2CA\" rel=\"nofollow\">Lygon Arms<\/a>, ein traditionelles Gasthaus, reich an Geschichte und Charme. Mehr noch ist das Gasthaus ein Landhaushotel schlechthin mit dem beneidenswerten Ruf, eine der feinsten K\u00fcchen und den besten modernen Komfort zu haben. Es verf\u00fcgt \u00fcber 3 Ar Grund und Boden, einschlie\u00dflich Rasenfl\u00e4chen, Blumeng\u00e4rten, Croquette und Flutlicht-Tennis zum exklusiven Nutzen der G\u00e4ste. Au\u00dferdem gibt es einen reizenden Gesundheits-Spa und ein wundersch\u00f6nes r\u00f6misches Innenschwimmbad.<\/p>\n<p>Das Gasthaus hat 77 R\u00e4ume, einschlie\u00dflich 6 hervorragender Suiten, die teilweise ins Jahr 1532 zur\u00fcckreichen. Die H\u00e4lfte der Schlafr\u00e4ume befindet sich in den Originalgeb\u00e4uden, und die andere H\u00e4lfte in den preisgekr\u00f6nten Garten- und Obstgartenfl\u00fcgeln. Jeder Raum und jede Suite des Gasthauses haben ihren ganz eigenen Charakter, individuell dekoriert und eingerichtet im traditionellen Landhausstil. Viele der R\u00e4ume verf\u00fcgen \u00fcber feine Antiquit\u00e4ten, allerdings in Kombination mit der zeitgen\u00f6ssischen Technologie unserer Tage, einschlie\u00dflich freiem Wifi.<\/p>\n<p><strong>Zimmer<\/strong><br \/>\nDie Zimmer verf\u00fcgen \u00fcber Balkendecken, herrliche Himmelbetten und sind voller faszinierender Antiquit\u00e4ten \u2013 dem f\u00fcgen Sie dann sch\u00f6ne Badezimmer und ebensolche Toiletten hinzu, und Sie erhalten den Gewinner schlechthin.<\/p>\n<p><strong>Suiten<\/strong><br \/>\nDie modern eingerichteten Suiten haben Lederst\u00fchle, Flachbildfernsehschirme und Soundsysteme. Traditionelle Suiten haben Balkendecken, Antiquit\u00e4ten und Himmelbetten, zudem einen separaten Wohnbereich.<\/p>\n<p><strong>Super Deluxe Doppelzimmer<\/strong><br \/>\nDie modern eingerichteten R\u00e4ume verf\u00fcgen \u00fcber Lederst\u00fchle, Flachbildfern sehschirme und Soundsysteme. Traditionelle Suiten haben Balkendecken, sind mit Antiquit\u00e4ten und Himmelbetten ausgestattet.<\/p>\n<p><strong>Deluxe Doppelzimmer<\/strong><br \/>\nDie modern eingerichteten R\u00e4ume verf\u00fcgen \u00fcber Lederst\u00fchle und Flachbildfernsehschirme. Traditionelle R\u00e4ume haben Balkendecken und eine Feuerstelle.<\/p>\n<p><strong>Premium Doppelzimmer<\/strong><br \/>\nDie modern eingerichteten R\u00e4ume verf\u00fcgen \u00fcber Lederst\u00fchle und Flachbildfernsehschirme. Traditionelle R\u00e4ume haben Balkendecken und eine Feuerstelle.<\/p>\n<p><strong>G\u00e4stedoppelzimmer<\/strong><br \/>\nS\u00e4mtliche R\u00e4ume verf\u00fcgen \u00fcber einzigartige zeitgem\u00e4\u00dfe Elemente.<br \/>\nG\u00e4ste-Zwillingszimmer<br \/>\no zwei Einzelbetten<br \/>\no Arbeitsbereich<br \/>\no Kaffeetisch und bequeme St\u00fchle<\/p>\n<p><strong>Verpflegung<\/strong><\/p>\n<p>Wenn Sie pures Drama erleben und die Gelegenheit am Schopfe greifen wollen, dann bleiben Sie im Great Hall Restaurant, einem atemberaubenden Essbereich. Der Raum wird seinem Namen gerecht mit einer beeindruckenden Gew\u00f6lbedecke, einer Galerie von Minnes\u00e4ngern des 17. Jahrhunderts und polierten Eichenverstrebungen.<\/p>\n<p>F\u00fcr eine etwas intimere Bistroumgebung, probieren Sie einfach Lukes Broadway mit gro\u00dfartigen, jahreszeitlich gepr\u00e4gten Speisen, f\u00fcr deren Zubereitung frische, lokal angebaute Produkte verwendet werden.<\/p>\n<p style=\"text-align: center;\"><a class=\"tidycta\" href=\"https:\/\/www.booking.com\/hotel\/gb\/lygonarms.de.html?aid=1320750&amp;no_rooms=1&amp;group_adults=2&amp;room1=A%2CA\" rel=\"nofollow\">Verf\u00fcgbarkeit pr\u00fcfen<\/a><\/p>\n<p><img loading=\"lazy\" class=\"aligncenter size-full wp-image-24598\" src=\"https:\/\/www.urlaubcornwall.de\/blog\/wp-content\/uploads\/2016\/06\/urlaub-und-gro\u00dfbritannien_logo_final.jpg\" alt=\"\" width=\"746\" height=\"361\" srcset=\"https:\/\/www.urlaubcornwall.de\/blog\/wp-content\/uploads\/2016\/06\/urlaub-und-gro\u00dfbritannien_logo_final.jpg 746w, https:\/\/www.urlaubcornwall.de\/blog\/wp-content\/uploads\/2016\/06\/urlaub-und-gro\u00dfbritannien_logo_final-300x145.jpg 300w\" sizes=\"(max-width: 746px) 100vw, 746px\" \/><\/p>\n","protected":false},"excerpt":{"rendered":"<p>Im Zentrum Broadways in den Cotswolds befindet sich das Lygon Arms, ein traditionelles Gasthaus, reich an Geschichte und Charme. Mehr noch ist das Gasthaus ein Landhaushotel schlechthin mit dem beneidenswerten Ruf, eine der feinsten K\u00fcchen und den besten modernen Komfort zu haben. Es verf\u00fcgt \u00fcber 3 Ar Grund und Boden, einschlie\u00dflich Rasenfl\u00e4chen, Blumeng\u00e4rten, Croquette und [&hellip;]<\/p>\n","protected":false},"author":1,"featured_media":0,"parent":0,"menu_order":0,"comment_status":"closed","ping_status":"closed","template":"single-four.php","meta":[],"acf":[],"yoast_head":"<!-- This site is optimized with the Yoast SEO plugin v19.4 - https:\/\/yoast.com\/wordpress\/plugins\/seo\/ -->\n<title>Sch\u00f6nes Cotswolds Hotel \u2013 Broadway, Gloucestershire - Urlaub &amp; Reisen<\/title>\n<meta name=\"robots\" content=\"index, follow, max-snippet:-1, max-image-preview:large, max-video-preview:-1\" \/>\n<link rel=\"canonical\" href=\"https:\/\/www.urlaubcornwall.de\/blog\/schoenes-cotswolds-hotel-lygon-arms-broadway-gloustershire\/\" \/>\n<meta property=\"og:locale\" content=\"en_US\" \/>\n<meta property=\"og:type\" content=\"article\" \/>\n<meta property=\"og:title\" content=\"Sch\u00f6nes Cotswolds Hotel \u2013 Broadway, Gloucestershire - Urlaub &amp; Reisen\" \/>\n<meta property=\"og:description\" content=\"Im Zentrum Broadways in den Cotswolds befindet sich das Lygon Arms, ein traditionelles Gasthaus, reich an Geschichte und Charme. Mehr noch ist das Gasthaus ein Landhaushotel schlechthin mit dem beneidenswerten Ruf, eine der feinsten K\u00fcchen und den besten modernen Komfort zu haben. Es verf\u00fcgt \u00fcber 3 Ar Grund und Boden, einschlie\u00dflich Rasenfl\u00e4chen, Blumeng\u00e4rten, Croquette und [&hellip;]\" \/>\n<meta property=\"og:url\" content=\"https:\/\/www.urlaubcornwall.de\/blog\/schoenes-cotswolds-hotel-lygon-arms-broadway-gloustershire\/\" \/>\n<meta property=\"og:site_name\" content=\"Urlaub &amp; Reisen\" \/>\n<meta property=\"article:modified_time\" content=\"2024-05-29T07:48:18+00:00\" \/>\n<meta property=\"og:image\" content=\"https:\/\/www.urlaubcornwall.de\/blog\/wp-content\/uploads\/2017\/03\/urlaub-broadway-cotswolds.jpg\" \/>\n<meta name=\"twitter:card\" content=\"summary\" \/>\n<meta name=\"twitter:label1\" content=\"Est. reading time\" \/>\n\t<meta name=\"twitter:data1\" content=\"2 minutes\" \/>\n<script type=\"application\/ld+json\" class=\"yoast-schema-graph\">{\"@context\":\"https:\/\/schema.org\",\"@graph\":[{\"@type\":\"WebSite\",\"@id\":\"https:\/\/www.urlaubcornwall.de\/blog\/#website\",\"url\":\"https:\/\/www.urlaubcornwall.de\/blog\/\",\"name\":\"Urlaub &amp; Reisen\",\"description\":\"Urlaub, Reisen, Cornwall und S\u00fcdengland: eine perfekte Kombination\",\"potentialAction\":[{\"@type\":\"SearchAction\",\"target\":{\"@type\":\"EntryPoint\",\"urlTemplate\":\"https:\/\/www.urlaubcornwall.de\/blog\/?s={search_term_string}\"},\"query-input\":\"required name=search_term_string\"}],\"inLanguage\":\"en-US\"},{\"@type\":\"WebPage\",\"@id\":\"https:\/\/www.urlaubcornwall.de\/blog\/schoenes-cotswolds-hotel-lygon-arms-broadway-gloustershire\/\",\"url\":\"https:\/\/www.urlaubcornwall.de\/blog\/schoenes-cotswolds-hotel-lygon-arms-broadway-gloustershire\/\",\"name\":\"Sch\u00f6nes Cotswolds Hotel \u2013 Broadway, Gloucestershire - Urlaub &amp; Reisen\",\"isPartOf\":{\"@id\":\"https:\/\/www.urlaubcornwall.de\/blog\/#website\"},\"datePublished\":\"2014-09-07T12:25:38+00:00\",\"dateModified\":\"2024-05-29T07:48:18+00:00\",\"breadcrumb\":{\"@id\":\"https:\/\/www.urlaubcornwall.de\/blog\/schoenes-cotswolds-hotel-lygon-arms-broadway-gloustershire\/#breadcrumb\"},\"inLanguage\":\"en-US\",\"potentialAction\":[{\"@type\":\"ReadAction\",\"target\":[\"https:\/\/www.urlaubcornwall.de\/blog\/schoenes-cotswolds-hotel-lygon-arms-broadway-gloustershire\/\"]}]},{\"@type\":\"BreadcrumbList\",\"@id\":\"https:\/\/www.urlaubcornwall.de\/blog\/schoenes-cotswolds-hotel-lygon-arms-broadway-gloustershire\/#breadcrumb\",\"itemListElement\":[{\"@type\":\"ListItem\",\"position\":1,\"name\":\"Home\",\"item\":\"https:\/\/www.urlaubcornwall.de\/blog\/\"},{\"@type\":\"ListItem\",\"position\":2,\"name\":\"Sch\u00f6nes Cotswolds Hotel \u2013 Broadway, Gloucestershire\"}]}]}<\/script>\n<!-- \/ Yoast SEO plugin. -->","yoast_head_json":{"title":"Sch\u00f6nes Cotswolds Hotel \u2013 Broadway, Gloucestershire - Urlaub &amp; Reisen","robots":{"index":"index","follow":"follow","max-snippet":"max-snippet:-1","max-image-preview":"max-image-preview:large","max-video-preview":"max-video-preview:-1"},"canonical":"https:\/\/www.urlaubcornwall.de\/blog\/schoenes-cotswolds-hotel-lygon-arms-broadway-gloustershire\/","og_locale":"en_US","og_type":"article","og_title":"Sch\u00f6nes Cotswolds Hotel \u2013 Broadway, Gloucestershire - Urlaub &amp; Reisen","og_description":"Im Zentrum Broadways in den Cotswolds befindet sich das Lygon Arms, ein traditionelles Gasthaus, reich an Geschichte und Charme. Mehr noch ist das Gasthaus ein Landhaushotel schlechthin mit dem beneidenswerten Ruf, eine der feinsten K\u00fcchen und den besten modernen Komfort zu haben. Es verf\u00fcgt \u00fcber 3 Ar Grund und Boden, einschlie\u00dflich Rasenfl\u00e4chen, Blumeng\u00e4rten, Croquette und [&hellip;]","og_url":"https:\/\/www.urlaubcornwall.de\/blog\/schoenes-cotswolds-hotel-lygon-arms-broadway-gloustershire\/","og_site_name":"Urlaub &amp; Reisen","article_modified_time":"2024-05-29T07:48:18+00:00","og_image":[{"url":"https:\/\/www.urlaubcornwall.de\/blog\/wp-content\/uploads\/2017\/03\/urlaub-broadway-cotswolds.jpg"}],"twitter_card":"summary","twitter_misc":{"Est. reading time":"2 minutes"},"schema":{"@context":"https:\/\/schema.org","@graph":[{"@type":"WebSite","@id":"https:\/\/www.urlaubcornwall.de\/blog\/#website","url":"https:\/\/www.urlaubcornwall.de\/blog\/","name":"Urlaub &amp; Reisen","description":"Urlaub, Reisen, Cornwall und S\u00fcdengland: eine perfekte Kombination","potentialAction":[{"@type":"SearchAction","target":{"@type":"EntryPoint","urlTemplate":"https:\/\/www.urlaubcornwall.de\/blog\/?s={search_term_string}"},"query-input":"required name=search_term_string"}],"inLanguage":"en-US"},{"@type":"WebPage","@id":"https:\/\/www.urlaubcornwall.de\/blog\/schoenes-cotswolds-hotel-lygon-arms-broadway-gloustershire\/","url":"https:\/\/www.urlaubcornwall.de\/blog\/schoenes-cotswolds-hotel-lygon-arms-broadway-gloustershire\/","name":"Sch\u00f6nes Cotswolds Hotel \u2013 Broadway, Gloucestershire - Urlaub &amp; Reisen","isPartOf":{"@id":"https:\/\/www.urlaubcornwall.de\/blog\/#website"},"datePublished":"2014-09-07T12:25:38+00:00","dateModified":"2024-05-29T07:48:18+00:00","breadcrumb":{"@id":"https:\/\/www.urlaubcornwall.de\/blog\/schoenes-cotswolds-hotel-lygon-arms-broadway-gloustershire\/#breadcrumb"},"inLanguage":"en-US","potentialAction":[{"@type":"ReadAction","target":["https:\/\/www.urlaubcornwall.de\/blog\/schoenes-cotswolds-hotel-lygon-arms-broadway-gloustershire\/"]}]},{"@type":"BreadcrumbList","@id":"https:\/\/www.urlaubcornwall.de\/blog\/schoenes-cotswolds-hotel-lygon-arms-broadway-gloustershire\/#breadcrumb","itemListElement":[{"@type":"ListItem","position":1,"name":"Home","item":"https:\/\/www.urlaubcornwall.de\/blog\/"},{"@type":"ListItem","position":2,"name":"Sch\u00f6nes Cotswolds Hotel \u2013 Broadway, Gloucestershire"}]}]}},"_links":{"self":[{"href":"https:\/\/www.urlaubcornwall.de\/blog\/wp-json\/wp\/v2\/pages\/16470"}],"collection":[{"href":"https:\/\/www.urlaubcornwall.de\/blog\/wp-json\/wp\/v2\/pages"}],"about":[{"href":"https:\/\/www.urlaubcornwall.de\/blog\/wp-json\/wp\/v2\/types\/page"}],"author":[{"embeddable":true,"href":"https:\/\/www.urlaubcornwall.de\/blog\/wp-json\/wp\/v2\/users\/1"}],"replies":[{"embeddable":true,"href":"https:\/\/www.urlaubcornwall.de\/blog\/wp-json\/wp\/v2\/comments?post=16470"}],"version-history":[{"count":12,"href":"https:\/\/www.urlaubcornwall.de\/blog\/wp-json\/wp\/v2\/pages\/16470\/revisions"}],"predecessor-version":[{"id":50524,"href":"https:\/\/www.urlaubcornwall.de\/blog\/wp-json\/wp\/v2\/pages\/16470\/revisions\/50524"}],"wp:attachment":[{"href":"https:\/\/www.urlaubcornwall.de\/blog\/wp-json\/wp\/v2\/media?parent=16470"}],"curies":[{"name":"wp","href":"https:\/\/api.w.org\/{rel}","templated":true}]}}