{"id":16404,"date":"2014-08-20T15:36:10","date_gmt":"2014-08-20T15:36:10","guid":{"rendered":"https:\/\/www.urlaubcornwall.de\/blog\/?page_id=16404"},"modified":"2019-02-08T12:04:43","modified_gmt":"2019-02-08T12:04:43","slug":"torquay-hotel-am-meer-das-imperial-hotel","status":"publish","type":"page","link":"https:\/\/www.urlaubcornwall.de\/blog\/torquay-hotel-am-meer-das-imperial-hotel\/","title":{"rendered":"Besten Hotels Torquay am Meer &#8211; Das Imperial Hotel mit Meerblick"},"content":{"rendered":"<p><strong>Das Ergebnis unserer \u00dcberpr\u00fcfung<\/strong> &#8211; Das Imperial Hotel ist ein 4-Sterne-Luxushotel Torquays in atemberaubender Lage auf den Klippen der Englischen Riviera, eine hervorragende Ausgangposition f\u00fcr eine Rundreise durch Devon und Nordcornwall. Es war bereits Anziehungspunkt f\u00fcr k\u00f6nigliche Hoheiten, Premierminister und sogar Agatha Christie, die hier zwei ihrer Geschichten platziert hat.<\/p>\n<p>Viele Schlafr\u00e4ume und Suiten verf\u00fcgen \u00fcber Meeresblick, Sie haben au\u00dferdem einen Leisure Club, Schwimmb\u00e4der, R\u00e4ume f\u00fcr Sch\u00f6nheitsbehandlungen, Squash und Tennispl\u00e4tze. Somit ist es also der ideale Ort, um zu entspannen und loszulassen. Parkm\u00f6glichkeiten sind zu einem Aufpreis erh\u00e4ltlich, und es befindet sich lediglich eine Meile von Torquays Bahnstation entfernt, w\u00e4hrend der Flughafen Exeter 28 km entfernt ist.<\/p>\n<p>Um das Imperial in eine individuelle Rundreise durch Devon, Cornwall oder S\u00fcdengland mit einzubauen, bieten wir pers\u00f6nlichen Service mit Rat, Tipps und Bestpreisgarantie.<\/p>\n<p style=\"text-align: center;\"><a class=\"tidycta\" href=\"https:\/\/www.booking.com\/hotel\/gb\/imperial-devon.de.html?aid=1320750&amp;no_rooms=1&amp;group_adults=1\" rel=\"nofollow\"><strong>Verf\u00fcgbarkeit pr\u00fcfen<\/strong><\/a><\/p>\n<p><strong>Zimmer<\/strong><br \/>\nEs gibt eine Reihe an Wahlm\u00f6glichkeiten, so dass die R\u00e4ume Familien, Paare oder Alleinreisenden gerecht werden, allesamt mit kostenfreiem WiFi.<\/p>\n<p>Standard-R\u00e4ume liegen alle zum Land hin, und die meisten verf\u00fcgen \u00fcber kleine Sitzpl\u00e4tze samt Tisch. Es gibt sie als Einzel-, Doppel- und Zwillingsr\u00e4ume.<\/p>\n<p>Premium Doppelzimmer und Premium Familienr\u00e4ume genie\u00dfen alle hervorragenden Meeresblick, und jedes Zimmer hat einen Balkon oder eine Terrasse. Sie finden auch eine Hosenpresse und Mineralwasser, die zum Standard geh\u00f6ren.<\/p>\n<p>Deluxe Doppelzimmer sind gr\u00f6\u00dfer als die Premium R\u00e4ume und verf\u00fcgen \u00fcber Sitzm\u00f6glichkeiten mit leichten St\u00fchlen und einem Kaffeetisch. Deluxe R\u00e4ume schm\u00fccken sich allesamt mit Blick \u00fcber die Bucht und Balkonen oder Terrassen. Sie finden auch Badem\u00e4ntel und Slipper vor.<\/p>\n<p>Suiten haben gro\u00dfe, abgetrennte Wohnbereiche, wo Sie entspannen k\u00f6nnen. Obwohl sie alle \u00fcber Meeresblick verf\u00fcgen, haben sie keinen Zugang zu Balkonen. Jedoch bieten sie Extras, einschlie\u00dflich einer Hosenpresse, Mineralwasser, Badem\u00e4nteln und Slippern.<\/p>\n<p><strong>Restaurants<\/strong><\/p>\n<p>Das Regatta Restaurant ist das Hauptrestaurant im Imperial Hotel Torquay. Es verf\u00fcgt \u00fcber atemberaubenden Blick \u00fcber die Bucht und hat eine recht traditionelle Speisekarte, jedoch mit modernen Aspekten.<\/p>\n<p>Game On ist das weniger formelle Restaurant, das jahreszeitliche Gerichte, leichte Mahlzeiten und Mehrpersonenplatten bietet.<\/p>\n<p>Die Britannia Bar ist ein stilvoller, gem\u00fctlicher Ort, um ein Getr\u00e4nk und ein Mittagessen einzunehmen.<\/p>\n<p><strong>M\u00f6glichkeiten<\/strong><\/p>\n<p>Au\u00dfenbereich &#8211; Es gibt ein Schwimmbad, das w\u00e4hrend des Sommers ge\u00f6ffnet ist, sowie Tennispl\u00e4tze und ein Spielgel\u00e4nde mit einer Astrotorf-Oberfl\u00e4che, die sich f\u00fcr Minitouren f\u00fcr Kinder anbietet.<\/p>\n<p>Innenbereich &#8211; Hier gibt es noch mehr Aktivit\u00e4ten f\u00fcr Besucher. Neben einem Schwimmbad, einer Sauna und Jacuzzi, m\u00f6chten die aktiveren G\u00e4ste vielleicht die Fitnessr\u00e4umlichkeiten nutzen. Der Spa bietet eine Reihe an Behandlungen f\u00fcr jene, die sich nach wahrhaft verw\u00f6hnen lassen wollen.<\/p>\n<p>Es gibt einen Spieleraum mit Tischtennisplatte, Tischfu\u00dfball, einem Pooltisch und Gameskonsolen f\u00fcr Kinder von f\u00fcnf bis 14 Jahren.<\/p>\n<p><strong>Erkunden Sie Torquay<\/strong><\/p>\n<p>The Imperial Hotel Torquay ist ideal gelegen, um all das zu erkunden, was die wundersch\u00f6ne Englische Riviera zu bieten hat. Torquay selbst ist ein lebendiger, traditioneller Urlaubsort, an dem es jede Menge zu sehen und zu tun gibt. Fahren Sie doch zum nahe gelegenen Paignton, Brixham und Torbay mit ihren Str\u00e4nden und zahlreichen Aktivit\u00e4tsm\u00f6glichkeiten am Meer.<\/p>\n<p>Weitere Attraktionen der Gegend umfassen das Eden Project, Babbaconme Model Village und den Agatha Christie Pfad. Der Dartmoor Nationalpark befindet sich ebenso direkt vor der Haust\u00fcre mit seiner bezaubernden Szenerie und einem \u00dcberfluss an Freizeitaktivit\u00e4ten.<\/p>\n<p style=\"text-align: center;\"><a class=\"tidycta\" href=\"https:\/\/www.booking.com\/hotel\/gb\/imperial-devon.de.html?aid=1320750&amp;no_rooms=1&amp;group_adults=1\" rel=\"nofollow\"><strong>Verf\u00fcgbarkeit pr\u00fcfen<\/strong><\/a><\/p>\n","protected":false},"excerpt":{"rendered":"<p>Das Ergebnis unserer \u00dcberpr\u00fcfung &#8211; Das Imperial Hotel ist ein 4-Sterne-Luxushotel Torquays in atemberaubender Lage auf den Klippen der Englischen Riviera, eine hervorragende Ausgangposition f\u00fcr eine Rundreise durch Devon und Nordcornwall. Es war bereits Anziehungspunkt f\u00fcr k\u00f6nigliche Hoheiten, Premierminister und sogar Agatha Christie, die hier zwei ihrer Geschichten platziert hat. Viele Schlafr\u00e4ume und Suiten verf\u00fcgen [&hellip;]<\/p>\n","protected":false},"author":1,"featured_media":0,"parent":0,"menu_order":0,"comment_status":"closed","ping_status":"closed","template":"single-two.php","meta":[],"acf":[],"yoast_head":"<!-- This site is optimized with the Yoast SEO plugin v19.4 - https:\/\/yoast.com\/wordpress\/plugins\/seo\/ -->\n<title>Besten Hotels Torquay am Meer - Das Imperial Hotel mit Meerblick - Urlaub &amp; Reisen<\/title>\n<meta name=\"robots\" content=\"index, follow, max-snippet:-1, max-image-preview:large, max-video-preview:-1\" \/>\n<link rel=\"canonical\" href=\"https:\/\/www.urlaubcornwall.de\/blog\/torquay-hotel-am-meer-das-imperial-hotel\/\" \/>\n<meta property=\"og:locale\" content=\"en_US\" \/>\n<meta property=\"og:type\" content=\"article\" \/>\n<meta property=\"og:title\" content=\"Besten Hotels Torquay am Meer - Das Imperial Hotel mit Meerblick - Urlaub &amp; Reisen\" \/>\n<meta property=\"og:description\" content=\"Das Ergebnis unserer \u00dcberpr\u00fcfung &#8211; Das Imperial Hotel ist ein 4-Sterne-Luxushotel Torquays in atemberaubender Lage auf den Klippen der Englischen Riviera, eine hervorragende Ausgangposition f\u00fcr eine Rundreise durch Devon und Nordcornwall. Es war bereits Anziehungspunkt f\u00fcr k\u00f6nigliche Hoheiten, Premierminister und sogar Agatha Christie, die hier zwei ihrer Geschichten platziert hat. Viele Schlafr\u00e4ume und Suiten verf\u00fcgen [&hellip;]\" \/>\n<meta property=\"og:url\" content=\"https:\/\/www.urlaubcornwall.de\/blog\/torquay-hotel-am-meer-das-imperial-hotel\/\" \/>\n<meta property=\"og:site_name\" content=\"Urlaub &amp; Reisen\" \/>\n<meta property=\"article:modified_time\" content=\"2019-02-08T12:04:43+00:00\" \/>\n<meta name=\"twitter:card\" content=\"summary\" \/>\n<meta name=\"twitter:label1\" content=\"Est. reading time\" \/>\n\t<meta name=\"twitter:data1\" content=\"3 minutes\" \/>\n<script type=\"application\/ld+json\" class=\"yoast-schema-graph\">{\"@context\":\"https:\/\/schema.org\",\"@graph\":[{\"@type\":\"WebSite\",\"@id\":\"https:\/\/www.urlaubcornwall.de\/blog\/#website\",\"url\":\"https:\/\/www.urlaubcornwall.de\/blog\/\",\"name\":\"Urlaub &amp; Reisen\",\"description\":\"Urlaub, Reisen, Cornwall und S\u00fcdengland: eine perfekte Kombination\",\"potentialAction\":[{\"@type\":\"SearchAction\",\"target\":{\"@type\":\"EntryPoint\",\"urlTemplate\":\"https:\/\/www.urlaubcornwall.de\/blog\/?s={search_term_string}\"},\"query-input\":\"required name=search_term_string\"}],\"inLanguage\":\"en-US\"},{\"@type\":\"WebPage\",\"@id\":\"https:\/\/www.urlaubcornwall.de\/blog\/torquay-hotel-am-meer-das-imperial-hotel\/\",\"url\":\"https:\/\/www.urlaubcornwall.de\/blog\/torquay-hotel-am-meer-das-imperial-hotel\/\",\"name\":\"Besten Hotels Torquay am Meer - Das Imperial Hotel mit Meerblick - Urlaub &amp; Reisen\",\"isPartOf\":{\"@id\":\"https:\/\/www.urlaubcornwall.de\/blog\/#website\"},\"datePublished\":\"2014-08-20T15:36:10+00:00\",\"dateModified\":\"2019-02-08T12:04:43+00:00\",\"breadcrumb\":{\"@id\":\"https:\/\/www.urlaubcornwall.de\/blog\/torquay-hotel-am-meer-das-imperial-hotel\/#breadcrumb\"},\"inLanguage\":\"en-US\",\"potentialAction\":[{\"@type\":\"ReadAction\",\"target\":[\"https:\/\/www.urlaubcornwall.de\/blog\/torquay-hotel-am-meer-das-imperial-hotel\/\"]}]},{\"@type\":\"BreadcrumbList\",\"@id\":\"https:\/\/www.urlaubcornwall.de\/blog\/torquay-hotel-am-meer-das-imperial-hotel\/#breadcrumb\",\"itemListElement\":[{\"@type\":\"ListItem\",\"position\":1,\"name\":\"Home\",\"item\":\"https:\/\/www.urlaubcornwall.de\/blog\/\"},{\"@type\":\"ListItem\",\"position\":2,\"name\":\"Besten Hotels Torquay am Meer &#8211; Das Imperial Hotel mit Meerblick\"}]}]}<\/script>\n<!-- \/ Yoast SEO plugin. -->","yoast_head_json":{"title":"Besten Hotels Torquay am Meer - Das Imperial Hotel mit Meerblick - Urlaub &amp; Reisen","robots":{"index":"index","follow":"follow","max-snippet":"max-snippet:-1","max-image-preview":"max-image-preview:large","max-video-preview":"max-video-preview:-1"},"canonical":"https:\/\/www.urlaubcornwall.de\/blog\/torquay-hotel-am-meer-das-imperial-hotel\/","og_locale":"en_US","og_type":"article","og_title":"Besten Hotels Torquay am Meer - Das Imperial Hotel mit Meerblick - Urlaub &amp; Reisen","og_description":"Das Ergebnis unserer \u00dcberpr\u00fcfung &#8211; Das Imperial Hotel ist ein 4-Sterne-Luxushotel Torquays in atemberaubender Lage auf den Klippen der Englischen Riviera, eine hervorragende Ausgangposition f\u00fcr eine Rundreise durch Devon und Nordcornwall. Es war bereits Anziehungspunkt f\u00fcr k\u00f6nigliche Hoheiten, Premierminister und sogar Agatha Christie, die hier zwei ihrer Geschichten platziert hat. Viele Schlafr\u00e4ume und Suiten verf\u00fcgen [&hellip;]","og_url":"https:\/\/www.urlaubcornwall.de\/blog\/torquay-hotel-am-meer-das-imperial-hotel\/","og_site_name":"Urlaub &amp; Reisen","article_modified_time":"2019-02-08T12:04:43+00:00","twitter_card":"summary","twitter_misc":{"Est. reading time":"3 minutes"},"schema":{"@context":"https:\/\/schema.org","@graph":[{"@type":"WebSite","@id":"https:\/\/www.urlaubcornwall.de\/blog\/#website","url":"https:\/\/www.urlaubcornwall.de\/blog\/","name":"Urlaub &amp; Reisen","description":"Urlaub, Reisen, Cornwall und S\u00fcdengland: eine perfekte Kombination","potentialAction":[{"@type":"SearchAction","target":{"@type":"EntryPoint","urlTemplate":"https:\/\/www.urlaubcornwall.de\/blog\/?s={search_term_string}"},"query-input":"required name=search_term_string"}],"inLanguage":"en-US"},{"@type":"WebPage","@id":"https:\/\/www.urlaubcornwall.de\/blog\/torquay-hotel-am-meer-das-imperial-hotel\/","url":"https:\/\/www.urlaubcornwall.de\/blog\/torquay-hotel-am-meer-das-imperial-hotel\/","name":"Besten Hotels Torquay am Meer - Das Imperial Hotel mit Meerblick - Urlaub &amp; Reisen","isPartOf":{"@id":"https:\/\/www.urlaubcornwall.de\/blog\/#website"},"datePublished":"2014-08-20T15:36:10+00:00","dateModified":"2019-02-08T12:04:43+00:00","breadcrumb":{"@id":"https:\/\/www.urlaubcornwall.de\/blog\/torquay-hotel-am-meer-das-imperial-hotel\/#breadcrumb"},"inLanguage":"en-US","potentialAction":[{"@type":"ReadAction","target":["https:\/\/www.urlaubcornwall.de\/blog\/torquay-hotel-am-meer-das-imperial-hotel\/"]}]},{"@type":"BreadcrumbList","@id":"https:\/\/www.urlaubcornwall.de\/blog\/torquay-hotel-am-meer-das-imperial-hotel\/#breadcrumb","itemListElement":[{"@type":"ListItem","position":1,"name":"Home","item":"https:\/\/www.urlaubcornwall.de\/blog\/"},{"@type":"ListItem","position":2,"name":"Besten Hotels Torquay am Meer &#8211; Das Imperial Hotel mit Meerblick"}]}]}},"_links":{"self":[{"href":"https:\/\/www.urlaubcornwall.de\/blog\/wp-json\/wp\/v2\/pages\/16404"}],"collection":[{"href":"https:\/\/www.urlaubcornwall.de\/blog\/wp-json\/wp\/v2\/pages"}],"about":[{"href":"https:\/\/www.urlaubcornwall.de\/blog\/wp-json\/wp\/v2\/types\/page"}],"author":[{"embeddable":true,"href":"https:\/\/www.urlaubcornwall.de\/blog\/wp-json\/wp\/v2\/users\/1"}],"replies":[{"embeddable":true,"href":"https:\/\/www.urlaubcornwall.de\/blog\/wp-json\/wp\/v2\/comments?post=16404"}],"version-history":[{"count":15,"href":"https:\/\/www.urlaubcornwall.de\/blog\/wp-json\/wp\/v2\/pages\/16404\/revisions"}],"predecessor-version":[{"id":36010,"href":"https:\/\/www.urlaubcornwall.de\/blog\/wp-json\/wp\/v2\/pages\/16404\/revisions\/36010"}],"wp:attachment":[{"href":"https:\/\/www.urlaubcornwall.de\/blog\/wp-json\/wp\/v2\/media?parent=16404"}],"curies":[{"name":"wp","href":"https:\/\/api.w.org\/{rel}","templated":true}]}}