{"id":16391,"date":"2014-08-19T15:04:16","date_gmt":"2014-08-19T15:04:16","guid":{"rendered":"https:\/\/www.urlaubcornwall.de\/blog\/?page_id=16391"},"modified":"2024-05-29T07:49:12","modified_gmt":"2024-05-29T07:49:12","slug":"combe-grove-hotel-und-spa-in-bath","status":"publish","type":"page","link":"https:\/\/www.urlaubcornwall.de\/blog\/combe-grove-hotel-und-spa-in-bath\/","title":{"rendered":"Combe Grove Landhaus Hotel und Spa in Bath"},"content":{"rendered":"<p><a href=\"https:\/\/www.urlaubcornwall.de\/blog\/wp-content\/uploads\/2024\/03\/bath-crescent-rotated.jpg\"><img loading=\"lazy\" src=\"https:\/\/www.urlaubcornwall.de\/blog\/wp-content\/uploads\/2024\/03\/bath-crescent-rotated.jpg\" alt=\"bath crescent\" width=\"750\" height=\"563\" class=\"alignnone size-full wp-image-48244\" srcset=\"https:\/\/www.urlaubcornwall.de\/blog\/wp-content\/uploads\/2024\/03\/bath-crescent-rotated.jpg 750w, https:\/\/www.urlaubcornwall.de\/blog\/wp-content\/uploads\/2024\/03\/bath-crescent-300x225.jpg 300w\" sizes=\"(max-width: 750px) 100vw, 750px\" \/><\/a><\/p>\n<p><strong>\u00dcberblick <\/strong><\/p>\n<p>Das elegante Combe Grove Manor Hotel Bath ist ein traditionelles georgianisches Herrenhaus, das zu einem stilvollen Landhaushotel umgestaltet wurde. Das 4-Sterne Combe Grove Manor befindet sich lediglich ein paar Meilen vom Zentrum Baths entfernt im anziehend benannten Dorf Monkton Combe mit Blick \u00fcber das wundersch\u00f6ne Limpley Stoke Tal.<\/p>\n<p>Das Hotel befindet sich inmitten von 69 Ar privater G\u00e4rten und W\u00e4lder. Es umfasst zwei Hauptgeb\u00e4ude: das traditionelle Herrenhaus und das modernere Gartenhaus. Es gibt gro\u00dfz\u00fcgige freie Parkm\u00f6glichkeit f\u00fcr G\u00e4ste.<\/p>\n<p>Um dieses Hotel in Ihre Rundreise mit aufzunehmen, die von unserem Team zusammengestellt wurde, klicken Sie bitte hier.<\/p>\n<p>Schlafzimmer &#8211; Es gibt 42 Schlafzimmer im Combe Grove Manor Hotel, sowohl im Herrenhaus, als auch im neueren Gartenhaus. Ein Manor House Deluxe-Doppelschlafraum verf\u00fcgt \u00fcber ein Kingsize-Bett und ein hervorragendes Soundsystem. F\u00fcr Familien gibt es die Gartenhaus Familienr\u00e4ume, von denen einige private Freisitze haben.<\/p>\n<p style=\"text-align: center;\"><a class=\"tidycta\" href=\"https:\/\/www.booking.com\/hotel\/gb\/combegrovemanor.html?aid=1320750&#038;no_rooms=1&#038;group_adults=2&#038;room1=A%2CA\" rel=\"nofollow\">Verf\u00fcgbarkeit pr\u00fcfen<\/a><\/p>\n<p><strong>Zimmer<\/strong><\/p>\n<p><strong>Annehmlichkeiten<\/strong><br \/>\n\u2022 TV<br \/>\n\u2022 F\u00f6hn<br \/>\n\u2022 24-Stunden Zimmerservice<br \/>\n\u2022 Blick \u00fcber Limply Stoke Valley<br \/>\n\u2022 kostenfreies WiFi<\/p>\n<p><strong>Suiten<\/strong><br \/>\n\u2022 befinden sich im Manor House<br \/>\n\u2022 Kingsize-Bett<br \/>\n\u2022 Bose Soundsystem<br \/>\n\u2022 bezaubernder Blick \u00fcber das Tal<br \/>\n\u2022 Bademantel &amp; Slipper<br \/>\n\u2022 Mineralwasser<\/p>\n<p><strong>Manor Deluxe Schlafzimmer<\/strong><br \/>\n\u2022 befinden sich im Manor House<br \/>\n\u2022 Kingsize-Bett<br \/>\n\u2022 Bose Soundsystem<br \/>\n\u2022 Bademantel &amp; Slipper<br \/>\n\u2022 Mineralwasser<\/p>\n<p><strong>Familienraum<\/strong><br \/>\n\u2022 2 Doppelbetten<br \/>\n\u2022 perfekt f\u00fcr eine vierk\u00f6pfige Familie<br \/>\n\u2022 befindet sich entfernt vom Manor House in der Garten Lodge<br \/>\n\u2022 kostenfreies Wifi<\/p>\n<p><strong>Garden Lodge Double<\/strong><br \/>\n\u2022 befindet sich entfernt vom Manor House in der Garten Lodge<br \/>\n\u2022 privater Freisitz f\u00fcr einige R\u00e4ume<br \/>\nGarden Lodge Twin<br \/>\n\u2022 befindet sich entfernt vom Manor House in der Garten Lodge<br \/>\n\u2022 privater Freisitz f\u00fcr einige R\u00e4ume<\/p>\n<p><strong>Restaurants<\/strong><\/p>\n<p><strong>The Georgian Room<\/strong><br \/>\n\u2022 formelles Speiseerlebnis<br \/>\n\u2022 Betonung auf gro\u00dfartiger englischer K\u00fcche<br \/>\n\u2022 Blick \u00fcber Limpley Stoke Valley<br \/>\n\u00d6ffnungszeiten &#8211; Restaurant:<\/p>\n<p>&#8211; 19 Uhr &#8211; 21.30 Uhr<br \/>\n&#8211; geschlossen Sonntag \u2013 Donnerstag im Januar &amp; Februar<br \/>\n&#8211; Kinder unter 10 Jahren werden gebeten, vor 20 Uhr zu speisen<br \/>\n<strong>Eden Brasserie &amp; Bar<\/strong><br \/>\n\u2022 befindet sich in den Gew\u00f6lbekellern des Manor House<br \/>\n\u2022 unverkennbare zeitgen\u00f6ssische Speisekarte<br \/>\n\u2022 Terrasse bietet ein Speiseerlebnis im Freien<br \/>\n\u00d6ffnungszeiten &#8211; Restaurant:<\/p>\n<p>Montag bis Freitag: 19 Uhr &#8211; 21.30 Uhr<br \/>\nSamstag &amp; Sonntag: 18.30 Uhr &#8211; 21.30 Uhr<\/p>\n<p><strong>M\u00f6glichkeiten<\/strong><\/p>\n<p>Sollten Sie es bevorzugen, im Haus zu bleiben und den Komfort dieses luxuri\u00f6sen Landhaushotels zu genie\u00dfen, so gibt es eine Menge zu tun, abgesehen davon, den Blick zu genie\u00dfen. G\u00e4ste k\u00f6nnen Nutzen ziehen aus den entspannenden Spa- M\u00f6glichkeiten und den Spa- und Sch\u00f6nheitsbehandlungen, die in diesem Vier-Sterne Hotel Baths erh\u00e4ltlich sind. Es gibt auch ein Au\u00dfenschwimmbecken, das f\u00fcr die Sommermonate perfekt ist. Es gibt au\u00dferdem einen Fahrbereich und einige Au\u00dfen-Tennispl\u00e4tze. Im Geb\u00e4ude selbst gibt es einen weiteren Pool, eine Sauna, einen Dampfraum, ein Fitnessstudio und weitere Tennispl\u00e4tze.<br \/>\nErobern Sie Bath<\/p>\n<p style=\"text-align: center;\"><a class=\"tidycta\" href=\"https:\/\/www.booking.com\/hotel\/gb\/combegrovemanor.html?aid=1320750&#038;no_rooms=1&#038;group_adults=2&#038;room1=A%2CA\" rel=\"nofollow\">Verf\u00fcgbarkeit pr\u00fcfen<\/a><\/p>\n<p><img loading=\"lazy\" class=\"aligncenter size-full wp-image-24598\" src=\"https:\/\/www.urlaubcornwall.de\/blog\/wp-content\/uploads\/2016\/06\/urlaub-und-gro\u00dfbritannien_logo_final.jpg\" alt=\"\" width=\"746\" height=\"361\" srcset=\"https:\/\/www.urlaubcornwall.de\/blog\/wp-content\/uploads\/2016\/06\/urlaub-und-gro\u00dfbritannien_logo_final.jpg 746w, https:\/\/www.urlaubcornwall.de\/blog\/wp-content\/uploads\/2016\/06\/urlaub-und-gro\u00dfbritannien_logo_final-300x145.jpg 300w\" sizes=\"(max-width: 746px) 100vw, 746px\" \/><\/p>\n<p style=\"text-align: left;\">Klicken Sie hier, um sich unser vollst\u00e4ndiges Angebot der besten <a href=\"http:\/\/www.urlaubcornwall.de\/hotels.php\"><span style=\"text-decoration: underline;\">Hotels in Cornwall<\/span><\/a> anzusehen.<\/p>\n","protected":false},"excerpt":{"rendered":"<p>\u00dcberblick Das elegante Combe Grove Manor Hotel Bath ist ein traditionelles georgianisches Herrenhaus, das zu einem stilvollen Landhaushotel umgestaltet wurde. Das 4-Sterne Combe Grove Manor befindet sich lediglich ein paar Meilen vom Zentrum Baths entfernt im anziehend benannten Dorf Monkton Combe mit Blick \u00fcber das wundersch\u00f6ne Limpley Stoke Tal. Das Hotel befindet sich inmitten von [&hellip;]<\/p>\n","protected":false},"author":1,"featured_media":0,"parent":0,"menu_order":0,"comment_status":"closed","ping_status":"closed","template":"single-four.php","meta":[],"acf":[],"yoast_head":"<!-- This site is optimized with the Yoast SEO plugin v19.4 - https:\/\/yoast.com\/wordpress\/plugins\/seo\/ -->\n<title>Combe Grove Landhaus Hotel und Spa in Bath - Urlaub &amp; Reisen<\/title>\n<meta name=\"robots\" content=\"index, follow, max-snippet:-1, max-image-preview:large, max-video-preview:-1\" \/>\n<link rel=\"canonical\" href=\"https:\/\/www.urlaubcornwall.de\/blog\/combe-grove-hotel-und-spa-in-bath\/\" \/>\n<meta property=\"og:locale\" content=\"en_US\" \/>\n<meta property=\"og:type\" content=\"article\" \/>\n<meta property=\"og:title\" content=\"Combe Grove Landhaus Hotel und Spa in Bath - Urlaub &amp; Reisen\" \/>\n<meta property=\"og:description\" content=\"\u00dcberblick Das elegante Combe Grove Manor Hotel Bath ist ein traditionelles georgianisches Herrenhaus, das zu einem stilvollen Landhaushotel umgestaltet wurde. Das 4-Sterne Combe Grove Manor befindet sich lediglich ein paar Meilen vom Zentrum Baths entfernt im anziehend benannten Dorf Monkton Combe mit Blick \u00fcber das wundersch\u00f6ne Limpley Stoke Tal. Das Hotel befindet sich inmitten von [&hellip;]\" \/>\n<meta property=\"og:url\" content=\"https:\/\/www.urlaubcornwall.de\/blog\/combe-grove-hotel-und-spa-in-bath\/\" \/>\n<meta property=\"og:site_name\" content=\"Urlaub &amp; Reisen\" \/>\n<meta property=\"article:modified_time\" content=\"2024-05-29T07:49:12+00:00\" \/>\n<meta property=\"og:image\" content=\"https:\/\/www.urlaubcornwall.de\/blog\/wp-content\/uploads\/2024\/03\/bath-crescent-rotated.jpg\" \/>\n<meta name=\"twitter:card\" content=\"summary\" \/>\n<meta name=\"twitter:label1\" content=\"Est. reading time\" \/>\n\t<meta name=\"twitter:data1\" content=\"3 minutes\" \/>\n<script type=\"application\/ld+json\" class=\"yoast-schema-graph\">{\"@context\":\"https:\/\/schema.org\",\"@graph\":[{\"@type\":\"WebSite\",\"@id\":\"https:\/\/www.urlaubcornwall.de\/blog\/#website\",\"url\":\"https:\/\/www.urlaubcornwall.de\/blog\/\",\"name\":\"Urlaub &amp; Reisen\",\"description\":\"Urlaub, Reisen, Cornwall und S\u00fcdengland: eine perfekte Kombination\",\"potentialAction\":[{\"@type\":\"SearchAction\",\"target\":{\"@type\":\"EntryPoint\",\"urlTemplate\":\"https:\/\/www.urlaubcornwall.de\/blog\/?s={search_term_string}\"},\"query-input\":\"required name=search_term_string\"}],\"inLanguage\":\"en-US\"},{\"@type\":\"WebPage\",\"@id\":\"https:\/\/www.urlaubcornwall.de\/blog\/combe-grove-hotel-und-spa-in-bath\/\",\"url\":\"https:\/\/www.urlaubcornwall.de\/blog\/combe-grove-hotel-und-spa-in-bath\/\",\"name\":\"Combe Grove Landhaus Hotel und Spa in Bath - Urlaub &amp; Reisen\",\"isPartOf\":{\"@id\":\"https:\/\/www.urlaubcornwall.de\/blog\/#website\"},\"datePublished\":\"2014-08-19T15:04:16+00:00\",\"dateModified\":\"2024-05-29T07:49:12+00:00\",\"breadcrumb\":{\"@id\":\"https:\/\/www.urlaubcornwall.de\/blog\/combe-grove-hotel-und-spa-in-bath\/#breadcrumb\"},\"inLanguage\":\"en-US\",\"potentialAction\":[{\"@type\":\"ReadAction\",\"target\":[\"https:\/\/www.urlaubcornwall.de\/blog\/combe-grove-hotel-und-spa-in-bath\/\"]}]},{\"@type\":\"BreadcrumbList\",\"@id\":\"https:\/\/www.urlaubcornwall.de\/blog\/combe-grove-hotel-und-spa-in-bath\/#breadcrumb\",\"itemListElement\":[{\"@type\":\"ListItem\",\"position\":1,\"name\":\"Home\",\"item\":\"https:\/\/www.urlaubcornwall.de\/blog\/\"},{\"@type\":\"ListItem\",\"position\":2,\"name\":\"Combe Grove Landhaus Hotel und Spa in Bath\"}]}]}<\/script>\n<!-- \/ Yoast SEO plugin. -->","yoast_head_json":{"title":"Combe Grove Landhaus Hotel und Spa in Bath - Urlaub &amp; Reisen","robots":{"index":"index","follow":"follow","max-snippet":"max-snippet:-1","max-image-preview":"max-image-preview:large","max-video-preview":"max-video-preview:-1"},"canonical":"https:\/\/www.urlaubcornwall.de\/blog\/combe-grove-hotel-und-spa-in-bath\/","og_locale":"en_US","og_type":"article","og_title":"Combe Grove Landhaus Hotel und Spa in Bath - Urlaub &amp; Reisen","og_description":"\u00dcberblick Das elegante Combe Grove Manor Hotel Bath ist ein traditionelles georgianisches Herrenhaus, das zu einem stilvollen Landhaushotel umgestaltet wurde. Das 4-Sterne Combe Grove Manor befindet sich lediglich ein paar Meilen vom Zentrum Baths entfernt im anziehend benannten Dorf Monkton Combe mit Blick \u00fcber das wundersch\u00f6ne Limpley Stoke Tal. Das Hotel befindet sich inmitten von [&hellip;]","og_url":"https:\/\/www.urlaubcornwall.de\/blog\/combe-grove-hotel-und-spa-in-bath\/","og_site_name":"Urlaub &amp; Reisen","article_modified_time":"2024-05-29T07:49:12+00:00","og_image":[{"url":"https:\/\/www.urlaubcornwall.de\/blog\/wp-content\/uploads\/2024\/03\/bath-crescent-rotated.jpg"}],"twitter_card":"summary","twitter_misc":{"Est. reading time":"3 minutes"},"schema":{"@context":"https:\/\/schema.org","@graph":[{"@type":"WebSite","@id":"https:\/\/www.urlaubcornwall.de\/blog\/#website","url":"https:\/\/www.urlaubcornwall.de\/blog\/","name":"Urlaub &amp; Reisen","description":"Urlaub, Reisen, Cornwall und S\u00fcdengland: eine perfekte Kombination","potentialAction":[{"@type":"SearchAction","target":{"@type":"EntryPoint","urlTemplate":"https:\/\/www.urlaubcornwall.de\/blog\/?s={search_term_string}"},"query-input":"required name=search_term_string"}],"inLanguage":"en-US"},{"@type":"WebPage","@id":"https:\/\/www.urlaubcornwall.de\/blog\/combe-grove-hotel-und-spa-in-bath\/","url":"https:\/\/www.urlaubcornwall.de\/blog\/combe-grove-hotel-und-spa-in-bath\/","name":"Combe Grove Landhaus Hotel und Spa in Bath - Urlaub &amp; Reisen","isPartOf":{"@id":"https:\/\/www.urlaubcornwall.de\/blog\/#website"},"datePublished":"2014-08-19T15:04:16+00:00","dateModified":"2024-05-29T07:49:12+00:00","breadcrumb":{"@id":"https:\/\/www.urlaubcornwall.de\/blog\/combe-grove-hotel-und-spa-in-bath\/#breadcrumb"},"inLanguage":"en-US","potentialAction":[{"@type":"ReadAction","target":["https:\/\/www.urlaubcornwall.de\/blog\/combe-grove-hotel-und-spa-in-bath\/"]}]},{"@type":"BreadcrumbList","@id":"https:\/\/www.urlaubcornwall.de\/blog\/combe-grove-hotel-und-spa-in-bath\/#breadcrumb","itemListElement":[{"@type":"ListItem","position":1,"name":"Home","item":"https:\/\/www.urlaubcornwall.de\/blog\/"},{"@type":"ListItem","position":2,"name":"Combe Grove Landhaus Hotel und Spa in Bath"}]}]}},"_links":{"self":[{"href":"https:\/\/www.urlaubcornwall.de\/blog\/wp-json\/wp\/v2\/pages\/16391"}],"collection":[{"href":"https:\/\/www.urlaubcornwall.de\/blog\/wp-json\/wp\/v2\/pages"}],"about":[{"href":"https:\/\/www.urlaubcornwall.de\/blog\/wp-json\/wp\/v2\/types\/page"}],"author":[{"embeddable":true,"href":"https:\/\/www.urlaubcornwall.de\/blog\/wp-json\/wp\/v2\/users\/1"}],"replies":[{"embeddable":true,"href":"https:\/\/www.urlaubcornwall.de\/blog\/wp-json\/wp\/v2\/comments?post=16391"}],"version-history":[{"count":13,"href":"https:\/\/www.urlaubcornwall.de\/blog\/wp-json\/wp\/v2\/pages\/16391\/revisions"}],"predecessor-version":[{"id":50525,"href":"https:\/\/www.urlaubcornwall.de\/blog\/wp-json\/wp\/v2\/pages\/16391\/revisions\/50525"}],"wp:attachment":[{"href":"https:\/\/www.urlaubcornwall.de\/blog\/wp-json\/wp\/v2\/media?parent=16391"}],"curies":[{"name":"wp","href":"https:\/\/api.w.org\/{rel}","templated":true}]}}