{"id":16315,"date":"2014-08-17T10:07:51","date_gmt":"2014-08-17T10:07:51","guid":{"rendered":"https:\/\/www.urlaubcornwall.de\/blog\/?page_id=16315"},"modified":"2024-05-28T09:15:59","modified_gmt":"2024-05-28T09:15:59","slug":"guenstige-hotels-in-cornwall","status":"publish","type":"page","link":"https:\/\/www.urlaubcornwall.de\/blog\/guenstige-hotels-in-cornwall\/","title":{"rendered":"G\u00fcnstige Hotels &#038; Last Minute Angebote in Cornwall"},"content":{"rendered":"<p>Cornwall kann durchaus als teure Urlaubsgegend erscheinen mit vielen fantastischen <a href=\"https:\/\/www.urlaubcornwall.de\/hotels.php\">Hotels in Cornwall<\/a>, die Michelin-Sterne-Speisen bieten, luxuri\u00f6se Zimmer und Wellnessbereiche. Doch es gibt viele Hotels, die f\u00fcr Reisende mit kleinerem Budget geeignet sind. UrlaubCornwall hat seinen Sitz in Cornwall, und wir suchen Pl\u00e4tze, die weniger bekannt sind, dennoch ein gro\u00dfartiges Preis-Leistungsverh\u00e4ltnis bieten.<\/p>\n<h2>Hier ist unsere handverlesene Auswahl an g\u00fcnstigen Hotels&#8230;.<\/h2>\n<h3>&nbsp;<\/h3>\n<div class=\"snippet\"> <a class=\"featured-item\" href=\" https:\/\/www.booking.com\/hotel\/gb\/the-old-custom-house.en.html?aid=1320750&#038;no_rooms=1&#038;group_adults=1\" rel=\u201dnofollow\u201d> <span class=\"image-holder\" style=\"background-image: url(' https:\/\/www.urlaubcornwall.de\/blog\/wp-content\/uploads\/2019\/02\/old-custom-house-padstow-hotel.jpg ');\"><\/span> <span class=\"featured-content\"> \n<h2 class=\"featured-title\">Old Custom House Hotel<\/h2>\n<p class=\"featured-body\">Helle elegante Zimmer mit luxuri\u00f6sen Badezimmern erwarten Sie im The Old Custom House, das auf den mittelalterlichen Hafen von Padstow blickt. Die Lage in dieser Unterkunft ist auch eine der besten in Padstow&#8230;&#8230; <\/p><\/span> <span class=\"featured-link-holder\"> <span class=\"featured-extra-info\"> \n<p>Paare sch\u00e4tzen die Lage besonders<\/p>\n<\/span> \n<p class=\"featured-link\">DETAILS<\/p>\n<\/span> <\/a><\/div>\n<div class=\"snippet\"> <a class=\"featured-item\" href=\" https:\/\/www.urlaubcornwall.de\/blog\/hotel-bristol-ein-charmantes-traditionelles-hotel-direkt-am-strand-von-newquay\/\"> <span class=\"image-holder\" style=\"background-image: url(' https:\/\/www.urlaubcornwall.de\/blog\/wp-content\/uploads\/2019\/01\/hotel-bristol-newquay-cornwall.jpg');\"><\/span> <span class=\"featured-content\"> \n<h2 class=\"featured-title\">Hotel Bristol in Newquay<\/h2>\n<p class=\"featured-body\">Das Hotel wird schon seit den 1920er Jahren von einer Familie gef\u00fchrt &#8211; jetzt schon in der 4. Generation &#8211; und bietet traditionellen englischen Charme mit vielen originalen Jugendstil-Elementen&#8230;&#8230;. <\/p><\/span> <span class=\"featured-link-holder\"> <span class=\"featured-extra-info\"> \n<p>Ein charmantes, traditionelles Hotel direkt am Strand<\/p>\n<\/span> \n<p class=\"featured-link\">DETAILS<\/p>\n<\/span> <\/a><\/div>\n<div class=\"snippet\"> <a class=\"featured-item\" href=\" https:\/\/www.urlaubcornwall.de\/blog\/hotel-am-meer-st-michaels-mount-godolphin-arms-marazion-westcornwall\/\"> <span class=\"image-holder\" style=\"background-image: url(' https:\/\/www.urlaubcornwall.de\/blog\/wp-content\/uploads\/2024\/03\/marazion_und-st-michaels-mount-1.jpg');\"><\/span> <span class=\"featured-content\"> \n<h2 class=\"featured-title\"> Godolphin Arms Hotel<\/h2>\n<p class=\"featured-body\">Godolphin Arms liegt am Ufer der Mounts Bucht an einem zwei Meilen langen Strand der historischen Marktstadt Marazion bei Penzance in Westcornwall. Mit Blick \u00fcber den wundersch\u00f6nen St Michaels Mount&#8230;&#8230;.. <\/p><\/span> <span class=\"featured-link-holder\"> <span class=\"featured-extra-info\"> \n<p>Stilvolle en-Suite-Schlafzimmer <\/p>\n<\/span> \n<p class=\"featured-link\">DETAILS<\/p>\n<\/span> <\/a><\/div>\n<div class=\"snippet\"> <a class=\"featured-item\" href=\" https:\/\/www.urlaubcornwall.de\/blog\/wellington-hotel-boscastle-in-der-naehe-von-tintagel-nord-cornwall\/\"> <span class=\"image-holder\" style=\"background-image: url(' https:\/\/www.urlaubcornwall.de\/blog\/wp-content\/uploads\/2019\/02\/wellington-hotel-boscastle.jpg');\"><\/span> <span class=\"featured-content\"> \n<h2 class=\"featured-title\">Wellington Hotel in Boscastle<\/h2>\n<p class=\"featured-body\">Wellington Hotel in Boscastle\n<\/p><p class=\"featured-body\">Das Wellington Hotel \u00fcberblickt den Hafen von Boscastle und steht inmitten der wilden Sch\u00f6nheit der K\u00fcste von Nord-Cornwall. Es stammt aus dem 16. Jahrhundert und ist eines der \u00e4ltesten Postkutschen-Inns in Cornwall&#8230;&#8230;. <\/p><\/span> <span class=\"featured-link-holder\"> <span class=\"featured-extra-info\"> \n<p>Boscastle in der N\u00e4he von Tintagel<\/p>\n<\/span> \n<p class=\"featured-link\">DETAILS<\/p>\n<\/span> <\/a><\/div>\n<div class=\"snippet\"> <a class=\"featured-item\" href=\" https:\/\/www.urlaubcornwall.de\/blog\/guenstige-elements-hotel-bude\/\"> <span class=\"image-holder\" style=\"background-image: url(' https:\/\/www.urlaubcornwall.de\/blog\/wp-content\/uploads\/2019\/01\/Elements-Hotel_bude.jpg');\"><\/span> <span class=\"featured-content\"> \n<h2 class=\"featured-title\"> Elements  Hotel<\/h2>\n<p class=\"featured-body\">Hoch auf der Felskuppe, zwischen Bude und Widemouth Bay, befindet sich das Elements Hotel und genie\u00dft durch seine eindrucksvolle Lage eine spektakul\u00e4re Aussicht&#8230;&#8230;. <\/p><\/span> <span class=\"featured-link-holder\"> <span class=\"featured-extra-info\"> \n<p>G\u00fcnstige Hotel in Bude <\/p>\n<\/span> \n<p class=\"featured-link\">DETAILS<\/p>\n<\/span> <\/a><\/div>\n<p><ins class=\"bookingaff\" data-aid=\"1697346\" data-target_aid=\"1697346\" data-prod=\"map\" data-width=\"100%\" data-height=\"590\" data-lang=\"ualng\" data-dest_id=\"0\" data-dest_type=\"landmark\" data-latitude=\"50.415497\" data-longitude=\"-5.073719\" data-mwhsb=\"0\" data-address=\"Newquay, UK\"><br \/>\n    <!-- Anything inside will go away once widget is loaded. --><br \/>\n        <a href=\"\/\/www.booking.com?aid=1697346\" rel=\"nofollow\">Booking.com<\/a><br \/>\n<\/ins><br \/>\n<script type=\"text\/javascript\">\n    (function(d, sc, u) {\n      var s = d.createElement(sc), p = d.getElementsByTagName(sc)[0];\n      s.type = 'text\/javascript';\n      s.async = true;\n      s.src = u + '?v=' + (+new Date());\n      p.parentNode.insertBefore(s,p);\n      })(document, 'script', '\/\/aff.bstatic.com\/static\/affiliate_base\/js\/flexiproduct.js');\n<\/script><\/p>\n<p>Klicken Sie hier, um sich unser vollst\u00e4ndiges Angebot der besten <a href=\"https:\/\/www.urlaubcornwall.de\/hotels.php\"><span style=\"text-decoration: underline;\">Hotels in Cornwall<\/span><\/a> anzusehen. <\/p>\n<p>Oder vielleicht ziehen Sie auch <a href=\"http:\/\/www.urlaubcornwall.de\/bed-and-breakfast.php\"><span style=\"text-decoration: underline;\"><strong>unsere handverlesenen B&amp;Bs<\/strong><\/span><\/a> in Erw\u00e4gung, die sich in Cornwall, Devon und S\u00fcdengland befinden und geradezu perfekt sind im Rahmen einer Rundreise.<\/p>\n","protected":false},"excerpt":{"rendered":"<p>Cornwall kann durchaus als teure Urlaubsgegend erscheinen mit vielen fantastischen Hotels in Cornwall, die Michelin-Sterne-Speisen bieten, luxuri\u00f6se Zimmer und Wellnessbereiche. Doch es gibt viele Hotels, die f\u00fcr Reisende mit kleinerem Budget geeignet sind. UrlaubCornwall hat seinen Sitz in Cornwall, und wir suchen Pl\u00e4tze, die weniger bekannt sind, dennoch ein gro\u00dfartiges Preis-Leistungsverh\u00e4ltnis bieten. Hier ist unsere [&hellip;]<\/p>\n","protected":false},"author":1,"featured_media":0,"parent":0,"menu_order":0,"comment_status":"closed","ping_status":"closed","template":"single-four.php","meta":[],"acf":[],"yoast_head":"<!-- This site is optimized with the Yoast SEO plugin v19.4 - https:\/\/yoast.com\/wordpress\/plugins\/seo\/ -->\n<title>G\u00fcnstige Hotels &amp; Last Minute Angebote in Cornwall - Urlaub &amp; Reisen<\/title>\n<meta name=\"robots\" content=\"index, follow, max-snippet:-1, max-image-preview:large, max-video-preview:-1\" \/>\n<link rel=\"canonical\" href=\"https:\/\/www.urlaubcornwall.de\/blog\/guenstige-hotels-in-cornwall\/\" \/>\n<meta property=\"og:locale\" content=\"en_US\" \/>\n<meta property=\"og:type\" content=\"article\" \/>\n<meta property=\"og:title\" content=\"G\u00fcnstige Hotels &amp; Last Minute Angebote in Cornwall - Urlaub &amp; Reisen\" \/>\n<meta property=\"og:description\" content=\"Cornwall kann durchaus als teure Urlaubsgegend erscheinen mit vielen fantastischen Hotels in Cornwall, die Michelin-Sterne-Speisen bieten, luxuri\u00f6se Zimmer und Wellnessbereiche. Doch es gibt viele Hotels, die f\u00fcr Reisende mit kleinerem Budget geeignet sind. UrlaubCornwall hat seinen Sitz in Cornwall, und wir suchen Pl\u00e4tze, die weniger bekannt sind, dennoch ein gro\u00dfartiges Preis-Leistungsverh\u00e4ltnis bieten. Hier ist unsere [&hellip;]\" \/>\n<meta property=\"og:url\" content=\"https:\/\/www.urlaubcornwall.de\/blog\/guenstige-hotels-in-cornwall\/\" \/>\n<meta property=\"og:site_name\" content=\"Urlaub &amp; Reisen\" \/>\n<meta property=\"article:modified_time\" content=\"2024-05-28T09:15:59+00:00\" \/>\n<meta name=\"twitter:card\" content=\"summary\" \/>\n<meta name=\"twitter:label1\" content=\"Est. reading time\" \/>\n\t<meta name=\"twitter:data1\" content=\"2 minutes\" \/>\n<script type=\"application\/ld+json\" class=\"yoast-schema-graph\">{\"@context\":\"https:\/\/schema.org\",\"@graph\":[{\"@type\":\"WebSite\",\"@id\":\"https:\/\/www.urlaubcornwall.de\/blog\/#website\",\"url\":\"https:\/\/www.urlaubcornwall.de\/blog\/\",\"name\":\"Urlaub &amp; Reisen\",\"description\":\"Urlaub, Reisen, Cornwall und S\u00fcdengland: eine perfekte Kombination\",\"potentialAction\":[{\"@type\":\"SearchAction\",\"target\":{\"@type\":\"EntryPoint\",\"urlTemplate\":\"https:\/\/www.urlaubcornwall.de\/blog\/?s={search_term_string}\"},\"query-input\":\"required name=search_term_string\"}],\"inLanguage\":\"en-US\"},{\"@type\":\"WebPage\",\"@id\":\"https:\/\/www.urlaubcornwall.de\/blog\/guenstige-hotels-in-cornwall\/\",\"url\":\"https:\/\/www.urlaubcornwall.de\/blog\/guenstige-hotels-in-cornwall\/\",\"name\":\"G\u00fcnstige Hotels & Last Minute Angebote in Cornwall - Urlaub &amp; Reisen\",\"isPartOf\":{\"@id\":\"https:\/\/www.urlaubcornwall.de\/blog\/#website\"},\"datePublished\":\"2014-08-17T10:07:51+00:00\",\"dateModified\":\"2024-05-28T09:15:59+00:00\",\"breadcrumb\":{\"@id\":\"https:\/\/www.urlaubcornwall.de\/blog\/guenstige-hotels-in-cornwall\/#breadcrumb\"},\"inLanguage\":\"en-US\",\"potentialAction\":[{\"@type\":\"ReadAction\",\"target\":[\"https:\/\/www.urlaubcornwall.de\/blog\/guenstige-hotels-in-cornwall\/\"]}]},{\"@type\":\"BreadcrumbList\",\"@id\":\"https:\/\/www.urlaubcornwall.de\/blog\/guenstige-hotels-in-cornwall\/#breadcrumb\",\"itemListElement\":[{\"@type\":\"ListItem\",\"position\":1,\"name\":\"Home\",\"item\":\"https:\/\/www.urlaubcornwall.de\/blog\/\"},{\"@type\":\"ListItem\",\"position\":2,\"name\":\"G\u00fcnstige Hotels &#038; Last Minute Angebote in Cornwall\"}]}]}<\/script>\n<!-- \/ Yoast SEO plugin. -->","yoast_head_json":{"title":"G\u00fcnstige Hotels & Last Minute Angebote in Cornwall - Urlaub &amp; Reisen","robots":{"index":"index","follow":"follow","max-snippet":"max-snippet:-1","max-image-preview":"max-image-preview:large","max-video-preview":"max-video-preview:-1"},"canonical":"https:\/\/www.urlaubcornwall.de\/blog\/guenstige-hotels-in-cornwall\/","og_locale":"en_US","og_type":"article","og_title":"G\u00fcnstige Hotels & Last Minute Angebote in Cornwall - Urlaub &amp; Reisen","og_description":"Cornwall kann durchaus als teure Urlaubsgegend erscheinen mit vielen fantastischen Hotels in Cornwall, die Michelin-Sterne-Speisen bieten, luxuri\u00f6se Zimmer und Wellnessbereiche. Doch es gibt viele Hotels, die f\u00fcr Reisende mit kleinerem Budget geeignet sind. UrlaubCornwall hat seinen Sitz in Cornwall, und wir suchen Pl\u00e4tze, die weniger bekannt sind, dennoch ein gro\u00dfartiges Preis-Leistungsverh\u00e4ltnis bieten. Hier ist unsere [&hellip;]","og_url":"https:\/\/www.urlaubcornwall.de\/blog\/guenstige-hotels-in-cornwall\/","og_site_name":"Urlaub &amp; Reisen","article_modified_time":"2024-05-28T09:15:59+00:00","twitter_card":"summary","twitter_misc":{"Est. reading time":"2 minutes"},"schema":{"@context":"https:\/\/schema.org","@graph":[{"@type":"WebSite","@id":"https:\/\/www.urlaubcornwall.de\/blog\/#website","url":"https:\/\/www.urlaubcornwall.de\/blog\/","name":"Urlaub &amp; Reisen","description":"Urlaub, Reisen, Cornwall und S\u00fcdengland: eine perfekte Kombination","potentialAction":[{"@type":"SearchAction","target":{"@type":"EntryPoint","urlTemplate":"https:\/\/www.urlaubcornwall.de\/blog\/?s={search_term_string}"},"query-input":"required name=search_term_string"}],"inLanguage":"en-US"},{"@type":"WebPage","@id":"https:\/\/www.urlaubcornwall.de\/blog\/guenstige-hotels-in-cornwall\/","url":"https:\/\/www.urlaubcornwall.de\/blog\/guenstige-hotels-in-cornwall\/","name":"G\u00fcnstige Hotels & Last Minute Angebote in Cornwall - Urlaub &amp; Reisen","isPartOf":{"@id":"https:\/\/www.urlaubcornwall.de\/blog\/#website"},"datePublished":"2014-08-17T10:07:51+00:00","dateModified":"2024-05-28T09:15:59+00:00","breadcrumb":{"@id":"https:\/\/www.urlaubcornwall.de\/blog\/guenstige-hotels-in-cornwall\/#breadcrumb"},"inLanguage":"en-US","potentialAction":[{"@type":"ReadAction","target":["https:\/\/www.urlaubcornwall.de\/blog\/guenstige-hotels-in-cornwall\/"]}]},{"@type":"BreadcrumbList","@id":"https:\/\/www.urlaubcornwall.de\/blog\/guenstige-hotels-in-cornwall\/#breadcrumb","itemListElement":[{"@type":"ListItem","position":1,"name":"Home","item":"https:\/\/www.urlaubcornwall.de\/blog\/"},{"@type":"ListItem","position":2,"name":"G\u00fcnstige Hotels &#038; Last Minute Angebote in Cornwall"}]}]}},"_links":{"self":[{"href":"https:\/\/www.urlaubcornwall.de\/blog\/wp-json\/wp\/v2\/pages\/16315"}],"collection":[{"href":"https:\/\/www.urlaubcornwall.de\/blog\/wp-json\/wp\/v2\/pages"}],"about":[{"href":"https:\/\/www.urlaubcornwall.de\/blog\/wp-json\/wp\/v2\/types\/page"}],"author":[{"embeddable":true,"href":"https:\/\/www.urlaubcornwall.de\/blog\/wp-json\/wp\/v2\/users\/1"}],"replies":[{"embeddable":true,"href":"https:\/\/www.urlaubcornwall.de\/blog\/wp-json\/wp\/v2\/comments?post=16315"}],"version-history":[{"count":31,"href":"https:\/\/www.urlaubcornwall.de\/blog\/wp-json\/wp\/v2\/pages\/16315\/revisions"}],"predecessor-version":[{"id":50333,"href":"https:\/\/www.urlaubcornwall.de\/blog\/wp-json\/wp\/v2\/pages\/16315\/revisions\/50333"}],"wp:attachment":[{"href":"https:\/\/www.urlaubcornwall.de\/blog\/wp-json\/wp\/v2\/media?parent=16315"}],"curies":[{"name":"wp","href":"https:\/\/api.w.org\/{rel}","templated":true}]}}