{"id":16283,"date":"2014-08-16T13:07:49","date_gmt":"2014-08-16T13:07:49","guid":{"rendered":"https:\/\/www.urlaubcornwall.de\/blog\/?page_id=16283"},"modified":"2024-04-09T13:05:18","modified_gmt":"2024-04-09T13:05:18","slug":"individuelle-rundreise-durch-suedengland-und-london","status":"publish","type":"page","link":"https:\/\/www.urlaubcornwall.de\/blog\/individuelle-rundreise-durch-suedengland-und-london\/","title":{"rendered":"Individuelle Rundreise durch S\u00fcdengland und London"},"content":{"rendered":"<p><img loading=\"lazy\" class=\"aligncenter size-full wp-image-47795\" src=\"https:\/\/www.urlaubcornwall.de\/blog\/wp-content\/uploads\/2024\/03\/norfolk-broads.jpg\" alt=\"norfolk broads\" width=\"750\" height=\"530\" srcset=\"https:\/\/www.urlaubcornwall.de\/blog\/wp-content\/uploads\/2024\/03\/norfolk-broads.jpg 750w, https:\/\/www.urlaubcornwall.de\/blog\/wp-content\/uploads\/2024\/03\/norfolk-broads-300x212.jpg 300w\" sizes=\"(max-width: 750px) 100vw, 750px\" \/><\/p>\n<p style=\"text-align: left;\">Wir verf\u00fcgen \u00fcber eine mehr als 20-j\u00e4hrige Erfahrung in der Gestaltung von <a href=\"https:\/\/www.urlaubcornwall.de\/rundreisen\/cornwall-suedengland.php\">Rundreisen<\/a>. Wir bieten Ihnen individuelle Beratung. Anschlie\u00dfend machen wir die beste Unterkunft f\u00fcr Sie ausfindig aus unserer handverlesenen Auswahl an Hotels, B&amp;Bs und <a href=\"https:\/\/www.urlaubcornwall.de\/ferienhaeuser\/suedengland.php\">Cottages<\/a> an den Orten, die Sie besuchen m\u00f6chten.<\/p>\n<p>Die Grafschaften S\u00fcdenglands bieten die perfekte Ausgangsbasis f\u00fcr Rundreisen mit dem Auto, eine Rundreise mit faszinierender Landschaft und historischen Attraktionen f\u00fcr perfekten Urlaub in Gro\u00dfbritannien. Zun\u00e4chst einmal w\u00e4ren da die historischen H\u00e4fen und St\u00e4dte der K\u00fcste von <a href=\"https:\/\/www.urlaubcornwall.de\/blog\/2014\/09\/individuelle-rundreisen-kent-autoreisen-in-suedengland\/\">Kent<\/a>, wie Dover, Folkestone und Deal, dann geht es den wei\u00dfen Kalkklippen entlang und Kieselstr\u00e4nden von <a href=\"https:\/\/www.urlaubcornwall.de\/blog\/2014\/09\/individuelle-rundreisen-sussex-autoreisen-in-suedengland\/\">Sussex<\/a> hin zu den Meeresurlaubsorten Brighton und Hastings.<\/p>\n<div class=\"snippet\"> <a class=\"featured-item\" href=\" https:\/\/www.urlaubcornwall.de\/rundreisen\/cornwall-suedengland.php\"> <span class=\"image-holder\" style=\"background-image: url(' https:\/\/www.urlaubcornwall.de\/blog\/wp-content\/uploads\/2018\/11\/rundreise-cornwall.jpg ');\"><\/span> <span class=\"featured-content\"> \n<h2 class=\"featured-title\">Rundreise durch S\u00fcdengland<\/h2>\n<p class=\"featured-body\">S\u00fcdengland mit dem Auto zu erkunden, ist die perfekte Reisem\u00f6glichkeit und erm\u00f6glicht es Ihnen, Entdeckungen zu machen und einen Urlaub im eigenen Schritttempo und nach eigenem Zeitplan zu genie\u00dfen&#8230;.<\/p>\n<\/span> <span class=\"featured-link-holder\"> <span class=\"featured-extra-info\"> \n<p>Unser Rundreisenservice<\/p>\n<\/span> \n<p class=\"featured-link\">DETAILS<\/p>\n<\/span> <\/a><\/div>\n<p style=\"text-align: left;\">Der <a href=\"https:\/\/www.urlaubcornwall.de\/blog\/2014\/11\/rundreisen-und-urlaub-im-new-forest-suedengland\/\">New Forest in Hampshire<\/a>, eine uraltes Gebiet, das von den k\u00f6niglichen Hoheiten als Jagdgr\u00fcnde benutzt wurde, f\u00fchrt hin zur Jurak\u00fcste von Dorset und den Ferienorten der Englischen Riviera, wie zum Beispiel Torquay in Devon. Cornwall, das durch Rosamunde Pilcher bekannt wurde, hat seine ganz eigene dramatische K\u00fcste mit breiten Sandstr\u00e4nden, die sich perfekt f\u00fcr Familienurlaube eignen.<\/p>\n<p style=\"text-align: left;\">Wir k\u00f6nnen Ihnen auch dabei behilflich sein, St\u00e4dte und Ortschaften wie Portsmouth, Salisbury, Bath oder die Hauptstadt London mit einzuschlie\u00dfen, so dass Sie einige von deren weltber\u00fchmten Attraktionen und historischen St\u00e4tten sehen werden.<\/p>\n<p>Wir bieten eine fantastische Auswahl an Rundreisen mit den beliebtesten Attraktionen und St\u00e4dten in <a href=\"http:\/\/www.urlaubcornwall.de\/reiseziel\/cornwall.php\">Cornwall<\/a>, <a href=\"https:\/\/www.urlaubcornwall.de\/blog\/rundreisen-england-wales\/\">England<\/a>, <a href=\"https:\/\/www.urlaubcornwall.de\/blog\/rundreisen-schottland\/\">Schottland,<\/a> <a href=\"https:\/\/www.urlaubcornwall.de\/blog\/rundreisen-england-wales\/\">Wales<\/a> und <a href=\"https:\/\/www.urlaubcornwall.de\/blog\/rundreisen-irland\/\">Irland.<\/a><\/p>\n","protected":false},"excerpt":{"rendered":"<p>Wir verf\u00fcgen \u00fcber eine mehr als 20-j\u00e4hrige Erfahrung in der Gestaltung von Rundreisen. Wir bieten Ihnen individuelle Beratung. Anschlie\u00dfend machen wir die beste Unterkunft f\u00fcr Sie ausfindig aus unserer handverlesenen Auswahl an Hotels, B&amp;Bs und Cottages an den Orten, die Sie besuchen m\u00f6chten. Die Grafschaften S\u00fcdenglands bieten die perfekte Ausgangsbasis f\u00fcr Rundreisen mit dem Auto, [&hellip;]<\/p>\n","protected":false},"author":1,"featured_media":0,"parent":0,"menu_order":0,"comment_status":"closed","ping_status":"closed","template":"single-four.php","meta":[],"acf":[],"yoast_head":"<!-- This site is optimized with the Yoast SEO plugin v19.4 - https:\/\/yoast.com\/wordpress\/plugins\/seo\/ -->\n<title>Individuelle Rundreise durch S\u00fcdengland und London - Urlaub &amp; Reisen<\/title>\n<meta name=\"robots\" content=\"index, follow, max-snippet:-1, max-image-preview:large, max-video-preview:-1\" \/>\n<link rel=\"canonical\" href=\"https:\/\/www.urlaubcornwall.de\/blog\/individuelle-rundreise-durch-suedengland-und-london\/\" \/>\n<meta property=\"og:locale\" content=\"en_US\" \/>\n<meta property=\"og:type\" content=\"article\" \/>\n<meta property=\"og:title\" content=\"Individuelle Rundreise durch S\u00fcdengland und London - Urlaub &amp; Reisen\" \/>\n<meta property=\"og:description\" content=\"Wir verf\u00fcgen \u00fcber eine mehr als 20-j\u00e4hrige Erfahrung in der Gestaltung von Rundreisen. Wir bieten Ihnen individuelle Beratung. Anschlie\u00dfend machen wir die beste Unterkunft f\u00fcr Sie ausfindig aus unserer handverlesenen Auswahl an Hotels, B&amp;Bs und Cottages an den Orten, die Sie besuchen m\u00f6chten. Die Grafschaften S\u00fcdenglands bieten die perfekte Ausgangsbasis f\u00fcr Rundreisen mit dem Auto, [&hellip;]\" \/>\n<meta property=\"og:url\" content=\"https:\/\/www.urlaubcornwall.de\/blog\/individuelle-rundreise-durch-suedengland-und-london\/\" \/>\n<meta property=\"og:site_name\" content=\"Urlaub &amp; Reisen\" \/>\n<meta property=\"article:modified_time\" content=\"2024-04-09T13:05:18+00:00\" \/>\n<meta property=\"og:image\" content=\"https:\/\/www.urlaubcornwall.de\/blog\/wp-content\/uploads\/2024\/03\/norfolk-broads.jpg\" \/>\n<meta name=\"twitter:card\" content=\"summary\" \/>\n<meta name=\"twitter:label1\" content=\"Est. reading time\" \/>\n\t<meta name=\"twitter:data1\" content=\"2 minutes\" \/>\n<script type=\"application\/ld+json\" class=\"yoast-schema-graph\">{\"@context\":\"https:\/\/schema.org\",\"@graph\":[{\"@type\":\"WebSite\",\"@id\":\"https:\/\/www.urlaubcornwall.de\/blog\/#website\",\"url\":\"https:\/\/www.urlaubcornwall.de\/blog\/\",\"name\":\"Urlaub &amp; Reisen\",\"description\":\"Urlaub, Reisen, Cornwall und S\u00fcdengland: eine perfekte Kombination\",\"potentialAction\":[{\"@type\":\"SearchAction\",\"target\":{\"@type\":\"EntryPoint\",\"urlTemplate\":\"https:\/\/www.urlaubcornwall.de\/blog\/?s={search_term_string}\"},\"query-input\":\"required name=search_term_string\"}],\"inLanguage\":\"en-US\"},{\"@type\":\"WebPage\",\"@id\":\"https:\/\/www.urlaubcornwall.de\/blog\/individuelle-rundreise-durch-suedengland-und-london\/\",\"url\":\"https:\/\/www.urlaubcornwall.de\/blog\/individuelle-rundreise-durch-suedengland-und-london\/\",\"name\":\"Individuelle Rundreise durch S\u00fcdengland und London - Urlaub &amp; Reisen\",\"isPartOf\":{\"@id\":\"https:\/\/www.urlaubcornwall.de\/blog\/#website\"},\"datePublished\":\"2014-08-16T13:07:49+00:00\",\"dateModified\":\"2024-04-09T13:05:18+00:00\",\"breadcrumb\":{\"@id\":\"https:\/\/www.urlaubcornwall.de\/blog\/individuelle-rundreise-durch-suedengland-und-london\/#breadcrumb\"},\"inLanguage\":\"en-US\",\"potentialAction\":[{\"@type\":\"ReadAction\",\"target\":[\"https:\/\/www.urlaubcornwall.de\/blog\/individuelle-rundreise-durch-suedengland-und-london\/\"]}]},{\"@type\":\"BreadcrumbList\",\"@id\":\"https:\/\/www.urlaubcornwall.de\/blog\/individuelle-rundreise-durch-suedengland-und-london\/#breadcrumb\",\"itemListElement\":[{\"@type\":\"ListItem\",\"position\":1,\"name\":\"Home\",\"item\":\"https:\/\/www.urlaubcornwall.de\/blog\/\"},{\"@type\":\"ListItem\",\"position\":2,\"name\":\"Individuelle Rundreise durch S\u00fcdengland und London\"}]}]}<\/script>\n<!-- \/ Yoast SEO plugin. -->","yoast_head_json":{"title":"Individuelle Rundreise durch S\u00fcdengland und London - Urlaub &amp; Reisen","robots":{"index":"index","follow":"follow","max-snippet":"max-snippet:-1","max-image-preview":"max-image-preview:large","max-video-preview":"max-video-preview:-1"},"canonical":"https:\/\/www.urlaubcornwall.de\/blog\/individuelle-rundreise-durch-suedengland-und-london\/","og_locale":"en_US","og_type":"article","og_title":"Individuelle Rundreise durch S\u00fcdengland und London - Urlaub &amp; Reisen","og_description":"Wir verf\u00fcgen \u00fcber eine mehr als 20-j\u00e4hrige Erfahrung in der Gestaltung von Rundreisen. Wir bieten Ihnen individuelle Beratung. Anschlie\u00dfend machen wir die beste Unterkunft f\u00fcr Sie ausfindig aus unserer handverlesenen Auswahl an Hotels, B&amp;Bs und Cottages an den Orten, die Sie besuchen m\u00f6chten. Die Grafschaften S\u00fcdenglands bieten die perfekte Ausgangsbasis f\u00fcr Rundreisen mit dem Auto, [&hellip;]","og_url":"https:\/\/www.urlaubcornwall.de\/blog\/individuelle-rundreise-durch-suedengland-und-london\/","og_site_name":"Urlaub &amp; Reisen","article_modified_time":"2024-04-09T13:05:18+00:00","og_image":[{"url":"https:\/\/www.urlaubcornwall.de\/blog\/wp-content\/uploads\/2024\/03\/norfolk-broads.jpg"}],"twitter_card":"summary","twitter_misc":{"Est. reading time":"2 minutes"},"schema":{"@context":"https:\/\/schema.org","@graph":[{"@type":"WebSite","@id":"https:\/\/www.urlaubcornwall.de\/blog\/#website","url":"https:\/\/www.urlaubcornwall.de\/blog\/","name":"Urlaub &amp; Reisen","description":"Urlaub, Reisen, Cornwall und S\u00fcdengland: eine perfekte Kombination","potentialAction":[{"@type":"SearchAction","target":{"@type":"EntryPoint","urlTemplate":"https:\/\/www.urlaubcornwall.de\/blog\/?s={search_term_string}"},"query-input":"required name=search_term_string"}],"inLanguage":"en-US"},{"@type":"WebPage","@id":"https:\/\/www.urlaubcornwall.de\/blog\/individuelle-rundreise-durch-suedengland-und-london\/","url":"https:\/\/www.urlaubcornwall.de\/blog\/individuelle-rundreise-durch-suedengland-und-london\/","name":"Individuelle Rundreise durch S\u00fcdengland und London - Urlaub &amp; Reisen","isPartOf":{"@id":"https:\/\/www.urlaubcornwall.de\/blog\/#website"},"datePublished":"2014-08-16T13:07:49+00:00","dateModified":"2024-04-09T13:05:18+00:00","breadcrumb":{"@id":"https:\/\/www.urlaubcornwall.de\/blog\/individuelle-rundreise-durch-suedengland-und-london\/#breadcrumb"},"inLanguage":"en-US","potentialAction":[{"@type":"ReadAction","target":["https:\/\/www.urlaubcornwall.de\/blog\/individuelle-rundreise-durch-suedengland-und-london\/"]}]},{"@type":"BreadcrumbList","@id":"https:\/\/www.urlaubcornwall.de\/blog\/individuelle-rundreise-durch-suedengland-und-london\/#breadcrumb","itemListElement":[{"@type":"ListItem","position":1,"name":"Home","item":"https:\/\/www.urlaubcornwall.de\/blog\/"},{"@type":"ListItem","position":2,"name":"Individuelle Rundreise durch S\u00fcdengland und London"}]}]}},"_links":{"self":[{"href":"https:\/\/www.urlaubcornwall.de\/blog\/wp-json\/wp\/v2\/pages\/16283"}],"collection":[{"href":"https:\/\/www.urlaubcornwall.de\/blog\/wp-json\/wp\/v2\/pages"}],"about":[{"href":"https:\/\/www.urlaubcornwall.de\/blog\/wp-json\/wp\/v2\/types\/page"}],"author":[{"embeddable":true,"href":"https:\/\/www.urlaubcornwall.de\/blog\/wp-json\/wp\/v2\/users\/1"}],"replies":[{"embeddable":true,"href":"https:\/\/www.urlaubcornwall.de\/blog\/wp-json\/wp\/v2\/comments?post=16283"}],"version-history":[{"count":28,"href":"https:\/\/www.urlaubcornwall.de\/blog\/wp-json\/wp\/v2\/pages\/16283\/revisions"}],"predecessor-version":[{"id":49201,"href":"https:\/\/www.urlaubcornwall.de\/blog\/wp-json\/wp\/v2\/pages\/16283\/revisions\/49201"}],"wp:attachment":[{"href":"https:\/\/www.urlaubcornwall.de\/blog\/wp-json\/wp\/v2\/media?parent=16283"}],"curies":[{"name":"wp","href":"https:\/\/api.w.org\/{rel}","templated":true}]}}